{"id":5193,"date":"2022-02-03T19:20:45","date_gmt":"2022-02-03T19:20:45","guid":{"rendered":"https:\/\/www.danby.com\/fr\/product\/dr240wglpc\/"},"modified":"2026-04-10T10:07:17","modified_gmt":"2026-04-10T10:07:17","slug":"dr240wglpc","status":"publish","type":"product","link":"https:\/\/www.danby.com\/fr\/products\/cuisinieres\/dr240wglpc\/","title":{"rendered":"Danby 3 pi3 Cuisini\u00e8re"},"content":{"rendered":"","protected":false},"excerpt":{"rendered":"<ul>\n<li>Cuisini\u00e8re \u00e0 gaz \u00a0de 24 po, avec une capacit\u00e9 de four de 3,0 pi3<\/li>\n<li>Comprend 4\u00a0br\u00fbleurs ouverts de 9 100 BTU et un br\u00fbleur de four de 13 000 BTU et allumage \u00e9lectronique<\/li>\n<li>Trousse de conversion au propane liquide est incluse ; permet de faire fonctionner la cuisini\u00e8re avec du propane liquide, ce qui en fait un excellent choix pour cuisiner dans des lieux \u00e9loign\u00e9s<\/li>\n<li>Surface de cuisson relevable en porcelaine facile \u00e0 nettoyer<\/li>\n<li>Boutons de s\u00e9curit\u00e9 mont\u00e9s \u00e0 l\u2019avant de type enfoncer-et-tourner<\/li>\n<li>Plage de temp\u00e9ratures du four s\u2019\u00e9tale entre 200\u00b0F et 500\u00b0F<\/li>\n<li>2 grilles du four avec 4 emplacements r\u00e9glables et but\u00e9es de s\u00e9curit\u00e9 pour une cuisson optimale<\/li>\n<li>Le tiroir-gril est dot\u00e9 d\u2019une charni\u00e8re \u00e0 ressort qui ferme le tiroir-gril automatiquement<\/li>\n<li>4 pieds r\u00e9glables qui permettent une installation sur mesure adapt\u00e9e \u00e0 la hauteur de vos comptoirs de cuisine<\/li>\n<li>L\u00e8chefrite \u00e0 3 pi\u00e8ces est incluse<\/li>\n<li>Cuisini\u00e8re \u00e0 nettoyage manuel<\/li>\n<\/ul>\n","protected":false},"featured_media":7682,"comment_status":"closed","ping_status":"open","template":"","meta":{"_acf_changed":false},"product_brand":[],"product_cat":[36],"product_tag":[],"class_list":{"0":"post-5193","1":"product","2":"type-product","3":"status-publish","4":"has-post-thumbnail","6":"product_cat-cuisinieres","8":"first","9":"outofstock","10":"taxable","11":"shipping-taxable","12":"product-type-simple"},"acf":[],"yoast_head":"<!-- This site is optimized with the Yoast SEO plugin v26.7 - https:\/\/yoast.com\/wordpress\/plugins\/seo\/ -->\n<title>Danby 3 pi3 Cuisini\u00e8re - DR240WGLPC | Danby Canada<\/title>\n<meta name=\"description\" content=\"Les plus belles choses sont souvent dans de petits \u00e9crins, comme cette cuisini\u00e8re \u00e0 gaz de Danby compacte et peu encombrante. Ce mod\u00e8le de premier ordre, d\u2019une largeur de seulement 24 pouces, peut fonctionner en utilisant le gaz naturel ou le propane liquide, ce qui en fait un compl\u00e9ment parfait pour des cuisines plus petites et des lieux \u00e9loign\u00e9s. La cuisini\u00e8re est \u00e9quip\u00e9e de quatre br\u00fbleurs ouverts dot\u00e9s d\u2019une puissance de 9 100 BTU et d\u2019un br\u00fbleur de four de 13 000 BTU. Allumer et r\u00e9gler les \u00e9l\u00e9ments est une t\u00e2che simple gr\u00e2ce \u00e0 la caract\u00e9ristique d\u2019allumage \u00e9lectronique intelligente, aussi bien qu\u2019aux boutons de s\u00e9curit\u00e9 de type enfoncer-et-tourner. Le four d\u2019une capacit\u00e9 de 3 pieds cubes fournit beaucoup d\u2019espace pour vos plats pr\u00e9f\u00e9r\u00e9s, et il est \u00e9quip\u00e9 d\u2019un tiroir-gril et de deux grilles du four robustes. Le plan de travail comprend un rebord int\u00e9gr\u00e9 pour contenir tout d\u00e9versement. La surface est construite de porcelaine r\u00e9sistante aux rayures avec un grand dosseret qui facilite le nettoyage. Cette cuisini\u00e8re \u00e0 gaz superbe offre \u00e9galement une garantie de 12 mois sur les pi\u00e8ces et la main d\u2019\u0153uvre, avec service \u00e0 domicile pratique.\" \/>\n<meta name=\"robots\" content=\"index, follow, max-snippet:-1, max-image-preview:large, max-video-preview:-1\" \/>\n<link rel=\"canonical\" href=\"https:\/\/www.danby.com\/fr\/products\/cuisinieres\/dr240wglpc\/\" \/>\n<meta property=\"og:locale\" content=\"fr_CA\" \/>\n<meta property=\"og:type\" content=\"article\" \/>\n<meta property=\"og:title\" content=\"Danby 3 pi3 Cuisini\u00e8re - DR240WGLPC | Danby Canada\" \/>\n<meta property=\"og:description\" content=\"Les plus belles choses sont souvent dans de petits \u00e9crins, comme cette cuisini\u00e8re \u00e0 gaz de Danby compacte et peu encombrante. Ce mod\u00e8le de premier ordre, d\u2019une largeur de seulement 24 pouces, peut fonctionner en utilisant le gaz naturel ou le propane liquide, ce qui en fait un compl\u00e9ment parfait pour des cuisines plus petites et des lieux \u00e9loign\u00e9s. La cuisini\u00e8re est \u00e9quip\u00e9e de quatre br\u00fbleurs ouverts dot\u00e9s d\u2019une puissance de 9 100 BTU et d\u2019un br\u00fbleur de four de 13 000 BTU. Allumer et r\u00e9gler les \u00e9l\u00e9ments est une t\u00e2che simple gr\u00e2ce \u00e0 la caract\u00e9ristique d\u2019allumage \u00e9lectronique intelligente, aussi bien qu\u2019aux boutons de s\u00e9curit\u00e9 de type enfoncer-et-tourner. Le four d\u2019une capacit\u00e9 de 3 pieds cubes fournit beaucoup d\u2019espace pour vos plats pr\u00e9f\u00e9r\u00e9s, et il est \u00e9quip\u00e9 d\u2019un tiroir-gril et de deux grilles du four robustes. Le plan de travail comprend un rebord int\u00e9gr\u00e9 pour contenir tout d\u00e9versement. La surface est construite de porcelaine r\u00e9sistante aux rayures avec un grand dosseret qui facilite le nettoyage. Cette cuisini\u00e8re \u00e0 gaz superbe offre \u00e9galement une garantie de 12 mois sur les pi\u00e8ces et la main d\u2019\u0153uvre, avec service \u00e0 domicile pratique.\" \/>\n<meta property=\"og:url\" content=\"https:\/\/www.danby.com\/fr\/products\/cuisinieres\/dr240wglpc\/\" \/>\n<meta property=\"og:site_name\" content=\"Danby - Canada - French\" \/>\n<meta property=\"article:publisher\" content=\"https:\/\/www.facebook.com\/DanbyAppliances\" \/>\n<meta property=\"article:modified_time\" content=\"2026-04-10T10:07:17+00:00\" \/>\n<meta property=\"og:image\" content=\"https:\/\/cdnweb.danby.com\/wp-content\/uploads\/sites\/2\/2022\/02\/08194850\/DR240WGLP_Right.jpg\" \/>\n\t<meta property=\"og:image:width\" content=\"1010\" \/>\n\t<meta property=\"og:image:height\" content=\"1500\" \/>\n\t<meta property=\"og:image:type\" content=\"image\/jpeg\" \/>\n<meta name=\"twitter:card\" content=\"summary_large_image\" \/>\n<meta name=\"twitter:site\" content=\"@DanbyAppliance\" \/>\n<script type=\"application\/ld+json\" class=\"yoast-schema-graph\">{\"@context\":\"https:\/\/schema.org\",\"@graph\":[{\"@type\":[\"WebPage\",\"ItemPage\"],\"url\":\"https:\/\/www.danby.com\/fr\/products\/cuisinieres\/dr240wglpc\/\",\"name\":\"Danby 3 pi3 Cuisini\u00e8re - DR240WGLPC | Danby Canada\",\"isPartOf\":[],\"primaryImageOfPage\":[],\"image\":[],\"thumbnailUrl\":\"https:\/\/cdnweb.danby.com\/wp-content\/uploads\/sites\/2\/2022\/02\/08194850\/DR240WGLP_Right.jpg\",\"datePublished\":\"2022-02-03T19:20:45+00:00\",\"dateModified\":\"2026-04-10T10:07:17+00:00\",\"description\":\"Les plus belles choses sont souvent dans de petits \u00e9crins, comme cette cuisini\u00e8re \u00e0 gaz de Danby compacte et peu encombrante. Ce mod\u00e8le de premier ordre, d\u2019une largeur de seulement 24 pouces, peut fonctionner en utilisant le gaz naturel ou le propane liquide, ce qui en fait un compl\u00e9ment parfait pour des cuisines plus petites et des lieux \u00e9loign\u00e9s. La cuisini\u00e8re est \u00e9quip\u00e9e de quatre br\u00fbleurs ouverts dot\u00e9s d\u2019une puissance de 9 100 BTU et d\u2019un br\u00fbleur de four de 13 000 BTU. Allumer et r\u00e9gler les \u00e9l\u00e9ments est une t\u00e2che simple gr\u00e2ce \u00e0 la caract\u00e9ristique d\u2019allumage \u00e9lectronique intelligente, aussi bien qu\u2019aux boutons de s\u00e9curit\u00e9 de type enfoncer-et-tourner. Le four d\u2019une capacit\u00e9 de 3 pieds cubes fournit beaucoup d\u2019espace pour vos plats pr\u00e9f\u00e9r\u00e9s, et il est \u00e9quip\u00e9 d\u2019un tiroir-gril et de deux grilles du four robustes. Le plan de travail comprend un rebord int\u00e9gr\u00e9 pour contenir tout d\u00e9versement. La surface est construite de porcelaine r\u00e9sistante aux rayures avec un grand dosseret qui facilite le nettoyage. Cette cuisini\u00e8re \u00e0 gaz superbe offre \u00e9galement une garantie de 12 mois sur les pi\u00e8ces et la main d\u2019\u0153uvre, avec service \u00e0 domicile pratique.\",\"breadcrumb\":[],\"inLanguage\":\"fr-CA\",\"potentialAction\":[{\"@type\":\"ReadAction\",\"target\":[\"https:\/\/www.danby.com\/fr\/products\/cuisinieres\/dr240wglpc\/\"]}]},{\"@type\":\"ImageObject\",\"inLanguage\":\"fr-CA\",\"url\":\"https:\/\/cdnweb.danby.com\/wp-content\/uploads\/sites\/2\/2022\/02\/08194850\/DR240WGLP_Right.jpg\",\"contentUrl\":\"https:\/\/cdnweb.danby.com\/wp-content\/uploads\/sites\/2\/2022\/02\/08194850\/DR240WGLP_Right.jpg\",\"width\":1010,\"height\":1500},{\"@type\":\"BreadcrumbList\",\"itemListElement\":[{\"@type\":\"ListItem\",\"position\":1,\"name\":\"Home\",\"item\":\"https:\/\/www.danby.com\/fr\/\"},{\"@type\":\"ListItem\",\"position\":2,\"name\":\"Boutique\",\"item\":\"https:\/\/www.danby.com\/fr\/boutique\/\"},{\"@type\":\"ListItem\",\"position\":3,\"name\":\"Danby 3 pi3 Cuisini\u00e8re\"}]},{\"@type\":\"WebSite\",\"url\":\"https:\/\/www.danby.com\/fr\/\",\"name\":\"Danby - Canada - French\",\"description\":\"Leader dans le domaine de la r\u00e9frig\u00e9ration et des appareils sp\u00e9cialis\u00e9s\",\"publisher\":[],\"potentialAction\":[{\"@type\":\"SearchAction\",\"target\":{\"@type\":\"EntryPoint\",\"urlTemplate\":\"https:\/\/www.danby.com\/fr\/?s={search_term_string}\"},\"query-input\":{\"@type\":\"PropertyValueSpecification\",\"valueRequired\":true,\"valueName\":\"search_term_string\"}}],\"inLanguage\":\"fr-CA\"},{\"@type\":\"Organization\",\"name\":\"Danby Appliances\",\"url\":\"https:\/\/www.danby.com\/fr\/\",\"logo\":{\"@type\":\"ImageObject\",\"inLanguage\":\"fr-CA\",\"url\":\"https:\/\/cdnweb.danby.com\/wp-content\/uploads\/sites\/2\/2022\/02\/10141906\/Danby75Ans_Blue.png\",\"contentUrl\":\"https:\/\/cdnweb.danby.com\/wp-content\/uploads\/sites\/2\/2022\/02\/10141906\/Danby75Ans_Blue.png\",\"width\":470,\"height\":110,\"caption\":\"Danby Appliances\"},\"image\":[],\"sameAs\":[\"https:\/\/www.facebook.com\/DanbyAppliances\",\"https:\/\/x.com\/DanbyAppliance\",\"https:\/\/instagram.com\/danbyappliances\/\",\"https:\/\/www.linkedin.com\/company\/danbyappliances\",\"https:\/\/www.pinterest.ca\/danbyappliances\/\",\"https:\/\/www.youtube.com\/user\/DanbyProducts\",\"https:\/\/en.wikipedia.org\/wiki\/Danby_(appliances)\"]}]}<\/script>\n<!-- \/ Yoast SEO plugin. -->","yoast_head_json":{"title":"Danby 3 pi3 Cuisini\u00e8re - DR240WGLPC | Danby Canada","description":"Les plus belles choses sont souvent dans de petits \u00e9crins, comme cette cuisini\u00e8re \u00e0 gaz de Danby compacte et peu encombrante. Ce mod\u00e8le de premier ordre, d\u2019une largeur de seulement 24 pouces, peut fonctionner en utilisant le gaz naturel ou le propane liquide, ce qui en fait un compl\u00e9ment parfait pour des cuisines plus petites et des lieux \u00e9loign\u00e9s. La cuisini\u00e8re est \u00e9quip\u00e9e de quatre br\u00fbleurs ouverts dot\u00e9s d\u2019une puissance de 9 100 BTU et d\u2019un br\u00fbleur de four de 13 000 BTU. Allumer et r\u00e9gler les \u00e9l\u00e9ments est une t\u00e2che simple gr\u00e2ce \u00e0 la caract\u00e9ristique d\u2019allumage \u00e9lectronique intelligente, aussi bien qu\u2019aux boutons de s\u00e9curit\u00e9 de type enfoncer-et-tourner. Le four d\u2019une capacit\u00e9 de 3 pieds cubes fournit beaucoup d\u2019espace pour vos plats pr\u00e9f\u00e9r\u00e9s, et il est \u00e9quip\u00e9 d\u2019un tiroir-gril et de deux grilles du four robustes. Le plan de travail comprend un rebord int\u00e9gr\u00e9 pour contenir tout d\u00e9versement. La surface est construite de porcelaine r\u00e9sistante aux rayures avec un grand dosseret qui facilite le nettoyage. Cette cuisini\u00e8re \u00e0 gaz superbe offre \u00e9galement une garantie de 12 mois sur les pi\u00e8ces et la main d\u2019\u0153uvre, avec service \u00e0 domicile pratique.","robots":{"index":"index","follow":"follow","max-snippet":"max-snippet:-1","max-image-preview":"max-image-preview:large","max-video-preview":"max-video-preview:-1"},"canonical":"https:\/\/www.danby.com\/fr\/products\/cuisinieres\/dr240wglpc\/","og_locale":"fr_CA","og_type":"article","og_title":"Danby 3 pi3 Cuisini\u00e8re - DR240WGLPC | Danby Canada","og_description":"Les plus belles choses sont souvent dans de petits \u00e9crins, comme cette cuisini\u00e8re \u00e0 gaz de Danby compacte et peu encombrante. Ce mod\u00e8le de premier ordre, d\u2019une largeur de seulement 24 pouces, peut fonctionner en utilisant le gaz naturel ou le propane liquide, ce qui en fait un compl\u00e9ment parfait pour des cuisines plus petites et des lieux \u00e9loign\u00e9s. La cuisini\u00e8re est \u00e9quip\u00e9e de quatre br\u00fbleurs ouverts dot\u00e9s d\u2019une puissance de 9 100 BTU et d\u2019un br\u00fbleur de four de 13 000 BTU. Allumer et r\u00e9gler les \u00e9l\u00e9ments est une t\u00e2che simple gr\u00e2ce \u00e0 la caract\u00e9ristique d\u2019allumage \u00e9lectronique intelligente, aussi bien qu\u2019aux boutons de s\u00e9curit\u00e9 de type enfoncer-et-tourner. Le four d\u2019une capacit\u00e9 de 3 pieds cubes fournit beaucoup d\u2019espace pour vos plats pr\u00e9f\u00e9r\u00e9s, et il est \u00e9quip\u00e9 d\u2019un tiroir-gril et de deux grilles du four robustes. Le plan de travail comprend un rebord int\u00e9gr\u00e9 pour contenir tout d\u00e9versement. La surface est construite de porcelaine r\u00e9sistante aux rayures avec un grand dosseret qui facilite le nettoyage. Cette cuisini\u00e8re \u00e0 gaz superbe offre \u00e9galement une garantie de 12 mois sur les pi\u00e8ces et la main d\u2019\u0153uvre, avec service \u00e0 domicile pratique.","og_url":"https:\/\/www.danby.com\/fr\/products\/cuisinieres\/dr240wglpc\/","og_site_name":"Danby - Canada - French","article_publisher":"https:\/\/www.facebook.com\/DanbyAppliances","article_modified_time":"2026-04-10T10:07:17+00:00","og_image":[{"width":1010,"height":1500,"url":"https:\/\/cdnweb.danby.com\/wp-content\/uploads\/sites\/2\/2022\/02\/08194850\/DR240WGLP_Right.jpg","type":"image\/jpeg"}],"twitter_card":"summary_large_image","twitter_site":"@DanbyAppliance","schema":{"@context":"https:\/\/schema.org","@graph":[{"@type":["WebPage","ItemPage"],"url":"https:\/\/www.danby.com\/fr\/products\/cuisinieres\/dr240wglpc\/","name":"Danby 3 pi3 Cuisini\u00e8re - DR240WGLPC | Danby Canada","isPartOf":[],"primaryImageOfPage":[],"image":[],"thumbnailUrl":"https:\/\/cdnweb.danby.com\/wp-content\/uploads\/sites\/2\/2022\/02\/08194850\/DR240WGLP_Right.jpg","datePublished":"2022-02-03T19:20:45+00:00","dateModified":"2026-04-10T10:07:17+00:00","description":"Les plus belles choses sont souvent dans de petits \u00e9crins, comme cette cuisini\u00e8re \u00e0 gaz de Danby compacte et peu encombrante. Ce mod\u00e8le de premier ordre, d\u2019une largeur de seulement 24 pouces, peut fonctionner en utilisant le gaz naturel ou le propane liquide, ce qui en fait un compl\u00e9ment parfait pour des cuisines plus petites et des lieux \u00e9loign\u00e9s. La cuisini\u00e8re est \u00e9quip\u00e9e de quatre br\u00fbleurs ouverts dot\u00e9s d\u2019une puissance de 9 100 BTU et d\u2019un br\u00fbleur de four de 13 000 BTU. Allumer et r\u00e9gler les \u00e9l\u00e9ments est une t\u00e2che simple gr\u00e2ce \u00e0 la caract\u00e9ristique d\u2019allumage \u00e9lectronique intelligente, aussi bien qu\u2019aux boutons de s\u00e9curit\u00e9 de type enfoncer-et-tourner. Le four d\u2019une capacit\u00e9 de 3 pieds cubes fournit beaucoup d\u2019espace pour vos plats pr\u00e9f\u00e9r\u00e9s, et il est \u00e9quip\u00e9 d\u2019un tiroir-gril et de deux grilles du four robustes. Le plan de travail comprend un rebord int\u00e9gr\u00e9 pour contenir tout d\u00e9versement. La surface est construite de porcelaine r\u00e9sistante aux rayures avec un grand dosseret qui facilite le nettoyage. Cette cuisini\u00e8re \u00e0 gaz superbe offre \u00e9galement une garantie de 12 mois sur les pi\u00e8ces et la main d\u2019\u0153uvre, avec service \u00e0 domicile pratique.","breadcrumb":[],"inLanguage":"fr-CA","potentialAction":[{"@type":"ReadAction","target":["https:\/\/www.danby.com\/fr\/products\/cuisinieres\/dr240wglpc\/"]}]},{"@type":"ImageObject","inLanguage":"fr-CA","url":"https:\/\/cdnweb.danby.com\/wp-content\/uploads\/sites\/2\/2022\/02\/08194850\/DR240WGLP_Right.jpg","contentUrl":"https:\/\/cdnweb.danby.com\/wp-content\/uploads\/sites\/2\/2022\/02\/08194850\/DR240WGLP_Right.jpg","width":1010,"height":1500},{"@type":"BreadcrumbList","itemListElement":[{"@type":"ListItem","position":1,"name":"Home","item":"https:\/\/www.danby.com\/fr\/"},{"@type":"ListItem","position":2,"name":"Boutique","item":"https:\/\/www.danby.com\/fr\/boutique\/"},{"@type":"ListItem","position":3,"name":"Danby 3 pi3 Cuisini\u00e8re"}]},{"@type":"WebSite","url":"https:\/\/www.danby.com\/fr\/","name":"Danby - Canada - French","description":"Leader dans le domaine de la r\u00e9frig\u00e9ration et des appareils sp\u00e9cialis\u00e9s","publisher":[],"potentialAction":[{"@type":"SearchAction","target":{"@type":"EntryPoint","urlTemplate":"https:\/\/www.danby.com\/fr\/?s={search_term_string}"},"query-input":{"@type":"PropertyValueSpecification","valueRequired":true,"valueName":"search_term_string"}}],"inLanguage":"fr-CA"},{"@type":"Organization","name":"Danby Appliances","url":"https:\/\/www.danby.com\/fr\/","logo":{"@type":"ImageObject","inLanguage":"fr-CA","url":"https:\/\/cdnweb.danby.com\/wp-content\/uploads\/sites\/2\/2022\/02\/10141906\/Danby75Ans_Blue.png","contentUrl":"https:\/\/cdnweb.danby.com\/wp-content\/uploads\/sites\/2\/2022\/02\/10141906\/Danby75Ans_Blue.png","width":470,"height":110,"caption":"Danby Appliances"},"image":[],"sameAs":["https:\/\/www.facebook.com\/DanbyAppliances","https:\/\/x.com\/DanbyAppliance","https:\/\/instagram.com\/danbyappliances\/","https:\/\/www.linkedin.com\/company\/danbyappliances","https:\/\/www.pinterest.ca\/danbyappliances\/","https:\/\/www.youtube.com\/user\/DanbyProducts","https:\/\/en.wikipedia.org\/wiki\/Danby_(appliances)"]}]}},"post_mailing_queue_ids":[],"_links":{"self":[{"href":"https:\/\/www.danby.com\/fr\/wp-json\/wp\/v2\/product\/5193","targetHints":{"allow":["GET"]}}],"collection":[{"href":"https:\/\/www.danby.com\/fr\/wp-json\/wp\/v2\/product"}],"about":[{"href":"https:\/\/www.danby.com\/fr\/wp-json\/wp\/v2\/types\/product"}],"replies":[{"embeddable":true,"href":"https:\/\/www.danby.com\/fr\/wp-json\/wp\/v2\/comments?post=5193"}],"wp:featuredmedia":[{"embeddable":true,"href":"https:\/\/www.danby.com\/fr\/wp-json\/wp\/v2\/media\/7682"}],"wp:attachment":[{"href":"https:\/\/www.danby.com\/fr\/wp-json\/wp\/v2\/media?parent=5193"}],"wp:term":[{"taxonomy":"product_brand","embeddable":true,"href":"https:\/\/www.danby.com\/fr\/wp-json\/wp\/v2\/product_brand?post=5193"},{"taxonomy":"product_cat","embeddable":true,"href":"https:\/\/www.danby.com\/fr\/wp-json\/wp\/v2\/product_cat?post=5193"},{"taxonomy":"product_tag","embeddable":true,"href":"https:\/\/www.danby.com\/fr\/wp-json\/wp\/v2\/product_tag?post=5193"}],"curies":[{"name":"wp","href":"https:\/\/api.w.org\/{rel}","templated":true}]}}