{"id":5188,"date":"2022-02-03T19:20:45","date_gmt":"2022-02-03T19:20:45","guid":{"rendered":"https:\/\/www.danby.com\/fr\/product\/dpta120heb1wdb\/"},"modified":"2026-04-16T10:08:39","modified_gmt":"2026-04-16T10:08:39","slug":"dpta120heb1wdb","status":"publish","type":"product","link":"https:\/\/www.danby.com\/fr\/products\/conditionneurs-dair-pour-terminaux\/dpta120heb1wdb\/","title":{"rendered":"Danby 12,000 BTU Packaged Terminal Air Conditioner avec pompe \u00e0 chaleur"},"content":{"rendered":"","protected":false},"excerpt":{"rendered":"<ul>\n<li>Option de choix pour les chambres d\u2019h\u00f4tel et les bureaux avec une taille de pi\u00e8ce allant jusqu\u2019\u00e0 600 pieds carr\u00e9s.<\/li>\n<li>La pompe \u00e0 chaleur fournit une solution de ventilation toute l\u2019ann\u00e9e<\/li>\n<li>Puissant 3 refroidissement et 3 vitesses de ventilateur pour un d\u00e9bit d\u2019air variable<\/li>\n<li>Utilise le r\u00e9frig\u00e9rant R410-A \u00e9cologique<\/li>\n<li>La protection anticorrosion prot\u00e8ge les mat\u00e9riaux ext\u00e9rieurs de la corrosion<\/li>\n<li>Fonctionnement continu du ventilateur<\/li>\n<li>Red\u00e9marrage automatique : l\u2019unit\u00e9 red\u00e9marre automatiquement apr\u00e8s une panne de courant<\/li>\n<li>Un compresseur \u00e0 haut rendement assure la durabilit\u00e9 et l\u2019efficacit\u00e9<\/li>\n<li>La protection antigel prot\u00e8ge le serpentin de climatisation contre le gel<\/li>\n<li>Compatible avec un thermostat num\u00e9rique \u00e0 distance (\u00e0 acheter s\u00e9par\u00e9ment)<\/li>\n<li>5 ans de couverture pi\u00e8ces et main d&#8217;oeuvre. L&#8217;installation et\/ou l&#8217;entretien annuel (nettoyage) ne sont pas couverts par la garantie.<\/li>\n<li>Requis pour les nouvelles installations : Manchon PTAC DPSL120B1W &#8211; manchon vendu s\u00e9par\u00e9ment<\/li>\n<\/ul>\n","protected":false},"featured_media":21697,"comment_status":"closed","ping_status":"closed","template":"","meta":{"_acf_changed":false},"product_brand":[],"product_cat":[33],"product_tag":[],"class_list":{"0":"post-5188","1":"product","2":"type-product","3":"status-publish","4":"has-post-thumbnail","6":"product_cat-conditionneurs-dair-pour-terminaux","7":"pa_btu-76","9":"first","10":"outofstock","11":"sale","12":"taxable","13":"shipping-taxable","14":"purchasable","15":"product-type-simple"},"acf":[],"yoast_head":"<!-- This site is optimized with the Yoast SEO plugin v26.7 - https:\/\/yoast.com\/wordpress\/plugins\/seo\/ -->\n<title>Danby 12,000 BTU Packaged Terminal Air Conditioner avec pompe \u00e0 chaleur - DPTA120HEB1WDB | Danby Canada<\/title>\n<meta name=\"description\" content=\"Rafra\u00eechissez-vous avec ce climatiseur terminal monobloc de 12 000 BTU avec pompe \u00e0 chaleur de Danby. Ce mod\u00e8le est le choix id\u00e9al pour rafra\u00eechir et chauffer les chambres d\u2019h\u00f4tel et les bureaux d\u2019une superficie maximale de 600 pieds carr\u00e9s. La pompe \u00e0 chaleur offre une solution de ventilation tout au long de l\u2019ann\u00e9e, et les trois vitesses du ventilateur offrent diverses options de d\u00e9bit d\u2019air. L\u2019unit\u00e9 est \u00e9cologique et anticorrosion pour prot\u00e9ger les mat\u00e9riaux ext\u00e9rieurs de la corrosion. La fonction de red\u00e9marrage automatique invite l\u2019unit\u00e9 \u00e0 red\u00e9marrer apr\u00e8s une panne de courant, et le compresseur \u00e0 haut rendement offre durabilit\u00e9 et efficacit\u00e9. Le manchon PTAC Danby DPSL120B1W est con\u00e7u pour \u00eatre utilis\u00e9 avec les climatiseurs terminaux monoblocs Danby : Voir le produit.\" \/>\n<meta name=\"robots\" content=\"index, follow, max-snippet:-1, max-image-preview:large, max-video-preview:-1\" \/>\n<link rel=\"canonical\" href=\"https:\/\/www.danby.com\/fr\/products\/conditionneurs-dair-pour-terminaux\/dpta120heb1wdb\/\" \/>\n<meta property=\"og:locale\" content=\"fr_CA\" \/>\n<meta property=\"og:type\" content=\"article\" \/>\n<meta property=\"og:title\" content=\"Danby 12,000 BTU Packaged Terminal Air Conditioner avec pompe \u00e0 chaleur - DPTA120HEB1WDB | Danby Canada\" \/>\n<meta property=\"og:description\" content=\"Rafra\u00eechissez-vous avec ce climatiseur terminal monobloc de 12 000 BTU avec pompe \u00e0 chaleur de Danby. Ce mod\u00e8le est le choix id\u00e9al pour rafra\u00eechir et chauffer les chambres d\u2019h\u00f4tel et les bureaux d\u2019une superficie maximale de 600 pieds carr\u00e9s. La pompe \u00e0 chaleur offre une solution de ventilation tout au long de l\u2019ann\u00e9e, et les trois vitesses du ventilateur offrent diverses options de d\u00e9bit d\u2019air. L\u2019unit\u00e9 est \u00e9cologique et anticorrosion pour prot\u00e9ger les mat\u00e9riaux ext\u00e9rieurs de la corrosion. La fonction de red\u00e9marrage automatique invite l\u2019unit\u00e9 \u00e0 red\u00e9marrer apr\u00e8s une panne de courant, et le compresseur \u00e0 haut rendement offre durabilit\u00e9 et efficacit\u00e9. Le manchon PTAC Danby DPSL120B1W est con\u00e7u pour \u00eatre utilis\u00e9 avec les climatiseurs terminaux monoblocs Danby : Voir le produit.\" \/>\n<meta property=\"og:url\" content=\"https:\/\/www.danby.com\/fr\/products\/conditionneurs-dair-pour-terminaux\/dpta120heb1wdb\/\" \/>\n<meta property=\"og:site_name\" content=\"Danby - Canada - French\" \/>\n<meta property=\"article:publisher\" content=\"https:\/\/www.facebook.com\/DanbyAppliances\" \/>\n<meta property=\"article:modified_time\" content=\"2026-04-16T10:08:39+00:00\" \/>\n<meta property=\"og:image\" content=\"https:\/\/cdnweb.danby.com\/wp-content\/uploads\/sites\/2\/2023\/04\/27191306\/DPTA09012015_Front-scaled.jpg\" \/>\n\t<meta property=\"og:image:width\" content=\"2560\" \/>\n\t<meta property=\"og:image:height\" content=\"1101\" \/>\n\t<meta property=\"og:image:type\" content=\"image\/jpeg\" \/>\n<meta name=\"twitter:card\" content=\"summary_large_image\" \/>\n<meta name=\"twitter:site\" content=\"@DanbyAppliance\" \/>\n<script type=\"application\/ld+json\" class=\"yoast-schema-graph\">{\"@context\":\"https:\/\/schema.org\",\"@graph\":[{\"@type\":[\"WebPage\",\"ItemPage\"],\"url\":\"https:\/\/www.danby.com\/fr\/products\/conditionneurs-dair-pour-terminaux\/dpta120heb1wdb\/\",\"name\":\"Danby 12,000 BTU Packaged Terminal Air Conditioner avec pompe \u00e0 chaleur - DPTA120HEB1WDB | Danby Canada\",\"isPartOf\":[],\"primaryImageOfPage\":[],\"image\":[],\"thumbnailUrl\":\"https:\/\/cdnweb.danby.com\/wp-content\/uploads\/sites\/2\/2023\/04\/27191306\/DPTA09012015_Front-scaled.jpg\",\"datePublished\":\"2022-02-03T19:20:45+00:00\",\"dateModified\":\"2026-04-16T10:08:39+00:00\",\"description\":\"Rafra\u00eechissez-vous avec ce climatiseur terminal monobloc de 12 000 BTU avec pompe \u00e0 chaleur de Danby. Ce mod\u00e8le est le choix id\u00e9al pour rafra\u00eechir et chauffer les chambres d\u2019h\u00f4tel et les bureaux d\u2019une superficie maximale de 600 pieds carr\u00e9s. La pompe \u00e0 chaleur offre une solution de ventilation tout au long de l\u2019ann\u00e9e, et les trois vitesses du ventilateur offrent diverses options de d\u00e9bit d\u2019air. L\u2019unit\u00e9 est \u00e9cologique et anticorrosion pour prot\u00e9ger les mat\u00e9riaux ext\u00e9rieurs de la corrosion. La fonction de red\u00e9marrage automatique invite l\u2019unit\u00e9 \u00e0 red\u00e9marrer apr\u00e8s une panne de courant, et le compresseur \u00e0 haut rendement offre durabilit\u00e9 et efficacit\u00e9. Le manchon PTAC Danby DPSL120B1W est con\u00e7u pour \u00eatre utilis\u00e9 avec les climatiseurs terminaux monoblocs Danby : Voir le produit.\",\"breadcrumb\":[],\"inLanguage\":\"fr-CA\",\"potentialAction\":[{\"@type\":\"ReadAction\",\"target\":[\"https:\/\/www.danby.com\/fr\/products\/conditionneurs-dair-pour-terminaux\/dpta120heb1wdb\/\"]}]},{\"@type\":\"ImageObject\",\"inLanguage\":\"fr-CA\",\"url\":\"https:\/\/cdnweb.danby.com\/wp-content\/uploads\/sites\/2\/2023\/04\/27191306\/DPTA09012015_Front-scaled.jpg\",\"contentUrl\":\"https:\/\/cdnweb.danby.com\/wp-content\/uploads\/sites\/2\/2023\/04\/27191306\/DPTA09012015_Front-scaled.jpg\",\"width\":2560,\"height\":1101},{\"@type\":\"BreadcrumbList\",\"itemListElement\":[{\"@type\":\"ListItem\",\"position\":1,\"name\":\"Home\",\"item\":\"https:\/\/www.danby.com\/fr\/\"},{\"@type\":\"ListItem\",\"position\":2,\"name\":\"Boutique\",\"item\":\"https:\/\/www.danby.com\/fr\/boutique\/\"},{\"@type\":\"ListItem\",\"position\":3,\"name\":\"Danby 12,000 BTU Packaged Terminal Air Conditioner avec pompe \u00e0 chaleur\"}]},{\"@type\":\"WebSite\",\"url\":\"https:\/\/www.danby.com\/fr\/\",\"name\":\"Danby - Canada - French\",\"description\":\"Leader dans le domaine de la r\u00e9frig\u00e9ration et des appareils sp\u00e9cialis\u00e9s\",\"publisher\":[],\"potentialAction\":[{\"@type\":\"SearchAction\",\"target\":{\"@type\":\"EntryPoint\",\"urlTemplate\":\"https:\/\/www.danby.com\/fr\/?s={search_term_string}\"},\"query-input\":{\"@type\":\"PropertyValueSpecification\",\"valueRequired\":true,\"valueName\":\"search_term_string\"}}],\"inLanguage\":\"fr-CA\"},{\"@type\":\"Organization\",\"name\":\"Danby Appliances\",\"url\":\"https:\/\/www.danby.com\/fr\/\",\"logo\":{\"@type\":\"ImageObject\",\"inLanguage\":\"fr-CA\",\"url\":\"https:\/\/cdnweb.danby.com\/wp-content\/uploads\/sites\/2\/2022\/02\/10141906\/Danby75Ans_Blue.png\",\"contentUrl\":\"https:\/\/cdnweb.danby.com\/wp-content\/uploads\/sites\/2\/2022\/02\/10141906\/Danby75Ans_Blue.png\",\"width\":470,\"height\":110,\"caption\":\"Danby Appliances\"},\"image\":[],\"sameAs\":[\"https:\/\/www.facebook.com\/DanbyAppliances\",\"https:\/\/x.com\/DanbyAppliance\",\"https:\/\/instagram.com\/danbyappliances\/\",\"https:\/\/www.linkedin.com\/company\/danbyappliances\",\"https:\/\/www.pinterest.ca\/danbyappliances\/\",\"https:\/\/www.youtube.com\/user\/DanbyProducts\",\"https:\/\/en.wikipedia.org\/wiki\/Danby_(appliances)\"]}]}<\/script>\n<!-- \/ Yoast SEO plugin. -->","yoast_head_json":{"title":"Danby 12,000 BTU Packaged Terminal Air Conditioner avec pompe \u00e0 chaleur - DPTA120HEB1WDB | Danby Canada","description":"Rafra\u00eechissez-vous avec ce climatiseur terminal monobloc de 12 000 BTU avec pompe \u00e0 chaleur de Danby. Ce mod\u00e8le est le choix id\u00e9al pour rafra\u00eechir et chauffer les chambres d\u2019h\u00f4tel et les bureaux d\u2019une superficie maximale de 600 pieds carr\u00e9s. La pompe \u00e0 chaleur offre une solution de ventilation tout au long de l\u2019ann\u00e9e, et les trois vitesses du ventilateur offrent diverses options de d\u00e9bit d\u2019air. L\u2019unit\u00e9 est \u00e9cologique et anticorrosion pour prot\u00e9ger les mat\u00e9riaux ext\u00e9rieurs de la corrosion. La fonction de red\u00e9marrage automatique invite l\u2019unit\u00e9 \u00e0 red\u00e9marrer apr\u00e8s une panne de courant, et le compresseur \u00e0 haut rendement offre durabilit\u00e9 et efficacit\u00e9. Le manchon PTAC Danby DPSL120B1W est con\u00e7u pour \u00eatre utilis\u00e9 avec les climatiseurs terminaux monoblocs Danby : Voir le produit.","robots":{"index":"index","follow":"follow","max-snippet":"max-snippet:-1","max-image-preview":"max-image-preview:large","max-video-preview":"max-video-preview:-1"},"canonical":"https:\/\/www.danby.com\/fr\/products\/conditionneurs-dair-pour-terminaux\/dpta120heb1wdb\/","og_locale":"fr_CA","og_type":"article","og_title":"Danby 12,000 BTU Packaged Terminal Air Conditioner avec pompe \u00e0 chaleur - DPTA120HEB1WDB | Danby Canada","og_description":"Rafra\u00eechissez-vous avec ce climatiseur terminal monobloc de 12 000 BTU avec pompe \u00e0 chaleur de Danby. Ce mod\u00e8le est le choix id\u00e9al pour rafra\u00eechir et chauffer les chambres d\u2019h\u00f4tel et les bureaux d\u2019une superficie maximale de 600 pieds carr\u00e9s. La pompe \u00e0 chaleur offre une solution de ventilation tout au long de l\u2019ann\u00e9e, et les trois vitesses du ventilateur offrent diverses options de d\u00e9bit d\u2019air. L\u2019unit\u00e9 est \u00e9cologique et anticorrosion pour prot\u00e9ger les mat\u00e9riaux ext\u00e9rieurs de la corrosion. La fonction de red\u00e9marrage automatique invite l\u2019unit\u00e9 \u00e0 red\u00e9marrer apr\u00e8s une panne de courant, et le compresseur \u00e0 haut rendement offre durabilit\u00e9 et efficacit\u00e9. Le manchon PTAC Danby DPSL120B1W est con\u00e7u pour \u00eatre utilis\u00e9 avec les climatiseurs terminaux monoblocs Danby : Voir le produit.","og_url":"https:\/\/www.danby.com\/fr\/products\/conditionneurs-dair-pour-terminaux\/dpta120heb1wdb\/","og_site_name":"Danby - Canada - French","article_publisher":"https:\/\/www.facebook.com\/DanbyAppliances","article_modified_time":"2026-04-16T10:08:39+00:00","og_image":[{"width":2560,"height":1101,"url":"https:\/\/cdnweb.danby.com\/wp-content\/uploads\/sites\/2\/2023\/04\/27191306\/DPTA09012015_Front-scaled.jpg","type":"image\/jpeg"}],"twitter_card":"summary_large_image","twitter_site":"@DanbyAppliance","schema":{"@context":"https:\/\/schema.org","@graph":[{"@type":["WebPage","ItemPage"],"url":"https:\/\/www.danby.com\/fr\/products\/conditionneurs-dair-pour-terminaux\/dpta120heb1wdb\/","name":"Danby 12,000 BTU Packaged Terminal Air Conditioner avec pompe \u00e0 chaleur - DPTA120HEB1WDB | Danby Canada","isPartOf":[],"primaryImageOfPage":[],"image":[],"thumbnailUrl":"https:\/\/cdnweb.danby.com\/wp-content\/uploads\/sites\/2\/2023\/04\/27191306\/DPTA09012015_Front-scaled.jpg","datePublished":"2022-02-03T19:20:45+00:00","dateModified":"2026-04-16T10:08:39+00:00","description":"Rafra\u00eechissez-vous avec ce climatiseur terminal monobloc de 12 000 BTU avec pompe \u00e0 chaleur de Danby. Ce mod\u00e8le est le choix id\u00e9al pour rafra\u00eechir et chauffer les chambres d\u2019h\u00f4tel et les bureaux d\u2019une superficie maximale de 600 pieds carr\u00e9s. La pompe \u00e0 chaleur offre une solution de ventilation tout au long de l\u2019ann\u00e9e, et les trois vitesses du ventilateur offrent diverses options de d\u00e9bit d\u2019air. L\u2019unit\u00e9 est \u00e9cologique et anticorrosion pour prot\u00e9ger les mat\u00e9riaux ext\u00e9rieurs de la corrosion. La fonction de red\u00e9marrage automatique invite l\u2019unit\u00e9 \u00e0 red\u00e9marrer apr\u00e8s une panne de courant, et le compresseur \u00e0 haut rendement offre durabilit\u00e9 et efficacit\u00e9. Le manchon PTAC Danby DPSL120B1W est con\u00e7u pour \u00eatre utilis\u00e9 avec les climatiseurs terminaux monoblocs Danby : Voir le produit.","breadcrumb":[],"inLanguage":"fr-CA","potentialAction":[{"@type":"ReadAction","target":["https:\/\/www.danby.com\/fr\/products\/conditionneurs-dair-pour-terminaux\/dpta120heb1wdb\/"]}]},{"@type":"ImageObject","inLanguage":"fr-CA","url":"https:\/\/cdnweb.danby.com\/wp-content\/uploads\/sites\/2\/2023\/04\/27191306\/DPTA09012015_Front-scaled.jpg","contentUrl":"https:\/\/cdnweb.danby.com\/wp-content\/uploads\/sites\/2\/2023\/04\/27191306\/DPTA09012015_Front-scaled.jpg","width":2560,"height":1101},{"@type":"BreadcrumbList","itemListElement":[{"@type":"ListItem","position":1,"name":"Home","item":"https:\/\/www.danby.com\/fr\/"},{"@type":"ListItem","position":2,"name":"Boutique","item":"https:\/\/www.danby.com\/fr\/boutique\/"},{"@type":"ListItem","position":3,"name":"Danby 12,000 BTU Packaged Terminal Air Conditioner avec pompe \u00e0 chaleur"}]},{"@type":"WebSite","url":"https:\/\/www.danby.com\/fr\/","name":"Danby - Canada - French","description":"Leader dans le domaine de la r\u00e9frig\u00e9ration et des appareils sp\u00e9cialis\u00e9s","publisher":[],"potentialAction":[{"@type":"SearchAction","target":{"@type":"EntryPoint","urlTemplate":"https:\/\/www.danby.com\/fr\/?s={search_term_string}"},"query-input":{"@type":"PropertyValueSpecification","valueRequired":true,"valueName":"search_term_string"}}],"inLanguage":"fr-CA"},{"@type":"Organization","name":"Danby Appliances","url":"https:\/\/www.danby.com\/fr\/","logo":{"@type":"ImageObject","inLanguage":"fr-CA","url":"https:\/\/cdnweb.danby.com\/wp-content\/uploads\/sites\/2\/2022\/02\/10141906\/Danby75Ans_Blue.png","contentUrl":"https:\/\/cdnweb.danby.com\/wp-content\/uploads\/sites\/2\/2022\/02\/10141906\/Danby75Ans_Blue.png","width":470,"height":110,"caption":"Danby Appliances"},"image":[],"sameAs":["https:\/\/www.facebook.com\/DanbyAppliances","https:\/\/x.com\/DanbyAppliance","https:\/\/instagram.com\/danbyappliances\/","https:\/\/www.linkedin.com\/company\/danbyappliances","https:\/\/www.pinterest.ca\/danbyappliances\/","https:\/\/www.youtube.com\/user\/DanbyProducts","https:\/\/en.wikipedia.org\/wiki\/Danby_(appliances)"]}]}},"post_mailing_queue_ids":[],"_links":{"self":[{"href":"https:\/\/www.danby.com\/fr\/wp-json\/wp\/v2\/product\/5188","targetHints":{"allow":["GET"]}}],"collection":[{"href":"https:\/\/www.danby.com\/fr\/wp-json\/wp\/v2\/product"}],"about":[{"href":"https:\/\/www.danby.com\/fr\/wp-json\/wp\/v2\/types\/product"}],"replies":[{"embeddable":true,"href":"https:\/\/www.danby.com\/fr\/wp-json\/wp\/v2\/comments?post=5188"}],"wp:featuredmedia":[{"embeddable":true,"href":"https:\/\/www.danby.com\/fr\/wp-json\/wp\/v2\/media\/21697"}],"wp:attachment":[{"href":"https:\/\/www.danby.com\/fr\/wp-json\/wp\/v2\/media?parent=5188"}],"wp:term":[{"taxonomy":"product_brand","embeddable":true,"href":"https:\/\/www.danby.com\/fr\/wp-json\/wp\/v2\/product_brand?post=5188"},{"taxonomy":"product_cat","embeddable":true,"href":"https:\/\/www.danby.com\/fr\/wp-json\/wp\/v2\/product_cat?post=5188"},{"taxonomy":"product_tag","embeddable":true,"href":"https:\/\/www.danby.com\/fr\/wp-json\/wp\/v2\/product_tag?post=5188"}],"curies":[{"name":"wp","href":"https:\/\/api.w.org\/{rel}","templated":true}]}}