{"id":5185,"date":"2022-02-03T19:20:45","date_gmt":"2022-02-03T19:20:45","guid":{"rendered":"https:\/\/www.danby.com\/fr\/product\/dpg37gn\/"},"modified":"2024-08-07T13:10:31","modified_gmt":"2024-08-07T13:10:31","slug":"dpg37gn","status":"publish","type":"product","link":"https:\/\/www.danby.com\/fr\/products\/colis-postal-fr\/dpg37gn\/","title":{"rendered":"Danby Bo\u00eete aux lettres Parcel Guard de 3,7 pi3 en gris"},"content":{"rendered":"","protected":false},"excerpt":{"rendered":"<ul>\n<li>Bo\u00eete aux lettres \u00e0 verrouillage s\u00e9curis\u00e9 : Cette bo\u00eete aux lettres \u00e0 deux compartiments permet de placer les colis dans la fente de d\u00e9p\u00f4t et de les r\u00e9cup\u00e9rer facilement en d\u00e9verrouillant manuellement la porte inf\u00e9rieure.<\/li>\n<li>Bo\u00eete aux lettres antivol : La bo\u00eete aux lettres Danby Parcel Guard est con\u00e7ue pour emp\u00eacher le vol de colis gr\u00e2ce \u00e0 sa fente antivol. La fente emp\u00eache les mains d&#8217;entrer dans l&#8217;unit\u00e9.<\/li>\n<li>Convient aux colis de taille standard : cette bo\u00eete aux lettres convient \u00e0 la plupart des colis de taille standard (15x10x8).<\/li>\n<li>R\u00e9sistant aux intemp\u00e9ries : le plastique gris de qualit\u00e9 industrielle est sp\u00e9cialement con\u00e7u pour r\u00e9sister aux \u00e9l\u00e9ments.<\/li>\n<li>Fixation au sol : La bo\u00eete aux lettres de base Danby Parcel Guard peut \u00eatre boulonn\u00e9e au sol, ou un poids suppl\u00e9mentaire peut \u00eatre plac\u00e9 dans le fond pour aider \u00e0 fixer l&#8217;unit\u00e9. Le mat\u00e9riel de montage est inclus.<\/li>\n<li>Bo\u00eete aux lettres antivol : La bo\u00eete aux lettres de base Danby Parcel Guard est con\u00e7ue pour aider \u00e0 emp\u00eacher le vol de colis gr\u00e2ce \u00e0 notre fente antivol pour colis. La fente emp\u00eache les mains de p\u00e9n\u00e9trer dans l&#8217;unit\u00e9.<\/li>\n<li>Taille du colis de chute : Gauche\/droite 16&#8243; Haut\/bas 9&#8243; Avant\/arri\u00e8re 11&#8243;<\/li>\n<li>Rangement inf\u00e9rieur : Gauche\/droite 17,5&#8243; Haut\/fond 16&#8243; Avant\/arri\u00e8re 14&#8243;<\/li>\n<\/ul>\n","protected":false},"featured_media":23116,"comment_status":"closed","ping_status":"closed","template":"","meta":{"_acf_changed":false},"product_brand":[],"product_cat":[34],"product_tag":[],"class_list":{"0":"post-5185","1":"product","2":"type-product","3":"status-publish","4":"has-post-thumbnail","6":"product_cat-colis-postal-fr","7":"pa_capacite-pi3-3-3-9","8":"pa_couleur-gris","9":"pa_duree-de-la-garantie-en-mois-24-months","11":"first","12":"instock","13":"taxable","14":"shipping-taxable","15":"product-type-simple"},"acf":[],"yoast_head":"<!-- This site is optimized with the Yoast SEO plugin v26.7 - https:\/\/yoast.com\/wordpress\/plugins\/seo\/ -->\n<title>Danby Bo\u00eete aux lettres Parcel Guard de 3,7 pi3 en gris - DPG37GN | Danby Canada<\/title>\n<meta name=\"description\" content=\"Prot\u00e9gez vos achats avec une bo\u00eete aux lettres Danby Parcel Guard Basic, la bo\u00eete aux lettres antivol et verrouillable pour votre maison. Ne vous inqui\u00e9tez plus des pirates de porche et des bo\u00eetes endommag\u00e9es par les intemp\u00e9ries. Danby Parcel Guard Basic assure la s\u00e9curit\u00e9 de toutes vos livraisons en ligne jusqu&#039;\u00e0 votre retour \u00e0 la maison. Votre livreur place vos colis dans la fente de d\u00e9p\u00f4t antivol du Danby Parcel Guard basic. Pour r\u00e9cup\u00e9rer vos livraisons, il suffit de d\u00e9verrouiller le compartiment inf\u00e9rieur \u00e0 cl\u00e9. Le plastique gris de qualit\u00e9 industrielle a \u00e9t\u00e9 sp\u00e9cialement con\u00e7u pour r\u00e9sister aux \u00e9l\u00e9ments, de sorte que votre unit\u00e9 ne rouille pas et ne se d\u00e9colore pas. Pour plus de s\u00e9curit\u00e9, votre bo\u00eete aux lettres peut \u00eatre boulonn\u00e9e au sol ou un poids suppl\u00e9mentaire peut \u00eatre ajout\u00e9 \u00e0 la base de l&#039;unit\u00e9. Cette bo\u00eete aux lettres convient \u00e0 la plupart des colis de taille standard, ce qui fait de cette unit\u00e9 l&#039;h\u00f4te parfait pour toutes vos livraisons d&#039;achats en ligne.\" \/>\n<meta name=\"robots\" content=\"index, follow, max-snippet:-1, max-image-preview:large, max-video-preview:-1\" \/>\n<link rel=\"canonical\" href=\"https:\/\/www.danby.com\/fr\/products\/colis-postal-fr\/dpg37gn\/\" \/>\n<meta property=\"og:locale\" content=\"fr_CA\" \/>\n<meta property=\"og:type\" content=\"article\" \/>\n<meta property=\"og:title\" content=\"Danby Bo\u00eete aux lettres Parcel Guard de 3,7 pi3 en gris - DPG37GN | Danby Canada\" \/>\n<meta property=\"og:description\" content=\"Prot\u00e9gez vos achats avec une bo\u00eete aux lettres Danby Parcel Guard Basic, la bo\u00eete aux lettres antivol et verrouillable pour votre maison. Ne vous inqui\u00e9tez plus des pirates de porche et des bo\u00eetes endommag\u00e9es par les intemp\u00e9ries. Danby Parcel Guard Basic assure la s\u00e9curit\u00e9 de toutes vos livraisons en ligne jusqu&#039;\u00e0 votre retour \u00e0 la maison. Votre livreur place vos colis dans la fente de d\u00e9p\u00f4t antivol du Danby Parcel Guard basic. Pour r\u00e9cup\u00e9rer vos livraisons, il suffit de d\u00e9verrouiller le compartiment inf\u00e9rieur \u00e0 cl\u00e9. Le plastique gris de qualit\u00e9 industrielle a \u00e9t\u00e9 sp\u00e9cialement con\u00e7u pour r\u00e9sister aux \u00e9l\u00e9ments, de sorte que votre unit\u00e9 ne rouille pas et ne se d\u00e9colore pas. Pour plus de s\u00e9curit\u00e9, votre bo\u00eete aux lettres peut \u00eatre boulonn\u00e9e au sol ou un poids suppl\u00e9mentaire peut \u00eatre ajout\u00e9 \u00e0 la base de l&#039;unit\u00e9. Cette bo\u00eete aux lettres convient \u00e0 la plupart des colis de taille standard, ce qui fait de cette unit\u00e9 l&#039;h\u00f4te parfait pour toutes vos livraisons d&#039;achats en ligne.\" \/>\n<meta property=\"og:url\" content=\"https:\/\/www.danby.com\/fr\/products\/colis-postal-fr\/dpg37gn\/\" \/>\n<meta property=\"og:site_name\" content=\"Danby - Canada - French\" \/>\n<meta property=\"article:publisher\" content=\"https:\/\/www.facebook.com\/DanbyAppliances\" \/>\n<meta property=\"article:modified_time\" content=\"2024-08-07T13:10:31+00:00\" \/>\n<meta property=\"og:image\" content=\"https:\/\/cdnweb.danby.com\/wp-content\/uploads\/sites\/2\/2023\/05\/30175250\/PGGrey_Front_Web.jpg\" \/>\n\t<meta property=\"og:image:width\" content=\"1500\" \/>\n\t<meta property=\"og:image:height\" content=\"2000\" \/>\n\t<meta property=\"og:image:type\" content=\"image\/jpeg\" \/>\n<meta name=\"twitter:card\" content=\"summary_large_image\" \/>\n<meta name=\"twitter:site\" content=\"@DanbyAppliance\" \/>\n<script type=\"application\/ld+json\" class=\"yoast-schema-graph\">{\"@context\":\"https:\/\/schema.org\",\"@graph\":[{\"@type\":[\"WebPage\",\"ItemPage\"],\"url\":\"https:\/\/www.danby.com\/fr\/products\/colis-postal-fr\/dpg37gn\/\",\"name\":\"Danby Bo\u00eete aux lettres Parcel Guard de 3,7 pi3 en gris - DPG37GN | Danby Canada\",\"isPartOf\":[],\"primaryImageOfPage\":[],\"image\":[],\"thumbnailUrl\":\"https:\/\/cdnweb.danby.com\/wp-content\/uploads\/sites\/2\/2023\/05\/30175250\/PGGrey_Front_Web.jpg\",\"datePublished\":\"2022-02-03T19:20:45+00:00\",\"dateModified\":\"2024-08-07T13:10:31+00:00\",\"description\":\"Prot\u00e9gez vos achats avec une bo\u00eete aux lettres Danby Parcel Guard Basic, la bo\u00eete aux lettres antivol et verrouillable pour votre maison. Ne vous inqui\u00e9tez plus des pirates de porche et des bo\u00eetes endommag\u00e9es par les intemp\u00e9ries. Danby Parcel Guard Basic assure la s\u00e9curit\u00e9 de toutes vos livraisons en ligne jusqu'\u00e0 votre retour \u00e0 la maison. Votre livreur place vos colis dans la fente de d\u00e9p\u00f4t antivol du Danby Parcel Guard basic. Pour r\u00e9cup\u00e9rer vos livraisons, il suffit de d\u00e9verrouiller le compartiment inf\u00e9rieur \u00e0 cl\u00e9. Le plastique gris de qualit\u00e9 industrielle a \u00e9t\u00e9 sp\u00e9cialement con\u00e7u pour r\u00e9sister aux \u00e9l\u00e9ments, de sorte que votre unit\u00e9 ne rouille pas et ne se d\u00e9colore pas. Pour plus de s\u00e9curit\u00e9, votre bo\u00eete aux lettres peut \u00eatre boulonn\u00e9e au sol ou un poids suppl\u00e9mentaire peut \u00eatre ajout\u00e9 \u00e0 la base de l'unit\u00e9. Cette bo\u00eete aux lettres convient \u00e0 la plupart des colis de taille standard, ce qui fait de cette unit\u00e9 l'h\u00f4te parfait pour toutes vos livraisons d'achats en ligne.\",\"breadcrumb\":[],\"inLanguage\":\"fr-CA\",\"potentialAction\":[{\"@type\":\"ReadAction\",\"target\":[\"https:\/\/www.danby.com\/fr\/products\/colis-postal-fr\/dpg37gn\/\"]}]},{\"@type\":\"ImageObject\",\"inLanguage\":\"fr-CA\",\"url\":\"https:\/\/cdnweb.danby.com\/wp-content\/uploads\/sites\/2\/2023\/05\/30175250\/PGGrey_Front_Web.jpg\",\"contentUrl\":\"https:\/\/cdnweb.danby.com\/wp-content\/uploads\/sites\/2\/2023\/05\/30175250\/PGGrey_Front_Web.jpg\",\"width\":1500,\"height\":2000},{\"@type\":\"BreadcrumbList\",\"itemListElement\":[{\"@type\":\"ListItem\",\"position\":1,\"name\":\"Home\",\"item\":\"https:\/\/www.danby.com\/fr\/\"},{\"@type\":\"ListItem\",\"position\":2,\"name\":\"Boutique\",\"item\":\"https:\/\/www.danby.com\/fr\/boutique\/\"},{\"@type\":\"ListItem\",\"position\":3,\"name\":\"Danby Bo\u00eete aux lettres Parcel Guard de 3,7 pi3 en gris\"}]},{\"@type\":\"WebSite\",\"url\":\"https:\/\/www.danby.com\/fr\/\",\"name\":\"Danby - Canada - French\",\"description\":\"Leader dans le domaine de la r\u00e9frig\u00e9ration et des appareils sp\u00e9cialis\u00e9s\",\"publisher\":[],\"potentialAction\":[{\"@type\":\"SearchAction\",\"target\":{\"@type\":\"EntryPoint\",\"urlTemplate\":\"https:\/\/www.danby.com\/fr\/?s={search_term_string}\"},\"query-input\":{\"@type\":\"PropertyValueSpecification\",\"valueRequired\":true,\"valueName\":\"search_term_string\"}}],\"inLanguage\":\"fr-CA\"},{\"@type\":\"Organization\",\"name\":\"Danby Appliances\",\"url\":\"https:\/\/www.danby.com\/fr\/\",\"logo\":{\"@type\":\"ImageObject\",\"inLanguage\":\"fr-CA\",\"url\":\"https:\/\/cdnweb.danby.com\/wp-content\/uploads\/sites\/2\/2022\/02\/10141906\/Danby75Ans_Blue.png\",\"contentUrl\":\"https:\/\/cdnweb.danby.com\/wp-content\/uploads\/sites\/2\/2022\/02\/10141906\/Danby75Ans_Blue.png\",\"width\":470,\"height\":110,\"caption\":\"Danby Appliances\"},\"image\":[],\"sameAs\":[\"https:\/\/www.facebook.com\/DanbyAppliances\",\"https:\/\/x.com\/DanbyAppliance\",\"https:\/\/instagram.com\/danbyappliances\/\",\"https:\/\/www.linkedin.com\/company\/danbyappliances\",\"https:\/\/www.pinterest.ca\/danbyappliances\/\",\"https:\/\/www.youtube.com\/user\/DanbyProducts\",\"https:\/\/en.wikipedia.org\/wiki\/Danby_(appliances)\"]}]}<\/script>\n<!-- \/ Yoast SEO plugin. -->","yoast_head_json":{"title":"Danby Bo\u00eete aux lettres Parcel Guard de 3,7 pi3 en gris - DPG37GN | Danby Canada","description":"Prot\u00e9gez vos achats avec une bo\u00eete aux lettres Danby Parcel Guard Basic, la bo\u00eete aux lettres antivol et verrouillable pour votre maison. Ne vous inqui\u00e9tez plus des pirates de porche et des bo\u00eetes endommag\u00e9es par les intemp\u00e9ries. Danby Parcel Guard Basic assure la s\u00e9curit\u00e9 de toutes vos livraisons en ligne jusqu'\u00e0 votre retour \u00e0 la maison. Votre livreur place vos colis dans la fente de d\u00e9p\u00f4t antivol du Danby Parcel Guard basic. Pour r\u00e9cup\u00e9rer vos livraisons, il suffit de d\u00e9verrouiller le compartiment inf\u00e9rieur \u00e0 cl\u00e9. Le plastique gris de qualit\u00e9 industrielle a \u00e9t\u00e9 sp\u00e9cialement con\u00e7u pour r\u00e9sister aux \u00e9l\u00e9ments, de sorte que votre unit\u00e9 ne rouille pas et ne se d\u00e9colore pas. Pour plus de s\u00e9curit\u00e9, votre bo\u00eete aux lettres peut \u00eatre boulonn\u00e9e au sol ou un poids suppl\u00e9mentaire peut \u00eatre ajout\u00e9 \u00e0 la base de l'unit\u00e9. Cette bo\u00eete aux lettres convient \u00e0 la plupart des colis de taille standard, ce qui fait de cette unit\u00e9 l'h\u00f4te parfait pour toutes vos livraisons d'achats en ligne.","robots":{"index":"index","follow":"follow","max-snippet":"max-snippet:-1","max-image-preview":"max-image-preview:large","max-video-preview":"max-video-preview:-1"},"canonical":"https:\/\/www.danby.com\/fr\/products\/colis-postal-fr\/dpg37gn\/","og_locale":"fr_CA","og_type":"article","og_title":"Danby Bo\u00eete aux lettres Parcel Guard de 3,7 pi3 en gris - DPG37GN | Danby Canada","og_description":"Prot\u00e9gez vos achats avec une bo\u00eete aux lettres Danby Parcel Guard Basic, la bo\u00eete aux lettres antivol et verrouillable pour votre maison. Ne vous inqui\u00e9tez plus des pirates de porche et des bo\u00eetes endommag\u00e9es par les intemp\u00e9ries. Danby Parcel Guard Basic assure la s\u00e9curit\u00e9 de toutes vos livraisons en ligne jusqu'\u00e0 votre retour \u00e0 la maison. Votre livreur place vos colis dans la fente de d\u00e9p\u00f4t antivol du Danby Parcel Guard basic. Pour r\u00e9cup\u00e9rer vos livraisons, il suffit de d\u00e9verrouiller le compartiment inf\u00e9rieur \u00e0 cl\u00e9. Le plastique gris de qualit\u00e9 industrielle a \u00e9t\u00e9 sp\u00e9cialement con\u00e7u pour r\u00e9sister aux \u00e9l\u00e9ments, de sorte que votre unit\u00e9 ne rouille pas et ne se d\u00e9colore pas. Pour plus de s\u00e9curit\u00e9, votre bo\u00eete aux lettres peut \u00eatre boulonn\u00e9e au sol ou un poids suppl\u00e9mentaire peut \u00eatre ajout\u00e9 \u00e0 la base de l'unit\u00e9. Cette bo\u00eete aux lettres convient \u00e0 la plupart des colis de taille standard, ce qui fait de cette unit\u00e9 l'h\u00f4te parfait pour toutes vos livraisons d'achats en ligne.","og_url":"https:\/\/www.danby.com\/fr\/products\/colis-postal-fr\/dpg37gn\/","og_site_name":"Danby - Canada - French","article_publisher":"https:\/\/www.facebook.com\/DanbyAppliances","article_modified_time":"2024-08-07T13:10:31+00:00","og_image":[{"width":1500,"height":2000,"url":"https:\/\/cdnweb.danby.com\/wp-content\/uploads\/sites\/2\/2023\/05\/30175250\/PGGrey_Front_Web.jpg","type":"image\/jpeg"}],"twitter_card":"summary_large_image","twitter_site":"@DanbyAppliance","schema":{"@context":"https:\/\/schema.org","@graph":[{"@type":["WebPage","ItemPage"],"url":"https:\/\/www.danby.com\/fr\/products\/colis-postal-fr\/dpg37gn\/","name":"Danby Bo\u00eete aux lettres Parcel Guard de 3,7 pi3 en gris - DPG37GN | Danby Canada","isPartOf":[],"primaryImageOfPage":[],"image":[],"thumbnailUrl":"https:\/\/cdnweb.danby.com\/wp-content\/uploads\/sites\/2\/2023\/05\/30175250\/PGGrey_Front_Web.jpg","datePublished":"2022-02-03T19:20:45+00:00","dateModified":"2024-08-07T13:10:31+00:00","description":"Prot\u00e9gez vos achats avec une bo\u00eete aux lettres Danby Parcel Guard Basic, la bo\u00eete aux lettres antivol et verrouillable pour votre maison. Ne vous inqui\u00e9tez plus des pirates de porche et des bo\u00eetes endommag\u00e9es par les intemp\u00e9ries. Danby Parcel Guard Basic assure la s\u00e9curit\u00e9 de toutes vos livraisons en ligne jusqu'\u00e0 votre retour \u00e0 la maison. Votre livreur place vos colis dans la fente de d\u00e9p\u00f4t antivol du Danby Parcel Guard basic. Pour r\u00e9cup\u00e9rer vos livraisons, il suffit de d\u00e9verrouiller le compartiment inf\u00e9rieur \u00e0 cl\u00e9. Le plastique gris de qualit\u00e9 industrielle a \u00e9t\u00e9 sp\u00e9cialement con\u00e7u pour r\u00e9sister aux \u00e9l\u00e9ments, de sorte que votre unit\u00e9 ne rouille pas et ne se d\u00e9colore pas. Pour plus de s\u00e9curit\u00e9, votre bo\u00eete aux lettres peut \u00eatre boulonn\u00e9e au sol ou un poids suppl\u00e9mentaire peut \u00eatre ajout\u00e9 \u00e0 la base de l'unit\u00e9. Cette bo\u00eete aux lettres convient \u00e0 la plupart des colis de taille standard, ce qui fait de cette unit\u00e9 l'h\u00f4te parfait pour toutes vos livraisons d'achats en ligne.","breadcrumb":[],"inLanguage":"fr-CA","potentialAction":[{"@type":"ReadAction","target":["https:\/\/www.danby.com\/fr\/products\/colis-postal-fr\/dpg37gn\/"]}]},{"@type":"ImageObject","inLanguage":"fr-CA","url":"https:\/\/cdnweb.danby.com\/wp-content\/uploads\/sites\/2\/2023\/05\/30175250\/PGGrey_Front_Web.jpg","contentUrl":"https:\/\/cdnweb.danby.com\/wp-content\/uploads\/sites\/2\/2023\/05\/30175250\/PGGrey_Front_Web.jpg","width":1500,"height":2000},{"@type":"BreadcrumbList","itemListElement":[{"@type":"ListItem","position":1,"name":"Home","item":"https:\/\/www.danby.com\/fr\/"},{"@type":"ListItem","position":2,"name":"Boutique","item":"https:\/\/www.danby.com\/fr\/boutique\/"},{"@type":"ListItem","position":3,"name":"Danby Bo\u00eete aux lettres Parcel Guard de 3,7 pi3 en gris"}]},{"@type":"WebSite","url":"https:\/\/www.danby.com\/fr\/","name":"Danby - Canada - French","description":"Leader dans le domaine de la r\u00e9frig\u00e9ration et des appareils sp\u00e9cialis\u00e9s","publisher":[],"potentialAction":[{"@type":"SearchAction","target":{"@type":"EntryPoint","urlTemplate":"https:\/\/www.danby.com\/fr\/?s={search_term_string}"},"query-input":{"@type":"PropertyValueSpecification","valueRequired":true,"valueName":"search_term_string"}}],"inLanguage":"fr-CA"},{"@type":"Organization","name":"Danby Appliances","url":"https:\/\/www.danby.com\/fr\/","logo":{"@type":"ImageObject","inLanguage":"fr-CA","url":"https:\/\/cdnweb.danby.com\/wp-content\/uploads\/sites\/2\/2022\/02\/10141906\/Danby75Ans_Blue.png","contentUrl":"https:\/\/cdnweb.danby.com\/wp-content\/uploads\/sites\/2\/2022\/02\/10141906\/Danby75Ans_Blue.png","width":470,"height":110,"caption":"Danby Appliances"},"image":[],"sameAs":["https:\/\/www.facebook.com\/DanbyAppliances","https:\/\/x.com\/DanbyAppliance","https:\/\/instagram.com\/danbyappliances\/","https:\/\/www.linkedin.com\/company\/danbyappliances","https:\/\/www.pinterest.ca\/danbyappliances\/","https:\/\/www.youtube.com\/user\/DanbyProducts","https:\/\/en.wikipedia.org\/wiki\/Danby_(appliances)"]}]}},"post_mailing_queue_ids":[],"_links":{"self":[{"href":"https:\/\/www.danby.com\/fr\/wp-json\/wp\/v2\/product\/5185","targetHints":{"allow":["GET"]}}],"collection":[{"href":"https:\/\/www.danby.com\/fr\/wp-json\/wp\/v2\/product"}],"about":[{"href":"https:\/\/www.danby.com\/fr\/wp-json\/wp\/v2\/types\/product"}],"replies":[{"embeddable":true,"href":"https:\/\/www.danby.com\/fr\/wp-json\/wp\/v2\/comments?post=5185"}],"wp:featuredmedia":[{"embeddable":true,"href":"https:\/\/www.danby.com\/fr\/wp-json\/wp\/v2\/media\/23116"}],"wp:attachment":[{"href":"https:\/\/www.danby.com\/fr\/wp-json\/wp\/v2\/media?parent=5185"}],"wp:term":[{"taxonomy":"product_brand","embeddable":true,"href":"https:\/\/www.danby.com\/fr\/wp-json\/wp\/v2\/product_brand?post=5185"},{"taxonomy":"product_cat","embeddable":true,"href":"https:\/\/www.danby.com\/fr\/wp-json\/wp\/v2\/product_cat?post=5185"},{"taxonomy":"product_tag","embeddable":true,"href":"https:\/\/www.danby.com\/fr\/wp-json\/wp\/v2\/product_tag?post=5185"}],"curies":[{"name":"wp","href":"https:\/\/api.w.org\/{rel}","templated":true}]}}