{"id":5183,"date":"2022-02-03T19:20:45","date_gmt":"2022-02-03T19:20:45","guid":{"rendered":"https:\/\/www.danby.com\/fr\/product\/dpg37b\/"},"modified":"2024-08-06T20:53:10","modified_gmt":"2024-08-06T20:53:10","slug":"dpg37b","status":"publish","type":"product","link":"https:\/\/www.danby.com\/fr\/products\/colis-postal-fr\/dpg37b\/","title":{"rendered":"Danby Bo\u00eete aux lettres Parcel Guard de 3,7 pi3 en noir"},"content":{"rendered":"","protected":false},"excerpt":{"rendered":"<ul>\n<li>Fabriqu\u00e9 en acier galvanis\u00e9 \u00e0 rev\u00eatement par poudre (0,8 mm d&#8217;\u00e9paisseur)<\/li>\n<li>Fente antivol pour colis, emp\u00eache les mains de p\u00e9n\u00e9trer dans l&#8217;appareil<\/li>\n<li>L&#8217;amortisseur permet une fermeture en douceur de la porte.<\/li>\n<li>Une serrure combin\u00e9e r\u00e9initialisable permet des entr\u00e9es multiples avec un seul code d&#8217;acc\u00e8s.<\/li>\n<li>Il convient aux colis jusqu&#8217;\u00e0 11,8 x 15 x 7,1 pouces.<\/li>\n<li>Peut \u00eatre fix\u00e9 au sol (fixations incluses)<\/li>\n<li>Taille du colis de chute : Gauche\/droite 16&#8243; Haut\/bas 9&#8243; Avant\/arri\u00e8re 11&#8243;<\/li>\n<li>Rangement inf\u00e9rieur : Gauche\/droite 17,5&#8243; Haut\/fond 16&#8243; Avant\/arri\u00e8re 14&#8243;<\/li>\n<li>Garantie de 12 mois sur les pi\u00e8ces et la main d&#8217;\u0153uvre avec le service de portage.<\/li>\n<li>Couverture de 12 mois pi\u00e8ces et main d&#8217;\u0153uvre avec service de report. L&#8217;installation et\/ou l&#8217;entretien annuel (nettoyage) ne sont pas couverts par la garantie.<\/li>\n<\/ul>\n","protected":false},"featured_media":23117,"comment_status":"closed","ping_status":"closed","template":"","meta":{"_acf_changed":false},"product_brand":[],"product_cat":[34],"product_tag":[],"class_list":{"0":"post-5183","1":"product","2":"type-product","3":"status-publish","4":"has-post-thumbnail","6":"product_cat-colis-postal-fr","7":"pa_capacite-pi3-3-3-9","8":"pa_couleur-noir","9":"pa_duree-de-la-garantie-en-mois-24-months","11":"first","12":"instock","13":"taxable","14":"shipping-taxable","15":"product-type-simple"},"acf":[],"yoast_head":"<!-- This site is optimized with the Yoast SEO plugin v27.4 - https:\/\/yoast.com\/product\/yoast-seo-wordpress\/ -->\n<title>Danby Bo\u00eete aux lettres Parcel Guard de 3,7 pi3 en noir - DPG37B | Danby Canada<\/title>\n<meta name=\"description\" content=\"La bo\u00eete aux lettres pour colis de Danby offrant aux propri\u00e9taires une plaque tournante pour leurs livraisons en ligne. Vous n&#039;avez plus \u00e0 vous soucier de laisser vos colis sur le pas de votre porte, o\u00f9 ils pourraient \u00eatre endommag\u00e9s par la pluie ou vol\u00e9s. Votre courrier et vos commandes en ligne seront en s\u00e9curit\u00e9 \u00e0 l&#039;int\u00e9rieur de la bo\u00eete aux lettres en acier galvanis\u00e9 \u00e0 rev\u00eatement en poudre de Danby. La fente de chute antivol emp\u00eache les mains de p\u00e9n\u00e9trer dans l&#039;unit\u00e9, et vous pouvez fixer la bo\u00eete aux lettres au sol. La serrure \u00e0 combinaison r\u00e9glable permet de partager facilement les combinaisons avec les amis et la famille pour le pr\u00eat et l&#039;emprunt. Vous n&#039;aurez plus jamais \u00e0 vous rendre au bureau de poste pour r\u00e9cup\u00e9rer un colis que vous n&#039;\u00e9tiez pas l\u00e0 pour signer. La bo\u00eete aux lettres Danby Parcel peut contenir des colis de 11,8 x 15 x 7,1 pouces.\" \/>\n<meta name=\"robots\" content=\"index, follow, max-snippet:-1, max-image-preview:large, max-video-preview:-1\" \/>\n<link rel=\"canonical\" href=\"https:\/\/www.danby.com\/fr\/products\/colis-postal-fr\/dpg37b\/\" \/>\n<meta property=\"og:locale\" content=\"fr_CA\" \/>\n<meta property=\"og:type\" content=\"article\" \/>\n<meta property=\"og:title\" content=\"Danby Bo\u00eete aux lettres Parcel Guard de 3,7 pi3 en noir - DPG37B | Danby Canada\" \/>\n<meta property=\"og:description\" content=\"La bo\u00eete aux lettres pour colis de Danby offrant aux propri\u00e9taires une plaque tournante pour leurs livraisons en ligne. Vous n&#039;avez plus \u00e0 vous soucier de laisser vos colis sur le pas de votre porte, o\u00f9 ils pourraient \u00eatre endommag\u00e9s par la pluie ou vol\u00e9s. Votre courrier et vos commandes en ligne seront en s\u00e9curit\u00e9 \u00e0 l&#039;int\u00e9rieur de la bo\u00eete aux lettres en acier galvanis\u00e9 \u00e0 rev\u00eatement en poudre de Danby. La fente de chute antivol emp\u00eache les mains de p\u00e9n\u00e9trer dans l&#039;unit\u00e9, et vous pouvez fixer la bo\u00eete aux lettres au sol. La serrure \u00e0 combinaison r\u00e9glable permet de partager facilement les combinaisons avec les amis et la famille pour le pr\u00eat et l&#039;emprunt. Vous n&#039;aurez plus jamais \u00e0 vous rendre au bureau de poste pour r\u00e9cup\u00e9rer un colis que vous n&#039;\u00e9tiez pas l\u00e0 pour signer. La bo\u00eete aux lettres Danby Parcel peut contenir des colis de 11,8 x 15 x 7,1 pouces.\" \/>\n<meta property=\"og:url\" content=\"https:\/\/www.danby.com\/fr\/products\/colis-postal-fr\/dpg37b\/\" \/>\n<meta property=\"og:site_name\" content=\"Danby - Canada - French\" \/>\n<meta property=\"article:publisher\" content=\"https:\/\/www.facebook.com\/DanbyAppliances\" \/>\n<meta property=\"article:modified_time\" content=\"2024-08-06T20:53:10+00:00\" \/>\n<meta property=\"og:image\" content=\"https:\/\/cdnweb.danby.com\/wp-content\/uploads\/sites\/2\/2023\/05\/30175421\/Front%20JPEG-scaled.jpg\" \/>\n\t<meta property=\"og:image:width\" content=\"1920\" \/>\n\t<meta property=\"og:image:height\" content=\"2560\" \/>\n\t<meta property=\"og:image:type\" content=\"image\/jpeg\" \/>\n<meta name=\"twitter:card\" content=\"summary_large_image\" \/>\n<meta name=\"twitter:site\" content=\"@DanbyAppliance\" \/>\n<meta name=\"twitter:label1\" content=\"Estimation du temps de lecture\" \/>\n\t<meta name=\"twitter:data1\" content=\"1 minute\" \/>\n<script type=\"application\/ld+json\" class=\"yoast-schema-graph\">{\"@context\":\"https:\\\/\\\/schema.org\",\"@graph\":[{\"@type\":[\"WebPage\",\"ItemPage\"],\"url\":\"https:\\\/\\\/www.danby.com\\\/fr\\\/products\\\/colis-postal-fr\\\/dpg37b\\\/\",\"name\":\"Danby Bo\u00eete aux lettres Parcel Guard de 3,7 pi3 en noir - DPG37B | Danby Canada\",\"isPartOf\":[],\"primaryImageOfPage\":[],\"image\":[],\"thumbnailUrl\":\"https:\\\/\\\/cdnweb.danby.com\\\/wp-content\\\/uploads\\\/sites\\\/2\\\/2023\\\/05\\\/30175421\\\/Front%20JPEG-scaled.jpg\",\"datePublished\":\"2022-02-03T19:20:45+00:00\",\"dateModified\":\"2024-08-06T20:53:10+00:00\",\"description\":\"La bo\u00eete aux lettres pour colis de Danby offrant aux propri\u00e9taires une plaque tournante pour leurs livraisons en ligne. Vous n'avez plus \u00e0 vous soucier de laisser vos colis sur le pas de votre porte, o\u00f9 ils pourraient \u00eatre endommag\u00e9s par la pluie ou vol\u00e9s. Votre courrier et vos commandes en ligne seront en s\u00e9curit\u00e9 \u00e0 l'int\u00e9rieur de la bo\u00eete aux lettres en acier galvanis\u00e9 \u00e0 rev\u00eatement en poudre de Danby. La fente de chute antivol emp\u00eache les mains de p\u00e9n\u00e9trer dans l'unit\u00e9, et vous pouvez fixer la bo\u00eete aux lettres au sol. La serrure \u00e0 combinaison r\u00e9glable permet de partager facilement les combinaisons avec les amis et la famille pour le pr\u00eat et l'emprunt. Vous n'aurez plus jamais \u00e0 vous rendre au bureau de poste pour r\u00e9cup\u00e9rer un colis que vous n'\u00e9tiez pas l\u00e0 pour signer. La bo\u00eete aux lettres Danby Parcel peut contenir des colis de 11,8 x 15 x 7,1 pouces.\",\"breadcrumb\":[],\"inLanguage\":\"fr-CA\",\"potentialAction\":[{\"@type\":\"ReadAction\",\"target\":[\"https:\\\/\\\/www.danby.com\\\/fr\\\/products\\\/colis-postal-fr\\\/dpg37b\\\/\"]}]},{\"@type\":\"ImageObject\",\"inLanguage\":\"fr-CA\",\"url\":\"https:\\\/\\\/cdnweb.danby.com\\\/wp-content\\\/uploads\\\/sites\\\/2\\\/2023\\\/05\\\/30175421\\\/Front%20JPEG-scaled.jpg\",\"contentUrl\":\"https:\\\/\\\/cdnweb.danby.com\\\/wp-content\\\/uploads\\\/sites\\\/2\\\/2023\\\/05\\\/30175421\\\/Front%20JPEG-scaled.jpg\",\"width\":1920,\"height\":2560},{\"@type\":\"BreadcrumbList\",\"itemListElement\":[{\"@type\":\"ListItem\",\"position\":1,\"name\":\"Home\",\"item\":\"https:\\\/\\\/www.danby.com\\\/fr\\\/\"},{\"@type\":\"ListItem\",\"position\":2,\"name\":\"Boutique\",\"item\":\"https:\\\/\\\/www.danby.com\\\/fr\\\/boutique\\\/\"},{\"@type\":\"ListItem\",\"position\":3,\"name\":\"Danby Bo\u00eete aux lettres Parcel Guard de 3,7 pi3 en noir\"}]},{\"@type\":\"WebSite\",\"url\":\"https:\\\/\\\/www.danby.com\\\/fr\\\/\",\"name\":\"Danby - Canada - French\",\"description\":\"Leader dans le domaine de la r\u00e9frig\u00e9ration et des appareils sp\u00e9cialis\u00e9s\",\"publisher\":[],\"potentialAction\":[{\"@type\":\"SearchAction\",\"target\":{\"@type\":\"EntryPoint\",\"urlTemplate\":\"https:\\\/\\\/www.danby.com\\\/fr\\\/?s={search_term_string}\"},\"query-input\":{\"@type\":\"PropertyValueSpecification\",\"valueRequired\":true,\"valueName\":\"search_term_string\"}}],\"inLanguage\":\"fr-CA\"},{\"@type\":\"Organization\",\"name\":\"Danby Appliances\",\"url\":\"https:\\\/\\\/www.danby.com\\\/fr\\\/\",\"logo\":{\"@type\":\"ImageObject\",\"inLanguage\":\"fr-CA\",\"url\":\"https:\\\/\\\/cdnweb.danby.com\\\/wp-content\\\/uploads\\\/sites\\\/2\\\/2022\\\/02\\\/10141906\\\/Danby75Ans_Blue.png\",\"contentUrl\":\"https:\\\/\\\/cdnweb.danby.com\\\/wp-content\\\/uploads\\\/sites\\\/2\\\/2022\\\/02\\\/10141906\\\/Danby75Ans_Blue.png\",\"width\":470,\"height\":110,\"caption\":\"Danby Appliances\"},\"image\":[],\"sameAs\":[\"https:\\\/\\\/www.facebook.com\\\/DanbyAppliances\",\"https:\\\/\\\/x.com\\\/DanbyAppliance\",\"https:\\\/\\\/instagram.com\\\/danbyappliances\\\/\",\"https:\\\/\\\/www.linkedin.com\\\/company\\\/danbyappliances\",\"https:\\\/\\\/www.pinterest.ca\\\/danbyappliances\\\/\",\"https:\\\/\\\/www.youtube.com\\\/user\\\/DanbyProducts\",\"https:\\\/\\\/en.wikipedia.org\\\/wiki\\\/Danby_(appliances)\"]}]}<\/script>\n<!-- \/ Yoast SEO plugin. -->","yoast_head_json":{"title":"Danby Bo\u00eete aux lettres Parcel Guard de 3,7 pi3 en noir - DPG37B | Danby Canada","description":"La bo\u00eete aux lettres pour colis de Danby offrant aux propri\u00e9taires une plaque tournante pour leurs livraisons en ligne. Vous n'avez plus \u00e0 vous soucier de laisser vos colis sur le pas de votre porte, o\u00f9 ils pourraient \u00eatre endommag\u00e9s par la pluie ou vol\u00e9s. Votre courrier et vos commandes en ligne seront en s\u00e9curit\u00e9 \u00e0 l'int\u00e9rieur de la bo\u00eete aux lettres en acier galvanis\u00e9 \u00e0 rev\u00eatement en poudre de Danby. La fente de chute antivol emp\u00eache les mains de p\u00e9n\u00e9trer dans l'unit\u00e9, et vous pouvez fixer la bo\u00eete aux lettres au sol. La serrure \u00e0 combinaison r\u00e9glable permet de partager facilement les combinaisons avec les amis et la famille pour le pr\u00eat et l'emprunt. Vous n'aurez plus jamais \u00e0 vous rendre au bureau de poste pour r\u00e9cup\u00e9rer un colis que vous n'\u00e9tiez pas l\u00e0 pour signer. La bo\u00eete aux lettres Danby Parcel peut contenir des colis de 11,8 x 15 x 7,1 pouces.","robots":{"index":"index","follow":"follow","max-snippet":"max-snippet:-1","max-image-preview":"max-image-preview:large","max-video-preview":"max-video-preview:-1"},"canonical":"https:\/\/www.danby.com\/fr\/products\/colis-postal-fr\/dpg37b\/","og_locale":"fr_CA","og_type":"article","og_title":"Danby Bo\u00eete aux lettres Parcel Guard de 3,7 pi3 en noir - DPG37B | Danby Canada","og_description":"La bo\u00eete aux lettres pour colis de Danby offrant aux propri\u00e9taires une plaque tournante pour leurs livraisons en ligne. Vous n'avez plus \u00e0 vous soucier de laisser vos colis sur le pas de votre porte, o\u00f9 ils pourraient \u00eatre endommag\u00e9s par la pluie ou vol\u00e9s. Votre courrier et vos commandes en ligne seront en s\u00e9curit\u00e9 \u00e0 l'int\u00e9rieur de la bo\u00eete aux lettres en acier galvanis\u00e9 \u00e0 rev\u00eatement en poudre de Danby. La fente de chute antivol emp\u00eache les mains de p\u00e9n\u00e9trer dans l'unit\u00e9, et vous pouvez fixer la bo\u00eete aux lettres au sol. La serrure \u00e0 combinaison r\u00e9glable permet de partager facilement les combinaisons avec les amis et la famille pour le pr\u00eat et l'emprunt. Vous n'aurez plus jamais \u00e0 vous rendre au bureau de poste pour r\u00e9cup\u00e9rer un colis que vous n'\u00e9tiez pas l\u00e0 pour signer. La bo\u00eete aux lettres Danby Parcel peut contenir des colis de 11,8 x 15 x 7,1 pouces.","og_url":"https:\/\/www.danby.com\/fr\/products\/colis-postal-fr\/dpg37b\/","og_site_name":"Danby - Canada - French","article_publisher":"https:\/\/www.facebook.com\/DanbyAppliances","article_modified_time":"2024-08-06T20:53:10+00:00","og_image":[{"width":1920,"height":2560,"url":"https:\/\/cdnweb.danby.com\/wp-content\/uploads\/sites\/2\/2023\/05\/30175421\/Front%20JPEG-scaled.jpg","type":"image\/jpeg"}],"twitter_card":"summary_large_image","twitter_site":"@DanbyAppliance","twitter_misc":{"Estimation du temps de lecture":"1 minute"},"schema":{"@context":"https:\/\/schema.org","@graph":[{"@type":["WebPage","ItemPage"],"url":"https:\/\/www.danby.com\/fr\/products\/colis-postal-fr\/dpg37b\/","name":"Danby Bo\u00eete aux lettres Parcel Guard de 3,7 pi3 en noir - DPG37B | Danby Canada","isPartOf":[],"primaryImageOfPage":[],"image":[],"thumbnailUrl":"https:\/\/cdnweb.danby.com\/wp-content\/uploads\/sites\/2\/2023\/05\/30175421\/Front%20JPEG-scaled.jpg","datePublished":"2022-02-03T19:20:45+00:00","dateModified":"2024-08-06T20:53:10+00:00","description":"La bo\u00eete aux lettres pour colis de Danby offrant aux propri\u00e9taires une plaque tournante pour leurs livraisons en ligne. Vous n'avez plus \u00e0 vous soucier de laisser vos colis sur le pas de votre porte, o\u00f9 ils pourraient \u00eatre endommag\u00e9s par la pluie ou vol\u00e9s. Votre courrier et vos commandes en ligne seront en s\u00e9curit\u00e9 \u00e0 l'int\u00e9rieur de la bo\u00eete aux lettres en acier galvanis\u00e9 \u00e0 rev\u00eatement en poudre de Danby. La fente de chute antivol emp\u00eache les mains de p\u00e9n\u00e9trer dans l'unit\u00e9, et vous pouvez fixer la bo\u00eete aux lettres au sol. La serrure \u00e0 combinaison r\u00e9glable permet de partager facilement les combinaisons avec les amis et la famille pour le pr\u00eat et l'emprunt. Vous n'aurez plus jamais \u00e0 vous rendre au bureau de poste pour r\u00e9cup\u00e9rer un colis que vous n'\u00e9tiez pas l\u00e0 pour signer. La bo\u00eete aux lettres Danby Parcel peut contenir des colis de 11,8 x 15 x 7,1 pouces.","breadcrumb":[],"inLanguage":"fr-CA","potentialAction":[{"@type":"ReadAction","target":["https:\/\/www.danby.com\/fr\/products\/colis-postal-fr\/dpg37b\/"]}]},{"@type":"ImageObject","inLanguage":"fr-CA","url":"https:\/\/cdnweb.danby.com\/wp-content\/uploads\/sites\/2\/2023\/05\/30175421\/Front%20JPEG-scaled.jpg","contentUrl":"https:\/\/cdnweb.danby.com\/wp-content\/uploads\/sites\/2\/2023\/05\/30175421\/Front%20JPEG-scaled.jpg","width":1920,"height":2560},{"@type":"BreadcrumbList","itemListElement":[{"@type":"ListItem","position":1,"name":"Home","item":"https:\/\/www.danby.com\/fr\/"},{"@type":"ListItem","position":2,"name":"Boutique","item":"https:\/\/www.danby.com\/fr\/boutique\/"},{"@type":"ListItem","position":3,"name":"Danby Bo\u00eete aux lettres Parcel Guard de 3,7 pi3 en noir"}]},{"@type":"WebSite","url":"https:\/\/www.danby.com\/fr\/","name":"Danby - Canada - French","description":"Leader dans le domaine de la r\u00e9frig\u00e9ration et des appareils sp\u00e9cialis\u00e9s","publisher":[],"potentialAction":[{"@type":"SearchAction","target":{"@type":"EntryPoint","urlTemplate":"https:\/\/www.danby.com\/fr\/?s={search_term_string}"},"query-input":{"@type":"PropertyValueSpecification","valueRequired":true,"valueName":"search_term_string"}}],"inLanguage":"fr-CA"},{"@type":"Organization","name":"Danby Appliances","url":"https:\/\/www.danby.com\/fr\/","logo":{"@type":"ImageObject","inLanguage":"fr-CA","url":"https:\/\/cdnweb.danby.com\/wp-content\/uploads\/sites\/2\/2022\/02\/10141906\/Danby75Ans_Blue.png","contentUrl":"https:\/\/cdnweb.danby.com\/wp-content\/uploads\/sites\/2\/2022\/02\/10141906\/Danby75Ans_Blue.png","width":470,"height":110,"caption":"Danby Appliances"},"image":[],"sameAs":["https:\/\/www.facebook.com\/DanbyAppliances","https:\/\/x.com\/DanbyAppliance","https:\/\/instagram.com\/danbyappliances\/","https:\/\/www.linkedin.com\/company\/danbyappliances","https:\/\/www.pinterest.ca\/danbyappliances\/","https:\/\/www.youtube.com\/user\/DanbyProducts","https:\/\/en.wikipedia.org\/wiki\/Danby_(appliances)"]}]}},"post_mailing_queue_ids":[],"_links":{"self":[{"href":"https:\/\/www.danby.com\/fr\/wp-json\/wp\/v2\/product\/5183","targetHints":{"allow":["GET"]}}],"collection":[{"href":"https:\/\/www.danby.com\/fr\/wp-json\/wp\/v2\/product"}],"about":[{"href":"https:\/\/www.danby.com\/fr\/wp-json\/wp\/v2\/types\/product"}],"replies":[{"embeddable":true,"href":"https:\/\/www.danby.com\/fr\/wp-json\/wp\/v2\/comments?post=5183"}],"wp:featuredmedia":[{"embeddable":true,"href":"https:\/\/www.danby.com\/fr\/wp-json\/wp\/v2\/media\/23117"}],"wp:attachment":[{"href":"https:\/\/www.danby.com\/fr\/wp-json\/wp\/v2\/media?parent=5183"}],"wp:term":[{"taxonomy":"product_brand","embeddable":true,"href":"https:\/\/www.danby.com\/fr\/wp-json\/wp\/v2\/product_brand?post=5183"},{"taxonomy":"product_cat","embeddable":true,"href":"https:\/\/www.danby.com\/fr\/wp-json\/wp\/v2\/product_cat?post=5183"},{"taxonomy":"product_tag","embeddable":true,"href":"https:\/\/www.danby.com\/fr\/wp-json\/wp\/v2\/product_tag?post=5183"}],"curies":[{"name":"wp","href":"https:\/\/api.w.org\/{rel}","templated":true}]}}