{"id":5182,"date":"2022-02-03T19:20:45","date_gmt":"2022-02-03T19:20:45","guid":{"rendered":"https:\/\/www.danby.com\/fr\/product\/dpf074v1wdb-6\/"},"modified":"2026-04-29T10:23:53","modified_gmt":"2026-04-29T10:23:53","slug":"dpf074v1wdb-6","status":"publish","type":"product","link":"https:\/\/www.danby.com\/fr\/products\/refrigerateurs-pour-petites-surfaces\/dpf074v1wdb-6\/","title":{"rendered":"Danby R\u00e9frig\u00e9rateur d&#8217;appartement de 7,4 pi3 \u00e0 montage sup\u00e9rieur en blanc"},"content":{"rendered":"","protected":false},"excerpt":{"rendered":"<ul>\n<li>certifi\u00e9 ENERGY STAR\u00ae<\/li>\n<li>R\u00e9frig\u00e9rant R600a<\/li>\n<li>4 \u00e9tag\u00e8res en verre sur toute la largeur pour une polyvalence de rangement maximale.<\/li>\n<li>R\u00e9frig\u00e9rateur Top Mount d&#8217;une capacit\u00e9 de 7,4 pi3<\/li>\n<li>\u00c9tag\u00e8res de porte int\u00e9gr\u00e9es avec 3 \u00e9tag\u00e8res de porte compl\u00e8tes<\/li>\n<li>Bac \u00e0 l\u00e9gumes et couvercle<\/li>\n<li>L&#8217;\u00e9clairage int\u00e9rieur illumine l&#8217;int\u00e9rieur<\/li>\n<li>Bac \u00e0 glace, bac \u00e0 oeufs et grattoir \u00e0 glace inclus<\/li>\n<li>Poign\u00e9e de porte int\u00e9gr\u00e9e<\/li>\n<li>La porte r\u00e9versible peut \u00eatre modifi\u00e9e pour une ouverture \u00e0 gauche ou \u00e0 droite.<\/li>\n<li>Emballage ISTA-6<\/li>\n<\/ul>\n","protected":false},"featured_media":35786,"comment_status":"closed","ping_status":"closed","template":"","meta":{"_acf_changed":false},"product_brand":[],"product_cat":[20],"product_tag":[],"class_list":{"0":"post-5182","1":"product","2":"type-product","3":"status-publish","4":"has-post-thumbnail","6":"product_cat-refrigerateurs-pour-petites-surfaces","8":"first","9":"instock","10":"taxable","11":"shipping-taxable","12":"purchasable","13":"product-type-simple"},"acf":[],"yoast_head":"<!-- This site is optimized with the Yoast SEO plugin v27.5 - https:\/\/yoast.com\/product\/yoast-seo-wordpress\/ -->\n<title>Danby R\u00e9frig\u00e9rateur d&#039;appartement de 7,4 pi3 \u00e0 montage sup\u00e9rieur en blanc - DPF074V1WDB-6 | Danby Canada<\/title>\n<meta name=\"description\" content=\"Ce r\u00e9frig\u00e9rateur de la taille d&#039;un appartement avec un cong\u00e9lateur sur le dessus est le choix parfait pour tous ceux qui vivent dans un petit espace ! Avec ses 7,4 pi3, vous pouvez stocker tout ce dont vous ou votre famille avez besoin, dans n&#039;importe quelle pi\u00e8ce de votre maison. \u00c9quip\u00e9 d&#039;une charni\u00e8re de porte r\u00e9versible pour une ouverture \u00e0 gauche ou \u00e0 droite, d&#039;une lumi\u00e8re int\u00e9rieure qui s&#039;allume lorsque la porte s&#039;ouvre, d&#039;un bac \u00e0 glace, d&#039;un bac \u00e0 \u0153ufs et d&#039;un grattoir \u00e0 glace, ce mod\u00e8le peut \u00eatre utilis\u00e9 comme r\u00e9frig\u00e9rateur principal de la famille si vous avez une petite cuisine, ou comme option secondaire fiable ! Il est \u00e9galement \u00e9quip\u00e9 d&#039;un thermostat m\u00e9canique, de 4 tablettes en verre sur toute la largeur (et 3 sur la porte), d&#039;un tiroir \u00e0 l\u00e9gumes, de pieds de mise \u00e0 niveau \u00e0 l&#039;avant et d&#039;un rangement pour les grandes bouteilles sur la porte du r\u00e9frig\u00e9rateur. Ce mod\u00e8le conforme \u00e0 la norme Energy Star\u00ae sera un excellent ajout \u00e0 votre appartement, votre condo, votre chalet ou votre bureau \u00e0 domicile !\" \/>\n<meta name=\"robots\" content=\"index, follow, max-snippet:-1, max-image-preview:large, max-video-preview:-1\" \/>\n<link rel=\"canonical\" href=\"https:\/\/www.danby.com\/fr\/products\/refrigerateurs-pour-petites-surfaces\/dpf074v1wdb-6\/\" \/>\n<meta property=\"og:locale\" content=\"fr_CA\" \/>\n<meta property=\"og:type\" content=\"article\" \/>\n<meta property=\"og:title\" content=\"Danby R\u00e9frig\u00e9rateur d&#039;appartement de 7,4 pi3 \u00e0 montage sup\u00e9rieur en blanc - DPF074V1WDB-6 | Danby Canada\" \/>\n<meta property=\"og:description\" content=\"Ce r\u00e9frig\u00e9rateur de la taille d&#039;un appartement avec un cong\u00e9lateur sur le dessus est le choix parfait pour tous ceux qui vivent dans un petit espace ! Avec ses 7,4 pi3, vous pouvez stocker tout ce dont vous ou votre famille avez besoin, dans n&#039;importe quelle pi\u00e8ce de votre maison. \u00c9quip\u00e9 d&#039;une charni\u00e8re de porte r\u00e9versible pour une ouverture \u00e0 gauche ou \u00e0 droite, d&#039;une lumi\u00e8re int\u00e9rieure qui s&#039;allume lorsque la porte s&#039;ouvre, d&#039;un bac \u00e0 glace, d&#039;un bac \u00e0 \u0153ufs et d&#039;un grattoir \u00e0 glace, ce mod\u00e8le peut \u00eatre utilis\u00e9 comme r\u00e9frig\u00e9rateur principal de la famille si vous avez une petite cuisine, ou comme option secondaire fiable ! Il est \u00e9galement \u00e9quip\u00e9 d&#039;un thermostat m\u00e9canique, de 4 tablettes en verre sur toute la largeur (et 3 sur la porte), d&#039;un tiroir \u00e0 l\u00e9gumes, de pieds de mise \u00e0 niveau \u00e0 l&#039;avant et d&#039;un rangement pour les grandes bouteilles sur la porte du r\u00e9frig\u00e9rateur. Ce mod\u00e8le conforme \u00e0 la norme Energy Star\u00ae sera un excellent ajout \u00e0 votre appartement, votre condo, votre chalet ou votre bureau \u00e0 domicile !\" \/>\n<meta property=\"og:url\" content=\"https:\/\/www.danby.com\/fr\/products\/refrigerateurs-pour-petites-surfaces\/dpf074v1wdb-6\/\" \/>\n<meta property=\"og:site_name\" content=\"Danby - Canada - French\" \/>\n<meta property=\"article:publisher\" content=\"https:\/\/www.facebook.com\/DanbyAppliances\" \/>\n<meta property=\"article:modified_time\" content=\"2026-04-29T10:23:53+00:00\" \/>\n<meta property=\"og:image\" content=\"https:\/\/www.danby.com\/fr\/wp-content\/uploads\/sites\/2\/2025\/11\/Fridge_Thumbnail__0011_DPF074V1WDB-6.jpg\" \/>\n\t<meta property=\"og:image:width\" content=\"1125\" \/>\n\t<meta property=\"og:image:height\" content=\"1500\" \/>\n\t<meta property=\"og:image:type\" content=\"image\/jpeg\" \/>\n<meta name=\"twitter:card\" content=\"summary_large_image\" \/>\n<meta name=\"twitter:site\" content=\"@DanbyAppliance\" \/>\n<meta name=\"twitter:label1\" content=\"Estimation du temps de lecture\" \/>\n\t<meta name=\"twitter:data1\" content=\"1 minute\" \/>\n<script type=\"application\/ld+json\" class=\"yoast-schema-graph\">{\"@context\":\"https:\\\/\\\/schema.org\",\"@graph\":[{\"@type\":[\"WebPage\",\"ItemPage\"],\"url\":\"https:\\\/\\\/www.danby.com\\\/fr\\\/products\\\/refrigerateurs-pour-petites-surfaces\\\/dpf074v1wdb-6\\\/\",\"name\":\"Danby R\u00e9frig\u00e9rateur d'appartement de 7,4 pi3 \u00e0 montage sup\u00e9rieur en blanc - DPF074V1WDB-6 | Danby Canada\",\"isPartOf\":[],\"primaryImageOfPage\":[],\"image\":[],\"thumbnailUrl\":\"https:\\\/\\\/www.danby.com\\\/fr\\\/wp-content\\\/uploads\\\/sites\\\/2\\\/2025\\\/11\\\/Fridge_Thumbnail__0011_DPF074V1WDB-6.jpg\",\"datePublished\":\"2022-02-03T19:20:45+00:00\",\"dateModified\":\"2026-04-29T10:23:53+00:00\",\"description\":\"Ce r\u00e9frig\u00e9rateur de la taille d'un appartement avec un cong\u00e9lateur sur le dessus est le choix parfait pour tous ceux qui vivent dans un petit espace ! Avec ses 7,4 pi3, vous pouvez stocker tout ce dont vous ou votre famille avez besoin, dans n'importe quelle pi\u00e8ce de votre maison. \u00c9quip\u00e9 d'une charni\u00e8re de porte r\u00e9versible pour une ouverture \u00e0 gauche ou \u00e0 droite, d'une lumi\u00e8re int\u00e9rieure qui s'allume lorsque la porte s'ouvre, d'un bac \u00e0 glace, d'un bac \u00e0 \u0153ufs et d'un grattoir \u00e0 glace, ce mod\u00e8le peut \u00eatre utilis\u00e9 comme r\u00e9frig\u00e9rateur principal de la famille si vous avez une petite cuisine, ou comme option secondaire fiable ! Il est \u00e9galement \u00e9quip\u00e9 d'un thermostat m\u00e9canique, de 4 tablettes en verre sur toute la largeur (et 3 sur la porte), d'un tiroir \u00e0 l\u00e9gumes, de pieds de mise \u00e0 niveau \u00e0 l'avant et d'un rangement pour les grandes bouteilles sur la porte du r\u00e9frig\u00e9rateur. Ce mod\u00e8le conforme \u00e0 la norme Energy Star\u00ae sera un excellent ajout \u00e0 votre appartement, votre condo, votre chalet ou votre bureau \u00e0 domicile !\",\"breadcrumb\":[],\"inLanguage\":\"fr-CA\",\"potentialAction\":[{\"@type\":\"ReadAction\",\"target\":[\"https:\\\/\\\/www.danby.com\\\/fr\\\/products\\\/refrigerateurs-pour-petites-surfaces\\\/dpf074v1wdb-6\\\/\"]}]},{\"@type\":\"ImageObject\",\"inLanguage\":\"fr-CA\",\"url\":\"https:\\\/\\\/www.danby.com\\\/fr\\\/wp-content\\\/uploads\\\/sites\\\/2\\\/2025\\\/11\\\/Fridge_Thumbnail__0011_DPF074V1WDB-6.jpg\",\"contentUrl\":\"https:\\\/\\\/www.danby.com\\\/fr\\\/wp-content\\\/uploads\\\/sites\\\/2\\\/2025\\\/11\\\/Fridge_Thumbnail__0011_DPF074V1WDB-6.jpg\",\"width\":1125,\"height\":1500},{\"@type\":\"BreadcrumbList\",\"itemListElement\":[{\"@type\":\"ListItem\",\"position\":1,\"name\":\"Home\",\"item\":\"https:\\\/\\\/www.danby.com\\\/fr\\\/\"},{\"@type\":\"ListItem\",\"position\":2,\"name\":\"Boutique\",\"item\":\"https:\\\/\\\/www.danby.com\\\/fr\\\/boutique\\\/\"},{\"@type\":\"ListItem\",\"position\":3,\"name\":\"Danby R\u00e9frig\u00e9rateur d&#8217;appartement de 7,4 pi3 \u00e0 montage sup\u00e9rieur en blanc\"}]},{\"@type\":\"WebSite\",\"url\":\"https:\\\/\\\/www.danby.com\\\/fr\\\/\",\"name\":\"Danby - Canada - French\",\"description\":\"Leader dans le domaine de la r\u00e9frig\u00e9ration et des appareils sp\u00e9cialis\u00e9s\",\"publisher\":[],\"potentialAction\":[{\"@type\":\"SearchAction\",\"target\":{\"@type\":\"EntryPoint\",\"urlTemplate\":\"https:\\\/\\\/www.danby.com\\\/fr\\\/?s={search_term_string}\"},\"query-input\":{\"@type\":\"PropertyValueSpecification\",\"valueRequired\":true,\"valueName\":\"search_term_string\"}}],\"inLanguage\":\"fr-CA\"},{\"@type\":\"Organization\",\"name\":\"Danby Appliances\",\"url\":\"https:\\\/\\\/www.danby.com\\\/fr\\\/\",\"logo\":{\"@type\":\"ImageObject\",\"inLanguage\":\"fr-CA\",\"url\":\"https:\\\/\\\/cdnweb.danby.com\\\/wp-content\\\/uploads\\\/sites\\\/2\\\/2022\\\/02\\\/10141906\\\/Danby75Ans_Blue.png\",\"contentUrl\":\"https:\\\/\\\/cdnweb.danby.com\\\/wp-content\\\/uploads\\\/sites\\\/2\\\/2022\\\/02\\\/10141906\\\/Danby75Ans_Blue.png\",\"width\":470,\"height\":110,\"caption\":\"Danby Appliances\"},\"image\":[],\"sameAs\":[\"https:\\\/\\\/www.facebook.com\\\/DanbyAppliances\",\"https:\\\/\\\/x.com\\\/DanbyAppliance\",\"https:\\\/\\\/instagram.com\\\/danbyappliances\\\/\",\"https:\\\/\\\/www.linkedin.com\\\/company\\\/danbyappliances\",\"https:\\\/\\\/www.pinterest.ca\\\/danbyappliances\\\/\",\"https:\\\/\\\/www.youtube.com\\\/user\\\/DanbyProducts\",\"https:\\\/\\\/en.wikipedia.org\\\/wiki\\\/Danby_(appliances)\"]}]}<\/script>\n<!-- \/ Yoast SEO plugin. -->","yoast_head_json":{"title":"Danby R\u00e9frig\u00e9rateur d'appartement de 7,4 pi3 \u00e0 montage sup\u00e9rieur en blanc - DPF074V1WDB-6 | Danby Canada","description":"Ce r\u00e9frig\u00e9rateur de la taille d'un appartement avec un cong\u00e9lateur sur le dessus est le choix parfait pour tous ceux qui vivent dans un petit espace ! Avec ses 7,4 pi3, vous pouvez stocker tout ce dont vous ou votre famille avez besoin, dans n'importe quelle pi\u00e8ce de votre maison. \u00c9quip\u00e9 d'une charni\u00e8re de porte r\u00e9versible pour une ouverture \u00e0 gauche ou \u00e0 droite, d'une lumi\u00e8re int\u00e9rieure qui s'allume lorsque la porte s'ouvre, d'un bac \u00e0 glace, d'un bac \u00e0 \u0153ufs et d'un grattoir \u00e0 glace, ce mod\u00e8le peut \u00eatre utilis\u00e9 comme r\u00e9frig\u00e9rateur principal de la famille si vous avez une petite cuisine, ou comme option secondaire fiable ! Il est \u00e9galement \u00e9quip\u00e9 d'un thermostat m\u00e9canique, de 4 tablettes en verre sur toute la largeur (et 3 sur la porte), d'un tiroir \u00e0 l\u00e9gumes, de pieds de mise \u00e0 niveau \u00e0 l'avant et d'un rangement pour les grandes bouteilles sur la porte du r\u00e9frig\u00e9rateur. Ce mod\u00e8le conforme \u00e0 la norme Energy Star\u00ae sera un excellent ajout \u00e0 votre appartement, votre condo, votre chalet ou votre bureau \u00e0 domicile !","robots":{"index":"index","follow":"follow","max-snippet":"max-snippet:-1","max-image-preview":"max-image-preview:large","max-video-preview":"max-video-preview:-1"},"canonical":"https:\/\/www.danby.com\/fr\/products\/refrigerateurs-pour-petites-surfaces\/dpf074v1wdb-6\/","og_locale":"fr_CA","og_type":"article","og_title":"Danby R\u00e9frig\u00e9rateur d'appartement de 7,4 pi3 \u00e0 montage sup\u00e9rieur en blanc - DPF074V1WDB-6 | Danby Canada","og_description":"Ce r\u00e9frig\u00e9rateur de la taille d'un appartement avec un cong\u00e9lateur sur le dessus est le choix parfait pour tous ceux qui vivent dans un petit espace ! Avec ses 7,4 pi3, vous pouvez stocker tout ce dont vous ou votre famille avez besoin, dans n'importe quelle pi\u00e8ce de votre maison. \u00c9quip\u00e9 d'une charni\u00e8re de porte r\u00e9versible pour une ouverture \u00e0 gauche ou \u00e0 droite, d'une lumi\u00e8re int\u00e9rieure qui s'allume lorsque la porte s'ouvre, d'un bac \u00e0 glace, d'un bac \u00e0 \u0153ufs et d'un grattoir \u00e0 glace, ce mod\u00e8le peut \u00eatre utilis\u00e9 comme r\u00e9frig\u00e9rateur principal de la famille si vous avez une petite cuisine, ou comme option secondaire fiable ! Il est \u00e9galement \u00e9quip\u00e9 d'un thermostat m\u00e9canique, de 4 tablettes en verre sur toute la largeur (et 3 sur la porte), d'un tiroir \u00e0 l\u00e9gumes, de pieds de mise \u00e0 niveau \u00e0 l'avant et d'un rangement pour les grandes bouteilles sur la porte du r\u00e9frig\u00e9rateur. Ce mod\u00e8le conforme \u00e0 la norme Energy Star\u00ae sera un excellent ajout \u00e0 votre appartement, votre condo, votre chalet ou votre bureau \u00e0 domicile !","og_url":"https:\/\/www.danby.com\/fr\/products\/refrigerateurs-pour-petites-surfaces\/dpf074v1wdb-6\/","og_site_name":"Danby - Canada - French","article_publisher":"https:\/\/www.facebook.com\/DanbyAppliances","article_modified_time":"2026-04-29T10:23:53+00:00","og_image":[{"width":1125,"height":1500,"url":"https:\/\/www.danby.com\/fr\/wp-content\/uploads\/sites\/2\/2025\/11\/Fridge_Thumbnail__0011_DPF074V1WDB-6.jpg","type":"image\/jpeg"}],"twitter_card":"summary_large_image","twitter_site":"@DanbyAppliance","twitter_misc":{"Estimation du temps de lecture":"1 minute"},"schema":{"@context":"https:\/\/schema.org","@graph":[{"@type":["WebPage","ItemPage"],"url":"https:\/\/www.danby.com\/fr\/products\/refrigerateurs-pour-petites-surfaces\/dpf074v1wdb-6\/","name":"Danby R\u00e9frig\u00e9rateur d'appartement de 7,4 pi3 \u00e0 montage sup\u00e9rieur en blanc - DPF074V1WDB-6 | Danby Canada","isPartOf":[],"primaryImageOfPage":[],"image":[],"thumbnailUrl":"https:\/\/www.danby.com\/fr\/wp-content\/uploads\/sites\/2\/2025\/11\/Fridge_Thumbnail__0011_DPF074V1WDB-6.jpg","datePublished":"2022-02-03T19:20:45+00:00","dateModified":"2026-04-29T10:23:53+00:00","description":"Ce r\u00e9frig\u00e9rateur de la taille d'un appartement avec un cong\u00e9lateur sur le dessus est le choix parfait pour tous ceux qui vivent dans un petit espace ! Avec ses 7,4 pi3, vous pouvez stocker tout ce dont vous ou votre famille avez besoin, dans n'importe quelle pi\u00e8ce de votre maison. \u00c9quip\u00e9 d'une charni\u00e8re de porte r\u00e9versible pour une ouverture \u00e0 gauche ou \u00e0 droite, d'une lumi\u00e8re int\u00e9rieure qui s'allume lorsque la porte s'ouvre, d'un bac \u00e0 glace, d'un bac \u00e0 \u0153ufs et d'un grattoir \u00e0 glace, ce mod\u00e8le peut \u00eatre utilis\u00e9 comme r\u00e9frig\u00e9rateur principal de la famille si vous avez une petite cuisine, ou comme option secondaire fiable ! Il est \u00e9galement \u00e9quip\u00e9 d'un thermostat m\u00e9canique, de 4 tablettes en verre sur toute la largeur (et 3 sur la porte), d'un tiroir \u00e0 l\u00e9gumes, de pieds de mise \u00e0 niveau \u00e0 l'avant et d'un rangement pour les grandes bouteilles sur la porte du r\u00e9frig\u00e9rateur. Ce mod\u00e8le conforme \u00e0 la norme Energy Star\u00ae sera un excellent ajout \u00e0 votre appartement, votre condo, votre chalet ou votre bureau \u00e0 domicile !","breadcrumb":[],"inLanguage":"fr-CA","potentialAction":[{"@type":"ReadAction","target":["https:\/\/www.danby.com\/fr\/products\/refrigerateurs-pour-petites-surfaces\/dpf074v1wdb-6\/"]}]},{"@type":"ImageObject","inLanguage":"fr-CA","url":"https:\/\/www.danby.com\/fr\/wp-content\/uploads\/sites\/2\/2025\/11\/Fridge_Thumbnail__0011_DPF074V1WDB-6.jpg","contentUrl":"https:\/\/www.danby.com\/fr\/wp-content\/uploads\/sites\/2\/2025\/11\/Fridge_Thumbnail__0011_DPF074V1WDB-6.jpg","width":1125,"height":1500},{"@type":"BreadcrumbList","itemListElement":[{"@type":"ListItem","position":1,"name":"Home","item":"https:\/\/www.danby.com\/fr\/"},{"@type":"ListItem","position":2,"name":"Boutique","item":"https:\/\/www.danby.com\/fr\/boutique\/"},{"@type":"ListItem","position":3,"name":"Danby R\u00e9frig\u00e9rateur d&#8217;appartement de 7,4 pi3 \u00e0 montage sup\u00e9rieur en blanc"}]},{"@type":"WebSite","url":"https:\/\/www.danby.com\/fr\/","name":"Danby - Canada - French","description":"Leader dans le domaine de la r\u00e9frig\u00e9ration et des appareils sp\u00e9cialis\u00e9s","publisher":[],"potentialAction":[{"@type":"SearchAction","target":{"@type":"EntryPoint","urlTemplate":"https:\/\/www.danby.com\/fr\/?s={search_term_string}"},"query-input":{"@type":"PropertyValueSpecification","valueRequired":true,"valueName":"search_term_string"}}],"inLanguage":"fr-CA"},{"@type":"Organization","name":"Danby Appliances","url":"https:\/\/www.danby.com\/fr\/","logo":{"@type":"ImageObject","inLanguage":"fr-CA","url":"https:\/\/cdnweb.danby.com\/wp-content\/uploads\/sites\/2\/2022\/02\/10141906\/Danby75Ans_Blue.png","contentUrl":"https:\/\/cdnweb.danby.com\/wp-content\/uploads\/sites\/2\/2022\/02\/10141906\/Danby75Ans_Blue.png","width":470,"height":110,"caption":"Danby Appliances"},"image":[],"sameAs":["https:\/\/www.facebook.com\/DanbyAppliances","https:\/\/x.com\/DanbyAppliance","https:\/\/instagram.com\/danbyappliances\/","https:\/\/www.linkedin.com\/company\/danbyappliances","https:\/\/www.pinterest.ca\/danbyappliances\/","https:\/\/www.youtube.com\/user\/DanbyProducts","https:\/\/en.wikipedia.org\/wiki\/Danby_(appliances)"]}]}},"post_mailing_queue_ids":[],"_links":{"self":[{"href":"https:\/\/www.danby.com\/fr\/wp-json\/wp\/v2\/product\/5182","targetHints":{"allow":["GET"]}}],"collection":[{"href":"https:\/\/www.danby.com\/fr\/wp-json\/wp\/v2\/product"}],"about":[{"href":"https:\/\/www.danby.com\/fr\/wp-json\/wp\/v2\/types\/product"}],"replies":[{"embeddable":true,"href":"https:\/\/www.danby.com\/fr\/wp-json\/wp\/v2\/comments?post=5182"}],"wp:featuredmedia":[{"embeddable":true,"href":"https:\/\/www.danby.com\/fr\/wp-json\/wp\/v2\/media\/35786"}],"wp:attachment":[{"href":"https:\/\/www.danby.com\/fr\/wp-json\/wp\/v2\/media?parent=5182"}],"wp:term":[{"taxonomy":"product_brand","embeddable":true,"href":"https:\/\/www.danby.com\/fr\/wp-json\/wp\/v2\/product_brand?post=5182"},{"taxonomy":"product_cat","embeddable":true,"href":"https:\/\/www.danby.com\/fr\/wp-json\/wp\/v2\/product_cat?post=5182"},{"taxonomy":"product_tag","embeddable":true,"href":"https:\/\/www.danby.com\/fr\/wp-json\/wp\/v2\/product_tag?post=5182"}],"curies":[{"name":"wp","href":"https:\/\/api.w.org\/{rel}","templated":true}]}}