{"id":5174,"date":"2022-02-03T19:20:34","date_gmt":"2022-02-03T19:20:34","guid":{"rendered":"https:\/\/www.danby.com\/fr\/product\/dpf073c1bsldd\/"},"modified":"2026-04-29T10:23:51","modified_gmt":"2026-04-29T10:23:51","slug":"dpf073c1bsldd","status":"publish","type":"product","link":"https:\/\/www.danby.com\/fr\/products\/refrigerateurs-pour-petites-surfaces\/dpf073c1bsldd\/","title":{"rendered":"R\u00e9frig\u00e9rateur Danby Designer de 7,3 pi\u00b3 \u00e0 cong\u00e9lateur en haut, taille appartement, en aspect acier inoxydable"},"content":{"rendered":"","protected":false},"excerpt":{"rendered":"<ul>\n<li>R\u00e9frig\u00e9rateur de taille appartement, capacit\u00e9 de 7,3 pi\u00b3, \u00e0 cong\u00e9lateur en haut<\/li>\n<li>Thermostat \u00e0 molette simple r\u00e9glant la temp\u00e9rature du r\u00e9frig\u00e9rateur entre 32\u00b0F et 42\u00b0F et celle du cong\u00e9lateur entre 0\u00b0F et -18\u00b0F<\/li>\n<li>Bo\u00eetier noir mat avec porte au look inox<\/li>\n<li>R\u00e9frig\u00e9rateur \u00e0 faible entretien avec d\u00e9givrage automatique et cong\u00e9lateur n\u00e9cessitant un d\u00e9givrage manuel<\/li>\n<li>Le r\u00e9frig\u00e9rateur offre 3 \u00e9tag\u00e8res en verre r\u00e9glables et coulissantes, un bac \u00e0 l\u00e9gumes transparent, quatre \u00e9tag\u00e8res de porte transparentes, ainsi qu&#8217;un espace de rangement pour des bouteilles de gallon<\/li>\n<li>\u00c9clairage int\u00e9rieur<\/li>\n<li>Le compartiment cong\u00e9lateur comprend une \u00e9tag\u00e8re en fil m\u00e9tallique<\/li>\n<li>Comprend deux pieds de nivellement ajustables \u00e0 l&#8217;avant et deux roulettes mont\u00e9es \u00e0 l&#8217;arri\u00e8re pour un d\u00e9placement facile<\/li>\n<li>Porte r\u00e9versible pour une ouverture \u00e0 gauche ou \u00e0 droite, selon l&#8217;emplacement<\/li>\n<li>Comprend un cordon d&#8217;alimentation de 6 pieds<\/li>\n<\/ul>\n","protected":false},"featured_media":30209,"comment_status":"closed","ping_status":"open","template":"","meta":{"_acf_changed":false},"product_brand":[],"product_cat":[20],"product_tag":[],"class_list":{"0":"post-5174","1":"product","2":"type-product","3":"status-publish","4":"has-post-thumbnail","6":"product_cat-refrigerateurs-pour-petites-surfaces","8":"first","9":"outofstock","10":"taxable","11":"shipping-taxable","12":"product-type-simple"},"acf":[],"yoast_head":"<!-- This site is optimized with the Yoast SEO plugin v27.5 - https:\/\/yoast.com\/product\/yoast-seo-wordpress\/ -->\n<title>R\u00e9frig\u00e9rateur Danby Designer de 7,3 pi\u00b3 \u00e0 cong\u00e9lateur en haut, taille appartement, en aspect acier inoxydable - DPF073C1BSLDD | Danby Canada<\/title>\n<meta name=\"description\" content=\"Ce r\u00e9frig\u00e9rateur \u00e9l\u00e9gant de Danby est id\u00e9al pour tous types de foyers, offrant 7,3 pi\u00b3 (206 litres) d&#039;espace de refroidissement pour votre cuisine, dortoir ou salle de loisirs. L&#039;entretien est d&#039;une grande simplicit\u00e9 gr\u00e2ce au syst\u00e8me de d\u00e9givrage cyclique pratique, et retrouver vos boissons pr\u00e9f\u00e9r\u00e9es devient un jeu d&#039;enfant gr\u00e2ce au rangement pour bouteilles longues dans la porte. Cette unit\u00e9 chic dispose de commandes m\u00e9caniques faciles \u00e0 utiliser. Elle comprend trois \u00e9tag\u00e8res en verre r\u00e9glables pour le r\u00e9frig\u00e9rateur et une \u00e9tag\u00e8re en fil m\u00e9tallique ajustable\/amovible pour le cong\u00e9lateur, offrant ainsi un espace de rangement polyvalent et maximal. Vos l\u00e9gumes seront gard\u00e9s au frais et facilement accessibles dans le bac \u00e0 l\u00e9gumes avec couvercle en verre. L&#039;ouverture \u00e0 gauche ou \u00e0 droite est \u00e0 votre choix gr\u00e2ce \u00e0 la charni\u00e8re de porte r\u00e9versible, et ce r\u00e9frig\u00e9rateur robuste peut \u00eatre install\u00e9 contre un mur gr\u00e2ce \u00e0 son design arri\u00e8re lisse. Il b\u00e9n\u00e9ficie \u00e9galement d&#039;une garantie de 18 mois sur les pi\u00e8ces et la main-d&#039;\u0153uvre avec un service \u00e0 domicile.\" \/>\n<meta name=\"robots\" content=\"index, follow, max-snippet:-1, max-image-preview:large, max-video-preview:-1\" \/>\n<link rel=\"canonical\" href=\"https:\/\/www.danby.com\/fr\/products\/refrigerateurs-pour-petites-surfaces\/dpf073c1bsldd\/\" \/>\n<meta property=\"og:locale\" content=\"fr_CA\" \/>\n<meta property=\"og:type\" content=\"article\" \/>\n<meta property=\"og:title\" content=\"R\u00e9frig\u00e9rateur Danby Designer de 7,3 pi\u00b3 \u00e0 cong\u00e9lateur en haut, taille appartement, en aspect acier inoxydable - DPF073C1BSLDD | Danby Canada\" \/>\n<meta property=\"og:description\" content=\"Ce r\u00e9frig\u00e9rateur \u00e9l\u00e9gant de Danby est id\u00e9al pour tous types de foyers, offrant 7,3 pi\u00b3 (206 litres) d&#039;espace de refroidissement pour votre cuisine, dortoir ou salle de loisirs. L&#039;entretien est d&#039;une grande simplicit\u00e9 gr\u00e2ce au syst\u00e8me de d\u00e9givrage cyclique pratique, et retrouver vos boissons pr\u00e9f\u00e9r\u00e9es devient un jeu d&#039;enfant gr\u00e2ce au rangement pour bouteilles longues dans la porte. Cette unit\u00e9 chic dispose de commandes m\u00e9caniques faciles \u00e0 utiliser. Elle comprend trois \u00e9tag\u00e8res en verre r\u00e9glables pour le r\u00e9frig\u00e9rateur et une \u00e9tag\u00e8re en fil m\u00e9tallique ajustable\/amovible pour le cong\u00e9lateur, offrant ainsi un espace de rangement polyvalent et maximal. Vos l\u00e9gumes seront gard\u00e9s au frais et facilement accessibles dans le bac \u00e0 l\u00e9gumes avec couvercle en verre. L&#039;ouverture \u00e0 gauche ou \u00e0 droite est \u00e0 votre choix gr\u00e2ce \u00e0 la charni\u00e8re de porte r\u00e9versible, et ce r\u00e9frig\u00e9rateur robuste peut \u00eatre install\u00e9 contre un mur gr\u00e2ce \u00e0 son design arri\u00e8re lisse. Il b\u00e9n\u00e9ficie \u00e9galement d&#039;une garantie de 18 mois sur les pi\u00e8ces et la main-d&#039;\u0153uvre avec un service \u00e0 domicile.\" \/>\n<meta property=\"og:url\" content=\"https:\/\/www.danby.com\/fr\/products\/refrigerateurs-pour-petites-surfaces\/dpf073c1bsldd\/\" \/>\n<meta property=\"og:site_name\" content=\"Danby - Canada - French\" \/>\n<meta property=\"article:publisher\" content=\"https:\/\/www.facebook.com\/DanbyAppliances\" \/>\n<meta property=\"article:modified_time\" content=\"2026-04-29T10:23:51+00:00\" \/>\n<meta property=\"og:image\" content=\"https:\/\/cdnweb.danby.com\/wp-content\/uploads\/sites\/2\/2022\/02\/08200408\/DPF073C1BSLDD_Right.jpg\" \/>\n\t<meta property=\"og:image:width\" content=\"292\" \/>\n\t<meta property=\"og:image:height\" content=\"600\" \/>\n\t<meta property=\"og:image:type\" content=\"image\/jpeg\" \/>\n<meta name=\"twitter:card\" content=\"summary_large_image\" \/>\n<meta name=\"twitter:site\" content=\"@DanbyAppliance\" \/>\n<script type=\"application\/ld+json\" class=\"yoast-schema-graph\">{\"@context\":\"https:\\\/\\\/schema.org\",\"@graph\":[{\"@type\":[\"WebPage\",\"ItemPage\"],\"url\":\"https:\\\/\\\/www.danby.com\\\/fr\\\/products\\\/refrigerateurs-pour-petites-surfaces\\\/dpf073c1bsldd\\\/\",\"name\":\"R\u00e9frig\u00e9rateur Danby Designer de 7,3 pi\u00b3 \u00e0 cong\u00e9lateur en haut, taille appartement, en aspect acier inoxydable - DPF073C1BSLDD | Danby Canada\",\"isPartOf\":[],\"primaryImageOfPage\":[],\"image\":[],\"thumbnailUrl\":\"https:\\\/\\\/www.danby.com\\\/fr\\\/wp-content\\\/uploads\\\/sites\\\/2\\\/2025\\\/01\\\/Thumbnail_DPF073C1BSLDD.jpg\",\"datePublished\":\"2022-02-03T19:20:34+00:00\",\"dateModified\":\"2026-04-29T10:23:51+00:00\",\"description\":\"Ce r\u00e9frig\u00e9rateur \u00e9l\u00e9gant de Danby est id\u00e9al pour tous types de foyers, offrant 7,3 pi\u00b3 (206 litres) d'espace de refroidissement pour votre cuisine, dortoir ou salle de loisirs. L'entretien est d'une grande simplicit\u00e9 gr\u00e2ce au syst\u00e8me de d\u00e9givrage cyclique pratique, et retrouver vos boissons pr\u00e9f\u00e9r\u00e9es devient un jeu d'enfant gr\u00e2ce au rangement pour bouteilles longues dans la porte. Cette unit\u00e9 chic dispose de commandes m\u00e9caniques faciles \u00e0 utiliser. Elle comprend trois \u00e9tag\u00e8res en verre r\u00e9glables pour le r\u00e9frig\u00e9rateur et une \u00e9tag\u00e8re en fil m\u00e9tallique ajustable\\\/amovible pour le cong\u00e9lateur, offrant ainsi un espace de rangement polyvalent et maximal. Vos l\u00e9gumes seront gard\u00e9s au frais et facilement accessibles dans le bac \u00e0 l\u00e9gumes avec couvercle en verre. L'ouverture \u00e0 gauche ou \u00e0 droite est \u00e0 votre choix gr\u00e2ce \u00e0 la charni\u00e8re de porte r\u00e9versible, et ce r\u00e9frig\u00e9rateur robuste peut \u00eatre install\u00e9 contre un mur gr\u00e2ce \u00e0 son design arri\u00e8re lisse. Il b\u00e9n\u00e9ficie \u00e9galement d'une garantie de 18 mois sur les pi\u00e8ces et la main-d'\u0153uvre avec un service \u00e0 domicile.\",\"breadcrumb\":[],\"inLanguage\":\"fr-CA\",\"potentialAction\":[{\"@type\":\"ReadAction\",\"target\":[\"https:\\\/\\\/www.danby.com\\\/fr\\\/products\\\/refrigerateurs-pour-petites-surfaces\\\/dpf073c1bsldd\\\/\"]}]},{\"@type\":\"ImageObject\",\"inLanguage\":\"fr-CA\",\"url\":\"https:\\\/\\\/www.danby.com\\\/fr\\\/wp-content\\\/uploads\\\/sites\\\/2\\\/2025\\\/01\\\/Thumbnail_DPF073C1BSLDD.jpg\",\"contentUrl\":\"https:\\\/\\\/www.danby.com\\\/fr\\\/wp-content\\\/uploads\\\/sites\\\/2\\\/2025\\\/01\\\/Thumbnail_DPF073C1BSLDD.jpg\",\"width\":1125,\"height\":1500},{\"@type\":\"BreadcrumbList\",\"itemListElement\":[{\"@type\":\"ListItem\",\"position\":1,\"name\":\"Home\",\"item\":\"https:\\\/\\\/www.danby.com\\\/fr\\\/\"},{\"@type\":\"ListItem\",\"position\":2,\"name\":\"Boutique\",\"item\":\"https:\\\/\\\/www.danby.com\\\/fr\\\/boutique\\\/\"},{\"@type\":\"ListItem\",\"position\":3,\"name\":\"Danby Designer 7.3 pi3 R\u00e9frig\u00e9rateurs pour petites surface\"}]},{\"@type\":\"WebSite\",\"url\":\"https:\\\/\\\/www.danby.com\\\/fr\\\/\",\"name\":\"Danby - Canada - French\",\"description\":\"Leader dans le domaine de la r\u00e9frig\u00e9ration et des appareils sp\u00e9cialis\u00e9s\",\"publisher\":[],\"potentialAction\":[{\"@type\":\"SearchAction\",\"target\":{\"@type\":\"EntryPoint\",\"urlTemplate\":\"https:\\\/\\\/www.danby.com\\\/fr\\\/?s={search_term_string}\"},\"query-input\":{\"@type\":\"PropertyValueSpecification\",\"valueRequired\":true,\"valueName\":\"search_term_string\"}}],\"inLanguage\":\"fr-CA\"},{\"@type\":\"Organization\",\"name\":\"Danby Appliances\",\"url\":\"https:\\\/\\\/www.danby.com\\\/fr\\\/\",\"logo\":{\"@type\":\"ImageObject\",\"inLanguage\":\"fr-CA\",\"url\":\"https:\\\/\\\/cdnweb.danby.com\\\/wp-content\\\/uploads\\\/sites\\\/2\\\/2022\\\/02\\\/10141906\\\/Danby75Ans_Blue.png\",\"contentUrl\":\"https:\\\/\\\/cdnweb.danby.com\\\/wp-content\\\/uploads\\\/sites\\\/2\\\/2022\\\/02\\\/10141906\\\/Danby75Ans_Blue.png\",\"width\":470,\"height\":110,\"caption\":\"Danby Appliances\"},\"image\":[],\"sameAs\":[\"https:\\\/\\\/www.facebook.com\\\/DanbyAppliances\",\"https:\\\/\\\/x.com\\\/DanbyAppliance\",\"https:\\\/\\\/instagram.com\\\/danbyappliances\\\/\",\"https:\\\/\\\/www.linkedin.com\\\/company\\\/danbyappliances\",\"https:\\\/\\\/www.pinterest.ca\\\/danbyappliances\\\/\",\"https:\\\/\\\/www.youtube.com\\\/user\\\/DanbyProducts\",\"https:\\\/\\\/en.wikipedia.org\\\/wiki\\\/Danby_(appliances)\"]}]}<\/script>\n<!-- \/ Yoast SEO plugin. -->","yoast_head_json":{"title":"R\u00e9frig\u00e9rateur Danby Designer de 7,3 pi\u00b3 \u00e0 cong\u00e9lateur en haut, taille appartement, en aspect acier inoxydable - DPF073C1BSLDD | Danby Canada","description":"Ce r\u00e9frig\u00e9rateur \u00e9l\u00e9gant de Danby est id\u00e9al pour tous types de foyers, offrant 7,3 pi\u00b3 (206 litres) d'espace de refroidissement pour votre cuisine, dortoir ou salle de loisirs. L'entretien est d'une grande simplicit\u00e9 gr\u00e2ce au syst\u00e8me de d\u00e9givrage cyclique pratique, et retrouver vos boissons pr\u00e9f\u00e9r\u00e9es devient un jeu d'enfant gr\u00e2ce au rangement pour bouteilles longues dans la porte. Cette unit\u00e9 chic dispose de commandes m\u00e9caniques faciles \u00e0 utiliser. Elle comprend trois \u00e9tag\u00e8res en verre r\u00e9glables pour le r\u00e9frig\u00e9rateur et une \u00e9tag\u00e8re en fil m\u00e9tallique ajustable\/amovible pour le cong\u00e9lateur, offrant ainsi un espace de rangement polyvalent et maximal. Vos l\u00e9gumes seront gard\u00e9s au frais et facilement accessibles dans le bac \u00e0 l\u00e9gumes avec couvercle en verre. L'ouverture \u00e0 gauche ou \u00e0 droite est \u00e0 votre choix gr\u00e2ce \u00e0 la charni\u00e8re de porte r\u00e9versible, et ce r\u00e9frig\u00e9rateur robuste peut \u00eatre install\u00e9 contre un mur gr\u00e2ce \u00e0 son design arri\u00e8re lisse. Il b\u00e9n\u00e9ficie \u00e9galement d'une garantie de 18 mois sur les pi\u00e8ces et la main-d'\u0153uvre avec un service \u00e0 domicile.","robots":{"index":"index","follow":"follow","max-snippet":"max-snippet:-1","max-image-preview":"max-image-preview:large","max-video-preview":"max-video-preview:-1"},"canonical":"https:\/\/www.danby.com\/fr\/products\/refrigerateurs-pour-petites-surfaces\/dpf073c1bsldd\/","og_locale":"fr_CA","og_type":"article","og_title":"R\u00e9frig\u00e9rateur Danby Designer de 7,3 pi\u00b3 \u00e0 cong\u00e9lateur en haut, taille appartement, en aspect acier inoxydable - DPF073C1BSLDD | Danby Canada","og_description":"Ce r\u00e9frig\u00e9rateur \u00e9l\u00e9gant de Danby est id\u00e9al pour tous types de foyers, offrant 7,3 pi\u00b3 (206 litres) d'espace de refroidissement pour votre cuisine, dortoir ou salle de loisirs. L'entretien est d'une grande simplicit\u00e9 gr\u00e2ce au syst\u00e8me de d\u00e9givrage cyclique pratique, et retrouver vos boissons pr\u00e9f\u00e9r\u00e9es devient un jeu d'enfant gr\u00e2ce au rangement pour bouteilles longues dans la porte. Cette unit\u00e9 chic dispose de commandes m\u00e9caniques faciles \u00e0 utiliser. Elle comprend trois \u00e9tag\u00e8res en verre r\u00e9glables pour le r\u00e9frig\u00e9rateur et une \u00e9tag\u00e8re en fil m\u00e9tallique ajustable\/amovible pour le cong\u00e9lateur, offrant ainsi un espace de rangement polyvalent et maximal. Vos l\u00e9gumes seront gard\u00e9s au frais et facilement accessibles dans le bac \u00e0 l\u00e9gumes avec couvercle en verre. L'ouverture \u00e0 gauche ou \u00e0 droite est \u00e0 votre choix gr\u00e2ce \u00e0 la charni\u00e8re de porte r\u00e9versible, et ce r\u00e9frig\u00e9rateur robuste peut \u00eatre install\u00e9 contre un mur gr\u00e2ce \u00e0 son design arri\u00e8re lisse. Il b\u00e9n\u00e9ficie \u00e9galement d'une garantie de 18 mois sur les pi\u00e8ces et la main-d'\u0153uvre avec un service \u00e0 domicile.","og_url":"https:\/\/www.danby.com\/fr\/products\/refrigerateurs-pour-petites-surfaces\/dpf073c1bsldd\/","og_site_name":"Danby - Canada - French","article_publisher":"https:\/\/www.facebook.com\/DanbyAppliances","article_modified_time":"2026-04-29T10:23:51+00:00","og_image":[{"width":292,"height":600,"url":"https:\/\/cdnweb.danby.com\/wp-content\/uploads\/sites\/2\/2022\/02\/08200408\/DPF073C1BSLDD_Right.jpg","type":"image\/jpeg"}],"twitter_card":"summary_large_image","twitter_site":"@DanbyAppliance","schema":{"@context":"https:\/\/schema.org","@graph":[{"@type":["WebPage","ItemPage"],"url":"https:\/\/www.danby.com\/fr\/products\/refrigerateurs-pour-petites-surfaces\/dpf073c1bsldd\/","name":"R\u00e9frig\u00e9rateur Danby Designer de 7,3 pi\u00b3 \u00e0 cong\u00e9lateur en haut, taille appartement, en aspect acier inoxydable - DPF073C1BSLDD | Danby Canada","isPartOf":[],"primaryImageOfPage":[],"image":[],"thumbnailUrl":"https:\/\/www.danby.com\/fr\/wp-content\/uploads\/sites\/2\/2025\/01\/Thumbnail_DPF073C1BSLDD.jpg","datePublished":"2022-02-03T19:20:34+00:00","dateModified":"2026-04-29T10:23:51+00:00","description":"Ce r\u00e9frig\u00e9rateur \u00e9l\u00e9gant de Danby est id\u00e9al pour tous types de foyers, offrant 7,3 pi\u00b3 (206 litres) d'espace de refroidissement pour votre cuisine, dortoir ou salle de loisirs. L'entretien est d'une grande simplicit\u00e9 gr\u00e2ce au syst\u00e8me de d\u00e9givrage cyclique pratique, et retrouver vos boissons pr\u00e9f\u00e9r\u00e9es devient un jeu d'enfant gr\u00e2ce au rangement pour bouteilles longues dans la porte. Cette unit\u00e9 chic dispose de commandes m\u00e9caniques faciles \u00e0 utiliser. Elle comprend trois \u00e9tag\u00e8res en verre r\u00e9glables pour le r\u00e9frig\u00e9rateur et une \u00e9tag\u00e8re en fil m\u00e9tallique ajustable\/amovible pour le cong\u00e9lateur, offrant ainsi un espace de rangement polyvalent et maximal. Vos l\u00e9gumes seront gard\u00e9s au frais et facilement accessibles dans le bac \u00e0 l\u00e9gumes avec couvercle en verre. L'ouverture \u00e0 gauche ou \u00e0 droite est \u00e0 votre choix gr\u00e2ce \u00e0 la charni\u00e8re de porte r\u00e9versible, et ce r\u00e9frig\u00e9rateur robuste peut \u00eatre install\u00e9 contre un mur gr\u00e2ce \u00e0 son design arri\u00e8re lisse. Il b\u00e9n\u00e9ficie \u00e9galement d'une garantie de 18 mois sur les pi\u00e8ces et la main-d'\u0153uvre avec un service \u00e0 domicile.","breadcrumb":[],"inLanguage":"fr-CA","potentialAction":[{"@type":"ReadAction","target":["https:\/\/www.danby.com\/fr\/products\/refrigerateurs-pour-petites-surfaces\/dpf073c1bsldd\/"]}]},{"@type":"ImageObject","inLanguage":"fr-CA","url":"https:\/\/www.danby.com\/fr\/wp-content\/uploads\/sites\/2\/2025\/01\/Thumbnail_DPF073C1BSLDD.jpg","contentUrl":"https:\/\/www.danby.com\/fr\/wp-content\/uploads\/sites\/2\/2025\/01\/Thumbnail_DPF073C1BSLDD.jpg","width":1125,"height":1500},{"@type":"BreadcrumbList","itemListElement":[{"@type":"ListItem","position":1,"name":"Home","item":"https:\/\/www.danby.com\/fr\/"},{"@type":"ListItem","position":2,"name":"Boutique","item":"https:\/\/www.danby.com\/fr\/boutique\/"},{"@type":"ListItem","position":3,"name":"Danby Designer 7.3 pi3 R\u00e9frig\u00e9rateurs pour petites surface"}]},{"@type":"WebSite","url":"https:\/\/www.danby.com\/fr\/","name":"Danby - Canada - French","description":"Leader dans le domaine de la r\u00e9frig\u00e9ration et des appareils sp\u00e9cialis\u00e9s","publisher":[],"potentialAction":[{"@type":"SearchAction","target":{"@type":"EntryPoint","urlTemplate":"https:\/\/www.danby.com\/fr\/?s={search_term_string}"},"query-input":{"@type":"PropertyValueSpecification","valueRequired":true,"valueName":"search_term_string"}}],"inLanguage":"fr-CA"},{"@type":"Organization","name":"Danby Appliances","url":"https:\/\/www.danby.com\/fr\/","logo":{"@type":"ImageObject","inLanguage":"fr-CA","url":"https:\/\/cdnweb.danby.com\/wp-content\/uploads\/sites\/2\/2022\/02\/10141906\/Danby75Ans_Blue.png","contentUrl":"https:\/\/cdnweb.danby.com\/wp-content\/uploads\/sites\/2\/2022\/02\/10141906\/Danby75Ans_Blue.png","width":470,"height":110,"caption":"Danby Appliances"},"image":[],"sameAs":["https:\/\/www.facebook.com\/DanbyAppliances","https:\/\/x.com\/DanbyAppliance","https:\/\/instagram.com\/danbyappliances\/","https:\/\/www.linkedin.com\/company\/danbyappliances","https:\/\/www.pinterest.ca\/danbyappliances\/","https:\/\/www.youtube.com\/user\/DanbyProducts","https:\/\/en.wikipedia.org\/wiki\/Danby_(appliances)"]}]}},"post_mailing_queue_ids":[],"_links":{"self":[{"href":"https:\/\/www.danby.com\/fr\/wp-json\/wp\/v2\/product\/5174","targetHints":{"allow":["GET"]}}],"collection":[{"href":"https:\/\/www.danby.com\/fr\/wp-json\/wp\/v2\/product"}],"about":[{"href":"https:\/\/www.danby.com\/fr\/wp-json\/wp\/v2\/types\/product"}],"replies":[{"embeddable":true,"href":"https:\/\/www.danby.com\/fr\/wp-json\/wp\/v2\/comments?post=5174"}],"wp:featuredmedia":[{"embeddable":true,"href":"https:\/\/www.danby.com\/fr\/wp-json\/wp\/v2\/media\/30209"}],"wp:attachment":[{"href":"https:\/\/www.danby.com\/fr\/wp-json\/wp\/v2\/media?parent=5174"}],"wp:term":[{"taxonomy":"product_brand","embeddable":true,"href":"https:\/\/www.danby.com\/fr\/wp-json\/wp\/v2\/product_brand?post=5174"},{"taxonomy":"product_cat","embeddable":true,"href":"https:\/\/www.danby.com\/fr\/wp-json\/wp\/v2\/product_cat?post=5174"},{"taxonomy":"product_tag","embeddable":true,"href":"https:\/\/www.danby.com\/fr\/wp-json\/wp\/v2\/product_tag?post=5174"}],"curies":[{"name":"wp","href":"https:\/\/api.w.org\/{rel}","templated":true}]}}