{"id":5171,"date":"2022-02-03T19:20:34","date_gmt":"2022-02-03T19:20:34","guid":{"rendered":"https:\/\/www.danby.com\/fr\/product\/dpd21a1mdb\/"},"modified":"2026-04-13T10:05:14","modified_gmt":"2026-04-13T10:05:14","slug":"dpd21a1mdb","status":"publish","type":"product","link":"https:\/\/www.danby.com\/fr\/products\/refrigeration-compact\/dpd21a1mdb\/","title":{"rendered":"Contemporary Classic Espace de rangement"},"content":{"rendered":"","protected":false},"excerpt":{"rendered":"<ul>\n<li>Red Dot Design Award\u00a0 2017\u00a0Gagnant pour qualit\u00e9 de conception exceptionnelle<\/li>\n<li>Casier d\u2019entreposage compact de 21 po, offrant un espace d\u2019entreposage \u00e0 sec suppl\u00e9mentaire<\/li>\n<li>Fini noir nuit m\u00e9tallique et poign\u00e9e ergonomique chrom\u00e9e avec prise caoutchout\u00e9e<\/li>\n<li>Sur\u00e9l\u00e8ve votre r\u00e9frig\u00e9rateur &#8211; va de pair avec n\u2019importe quel r\u00e9frig\u00e9rateur Danby Classique Contemporain de 4,4 pi<sup>3<\/sup><\/li>\n<li>Tiroir avec serrure<\/li>\n<li>Assemblage facile<\/li>\n<\/ul>\n","protected":false},"featured_media":8723,"comment_status":"closed","ping_status":"open","template":"","meta":{"_acf_changed":false},"product_brand":[],"product_cat":[22],"product_tag":[],"class_list":{"0":"post-5171","1":"product","2":"type-product","3":"status-publish","4":"has-post-thumbnail","6":"product_cat-refrigeration-compact","8":"first","9":"outofstock","10":"taxable","11":"shipping-taxable","12":"product-type-simple"},"acf":[],"yoast_head":"<!-- This site is optimized with the Yoast SEO plugin v26.7 - https:\/\/yoast.com\/wordpress\/plugins\/seo\/ -->\n<title>Contemporary Classic Espace de rangement - DPD21A1MDB | Danby Canada<\/title>\n<meta name=\"description\" content=\"En exclusivit\u00e9, le premier casier compact. Con\u00e7u pour sur\u00e9lever votre r\u00e9frig\u00e9rateur compact, de mani\u00e8re \u00e0 ce qu\u2019il soit \u00e0 une hauteur plus pratique, et aussi pour vous offrir une surface d\u2019entreposage \u00e0 sec suppl\u00e9mentaire; cette innovation \u00e0 double fonction emporte la r\u00e9frig\u00e9ration vers de nouveaux sommets. Ce casier se caract\u00e9rise par un tiroir de conception courb\u00e9e exclusive \u00e0 Danby, une poign\u00e9e ergonomique avec prise caoutchout\u00e9e et une serrure de s\u00e9curit\u00e9. Ses caract\u00e9ristiques ext\u00e9rieures ne sont surpass\u00e9es que par la versatilit\u00e9 de sa surface d\u2019entreposage. Il va de pair avec n\u2019importe quel r\u00e9frig\u00e9rateur Danby Classique Contemporain de 4,4 pi3. R\u00e9frig\u00e9rateur vendu s\u00e9par\u00e9ment. Assemblage requis.\" \/>\n<meta name=\"robots\" content=\"index, follow, max-snippet:-1, max-image-preview:large, max-video-preview:-1\" \/>\n<link rel=\"canonical\" href=\"https:\/\/www.danby.com\/fr\/products\/refrigeration-compact\/dpd21a1mdb\/\" \/>\n<meta property=\"og:locale\" content=\"fr_CA\" \/>\n<meta property=\"og:type\" content=\"article\" \/>\n<meta property=\"og:title\" content=\"Contemporary Classic Espace de rangement - DPD21A1MDB | Danby Canada\" \/>\n<meta property=\"og:description\" content=\"En exclusivit\u00e9, le premier casier compact. Con\u00e7u pour sur\u00e9lever votre r\u00e9frig\u00e9rateur compact, de mani\u00e8re \u00e0 ce qu\u2019il soit \u00e0 une hauteur plus pratique, et aussi pour vous offrir une surface d\u2019entreposage \u00e0 sec suppl\u00e9mentaire; cette innovation \u00e0 double fonction emporte la r\u00e9frig\u00e9ration vers de nouveaux sommets. Ce casier se caract\u00e9rise par un tiroir de conception courb\u00e9e exclusive \u00e0 Danby, une poign\u00e9e ergonomique avec prise caoutchout\u00e9e et une serrure de s\u00e9curit\u00e9. Ses caract\u00e9ristiques ext\u00e9rieures ne sont surpass\u00e9es que par la versatilit\u00e9 de sa surface d\u2019entreposage. Il va de pair avec n\u2019importe quel r\u00e9frig\u00e9rateur Danby Classique Contemporain de 4,4 pi3. R\u00e9frig\u00e9rateur vendu s\u00e9par\u00e9ment. Assemblage requis.\" \/>\n<meta property=\"og:url\" content=\"https:\/\/www.danby.com\/fr\/products\/refrigeration-compact\/dpd21a1mdb\/\" \/>\n<meta property=\"og:site_name\" content=\"Danby - Canada - French\" \/>\n<meta property=\"article:publisher\" content=\"https:\/\/www.facebook.com\/DanbyAppliances\" \/>\n<meta property=\"article:modified_time\" content=\"2026-04-13T10:05:14+00:00\" \/>\n<meta property=\"og:image\" content=\"https:\/\/cdnweb.danby.com\/wp-content\/uploads\/sites\/2\/2022\/02\/08210646\/DPD21A1MDB_Right_Key-1.jpg\" \/>\n\t<meta property=\"og:image:width\" content=\"2344\" \/>\n\t<meta property=\"og:image:height\" content=\"1500\" \/>\n\t<meta property=\"og:image:type\" content=\"image\/jpeg\" \/>\n<meta name=\"twitter:card\" content=\"summary_large_image\" \/>\n<meta name=\"twitter:site\" content=\"@DanbyAppliance\" \/>\n<script type=\"application\/ld+json\" class=\"yoast-schema-graph\">{\"@context\":\"https:\/\/schema.org\",\"@graph\":[{\"@type\":[\"WebPage\",\"ItemPage\"],\"url\":\"https:\/\/www.danby.com\/fr\/products\/refrigeration-compact\/dpd21a1mdb\/\",\"name\":\"Contemporary Classic Espace de rangement - DPD21A1MDB | Danby Canada\",\"isPartOf\":[],\"primaryImageOfPage\":[],\"image\":[],\"thumbnailUrl\":\"https:\/\/cdnweb.danby.com\/wp-content\/uploads\/sites\/2\/2022\/02\/08210646\/DPD21A1MDB_Right_Key-1.jpg\",\"datePublished\":\"2022-02-03T19:20:34+00:00\",\"dateModified\":\"2026-04-13T10:05:14+00:00\",\"description\":\"En exclusivit\u00e9, le premier casier compact. Con\u00e7u pour sur\u00e9lever votre r\u00e9frig\u00e9rateur compact, de mani\u00e8re \u00e0 ce qu\u2019il soit \u00e0 une hauteur plus pratique, et aussi pour vous offrir une surface d\u2019entreposage \u00e0 sec suppl\u00e9mentaire; cette innovation \u00e0 double fonction emporte la r\u00e9frig\u00e9ration vers de nouveaux sommets. Ce casier se caract\u00e9rise par un tiroir de conception courb\u00e9e exclusive \u00e0 Danby, une poign\u00e9e ergonomique avec prise caoutchout\u00e9e et une serrure de s\u00e9curit\u00e9. Ses caract\u00e9ristiques ext\u00e9rieures ne sont surpass\u00e9es que par la versatilit\u00e9 de sa surface d\u2019entreposage. Il va de pair avec n\u2019importe quel r\u00e9frig\u00e9rateur Danby Classique Contemporain de 4,4 pi3. R\u00e9frig\u00e9rateur vendu s\u00e9par\u00e9ment. Assemblage requis.\",\"breadcrumb\":[],\"inLanguage\":\"fr-CA\",\"potentialAction\":[{\"@type\":\"ReadAction\",\"target\":[\"https:\/\/www.danby.com\/fr\/products\/refrigeration-compact\/dpd21a1mdb\/\"]}]},{\"@type\":\"ImageObject\",\"inLanguage\":\"fr-CA\",\"url\":\"https:\/\/cdnweb.danby.com\/wp-content\/uploads\/sites\/2\/2022\/02\/08210646\/DPD21A1MDB_Right_Key-1.jpg\",\"contentUrl\":\"https:\/\/cdnweb.danby.com\/wp-content\/uploads\/sites\/2\/2022\/02\/08210646\/DPD21A1MDB_Right_Key-1.jpg\",\"width\":2344,\"height\":1500},{\"@type\":\"BreadcrumbList\",\"itemListElement\":[{\"@type\":\"ListItem\",\"position\":1,\"name\":\"Home\",\"item\":\"https:\/\/www.danby.com\/fr\/\"},{\"@type\":\"ListItem\",\"position\":2,\"name\":\"Boutique\",\"item\":\"https:\/\/www.danby.com\/fr\/boutique\/\"},{\"@type\":\"ListItem\",\"position\":3,\"name\":\"Contemporary Classic Espace de rangement\"}]},{\"@type\":\"WebSite\",\"url\":\"https:\/\/www.danby.com\/fr\/\",\"name\":\"Danby - Canada - French\",\"description\":\"Leader dans le domaine de la r\u00e9frig\u00e9ration et des appareils sp\u00e9cialis\u00e9s\",\"publisher\":[],\"potentialAction\":[{\"@type\":\"SearchAction\",\"target\":{\"@type\":\"EntryPoint\",\"urlTemplate\":\"https:\/\/www.danby.com\/fr\/?s={search_term_string}\"},\"query-input\":{\"@type\":\"PropertyValueSpecification\",\"valueRequired\":true,\"valueName\":\"search_term_string\"}}],\"inLanguage\":\"fr-CA\"},{\"@type\":\"Organization\",\"name\":\"Danby Appliances\",\"url\":\"https:\/\/www.danby.com\/fr\/\",\"logo\":{\"@type\":\"ImageObject\",\"inLanguage\":\"fr-CA\",\"url\":\"https:\/\/cdnweb.danby.com\/wp-content\/uploads\/sites\/2\/2022\/02\/10141906\/Danby75Ans_Blue.png\",\"contentUrl\":\"https:\/\/cdnweb.danby.com\/wp-content\/uploads\/sites\/2\/2022\/02\/10141906\/Danby75Ans_Blue.png\",\"width\":470,\"height\":110,\"caption\":\"Danby Appliances\"},\"image\":[],\"sameAs\":[\"https:\/\/www.facebook.com\/DanbyAppliances\",\"https:\/\/x.com\/DanbyAppliance\",\"https:\/\/instagram.com\/danbyappliances\/\",\"https:\/\/www.linkedin.com\/company\/danbyappliances\",\"https:\/\/www.pinterest.ca\/danbyappliances\/\",\"https:\/\/www.youtube.com\/user\/DanbyProducts\",\"https:\/\/en.wikipedia.org\/wiki\/Danby_(appliances)\"]}]}<\/script>\n<!-- \/ Yoast SEO plugin. -->","yoast_head_json":{"title":"Contemporary Classic Espace de rangement - DPD21A1MDB | Danby Canada","description":"En exclusivit\u00e9, le premier casier compact. Con\u00e7u pour sur\u00e9lever votre r\u00e9frig\u00e9rateur compact, de mani\u00e8re \u00e0 ce qu\u2019il soit \u00e0 une hauteur plus pratique, et aussi pour vous offrir une surface d\u2019entreposage \u00e0 sec suppl\u00e9mentaire; cette innovation \u00e0 double fonction emporte la r\u00e9frig\u00e9ration vers de nouveaux sommets. Ce casier se caract\u00e9rise par un tiroir de conception courb\u00e9e exclusive \u00e0 Danby, une poign\u00e9e ergonomique avec prise caoutchout\u00e9e et une serrure de s\u00e9curit\u00e9. Ses caract\u00e9ristiques ext\u00e9rieures ne sont surpass\u00e9es que par la versatilit\u00e9 de sa surface d\u2019entreposage. Il va de pair avec n\u2019importe quel r\u00e9frig\u00e9rateur Danby Classique Contemporain de 4,4 pi3. R\u00e9frig\u00e9rateur vendu s\u00e9par\u00e9ment. Assemblage requis.","robots":{"index":"index","follow":"follow","max-snippet":"max-snippet:-1","max-image-preview":"max-image-preview:large","max-video-preview":"max-video-preview:-1"},"canonical":"https:\/\/www.danby.com\/fr\/products\/refrigeration-compact\/dpd21a1mdb\/","og_locale":"fr_CA","og_type":"article","og_title":"Contemporary Classic Espace de rangement - DPD21A1MDB | Danby Canada","og_description":"En exclusivit\u00e9, le premier casier compact. Con\u00e7u pour sur\u00e9lever votre r\u00e9frig\u00e9rateur compact, de mani\u00e8re \u00e0 ce qu\u2019il soit \u00e0 une hauteur plus pratique, et aussi pour vous offrir une surface d\u2019entreposage \u00e0 sec suppl\u00e9mentaire; cette innovation \u00e0 double fonction emporte la r\u00e9frig\u00e9ration vers de nouveaux sommets. Ce casier se caract\u00e9rise par un tiroir de conception courb\u00e9e exclusive \u00e0 Danby, une poign\u00e9e ergonomique avec prise caoutchout\u00e9e et une serrure de s\u00e9curit\u00e9. Ses caract\u00e9ristiques ext\u00e9rieures ne sont surpass\u00e9es que par la versatilit\u00e9 de sa surface d\u2019entreposage. Il va de pair avec n\u2019importe quel r\u00e9frig\u00e9rateur Danby Classique Contemporain de 4,4 pi3. R\u00e9frig\u00e9rateur vendu s\u00e9par\u00e9ment. Assemblage requis.","og_url":"https:\/\/www.danby.com\/fr\/products\/refrigeration-compact\/dpd21a1mdb\/","og_site_name":"Danby - Canada - French","article_publisher":"https:\/\/www.facebook.com\/DanbyAppliances","article_modified_time":"2026-04-13T10:05:14+00:00","og_image":[{"width":2344,"height":1500,"url":"https:\/\/cdnweb.danby.com\/wp-content\/uploads\/sites\/2\/2022\/02\/08210646\/DPD21A1MDB_Right_Key-1.jpg","type":"image\/jpeg"}],"twitter_card":"summary_large_image","twitter_site":"@DanbyAppliance","schema":{"@context":"https:\/\/schema.org","@graph":[{"@type":["WebPage","ItemPage"],"url":"https:\/\/www.danby.com\/fr\/products\/refrigeration-compact\/dpd21a1mdb\/","name":"Contemporary Classic Espace de rangement - DPD21A1MDB | Danby Canada","isPartOf":[],"primaryImageOfPage":[],"image":[],"thumbnailUrl":"https:\/\/cdnweb.danby.com\/wp-content\/uploads\/sites\/2\/2022\/02\/08210646\/DPD21A1MDB_Right_Key-1.jpg","datePublished":"2022-02-03T19:20:34+00:00","dateModified":"2026-04-13T10:05:14+00:00","description":"En exclusivit\u00e9, le premier casier compact. Con\u00e7u pour sur\u00e9lever votre r\u00e9frig\u00e9rateur compact, de mani\u00e8re \u00e0 ce qu\u2019il soit \u00e0 une hauteur plus pratique, et aussi pour vous offrir une surface d\u2019entreposage \u00e0 sec suppl\u00e9mentaire; cette innovation \u00e0 double fonction emporte la r\u00e9frig\u00e9ration vers de nouveaux sommets. Ce casier se caract\u00e9rise par un tiroir de conception courb\u00e9e exclusive \u00e0 Danby, une poign\u00e9e ergonomique avec prise caoutchout\u00e9e et une serrure de s\u00e9curit\u00e9. Ses caract\u00e9ristiques ext\u00e9rieures ne sont surpass\u00e9es que par la versatilit\u00e9 de sa surface d\u2019entreposage. Il va de pair avec n\u2019importe quel r\u00e9frig\u00e9rateur Danby Classique Contemporain de 4,4 pi3. R\u00e9frig\u00e9rateur vendu s\u00e9par\u00e9ment. Assemblage requis.","breadcrumb":[],"inLanguage":"fr-CA","potentialAction":[{"@type":"ReadAction","target":["https:\/\/www.danby.com\/fr\/products\/refrigeration-compact\/dpd21a1mdb\/"]}]},{"@type":"ImageObject","inLanguage":"fr-CA","url":"https:\/\/cdnweb.danby.com\/wp-content\/uploads\/sites\/2\/2022\/02\/08210646\/DPD21A1MDB_Right_Key-1.jpg","contentUrl":"https:\/\/cdnweb.danby.com\/wp-content\/uploads\/sites\/2\/2022\/02\/08210646\/DPD21A1MDB_Right_Key-1.jpg","width":2344,"height":1500},{"@type":"BreadcrumbList","itemListElement":[{"@type":"ListItem","position":1,"name":"Home","item":"https:\/\/www.danby.com\/fr\/"},{"@type":"ListItem","position":2,"name":"Boutique","item":"https:\/\/www.danby.com\/fr\/boutique\/"},{"@type":"ListItem","position":3,"name":"Contemporary Classic Espace de rangement"}]},{"@type":"WebSite","url":"https:\/\/www.danby.com\/fr\/","name":"Danby - Canada - French","description":"Leader dans le domaine de la r\u00e9frig\u00e9ration et des appareils sp\u00e9cialis\u00e9s","publisher":[],"potentialAction":[{"@type":"SearchAction","target":{"@type":"EntryPoint","urlTemplate":"https:\/\/www.danby.com\/fr\/?s={search_term_string}"},"query-input":{"@type":"PropertyValueSpecification","valueRequired":true,"valueName":"search_term_string"}}],"inLanguage":"fr-CA"},{"@type":"Organization","name":"Danby Appliances","url":"https:\/\/www.danby.com\/fr\/","logo":{"@type":"ImageObject","inLanguage":"fr-CA","url":"https:\/\/cdnweb.danby.com\/wp-content\/uploads\/sites\/2\/2022\/02\/10141906\/Danby75Ans_Blue.png","contentUrl":"https:\/\/cdnweb.danby.com\/wp-content\/uploads\/sites\/2\/2022\/02\/10141906\/Danby75Ans_Blue.png","width":470,"height":110,"caption":"Danby Appliances"},"image":[],"sameAs":["https:\/\/www.facebook.com\/DanbyAppliances","https:\/\/x.com\/DanbyAppliance","https:\/\/instagram.com\/danbyappliances\/","https:\/\/www.linkedin.com\/company\/danbyappliances","https:\/\/www.pinterest.ca\/danbyappliances\/","https:\/\/www.youtube.com\/user\/DanbyProducts","https:\/\/en.wikipedia.org\/wiki\/Danby_(appliances)"]}]}},"post_mailing_queue_ids":[],"_links":{"self":[{"href":"https:\/\/www.danby.com\/fr\/wp-json\/wp\/v2\/product\/5171","targetHints":{"allow":["GET"]}}],"collection":[{"href":"https:\/\/www.danby.com\/fr\/wp-json\/wp\/v2\/product"}],"about":[{"href":"https:\/\/www.danby.com\/fr\/wp-json\/wp\/v2\/types\/product"}],"replies":[{"embeddable":true,"href":"https:\/\/www.danby.com\/fr\/wp-json\/wp\/v2\/comments?post=5171"}],"wp:featuredmedia":[{"embeddable":true,"href":"https:\/\/www.danby.com\/fr\/wp-json\/wp\/v2\/media\/8723"}],"wp:attachment":[{"href":"https:\/\/www.danby.com\/fr\/wp-json\/wp\/v2\/media?parent=5171"}],"wp:term":[{"taxonomy":"product_brand","embeddable":true,"href":"https:\/\/www.danby.com\/fr\/wp-json\/wp\/v2\/product_brand?post=5171"},{"taxonomy":"product_cat","embeddable":true,"href":"https:\/\/www.danby.com\/fr\/wp-json\/wp\/v2\/product_cat?post=5171"},{"taxonomy":"product_tag","embeddable":true,"href":"https:\/\/www.danby.com\/fr\/wp-json\/wp\/v2\/product_tag?post=5171"}],"curies":[{"name":"wp","href":"https:\/\/api.w.org\/{rel}","templated":true}]}}