{"id":5170,"date":"2022-02-03T19:20:34","date_gmt":"2022-02-03T19:20:34","guid":{"rendered":"https:\/\/www.danby.com\/fr\/product\/dpac9010\/"},"modified":"2026-04-19T10:08:52","modified_gmt":"2026-04-19T10:08:52","slug":"dpac9010","status":"publish","type":"product","link":"https:\/\/www.danby.com\/fr\/products\/climatiseurs-portatifs\/dpac9010\/","title":{"rendered":"Danby 9000  Climatiseurs portatif"},"content":{"rendered":"","protected":false},"excerpt":{"rendered":"<ul>\n<li>Syst\u00e8me de confort domestique 3 en 1<\/li>\n<li>Syst\u00e8me d&#8217;\u00e9vaporation de l&#8217;eau ultra efficace<\/li>\n<li>1. Le climatiseur de 9 000 BTU refroidit environ 400 pi2<\/li>\n<li>2. Capacit\u00e9 de 54 pintes am\u00e9ricaines (26,6 litres) par 24 heures<\/li>\n<li>3. Un puissant ventilateur \u00e0 3 vitesses fait circuler l&#8217;air<\/li>\n<li>Frigorig\u00e8ne R410A respectueux de l&#8217;environnement<\/li>\n<li>Commandes \u00e9lectroniques avec t\u00e9l\u00e9commande et affichage LED<\/li>\n<li>Mise en marche\/arr\u00eat automatique : faites d\u00e9marrer ou arr\u00eater l&#8217;appareil en fonction de votre emploi du temps<\/li>\n<li>D\u00e9placement facile d&#8217;une pi\u00e8ce \u00e0 l&#8217;autre gr\u00e2ce aux poign\u00e9es et roulettes int\u00e9gr\u00e9es<\/li>\n<\/ul>\n","protected":false},"featured_media":6405,"comment_status":"closed","ping_status":"open","template":"","meta":{"_acf_changed":false},"product_brand":[],"product_cat":[35],"product_tag":[],"class_list":{"0":"post-5170","1":"product","2":"type-product","3":"status-publish","4":"has-post-thumbnail","6":"product_cat-climatiseurs-portatifs","8":"first","9":"outofstock","10":"taxable","11":"shipping-taxable","12":"product-type-simple"},"acf":[],"yoast_head":"<!-- This site is optimized with the Yoast SEO plugin v26.7 - https:\/\/yoast.com\/wordpress\/plugins\/seo\/ -->\n<title>Danby 9000 Climatiseurs portatif - DPAC9010 | Danby Canada<\/title>\n<meta name=\"description\" content=\"Soyez pr\u00eat pour l&#039;\u00e9t\u00e9 gr\u00e2ce \u00e0 ce conditionneur d&#039;air portable d&#039;une capacit\u00e9 de\u00a09\u00a0000\u00a0BTU. Couvrant une superficie de\u00a0400 pi\u00b2, ce conditionneur d&#039;air est id\u00e9al pour les condos et les appartements. Il convient parfaitement aussi aux chambres \u00e0 coucher et aux salons.\" \/>\n<meta name=\"robots\" content=\"index, follow, max-snippet:-1, max-image-preview:large, max-video-preview:-1\" \/>\n<link rel=\"canonical\" href=\"https:\/\/www.danby.com\/fr\/products\/climatiseurs-portatifs\/dpac9010\/\" \/>\n<meta property=\"og:locale\" content=\"fr_CA\" \/>\n<meta property=\"og:type\" content=\"article\" \/>\n<meta property=\"og:title\" content=\"Danby 9000 Climatiseurs portatif - DPAC9010 | Danby Canada\" \/>\n<meta property=\"og:description\" content=\"Soyez pr\u00eat pour l&#039;\u00e9t\u00e9 gr\u00e2ce \u00e0 ce conditionneur d&#039;air portable d&#039;une capacit\u00e9 de\u00a09\u00a0000\u00a0BTU. Couvrant une superficie de\u00a0400 pi\u00b2, ce conditionneur d&#039;air est id\u00e9al pour les condos et les appartements. Il convient parfaitement aussi aux chambres \u00e0 coucher et aux salons.\" \/>\n<meta property=\"og:url\" content=\"https:\/\/www.danby.com\/fr\/products\/climatiseurs-portatifs\/dpac9010\/\" \/>\n<meta property=\"og:site_name\" content=\"Danby - Canada - French\" \/>\n<meta property=\"article:publisher\" content=\"https:\/\/www.facebook.com\/DanbyAppliances\" \/>\n<meta property=\"article:modified_time\" content=\"2026-04-19T10:08:52+00:00\" \/>\n<meta property=\"og:image\" content=\"https:\/\/cdnweb.danby.com\/wp-content\/uploads\/sites\/2\/2022\/02\/08183907\/proMed-dpac9010.jpg\" \/>\n\t<meta property=\"og:image:width\" content=\"300\" \/>\n\t<meta property=\"og:image:height\" content=\"272\" \/>\n\t<meta property=\"og:image:type\" content=\"image\/jpeg\" \/>\n<meta name=\"twitter:card\" content=\"summary_large_image\" \/>\n<meta name=\"twitter:site\" content=\"@DanbyAppliance\" \/>\n<script type=\"application\/ld+json\" class=\"yoast-schema-graph\">{\"@context\":\"https:\/\/schema.org\",\"@graph\":[{\"@type\":[\"WebPage\",\"ItemPage\"],\"url\":\"https:\/\/www.danby.com\/fr\/products\/climatiseurs-portatifs\/dpac9010\/\",\"name\":\"Danby 9000 Climatiseurs portatif - DPAC9010 | Danby Canada\",\"isPartOf\":[],\"primaryImageOfPage\":[],\"image\":[],\"thumbnailUrl\":\"https:\/\/cdnweb.danby.com\/wp-content\/uploads\/sites\/2\/2022\/02\/08183907\/proMed-dpac9010.jpg\",\"datePublished\":\"2022-02-03T19:20:34+00:00\",\"dateModified\":\"2026-04-19T10:08:52+00:00\",\"description\":\"Soyez pr\u00eat pour l'\u00e9t\u00e9 gr\u00e2ce \u00e0 ce conditionneur d'air portable d'une capacit\u00e9 de\u00a09\u00a0000\u00a0BTU. Couvrant une superficie de\u00a0400 pi\u00b2, ce conditionneur d'air est id\u00e9al pour les condos et les appartements. Il convient parfaitement aussi aux chambres \u00e0 coucher et aux salons.\",\"breadcrumb\":[],\"inLanguage\":\"fr-CA\",\"potentialAction\":[{\"@type\":\"ReadAction\",\"target\":[\"https:\/\/www.danby.com\/fr\/products\/climatiseurs-portatifs\/dpac9010\/\"]}]},{\"@type\":\"ImageObject\",\"inLanguage\":\"fr-CA\",\"url\":\"https:\/\/cdnweb.danby.com\/wp-content\/uploads\/sites\/2\/2022\/02\/08183907\/proMed-dpac9010.jpg\",\"contentUrl\":\"https:\/\/cdnweb.danby.com\/wp-content\/uploads\/sites\/2\/2022\/02\/08183907\/proMed-dpac9010.jpg\",\"width\":300,\"height\":272},{\"@type\":\"BreadcrumbList\",\"itemListElement\":[{\"@type\":\"ListItem\",\"position\":1,\"name\":\"Home\",\"item\":\"https:\/\/www.danby.com\/fr\/\"},{\"@type\":\"ListItem\",\"position\":2,\"name\":\"Boutique\",\"item\":\"https:\/\/www.danby.com\/fr\/boutique\/\"},{\"@type\":\"ListItem\",\"position\":3,\"name\":\"Danby 9000 Climatiseurs portatif\"}]},{\"@type\":\"WebSite\",\"url\":\"https:\/\/www.danby.com\/fr\/\",\"name\":\"Danby - Canada - French\",\"description\":\"Leader dans le domaine de la r\u00e9frig\u00e9ration et des appareils sp\u00e9cialis\u00e9s\",\"publisher\":[],\"potentialAction\":[{\"@type\":\"SearchAction\",\"target\":{\"@type\":\"EntryPoint\",\"urlTemplate\":\"https:\/\/www.danby.com\/fr\/?s={search_term_string}\"},\"query-input\":{\"@type\":\"PropertyValueSpecification\",\"valueRequired\":true,\"valueName\":\"search_term_string\"}}],\"inLanguage\":\"fr-CA\"},{\"@type\":\"Organization\",\"name\":\"Danby Appliances\",\"url\":\"https:\/\/www.danby.com\/fr\/\",\"logo\":{\"@type\":\"ImageObject\",\"inLanguage\":\"fr-CA\",\"url\":\"https:\/\/cdnweb.danby.com\/wp-content\/uploads\/sites\/2\/2022\/02\/10141906\/Danby75Ans_Blue.png\",\"contentUrl\":\"https:\/\/cdnweb.danby.com\/wp-content\/uploads\/sites\/2\/2022\/02\/10141906\/Danby75Ans_Blue.png\",\"width\":470,\"height\":110,\"caption\":\"Danby Appliances\"},\"image\":[],\"sameAs\":[\"https:\/\/www.facebook.com\/DanbyAppliances\",\"https:\/\/x.com\/DanbyAppliance\",\"https:\/\/instagram.com\/danbyappliances\/\",\"https:\/\/www.linkedin.com\/company\/danbyappliances\",\"https:\/\/www.pinterest.ca\/danbyappliances\/\",\"https:\/\/www.youtube.com\/user\/DanbyProducts\",\"https:\/\/en.wikipedia.org\/wiki\/Danby_(appliances)\"]}]}<\/script>\n<!-- \/ Yoast SEO plugin. -->","yoast_head_json":{"title":"Danby 9000 Climatiseurs portatif - DPAC9010 | Danby Canada","description":"Soyez pr\u00eat pour l'\u00e9t\u00e9 gr\u00e2ce \u00e0 ce conditionneur d'air portable d'une capacit\u00e9 de\u00a09\u00a0000\u00a0BTU. Couvrant une superficie de\u00a0400 pi\u00b2, ce conditionneur d'air est id\u00e9al pour les condos et les appartements. Il convient parfaitement aussi aux chambres \u00e0 coucher et aux salons.","robots":{"index":"index","follow":"follow","max-snippet":"max-snippet:-1","max-image-preview":"max-image-preview:large","max-video-preview":"max-video-preview:-1"},"canonical":"https:\/\/www.danby.com\/fr\/products\/climatiseurs-portatifs\/dpac9010\/","og_locale":"fr_CA","og_type":"article","og_title":"Danby 9000 Climatiseurs portatif - DPAC9010 | Danby Canada","og_description":"Soyez pr\u00eat pour l'\u00e9t\u00e9 gr\u00e2ce \u00e0 ce conditionneur d'air portable d'une capacit\u00e9 de\u00a09\u00a0000\u00a0BTU. Couvrant une superficie de\u00a0400 pi\u00b2, ce conditionneur d'air est id\u00e9al pour les condos et les appartements. Il convient parfaitement aussi aux chambres \u00e0 coucher et aux salons.","og_url":"https:\/\/www.danby.com\/fr\/products\/climatiseurs-portatifs\/dpac9010\/","og_site_name":"Danby - Canada - French","article_publisher":"https:\/\/www.facebook.com\/DanbyAppliances","article_modified_time":"2026-04-19T10:08:52+00:00","og_image":[{"width":300,"height":272,"url":"https:\/\/cdnweb.danby.com\/wp-content\/uploads\/sites\/2\/2022\/02\/08183907\/proMed-dpac9010.jpg","type":"image\/jpeg"}],"twitter_card":"summary_large_image","twitter_site":"@DanbyAppliance","schema":{"@context":"https:\/\/schema.org","@graph":[{"@type":["WebPage","ItemPage"],"url":"https:\/\/www.danby.com\/fr\/products\/climatiseurs-portatifs\/dpac9010\/","name":"Danby 9000 Climatiseurs portatif - DPAC9010 | Danby Canada","isPartOf":[],"primaryImageOfPage":[],"image":[],"thumbnailUrl":"https:\/\/cdnweb.danby.com\/wp-content\/uploads\/sites\/2\/2022\/02\/08183907\/proMed-dpac9010.jpg","datePublished":"2022-02-03T19:20:34+00:00","dateModified":"2026-04-19T10:08:52+00:00","description":"Soyez pr\u00eat pour l'\u00e9t\u00e9 gr\u00e2ce \u00e0 ce conditionneur d'air portable d'une capacit\u00e9 de\u00a09\u00a0000\u00a0BTU. Couvrant une superficie de\u00a0400 pi\u00b2, ce conditionneur d'air est id\u00e9al pour les condos et les appartements. Il convient parfaitement aussi aux chambres \u00e0 coucher et aux salons.","breadcrumb":[],"inLanguage":"fr-CA","potentialAction":[{"@type":"ReadAction","target":["https:\/\/www.danby.com\/fr\/products\/climatiseurs-portatifs\/dpac9010\/"]}]},{"@type":"ImageObject","inLanguage":"fr-CA","url":"https:\/\/cdnweb.danby.com\/wp-content\/uploads\/sites\/2\/2022\/02\/08183907\/proMed-dpac9010.jpg","contentUrl":"https:\/\/cdnweb.danby.com\/wp-content\/uploads\/sites\/2\/2022\/02\/08183907\/proMed-dpac9010.jpg","width":300,"height":272},{"@type":"BreadcrumbList","itemListElement":[{"@type":"ListItem","position":1,"name":"Home","item":"https:\/\/www.danby.com\/fr\/"},{"@type":"ListItem","position":2,"name":"Boutique","item":"https:\/\/www.danby.com\/fr\/boutique\/"},{"@type":"ListItem","position":3,"name":"Danby 9000 Climatiseurs portatif"}]},{"@type":"WebSite","url":"https:\/\/www.danby.com\/fr\/","name":"Danby - Canada - French","description":"Leader dans le domaine de la r\u00e9frig\u00e9ration et des appareils sp\u00e9cialis\u00e9s","publisher":[],"potentialAction":[{"@type":"SearchAction","target":{"@type":"EntryPoint","urlTemplate":"https:\/\/www.danby.com\/fr\/?s={search_term_string}"},"query-input":{"@type":"PropertyValueSpecification","valueRequired":true,"valueName":"search_term_string"}}],"inLanguage":"fr-CA"},{"@type":"Organization","name":"Danby Appliances","url":"https:\/\/www.danby.com\/fr\/","logo":{"@type":"ImageObject","inLanguage":"fr-CA","url":"https:\/\/cdnweb.danby.com\/wp-content\/uploads\/sites\/2\/2022\/02\/10141906\/Danby75Ans_Blue.png","contentUrl":"https:\/\/cdnweb.danby.com\/wp-content\/uploads\/sites\/2\/2022\/02\/10141906\/Danby75Ans_Blue.png","width":470,"height":110,"caption":"Danby Appliances"},"image":[],"sameAs":["https:\/\/www.facebook.com\/DanbyAppliances","https:\/\/x.com\/DanbyAppliance","https:\/\/instagram.com\/danbyappliances\/","https:\/\/www.linkedin.com\/company\/danbyappliances","https:\/\/www.pinterest.ca\/danbyappliances\/","https:\/\/www.youtube.com\/user\/DanbyProducts","https:\/\/en.wikipedia.org\/wiki\/Danby_(appliances)"]}]}},"post_mailing_queue_ids":[],"_links":{"self":[{"href":"https:\/\/www.danby.com\/fr\/wp-json\/wp\/v2\/product\/5170","targetHints":{"allow":["GET"]}}],"collection":[{"href":"https:\/\/www.danby.com\/fr\/wp-json\/wp\/v2\/product"}],"about":[{"href":"https:\/\/www.danby.com\/fr\/wp-json\/wp\/v2\/types\/product"}],"replies":[{"embeddable":true,"href":"https:\/\/www.danby.com\/fr\/wp-json\/wp\/v2\/comments?post=5170"}],"wp:featuredmedia":[{"embeddable":true,"href":"https:\/\/www.danby.com\/fr\/wp-json\/wp\/v2\/media\/6405"}],"wp:attachment":[{"href":"https:\/\/www.danby.com\/fr\/wp-json\/wp\/v2\/media?parent=5170"}],"wp:term":[{"taxonomy":"product_brand","embeddable":true,"href":"https:\/\/www.danby.com\/fr\/wp-json\/wp\/v2\/product_brand?post=5170"},{"taxonomy":"product_cat","embeddable":true,"href":"https:\/\/www.danby.com\/fr\/wp-json\/wp\/v2\/product_cat?post=5170"},{"taxonomy":"product_tag","embeddable":true,"href":"https:\/\/www.danby.com\/fr\/wp-json\/wp\/v2\/product_tag?post=5170"}],"curies":[{"name":"wp","href":"https:\/\/api.w.org\/{rel}","templated":true}]}}