{"id":5166,"date":"2022-02-03T19:20:34","date_gmt":"2022-02-03T19:20:34","guid":{"rendered":"https:\/\/www.danby.com\/fr\/product\/dpac7099\/"},"modified":"2026-04-08T10:07:45","modified_gmt":"2026-04-08T10:07:45","slug":"dpac7099","status":"publish","type":"product","link":"https:\/\/www.danby.com\/fr\/products\/climatiseurs-portatifs\/dpac7099\/","title":{"rendered":"Danby 7000  Climatiseurs portatif"},"content":{"rendered":"","protected":false},"excerpt":{"rendered":"<ul>\n<li>Le climatiseur de 7 000 BTU refroidit environ 250 pi2<\/li>\n<li>Cote d&#8217;efficacit\u00e9 \u00e9nerg\u00e9tique (EER) de 9,3<\/li>\n<li>R\u00e9frig\u00e9rant R410A \u00e9cologique<\/li>\n<li>Commandes \u00e9lectroniques avec t\u00e9l\u00e9commande et affichage \u00e0 DEL<\/li>\n<li>Le ventilateur \u00e0 3 vitesses fait circuler l&#8217;air<\/li>\n<li>S&#8217;adapte facilement aux portes de verre coulissantes, aux fen\u00eatres coulissantes et \u00e0 guillotine double.<\/li>\n<li>D\u00e9placement facile d&#8217;une pi\u00e8ce \u00e0 l&#8217;autre gr\u00e2ce aux poign\u00e9es et roulettes int\u00e9gr\u00e9es<\/li>\n<li>Mise en marche\/arr\u00eat automatique : faites en sorte que l&#8217;appareil d\u00e9marre ou s&#8217;arr\u00eate en fonction de votre emploi du temps<\/li>\n<li>Conception \u00e0 tuyau unique : \u00e9vacue efficacement l&#8217;air chaud et humide \u00e0 l&#8217;ext\u00e9rieur<\/li>\n<li>Le kit d&#8217;installation de fen\u00eatre extensible s&#8217;adapte aux fen\u00eatres de 28 6\/16&#8243; \u00e0 79 15\/16&#8243; de large<\/li>\n<li>Longueur du tuyau d&#8217;\u00e9vacuation : 47 4\/16&#8243; (120 cm)<\/li>\n<\/ul>\n","protected":false},"featured_media":6397,"comment_status":"closed","ping_status":"open","template":"","meta":{"_acf_changed":false},"product_brand":[],"product_cat":[35],"product_tag":[],"class_list":{"0":"post-5166","1":"product","2":"type-product","3":"status-publish","4":"has-post-thumbnail","6":"product_cat-climatiseurs-portatifs","8":"first","9":"outofstock","10":"taxable","11":"shipping-taxable","12":"product-type-simple"},"acf":[],"yoast_head":"<!-- This site is optimized with the Yoast SEO plugin v26.7 - https:\/\/yoast.com\/wordpress\/plugins\/seo\/ -->\n<title>Danby 7000 Climatiseurs portatif - DPAC7099 | Danby Canada<\/title>\n<meta name=\"description\" content=\"Ce spectaculaire climatiseur portatif vous assurera que l&#039;air frais vous suive partout durant l&#039;\u00e9t\u00e9. Il peut \u00eatre facilement et rapidement install\u00e9 dans n&#039;importe quelle pi\u00e8ce et avec ses 7000 BTU de capacit\u00e9 de refroidissement, il est en mesure de garder un espace allant jusqu\u2019\u00e0 250 pieds carr\u00e9s aussi confortable que possible. L&#039;air est distribu\u00e9 uniform\u00e9ment, gr\u00e2ce au ventilateur \u00e0 trois vitesses programmable par commande \u00e0 distance ou au moyen de l&#039;unit\u00e9 d&#039;affichage \u00e0 DEL. Vous n&#039;avez pas \u00e0 vous soucier de l&#039;allumer et de l\u2019\u00e9teindre, \u00e9tant donn\u00e9 qu\u2019il vient avec une fonctionnalit\u00e9 automatique de marche \/ arr\u00eat \u00e0 la fine pointe de la technologie. Cet appareil est respectueux de l&#039;environnement et avec un taux de rendement \u00e9nerg\u00e9tique de 9,3, il r\u00e9duira vos factures \u00e9nerg\u00e9tiques. Ce mod\u00e8le \u00e9tant livr\u00e9 avec une garantie de 12 mois sur les pi\u00e8ces et la main d&#039;\u0153uvre, il est inutile de s\u2019inqui\u00e9ter d\u2019une \u00e9ventuelle avarie.\" \/>\n<meta name=\"robots\" content=\"index, follow, max-snippet:-1, max-image-preview:large, max-video-preview:-1\" \/>\n<link rel=\"canonical\" href=\"https:\/\/www.danby.com\/fr\/products\/climatiseurs-portatifs\/dpac7099\/\" \/>\n<meta property=\"og:locale\" content=\"fr_CA\" \/>\n<meta property=\"og:type\" content=\"article\" \/>\n<meta property=\"og:title\" content=\"Danby 7000 Climatiseurs portatif - DPAC7099 | Danby Canada\" \/>\n<meta property=\"og:description\" content=\"Ce spectaculaire climatiseur portatif vous assurera que l&#039;air frais vous suive partout durant l&#039;\u00e9t\u00e9. Il peut \u00eatre facilement et rapidement install\u00e9 dans n&#039;importe quelle pi\u00e8ce et avec ses 7000 BTU de capacit\u00e9 de refroidissement, il est en mesure de garder un espace allant jusqu\u2019\u00e0 250 pieds carr\u00e9s aussi confortable que possible. L&#039;air est distribu\u00e9 uniform\u00e9ment, gr\u00e2ce au ventilateur \u00e0 trois vitesses programmable par commande \u00e0 distance ou au moyen de l&#039;unit\u00e9 d&#039;affichage \u00e0 DEL. Vous n&#039;avez pas \u00e0 vous soucier de l&#039;allumer et de l\u2019\u00e9teindre, \u00e9tant donn\u00e9 qu\u2019il vient avec une fonctionnalit\u00e9 automatique de marche \/ arr\u00eat \u00e0 la fine pointe de la technologie. Cet appareil est respectueux de l&#039;environnement et avec un taux de rendement \u00e9nerg\u00e9tique de 9,3, il r\u00e9duira vos factures \u00e9nerg\u00e9tiques. Ce mod\u00e8le \u00e9tant livr\u00e9 avec une garantie de 12 mois sur les pi\u00e8ces et la main d&#039;\u0153uvre, il est inutile de s\u2019inqui\u00e9ter d\u2019une \u00e9ventuelle avarie.\" \/>\n<meta property=\"og:url\" content=\"https:\/\/www.danby.com\/fr\/products\/climatiseurs-portatifs\/dpac7099\/\" \/>\n<meta property=\"og:site_name\" content=\"Danby - Canada - French\" \/>\n<meta property=\"article:publisher\" content=\"https:\/\/www.facebook.com\/DanbyAppliances\" \/>\n<meta property=\"article:modified_time\" content=\"2026-04-08T10:07:45+00:00\" \/>\n<meta property=\"og:image\" content=\"https:\/\/cdnweb.danby.com\/wp-content\/uploads\/sites\/2\/2022\/02\/08183853\/proMed-dpac7099.jpg\" \/>\n\t<meta property=\"og:image:width\" content=\"300\" \/>\n\t<meta property=\"og:image:height\" content=\"272\" \/>\n\t<meta property=\"og:image:type\" content=\"image\/jpeg\" \/>\n<meta name=\"twitter:card\" content=\"summary_large_image\" \/>\n<meta name=\"twitter:site\" content=\"@DanbyAppliance\" \/>\n<script type=\"application\/ld+json\" class=\"yoast-schema-graph\">{\"@context\":\"https:\/\/schema.org\",\"@graph\":[{\"@type\":[\"WebPage\",\"ItemPage\"],\"url\":\"https:\/\/www.danby.com\/fr\/products\/climatiseurs-portatifs\/dpac7099\/\",\"name\":\"Danby 7000 Climatiseurs portatif - DPAC7099 | Danby Canada\",\"isPartOf\":[],\"primaryImageOfPage\":[],\"image\":[],\"thumbnailUrl\":\"https:\/\/cdnweb.danby.com\/wp-content\/uploads\/sites\/2\/2022\/02\/08183853\/proMed-dpac7099.jpg\",\"datePublished\":\"2022-02-03T19:20:34+00:00\",\"dateModified\":\"2026-04-08T10:07:45+00:00\",\"description\":\"Ce spectaculaire climatiseur portatif vous assurera que l'air frais vous suive partout durant l'\u00e9t\u00e9. Il peut \u00eatre facilement et rapidement install\u00e9 dans n'importe quelle pi\u00e8ce et avec ses 7000 BTU de capacit\u00e9 de refroidissement, il est en mesure de garder un espace allant jusqu\u2019\u00e0 250 pieds carr\u00e9s aussi confortable que possible. L'air est distribu\u00e9 uniform\u00e9ment, gr\u00e2ce au ventilateur \u00e0 trois vitesses programmable par commande \u00e0 distance ou au moyen de l'unit\u00e9 d'affichage \u00e0 DEL. Vous n'avez pas \u00e0 vous soucier de l'allumer et de l\u2019\u00e9teindre, \u00e9tant donn\u00e9 qu\u2019il vient avec une fonctionnalit\u00e9 automatique de marche \/ arr\u00eat \u00e0 la fine pointe de la technologie. Cet appareil est respectueux de l'environnement et avec un taux de rendement \u00e9nerg\u00e9tique de 9,3, il r\u00e9duira vos factures \u00e9nerg\u00e9tiques. Ce mod\u00e8le \u00e9tant livr\u00e9 avec une garantie de 12 mois sur les pi\u00e8ces et la main d'\u0153uvre, il est inutile de s\u2019inqui\u00e9ter d\u2019une \u00e9ventuelle avarie.\",\"breadcrumb\":[],\"inLanguage\":\"fr-CA\",\"potentialAction\":[{\"@type\":\"ReadAction\",\"target\":[\"https:\/\/www.danby.com\/fr\/products\/climatiseurs-portatifs\/dpac7099\/\"]}]},{\"@type\":\"ImageObject\",\"inLanguage\":\"fr-CA\",\"url\":\"https:\/\/cdnweb.danby.com\/wp-content\/uploads\/sites\/2\/2022\/02\/08183853\/proMed-dpac7099.jpg\",\"contentUrl\":\"https:\/\/cdnweb.danby.com\/wp-content\/uploads\/sites\/2\/2022\/02\/08183853\/proMed-dpac7099.jpg\",\"width\":300,\"height\":272},{\"@type\":\"BreadcrumbList\",\"itemListElement\":[{\"@type\":\"ListItem\",\"position\":1,\"name\":\"Home\",\"item\":\"https:\/\/www.danby.com\/fr\/\"},{\"@type\":\"ListItem\",\"position\":2,\"name\":\"Boutique\",\"item\":\"https:\/\/www.danby.com\/fr\/boutique\/\"},{\"@type\":\"ListItem\",\"position\":3,\"name\":\"Danby 7000 Climatiseurs portatif\"}]},{\"@type\":\"WebSite\",\"url\":\"https:\/\/www.danby.com\/fr\/\",\"name\":\"Danby - Canada - French\",\"description\":\"Leader dans le domaine de la r\u00e9frig\u00e9ration et des appareils sp\u00e9cialis\u00e9s\",\"publisher\":[],\"potentialAction\":[{\"@type\":\"SearchAction\",\"target\":{\"@type\":\"EntryPoint\",\"urlTemplate\":\"https:\/\/www.danby.com\/fr\/?s={search_term_string}\"},\"query-input\":{\"@type\":\"PropertyValueSpecification\",\"valueRequired\":true,\"valueName\":\"search_term_string\"}}],\"inLanguage\":\"fr-CA\"},{\"@type\":\"Organization\",\"name\":\"Danby Appliances\",\"url\":\"https:\/\/www.danby.com\/fr\/\",\"logo\":{\"@type\":\"ImageObject\",\"inLanguage\":\"fr-CA\",\"url\":\"https:\/\/cdnweb.danby.com\/wp-content\/uploads\/sites\/2\/2022\/02\/10141906\/Danby75Ans_Blue.png\",\"contentUrl\":\"https:\/\/cdnweb.danby.com\/wp-content\/uploads\/sites\/2\/2022\/02\/10141906\/Danby75Ans_Blue.png\",\"width\":470,\"height\":110,\"caption\":\"Danby Appliances\"},\"image\":[],\"sameAs\":[\"https:\/\/www.facebook.com\/DanbyAppliances\",\"https:\/\/x.com\/DanbyAppliance\",\"https:\/\/instagram.com\/danbyappliances\/\",\"https:\/\/www.linkedin.com\/company\/danbyappliances\",\"https:\/\/www.pinterest.ca\/danbyappliances\/\",\"https:\/\/www.youtube.com\/user\/DanbyProducts\",\"https:\/\/en.wikipedia.org\/wiki\/Danby_(appliances)\"]}]}<\/script>\n<!-- \/ Yoast SEO plugin. -->","yoast_head_json":{"title":"Danby 7000 Climatiseurs portatif - DPAC7099 | Danby Canada","description":"Ce spectaculaire climatiseur portatif vous assurera que l'air frais vous suive partout durant l'\u00e9t\u00e9. Il peut \u00eatre facilement et rapidement install\u00e9 dans n'importe quelle pi\u00e8ce et avec ses 7000 BTU de capacit\u00e9 de refroidissement, il est en mesure de garder un espace allant jusqu\u2019\u00e0 250 pieds carr\u00e9s aussi confortable que possible. L'air est distribu\u00e9 uniform\u00e9ment, gr\u00e2ce au ventilateur \u00e0 trois vitesses programmable par commande \u00e0 distance ou au moyen de l'unit\u00e9 d'affichage \u00e0 DEL. Vous n'avez pas \u00e0 vous soucier de l'allumer et de l\u2019\u00e9teindre, \u00e9tant donn\u00e9 qu\u2019il vient avec une fonctionnalit\u00e9 automatique de marche \/ arr\u00eat \u00e0 la fine pointe de la technologie. Cet appareil est respectueux de l'environnement et avec un taux de rendement \u00e9nerg\u00e9tique de 9,3, il r\u00e9duira vos factures \u00e9nerg\u00e9tiques. Ce mod\u00e8le \u00e9tant livr\u00e9 avec une garantie de 12 mois sur les pi\u00e8ces et la main d'\u0153uvre, il est inutile de s\u2019inqui\u00e9ter d\u2019une \u00e9ventuelle avarie.","robots":{"index":"index","follow":"follow","max-snippet":"max-snippet:-1","max-image-preview":"max-image-preview:large","max-video-preview":"max-video-preview:-1"},"canonical":"https:\/\/www.danby.com\/fr\/products\/climatiseurs-portatifs\/dpac7099\/","og_locale":"fr_CA","og_type":"article","og_title":"Danby 7000 Climatiseurs portatif - DPAC7099 | Danby Canada","og_description":"Ce spectaculaire climatiseur portatif vous assurera que l'air frais vous suive partout durant l'\u00e9t\u00e9. Il peut \u00eatre facilement et rapidement install\u00e9 dans n'importe quelle pi\u00e8ce et avec ses 7000 BTU de capacit\u00e9 de refroidissement, il est en mesure de garder un espace allant jusqu\u2019\u00e0 250 pieds carr\u00e9s aussi confortable que possible. L'air est distribu\u00e9 uniform\u00e9ment, gr\u00e2ce au ventilateur \u00e0 trois vitesses programmable par commande \u00e0 distance ou au moyen de l'unit\u00e9 d'affichage \u00e0 DEL. Vous n'avez pas \u00e0 vous soucier de l'allumer et de l\u2019\u00e9teindre, \u00e9tant donn\u00e9 qu\u2019il vient avec une fonctionnalit\u00e9 automatique de marche \/ arr\u00eat \u00e0 la fine pointe de la technologie. Cet appareil est respectueux de l'environnement et avec un taux de rendement \u00e9nerg\u00e9tique de 9,3, il r\u00e9duira vos factures \u00e9nerg\u00e9tiques. Ce mod\u00e8le \u00e9tant livr\u00e9 avec une garantie de 12 mois sur les pi\u00e8ces et la main d'\u0153uvre, il est inutile de s\u2019inqui\u00e9ter d\u2019une \u00e9ventuelle avarie.","og_url":"https:\/\/www.danby.com\/fr\/products\/climatiseurs-portatifs\/dpac7099\/","og_site_name":"Danby - Canada - French","article_publisher":"https:\/\/www.facebook.com\/DanbyAppliances","article_modified_time":"2026-04-08T10:07:45+00:00","og_image":[{"width":300,"height":272,"url":"https:\/\/cdnweb.danby.com\/wp-content\/uploads\/sites\/2\/2022\/02\/08183853\/proMed-dpac7099.jpg","type":"image\/jpeg"}],"twitter_card":"summary_large_image","twitter_site":"@DanbyAppliance","schema":{"@context":"https:\/\/schema.org","@graph":[{"@type":["WebPage","ItemPage"],"url":"https:\/\/www.danby.com\/fr\/products\/climatiseurs-portatifs\/dpac7099\/","name":"Danby 7000 Climatiseurs portatif - DPAC7099 | Danby Canada","isPartOf":[],"primaryImageOfPage":[],"image":[],"thumbnailUrl":"https:\/\/cdnweb.danby.com\/wp-content\/uploads\/sites\/2\/2022\/02\/08183853\/proMed-dpac7099.jpg","datePublished":"2022-02-03T19:20:34+00:00","dateModified":"2026-04-08T10:07:45+00:00","description":"Ce spectaculaire climatiseur portatif vous assurera que l'air frais vous suive partout durant l'\u00e9t\u00e9. Il peut \u00eatre facilement et rapidement install\u00e9 dans n'importe quelle pi\u00e8ce et avec ses 7000 BTU de capacit\u00e9 de refroidissement, il est en mesure de garder un espace allant jusqu\u2019\u00e0 250 pieds carr\u00e9s aussi confortable que possible. L'air est distribu\u00e9 uniform\u00e9ment, gr\u00e2ce au ventilateur \u00e0 trois vitesses programmable par commande \u00e0 distance ou au moyen de l'unit\u00e9 d'affichage \u00e0 DEL. Vous n'avez pas \u00e0 vous soucier de l'allumer et de l\u2019\u00e9teindre, \u00e9tant donn\u00e9 qu\u2019il vient avec une fonctionnalit\u00e9 automatique de marche \/ arr\u00eat \u00e0 la fine pointe de la technologie. Cet appareil est respectueux de l'environnement et avec un taux de rendement \u00e9nerg\u00e9tique de 9,3, il r\u00e9duira vos factures \u00e9nerg\u00e9tiques. Ce mod\u00e8le \u00e9tant livr\u00e9 avec une garantie de 12 mois sur les pi\u00e8ces et la main d'\u0153uvre, il est inutile de s\u2019inqui\u00e9ter d\u2019une \u00e9ventuelle avarie.","breadcrumb":[],"inLanguage":"fr-CA","potentialAction":[{"@type":"ReadAction","target":["https:\/\/www.danby.com\/fr\/products\/climatiseurs-portatifs\/dpac7099\/"]}]},{"@type":"ImageObject","inLanguage":"fr-CA","url":"https:\/\/cdnweb.danby.com\/wp-content\/uploads\/sites\/2\/2022\/02\/08183853\/proMed-dpac7099.jpg","contentUrl":"https:\/\/cdnweb.danby.com\/wp-content\/uploads\/sites\/2\/2022\/02\/08183853\/proMed-dpac7099.jpg","width":300,"height":272},{"@type":"BreadcrumbList","itemListElement":[{"@type":"ListItem","position":1,"name":"Home","item":"https:\/\/www.danby.com\/fr\/"},{"@type":"ListItem","position":2,"name":"Boutique","item":"https:\/\/www.danby.com\/fr\/boutique\/"},{"@type":"ListItem","position":3,"name":"Danby 7000 Climatiseurs portatif"}]},{"@type":"WebSite","url":"https:\/\/www.danby.com\/fr\/","name":"Danby - Canada - French","description":"Leader dans le domaine de la r\u00e9frig\u00e9ration et des appareils sp\u00e9cialis\u00e9s","publisher":[],"potentialAction":[{"@type":"SearchAction","target":{"@type":"EntryPoint","urlTemplate":"https:\/\/www.danby.com\/fr\/?s={search_term_string}"},"query-input":{"@type":"PropertyValueSpecification","valueRequired":true,"valueName":"search_term_string"}}],"inLanguage":"fr-CA"},{"@type":"Organization","name":"Danby Appliances","url":"https:\/\/www.danby.com\/fr\/","logo":{"@type":"ImageObject","inLanguage":"fr-CA","url":"https:\/\/cdnweb.danby.com\/wp-content\/uploads\/sites\/2\/2022\/02\/10141906\/Danby75Ans_Blue.png","contentUrl":"https:\/\/cdnweb.danby.com\/wp-content\/uploads\/sites\/2\/2022\/02\/10141906\/Danby75Ans_Blue.png","width":470,"height":110,"caption":"Danby Appliances"},"image":[],"sameAs":["https:\/\/www.facebook.com\/DanbyAppliances","https:\/\/x.com\/DanbyAppliance","https:\/\/instagram.com\/danbyappliances\/","https:\/\/www.linkedin.com\/company\/danbyappliances","https:\/\/www.pinterest.ca\/danbyappliances\/","https:\/\/www.youtube.com\/user\/DanbyProducts","https:\/\/en.wikipedia.org\/wiki\/Danby_(appliances)"]}]}},"post_mailing_queue_ids":[],"_links":{"self":[{"href":"https:\/\/www.danby.com\/fr\/wp-json\/wp\/v2\/product\/5166","targetHints":{"allow":["GET"]}}],"collection":[{"href":"https:\/\/www.danby.com\/fr\/wp-json\/wp\/v2\/product"}],"about":[{"href":"https:\/\/www.danby.com\/fr\/wp-json\/wp\/v2\/types\/product"}],"replies":[{"embeddable":true,"href":"https:\/\/www.danby.com\/fr\/wp-json\/wp\/v2\/comments?post=5166"}],"wp:featuredmedia":[{"embeddable":true,"href":"https:\/\/www.danby.com\/fr\/wp-json\/wp\/v2\/media\/6397"}],"wp:attachment":[{"href":"https:\/\/www.danby.com\/fr\/wp-json\/wp\/v2\/media?parent=5166"}],"wp:term":[{"taxonomy":"product_brand","embeddable":true,"href":"https:\/\/www.danby.com\/fr\/wp-json\/wp\/v2\/product_brand?post=5166"},{"taxonomy":"product_cat","embeddable":true,"href":"https:\/\/www.danby.com\/fr\/wp-json\/wp\/v2\/product_cat?post=5166"},{"taxonomy":"product_tag","embeddable":true,"href":"https:\/\/www.danby.com\/fr\/wp-json\/wp\/v2\/product_tag?post=5166"}],"curies":[{"name":"wp","href":"https:\/\/api.w.org\/{rel}","templated":true}]}}