{"id":5163,"date":"2022-02-03T19:20:19","date_gmt":"2022-02-03T19:20:19","guid":{"rendered":"https:\/\/www.danby.com\/fr\/product\/dpac5011\/"},"modified":"2026-04-09T10:07:49","modified_gmt":"2026-04-09T10:07:49","slug":"dpac5011","status":"publish","type":"product","link":"https:\/\/www.danby.com\/fr\/products\/climatiseurs-portatifs\/dpac5011\/","title":{"rendered":"Danby 5000  Climatiseurs portatif"},"content":{"rendered":"","protected":false},"excerpt":{"rendered":"<ul>\n<li>Capacit\u00e9 de 5 000 BTU<\/li>\n<li>Capacit\u00e9 de 45 pintes par 24 heures avec fonction de vidange directe<\/li>\n<li>R\u00e9frig\u00e9rant R410A respectueux de l&#8217;environnement<\/li>\n<li>Refroidit jusqu&#8217;\u00e0 110 pieds carr\u00e9s. selon les conditions<\/li>\n<li>3 vitesses de ventilateur<\/li>\n<li>D\u00e9place facilement d&#8217;une pi\u00e8ce \u00e0 l&#8217;autre gr\u00e2ce aux poign\u00e9es et roulettes int\u00e9gr\u00e9es<\/li>\n<li>Commandes \u00e9lectroniques avec t\u00e9l\u00e9commande et affichage LED<\/li>\n<li>Mise en marche\/arr\u00eat automatique :  Faites en sorte que l&#8217;appareil d\u00e9marre ou s&#8217;arr\u00eate en fonction de votre emploi du temps<\/li>\n<li>S&#8217;adapte facilement aux portes vitr\u00e9es coulissantes, aux fen\u00eatres coulissantes et aux fen\u00eatres \u00e0 guillotine double<\/li>\n<li>Le kit d&#8217;installation de fen\u00eatre extensible s&#8217;adapte aux fen\u00eatres de 28 6\/16&#8243;- 79 15\/16&#8243; de large<\/li>\n<li>Longueur du tuyau d&#8217;\u00e9vacuation : 47 4\/16&#8243; (120 cm)<\/li>\n<\/ul>\n","protected":false},"featured_media":6366,"comment_status":"closed","ping_status":"open","template":"","meta":{"_acf_changed":false},"product_brand":[],"product_cat":[35],"product_tag":[],"class_list":{"0":"post-5163","1":"product","2":"type-product","3":"status-publish","4":"has-post-thumbnail","6":"product_cat-climatiseurs-portatifs","8":"first","9":"outofstock","10":"taxable","11":"shipping-taxable","12":"product-type-simple"},"acf":[],"yoast_head":"<!-- This site is optimized with the Yoast SEO plugin v26.7 - https:\/\/yoast.com\/wordpress\/plugins\/seo\/ -->\n<title>Danby 5000 Climatiseurs portatif - DPAC5011 | Danby Canada<\/title>\n<meta name=\"description\" content=\"Les jours d&#039;\u00e9t\u00e9 chauds et humides n&#039;ont aucune chance contre ce climatiseur portatif efficace d\u2019une capacit\u00e9 de 5000 BTU. Cet appareil est sans \u00e9gal quand il s&#039;agit de rafraichir des zones allant jusqu&#039;\u00e0 110 pieds carr\u00e9s de surface. C&#039;est la solution parfaite pour ceux qui vivent dans des appartements ou des copropri\u00e9t\u00e9s et pour ceux qui voudraient rafra\u00eechir leurs bureaux et lieux de repos. Ce climatiseur est dot\u00e9 d\u2019un ventilateur \u00e0 trois vitesses facile \u00e0 programmer gr\u00e2ce aux commandes \u00e9lectroniques \u00e0 affichage DEL. La temp\u00e9rature int\u00e9rieure peut \u00eatre r\u00e9gl\u00e9e et maintenue dans une plage comprise entre 16\u00b0C et 32\u00b0C (61\u00b0F et 89\u00b0F), de mani\u00e8re \u00e0 vous assurer le meilleur confort possible. Cet appareil \u00e0 la fine pointe de la technologie, peut \u00e9galement \u00eatre utilis\u00e9 comme un d\u00e9shumidificateur de 45 chopines et il est livr\u00e9 avec une t\u00e9l\u00e9commande pratique et une fonction d\u2019\u00e9vacuation automatique. Cet appareil intelligent n\u2019affecte aucunement la couche d&#039;ozone, car il utilise le r\u00e9frig\u00e9rant \u00e9cologique R410A. Les poign\u00e9es et les roues int\u00e9gr\u00e9es en facilitent le d\u00e9placement d&#039;une pi\u00e8ce \u00e0 l&#039;autre et la fonction automatique de marche\/arr\u00eat vous permet de programmer l&#039;appareil en fonction de votre emploi du temps. Cette combinaison efficace de climatiseur et de d\u00e9shumidificateur, est aussi accompagn\u00e9e d\u2019une garantie de 12 mois sur les pi\u00e8ces et la main-d&#039;\u0153uvre, incluant le service apr\u00e8s-vente en atelier.\" \/>\n<meta name=\"robots\" content=\"index, follow, max-snippet:-1, max-image-preview:large, max-video-preview:-1\" \/>\n<link rel=\"canonical\" href=\"https:\/\/www.danby.com\/fr\/products\/climatiseurs-portatifs\/dpac5011\/\" \/>\n<meta property=\"og:locale\" content=\"fr_CA\" \/>\n<meta property=\"og:type\" content=\"article\" \/>\n<meta property=\"og:title\" content=\"Danby 5000 Climatiseurs portatif - DPAC5011 | Danby Canada\" \/>\n<meta property=\"og:description\" content=\"Les jours d&#039;\u00e9t\u00e9 chauds et humides n&#039;ont aucune chance contre ce climatiseur portatif efficace d\u2019une capacit\u00e9 de 5000 BTU. Cet appareil est sans \u00e9gal quand il s&#039;agit de rafraichir des zones allant jusqu&#039;\u00e0 110 pieds carr\u00e9s de surface. C&#039;est la solution parfaite pour ceux qui vivent dans des appartements ou des copropri\u00e9t\u00e9s et pour ceux qui voudraient rafra\u00eechir leurs bureaux et lieux de repos. Ce climatiseur est dot\u00e9 d\u2019un ventilateur \u00e0 trois vitesses facile \u00e0 programmer gr\u00e2ce aux commandes \u00e9lectroniques \u00e0 affichage DEL. La temp\u00e9rature int\u00e9rieure peut \u00eatre r\u00e9gl\u00e9e et maintenue dans une plage comprise entre 16\u00b0C et 32\u00b0C (61\u00b0F et 89\u00b0F), de mani\u00e8re \u00e0 vous assurer le meilleur confort possible. Cet appareil \u00e0 la fine pointe de la technologie, peut \u00e9galement \u00eatre utilis\u00e9 comme un d\u00e9shumidificateur de 45 chopines et il est livr\u00e9 avec une t\u00e9l\u00e9commande pratique et une fonction d\u2019\u00e9vacuation automatique. Cet appareil intelligent n\u2019affecte aucunement la couche d&#039;ozone, car il utilise le r\u00e9frig\u00e9rant \u00e9cologique R410A. Les poign\u00e9es et les roues int\u00e9gr\u00e9es en facilitent le d\u00e9placement d&#039;une pi\u00e8ce \u00e0 l&#039;autre et la fonction automatique de marche\/arr\u00eat vous permet de programmer l&#039;appareil en fonction de votre emploi du temps. Cette combinaison efficace de climatiseur et de d\u00e9shumidificateur, est aussi accompagn\u00e9e d\u2019une garantie de 12 mois sur les pi\u00e8ces et la main-d&#039;\u0153uvre, incluant le service apr\u00e8s-vente en atelier.\" \/>\n<meta property=\"og:url\" content=\"https:\/\/www.danby.com\/fr\/products\/climatiseurs-portatifs\/dpac5011\/\" \/>\n<meta property=\"og:site_name\" content=\"Danby - Canada - French\" \/>\n<meta property=\"article:publisher\" content=\"https:\/\/www.facebook.com\/DanbyAppliances\" \/>\n<meta property=\"article:modified_time\" content=\"2026-04-09T10:07:49+00:00\" \/>\n<meta property=\"og:image\" content=\"https:\/\/cdnweb.danby.com\/wp-content\/uploads\/sites\/2\/2022\/02\/08183800\/proMed-dpac50092.jpg\" \/>\n\t<meta property=\"og:image:width\" content=\"300\" \/>\n\t<meta property=\"og:image:height\" content=\"272\" \/>\n\t<meta property=\"og:image:type\" content=\"image\/jpeg\" \/>\n<meta name=\"twitter:card\" content=\"summary_large_image\" \/>\n<meta name=\"twitter:site\" content=\"@DanbyAppliance\" \/>\n<script type=\"application\/ld+json\" class=\"yoast-schema-graph\">{\"@context\":\"https:\/\/schema.org\",\"@graph\":[{\"@type\":[\"WebPage\",\"ItemPage\"],\"url\":\"https:\/\/www.danby.com\/fr\/products\/climatiseurs-portatifs\/dpac5011\/\",\"name\":\"Danby 5000 Climatiseurs portatif - DPAC5011 | Danby Canada\",\"isPartOf\":[],\"primaryImageOfPage\":[],\"image\":[],\"thumbnailUrl\":\"https:\/\/cdnweb.danby.com\/wp-content\/uploads\/sites\/2\/2022\/02\/08183800\/proMed-dpac50092.jpg\",\"datePublished\":\"2022-02-03T19:20:19+00:00\",\"dateModified\":\"2026-04-09T10:07:49+00:00\",\"description\":\"Les jours d'\u00e9t\u00e9 chauds et humides n'ont aucune chance contre ce climatiseur portatif efficace d\u2019une capacit\u00e9 de 5000 BTU. Cet appareil est sans \u00e9gal quand il s'agit de rafraichir des zones allant jusqu'\u00e0 110 pieds carr\u00e9s de surface. C'est la solution parfaite pour ceux qui vivent dans des appartements ou des copropri\u00e9t\u00e9s et pour ceux qui voudraient rafra\u00eechir leurs bureaux et lieux de repos. Ce climatiseur est dot\u00e9 d\u2019un ventilateur \u00e0 trois vitesses facile \u00e0 programmer gr\u00e2ce aux commandes \u00e9lectroniques \u00e0 affichage DEL. La temp\u00e9rature int\u00e9rieure peut \u00eatre r\u00e9gl\u00e9e et maintenue dans une plage comprise entre 16\u00b0C et 32\u00b0C (61\u00b0F et 89\u00b0F), de mani\u00e8re \u00e0 vous assurer le meilleur confort possible. Cet appareil \u00e0 la fine pointe de la technologie, peut \u00e9galement \u00eatre utilis\u00e9 comme un d\u00e9shumidificateur de 45 chopines et il est livr\u00e9 avec une t\u00e9l\u00e9commande pratique et une fonction d\u2019\u00e9vacuation automatique. Cet appareil intelligent n\u2019affecte aucunement la couche d'ozone, car il utilise le r\u00e9frig\u00e9rant \u00e9cologique R410A. Les poign\u00e9es et les roues int\u00e9gr\u00e9es en facilitent le d\u00e9placement d'une pi\u00e8ce \u00e0 l'autre et la fonction automatique de marche\/arr\u00eat vous permet de programmer l'appareil en fonction de votre emploi du temps. Cette combinaison efficace de climatiseur et de d\u00e9shumidificateur, est aussi accompagn\u00e9e d\u2019une garantie de 12 mois sur les pi\u00e8ces et la main-d'\u0153uvre, incluant le service apr\u00e8s-vente en atelier.\",\"breadcrumb\":[],\"inLanguage\":\"fr-CA\",\"potentialAction\":[{\"@type\":\"ReadAction\",\"target\":[\"https:\/\/www.danby.com\/fr\/products\/climatiseurs-portatifs\/dpac5011\/\"]}]},{\"@type\":\"ImageObject\",\"inLanguage\":\"fr-CA\",\"url\":\"https:\/\/cdnweb.danby.com\/wp-content\/uploads\/sites\/2\/2022\/02\/08183800\/proMed-dpac50092.jpg\",\"contentUrl\":\"https:\/\/cdnweb.danby.com\/wp-content\/uploads\/sites\/2\/2022\/02\/08183800\/proMed-dpac50092.jpg\",\"width\":300,\"height\":272},{\"@type\":\"BreadcrumbList\",\"itemListElement\":[{\"@type\":\"ListItem\",\"position\":1,\"name\":\"Home\",\"item\":\"https:\/\/www.danby.com\/fr\/\"},{\"@type\":\"ListItem\",\"position\":2,\"name\":\"Boutique\",\"item\":\"https:\/\/www.danby.com\/fr\/boutique\/\"},{\"@type\":\"ListItem\",\"position\":3,\"name\":\"Danby 5000 Climatiseurs portatif\"}]},{\"@type\":\"WebSite\",\"url\":\"https:\/\/www.danby.com\/fr\/\",\"name\":\"Danby - Canada - French\",\"description\":\"Leader dans le domaine de la r\u00e9frig\u00e9ration et des appareils sp\u00e9cialis\u00e9s\",\"publisher\":[],\"potentialAction\":[{\"@type\":\"SearchAction\",\"target\":{\"@type\":\"EntryPoint\",\"urlTemplate\":\"https:\/\/www.danby.com\/fr\/?s={search_term_string}\"},\"query-input\":{\"@type\":\"PropertyValueSpecification\",\"valueRequired\":true,\"valueName\":\"search_term_string\"}}],\"inLanguage\":\"fr-CA\"},{\"@type\":\"Organization\",\"name\":\"Danby Appliances\",\"url\":\"https:\/\/www.danby.com\/fr\/\",\"logo\":{\"@type\":\"ImageObject\",\"inLanguage\":\"fr-CA\",\"url\":\"https:\/\/cdnweb.danby.com\/wp-content\/uploads\/sites\/2\/2022\/02\/10141906\/Danby75Ans_Blue.png\",\"contentUrl\":\"https:\/\/cdnweb.danby.com\/wp-content\/uploads\/sites\/2\/2022\/02\/10141906\/Danby75Ans_Blue.png\",\"width\":470,\"height\":110,\"caption\":\"Danby Appliances\"},\"image\":[],\"sameAs\":[\"https:\/\/www.facebook.com\/DanbyAppliances\",\"https:\/\/x.com\/DanbyAppliance\",\"https:\/\/instagram.com\/danbyappliances\/\",\"https:\/\/www.linkedin.com\/company\/danbyappliances\",\"https:\/\/www.pinterest.ca\/danbyappliances\/\",\"https:\/\/www.youtube.com\/user\/DanbyProducts\",\"https:\/\/en.wikipedia.org\/wiki\/Danby_(appliances)\"]}]}<\/script>\n<!-- \/ Yoast SEO plugin. -->","yoast_head_json":{"title":"Danby 5000 Climatiseurs portatif - DPAC5011 | Danby Canada","description":"Les jours d'\u00e9t\u00e9 chauds et humides n'ont aucune chance contre ce climatiseur portatif efficace d\u2019une capacit\u00e9 de 5000 BTU. Cet appareil est sans \u00e9gal quand il s'agit de rafraichir des zones allant jusqu'\u00e0 110 pieds carr\u00e9s de surface. C'est la solution parfaite pour ceux qui vivent dans des appartements ou des copropri\u00e9t\u00e9s et pour ceux qui voudraient rafra\u00eechir leurs bureaux et lieux de repos. Ce climatiseur est dot\u00e9 d\u2019un ventilateur \u00e0 trois vitesses facile \u00e0 programmer gr\u00e2ce aux commandes \u00e9lectroniques \u00e0 affichage DEL. La temp\u00e9rature int\u00e9rieure peut \u00eatre r\u00e9gl\u00e9e et maintenue dans une plage comprise entre 16\u00b0C et 32\u00b0C (61\u00b0F et 89\u00b0F), de mani\u00e8re \u00e0 vous assurer le meilleur confort possible. Cet appareil \u00e0 la fine pointe de la technologie, peut \u00e9galement \u00eatre utilis\u00e9 comme un d\u00e9shumidificateur de 45 chopines et il est livr\u00e9 avec une t\u00e9l\u00e9commande pratique et une fonction d\u2019\u00e9vacuation automatique. Cet appareil intelligent n\u2019affecte aucunement la couche d'ozone, car il utilise le r\u00e9frig\u00e9rant \u00e9cologique R410A. Les poign\u00e9es et les roues int\u00e9gr\u00e9es en facilitent le d\u00e9placement d'une pi\u00e8ce \u00e0 l'autre et la fonction automatique de marche\/arr\u00eat vous permet de programmer l'appareil en fonction de votre emploi du temps. Cette combinaison efficace de climatiseur et de d\u00e9shumidificateur, est aussi accompagn\u00e9e d\u2019une garantie de 12 mois sur les pi\u00e8ces et la main-d'\u0153uvre, incluant le service apr\u00e8s-vente en atelier.","robots":{"index":"index","follow":"follow","max-snippet":"max-snippet:-1","max-image-preview":"max-image-preview:large","max-video-preview":"max-video-preview:-1"},"canonical":"https:\/\/www.danby.com\/fr\/products\/climatiseurs-portatifs\/dpac5011\/","og_locale":"fr_CA","og_type":"article","og_title":"Danby 5000 Climatiseurs portatif - DPAC5011 | Danby Canada","og_description":"Les jours d'\u00e9t\u00e9 chauds et humides n'ont aucune chance contre ce climatiseur portatif efficace d\u2019une capacit\u00e9 de 5000 BTU. Cet appareil est sans \u00e9gal quand il s'agit de rafraichir des zones allant jusqu'\u00e0 110 pieds carr\u00e9s de surface. C'est la solution parfaite pour ceux qui vivent dans des appartements ou des copropri\u00e9t\u00e9s et pour ceux qui voudraient rafra\u00eechir leurs bureaux et lieux de repos. Ce climatiseur est dot\u00e9 d\u2019un ventilateur \u00e0 trois vitesses facile \u00e0 programmer gr\u00e2ce aux commandes \u00e9lectroniques \u00e0 affichage DEL. La temp\u00e9rature int\u00e9rieure peut \u00eatre r\u00e9gl\u00e9e et maintenue dans une plage comprise entre 16\u00b0C et 32\u00b0C (61\u00b0F et 89\u00b0F), de mani\u00e8re \u00e0 vous assurer le meilleur confort possible. Cet appareil \u00e0 la fine pointe de la technologie, peut \u00e9galement \u00eatre utilis\u00e9 comme un d\u00e9shumidificateur de 45 chopines et il est livr\u00e9 avec une t\u00e9l\u00e9commande pratique et une fonction d\u2019\u00e9vacuation automatique. Cet appareil intelligent n\u2019affecte aucunement la couche d'ozone, car il utilise le r\u00e9frig\u00e9rant \u00e9cologique R410A. Les poign\u00e9es et les roues int\u00e9gr\u00e9es en facilitent le d\u00e9placement d'une pi\u00e8ce \u00e0 l'autre et la fonction automatique de marche\/arr\u00eat vous permet de programmer l'appareil en fonction de votre emploi du temps. Cette combinaison efficace de climatiseur et de d\u00e9shumidificateur, est aussi accompagn\u00e9e d\u2019une garantie de 12 mois sur les pi\u00e8ces et la main-d'\u0153uvre, incluant le service apr\u00e8s-vente en atelier.","og_url":"https:\/\/www.danby.com\/fr\/products\/climatiseurs-portatifs\/dpac5011\/","og_site_name":"Danby - Canada - French","article_publisher":"https:\/\/www.facebook.com\/DanbyAppliances","article_modified_time":"2026-04-09T10:07:49+00:00","og_image":[{"width":300,"height":272,"url":"https:\/\/cdnweb.danby.com\/wp-content\/uploads\/sites\/2\/2022\/02\/08183800\/proMed-dpac50092.jpg","type":"image\/jpeg"}],"twitter_card":"summary_large_image","twitter_site":"@DanbyAppliance","schema":{"@context":"https:\/\/schema.org","@graph":[{"@type":["WebPage","ItemPage"],"url":"https:\/\/www.danby.com\/fr\/products\/climatiseurs-portatifs\/dpac5011\/","name":"Danby 5000 Climatiseurs portatif - DPAC5011 | Danby Canada","isPartOf":[],"primaryImageOfPage":[],"image":[],"thumbnailUrl":"https:\/\/cdnweb.danby.com\/wp-content\/uploads\/sites\/2\/2022\/02\/08183800\/proMed-dpac50092.jpg","datePublished":"2022-02-03T19:20:19+00:00","dateModified":"2026-04-09T10:07:49+00:00","description":"Les jours d'\u00e9t\u00e9 chauds et humides n'ont aucune chance contre ce climatiseur portatif efficace d\u2019une capacit\u00e9 de 5000 BTU. Cet appareil est sans \u00e9gal quand il s'agit de rafraichir des zones allant jusqu'\u00e0 110 pieds carr\u00e9s de surface. C'est la solution parfaite pour ceux qui vivent dans des appartements ou des copropri\u00e9t\u00e9s et pour ceux qui voudraient rafra\u00eechir leurs bureaux et lieux de repos. Ce climatiseur est dot\u00e9 d\u2019un ventilateur \u00e0 trois vitesses facile \u00e0 programmer gr\u00e2ce aux commandes \u00e9lectroniques \u00e0 affichage DEL. La temp\u00e9rature int\u00e9rieure peut \u00eatre r\u00e9gl\u00e9e et maintenue dans une plage comprise entre 16\u00b0C et 32\u00b0C (61\u00b0F et 89\u00b0F), de mani\u00e8re \u00e0 vous assurer le meilleur confort possible. Cet appareil \u00e0 la fine pointe de la technologie, peut \u00e9galement \u00eatre utilis\u00e9 comme un d\u00e9shumidificateur de 45 chopines et il est livr\u00e9 avec une t\u00e9l\u00e9commande pratique et une fonction d\u2019\u00e9vacuation automatique. Cet appareil intelligent n\u2019affecte aucunement la couche d'ozone, car il utilise le r\u00e9frig\u00e9rant \u00e9cologique R410A. Les poign\u00e9es et les roues int\u00e9gr\u00e9es en facilitent le d\u00e9placement d'une pi\u00e8ce \u00e0 l'autre et la fonction automatique de marche\/arr\u00eat vous permet de programmer l'appareil en fonction de votre emploi du temps. Cette combinaison efficace de climatiseur et de d\u00e9shumidificateur, est aussi accompagn\u00e9e d\u2019une garantie de 12 mois sur les pi\u00e8ces et la main-d'\u0153uvre, incluant le service apr\u00e8s-vente en atelier.","breadcrumb":[],"inLanguage":"fr-CA","potentialAction":[{"@type":"ReadAction","target":["https:\/\/www.danby.com\/fr\/products\/climatiseurs-portatifs\/dpac5011\/"]}]},{"@type":"ImageObject","inLanguage":"fr-CA","url":"https:\/\/cdnweb.danby.com\/wp-content\/uploads\/sites\/2\/2022\/02\/08183800\/proMed-dpac50092.jpg","contentUrl":"https:\/\/cdnweb.danby.com\/wp-content\/uploads\/sites\/2\/2022\/02\/08183800\/proMed-dpac50092.jpg","width":300,"height":272},{"@type":"BreadcrumbList","itemListElement":[{"@type":"ListItem","position":1,"name":"Home","item":"https:\/\/www.danby.com\/fr\/"},{"@type":"ListItem","position":2,"name":"Boutique","item":"https:\/\/www.danby.com\/fr\/boutique\/"},{"@type":"ListItem","position":3,"name":"Danby 5000 Climatiseurs portatif"}]},{"@type":"WebSite","url":"https:\/\/www.danby.com\/fr\/","name":"Danby - Canada - French","description":"Leader dans le domaine de la r\u00e9frig\u00e9ration et des appareils sp\u00e9cialis\u00e9s","publisher":[],"potentialAction":[{"@type":"SearchAction","target":{"@type":"EntryPoint","urlTemplate":"https:\/\/www.danby.com\/fr\/?s={search_term_string}"},"query-input":{"@type":"PropertyValueSpecification","valueRequired":true,"valueName":"search_term_string"}}],"inLanguage":"fr-CA"},{"@type":"Organization","name":"Danby Appliances","url":"https:\/\/www.danby.com\/fr\/","logo":{"@type":"ImageObject","inLanguage":"fr-CA","url":"https:\/\/cdnweb.danby.com\/wp-content\/uploads\/sites\/2\/2022\/02\/10141906\/Danby75Ans_Blue.png","contentUrl":"https:\/\/cdnweb.danby.com\/wp-content\/uploads\/sites\/2\/2022\/02\/10141906\/Danby75Ans_Blue.png","width":470,"height":110,"caption":"Danby Appliances"},"image":[],"sameAs":["https:\/\/www.facebook.com\/DanbyAppliances","https:\/\/x.com\/DanbyAppliance","https:\/\/instagram.com\/danbyappliances\/","https:\/\/www.linkedin.com\/company\/danbyappliances","https:\/\/www.pinterest.ca\/danbyappliances\/","https:\/\/www.youtube.com\/user\/DanbyProducts","https:\/\/en.wikipedia.org\/wiki\/Danby_(appliances)"]}]}},"post_mailing_queue_ids":[],"_links":{"self":[{"href":"https:\/\/www.danby.com\/fr\/wp-json\/wp\/v2\/product\/5163","targetHints":{"allow":["GET"]}}],"collection":[{"href":"https:\/\/www.danby.com\/fr\/wp-json\/wp\/v2\/product"}],"about":[{"href":"https:\/\/www.danby.com\/fr\/wp-json\/wp\/v2\/types\/product"}],"replies":[{"embeddable":true,"href":"https:\/\/www.danby.com\/fr\/wp-json\/wp\/v2\/comments?post=5163"}],"wp:featuredmedia":[{"embeddable":true,"href":"https:\/\/www.danby.com\/fr\/wp-json\/wp\/v2\/media\/6366"}],"wp:attachment":[{"href":"https:\/\/www.danby.com\/fr\/wp-json\/wp\/v2\/media?parent=5163"}],"wp:term":[{"taxonomy":"product_brand","embeddable":true,"href":"https:\/\/www.danby.com\/fr\/wp-json\/wp\/v2\/product_brand?post=5163"},{"taxonomy":"product_cat","embeddable":true,"href":"https:\/\/www.danby.com\/fr\/wp-json\/wp\/v2\/product_cat?post=5163"},{"taxonomy":"product_tag","embeddable":true,"href":"https:\/\/www.danby.com\/fr\/wp-json\/wp\/v2\/product_tag?post=5163"}],"curies":[{"name":"wp","href":"https:\/\/api.w.org\/{rel}","templated":true}]}}