{"id":5161,"date":"2022-02-03T19:20:19","date_gmt":"2022-02-03T19:20:19","guid":{"rendered":"https:\/\/www.danby.com\/fr\/product\/dpac13012h\/"},"modified":"2026-04-08T10:07:43","modified_gmt":"2026-04-08T10:07:43","slug":"dpac13012h","status":"publish","type":"product","link":"https:\/\/www.danby.com\/fr\/products\/climatiseurs-portatifs\/dpac13012h\/","title":{"rendered":"Premiere 13000  Climatiseurs portatif"},"content":{"rendered":"","protected":false},"excerpt":{"rendered":"<ul>\n<li>Climatiseur portatif, d\u00e9shumidificateur, appareil de chauffage et ventilateur dans une unit\u00e9 compacte<\/li>\n<li>Climatiseur &#8211; Capacit\u00e9 de refroidissement de 13 000 BTU &#8211; Refroidit des zones jusqu&#8217;\u00e0 550 pieds carr\u00e9s. en fonction des conditions<\/li>\n<li>D\u00e9shumidificateur d&#8217;une capacit\u00e9 de 54 pintes par 24 heures<\/li>\n<li>Mode chauffage &#8211; 1083 Watts\/12 Amp\u00e8res par 115V<\/li>\n<li>Puissant ventilateur \u00e0 3 vitesses<\/li>\n<li>R\u00e9frig\u00e9rant R410A respectueux de l&#8217;environnement<\/li>\n<li>Option de vidange directe pour un fonctionnement continu<\/li>\n<li>Construitpoign\u00e9es et roulettes int\u00e9gr\u00e9es vous permettent de d\u00e9placer facilement l&#8217;unit\u00e9 d&#8217;une pi\u00e8ce \u00e0 l&#8217;autre<\/li>\n<li>Commandes \u00e9lectroniques avec t\u00e9l\u00e9commande et affichage LED<\/li>\n<li>Fonctionnement silencieux<\/li>\n<li>Mise en marche automatique : Faites en sorte que l&#8217;appareil d\u00e9marre ou s&#8217;arr\u00eate en fonction de votre emploi du temps<\/li>\n<li>S&#8217;adapte facilement aux portes vitr\u00e9es coulissantes, aux fen\u00eatres coulissantes et \u00e0 guillotine<\/li>\n<li>Le kit d&#8217;installation de fen\u00eatre extensible s&#8217;adapte aux fen\u00eatres de 28 6\/16&#8243; \u00e0 79 15\/16&#8243; de large<\/li>\n<li>Longueur du tuyau d&#8217;\u00e9vacuation : 47 4\/16&#8243; (120 cm)<\/li>\n<\/ul>\n","protected":false},"featured_media":6175,"comment_status":"closed","ping_status":"open","template":"","meta":{"_acf_changed":false},"product_brand":[],"product_cat":[35],"product_tag":[],"class_list":{"0":"post-5161","1":"product","2":"type-product","3":"status-publish","4":"has-post-thumbnail","6":"product_cat-climatiseurs-portatifs","8":"first","9":"outofstock","10":"taxable","11":"shipping-taxable","12":"product-type-simple"},"acf":[],"yoast_head":"<!-- This site is optimized with the Yoast SEO plugin v26.7 - https:\/\/yoast.com\/wordpress\/plugins\/seo\/ -->\n<title>Premiere 13000 Climatiseurs portatif - DPAC13012H | Danby Canada<\/title>\n<meta name=\"description\" content=\"Gr\u00e2ce \u00e0 ce conditionneur portatif de luxe, vous n&#039;aurez plus jamais \u00e0 transpirer dans la chaleur estivale. Ce mod\u00e8le haut-de-gamme se compose d&#039;un climatiseur, d\u2019un radiateur, d\u2019un ventilateur et d\u2019un d\u00e9shumidificateur, un appareil tout en un pratique et silencieux. Le climatiseur peut refroidir des zones ayant jusqu&#039;\u00e0 550 pieds carr\u00e9s de surface, en raison de sa puissante capacit\u00e9 de refroidissement de 13 000 BTU et de son ventilateur \u00e0 trois vitesses. La capacit\u00e9 du d\u00e9shumidificateur est de 54 chopines par 24 heures, alors que le mode de chauffage fonctionne sur 1083 Watts\/12 amp\u00e8res par 115V. Cet appareil \u00e9cologique utilise le r\u00e9frig\u00e9rant R410A et il peut op\u00e9rer en continu gr\u00e2ce \u00e0 l&#039;option de drainage direct. La fonctionnalit\u00e9 automatique marche \/ arr\u00eat vous permet de d\u00e9marrer et d&#039;arr\u00eater l&#039;appareil \u00e0 votre convenance, gr\u00e2ce \u00e0 l&#039;affichage \u00e9lectronique \u00e0 DEL facile \u00e0 lire ou \u00e0 la commande \u00e0 distance. Les roulettes et les poign\u00e9es int\u00e9gr\u00e9es facilitent grandement le d\u00e9placement de l&#039;appareil d&#039;une pi\u00e8ce \u00e0 l\u2019autre.\" \/>\n<meta name=\"robots\" content=\"index, follow, max-snippet:-1, max-image-preview:large, max-video-preview:-1\" \/>\n<link rel=\"canonical\" href=\"https:\/\/www.danby.com\/fr\/products\/climatiseurs-portatifs\/dpac13012h\/\" \/>\n<meta property=\"og:locale\" content=\"fr_CA\" \/>\n<meta property=\"og:type\" content=\"article\" \/>\n<meta property=\"og:title\" content=\"Premiere 13000 Climatiseurs portatif - DPAC13012H | Danby Canada\" \/>\n<meta property=\"og:description\" content=\"Gr\u00e2ce \u00e0 ce conditionneur portatif de luxe, vous n&#039;aurez plus jamais \u00e0 transpirer dans la chaleur estivale. Ce mod\u00e8le haut-de-gamme se compose d&#039;un climatiseur, d\u2019un radiateur, d\u2019un ventilateur et d\u2019un d\u00e9shumidificateur, un appareil tout en un pratique et silencieux. Le climatiseur peut refroidir des zones ayant jusqu&#039;\u00e0 550 pieds carr\u00e9s de surface, en raison de sa puissante capacit\u00e9 de refroidissement de 13 000 BTU et de son ventilateur \u00e0 trois vitesses. La capacit\u00e9 du d\u00e9shumidificateur est de 54 chopines par 24 heures, alors que le mode de chauffage fonctionne sur 1083 Watts\/12 amp\u00e8res par 115V. Cet appareil \u00e9cologique utilise le r\u00e9frig\u00e9rant R410A et il peut op\u00e9rer en continu gr\u00e2ce \u00e0 l&#039;option de drainage direct. La fonctionnalit\u00e9 automatique marche \/ arr\u00eat vous permet de d\u00e9marrer et d&#039;arr\u00eater l&#039;appareil \u00e0 votre convenance, gr\u00e2ce \u00e0 l&#039;affichage \u00e9lectronique \u00e0 DEL facile \u00e0 lire ou \u00e0 la commande \u00e0 distance. Les roulettes et les poign\u00e9es int\u00e9gr\u00e9es facilitent grandement le d\u00e9placement de l&#039;appareil d&#039;une pi\u00e8ce \u00e0 l\u2019autre.\" \/>\n<meta property=\"og:url\" content=\"https:\/\/www.danby.com\/fr\/products\/climatiseurs-portatifs\/dpac13012h\/\" \/>\n<meta property=\"og:site_name\" content=\"Danby - Canada - French\" \/>\n<meta property=\"article:publisher\" content=\"https:\/\/www.facebook.com\/DanbyAppliances\" \/>\n<meta property=\"article:modified_time\" content=\"2026-04-08T10:07:43+00:00\" \/>\n<meta property=\"og:image\" content=\"https:\/\/cdnweb.danby.com\/wp-content\/uploads\/sites\/2\/2022\/02\/08183230\/proMed-dpac110123.jpg\" \/>\n\t<meta property=\"og:image:width\" content=\"300\" \/>\n\t<meta property=\"og:image:height\" content=\"272\" \/>\n\t<meta property=\"og:image:type\" content=\"image\/jpeg\" \/>\n<meta name=\"twitter:card\" content=\"summary_large_image\" \/>\n<meta name=\"twitter:site\" content=\"@DanbyAppliance\" \/>\n<script type=\"application\/ld+json\" class=\"yoast-schema-graph\">{\"@context\":\"https:\/\/schema.org\",\"@graph\":[{\"@type\":[\"WebPage\",\"ItemPage\"],\"url\":\"https:\/\/www.danby.com\/fr\/products\/climatiseurs-portatifs\/dpac13012h\/\",\"name\":\"Premiere 13000 Climatiseurs portatif - DPAC13012H | Danby Canada\",\"isPartOf\":[],\"primaryImageOfPage\":[],\"image\":[],\"thumbnailUrl\":\"https:\/\/cdnweb.danby.com\/wp-content\/uploads\/sites\/2\/2022\/02\/08183230\/proMed-dpac110123.jpg\",\"datePublished\":\"2022-02-03T19:20:19+00:00\",\"dateModified\":\"2026-04-08T10:07:43+00:00\",\"description\":\"Gr\u00e2ce \u00e0 ce conditionneur portatif de luxe, vous n'aurez plus jamais \u00e0 transpirer dans la chaleur estivale. Ce mod\u00e8le haut-de-gamme se compose d'un climatiseur, d\u2019un radiateur, d\u2019un ventilateur et d\u2019un d\u00e9shumidificateur, un appareil tout en un pratique et silencieux. Le climatiseur peut refroidir des zones ayant jusqu'\u00e0 550 pieds carr\u00e9s de surface, en raison de sa puissante capacit\u00e9 de refroidissement de 13 000 BTU et de son ventilateur \u00e0 trois vitesses. La capacit\u00e9 du d\u00e9shumidificateur est de 54 chopines par 24 heures, alors que le mode de chauffage fonctionne sur 1083 Watts\/12 amp\u00e8res par 115V. Cet appareil \u00e9cologique utilise le r\u00e9frig\u00e9rant R410A et il peut op\u00e9rer en continu gr\u00e2ce \u00e0 l'option de drainage direct. La fonctionnalit\u00e9 automatique marche \/ arr\u00eat vous permet de d\u00e9marrer et d'arr\u00eater l'appareil \u00e0 votre convenance, gr\u00e2ce \u00e0 l'affichage \u00e9lectronique \u00e0 DEL facile \u00e0 lire ou \u00e0 la commande \u00e0 distance. Les roulettes et les poign\u00e9es int\u00e9gr\u00e9es facilitent grandement le d\u00e9placement de l'appareil d'une pi\u00e8ce \u00e0 l\u2019autre.\",\"breadcrumb\":[],\"inLanguage\":\"fr-CA\",\"potentialAction\":[{\"@type\":\"ReadAction\",\"target\":[\"https:\/\/www.danby.com\/fr\/products\/climatiseurs-portatifs\/dpac13012h\/\"]}]},{\"@type\":\"ImageObject\",\"inLanguage\":\"fr-CA\",\"url\":\"https:\/\/cdnweb.danby.com\/wp-content\/uploads\/sites\/2\/2022\/02\/08183230\/proMed-dpac110123.jpg\",\"contentUrl\":\"https:\/\/cdnweb.danby.com\/wp-content\/uploads\/sites\/2\/2022\/02\/08183230\/proMed-dpac110123.jpg\",\"width\":300,\"height\":272},{\"@type\":\"BreadcrumbList\",\"itemListElement\":[{\"@type\":\"ListItem\",\"position\":1,\"name\":\"Home\",\"item\":\"https:\/\/www.danby.com\/fr\/\"},{\"@type\":\"ListItem\",\"position\":2,\"name\":\"Boutique\",\"item\":\"https:\/\/www.danby.com\/fr\/boutique\/\"},{\"@type\":\"ListItem\",\"position\":3,\"name\":\"Premiere 13000 Climatiseurs portatif\"}]},{\"@type\":\"WebSite\",\"url\":\"https:\/\/www.danby.com\/fr\/\",\"name\":\"Danby - Canada - French\",\"description\":\"Leader dans le domaine de la r\u00e9frig\u00e9ration et des appareils sp\u00e9cialis\u00e9s\",\"publisher\":[],\"potentialAction\":[{\"@type\":\"SearchAction\",\"target\":{\"@type\":\"EntryPoint\",\"urlTemplate\":\"https:\/\/www.danby.com\/fr\/?s={search_term_string}\"},\"query-input\":{\"@type\":\"PropertyValueSpecification\",\"valueRequired\":true,\"valueName\":\"search_term_string\"}}],\"inLanguage\":\"fr-CA\"},{\"@type\":\"Organization\",\"name\":\"Danby Appliances\",\"url\":\"https:\/\/www.danby.com\/fr\/\",\"logo\":{\"@type\":\"ImageObject\",\"inLanguage\":\"fr-CA\",\"url\":\"https:\/\/cdnweb.danby.com\/wp-content\/uploads\/sites\/2\/2022\/02\/10141906\/Danby75Ans_Blue.png\",\"contentUrl\":\"https:\/\/cdnweb.danby.com\/wp-content\/uploads\/sites\/2\/2022\/02\/10141906\/Danby75Ans_Blue.png\",\"width\":470,\"height\":110,\"caption\":\"Danby Appliances\"},\"image\":[],\"sameAs\":[\"https:\/\/www.facebook.com\/DanbyAppliances\",\"https:\/\/x.com\/DanbyAppliance\",\"https:\/\/instagram.com\/danbyappliances\/\",\"https:\/\/www.linkedin.com\/company\/danbyappliances\",\"https:\/\/www.pinterest.ca\/danbyappliances\/\",\"https:\/\/www.youtube.com\/user\/DanbyProducts\",\"https:\/\/en.wikipedia.org\/wiki\/Danby_(appliances)\"]}]}<\/script>\n<!-- \/ Yoast SEO plugin. -->","yoast_head_json":{"title":"Premiere 13000 Climatiseurs portatif - DPAC13012H | Danby Canada","description":"Gr\u00e2ce \u00e0 ce conditionneur portatif de luxe, vous n'aurez plus jamais \u00e0 transpirer dans la chaleur estivale. Ce mod\u00e8le haut-de-gamme se compose d'un climatiseur, d\u2019un radiateur, d\u2019un ventilateur et d\u2019un d\u00e9shumidificateur, un appareil tout en un pratique et silencieux. Le climatiseur peut refroidir des zones ayant jusqu'\u00e0 550 pieds carr\u00e9s de surface, en raison de sa puissante capacit\u00e9 de refroidissement de 13 000 BTU et de son ventilateur \u00e0 trois vitesses. La capacit\u00e9 du d\u00e9shumidificateur est de 54 chopines par 24 heures, alors que le mode de chauffage fonctionne sur 1083 Watts\/12 amp\u00e8res par 115V. Cet appareil \u00e9cologique utilise le r\u00e9frig\u00e9rant R410A et il peut op\u00e9rer en continu gr\u00e2ce \u00e0 l'option de drainage direct. La fonctionnalit\u00e9 automatique marche \/ arr\u00eat vous permet de d\u00e9marrer et d'arr\u00eater l'appareil \u00e0 votre convenance, gr\u00e2ce \u00e0 l'affichage \u00e9lectronique \u00e0 DEL facile \u00e0 lire ou \u00e0 la commande \u00e0 distance. Les roulettes et les poign\u00e9es int\u00e9gr\u00e9es facilitent grandement le d\u00e9placement de l'appareil d'une pi\u00e8ce \u00e0 l\u2019autre.","robots":{"index":"index","follow":"follow","max-snippet":"max-snippet:-1","max-image-preview":"max-image-preview:large","max-video-preview":"max-video-preview:-1"},"canonical":"https:\/\/www.danby.com\/fr\/products\/climatiseurs-portatifs\/dpac13012h\/","og_locale":"fr_CA","og_type":"article","og_title":"Premiere 13000 Climatiseurs portatif - DPAC13012H | Danby Canada","og_description":"Gr\u00e2ce \u00e0 ce conditionneur portatif de luxe, vous n'aurez plus jamais \u00e0 transpirer dans la chaleur estivale. Ce mod\u00e8le haut-de-gamme se compose d'un climatiseur, d\u2019un radiateur, d\u2019un ventilateur et d\u2019un d\u00e9shumidificateur, un appareil tout en un pratique et silencieux. Le climatiseur peut refroidir des zones ayant jusqu'\u00e0 550 pieds carr\u00e9s de surface, en raison de sa puissante capacit\u00e9 de refroidissement de 13 000 BTU et de son ventilateur \u00e0 trois vitesses. La capacit\u00e9 du d\u00e9shumidificateur est de 54 chopines par 24 heures, alors que le mode de chauffage fonctionne sur 1083 Watts\/12 amp\u00e8res par 115V. Cet appareil \u00e9cologique utilise le r\u00e9frig\u00e9rant R410A et il peut op\u00e9rer en continu gr\u00e2ce \u00e0 l'option de drainage direct. La fonctionnalit\u00e9 automatique marche \/ arr\u00eat vous permet de d\u00e9marrer et d'arr\u00eater l'appareil \u00e0 votre convenance, gr\u00e2ce \u00e0 l'affichage \u00e9lectronique \u00e0 DEL facile \u00e0 lire ou \u00e0 la commande \u00e0 distance. Les roulettes et les poign\u00e9es int\u00e9gr\u00e9es facilitent grandement le d\u00e9placement de l'appareil d'une pi\u00e8ce \u00e0 l\u2019autre.","og_url":"https:\/\/www.danby.com\/fr\/products\/climatiseurs-portatifs\/dpac13012h\/","og_site_name":"Danby - Canada - French","article_publisher":"https:\/\/www.facebook.com\/DanbyAppliances","article_modified_time":"2026-04-08T10:07:43+00:00","og_image":[{"width":300,"height":272,"url":"https:\/\/cdnweb.danby.com\/wp-content\/uploads\/sites\/2\/2022\/02\/08183230\/proMed-dpac110123.jpg","type":"image\/jpeg"}],"twitter_card":"summary_large_image","twitter_site":"@DanbyAppliance","schema":{"@context":"https:\/\/schema.org","@graph":[{"@type":["WebPage","ItemPage"],"url":"https:\/\/www.danby.com\/fr\/products\/climatiseurs-portatifs\/dpac13012h\/","name":"Premiere 13000 Climatiseurs portatif - DPAC13012H | Danby Canada","isPartOf":[],"primaryImageOfPage":[],"image":[],"thumbnailUrl":"https:\/\/cdnweb.danby.com\/wp-content\/uploads\/sites\/2\/2022\/02\/08183230\/proMed-dpac110123.jpg","datePublished":"2022-02-03T19:20:19+00:00","dateModified":"2026-04-08T10:07:43+00:00","description":"Gr\u00e2ce \u00e0 ce conditionneur portatif de luxe, vous n'aurez plus jamais \u00e0 transpirer dans la chaleur estivale. Ce mod\u00e8le haut-de-gamme se compose d'un climatiseur, d\u2019un radiateur, d\u2019un ventilateur et d\u2019un d\u00e9shumidificateur, un appareil tout en un pratique et silencieux. Le climatiseur peut refroidir des zones ayant jusqu'\u00e0 550 pieds carr\u00e9s de surface, en raison de sa puissante capacit\u00e9 de refroidissement de 13 000 BTU et de son ventilateur \u00e0 trois vitesses. La capacit\u00e9 du d\u00e9shumidificateur est de 54 chopines par 24 heures, alors que le mode de chauffage fonctionne sur 1083 Watts\/12 amp\u00e8res par 115V. Cet appareil \u00e9cologique utilise le r\u00e9frig\u00e9rant R410A et il peut op\u00e9rer en continu gr\u00e2ce \u00e0 l'option de drainage direct. La fonctionnalit\u00e9 automatique marche \/ arr\u00eat vous permet de d\u00e9marrer et d'arr\u00eater l'appareil \u00e0 votre convenance, gr\u00e2ce \u00e0 l'affichage \u00e9lectronique \u00e0 DEL facile \u00e0 lire ou \u00e0 la commande \u00e0 distance. Les roulettes et les poign\u00e9es int\u00e9gr\u00e9es facilitent grandement le d\u00e9placement de l'appareil d'une pi\u00e8ce \u00e0 l\u2019autre.","breadcrumb":[],"inLanguage":"fr-CA","potentialAction":[{"@type":"ReadAction","target":["https:\/\/www.danby.com\/fr\/products\/climatiseurs-portatifs\/dpac13012h\/"]}]},{"@type":"ImageObject","inLanguage":"fr-CA","url":"https:\/\/cdnweb.danby.com\/wp-content\/uploads\/sites\/2\/2022\/02\/08183230\/proMed-dpac110123.jpg","contentUrl":"https:\/\/cdnweb.danby.com\/wp-content\/uploads\/sites\/2\/2022\/02\/08183230\/proMed-dpac110123.jpg","width":300,"height":272},{"@type":"BreadcrumbList","itemListElement":[{"@type":"ListItem","position":1,"name":"Home","item":"https:\/\/www.danby.com\/fr\/"},{"@type":"ListItem","position":2,"name":"Boutique","item":"https:\/\/www.danby.com\/fr\/boutique\/"},{"@type":"ListItem","position":3,"name":"Premiere 13000 Climatiseurs portatif"}]},{"@type":"WebSite","url":"https:\/\/www.danby.com\/fr\/","name":"Danby - Canada - French","description":"Leader dans le domaine de la r\u00e9frig\u00e9ration et des appareils sp\u00e9cialis\u00e9s","publisher":[],"potentialAction":[{"@type":"SearchAction","target":{"@type":"EntryPoint","urlTemplate":"https:\/\/www.danby.com\/fr\/?s={search_term_string}"},"query-input":{"@type":"PropertyValueSpecification","valueRequired":true,"valueName":"search_term_string"}}],"inLanguage":"fr-CA"},{"@type":"Organization","name":"Danby Appliances","url":"https:\/\/www.danby.com\/fr\/","logo":{"@type":"ImageObject","inLanguage":"fr-CA","url":"https:\/\/cdnweb.danby.com\/wp-content\/uploads\/sites\/2\/2022\/02\/10141906\/Danby75Ans_Blue.png","contentUrl":"https:\/\/cdnweb.danby.com\/wp-content\/uploads\/sites\/2\/2022\/02\/10141906\/Danby75Ans_Blue.png","width":470,"height":110,"caption":"Danby Appliances"},"image":[],"sameAs":["https:\/\/www.facebook.com\/DanbyAppliances","https:\/\/x.com\/DanbyAppliance","https:\/\/instagram.com\/danbyappliances\/","https:\/\/www.linkedin.com\/company\/danbyappliances","https:\/\/www.pinterest.ca\/danbyappliances\/","https:\/\/www.youtube.com\/user\/DanbyProducts","https:\/\/en.wikipedia.org\/wiki\/Danby_(appliances)"]}]}},"post_mailing_queue_ids":[],"_links":{"self":[{"href":"https:\/\/www.danby.com\/fr\/wp-json\/wp\/v2\/product\/5161","targetHints":{"allow":["GET"]}}],"collection":[{"href":"https:\/\/www.danby.com\/fr\/wp-json\/wp\/v2\/product"}],"about":[{"href":"https:\/\/www.danby.com\/fr\/wp-json\/wp\/v2\/types\/product"}],"replies":[{"embeddable":true,"href":"https:\/\/www.danby.com\/fr\/wp-json\/wp\/v2\/comments?post=5161"}],"wp:featuredmedia":[{"embeddable":true,"href":"https:\/\/www.danby.com\/fr\/wp-json\/wp\/v2\/media\/6175"}],"wp:attachment":[{"href":"https:\/\/www.danby.com\/fr\/wp-json\/wp\/v2\/media?parent=5161"}],"wp:term":[{"taxonomy":"product_brand","embeddable":true,"href":"https:\/\/www.danby.com\/fr\/wp-json\/wp\/v2\/product_brand?post=5161"},{"taxonomy":"product_cat","embeddable":true,"href":"https:\/\/www.danby.com\/fr\/wp-json\/wp\/v2\/product_cat?post=5161"},{"taxonomy":"product_tag","embeddable":true,"href":"https:\/\/www.danby.com\/fr\/wp-json\/wp\/v2\/product_tag?post=5161"}],"curies":[{"name":"wp","href":"https:\/\/api.w.org\/{rel}","templated":true}]}}