{"id":5157,"date":"2022-02-03T19:20:19","date_gmt":"2022-02-03T19:20:19","guid":{"rendered":"https:\/\/www.danby.com\/fr\/product\/dpac12010h\/"},"modified":"2026-04-29T10:23:47","modified_gmt":"2026-04-29T10:23:47","slug":"dpac12010h","status":"publish","type":"product","link":"https:\/\/www.danby.com\/fr\/products\/climatiseurs-portatifs\/dpac12010h\/","title":{"rendered":"Premiere 12000  Climatiseurs portatif"},"content":{"rendered":"","protected":false},"excerpt":{"rendered":"<ul>\n<li>Climatiseur portatif, d\u00e9shumidificateur, chauffage et ventilateur dans une unit\u00e9 compacte<\/li>\n<li>Climatiseur &#8211; Capacit\u00e9 de refroidissement de 12 000 BTU &#8211; Refroidit des zones jusqu&#8217;\u00e0 500 pieds carr\u00e9s. selon les conditions<\/li>\n<li>D\u00e9shumidificateur de 54 pintes<\/li>\n<li>Puissant ventilateur \u00e0 3 vitesses<\/li>\n<li>R\u00e9frig\u00e9rant R410A \u00e9cologique<\/li>\n<li>Option de vidange directe pour un fonctionnement continu<\/li>\n<li>Commandes \u00e9lectroniques avec t\u00e9l\u00e9commande et affichage \u00e0 DEL<\/li>\n<li>Fonctionnement silencieux<\/li>\n<li>Mise en marche automatique : Faites en sorte que l&#8217;unit\u00e9 d\u00e9marre ou s&#8217;arr\u00eate en fonction de votre emploi du temps<\/li>\n<li>Des tuyaux doubles aspirent l&#8217;air frais et repoussent l&#8217;air vici\u00e9<\/li>\n<\/ul>\n","protected":false},"featured_media":6313,"comment_status":"closed","ping_status":"open","template":"","meta":{"_acf_changed":false},"product_brand":[],"product_cat":[35],"product_tag":[],"class_list":{"0":"post-5157","1":"product","2":"type-product","3":"status-publish","4":"has-post-thumbnail","6":"product_cat-climatiseurs-portatifs","8":"first","9":"outofstock","10":"taxable","11":"shipping-taxable","12":"product-type-simple"},"acf":[],"yoast_head":"<!-- This site is optimized with the Yoast SEO plugin v27.5 - https:\/\/yoast.com\/product\/yoast-seo-wordpress\/ -->\n<title>Premiere 12000 Climatiseurs portatif - DPAC12010H | Danby Canada<\/title>\n<meta name=\"description\" content=\"Assurez votre confort \u00e0 longueur d&#039;ann\u00e9e. Ce syst\u00e8me 4 en\u00a01 portable de confort du foyer est dot\u00e9 d&#039;un conditionneur d&#039;air d&#039;une capacit\u00e9 de 12\u00a0000\u00a0BTU, d&#039;un d\u00e9shumidificateur de grande capacit\u00e9, d&#039;une chaufferette et d&#039;un ventilateur \u00e0 3\u00a0vitesses. Couvrant une superficie de 46,5\u00a0m\u00b2, ce conditionneur d&#039;air est id\u00e9al pour le salon ou la chambre \u00e0 coucher. Les commandes \u00e9lectroniques, la t\u00e9l\u00e9commande et l&#039;affichage \u00e0 DEL permettent de r\u00e9gler facilement la temp\u00e9rature \u2014 de 16\u00b0C \u00e0 32\u00b0C.\" \/>\n<meta name=\"robots\" content=\"index, follow, max-snippet:-1, max-image-preview:large, max-video-preview:-1\" \/>\n<link rel=\"canonical\" href=\"https:\/\/www.danby.com\/fr\/products\/climatiseurs-portatifs\/dpac12010h\/\" \/>\n<meta property=\"og:locale\" content=\"fr_CA\" \/>\n<meta property=\"og:type\" content=\"article\" \/>\n<meta property=\"og:title\" content=\"Premiere 12000 Climatiseurs portatif - DPAC12010H | Danby Canada\" \/>\n<meta property=\"og:description\" content=\"Assurez votre confort \u00e0 longueur d&#039;ann\u00e9e. Ce syst\u00e8me 4 en\u00a01 portable de confort du foyer est dot\u00e9 d&#039;un conditionneur d&#039;air d&#039;une capacit\u00e9 de 12\u00a0000\u00a0BTU, d&#039;un d\u00e9shumidificateur de grande capacit\u00e9, d&#039;une chaufferette et d&#039;un ventilateur \u00e0 3\u00a0vitesses. Couvrant une superficie de 46,5\u00a0m\u00b2, ce conditionneur d&#039;air est id\u00e9al pour le salon ou la chambre \u00e0 coucher. Les commandes \u00e9lectroniques, la t\u00e9l\u00e9commande et l&#039;affichage \u00e0 DEL permettent de r\u00e9gler facilement la temp\u00e9rature \u2014 de 16\u00b0C \u00e0 32\u00b0C.\" \/>\n<meta property=\"og:url\" content=\"https:\/\/www.danby.com\/fr\/products\/climatiseurs-portatifs\/dpac12010h\/\" \/>\n<meta property=\"og:site_name\" content=\"Danby - Canada - French\" \/>\n<meta property=\"article:publisher\" content=\"https:\/\/www.facebook.com\/DanbyAppliances\" \/>\n<meta property=\"article:modified_time\" content=\"2026-04-29T10:23:47+00:00\" \/>\n<meta property=\"og:image\" content=\"https:\/\/cdnweb.danby.com\/wp-content\/uploads\/sites\/2\/2022\/02\/08183627\/proMed-dpac12010h.jpg\" \/>\n\t<meta property=\"og:image:width\" content=\"300\" \/>\n\t<meta property=\"og:image:height\" content=\"272\" \/>\n\t<meta property=\"og:image:type\" content=\"image\/jpeg\" \/>\n<meta name=\"twitter:card\" content=\"summary_large_image\" \/>\n<meta name=\"twitter:site\" content=\"@DanbyAppliance\" \/>\n<script type=\"application\/ld+json\" class=\"yoast-schema-graph\">{\"@context\":\"https:\\\/\\\/schema.org\",\"@graph\":[{\"@type\":[\"WebPage\",\"ItemPage\"],\"url\":\"https:\\\/\\\/www.danby.com\\\/fr\\\/products\\\/climatiseurs-portatifs\\\/dpac12010h\\\/\",\"name\":\"Premiere 12000 Climatiseurs portatif - DPAC12010H | Danby Canada\",\"isPartOf\":[],\"primaryImageOfPage\":[],\"image\":[],\"thumbnailUrl\":\"https:\\\/\\\/cdnweb.danby.com\\\/wp-content\\\/uploads\\\/sites\\\/2\\\/2022\\\/02\\\/08183627\\\/proMed-dpac12010h.jpg\",\"datePublished\":\"2022-02-03T19:20:19+00:00\",\"dateModified\":\"2026-04-29T10:23:47+00:00\",\"description\":\"Assurez votre confort \u00e0 longueur d'ann\u00e9e. Ce syst\u00e8me 4 en\u00a01 portable de confort du foyer est dot\u00e9 d'un conditionneur d'air d'une capacit\u00e9 de 12\u00a0000\u00a0BTU, d'un d\u00e9shumidificateur de grande capacit\u00e9, d'une chaufferette et d'un ventilateur \u00e0 3\u00a0vitesses. Couvrant une superficie de 46,5\u00a0m\u00b2, ce conditionneur d'air est id\u00e9al pour le salon ou la chambre \u00e0 coucher. Les commandes \u00e9lectroniques, la t\u00e9l\u00e9commande et l'affichage \u00e0 DEL permettent de r\u00e9gler facilement la temp\u00e9rature \u2014 de 16\u00b0C \u00e0 32\u00b0C.\",\"breadcrumb\":[],\"inLanguage\":\"fr-CA\",\"potentialAction\":[{\"@type\":\"ReadAction\",\"target\":[\"https:\\\/\\\/www.danby.com\\\/fr\\\/products\\\/climatiseurs-portatifs\\\/dpac12010h\\\/\"]}]},{\"@type\":\"ImageObject\",\"inLanguage\":\"fr-CA\",\"url\":\"https:\\\/\\\/cdnweb.danby.com\\\/wp-content\\\/uploads\\\/sites\\\/2\\\/2022\\\/02\\\/08183627\\\/proMed-dpac12010h.jpg\",\"contentUrl\":\"https:\\\/\\\/cdnweb.danby.com\\\/wp-content\\\/uploads\\\/sites\\\/2\\\/2022\\\/02\\\/08183627\\\/proMed-dpac12010h.jpg\",\"width\":300,\"height\":272},{\"@type\":\"BreadcrumbList\",\"itemListElement\":[{\"@type\":\"ListItem\",\"position\":1,\"name\":\"Home\",\"item\":\"https:\\\/\\\/www.danby.com\\\/fr\\\/\"},{\"@type\":\"ListItem\",\"position\":2,\"name\":\"Boutique\",\"item\":\"https:\\\/\\\/www.danby.com\\\/fr\\\/boutique\\\/\"},{\"@type\":\"ListItem\",\"position\":3,\"name\":\"Premiere 12000 Climatiseurs portatif\"}]},{\"@type\":\"WebSite\",\"url\":\"https:\\\/\\\/www.danby.com\\\/fr\\\/\",\"name\":\"Danby - Canada - French\",\"description\":\"Leader dans le domaine de la r\u00e9frig\u00e9ration et des appareils sp\u00e9cialis\u00e9s\",\"publisher\":[],\"potentialAction\":[{\"@type\":\"SearchAction\",\"target\":{\"@type\":\"EntryPoint\",\"urlTemplate\":\"https:\\\/\\\/www.danby.com\\\/fr\\\/?s={search_term_string}\"},\"query-input\":{\"@type\":\"PropertyValueSpecification\",\"valueRequired\":true,\"valueName\":\"search_term_string\"}}],\"inLanguage\":\"fr-CA\"},{\"@type\":\"Organization\",\"name\":\"Danby Appliances\",\"url\":\"https:\\\/\\\/www.danby.com\\\/fr\\\/\",\"logo\":{\"@type\":\"ImageObject\",\"inLanguage\":\"fr-CA\",\"url\":\"https:\\\/\\\/cdnweb.danby.com\\\/wp-content\\\/uploads\\\/sites\\\/2\\\/2022\\\/02\\\/10141906\\\/Danby75Ans_Blue.png\",\"contentUrl\":\"https:\\\/\\\/cdnweb.danby.com\\\/wp-content\\\/uploads\\\/sites\\\/2\\\/2022\\\/02\\\/10141906\\\/Danby75Ans_Blue.png\",\"width\":470,\"height\":110,\"caption\":\"Danby Appliances\"},\"image\":[],\"sameAs\":[\"https:\\\/\\\/www.facebook.com\\\/DanbyAppliances\",\"https:\\\/\\\/x.com\\\/DanbyAppliance\",\"https:\\\/\\\/instagram.com\\\/danbyappliances\\\/\",\"https:\\\/\\\/www.linkedin.com\\\/company\\\/danbyappliances\",\"https:\\\/\\\/www.pinterest.ca\\\/danbyappliances\\\/\",\"https:\\\/\\\/www.youtube.com\\\/user\\\/DanbyProducts\",\"https:\\\/\\\/en.wikipedia.org\\\/wiki\\\/Danby_(appliances)\"]}]}<\/script>\n<!-- \/ Yoast SEO plugin. -->","yoast_head_json":{"title":"Premiere 12000 Climatiseurs portatif - DPAC12010H | Danby Canada","description":"Assurez votre confort \u00e0 longueur d'ann\u00e9e. Ce syst\u00e8me 4 en\u00a01 portable de confort du foyer est dot\u00e9 d'un conditionneur d'air d'une capacit\u00e9 de 12\u00a0000\u00a0BTU, d'un d\u00e9shumidificateur de grande capacit\u00e9, d'une chaufferette et d'un ventilateur \u00e0 3\u00a0vitesses. Couvrant une superficie de 46,5\u00a0m\u00b2, ce conditionneur d'air est id\u00e9al pour le salon ou la chambre \u00e0 coucher. Les commandes \u00e9lectroniques, la t\u00e9l\u00e9commande et l'affichage \u00e0 DEL permettent de r\u00e9gler facilement la temp\u00e9rature \u2014 de 16\u00b0C \u00e0 32\u00b0C.","robots":{"index":"index","follow":"follow","max-snippet":"max-snippet:-1","max-image-preview":"max-image-preview:large","max-video-preview":"max-video-preview:-1"},"canonical":"https:\/\/www.danby.com\/fr\/products\/climatiseurs-portatifs\/dpac12010h\/","og_locale":"fr_CA","og_type":"article","og_title":"Premiere 12000 Climatiseurs portatif - DPAC12010H | Danby Canada","og_description":"Assurez votre confort \u00e0 longueur d'ann\u00e9e. Ce syst\u00e8me 4 en\u00a01 portable de confort du foyer est dot\u00e9 d'un conditionneur d'air d'une capacit\u00e9 de 12\u00a0000\u00a0BTU, d'un d\u00e9shumidificateur de grande capacit\u00e9, d'une chaufferette et d'un ventilateur \u00e0 3\u00a0vitesses. Couvrant une superficie de 46,5\u00a0m\u00b2, ce conditionneur d'air est id\u00e9al pour le salon ou la chambre \u00e0 coucher. Les commandes \u00e9lectroniques, la t\u00e9l\u00e9commande et l'affichage \u00e0 DEL permettent de r\u00e9gler facilement la temp\u00e9rature \u2014 de 16\u00b0C \u00e0 32\u00b0C.","og_url":"https:\/\/www.danby.com\/fr\/products\/climatiseurs-portatifs\/dpac12010h\/","og_site_name":"Danby - Canada - French","article_publisher":"https:\/\/www.facebook.com\/DanbyAppliances","article_modified_time":"2026-04-29T10:23:47+00:00","og_image":[{"width":300,"height":272,"url":"https:\/\/cdnweb.danby.com\/wp-content\/uploads\/sites\/2\/2022\/02\/08183627\/proMed-dpac12010h.jpg","type":"image\/jpeg"}],"twitter_card":"summary_large_image","twitter_site":"@DanbyAppliance","schema":{"@context":"https:\/\/schema.org","@graph":[{"@type":["WebPage","ItemPage"],"url":"https:\/\/www.danby.com\/fr\/products\/climatiseurs-portatifs\/dpac12010h\/","name":"Premiere 12000 Climatiseurs portatif - DPAC12010H | Danby Canada","isPartOf":[],"primaryImageOfPage":[],"image":[],"thumbnailUrl":"https:\/\/cdnweb.danby.com\/wp-content\/uploads\/sites\/2\/2022\/02\/08183627\/proMed-dpac12010h.jpg","datePublished":"2022-02-03T19:20:19+00:00","dateModified":"2026-04-29T10:23:47+00:00","description":"Assurez votre confort \u00e0 longueur d'ann\u00e9e. Ce syst\u00e8me 4 en\u00a01 portable de confort du foyer est dot\u00e9 d'un conditionneur d'air d'une capacit\u00e9 de 12\u00a0000\u00a0BTU, d'un d\u00e9shumidificateur de grande capacit\u00e9, d'une chaufferette et d'un ventilateur \u00e0 3\u00a0vitesses. Couvrant une superficie de 46,5\u00a0m\u00b2, ce conditionneur d'air est id\u00e9al pour le salon ou la chambre \u00e0 coucher. Les commandes \u00e9lectroniques, la t\u00e9l\u00e9commande et l'affichage \u00e0 DEL permettent de r\u00e9gler facilement la temp\u00e9rature \u2014 de 16\u00b0C \u00e0 32\u00b0C.","breadcrumb":[],"inLanguage":"fr-CA","potentialAction":[{"@type":"ReadAction","target":["https:\/\/www.danby.com\/fr\/products\/climatiseurs-portatifs\/dpac12010h\/"]}]},{"@type":"ImageObject","inLanguage":"fr-CA","url":"https:\/\/cdnweb.danby.com\/wp-content\/uploads\/sites\/2\/2022\/02\/08183627\/proMed-dpac12010h.jpg","contentUrl":"https:\/\/cdnweb.danby.com\/wp-content\/uploads\/sites\/2\/2022\/02\/08183627\/proMed-dpac12010h.jpg","width":300,"height":272},{"@type":"BreadcrumbList","itemListElement":[{"@type":"ListItem","position":1,"name":"Home","item":"https:\/\/www.danby.com\/fr\/"},{"@type":"ListItem","position":2,"name":"Boutique","item":"https:\/\/www.danby.com\/fr\/boutique\/"},{"@type":"ListItem","position":3,"name":"Premiere 12000 Climatiseurs portatif"}]},{"@type":"WebSite","url":"https:\/\/www.danby.com\/fr\/","name":"Danby - Canada - French","description":"Leader dans le domaine de la r\u00e9frig\u00e9ration et des appareils sp\u00e9cialis\u00e9s","publisher":[],"potentialAction":[{"@type":"SearchAction","target":{"@type":"EntryPoint","urlTemplate":"https:\/\/www.danby.com\/fr\/?s={search_term_string}"},"query-input":{"@type":"PropertyValueSpecification","valueRequired":true,"valueName":"search_term_string"}}],"inLanguage":"fr-CA"},{"@type":"Organization","name":"Danby Appliances","url":"https:\/\/www.danby.com\/fr\/","logo":{"@type":"ImageObject","inLanguage":"fr-CA","url":"https:\/\/cdnweb.danby.com\/wp-content\/uploads\/sites\/2\/2022\/02\/10141906\/Danby75Ans_Blue.png","contentUrl":"https:\/\/cdnweb.danby.com\/wp-content\/uploads\/sites\/2\/2022\/02\/10141906\/Danby75Ans_Blue.png","width":470,"height":110,"caption":"Danby Appliances"},"image":[],"sameAs":["https:\/\/www.facebook.com\/DanbyAppliances","https:\/\/x.com\/DanbyAppliance","https:\/\/instagram.com\/danbyappliances\/","https:\/\/www.linkedin.com\/company\/danbyappliances","https:\/\/www.pinterest.ca\/danbyappliances\/","https:\/\/www.youtube.com\/user\/DanbyProducts","https:\/\/en.wikipedia.org\/wiki\/Danby_(appliances)"]}]}},"post_mailing_queue_ids":[],"_links":{"self":[{"href":"https:\/\/www.danby.com\/fr\/wp-json\/wp\/v2\/product\/5157","targetHints":{"allow":["GET"]}}],"collection":[{"href":"https:\/\/www.danby.com\/fr\/wp-json\/wp\/v2\/product"}],"about":[{"href":"https:\/\/www.danby.com\/fr\/wp-json\/wp\/v2\/types\/product"}],"replies":[{"embeddable":true,"href":"https:\/\/www.danby.com\/fr\/wp-json\/wp\/v2\/comments?post=5157"}],"wp:featuredmedia":[{"embeddable":true,"href":"https:\/\/www.danby.com\/fr\/wp-json\/wp\/v2\/media\/6313"}],"wp:attachment":[{"href":"https:\/\/www.danby.com\/fr\/wp-json\/wp\/v2\/media?parent=5157"}],"wp:term":[{"taxonomy":"product_brand","embeddable":true,"href":"https:\/\/www.danby.com\/fr\/wp-json\/wp\/v2\/product_brand?post=5157"},{"taxonomy":"product_cat","embeddable":true,"href":"https:\/\/www.danby.com\/fr\/wp-json\/wp\/v2\/product_cat?post=5157"},{"taxonomy":"product_tag","embeddable":true,"href":"https:\/\/www.danby.com\/fr\/wp-json\/wp\/v2\/product_tag?post=5157"}],"curies":[{"name":"wp","href":"https:\/\/api.w.org\/{rel}","templated":true}]}}