{"id":5153,"date":"2022-02-03T19:20:19","date_gmt":"2022-02-03T19:20:19","guid":{"rendered":"https:\/\/www.danby.com\/fr\/product\/dpac11012bl\/"},"modified":"2026-04-15T10:07:48","modified_gmt":"2026-04-15T10:07:48","slug":"dpac11012bl","status":"publish","type":"product","link":"https:\/\/www.danby.com\/fr\/products\/climatiseurs-portatifs\/dpac11012bl\/","title":{"rendered":"Danby 11000  Climatiseurs portatif"},"content":{"rendered":"","protected":false},"excerpt":{"rendered":"<ul>\n<li>Climatiseur portatif, d\u00e9shumidificateur et ventilateur dans une unit\u00e9 compacte<\/li>\n<li>Climatiseur &#8211; Capacit\u00e9 de refroidissement de 11 000 BTU &#8211; Refroidit des zones jusqu&#8217;\u00e0 450 pieds carr\u00e9s. selon les conditions<\/li>\n<li>D\u00e9shumidificateur de 54 pintes<\/li>\n<li>Puissant ventilateur \u00e0 3 vitesses<\/li>\n<li>R\u00e9frig\u00e9rant R410A \u00e9cologique<\/li>\n<li>Option de vidange directe pour un fonctionnement continu<\/li>\n<li>Commandes \u00e9lectroniques avec t\u00e9l\u00e9commande et affichage \u00e0 DEL<\/li>\n<li>Fonctionnement silencieux<\/li>\n<li>Mise en marche automatique : Faites en sorte que l&#8217;unit\u00e9 d\u00e9marre ou s&#8217;arr\u00eate en fonction de votre emploi du temps<\/li>\n<\/ul>\n","protected":false},"featured_media":6262,"comment_status":"closed","ping_status":"open","template":"","meta":{"_acf_changed":false},"product_brand":[],"product_cat":[35],"product_tag":[],"class_list":{"0":"post-5153","1":"product","2":"type-product","3":"status-publish","4":"has-post-thumbnail","6":"product_cat-climatiseurs-portatifs","8":"first","9":"outofstock","10":"taxable","11":"shipping-taxable","12":"product-type-simple"},"acf":[],"yoast_head":"<!-- This site is optimized with the Yoast SEO plugin v26.7 - https:\/\/yoast.com\/wordpress\/plugins\/seo\/ -->\n<title>Danby 11000 Climatiseurs portatif - DPAC11012BL | Danby Canada<\/title>\n<meta name=\"description\" content=\"La chaleur torride de l&#039;\u00e9t\u00e9 n\u2019est pas \u00e9gal\u00e9e par la haute performance de cet appareil de climatisation qui peut rapidement et facilement contr\u00f4ler la temp\u00e9rature dans n&#039;importe quelle pi\u00e8ce d\u2019une superficie allant jusqu\u2019\u00e0 450 pieds carr\u00e9s. Ce mod\u00e8le compact et portatif, d\u2019une capacit\u00e9 de refroidissement de 11,000 BTU, dispose aussi d&#039;un ventilateur et d\u2019un d\u00e9shumidificateur d\u2019une capacit\u00e9 de 54 chopines, le tout dans le m\u00eame appareil. Cette unit\u00e9 peut ais\u00e9ment g\u00e9rer une lourde charge de travail, gr\u00e2ce \u00e0 son puissant ventilateur \u00e0 trois vitesses et \u00e0 l\u2019utilisation du r\u00e9frig\u00e9rant \u00e9cologique R410A. L\u2019appareil fonctionne discr\u00e8tement et de fa\u00e7on continue, gr\u00e2ce \u00e0 un syst\u00e8me moderne d\u2019\u00e9vacuation directe. La programmation et la v\u00e9rification du bon fonctionnement de l&#039;unit\u00e9 sont simplifi\u00e9s, gr\u00e2ce au contr\u00f4le \u00e9lectronique de temp\u00e9rature variable et \u00e0 la fonction d\u2019affichage \u00e0 DEL. Vous pouvez \u00e9galement g\u00e9rer les param\u00e8tres depuis n\u2019importe quel endroit dans la pi\u00e8ce, en utilisant le pratique dispositif de commande \u00e0 distance. Afin de vous aider \u00e0 r\u00e9duire vos co\u00fbts \u00e9nerg\u00e9tiques et afin de r\u00e9pondre aux exigence de votre emploi du temps, vous pouvez facilement programmer cet appareil intelligent de mani\u00e8re \u00e0 ce qu\u2019il d\u00e9marre et s\u2019arr\u00eate quand vous le d\u00e9sirez, en utilisant le pratique interrupteur marche\/arr\u00eat automatique. La tranquillit\u00e9 d&#039;esprit vous est \u00e9galement offerte avec cet \u00e9l\u00e9gant appareil de couleur noire, combinant un climatiseur et un d\u00e9shumidificateur, puisqu\u2019il est pourvu d\u2019une garantie de 12 mois sur les pi\u00e8ces et la main-d&#039;\u0153uvre, incluant le service \u00e0 domicile.\" \/>\n<meta name=\"robots\" content=\"index, follow, max-snippet:-1, max-image-preview:large, max-video-preview:-1\" \/>\n<link rel=\"canonical\" href=\"https:\/\/www.danby.com\/fr\/products\/climatiseurs-portatifs\/dpac11012bl\/\" \/>\n<meta property=\"og:locale\" content=\"fr_CA\" \/>\n<meta property=\"og:type\" content=\"article\" \/>\n<meta property=\"og:title\" content=\"Danby 11000 Climatiseurs portatif - DPAC11012BL | Danby Canada\" \/>\n<meta property=\"og:description\" content=\"La chaleur torride de l&#039;\u00e9t\u00e9 n\u2019est pas \u00e9gal\u00e9e par la haute performance de cet appareil de climatisation qui peut rapidement et facilement contr\u00f4ler la temp\u00e9rature dans n&#039;importe quelle pi\u00e8ce d\u2019une superficie allant jusqu\u2019\u00e0 450 pieds carr\u00e9s. Ce mod\u00e8le compact et portatif, d\u2019une capacit\u00e9 de refroidissement de 11,000 BTU, dispose aussi d&#039;un ventilateur et d\u2019un d\u00e9shumidificateur d\u2019une capacit\u00e9 de 54 chopines, le tout dans le m\u00eame appareil. Cette unit\u00e9 peut ais\u00e9ment g\u00e9rer une lourde charge de travail, gr\u00e2ce \u00e0 son puissant ventilateur \u00e0 trois vitesses et \u00e0 l\u2019utilisation du r\u00e9frig\u00e9rant \u00e9cologique R410A. L\u2019appareil fonctionne discr\u00e8tement et de fa\u00e7on continue, gr\u00e2ce \u00e0 un syst\u00e8me moderne d\u2019\u00e9vacuation directe. La programmation et la v\u00e9rification du bon fonctionnement de l&#039;unit\u00e9 sont simplifi\u00e9s, gr\u00e2ce au contr\u00f4le \u00e9lectronique de temp\u00e9rature variable et \u00e0 la fonction d\u2019affichage \u00e0 DEL. Vous pouvez \u00e9galement g\u00e9rer les param\u00e8tres depuis n\u2019importe quel endroit dans la pi\u00e8ce, en utilisant le pratique dispositif de commande \u00e0 distance. Afin de vous aider \u00e0 r\u00e9duire vos co\u00fbts \u00e9nerg\u00e9tiques et afin de r\u00e9pondre aux exigence de votre emploi du temps, vous pouvez facilement programmer cet appareil intelligent de mani\u00e8re \u00e0 ce qu\u2019il d\u00e9marre et s\u2019arr\u00eate quand vous le d\u00e9sirez, en utilisant le pratique interrupteur marche\/arr\u00eat automatique. La tranquillit\u00e9 d&#039;esprit vous est \u00e9galement offerte avec cet \u00e9l\u00e9gant appareil de couleur noire, combinant un climatiseur et un d\u00e9shumidificateur, puisqu\u2019il est pourvu d\u2019une garantie de 12 mois sur les pi\u00e8ces et la main-d&#039;\u0153uvre, incluant le service \u00e0 domicile.\" \/>\n<meta property=\"og:url\" content=\"https:\/\/www.danby.com\/fr\/products\/climatiseurs-portatifs\/dpac11012bl\/\" \/>\n<meta property=\"og:site_name\" content=\"Danby - Canada - French\" \/>\n<meta property=\"article:publisher\" content=\"https:\/\/www.facebook.com\/DanbyAppliances\" \/>\n<meta property=\"article:modified_time\" content=\"2026-04-15T10:07:48+00:00\" \/>\n<meta property=\"og:image\" content=\"https:\/\/cdnweb.danby.com\/wp-content\/uploads\/sites\/2\/2022\/02\/08183457\/Medium-DPA120A1BD2.jpg\" \/>\n\t<meta property=\"og:image:width\" content=\"300\" \/>\n\t<meta property=\"og:image:height\" content=\"272\" \/>\n\t<meta property=\"og:image:type\" content=\"image\/jpeg\" \/>\n<meta name=\"twitter:card\" content=\"summary_large_image\" \/>\n<meta name=\"twitter:site\" content=\"@DanbyAppliance\" \/>\n<script type=\"application\/ld+json\" class=\"yoast-schema-graph\">{\"@context\":\"https:\/\/schema.org\",\"@graph\":[{\"@type\":[\"WebPage\",\"ItemPage\"],\"url\":\"https:\/\/www.danby.com\/fr\/products\/climatiseurs-portatifs\/dpac11012bl\/\",\"name\":\"Danby 11000 Climatiseurs portatif - DPAC11012BL | Danby Canada\",\"isPartOf\":[],\"primaryImageOfPage\":[],\"image\":[],\"thumbnailUrl\":\"https:\/\/cdnweb.danby.com\/wp-content\/uploads\/sites\/2\/2022\/02\/08183457\/Medium-DPA120A1BD2.jpg\",\"datePublished\":\"2022-02-03T19:20:19+00:00\",\"dateModified\":\"2026-04-15T10:07:48+00:00\",\"description\":\"La chaleur torride de l'\u00e9t\u00e9 n\u2019est pas \u00e9gal\u00e9e par la haute performance de cet appareil de climatisation qui peut rapidement et facilement contr\u00f4ler la temp\u00e9rature dans n'importe quelle pi\u00e8ce d\u2019une superficie allant jusqu\u2019\u00e0 450 pieds carr\u00e9s. Ce mod\u00e8le compact et portatif, d\u2019une capacit\u00e9 de refroidissement de 11,000 BTU, dispose aussi d'un ventilateur et d\u2019un d\u00e9shumidificateur d\u2019une capacit\u00e9 de 54 chopines, le tout dans le m\u00eame appareil. Cette unit\u00e9 peut ais\u00e9ment g\u00e9rer une lourde charge de travail, gr\u00e2ce \u00e0 son puissant ventilateur \u00e0 trois vitesses et \u00e0 l\u2019utilisation du r\u00e9frig\u00e9rant \u00e9cologique R410A. L\u2019appareil fonctionne discr\u00e8tement et de fa\u00e7on continue, gr\u00e2ce \u00e0 un syst\u00e8me moderne d\u2019\u00e9vacuation directe. La programmation et la v\u00e9rification du bon fonctionnement de l'unit\u00e9 sont simplifi\u00e9s, gr\u00e2ce au contr\u00f4le \u00e9lectronique de temp\u00e9rature variable et \u00e0 la fonction d\u2019affichage \u00e0 DEL. Vous pouvez \u00e9galement g\u00e9rer les param\u00e8tres depuis n\u2019importe quel endroit dans la pi\u00e8ce, en utilisant le pratique dispositif de commande \u00e0 distance. Afin de vous aider \u00e0 r\u00e9duire vos co\u00fbts \u00e9nerg\u00e9tiques et afin de r\u00e9pondre aux exigence de votre emploi du temps, vous pouvez facilement programmer cet appareil intelligent de mani\u00e8re \u00e0 ce qu\u2019il d\u00e9marre et s\u2019arr\u00eate quand vous le d\u00e9sirez, en utilisant le pratique interrupteur marche\/arr\u00eat automatique. La tranquillit\u00e9 d'esprit vous est \u00e9galement offerte avec cet \u00e9l\u00e9gant appareil de couleur noire, combinant un climatiseur et un d\u00e9shumidificateur, puisqu\u2019il est pourvu d\u2019une garantie de 12 mois sur les pi\u00e8ces et la main-d'\u0153uvre, incluant le service \u00e0 domicile.\",\"breadcrumb\":[],\"inLanguage\":\"fr-CA\",\"potentialAction\":[{\"@type\":\"ReadAction\",\"target\":[\"https:\/\/www.danby.com\/fr\/products\/climatiseurs-portatifs\/dpac11012bl\/\"]}]},{\"@type\":\"ImageObject\",\"inLanguage\":\"fr-CA\",\"url\":\"https:\/\/cdnweb.danby.com\/wp-content\/uploads\/sites\/2\/2022\/02\/08183457\/Medium-DPA120A1BD2.jpg\",\"contentUrl\":\"https:\/\/cdnweb.danby.com\/wp-content\/uploads\/sites\/2\/2022\/02\/08183457\/Medium-DPA120A1BD2.jpg\",\"width\":300,\"height\":272},{\"@type\":\"BreadcrumbList\",\"itemListElement\":[{\"@type\":\"ListItem\",\"position\":1,\"name\":\"Home\",\"item\":\"https:\/\/www.danby.com\/fr\/\"},{\"@type\":\"ListItem\",\"position\":2,\"name\":\"Boutique\",\"item\":\"https:\/\/www.danby.com\/fr\/boutique\/\"},{\"@type\":\"ListItem\",\"position\":3,\"name\":\"Danby 11000 Climatiseurs portatif\"}]},{\"@type\":\"WebSite\",\"url\":\"https:\/\/www.danby.com\/fr\/\",\"name\":\"Danby - Canada - French\",\"description\":\"Leader dans le domaine de la r\u00e9frig\u00e9ration et des appareils sp\u00e9cialis\u00e9s\",\"publisher\":[],\"potentialAction\":[{\"@type\":\"SearchAction\",\"target\":{\"@type\":\"EntryPoint\",\"urlTemplate\":\"https:\/\/www.danby.com\/fr\/?s={search_term_string}\"},\"query-input\":{\"@type\":\"PropertyValueSpecification\",\"valueRequired\":true,\"valueName\":\"search_term_string\"}}],\"inLanguage\":\"fr-CA\"},{\"@type\":\"Organization\",\"name\":\"Danby Appliances\",\"url\":\"https:\/\/www.danby.com\/fr\/\",\"logo\":{\"@type\":\"ImageObject\",\"inLanguage\":\"fr-CA\",\"url\":\"https:\/\/cdnweb.danby.com\/wp-content\/uploads\/sites\/2\/2022\/02\/10141906\/Danby75Ans_Blue.png\",\"contentUrl\":\"https:\/\/cdnweb.danby.com\/wp-content\/uploads\/sites\/2\/2022\/02\/10141906\/Danby75Ans_Blue.png\",\"width\":470,\"height\":110,\"caption\":\"Danby Appliances\"},\"image\":[],\"sameAs\":[\"https:\/\/www.facebook.com\/DanbyAppliances\",\"https:\/\/x.com\/DanbyAppliance\",\"https:\/\/instagram.com\/danbyappliances\/\",\"https:\/\/www.linkedin.com\/company\/danbyappliances\",\"https:\/\/www.pinterest.ca\/danbyappliances\/\",\"https:\/\/www.youtube.com\/user\/DanbyProducts\",\"https:\/\/en.wikipedia.org\/wiki\/Danby_(appliances)\"]}]}<\/script>\n<!-- \/ Yoast SEO plugin. -->","yoast_head_json":{"title":"Danby 11000 Climatiseurs portatif - DPAC11012BL | Danby Canada","description":"La chaleur torride de l'\u00e9t\u00e9 n\u2019est pas \u00e9gal\u00e9e par la haute performance de cet appareil de climatisation qui peut rapidement et facilement contr\u00f4ler la temp\u00e9rature dans n'importe quelle pi\u00e8ce d\u2019une superficie allant jusqu\u2019\u00e0 450 pieds carr\u00e9s. Ce mod\u00e8le compact et portatif, d\u2019une capacit\u00e9 de refroidissement de 11,000 BTU, dispose aussi d'un ventilateur et d\u2019un d\u00e9shumidificateur d\u2019une capacit\u00e9 de 54 chopines, le tout dans le m\u00eame appareil. Cette unit\u00e9 peut ais\u00e9ment g\u00e9rer une lourde charge de travail, gr\u00e2ce \u00e0 son puissant ventilateur \u00e0 trois vitesses et \u00e0 l\u2019utilisation du r\u00e9frig\u00e9rant \u00e9cologique R410A. L\u2019appareil fonctionne discr\u00e8tement et de fa\u00e7on continue, gr\u00e2ce \u00e0 un syst\u00e8me moderne d\u2019\u00e9vacuation directe. La programmation et la v\u00e9rification du bon fonctionnement de l'unit\u00e9 sont simplifi\u00e9s, gr\u00e2ce au contr\u00f4le \u00e9lectronique de temp\u00e9rature variable et \u00e0 la fonction d\u2019affichage \u00e0 DEL. Vous pouvez \u00e9galement g\u00e9rer les param\u00e8tres depuis n\u2019importe quel endroit dans la pi\u00e8ce, en utilisant le pratique dispositif de commande \u00e0 distance. Afin de vous aider \u00e0 r\u00e9duire vos co\u00fbts \u00e9nerg\u00e9tiques et afin de r\u00e9pondre aux exigence de votre emploi du temps, vous pouvez facilement programmer cet appareil intelligent de mani\u00e8re \u00e0 ce qu\u2019il d\u00e9marre et s\u2019arr\u00eate quand vous le d\u00e9sirez, en utilisant le pratique interrupteur marche\/arr\u00eat automatique. La tranquillit\u00e9 d'esprit vous est \u00e9galement offerte avec cet \u00e9l\u00e9gant appareil de couleur noire, combinant un climatiseur et un d\u00e9shumidificateur, puisqu\u2019il est pourvu d\u2019une garantie de 12 mois sur les pi\u00e8ces et la main-d'\u0153uvre, incluant le service \u00e0 domicile.","robots":{"index":"index","follow":"follow","max-snippet":"max-snippet:-1","max-image-preview":"max-image-preview:large","max-video-preview":"max-video-preview:-1"},"canonical":"https:\/\/www.danby.com\/fr\/products\/climatiseurs-portatifs\/dpac11012bl\/","og_locale":"fr_CA","og_type":"article","og_title":"Danby 11000 Climatiseurs portatif - DPAC11012BL | Danby Canada","og_description":"La chaleur torride de l'\u00e9t\u00e9 n\u2019est pas \u00e9gal\u00e9e par la haute performance de cet appareil de climatisation qui peut rapidement et facilement contr\u00f4ler la temp\u00e9rature dans n'importe quelle pi\u00e8ce d\u2019une superficie allant jusqu\u2019\u00e0 450 pieds carr\u00e9s. Ce mod\u00e8le compact et portatif, d\u2019une capacit\u00e9 de refroidissement de 11,000 BTU, dispose aussi d'un ventilateur et d\u2019un d\u00e9shumidificateur d\u2019une capacit\u00e9 de 54 chopines, le tout dans le m\u00eame appareil. Cette unit\u00e9 peut ais\u00e9ment g\u00e9rer une lourde charge de travail, gr\u00e2ce \u00e0 son puissant ventilateur \u00e0 trois vitesses et \u00e0 l\u2019utilisation du r\u00e9frig\u00e9rant \u00e9cologique R410A. L\u2019appareil fonctionne discr\u00e8tement et de fa\u00e7on continue, gr\u00e2ce \u00e0 un syst\u00e8me moderne d\u2019\u00e9vacuation directe. La programmation et la v\u00e9rification du bon fonctionnement de l'unit\u00e9 sont simplifi\u00e9s, gr\u00e2ce au contr\u00f4le \u00e9lectronique de temp\u00e9rature variable et \u00e0 la fonction d\u2019affichage \u00e0 DEL. Vous pouvez \u00e9galement g\u00e9rer les param\u00e8tres depuis n\u2019importe quel endroit dans la pi\u00e8ce, en utilisant le pratique dispositif de commande \u00e0 distance. Afin de vous aider \u00e0 r\u00e9duire vos co\u00fbts \u00e9nerg\u00e9tiques et afin de r\u00e9pondre aux exigence de votre emploi du temps, vous pouvez facilement programmer cet appareil intelligent de mani\u00e8re \u00e0 ce qu\u2019il d\u00e9marre et s\u2019arr\u00eate quand vous le d\u00e9sirez, en utilisant le pratique interrupteur marche\/arr\u00eat automatique. La tranquillit\u00e9 d'esprit vous est \u00e9galement offerte avec cet \u00e9l\u00e9gant appareil de couleur noire, combinant un climatiseur et un d\u00e9shumidificateur, puisqu\u2019il est pourvu d\u2019une garantie de 12 mois sur les pi\u00e8ces et la main-d'\u0153uvre, incluant le service \u00e0 domicile.","og_url":"https:\/\/www.danby.com\/fr\/products\/climatiseurs-portatifs\/dpac11012bl\/","og_site_name":"Danby - Canada - French","article_publisher":"https:\/\/www.facebook.com\/DanbyAppliances","article_modified_time":"2026-04-15T10:07:48+00:00","og_image":[{"width":300,"height":272,"url":"https:\/\/cdnweb.danby.com\/wp-content\/uploads\/sites\/2\/2022\/02\/08183457\/Medium-DPA120A1BD2.jpg","type":"image\/jpeg"}],"twitter_card":"summary_large_image","twitter_site":"@DanbyAppliance","schema":{"@context":"https:\/\/schema.org","@graph":[{"@type":["WebPage","ItemPage"],"url":"https:\/\/www.danby.com\/fr\/products\/climatiseurs-portatifs\/dpac11012bl\/","name":"Danby 11000 Climatiseurs portatif - DPAC11012BL | Danby Canada","isPartOf":[],"primaryImageOfPage":[],"image":[],"thumbnailUrl":"https:\/\/cdnweb.danby.com\/wp-content\/uploads\/sites\/2\/2022\/02\/08183457\/Medium-DPA120A1BD2.jpg","datePublished":"2022-02-03T19:20:19+00:00","dateModified":"2026-04-15T10:07:48+00:00","description":"La chaleur torride de l'\u00e9t\u00e9 n\u2019est pas \u00e9gal\u00e9e par la haute performance de cet appareil de climatisation qui peut rapidement et facilement contr\u00f4ler la temp\u00e9rature dans n'importe quelle pi\u00e8ce d\u2019une superficie allant jusqu\u2019\u00e0 450 pieds carr\u00e9s. Ce mod\u00e8le compact et portatif, d\u2019une capacit\u00e9 de refroidissement de 11,000 BTU, dispose aussi d'un ventilateur et d\u2019un d\u00e9shumidificateur d\u2019une capacit\u00e9 de 54 chopines, le tout dans le m\u00eame appareil. Cette unit\u00e9 peut ais\u00e9ment g\u00e9rer une lourde charge de travail, gr\u00e2ce \u00e0 son puissant ventilateur \u00e0 trois vitesses et \u00e0 l\u2019utilisation du r\u00e9frig\u00e9rant \u00e9cologique R410A. L\u2019appareil fonctionne discr\u00e8tement et de fa\u00e7on continue, gr\u00e2ce \u00e0 un syst\u00e8me moderne d\u2019\u00e9vacuation directe. La programmation et la v\u00e9rification du bon fonctionnement de l'unit\u00e9 sont simplifi\u00e9s, gr\u00e2ce au contr\u00f4le \u00e9lectronique de temp\u00e9rature variable et \u00e0 la fonction d\u2019affichage \u00e0 DEL. Vous pouvez \u00e9galement g\u00e9rer les param\u00e8tres depuis n\u2019importe quel endroit dans la pi\u00e8ce, en utilisant le pratique dispositif de commande \u00e0 distance. Afin de vous aider \u00e0 r\u00e9duire vos co\u00fbts \u00e9nerg\u00e9tiques et afin de r\u00e9pondre aux exigence de votre emploi du temps, vous pouvez facilement programmer cet appareil intelligent de mani\u00e8re \u00e0 ce qu\u2019il d\u00e9marre et s\u2019arr\u00eate quand vous le d\u00e9sirez, en utilisant le pratique interrupteur marche\/arr\u00eat automatique. La tranquillit\u00e9 d'esprit vous est \u00e9galement offerte avec cet \u00e9l\u00e9gant appareil de couleur noire, combinant un climatiseur et un d\u00e9shumidificateur, puisqu\u2019il est pourvu d\u2019une garantie de 12 mois sur les pi\u00e8ces et la main-d'\u0153uvre, incluant le service \u00e0 domicile.","breadcrumb":[],"inLanguage":"fr-CA","potentialAction":[{"@type":"ReadAction","target":["https:\/\/www.danby.com\/fr\/products\/climatiseurs-portatifs\/dpac11012bl\/"]}]},{"@type":"ImageObject","inLanguage":"fr-CA","url":"https:\/\/cdnweb.danby.com\/wp-content\/uploads\/sites\/2\/2022\/02\/08183457\/Medium-DPA120A1BD2.jpg","contentUrl":"https:\/\/cdnweb.danby.com\/wp-content\/uploads\/sites\/2\/2022\/02\/08183457\/Medium-DPA120A1BD2.jpg","width":300,"height":272},{"@type":"BreadcrumbList","itemListElement":[{"@type":"ListItem","position":1,"name":"Home","item":"https:\/\/www.danby.com\/fr\/"},{"@type":"ListItem","position":2,"name":"Boutique","item":"https:\/\/www.danby.com\/fr\/boutique\/"},{"@type":"ListItem","position":3,"name":"Danby 11000 Climatiseurs portatif"}]},{"@type":"WebSite","url":"https:\/\/www.danby.com\/fr\/","name":"Danby - Canada - French","description":"Leader dans le domaine de la r\u00e9frig\u00e9ration et des appareils sp\u00e9cialis\u00e9s","publisher":[],"potentialAction":[{"@type":"SearchAction","target":{"@type":"EntryPoint","urlTemplate":"https:\/\/www.danby.com\/fr\/?s={search_term_string}"},"query-input":{"@type":"PropertyValueSpecification","valueRequired":true,"valueName":"search_term_string"}}],"inLanguage":"fr-CA"},{"@type":"Organization","name":"Danby Appliances","url":"https:\/\/www.danby.com\/fr\/","logo":{"@type":"ImageObject","inLanguage":"fr-CA","url":"https:\/\/cdnweb.danby.com\/wp-content\/uploads\/sites\/2\/2022\/02\/10141906\/Danby75Ans_Blue.png","contentUrl":"https:\/\/cdnweb.danby.com\/wp-content\/uploads\/sites\/2\/2022\/02\/10141906\/Danby75Ans_Blue.png","width":470,"height":110,"caption":"Danby Appliances"},"image":[],"sameAs":["https:\/\/www.facebook.com\/DanbyAppliances","https:\/\/x.com\/DanbyAppliance","https:\/\/instagram.com\/danbyappliances\/","https:\/\/www.linkedin.com\/company\/danbyappliances","https:\/\/www.pinterest.ca\/danbyappliances\/","https:\/\/www.youtube.com\/user\/DanbyProducts","https:\/\/en.wikipedia.org\/wiki\/Danby_(appliances)"]}]}},"post_mailing_queue_ids":[],"_links":{"self":[{"href":"https:\/\/www.danby.com\/fr\/wp-json\/wp\/v2\/product\/5153","targetHints":{"allow":["GET"]}}],"collection":[{"href":"https:\/\/www.danby.com\/fr\/wp-json\/wp\/v2\/product"}],"about":[{"href":"https:\/\/www.danby.com\/fr\/wp-json\/wp\/v2\/types\/product"}],"replies":[{"embeddable":true,"href":"https:\/\/www.danby.com\/fr\/wp-json\/wp\/v2\/comments?post=5153"}],"wp:featuredmedia":[{"embeddable":true,"href":"https:\/\/www.danby.com\/fr\/wp-json\/wp\/v2\/media\/6262"}],"wp:attachment":[{"href":"https:\/\/www.danby.com\/fr\/wp-json\/wp\/v2\/media?parent=5153"}],"wp:term":[{"taxonomy":"product_brand","embeddable":true,"href":"https:\/\/www.danby.com\/fr\/wp-json\/wp\/v2\/product_brand?post=5153"},{"taxonomy":"product_cat","embeddable":true,"href":"https:\/\/www.danby.com\/fr\/wp-json\/wp\/v2\/product_cat?post=5153"},{"taxonomy":"product_tag","embeddable":true,"href":"https:\/\/www.danby.com\/fr\/wp-json\/wp\/v2\/product_tag?post=5153"}],"curies":[{"name":"wp","href":"https:\/\/api.w.org\/{rel}","templated":true}]}}