{"id":5152,"date":"2022-02-03T19:20:19","date_gmt":"2022-02-03T19:20:19","guid":{"rendered":"https:\/\/www.danby.com\/fr\/product\/dpac11010\/"},"modified":"2026-04-09T10:07:48","modified_gmt":"2026-04-09T10:07:48","slug":"dpac11010","status":"publish","type":"product","link":"https:\/\/www.danby.com\/fr\/products\/climatiseurs-portatifs\/dpac11010\/","title":{"rendered":"Premiere 11000  Climatiseurs portatif"},"content":{"rendered":"","protected":false},"excerpt":{"rendered":"<ul>\n<li>Climatiseur portatif, d\u00e9shumidificateur et ventilateur, le tout dans une unit\u00e9 compacte<\/li>\n<li>Climatiseur &#8211; Capacit\u00e9 de refroidissement de 11 000 BTU &#8211; Refroidit les zones jusqu&#8217;\u00e0 450 pieds carr\u00e9s. selon les conditions<\/li>\n<li>D\u00e9shumidificateur de 54 pintes<\/li>\n<li>Puissant ventilateur \u00e0 3 vitesses<\/li>\n<li>Option de vidange directe pour un fonctionnement continu<\/li>\n<li>Commandes \u00e9lectroniques avec t\u00e9l\u00e9commande et affichage \u00e0 DEL<\/li>\n<li>Fonctionnement silencieux<\/li>\n<li>Mise en marche automatique : Faites en sorte que l&#8217;appareil d\u00e9marre ou s&#8217;arr\u00eate en fonction de votre emploi du temps<\/li>\n<li>Des tuyaux doubles aspirent l&#8217;air frais et repoussent l&#8217;air vici\u00e9<\/li>\n<\/ul>\n","protected":false},"featured_media":6250,"comment_status":"closed","ping_status":"open","template":"","meta":{"_acf_changed":false},"product_brand":[],"product_cat":[35],"product_tag":[],"class_list":{"0":"post-5152","1":"product","2":"type-product","3":"status-publish","4":"has-post-thumbnail","6":"product_cat-climatiseurs-portatifs","8":"first","9":"outofstock","10":"taxable","11":"shipping-taxable","12":"product-type-simple"},"acf":[],"yoast_head":"<!-- This site is optimized with the Yoast SEO plugin v26.7 - https:\/\/yoast.com\/wordpress\/plugins\/seo\/ -->\n<title>Premiere 11000 Climatiseurs portatif - DPAC11010 | Danby Canada<\/title>\n<meta name=\"description\" content=\"Il est facile de d\u00e9placer ce conditionneur d&#039;air portable d&#039;une pi\u00e8ce \u00e0 l&#039;autre gr\u00e2ce aux poign\u00e9es int\u00e9gr\u00e9es et aux roulettes. L&#039;installation de ce conditionneur d&#039;air est simple, car il suffit de le placer dans une porte coulissante, une fen\u00eatre \u00e0 coulisse ou une fen\u00eatre \u00e0 guillotine double.\" \/>\n<meta name=\"robots\" content=\"index, follow, max-snippet:-1, max-image-preview:large, max-video-preview:-1\" \/>\n<link rel=\"canonical\" href=\"https:\/\/www.danby.com\/fr\/products\/climatiseurs-portatifs\/dpac11010\/\" \/>\n<meta property=\"og:locale\" content=\"fr_CA\" \/>\n<meta property=\"og:type\" content=\"article\" \/>\n<meta property=\"og:title\" content=\"Premiere 11000 Climatiseurs portatif - DPAC11010 | Danby Canada\" \/>\n<meta property=\"og:description\" content=\"Il est facile de d\u00e9placer ce conditionneur d&#039;air portable d&#039;une pi\u00e8ce \u00e0 l&#039;autre gr\u00e2ce aux poign\u00e9es int\u00e9gr\u00e9es et aux roulettes. L&#039;installation de ce conditionneur d&#039;air est simple, car il suffit de le placer dans une porte coulissante, une fen\u00eatre \u00e0 coulisse ou une fen\u00eatre \u00e0 guillotine double.\" \/>\n<meta property=\"og:url\" content=\"https:\/\/www.danby.com\/fr\/products\/climatiseurs-portatifs\/dpac11010\/\" \/>\n<meta property=\"og:site_name\" content=\"Danby - Canada - French\" \/>\n<meta property=\"article:publisher\" content=\"https:\/\/www.facebook.com\/DanbyAppliances\" \/>\n<meta property=\"article:modified_time\" content=\"2026-04-09T10:07:48+00:00\" \/>\n<meta property=\"og:image\" content=\"https:\/\/cdnweb.danby.com\/wp-content\/uploads\/sites\/2\/2022\/02\/08183436\/proMed-dpac12099.jpg\" \/>\n\t<meta property=\"og:image:width\" content=\"300\" \/>\n\t<meta property=\"og:image:height\" content=\"272\" \/>\n\t<meta property=\"og:image:type\" content=\"image\/jpeg\" \/>\n<meta name=\"twitter:card\" content=\"summary_large_image\" \/>\n<meta name=\"twitter:site\" content=\"@DanbyAppliance\" \/>\n<script type=\"application\/ld+json\" class=\"yoast-schema-graph\">{\"@context\":\"https:\/\/schema.org\",\"@graph\":[{\"@type\":[\"WebPage\",\"ItemPage\"],\"url\":\"https:\/\/www.danby.com\/fr\/products\/climatiseurs-portatifs\/dpac11010\/\",\"name\":\"Premiere 11000 Climatiseurs portatif - DPAC11010 | Danby Canada\",\"isPartOf\":[],\"primaryImageOfPage\":[],\"image\":[],\"thumbnailUrl\":\"https:\/\/cdnweb.danby.com\/wp-content\/uploads\/sites\/2\/2022\/02\/08183436\/proMed-dpac12099.jpg\",\"datePublished\":\"2022-02-03T19:20:19+00:00\",\"dateModified\":\"2026-04-09T10:07:48+00:00\",\"description\":\"Il est facile de d\u00e9placer ce conditionneur d'air portable d'une pi\u00e8ce \u00e0 l'autre gr\u00e2ce aux poign\u00e9es int\u00e9gr\u00e9es et aux roulettes. L'installation de ce conditionneur d'air est simple, car il suffit de le placer dans une porte coulissante, une fen\u00eatre \u00e0 coulisse ou une fen\u00eatre \u00e0 guillotine double.\",\"breadcrumb\":[],\"inLanguage\":\"fr-CA\",\"potentialAction\":[{\"@type\":\"ReadAction\",\"target\":[\"https:\/\/www.danby.com\/fr\/products\/climatiseurs-portatifs\/dpac11010\/\"]}]},{\"@type\":\"ImageObject\",\"inLanguage\":\"fr-CA\",\"url\":\"https:\/\/cdnweb.danby.com\/wp-content\/uploads\/sites\/2\/2022\/02\/08183436\/proMed-dpac12099.jpg\",\"contentUrl\":\"https:\/\/cdnweb.danby.com\/wp-content\/uploads\/sites\/2\/2022\/02\/08183436\/proMed-dpac12099.jpg\",\"width\":300,\"height\":272},{\"@type\":\"BreadcrumbList\",\"itemListElement\":[{\"@type\":\"ListItem\",\"position\":1,\"name\":\"Home\",\"item\":\"https:\/\/www.danby.com\/fr\/\"},{\"@type\":\"ListItem\",\"position\":2,\"name\":\"Boutique\",\"item\":\"https:\/\/www.danby.com\/fr\/boutique\/\"},{\"@type\":\"ListItem\",\"position\":3,\"name\":\"Premiere 11000 Climatiseurs portatif\"}]},{\"@type\":\"WebSite\",\"url\":\"https:\/\/www.danby.com\/fr\/\",\"name\":\"Danby - Canada - French\",\"description\":\"Leader dans le domaine de la r\u00e9frig\u00e9ration et des appareils sp\u00e9cialis\u00e9s\",\"publisher\":[],\"potentialAction\":[{\"@type\":\"SearchAction\",\"target\":{\"@type\":\"EntryPoint\",\"urlTemplate\":\"https:\/\/www.danby.com\/fr\/?s={search_term_string}\"},\"query-input\":{\"@type\":\"PropertyValueSpecification\",\"valueRequired\":true,\"valueName\":\"search_term_string\"}}],\"inLanguage\":\"fr-CA\"},{\"@type\":\"Organization\",\"name\":\"Danby Appliances\",\"url\":\"https:\/\/www.danby.com\/fr\/\",\"logo\":{\"@type\":\"ImageObject\",\"inLanguage\":\"fr-CA\",\"url\":\"https:\/\/cdnweb.danby.com\/wp-content\/uploads\/sites\/2\/2022\/02\/10141906\/Danby75Ans_Blue.png\",\"contentUrl\":\"https:\/\/cdnweb.danby.com\/wp-content\/uploads\/sites\/2\/2022\/02\/10141906\/Danby75Ans_Blue.png\",\"width\":470,\"height\":110,\"caption\":\"Danby Appliances\"},\"image\":[],\"sameAs\":[\"https:\/\/www.facebook.com\/DanbyAppliances\",\"https:\/\/x.com\/DanbyAppliance\",\"https:\/\/instagram.com\/danbyappliances\/\",\"https:\/\/www.linkedin.com\/company\/danbyappliances\",\"https:\/\/www.pinterest.ca\/danbyappliances\/\",\"https:\/\/www.youtube.com\/user\/DanbyProducts\",\"https:\/\/en.wikipedia.org\/wiki\/Danby_(appliances)\"]}]}<\/script>\n<!-- \/ Yoast SEO plugin. -->","yoast_head_json":{"title":"Premiere 11000 Climatiseurs portatif - DPAC11010 | Danby Canada","description":"Il est facile de d\u00e9placer ce conditionneur d'air portable d'une pi\u00e8ce \u00e0 l'autre gr\u00e2ce aux poign\u00e9es int\u00e9gr\u00e9es et aux roulettes. L'installation de ce conditionneur d'air est simple, car il suffit de le placer dans une porte coulissante, une fen\u00eatre \u00e0 coulisse ou une fen\u00eatre \u00e0 guillotine double.","robots":{"index":"index","follow":"follow","max-snippet":"max-snippet:-1","max-image-preview":"max-image-preview:large","max-video-preview":"max-video-preview:-1"},"canonical":"https:\/\/www.danby.com\/fr\/products\/climatiseurs-portatifs\/dpac11010\/","og_locale":"fr_CA","og_type":"article","og_title":"Premiere 11000 Climatiseurs portatif - DPAC11010 | Danby Canada","og_description":"Il est facile de d\u00e9placer ce conditionneur d'air portable d'une pi\u00e8ce \u00e0 l'autre gr\u00e2ce aux poign\u00e9es int\u00e9gr\u00e9es et aux roulettes. L'installation de ce conditionneur d'air est simple, car il suffit de le placer dans une porte coulissante, une fen\u00eatre \u00e0 coulisse ou une fen\u00eatre \u00e0 guillotine double.","og_url":"https:\/\/www.danby.com\/fr\/products\/climatiseurs-portatifs\/dpac11010\/","og_site_name":"Danby - Canada - French","article_publisher":"https:\/\/www.facebook.com\/DanbyAppliances","article_modified_time":"2026-04-09T10:07:48+00:00","og_image":[{"width":300,"height":272,"url":"https:\/\/cdnweb.danby.com\/wp-content\/uploads\/sites\/2\/2022\/02\/08183436\/proMed-dpac12099.jpg","type":"image\/jpeg"}],"twitter_card":"summary_large_image","twitter_site":"@DanbyAppliance","schema":{"@context":"https:\/\/schema.org","@graph":[{"@type":["WebPage","ItemPage"],"url":"https:\/\/www.danby.com\/fr\/products\/climatiseurs-portatifs\/dpac11010\/","name":"Premiere 11000 Climatiseurs portatif - DPAC11010 | Danby Canada","isPartOf":[],"primaryImageOfPage":[],"image":[],"thumbnailUrl":"https:\/\/cdnweb.danby.com\/wp-content\/uploads\/sites\/2\/2022\/02\/08183436\/proMed-dpac12099.jpg","datePublished":"2022-02-03T19:20:19+00:00","dateModified":"2026-04-09T10:07:48+00:00","description":"Il est facile de d\u00e9placer ce conditionneur d'air portable d'une pi\u00e8ce \u00e0 l'autre gr\u00e2ce aux poign\u00e9es int\u00e9gr\u00e9es et aux roulettes. L'installation de ce conditionneur d'air est simple, car il suffit de le placer dans une porte coulissante, une fen\u00eatre \u00e0 coulisse ou une fen\u00eatre \u00e0 guillotine double.","breadcrumb":[],"inLanguage":"fr-CA","potentialAction":[{"@type":"ReadAction","target":["https:\/\/www.danby.com\/fr\/products\/climatiseurs-portatifs\/dpac11010\/"]}]},{"@type":"ImageObject","inLanguage":"fr-CA","url":"https:\/\/cdnweb.danby.com\/wp-content\/uploads\/sites\/2\/2022\/02\/08183436\/proMed-dpac12099.jpg","contentUrl":"https:\/\/cdnweb.danby.com\/wp-content\/uploads\/sites\/2\/2022\/02\/08183436\/proMed-dpac12099.jpg","width":300,"height":272},{"@type":"BreadcrumbList","itemListElement":[{"@type":"ListItem","position":1,"name":"Home","item":"https:\/\/www.danby.com\/fr\/"},{"@type":"ListItem","position":2,"name":"Boutique","item":"https:\/\/www.danby.com\/fr\/boutique\/"},{"@type":"ListItem","position":3,"name":"Premiere 11000 Climatiseurs portatif"}]},{"@type":"WebSite","url":"https:\/\/www.danby.com\/fr\/","name":"Danby - Canada - French","description":"Leader dans le domaine de la r\u00e9frig\u00e9ration et des appareils sp\u00e9cialis\u00e9s","publisher":[],"potentialAction":[{"@type":"SearchAction","target":{"@type":"EntryPoint","urlTemplate":"https:\/\/www.danby.com\/fr\/?s={search_term_string}"},"query-input":{"@type":"PropertyValueSpecification","valueRequired":true,"valueName":"search_term_string"}}],"inLanguage":"fr-CA"},{"@type":"Organization","name":"Danby Appliances","url":"https:\/\/www.danby.com\/fr\/","logo":{"@type":"ImageObject","inLanguage":"fr-CA","url":"https:\/\/cdnweb.danby.com\/wp-content\/uploads\/sites\/2\/2022\/02\/10141906\/Danby75Ans_Blue.png","contentUrl":"https:\/\/cdnweb.danby.com\/wp-content\/uploads\/sites\/2\/2022\/02\/10141906\/Danby75Ans_Blue.png","width":470,"height":110,"caption":"Danby Appliances"},"image":[],"sameAs":["https:\/\/www.facebook.com\/DanbyAppliances","https:\/\/x.com\/DanbyAppliance","https:\/\/instagram.com\/danbyappliances\/","https:\/\/www.linkedin.com\/company\/danbyappliances","https:\/\/www.pinterest.ca\/danbyappliances\/","https:\/\/www.youtube.com\/user\/DanbyProducts","https:\/\/en.wikipedia.org\/wiki\/Danby_(appliances)"]}]}},"post_mailing_queue_ids":[],"_links":{"self":[{"href":"https:\/\/www.danby.com\/fr\/wp-json\/wp\/v2\/product\/5152","targetHints":{"allow":["GET"]}}],"collection":[{"href":"https:\/\/www.danby.com\/fr\/wp-json\/wp\/v2\/product"}],"about":[{"href":"https:\/\/www.danby.com\/fr\/wp-json\/wp\/v2\/types\/product"}],"replies":[{"embeddable":true,"href":"https:\/\/www.danby.com\/fr\/wp-json\/wp\/v2\/comments?post=5152"}],"wp:featuredmedia":[{"embeddable":true,"href":"https:\/\/www.danby.com\/fr\/wp-json\/wp\/v2\/media\/6250"}],"wp:attachment":[{"href":"https:\/\/www.danby.com\/fr\/wp-json\/wp\/v2\/media?parent=5152"}],"wp:term":[{"taxonomy":"product_brand","embeddable":true,"href":"https:\/\/www.danby.com\/fr\/wp-json\/wp\/v2\/product_brand?post=5152"},{"taxonomy":"product_cat","embeddable":true,"href":"https:\/\/www.danby.com\/fr\/wp-json\/wp\/v2\/product_cat?post=5152"},{"taxonomy":"product_tag","embeddable":true,"href":"https:\/\/www.danby.com\/fr\/wp-json\/wp\/v2\/product_tag?post=5152"}],"curies":[{"name":"wp","href":"https:\/\/api.w.org\/{rel}","templated":true}]}}