{"id":5149,"date":"2022-02-03T19:20:19","date_gmt":"2022-02-03T19:20:19","guid":{"rendered":"https:\/\/www.danby.com\/fr\/product\/dpac10061\/"},"modified":"2026-04-29T09:11:39","modified_gmt":"2026-04-29T09:11:39","slug":"dpac10061","status":"publish","type":"product","link":"https:\/\/www.danby.com\/fr\/products\/climatiseurs-portatifs\/dpac10061\/","title":{"rendered":"Danby Designer 10000  Climatiseurs portatif"},"content":{"rendered":"","protected":false},"excerpt":{"rendered":"<ul>\n<li>Climatiseur d&#8217;air portatif, d\u00e9shumidificateur et ventilateur, le tout dans une unit\u00e9 compacte<\/li>\n<li>Refroidit environ 450 pieds carr\u00e9s selon les conditions<\/li>\n<li>Commandes \u00e9lectroniques avec t\u00e9l\u00e9commande et affichage LED<\/li>\n<li>Capacit\u00e9 du seau externe : 31.7 pintes (15L)<\/li>\n<li>Direction d&#8217;air oscillante \u00e0 4 voies<\/li>\n<li>3 vitesses de ventilateur (haute-med-basse)<\/li>\n<li>Option de vidange directe pour un fonctionnement continu<\/li>\n<li>Castors pour une portabilit\u00e9 facile<\/li>\n<li>Fonctionnement silencieux<\/li>\n<li>Commande \u00e9lectronique de temp\u00e9rature variable 16\u00b0C-31\u00b0C<\/li>\n<\/ul>\n","protected":false},"featured_media":6223,"comment_status":"closed","ping_status":"open","template":"","meta":{"_acf_changed":false},"product_brand":[],"product_cat":[35],"product_tag":[],"class_list":{"0":"post-5149","1":"product","2":"type-product","3":"status-publish","4":"has-post-thumbnail","6":"product_cat-climatiseurs-portatifs","8":"first","9":"outofstock","10":"taxable","11":"shipping-taxable","12":"product-type-simple"},"acf":[],"yoast_head":"<!-- This site is optimized with the Yoast SEO plugin v27.5 - https:\/\/yoast.com\/product\/yoast-seo-wordpress\/ -->\n<title>Danby Designer 10000 Climatiseurs portatif - DPAC10061 | Danby Canada<\/title>\n<meta name=\"description\" content=\"Les syst\u00e8mes confort domestique Danby 3 en 1 portables avec double tuyau b\u00e9n\u00e9ficient d&#039;une conception r\u00e9volutionnaire.\u00a0 C&#039;est un climatiseur, d\u00e9shumidificateur et ventilateur 3 vitesses en un seul appareil con\u00e7u gr\u00e2ce \u00e0 une technologie unique qui augmente l&#039;efficacit\u00e9 du syst\u00e8me et r\u00e9duit la consommation d&#039;\u00e9nergie.\u00a0 En mode climatiseur, l&#039;unit\u00e9 \u00e9vapore l&#039;eau g\u00e9n\u00e9r\u00e9e, ce qui \u00e9vite d&#039;avoir \u00e0 vider le r\u00e9servoir.\u00a0 Il peut \u00e9galement \u00eatre utilis\u00e9 en mode d\u00e9shumidificateur uniquement pendant les printemps et les automnes humides pour emp\u00eacher la formation de moisissure.\u00a0 En choisissant la fonction ventilateur 3 vitesses, vous am\u00e9liorez la circulation de l&#039;air.\u00a0 Son plateau \u00e0 roulettes portable en fait l&#039;appareil de confort domestique absolu.\u00a0 \u00a0\u00a0\u00a0\u00a0\" \/>\n<meta name=\"robots\" content=\"index, follow, max-snippet:-1, max-image-preview:large, max-video-preview:-1\" \/>\n<link rel=\"canonical\" href=\"https:\/\/www.danby.com\/fr\/products\/climatiseurs-portatifs\/dpac10061\/\" \/>\n<meta property=\"og:locale\" content=\"fr_CA\" \/>\n<meta property=\"og:type\" content=\"article\" \/>\n<meta property=\"og:title\" content=\"Danby Designer 10000 Climatiseurs portatif - DPAC10061 | Danby Canada\" \/>\n<meta property=\"og:description\" content=\"Les syst\u00e8mes confort domestique Danby 3 en 1 portables avec double tuyau b\u00e9n\u00e9ficient d&#039;une conception r\u00e9volutionnaire.\u00a0 C&#039;est un climatiseur, d\u00e9shumidificateur et ventilateur 3 vitesses en un seul appareil con\u00e7u gr\u00e2ce \u00e0 une technologie unique qui augmente l&#039;efficacit\u00e9 du syst\u00e8me et r\u00e9duit la consommation d&#039;\u00e9nergie.\u00a0 En mode climatiseur, l&#039;unit\u00e9 \u00e9vapore l&#039;eau g\u00e9n\u00e9r\u00e9e, ce qui \u00e9vite d&#039;avoir \u00e0 vider le r\u00e9servoir.\u00a0 Il peut \u00e9galement \u00eatre utilis\u00e9 en mode d\u00e9shumidificateur uniquement pendant les printemps et les automnes humides pour emp\u00eacher la formation de moisissure.\u00a0 En choisissant la fonction ventilateur 3 vitesses, vous am\u00e9liorez la circulation de l&#039;air.\u00a0 Son plateau \u00e0 roulettes portable en fait l&#039;appareil de confort domestique absolu.\u00a0 \u00a0\u00a0\u00a0\u00a0\" \/>\n<meta property=\"og:url\" content=\"https:\/\/www.danby.com\/fr\/products\/climatiseurs-portatifs\/dpac10061\/\" \/>\n<meta property=\"og:site_name\" content=\"Danby - Canada - French\" \/>\n<meta property=\"article:publisher\" content=\"https:\/\/www.facebook.com\/DanbyAppliances\" \/>\n<meta property=\"article:modified_time\" content=\"2026-04-29T09:11:39+00:00\" \/>\n<meta property=\"og:image\" content=\"https:\/\/cdnweb.danby.com\/wp-content\/uploads\/sites\/2\/2022\/02\/08183349\/proMed-dpac10061.jpg\" \/>\n\t<meta property=\"og:image:width\" content=\"303\" \/>\n\t<meta property=\"og:image:height\" content=\"275\" \/>\n\t<meta property=\"og:image:type\" content=\"image\/jpeg\" \/>\n<meta name=\"twitter:card\" content=\"summary_large_image\" \/>\n<meta name=\"twitter:site\" content=\"@DanbyAppliance\" \/>\n<script type=\"application\/ld+json\" class=\"yoast-schema-graph\">{\"@context\":\"https:\\\/\\\/schema.org\",\"@graph\":[{\"@type\":[\"WebPage\",\"ItemPage\"],\"url\":\"https:\\\/\\\/www.danby.com\\\/fr\\\/products\\\/climatiseurs-portatifs\\\/dpac10061\\\/\",\"name\":\"Danby Designer 10000 Climatiseurs portatif - DPAC10061 | Danby Canada\",\"isPartOf\":[],\"primaryImageOfPage\":[],\"image\":[],\"thumbnailUrl\":\"https:\\\/\\\/cdnweb.danby.com\\\/wp-content\\\/uploads\\\/sites\\\/2\\\/2022\\\/02\\\/08183349\\\/proMed-dpac10061.jpg\",\"datePublished\":\"2022-02-03T19:20:19+00:00\",\"dateModified\":\"2026-04-29T09:11:39+00:00\",\"description\":\"Les syst\u00e8mes confort domestique Danby 3 en 1 portables avec double tuyau b\u00e9n\u00e9ficient d'une conception r\u00e9volutionnaire.\u00a0 C'est un climatiseur, d\u00e9shumidificateur et ventilateur 3 vitesses en un seul appareil con\u00e7u gr\u00e2ce \u00e0 une technologie unique qui augmente l'efficacit\u00e9 du syst\u00e8me et r\u00e9duit la consommation d'\u00e9nergie.\u00a0 En mode climatiseur, l'unit\u00e9 \u00e9vapore l'eau g\u00e9n\u00e9r\u00e9e, ce qui \u00e9vite d'avoir \u00e0 vider le r\u00e9servoir.\u00a0 Il peut \u00e9galement \u00eatre utilis\u00e9 en mode d\u00e9shumidificateur uniquement pendant les printemps et les automnes humides pour emp\u00eacher la formation de moisissure.\u00a0 En choisissant la fonction ventilateur 3 vitesses, vous am\u00e9liorez la circulation de l'air.\u00a0 Son plateau \u00e0 roulettes portable en fait l'appareil de confort domestique absolu.\u00a0 \u00a0\u00a0\u00a0\u00a0\",\"breadcrumb\":[],\"inLanguage\":\"fr-CA\",\"potentialAction\":[{\"@type\":\"ReadAction\",\"target\":[\"https:\\\/\\\/www.danby.com\\\/fr\\\/products\\\/climatiseurs-portatifs\\\/dpac10061\\\/\"]}]},{\"@type\":\"ImageObject\",\"inLanguage\":\"fr-CA\",\"url\":\"https:\\\/\\\/cdnweb.danby.com\\\/wp-content\\\/uploads\\\/sites\\\/2\\\/2022\\\/02\\\/08183349\\\/proMed-dpac10061.jpg\",\"contentUrl\":\"https:\\\/\\\/cdnweb.danby.com\\\/wp-content\\\/uploads\\\/sites\\\/2\\\/2022\\\/02\\\/08183349\\\/proMed-dpac10061.jpg\",\"width\":303,\"height\":275},{\"@type\":\"BreadcrumbList\",\"itemListElement\":[{\"@type\":\"ListItem\",\"position\":1,\"name\":\"Home\",\"item\":\"https:\\\/\\\/www.danby.com\\\/fr\\\/\"},{\"@type\":\"ListItem\",\"position\":2,\"name\":\"Boutique\",\"item\":\"https:\\\/\\\/www.danby.com\\\/fr\\\/boutique\\\/\"},{\"@type\":\"ListItem\",\"position\":3,\"name\":\"Danby Designer 10000 Climatiseurs portatif\"}]},{\"@type\":\"WebSite\",\"url\":\"https:\\\/\\\/www.danby.com\\\/fr\\\/\",\"name\":\"Danby - Canada - French\",\"description\":\"Leader dans le domaine de la r\u00e9frig\u00e9ration et des appareils sp\u00e9cialis\u00e9s\",\"publisher\":[],\"potentialAction\":[{\"@type\":\"SearchAction\",\"target\":{\"@type\":\"EntryPoint\",\"urlTemplate\":\"https:\\\/\\\/www.danby.com\\\/fr\\\/?s={search_term_string}\"},\"query-input\":{\"@type\":\"PropertyValueSpecification\",\"valueRequired\":true,\"valueName\":\"search_term_string\"}}],\"inLanguage\":\"fr-CA\"},{\"@type\":\"Organization\",\"name\":\"Danby Appliances\",\"url\":\"https:\\\/\\\/www.danby.com\\\/fr\\\/\",\"logo\":{\"@type\":\"ImageObject\",\"inLanguage\":\"fr-CA\",\"url\":\"https:\\\/\\\/cdnweb.danby.com\\\/wp-content\\\/uploads\\\/sites\\\/2\\\/2022\\\/02\\\/10141906\\\/Danby75Ans_Blue.png\",\"contentUrl\":\"https:\\\/\\\/cdnweb.danby.com\\\/wp-content\\\/uploads\\\/sites\\\/2\\\/2022\\\/02\\\/10141906\\\/Danby75Ans_Blue.png\",\"width\":470,\"height\":110,\"caption\":\"Danby Appliances\"},\"image\":[],\"sameAs\":[\"https:\\\/\\\/www.facebook.com\\\/DanbyAppliances\",\"https:\\\/\\\/x.com\\\/DanbyAppliance\",\"https:\\\/\\\/instagram.com\\\/danbyappliances\\\/\",\"https:\\\/\\\/www.linkedin.com\\\/company\\\/danbyappliances\",\"https:\\\/\\\/www.pinterest.ca\\\/danbyappliances\\\/\",\"https:\\\/\\\/www.youtube.com\\\/user\\\/DanbyProducts\",\"https:\\\/\\\/en.wikipedia.org\\\/wiki\\\/Danby_(appliances)\"]}]}<\/script>\n<!-- \/ Yoast SEO plugin. -->","yoast_head_json":{"title":"Danby Designer 10000 Climatiseurs portatif - DPAC10061 | Danby Canada","description":"Les syst\u00e8mes confort domestique Danby 3 en 1 portables avec double tuyau b\u00e9n\u00e9ficient d'une conception r\u00e9volutionnaire.\u00a0 C'est un climatiseur, d\u00e9shumidificateur et ventilateur 3 vitesses en un seul appareil con\u00e7u gr\u00e2ce \u00e0 une technologie unique qui augmente l'efficacit\u00e9 du syst\u00e8me et r\u00e9duit la consommation d'\u00e9nergie.\u00a0 En mode climatiseur, l'unit\u00e9 \u00e9vapore l'eau g\u00e9n\u00e9r\u00e9e, ce qui \u00e9vite d'avoir \u00e0 vider le r\u00e9servoir.\u00a0 Il peut \u00e9galement \u00eatre utilis\u00e9 en mode d\u00e9shumidificateur uniquement pendant les printemps et les automnes humides pour emp\u00eacher la formation de moisissure.\u00a0 En choisissant la fonction ventilateur 3 vitesses, vous am\u00e9liorez la circulation de l'air.\u00a0 Son plateau \u00e0 roulettes portable en fait l'appareil de confort domestique absolu.\u00a0 \u00a0\u00a0\u00a0\u00a0","robots":{"index":"index","follow":"follow","max-snippet":"max-snippet:-1","max-image-preview":"max-image-preview:large","max-video-preview":"max-video-preview:-1"},"canonical":"https:\/\/www.danby.com\/fr\/products\/climatiseurs-portatifs\/dpac10061\/","og_locale":"fr_CA","og_type":"article","og_title":"Danby Designer 10000 Climatiseurs portatif - DPAC10061 | Danby Canada","og_description":"Les syst\u00e8mes confort domestique Danby 3 en 1 portables avec double tuyau b\u00e9n\u00e9ficient d'une conception r\u00e9volutionnaire.\u00a0 C'est un climatiseur, d\u00e9shumidificateur et ventilateur 3 vitesses en un seul appareil con\u00e7u gr\u00e2ce \u00e0 une technologie unique qui augmente l'efficacit\u00e9 du syst\u00e8me et r\u00e9duit la consommation d'\u00e9nergie.\u00a0 En mode climatiseur, l'unit\u00e9 \u00e9vapore l'eau g\u00e9n\u00e9r\u00e9e, ce qui \u00e9vite d'avoir \u00e0 vider le r\u00e9servoir.\u00a0 Il peut \u00e9galement \u00eatre utilis\u00e9 en mode d\u00e9shumidificateur uniquement pendant les printemps et les automnes humides pour emp\u00eacher la formation de moisissure.\u00a0 En choisissant la fonction ventilateur 3 vitesses, vous am\u00e9liorez la circulation de l'air.\u00a0 Son plateau \u00e0 roulettes portable en fait l'appareil de confort domestique absolu.\u00a0 \u00a0\u00a0\u00a0\u00a0","og_url":"https:\/\/www.danby.com\/fr\/products\/climatiseurs-portatifs\/dpac10061\/","og_site_name":"Danby - Canada - French","article_publisher":"https:\/\/www.facebook.com\/DanbyAppliances","article_modified_time":"2026-04-29T09:11:39+00:00","og_image":[{"width":303,"height":275,"url":"https:\/\/cdnweb.danby.com\/wp-content\/uploads\/sites\/2\/2022\/02\/08183349\/proMed-dpac10061.jpg","type":"image\/jpeg"}],"twitter_card":"summary_large_image","twitter_site":"@DanbyAppliance","schema":{"@context":"https:\/\/schema.org","@graph":[{"@type":["WebPage","ItemPage"],"url":"https:\/\/www.danby.com\/fr\/products\/climatiseurs-portatifs\/dpac10061\/","name":"Danby Designer 10000 Climatiseurs portatif - DPAC10061 | Danby Canada","isPartOf":[],"primaryImageOfPage":[],"image":[],"thumbnailUrl":"https:\/\/cdnweb.danby.com\/wp-content\/uploads\/sites\/2\/2022\/02\/08183349\/proMed-dpac10061.jpg","datePublished":"2022-02-03T19:20:19+00:00","dateModified":"2026-04-29T09:11:39+00:00","description":"Les syst\u00e8mes confort domestique Danby 3 en 1 portables avec double tuyau b\u00e9n\u00e9ficient d'une conception r\u00e9volutionnaire.\u00a0 C'est un climatiseur, d\u00e9shumidificateur et ventilateur 3 vitesses en un seul appareil con\u00e7u gr\u00e2ce \u00e0 une technologie unique qui augmente l'efficacit\u00e9 du syst\u00e8me et r\u00e9duit la consommation d'\u00e9nergie.\u00a0 En mode climatiseur, l'unit\u00e9 \u00e9vapore l'eau g\u00e9n\u00e9r\u00e9e, ce qui \u00e9vite d'avoir \u00e0 vider le r\u00e9servoir.\u00a0 Il peut \u00e9galement \u00eatre utilis\u00e9 en mode d\u00e9shumidificateur uniquement pendant les printemps et les automnes humides pour emp\u00eacher la formation de moisissure.\u00a0 En choisissant la fonction ventilateur 3 vitesses, vous am\u00e9liorez la circulation de l'air.\u00a0 Son plateau \u00e0 roulettes portable en fait l'appareil de confort domestique absolu.\u00a0 \u00a0\u00a0\u00a0\u00a0","breadcrumb":[],"inLanguage":"fr-CA","potentialAction":[{"@type":"ReadAction","target":["https:\/\/www.danby.com\/fr\/products\/climatiseurs-portatifs\/dpac10061\/"]}]},{"@type":"ImageObject","inLanguage":"fr-CA","url":"https:\/\/cdnweb.danby.com\/wp-content\/uploads\/sites\/2\/2022\/02\/08183349\/proMed-dpac10061.jpg","contentUrl":"https:\/\/cdnweb.danby.com\/wp-content\/uploads\/sites\/2\/2022\/02\/08183349\/proMed-dpac10061.jpg","width":303,"height":275},{"@type":"BreadcrumbList","itemListElement":[{"@type":"ListItem","position":1,"name":"Home","item":"https:\/\/www.danby.com\/fr\/"},{"@type":"ListItem","position":2,"name":"Boutique","item":"https:\/\/www.danby.com\/fr\/boutique\/"},{"@type":"ListItem","position":3,"name":"Danby Designer 10000 Climatiseurs portatif"}]},{"@type":"WebSite","url":"https:\/\/www.danby.com\/fr\/","name":"Danby - Canada - French","description":"Leader dans le domaine de la r\u00e9frig\u00e9ration et des appareils sp\u00e9cialis\u00e9s","publisher":[],"potentialAction":[{"@type":"SearchAction","target":{"@type":"EntryPoint","urlTemplate":"https:\/\/www.danby.com\/fr\/?s={search_term_string}"},"query-input":{"@type":"PropertyValueSpecification","valueRequired":true,"valueName":"search_term_string"}}],"inLanguage":"fr-CA"},{"@type":"Organization","name":"Danby Appliances","url":"https:\/\/www.danby.com\/fr\/","logo":{"@type":"ImageObject","inLanguage":"fr-CA","url":"https:\/\/cdnweb.danby.com\/wp-content\/uploads\/sites\/2\/2022\/02\/10141906\/Danby75Ans_Blue.png","contentUrl":"https:\/\/cdnweb.danby.com\/wp-content\/uploads\/sites\/2\/2022\/02\/10141906\/Danby75Ans_Blue.png","width":470,"height":110,"caption":"Danby Appliances"},"image":[],"sameAs":["https:\/\/www.facebook.com\/DanbyAppliances","https:\/\/x.com\/DanbyAppliance","https:\/\/instagram.com\/danbyappliances\/","https:\/\/www.linkedin.com\/company\/danbyappliances","https:\/\/www.pinterest.ca\/danbyappliances\/","https:\/\/www.youtube.com\/user\/DanbyProducts","https:\/\/en.wikipedia.org\/wiki\/Danby_(appliances)"]}]}},"post_mailing_queue_ids":[],"_links":{"self":[{"href":"https:\/\/www.danby.com\/fr\/wp-json\/wp\/v2\/product\/5149","targetHints":{"allow":["GET"]}}],"collection":[{"href":"https:\/\/www.danby.com\/fr\/wp-json\/wp\/v2\/product"}],"about":[{"href":"https:\/\/www.danby.com\/fr\/wp-json\/wp\/v2\/types\/product"}],"replies":[{"embeddable":true,"href":"https:\/\/www.danby.com\/fr\/wp-json\/wp\/v2\/comments?post=5149"}],"wp:featuredmedia":[{"embeddable":true,"href":"https:\/\/www.danby.com\/fr\/wp-json\/wp\/v2\/media\/6223"}],"wp:attachment":[{"href":"https:\/\/www.danby.com\/fr\/wp-json\/wp\/v2\/media?parent=5149"}],"wp:term":[{"taxonomy":"product_brand","embeddable":true,"href":"https:\/\/www.danby.com\/fr\/wp-json\/wp\/v2\/product_brand?post=5149"},{"taxonomy":"product_cat","embeddable":true,"href":"https:\/\/www.danby.com\/fr\/wp-json\/wp\/v2\/product_cat?post=5149"},{"taxonomy":"product_tag","embeddable":true,"href":"https:\/\/www.danby.com\/fr\/wp-json\/wp\/v2\/product_tag?post=5149"}],"curies":[{"name":"wp","href":"https:\/\/api.w.org\/{rel}","templated":true}]}}