{"id":5148,"date":"2022-02-03T19:20:19","date_gmt":"2022-02-03T19:20:19","guid":{"rendered":"https:\/\/www.danby.com\/fr\/product\/dpac10030\/"},"modified":"2026-04-30T10:07:04","modified_gmt":"2026-04-30T10:07:04","slug":"dpac10030","status":"publish","type":"product","link":"https:\/\/www.danby.com\/fr\/products\/climatiseurs-portatifs\/dpac10030\/","title":{"rendered":"Danby 10000  Climatiseurs portatif"},"content":{"rendered":"","protected":false},"excerpt":{"rendered":"<ul>\n<li>Syst\u00e8me de confort domestique 3 en 1 Climatiseur : capacit\u00e9 de refroidissement de 10 000 BTU Refroidit des zones jusqu&#8217;\u00e0 450 pieds carr\u00e9s en fonction des conditions D\u00e9shumidificateur : 55 pintes US par 24 heures (26 litres) Ventilateur : 3 vitesses de ventilateur (High &#8211; Med &#8211; Low) Seaux internes et externes \u00e0 connexion rapide Capacit\u00e9 du seau interne 6,3 pintes US (3,0 litres) Capacit\u00e9 du seau externe 31,7 pintes US (15,0 litres) Commandes \u00e9lectroniques avec t\u00e9l\u00e9commande Direction de l&#8217;air \u00e0 4 voies T\u00e9moin lumineux du seau complet et option de vidange directe pour un fonctionnement continu Roulettes pour une portabilit\u00e9 facile<\/li>\n<\/ul>\n","protected":false},"featured_media":0,"comment_status":"closed","ping_status":"open","template":"","meta":{"_acf_changed":false},"product_brand":[],"product_cat":[35],"product_tag":[],"class_list":{"0":"post-5148","1":"product","2":"type-product","3":"status-publish","5":"product_cat-climatiseurs-portatifs","7":"first","8":"outofstock","9":"taxable","10":"shipping-taxable","11":"product-type-simple"},"acf":[],"yoast_head":"<!-- This site is optimized with the Yoast SEO plugin v27.5 - https:\/\/yoast.com\/product\/yoast-seo-wordpress\/ -->\n<title>Danby 10000 Climatiseurs portatif - DPAC10030 | Danby Canada<\/title>\n<meta name=\"robots\" content=\"index, follow, max-snippet:-1, max-image-preview:large, max-video-preview:-1\" \/>\n<link rel=\"canonical\" href=\"https:\/\/www.danby.com\/fr\/products\/climatiseurs-portatifs\/dpac10030\/\" \/>\n<meta property=\"og:locale\" content=\"fr_CA\" \/>\n<meta property=\"og:type\" content=\"article\" \/>\n<meta property=\"og:title\" content=\"Danby 10000 Climatiseurs portatif - DPAC10030 | Danby Canada\" \/>\n<meta property=\"og:url\" content=\"https:\/\/www.danby.com\/fr\/products\/climatiseurs-portatifs\/dpac10030\/\" \/>\n<meta property=\"og:site_name\" content=\"Danby - Canada - French\" \/>\n<meta property=\"article:publisher\" content=\"https:\/\/www.facebook.com\/DanbyAppliances\" \/>\n<meta property=\"article:modified_time\" content=\"2026-04-30T10:07:04+00:00\" \/>\n<meta property=\"og:image\" content=\"https:\/\/cdnweb.danby.com\/wp-content\/uploads\/sites\/2\/2022\/03\/14160239\/Danby75Ans_OG_FB.png\" \/>\n\t<meta property=\"og:image:width\" content=\"1200\" \/>\n\t<meta property=\"og:image:height\" content=\"630\" \/>\n\t<meta property=\"og:image:type\" content=\"image\/png\" \/>\n<meta name=\"twitter:card\" content=\"summary_large_image\" \/>\n<meta name=\"twitter:site\" content=\"@DanbyAppliance\" \/>\n<script type=\"application\/ld+json\" class=\"yoast-schema-graph\">{\"@context\":\"https:\\\/\\\/schema.org\",\"@graph\":[{\"@type\":[\"WebPage\",\"ItemPage\"],\"url\":\"https:\\\/\\\/www.danby.com\\\/fr\\\/products\\\/climatiseurs-portatifs\\\/dpac10030\\\/\",\"name\":\"Danby 10000 Climatiseurs portatif - DPAC10030 | Danby Canada\",\"isPartOf\":[],\"datePublished\":\"2022-02-03T19:20:19+00:00\",\"dateModified\":\"2026-04-30T10:07:04+00:00\",\"breadcrumb\":[],\"inLanguage\":\"fr-CA\",\"potentialAction\":[{\"@type\":\"ReadAction\",\"target\":[\"https:\\\/\\\/www.danby.com\\\/fr\\\/products\\\/climatiseurs-portatifs\\\/dpac10030\\\/\"]}]},{\"@type\":\"BreadcrumbList\",\"itemListElement\":[{\"@type\":\"ListItem\",\"position\":1,\"name\":\"Home\",\"item\":\"https:\\\/\\\/www.danby.com\\\/fr\\\/\"},{\"@type\":\"ListItem\",\"position\":2,\"name\":\"Boutique\",\"item\":\"https:\\\/\\\/www.danby.com\\\/fr\\\/boutique\\\/\"},{\"@type\":\"ListItem\",\"position\":3,\"name\":\"Danby 10000 Climatiseurs portatif\"}]},{\"@type\":\"WebSite\",\"url\":\"https:\\\/\\\/www.danby.com\\\/fr\\\/\",\"name\":\"Danby - Canada - French\",\"description\":\"Leader dans le domaine de la r\u00e9frig\u00e9ration et des appareils sp\u00e9cialis\u00e9s\",\"publisher\":[],\"potentialAction\":[{\"@type\":\"SearchAction\",\"target\":{\"@type\":\"EntryPoint\",\"urlTemplate\":\"https:\\\/\\\/www.danby.com\\\/fr\\\/?s={search_term_string}\"},\"query-input\":{\"@type\":\"PropertyValueSpecification\",\"valueRequired\":true,\"valueName\":\"search_term_string\"}}],\"inLanguage\":\"fr-CA\"},{\"@type\":\"Organization\",\"name\":\"Danby Appliances\",\"url\":\"https:\\\/\\\/www.danby.com\\\/fr\\\/\",\"logo\":{\"@type\":\"ImageObject\",\"inLanguage\":\"fr-CA\",\"url\":\"https:\\\/\\\/cdnweb.danby.com\\\/wp-content\\\/uploads\\\/sites\\\/2\\\/2022\\\/02\\\/10141906\\\/Danby75Ans_Blue.png\",\"contentUrl\":\"https:\\\/\\\/cdnweb.danby.com\\\/wp-content\\\/uploads\\\/sites\\\/2\\\/2022\\\/02\\\/10141906\\\/Danby75Ans_Blue.png\",\"width\":470,\"height\":110,\"caption\":\"Danby Appliances\"},\"image\":[],\"sameAs\":[\"https:\\\/\\\/www.facebook.com\\\/DanbyAppliances\",\"https:\\\/\\\/x.com\\\/DanbyAppliance\",\"https:\\\/\\\/instagram.com\\\/danbyappliances\\\/\",\"https:\\\/\\\/www.linkedin.com\\\/company\\\/danbyappliances\",\"https:\\\/\\\/www.pinterest.ca\\\/danbyappliances\\\/\",\"https:\\\/\\\/www.youtube.com\\\/user\\\/DanbyProducts\",\"https:\\\/\\\/en.wikipedia.org\\\/wiki\\\/Danby_(appliances)\"]}]}<\/script>\n<!-- \/ Yoast SEO plugin. -->","yoast_head_json":{"title":"Danby 10000 Climatiseurs portatif - DPAC10030 | Danby Canada","robots":{"index":"index","follow":"follow","max-snippet":"max-snippet:-1","max-image-preview":"max-image-preview:large","max-video-preview":"max-video-preview:-1"},"canonical":"https:\/\/www.danby.com\/fr\/products\/climatiseurs-portatifs\/dpac10030\/","og_locale":"fr_CA","og_type":"article","og_title":"Danby 10000 Climatiseurs portatif - DPAC10030 | Danby Canada","og_url":"https:\/\/www.danby.com\/fr\/products\/climatiseurs-portatifs\/dpac10030\/","og_site_name":"Danby - Canada - French","article_publisher":"https:\/\/www.facebook.com\/DanbyAppliances","article_modified_time":"2026-04-30T10:07:04+00:00","og_image":[{"width":1200,"height":630,"url":"https:\/\/cdnweb.danby.com\/wp-content\/uploads\/sites\/2\/2022\/03\/14160239\/Danby75Ans_OG_FB.png","type":"image\/png"}],"twitter_card":"summary_large_image","twitter_site":"@DanbyAppliance","schema":{"@context":"https:\/\/schema.org","@graph":[{"@type":["WebPage","ItemPage"],"url":"https:\/\/www.danby.com\/fr\/products\/climatiseurs-portatifs\/dpac10030\/","name":"Danby 10000 Climatiseurs portatif - DPAC10030 | Danby Canada","isPartOf":[],"datePublished":"2022-02-03T19:20:19+00:00","dateModified":"2026-04-30T10:07:04+00:00","breadcrumb":[],"inLanguage":"fr-CA","potentialAction":[{"@type":"ReadAction","target":["https:\/\/www.danby.com\/fr\/products\/climatiseurs-portatifs\/dpac10030\/"]}]},{"@type":"BreadcrumbList","itemListElement":[{"@type":"ListItem","position":1,"name":"Home","item":"https:\/\/www.danby.com\/fr\/"},{"@type":"ListItem","position":2,"name":"Boutique","item":"https:\/\/www.danby.com\/fr\/boutique\/"},{"@type":"ListItem","position":3,"name":"Danby 10000 Climatiseurs portatif"}]},{"@type":"WebSite","url":"https:\/\/www.danby.com\/fr\/","name":"Danby - Canada - French","description":"Leader dans le domaine de la r\u00e9frig\u00e9ration et des appareils sp\u00e9cialis\u00e9s","publisher":[],"potentialAction":[{"@type":"SearchAction","target":{"@type":"EntryPoint","urlTemplate":"https:\/\/www.danby.com\/fr\/?s={search_term_string}"},"query-input":{"@type":"PropertyValueSpecification","valueRequired":true,"valueName":"search_term_string"}}],"inLanguage":"fr-CA"},{"@type":"Organization","name":"Danby Appliances","url":"https:\/\/www.danby.com\/fr\/","logo":{"@type":"ImageObject","inLanguage":"fr-CA","url":"https:\/\/cdnweb.danby.com\/wp-content\/uploads\/sites\/2\/2022\/02\/10141906\/Danby75Ans_Blue.png","contentUrl":"https:\/\/cdnweb.danby.com\/wp-content\/uploads\/sites\/2\/2022\/02\/10141906\/Danby75Ans_Blue.png","width":470,"height":110,"caption":"Danby Appliances"},"image":[],"sameAs":["https:\/\/www.facebook.com\/DanbyAppliances","https:\/\/x.com\/DanbyAppliance","https:\/\/instagram.com\/danbyappliances\/","https:\/\/www.linkedin.com\/company\/danbyappliances","https:\/\/www.pinterest.ca\/danbyappliances\/","https:\/\/www.youtube.com\/user\/DanbyProducts","https:\/\/en.wikipedia.org\/wiki\/Danby_(appliances)"]}]}},"post_mailing_queue_ids":[],"_links":{"self":[{"href":"https:\/\/www.danby.com\/fr\/wp-json\/wp\/v2\/product\/5148","targetHints":{"allow":["GET"]}}],"collection":[{"href":"https:\/\/www.danby.com\/fr\/wp-json\/wp\/v2\/product"}],"about":[{"href":"https:\/\/www.danby.com\/fr\/wp-json\/wp\/v2\/types\/product"}],"replies":[{"embeddable":true,"href":"https:\/\/www.danby.com\/fr\/wp-json\/wp\/v2\/comments?post=5148"}],"wp:attachment":[{"href":"https:\/\/www.danby.com\/fr\/wp-json\/wp\/v2\/media?parent=5148"}],"wp:term":[{"taxonomy":"product_brand","embeddable":true,"href":"https:\/\/www.danby.com\/fr\/wp-json\/wp\/v2\/product_brand?post=5148"},{"taxonomy":"product_cat","embeddable":true,"href":"https:\/\/www.danby.com\/fr\/wp-json\/wp\/v2\/product_cat?post=5148"},{"taxonomy":"product_tag","embeddable":true,"href":"https:\/\/www.danby.com\/fr\/wp-json\/wp\/v2\/product_tag?post=5148"}],"curies":[{"name":"wp","href":"https:\/\/api.w.org\/{rel}","templated":true}]}}