{"id":5143,"date":"2022-02-03T19:20:08","date_gmt":"2022-02-03T19:20:08","guid":{"rendered":"https:\/\/www.danby.com\/fr\/product\/dpa80a1cb\/"},"modified":"2026-05-01T10:08:49","modified_gmt":"2026-05-01T10:08:49","slug":"dpa80a1cb","status":"publish","type":"product","link":"https:\/\/www.danby.com\/fr\/products\/climatiseurs-portatifs\/dpa80a1cb\/","title":{"rendered":"Danby 8000  Climatiseurs portatif"},"content":{"rendered":"","protected":false},"excerpt":{"rendered":"<ul>\n<li>Capacit\u00e9 de refroidissement de 8000 BTU<\/li>\n<li>Refroidit des zones jusqu&#8217;\u00e0 250 pieds carr\u00e9s en fonction des conditions<\/li>\n<li>114.capacit\u00e9 de 12 pintes par 24 heures avec fonction de vidange directe<\/li>\n<li>Fluide frigorig\u00e8ne R410A respectueux de l&#8217;environnement<\/li>\n<li>Commandes \u00e9lectroniques avec t\u00e9l\u00e9commande et affichage LED<\/li>\n<li>3 vitesses de ventilateur<\/li>\n<li>Marche\/arr\u00eat automatique : faites d\u00e9marrer ou arr\u00eater l&#8217;unit\u00e9 en fonction de votre emploi du temps<\/li>\n<li>Conception \u00e0 tuyau unique : \u00e9vacue efficacement l&#8217;air chaud et humide \u00e0 l&#8217;ext\u00e9rieur<\/li>\n<li>Filtre \u00e0 air r\u00e9utilisable<\/li>\n<li>Plage de temp\u00e9rature variable de 16\u00b0C \u00e0 32\u00b0C (61\u00b0F &#8211; 89\u00b0F)<\/li>\n<li>S&#8217;adapte facilement aux portes vitr\u00e9es coulissantes, aux fen\u00eatres coulissantes et aux fen\u00eatres \u00e0 guillotine double<\/li>\n<li>Le kit d&#8217;installation de fen\u00eatre extensible s&#8217;adapte aux fen\u00eatres de 28 6\/16&#8243; \u00e0 79 15\/16&#8243;<\/li>\n<li>Longueur du tuyau d&#8217;\u00e9vacuation : 47 4\/16&#8243; (120 cm)<\/li>\n<\/ul>\n","protected":false},"featured_media":6185,"comment_status":"closed","ping_status":"open","template":"","meta":{"_acf_changed":false},"product_brand":[],"product_cat":[35],"product_tag":[],"class_list":{"0":"post-5143","1":"product","2":"type-product","3":"status-publish","4":"has-post-thumbnail","6":"product_cat-climatiseurs-portatifs","8":"first","9":"outofstock","10":"taxable","11":"shipping-taxable","12":"product-type-simple"},"acf":[],"yoast_head":"<!-- This site is optimized with the Yoast SEO plugin v27.5 - https:\/\/yoast.com\/product\/yoast-seo-wordpress\/ -->\n<title>Danby 8000 Climatiseurs portatif - DPA80A1CB | Danby Canada<\/title>\n<meta name=\"description\" content=\"Un climatiseur efficace et fiable, comme celui de Danby, est tout ce dont vous avez besoin pour demeurer au frais pendant nos \u00e9t\u00e9s longs et chauds. Cet attrayant mod\u00e8le portatif poss\u00e8de une capacit\u00e9 de refroidissement de 8000 BTU, ce qui en fait l\u2019appareil id\u00e9al pour les surfaces allant jusqu&#039;\u00e0 250 pieds carr\u00e9s. Il a une capacit\u00e9 de 114,12 chopines par 24 heures et propose un syst\u00e8me d\u2019\u00e9vacuation directe. Le ventilateur \u00e0 trois vitesses est parfait, pour toutes les conditions de temp\u00e9rature et cet appareil \u00e9l\u00e9gant peut \u00eatre programm\u00e9 \u00e9lectroniquement, gr\u00e2ce \u00e0 une t\u00e9l\u00e9commande pratique et \u00e0 son affichage \u00e0 DEL. La fonction automatique de d\u00e9marrage et d\u2019arr\u00eat de haute technologie vous permet de programmer l&#039;appareil en fonction de votre emploi du temps. Le filtre \u00e0 air est r\u00e9utilisable et ce mod\u00e8le \u00e9cologique utilise le r\u00e9frig\u00e9rant R410A. Il est \u00e9quip\u00e9 d\u2019un syst\u00e8me mono-tuyau qui chasse l&#039;air humide \u00e0 l\u2019ext\u00e9rieur. Ce climatiseur remarquable vous offre une gamme de temp\u00e9ratures programmables de 16\u00b0C \u00e0 32\u00b0C (61\u00b0F \u00e0 89\u00b0F) et il est aussi pourvu d\u2019une garantie de 12 mois sur les pi\u00e8ces et la main-d&#039;\u0153uvre.\" \/>\n<meta name=\"robots\" content=\"index, follow, max-snippet:-1, max-image-preview:large, max-video-preview:-1\" \/>\n<link rel=\"canonical\" href=\"https:\/\/www.danby.com\/fr\/products\/climatiseurs-portatifs\/dpa80a1cb\/\" \/>\n<meta property=\"og:locale\" content=\"fr_CA\" \/>\n<meta property=\"og:type\" content=\"article\" \/>\n<meta property=\"og:title\" content=\"Danby 8000 Climatiseurs portatif - DPA80A1CB | Danby Canada\" \/>\n<meta property=\"og:description\" content=\"Un climatiseur efficace et fiable, comme celui de Danby, est tout ce dont vous avez besoin pour demeurer au frais pendant nos \u00e9t\u00e9s longs et chauds. Cet attrayant mod\u00e8le portatif poss\u00e8de une capacit\u00e9 de refroidissement de 8000 BTU, ce qui en fait l\u2019appareil id\u00e9al pour les surfaces allant jusqu&#039;\u00e0 250 pieds carr\u00e9s. Il a une capacit\u00e9 de 114,12 chopines par 24 heures et propose un syst\u00e8me d\u2019\u00e9vacuation directe. Le ventilateur \u00e0 trois vitesses est parfait, pour toutes les conditions de temp\u00e9rature et cet appareil \u00e9l\u00e9gant peut \u00eatre programm\u00e9 \u00e9lectroniquement, gr\u00e2ce \u00e0 une t\u00e9l\u00e9commande pratique et \u00e0 son affichage \u00e0 DEL. La fonction automatique de d\u00e9marrage et d\u2019arr\u00eat de haute technologie vous permet de programmer l&#039;appareil en fonction de votre emploi du temps. Le filtre \u00e0 air est r\u00e9utilisable et ce mod\u00e8le \u00e9cologique utilise le r\u00e9frig\u00e9rant R410A. Il est \u00e9quip\u00e9 d\u2019un syst\u00e8me mono-tuyau qui chasse l&#039;air humide \u00e0 l\u2019ext\u00e9rieur. Ce climatiseur remarquable vous offre une gamme de temp\u00e9ratures programmables de 16\u00b0C \u00e0 32\u00b0C (61\u00b0F \u00e0 89\u00b0F) et il est aussi pourvu d\u2019une garantie de 12 mois sur les pi\u00e8ces et la main-d&#039;\u0153uvre.\" \/>\n<meta property=\"og:url\" content=\"https:\/\/www.danby.com\/fr\/products\/climatiseurs-portatifs\/dpa80a1cb\/\" \/>\n<meta property=\"og:site_name\" content=\"Danby - Canada - French\" \/>\n<meta property=\"article:publisher\" content=\"https:\/\/www.facebook.com\/DanbyAppliances\" \/>\n<meta property=\"article:modified_time\" content=\"2026-05-01T10:08:49+00:00\" \/>\n<meta property=\"og:image\" content=\"https:\/\/cdnweb.danby.com\/wp-content\/uploads\/sites\/2\/2022\/02\/08183246\/proMed-DPA80A1CB.jpg\" \/>\n\t<meta property=\"og:image:width\" content=\"300\" \/>\n\t<meta property=\"og:image:height\" content=\"272\" \/>\n\t<meta property=\"og:image:type\" content=\"image\/jpeg\" \/>\n<meta name=\"twitter:card\" content=\"summary_large_image\" \/>\n<meta name=\"twitter:site\" content=\"@DanbyAppliance\" \/>\n<script type=\"application\/ld+json\" class=\"yoast-schema-graph\">{\"@context\":\"https:\\\/\\\/schema.org\",\"@graph\":[{\"@type\":[\"WebPage\",\"ItemPage\"],\"url\":\"https:\\\/\\\/www.danby.com\\\/fr\\\/products\\\/climatiseurs-portatifs\\\/dpa80a1cb\\\/\",\"name\":\"Danby 8000 Climatiseurs portatif - DPA80A1CB | Danby Canada\",\"isPartOf\":[],\"primaryImageOfPage\":[],\"image\":[],\"thumbnailUrl\":\"https:\\\/\\\/cdnweb.danby.com\\\/wp-content\\\/uploads\\\/sites\\\/2\\\/2022\\\/02\\\/08183246\\\/proMed-DPA80A1CB.jpg\",\"datePublished\":\"2022-02-03T19:20:08+00:00\",\"dateModified\":\"2026-05-01T10:08:49+00:00\",\"description\":\"Un climatiseur efficace et fiable, comme celui de Danby, est tout ce dont vous avez besoin pour demeurer au frais pendant nos \u00e9t\u00e9s longs et chauds. Cet attrayant mod\u00e8le portatif poss\u00e8de une capacit\u00e9 de refroidissement de 8000 BTU, ce qui en fait l\u2019appareil id\u00e9al pour les surfaces allant jusqu'\u00e0 250 pieds carr\u00e9s. Il a une capacit\u00e9 de 114,12 chopines par 24 heures et propose un syst\u00e8me d\u2019\u00e9vacuation directe. Le ventilateur \u00e0 trois vitesses est parfait, pour toutes les conditions de temp\u00e9rature et cet appareil \u00e9l\u00e9gant peut \u00eatre programm\u00e9 \u00e9lectroniquement, gr\u00e2ce \u00e0 une t\u00e9l\u00e9commande pratique et \u00e0 son affichage \u00e0 DEL. La fonction automatique de d\u00e9marrage et d\u2019arr\u00eat de haute technologie vous permet de programmer l'appareil en fonction de votre emploi du temps. Le filtre \u00e0 air est r\u00e9utilisable et ce mod\u00e8le \u00e9cologique utilise le r\u00e9frig\u00e9rant R410A. Il est \u00e9quip\u00e9 d\u2019un syst\u00e8me mono-tuyau qui chasse l'air humide \u00e0 l\u2019ext\u00e9rieur. Ce climatiseur remarquable vous offre une gamme de temp\u00e9ratures programmables de 16\u00b0C \u00e0 32\u00b0C (61\u00b0F \u00e0 89\u00b0F) et il est aussi pourvu d\u2019une garantie de 12 mois sur les pi\u00e8ces et la main-d'\u0153uvre.\",\"breadcrumb\":[],\"inLanguage\":\"fr-CA\",\"potentialAction\":[{\"@type\":\"ReadAction\",\"target\":[\"https:\\\/\\\/www.danby.com\\\/fr\\\/products\\\/climatiseurs-portatifs\\\/dpa80a1cb\\\/\"]}]},{\"@type\":\"ImageObject\",\"inLanguage\":\"fr-CA\",\"url\":\"https:\\\/\\\/cdnweb.danby.com\\\/wp-content\\\/uploads\\\/sites\\\/2\\\/2022\\\/02\\\/08183246\\\/proMed-DPA80A1CB.jpg\",\"contentUrl\":\"https:\\\/\\\/cdnweb.danby.com\\\/wp-content\\\/uploads\\\/sites\\\/2\\\/2022\\\/02\\\/08183246\\\/proMed-DPA80A1CB.jpg\",\"width\":300,\"height\":272},{\"@type\":\"BreadcrumbList\",\"itemListElement\":[{\"@type\":\"ListItem\",\"position\":1,\"name\":\"Home\",\"item\":\"https:\\\/\\\/www.danby.com\\\/fr\\\/\"},{\"@type\":\"ListItem\",\"position\":2,\"name\":\"Boutique\",\"item\":\"https:\\\/\\\/www.danby.com\\\/fr\\\/boutique\\\/\"},{\"@type\":\"ListItem\",\"position\":3,\"name\":\"Danby 8000 Climatiseurs portatif\"}]},{\"@type\":\"WebSite\",\"url\":\"https:\\\/\\\/www.danby.com\\\/fr\\\/\",\"name\":\"Danby - Canada - French\",\"description\":\"Leader dans le domaine de la r\u00e9frig\u00e9ration et des appareils sp\u00e9cialis\u00e9s\",\"publisher\":[],\"potentialAction\":[{\"@type\":\"SearchAction\",\"target\":{\"@type\":\"EntryPoint\",\"urlTemplate\":\"https:\\\/\\\/www.danby.com\\\/fr\\\/?s={search_term_string}\"},\"query-input\":{\"@type\":\"PropertyValueSpecification\",\"valueRequired\":true,\"valueName\":\"search_term_string\"}}],\"inLanguage\":\"fr-CA\"},{\"@type\":\"Organization\",\"name\":\"Danby Appliances\",\"url\":\"https:\\\/\\\/www.danby.com\\\/fr\\\/\",\"logo\":{\"@type\":\"ImageObject\",\"inLanguage\":\"fr-CA\",\"url\":\"https:\\\/\\\/cdnweb.danby.com\\\/wp-content\\\/uploads\\\/sites\\\/2\\\/2022\\\/02\\\/10141906\\\/Danby75Ans_Blue.png\",\"contentUrl\":\"https:\\\/\\\/cdnweb.danby.com\\\/wp-content\\\/uploads\\\/sites\\\/2\\\/2022\\\/02\\\/10141906\\\/Danby75Ans_Blue.png\",\"width\":470,\"height\":110,\"caption\":\"Danby Appliances\"},\"image\":[],\"sameAs\":[\"https:\\\/\\\/www.facebook.com\\\/DanbyAppliances\",\"https:\\\/\\\/x.com\\\/DanbyAppliance\",\"https:\\\/\\\/instagram.com\\\/danbyappliances\\\/\",\"https:\\\/\\\/www.linkedin.com\\\/company\\\/danbyappliances\",\"https:\\\/\\\/www.pinterest.ca\\\/danbyappliances\\\/\",\"https:\\\/\\\/www.youtube.com\\\/user\\\/DanbyProducts\",\"https:\\\/\\\/en.wikipedia.org\\\/wiki\\\/Danby_(appliances)\"]}]}<\/script>\n<!-- \/ Yoast SEO plugin. -->","yoast_head_json":{"title":"Danby 8000 Climatiseurs portatif - DPA80A1CB | Danby Canada","description":"Un climatiseur efficace et fiable, comme celui de Danby, est tout ce dont vous avez besoin pour demeurer au frais pendant nos \u00e9t\u00e9s longs et chauds. Cet attrayant mod\u00e8le portatif poss\u00e8de une capacit\u00e9 de refroidissement de 8000 BTU, ce qui en fait l\u2019appareil id\u00e9al pour les surfaces allant jusqu'\u00e0 250 pieds carr\u00e9s. Il a une capacit\u00e9 de 114,12 chopines par 24 heures et propose un syst\u00e8me d\u2019\u00e9vacuation directe. Le ventilateur \u00e0 trois vitesses est parfait, pour toutes les conditions de temp\u00e9rature et cet appareil \u00e9l\u00e9gant peut \u00eatre programm\u00e9 \u00e9lectroniquement, gr\u00e2ce \u00e0 une t\u00e9l\u00e9commande pratique et \u00e0 son affichage \u00e0 DEL. La fonction automatique de d\u00e9marrage et d\u2019arr\u00eat de haute technologie vous permet de programmer l'appareil en fonction de votre emploi du temps. Le filtre \u00e0 air est r\u00e9utilisable et ce mod\u00e8le \u00e9cologique utilise le r\u00e9frig\u00e9rant R410A. Il est \u00e9quip\u00e9 d\u2019un syst\u00e8me mono-tuyau qui chasse l'air humide \u00e0 l\u2019ext\u00e9rieur. Ce climatiseur remarquable vous offre une gamme de temp\u00e9ratures programmables de 16\u00b0C \u00e0 32\u00b0C (61\u00b0F \u00e0 89\u00b0F) et il est aussi pourvu d\u2019une garantie de 12 mois sur les pi\u00e8ces et la main-d'\u0153uvre.","robots":{"index":"index","follow":"follow","max-snippet":"max-snippet:-1","max-image-preview":"max-image-preview:large","max-video-preview":"max-video-preview:-1"},"canonical":"https:\/\/www.danby.com\/fr\/products\/climatiseurs-portatifs\/dpa80a1cb\/","og_locale":"fr_CA","og_type":"article","og_title":"Danby 8000 Climatiseurs portatif - DPA80A1CB | Danby Canada","og_description":"Un climatiseur efficace et fiable, comme celui de Danby, est tout ce dont vous avez besoin pour demeurer au frais pendant nos \u00e9t\u00e9s longs et chauds. Cet attrayant mod\u00e8le portatif poss\u00e8de une capacit\u00e9 de refroidissement de 8000 BTU, ce qui en fait l\u2019appareil id\u00e9al pour les surfaces allant jusqu'\u00e0 250 pieds carr\u00e9s. Il a une capacit\u00e9 de 114,12 chopines par 24 heures et propose un syst\u00e8me d\u2019\u00e9vacuation directe. Le ventilateur \u00e0 trois vitesses est parfait, pour toutes les conditions de temp\u00e9rature et cet appareil \u00e9l\u00e9gant peut \u00eatre programm\u00e9 \u00e9lectroniquement, gr\u00e2ce \u00e0 une t\u00e9l\u00e9commande pratique et \u00e0 son affichage \u00e0 DEL. La fonction automatique de d\u00e9marrage et d\u2019arr\u00eat de haute technologie vous permet de programmer l'appareil en fonction de votre emploi du temps. Le filtre \u00e0 air est r\u00e9utilisable et ce mod\u00e8le \u00e9cologique utilise le r\u00e9frig\u00e9rant R410A. Il est \u00e9quip\u00e9 d\u2019un syst\u00e8me mono-tuyau qui chasse l'air humide \u00e0 l\u2019ext\u00e9rieur. Ce climatiseur remarquable vous offre une gamme de temp\u00e9ratures programmables de 16\u00b0C \u00e0 32\u00b0C (61\u00b0F \u00e0 89\u00b0F) et il est aussi pourvu d\u2019une garantie de 12 mois sur les pi\u00e8ces et la main-d'\u0153uvre.","og_url":"https:\/\/www.danby.com\/fr\/products\/climatiseurs-portatifs\/dpa80a1cb\/","og_site_name":"Danby - Canada - French","article_publisher":"https:\/\/www.facebook.com\/DanbyAppliances","article_modified_time":"2026-05-01T10:08:49+00:00","og_image":[{"width":300,"height":272,"url":"https:\/\/cdnweb.danby.com\/wp-content\/uploads\/sites\/2\/2022\/02\/08183246\/proMed-DPA80A1CB.jpg","type":"image\/jpeg"}],"twitter_card":"summary_large_image","twitter_site":"@DanbyAppliance","schema":{"@context":"https:\/\/schema.org","@graph":[{"@type":["WebPage","ItemPage"],"url":"https:\/\/www.danby.com\/fr\/products\/climatiseurs-portatifs\/dpa80a1cb\/","name":"Danby 8000 Climatiseurs portatif - DPA80A1CB | Danby Canada","isPartOf":[],"primaryImageOfPage":[],"image":[],"thumbnailUrl":"https:\/\/cdnweb.danby.com\/wp-content\/uploads\/sites\/2\/2022\/02\/08183246\/proMed-DPA80A1CB.jpg","datePublished":"2022-02-03T19:20:08+00:00","dateModified":"2026-05-01T10:08:49+00:00","description":"Un climatiseur efficace et fiable, comme celui de Danby, est tout ce dont vous avez besoin pour demeurer au frais pendant nos \u00e9t\u00e9s longs et chauds. Cet attrayant mod\u00e8le portatif poss\u00e8de une capacit\u00e9 de refroidissement de 8000 BTU, ce qui en fait l\u2019appareil id\u00e9al pour les surfaces allant jusqu'\u00e0 250 pieds carr\u00e9s. Il a une capacit\u00e9 de 114,12 chopines par 24 heures et propose un syst\u00e8me d\u2019\u00e9vacuation directe. Le ventilateur \u00e0 trois vitesses est parfait, pour toutes les conditions de temp\u00e9rature et cet appareil \u00e9l\u00e9gant peut \u00eatre programm\u00e9 \u00e9lectroniquement, gr\u00e2ce \u00e0 une t\u00e9l\u00e9commande pratique et \u00e0 son affichage \u00e0 DEL. La fonction automatique de d\u00e9marrage et d\u2019arr\u00eat de haute technologie vous permet de programmer l'appareil en fonction de votre emploi du temps. Le filtre \u00e0 air est r\u00e9utilisable et ce mod\u00e8le \u00e9cologique utilise le r\u00e9frig\u00e9rant R410A. Il est \u00e9quip\u00e9 d\u2019un syst\u00e8me mono-tuyau qui chasse l'air humide \u00e0 l\u2019ext\u00e9rieur. Ce climatiseur remarquable vous offre une gamme de temp\u00e9ratures programmables de 16\u00b0C \u00e0 32\u00b0C (61\u00b0F \u00e0 89\u00b0F) et il est aussi pourvu d\u2019une garantie de 12 mois sur les pi\u00e8ces et la main-d'\u0153uvre.","breadcrumb":[],"inLanguage":"fr-CA","potentialAction":[{"@type":"ReadAction","target":["https:\/\/www.danby.com\/fr\/products\/climatiseurs-portatifs\/dpa80a1cb\/"]}]},{"@type":"ImageObject","inLanguage":"fr-CA","url":"https:\/\/cdnweb.danby.com\/wp-content\/uploads\/sites\/2\/2022\/02\/08183246\/proMed-DPA80A1CB.jpg","contentUrl":"https:\/\/cdnweb.danby.com\/wp-content\/uploads\/sites\/2\/2022\/02\/08183246\/proMed-DPA80A1CB.jpg","width":300,"height":272},{"@type":"BreadcrumbList","itemListElement":[{"@type":"ListItem","position":1,"name":"Home","item":"https:\/\/www.danby.com\/fr\/"},{"@type":"ListItem","position":2,"name":"Boutique","item":"https:\/\/www.danby.com\/fr\/boutique\/"},{"@type":"ListItem","position":3,"name":"Danby 8000 Climatiseurs portatif"}]},{"@type":"WebSite","url":"https:\/\/www.danby.com\/fr\/","name":"Danby - Canada - French","description":"Leader dans le domaine de la r\u00e9frig\u00e9ration et des appareils sp\u00e9cialis\u00e9s","publisher":[],"potentialAction":[{"@type":"SearchAction","target":{"@type":"EntryPoint","urlTemplate":"https:\/\/www.danby.com\/fr\/?s={search_term_string}"},"query-input":{"@type":"PropertyValueSpecification","valueRequired":true,"valueName":"search_term_string"}}],"inLanguage":"fr-CA"},{"@type":"Organization","name":"Danby Appliances","url":"https:\/\/www.danby.com\/fr\/","logo":{"@type":"ImageObject","inLanguage":"fr-CA","url":"https:\/\/cdnweb.danby.com\/wp-content\/uploads\/sites\/2\/2022\/02\/10141906\/Danby75Ans_Blue.png","contentUrl":"https:\/\/cdnweb.danby.com\/wp-content\/uploads\/sites\/2\/2022\/02\/10141906\/Danby75Ans_Blue.png","width":470,"height":110,"caption":"Danby Appliances"},"image":[],"sameAs":["https:\/\/www.facebook.com\/DanbyAppliances","https:\/\/x.com\/DanbyAppliance","https:\/\/instagram.com\/danbyappliances\/","https:\/\/www.linkedin.com\/company\/danbyappliances","https:\/\/www.pinterest.ca\/danbyappliances\/","https:\/\/www.youtube.com\/user\/DanbyProducts","https:\/\/en.wikipedia.org\/wiki\/Danby_(appliances)"]}]}},"post_mailing_queue_ids":[],"_links":{"self":[{"href":"https:\/\/www.danby.com\/fr\/wp-json\/wp\/v2\/product\/5143","targetHints":{"allow":["GET"]}}],"collection":[{"href":"https:\/\/www.danby.com\/fr\/wp-json\/wp\/v2\/product"}],"about":[{"href":"https:\/\/www.danby.com\/fr\/wp-json\/wp\/v2\/types\/product"}],"replies":[{"embeddable":true,"href":"https:\/\/www.danby.com\/fr\/wp-json\/wp\/v2\/comments?post=5143"}],"wp:featuredmedia":[{"embeddable":true,"href":"https:\/\/www.danby.com\/fr\/wp-json\/wp\/v2\/media\/6185"}],"wp:attachment":[{"href":"https:\/\/www.danby.com\/fr\/wp-json\/wp\/v2\/media?parent=5143"}],"wp:term":[{"taxonomy":"product_brand","embeddable":true,"href":"https:\/\/www.danby.com\/fr\/wp-json\/wp\/v2\/product_brand?post=5143"},{"taxonomy":"product_cat","embeddable":true,"href":"https:\/\/www.danby.com\/fr\/wp-json\/wp\/v2\/product_cat?post=5143"},{"taxonomy":"product_tag","embeddable":true,"href":"https:\/\/www.danby.com\/fr\/wp-json\/wp\/v2\/product_tag?post=5143"}],"curies":[{"name":"wp","href":"https:\/\/api.w.org\/{rel}","templated":true}]}}