{"id":5140,"date":"2022-02-03T19:20:08","date_gmt":"2022-02-03T19:20:08","guid":{"rendered":"https:\/\/www.danby.com\/fr\/product\/dpa140he3bdb-6\/"},"modified":"2026-04-21T10:12:14","modified_gmt":"2026-04-21T10:12:14","slug":"dpa140he3bdb-6","status":"publish","type":"product","link":"https:\/\/www.danby.com\/fr\/products\/climatiseurs-portatifs\/dpa140he3bdb-6\/","title":{"rendered":"Danby  14,000 BTU Climatiseurs portatif"},"content":{"rendered":"","protected":false},"excerpt":{"rendered":"<ul>\n<li>Conception 4-en-1 pratique : conditionneur d\u2019air, ventilateur, d\u00e9shumidificateur et appareil de chauffage<\/li>\n<li>Le conditionneur d\u2019air portable de 14,000 BTU (3 000 SACC) rafraichit les locaux de superficie allant jusqu\u2019\u00e0 700 pieds carr\u00e9s.<\/li>\n<li>Fonction Pompe \u00e0 chaleur : temp\u00e9rature interne comprise entre 13 \u00b0C et environ 27 \u00b0C (55\u00b0 F~81 \u00b0F)<\/li>\n<li>Puissant ventilateur \u00e0 3 vitesses<\/li>\n<li>Mode de d\u00e9shumidification avec vidange pour un fonctionnement continu<\/li>\n<li>Commandes \u00e9lectroniques avec affichage LED et commande \u00e0 distance<\/li>\n<li>Red\u00e9marrage automatique : l\u2019unit\u00e9 red\u00e9marre automatiquement apr\u00e8s une panne de courant<\/li>\n<li>Minuterie programmable sur 24 heures<\/li>\n<li>Conception \u00e0 flexible unique : \u00e9vacue efficacement l\u2019air humide chaud vers l\u2019ext\u00e9rieur<\/li>\n<li>Filtre \u00e0 air lavable et r\u00e9utilisable<\/li>\n<li>Facile \u00e0 d\u00e9placer : Des roulettes et des poign\u00e9es int\u00e9gr\u00e9es pour un transport ais\u00e9 de pi\u00e8ce en pi\u00e8ce<\/li>\n<li>Emballage ISTA-6<\/li>\n<\/ul>\n","protected":false},"featured_media":10393,"comment_status":"closed","ping_status":"open","template":"","meta":{"_acf_changed":false},"product_brand":[],"product_cat":[35],"product_tag":[],"class_list":{"0":"post-5140","1":"product","2":"type-product","3":"status-publish","4":"has-post-thumbnail","6":"product_cat-climatiseurs-portatifs","7":"pa_couleur-black","8":"pa_duree-de-la-garantie-en-mois-1169","10":"first","11":"outofstock","12":"taxable","13":"shipping-taxable","14":"product-type-simple"},"acf":[],"yoast_head":"<!-- This site is optimized with the Yoast SEO plugin v26.7 - https:\/\/yoast.com\/wordpress\/plugins\/seo\/ -->\n<title>Danby 14,000 BTU Climatiseurs portatif - DPA140HE3BDB-6 | Danby Canada<\/title>\n<meta name=\"description\" content=\"Ce conditionneur d\u2019air portable de 14 000 BTU (7 900 SACC) de Danby est id\u00e9al pour le refroidissement des salles de superficie allant jusqu\u2019\u00e0 700 pieds carr\u00e9s. Les quatre roulettes de cette unit\u00e9 permettent de la d\u00e9placer facilement de pi\u00e8ce en pi\u00e8ce et la conception \u00e0 flexible unique \u00e9vacue efficacement l\u2019air humide chaud vers l\u2019ext\u00e9rieur. L\u2019affichage LED et le ch\u00e2ssis translucide permettent des r\u00e9glages sans effort. La minuterie programmable sur 24 heures permet de mieux contr\u00f4ler le fonctionnement de l\u2019unit\u00e9, ce qui permet de r\u00e9duire les co\u00fbts et de faire des \u00e9conomies sur sa facture d\u2019\u00e9lectricit\u00e9 mensuelle. Pour optimiser votre confort chez vous, cette unit\u00e9 est dot\u00e9e d\u2019une conception 4-en-1 : un conditionneur d\u2019air, un ventilateur et un d\u00e9shumidificateur pour garantir \u00e0 vos invit\u00e9s et vous un confort optimal, quelle que soit la m\u00e9t\u00e9o \u00e0 l\u2019ext\u00e9rieur. La fonction Pompe \u00e0 chaleur peut \u00eatre r\u00e9gl\u00e9e entre 13 et environ 27 \u00b0C (55 \u00b0F-81 \u00b0F) **Capacit\u00e9 de refroidissement \u00e0 r\u00e9glage d\u00e9saisonnalis\u00e9 (SACC)\" \/>\n<meta name=\"robots\" content=\"index, follow, max-snippet:-1, max-image-preview:large, max-video-preview:-1\" \/>\n<link rel=\"canonical\" href=\"https:\/\/www.danby.com\/fr\/products\/climatiseurs-portatifs\/dpa140he3bdb-6\/\" \/>\n<meta property=\"og:locale\" content=\"fr_CA\" \/>\n<meta property=\"og:type\" content=\"article\" \/>\n<meta property=\"og:title\" content=\"Danby 14,000 BTU Climatiseurs portatif - DPA140HE3BDB-6 | Danby Canada\" \/>\n<meta property=\"og:description\" content=\"Ce conditionneur d\u2019air portable de 14 000 BTU (7 900 SACC) de Danby est id\u00e9al pour le refroidissement des salles de superficie allant jusqu\u2019\u00e0 700 pieds carr\u00e9s. Les quatre roulettes de cette unit\u00e9 permettent de la d\u00e9placer facilement de pi\u00e8ce en pi\u00e8ce et la conception \u00e0 flexible unique \u00e9vacue efficacement l\u2019air humide chaud vers l\u2019ext\u00e9rieur. L\u2019affichage LED et le ch\u00e2ssis translucide permettent des r\u00e9glages sans effort. La minuterie programmable sur 24 heures permet de mieux contr\u00f4ler le fonctionnement de l\u2019unit\u00e9, ce qui permet de r\u00e9duire les co\u00fbts et de faire des \u00e9conomies sur sa facture d\u2019\u00e9lectricit\u00e9 mensuelle. Pour optimiser votre confort chez vous, cette unit\u00e9 est dot\u00e9e d\u2019une conception 4-en-1 : un conditionneur d\u2019air, un ventilateur et un d\u00e9shumidificateur pour garantir \u00e0 vos invit\u00e9s et vous un confort optimal, quelle que soit la m\u00e9t\u00e9o \u00e0 l\u2019ext\u00e9rieur. La fonction Pompe \u00e0 chaleur peut \u00eatre r\u00e9gl\u00e9e entre 13 et environ 27 \u00b0C (55 \u00b0F-81 \u00b0F) **Capacit\u00e9 de refroidissement \u00e0 r\u00e9glage d\u00e9saisonnalis\u00e9 (SACC)\" \/>\n<meta property=\"og:url\" content=\"https:\/\/www.danby.com\/fr\/products\/climatiseurs-portatifs\/dpa140he3bdb-6\/\" \/>\n<meta property=\"og:site_name\" content=\"Danby - Canada - French\" \/>\n<meta property=\"article:publisher\" content=\"https:\/\/www.facebook.com\/DanbyAppliances\" \/>\n<meta property=\"article:modified_time\" content=\"2026-04-21T10:12:14+00:00\" \/>\n<meta property=\"og:image\" content=\"https:\/\/cdnweb.danby.com\/wp-content\/uploads\/sites\/2\/2022\/02\/08231015\/DPA140HE3BDB-6.jpg\" \/>\n\t<meta property=\"og:image:width\" content=\"476\" \/>\n\t<meta property=\"og:image:height\" content=\"706\" \/>\n\t<meta property=\"og:image:type\" content=\"image\/jpeg\" \/>\n<meta name=\"twitter:card\" content=\"summary_large_image\" \/>\n<meta name=\"twitter:site\" content=\"@DanbyAppliance\" \/>\n<script type=\"application\/ld+json\" class=\"yoast-schema-graph\">{\"@context\":\"https:\/\/schema.org\",\"@graph\":[{\"@type\":[\"WebPage\",\"ItemPage\"],\"url\":\"https:\/\/www.danby.com\/fr\/products\/climatiseurs-portatifs\/dpa140he3bdb-6\/\",\"name\":\"Danby 14,000 BTU Climatiseurs portatif - DPA140HE3BDB-6 | Danby Canada\",\"isPartOf\":[],\"primaryImageOfPage\":[],\"image\":[],\"thumbnailUrl\":\"https:\/\/cdnweb.danby.com\/wp-content\/uploads\/sites\/2\/2022\/02\/08231015\/DPA140HE3BDB-6.jpg\",\"datePublished\":\"2022-02-03T19:20:08+00:00\",\"dateModified\":\"2026-04-21T10:12:14+00:00\",\"description\":\"Ce conditionneur d\u2019air portable de 14 000 BTU (7 900 SACC) de Danby est id\u00e9al pour le refroidissement des salles de superficie allant jusqu\u2019\u00e0 700 pieds carr\u00e9s. Les quatre roulettes de cette unit\u00e9 permettent de la d\u00e9placer facilement de pi\u00e8ce en pi\u00e8ce et la conception \u00e0 flexible unique \u00e9vacue efficacement l\u2019air humide chaud vers l\u2019ext\u00e9rieur. L\u2019affichage LED et le ch\u00e2ssis translucide permettent des r\u00e9glages sans effort. La minuterie programmable sur 24 heures permet de mieux contr\u00f4ler le fonctionnement de l\u2019unit\u00e9, ce qui permet de r\u00e9duire les co\u00fbts et de faire des \u00e9conomies sur sa facture d\u2019\u00e9lectricit\u00e9 mensuelle. Pour optimiser votre confort chez vous, cette unit\u00e9 est dot\u00e9e d\u2019une conception 4-en-1 : un conditionneur d\u2019air, un ventilateur et un d\u00e9shumidificateur pour garantir \u00e0 vos invit\u00e9s et vous un confort optimal, quelle que soit la m\u00e9t\u00e9o \u00e0 l\u2019ext\u00e9rieur. La fonction Pompe \u00e0 chaleur peut \u00eatre r\u00e9gl\u00e9e entre 13 et environ 27 \u00b0C (55 \u00b0F-81 \u00b0F) **Capacit\u00e9 de refroidissement \u00e0 r\u00e9glage d\u00e9saisonnalis\u00e9 (SACC)\",\"breadcrumb\":[],\"inLanguage\":\"fr-CA\",\"potentialAction\":[{\"@type\":\"ReadAction\",\"target\":[\"https:\/\/www.danby.com\/fr\/products\/climatiseurs-portatifs\/dpa140he3bdb-6\/\"]}]},{\"@type\":\"ImageObject\",\"inLanguage\":\"fr-CA\",\"url\":\"https:\/\/cdnweb.danby.com\/wp-content\/uploads\/sites\/2\/2022\/02\/08231015\/DPA140HE3BDB-6.jpg\",\"contentUrl\":\"https:\/\/cdnweb.danby.com\/wp-content\/uploads\/sites\/2\/2022\/02\/08231015\/DPA140HE3BDB-6.jpg\",\"width\":476,\"height\":706},{\"@type\":\"BreadcrumbList\",\"itemListElement\":[{\"@type\":\"ListItem\",\"position\":1,\"name\":\"Home\",\"item\":\"https:\/\/www.danby.com\/fr\/\"},{\"@type\":\"ListItem\",\"position\":2,\"name\":\"Boutique\",\"item\":\"https:\/\/www.danby.com\/fr\/boutique\/\"},{\"@type\":\"ListItem\",\"position\":3,\"name\":\"Danby 14,000 BTU Climatiseurs portatif\"}]},{\"@type\":\"WebSite\",\"url\":\"https:\/\/www.danby.com\/fr\/\",\"name\":\"Danby - Canada - French\",\"description\":\"Leader dans le domaine de la r\u00e9frig\u00e9ration et des appareils sp\u00e9cialis\u00e9s\",\"publisher\":[],\"potentialAction\":[{\"@type\":\"SearchAction\",\"target\":{\"@type\":\"EntryPoint\",\"urlTemplate\":\"https:\/\/www.danby.com\/fr\/?s={search_term_string}\"},\"query-input\":{\"@type\":\"PropertyValueSpecification\",\"valueRequired\":true,\"valueName\":\"search_term_string\"}}],\"inLanguage\":\"fr-CA\"},{\"@type\":\"Organization\",\"name\":\"Danby Appliances\",\"url\":\"https:\/\/www.danby.com\/fr\/\",\"logo\":{\"@type\":\"ImageObject\",\"inLanguage\":\"fr-CA\",\"url\":\"https:\/\/cdnweb.danby.com\/wp-content\/uploads\/sites\/2\/2022\/02\/10141906\/Danby75Ans_Blue.png\",\"contentUrl\":\"https:\/\/cdnweb.danby.com\/wp-content\/uploads\/sites\/2\/2022\/02\/10141906\/Danby75Ans_Blue.png\",\"width\":470,\"height\":110,\"caption\":\"Danby Appliances\"},\"image\":[],\"sameAs\":[\"https:\/\/www.facebook.com\/DanbyAppliances\",\"https:\/\/x.com\/DanbyAppliance\",\"https:\/\/instagram.com\/danbyappliances\/\",\"https:\/\/www.linkedin.com\/company\/danbyappliances\",\"https:\/\/www.pinterest.ca\/danbyappliances\/\",\"https:\/\/www.youtube.com\/user\/DanbyProducts\",\"https:\/\/en.wikipedia.org\/wiki\/Danby_(appliances)\"]}]}<\/script>\n<!-- \/ Yoast SEO plugin. -->","yoast_head_json":{"title":"Danby 14,000 BTU Climatiseurs portatif - DPA140HE3BDB-6 | Danby Canada","description":"Ce conditionneur d\u2019air portable de 14 000 BTU (7 900 SACC) de Danby est id\u00e9al pour le refroidissement des salles de superficie allant jusqu\u2019\u00e0 700 pieds carr\u00e9s. Les quatre roulettes de cette unit\u00e9 permettent de la d\u00e9placer facilement de pi\u00e8ce en pi\u00e8ce et la conception \u00e0 flexible unique \u00e9vacue efficacement l\u2019air humide chaud vers l\u2019ext\u00e9rieur. L\u2019affichage LED et le ch\u00e2ssis translucide permettent des r\u00e9glages sans effort. La minuterie programmable sur 24 heures permet de mieux contr\u00f4ler le fonctionnement de l\u2019unit\u00e9, ce qui permet de r\u00e9duire les co\u00fbts et de faire des \u00e9conomies sur sa facture d\u2019\u00e9lectricit\u00e9 mensuelle. Pour optimiser votre confort chez vous, cette unit\u00e9 est dot\u00e9e d\u2019une conception 4-en-1 : un conditionneur d\u2019air, un ventilateur et un d\u00e9shumidificateur pour garantir \u00e0 vos invit\u00e9s et vous un confort optimal, quelle que soit la m\u00e9t\u00e9o \u00e0 l\u2019ext\u00e9rieur. La fonction Pompe \u00e0 chaleur peut \u00eatre r\u00e9gl\u00e9e entre 13 et environ 27 \u00b0C (55 \u00b0F-81 \u00b0F) **Capacit\u00e9 de refroidissement \u00e0 r\u00e9glage d\u00e9saisonnalis\u00e9 (SACC)","robots":{"index":"index","follow":"follow","max-snippet":"max-snippet:-1","max-image-preview":"max-image-preview:large","max-video-preview":"max-video-preview:-1"},"canonical":"https:\/\/www.danby.com\/fr\/products\/climatiseurs-portatifs\/dpa140he3bdb-6\/","og_locale":"fr_CA","og_type":"article","og_title":"Danby 14,000 BTU Climatiseurs portatif - DPA140HE3BDB-6 | Danby Canada","og_description":"Ce conditionneur d\u2019air portable de 14 000 BTU (7 900 SACC) de Danby est id\u00e9al pour le refroidissement des salles de superficie allant jusqu\u2019\u00e0 700 pieds carr\u00e9s. Les quatre roulettes de cette unit\u00e9 permettent de la d\u00e9placer facilement de pi\u00e8ce en pi\u00e8ce et la conception \u00e0 flexible unique \u00e9vacue efficacement l\u2019air humide chaud vers l\u2019ext\u00e9rieur. L\u2019affichage LED et le ch\u00e2ssis translucide permettent des r\u00e9glages sans effort. La minuterie programmable sur 24 heures permet de mieux contr\u00f4ler le fonctionnement de l\u2019unit\u00e9, ce qui permet de r\u00e9duire les co\u00fbts et de faire des \u00e9conomies sur sa facture d\u2019\u00e9lectricit\u00e9 mensuelle. Pour optimiser votre confort chez vous, cette unit\u00e9 est dot\u00e9e d\u2019une conception 4-en-1 : un conditionneur d\u2019air, un ventilateur et un d\u00e9shumidificateur pour garantir \u00e0 vos invit\u00e9s et vous un confort optimal, quelle que soit la m\u00e9t\u00e9o \u00e0 l\u2019ext\u00e9rieur. La fonction Pompe \u00e0 chaleur peut \u00eatre r\u00e9gl\u00e9e entre 13 et environ 27 \u00b0C (55 \u00b0F-81 \u00b0F) **Capacit\u00e9 de refroidissement \u00e0 r\u00e9glage d\u00e9saisonnalis\u00e9 (SACC)","og_url":"https:\/\/www.danby.com\/fr\/products\/climatiseurs-portatifs\/dpa140he3bdb-6\/","og_site_name":"Danby - Canada - French","article_publisher":"https:\/\/www.facebook.com\/DanbyAppliances","article_modified_time":"2026-04-21T10:12:14+00:00","og_image":[{"width":476,"height":706,"url":"https:\/\/cdnweb.danby.com\/wp-content\/uploads\/sites\/2\/2022\/02\/08231015\/DPA140HE3BDB-6.jpg","type":"image\/jpeg"}],"twitter_card":"summary_large_image","twitter_site":"@DanbyAppliance","schema":{"@context":"https:\/\/schema.org","@graph":[{"@type":["WebPage","ItemPage"],"url":"https:\/\/www.danby.com\/fr\/products\/climatiseurs-portatifs\/dpa140he3bdb-6\/","name":"Danby 14,000 BTU Climatiseurs portatif - DPA140HE3BDB-6 | Danby Canada","isPartOf":[],"primaryImageOfPage":[],"image":[],"thumbnailUrl":"https:\/\/cdnweb.danby.com\/wp-content\/uploads\/sites\/2\/2022\/02\/08231015\/DPA140HE3BDB-6.jpg","datePublished":"2022-02-03T19:20:08+00:00","dateModified":"2026-04-21T10:12:14+00:00","description":"Ce conditionneur d\u2019air portable de 14 000 BTU (7 900 SACC) de Danby est id\u00e9al pour le refroidissement des salles de superficie allant jusqu\u2019\u00e0 700 pieds carr\u00e9s. Les quatre roulettes de cette unit\u00e9 permettent de la d\u00e9placer facilement de pi\u00e8ce en pi\u00e8ce et la conception \u00e0 flexible unique \u00e9vacue efficacement l\u2019air humide chaud vers l\u2019ext\u00e9rieur. L\u2019affichage LED et le ch\u00e2ssis translucide permettent des r\u00e9glages sans effort. La minuterie programmable sur 24 heures permet de mieux contr\u00f4ler le fonctionnement de l\u2019unit\u00e9, ce qui permet de r\u00e9duire les co\u00fbts et de faire des \u00e9conomies sur sa facture d\u2019\u00e9lectricit\u00e9 mensuelle. Pour optimiser votre confort chez vous, cette unit\u00e9 est dot\u00e9e d\u2019une conception 4-en-1 : un conditionneur d\u2019air, un ventilateur et un d\u00e9shumidificateur pour garantir \u00e0 vos invit\u00e9s et vous un confort optimal, quelle que soit la m\u00e9t\u00e9o \u00e0 l\u2019ext\u00e9rieur. La fonction Pompe \u00e0 chaleur peut \u00eatre r\u00e9gl\u00e9e entre 13 et environ 27 \u00b0C (55 \u00b0F-81 \u00b0F) **Capacit\u00e9 de refroidissement \u00e0 r\u00e9glage d\u00e9saisonnalis\u00e9 (SACC)","breadcrumb":[],"inLanguage":"fr-CA","potentialAction":[{"@type":"ReadAction","target":["https:\/\/www.danby.com\/fr\/products\/climatiseurs-portatifs\/dpa140he3bdb-6\/"]}]},{"@type":"ImageObject","inLanguage":"fr-CA","url":"https:\/\/cdnweb.danby.com\/wp-content\/uploads\/sites\/2\/2022\/02\/08231015\/DPA140HE3BDB-6.jpg","contentUrl":"https:\/\/cdnweb.danby.com\/wp-content\/uploads\/sites\/2\/2022\/02\/08231015\/DPA140HE3BDB-6.jpg","width":476,"height":706},{"@type":"BreadcrumbList","itemListElement":[{"@type":"ListItem","position":1,"name":"Home","item":"https:\/\/www.danby.com\/fr\/"},{"@type":"ListItem","position":2,"name":"Boutique","item":"https:\/\/www.danby.com\/fr\/boutique\/"},{"@type":"ListItem","position":3,"name":"Danby 14,000 BTU Climatiseurs portatif"}]},{"@type":"WebSite","url":"https:\/\/www.danby.com\/fr\/","name":"Danby - Canada - French","description":"Leader dans le domaine de la r\u00e9frig\u00e9ration et des appareils sp\u00e9cialis\u00e9s","publisher":[],"potentialAction":[{"@type":"SearchAction","target":{"@type":"EntryPoint","urlTemplate":"https:\/\/www.danby.com\/fr\/?s={search_term_string}"},"query-input":{"@type":"PropertyValueSpecification","valueRequired":true,"valueName":"search_term_string"}}],"inLanguage":"fr-CA"},{"@type":"Organization","name":"Danby Appliances","url":"https:\/\/www.danby.com\/fr\/","logo":{"@type":"ImageObject","inLanguage":"fr-CA","url":"https:\/\/cdnweb.danby.com\/wp-content\/uploads\/sites\/2\/2022\/02\/10141906\/Danby75Ans_Blue.png","contentUrl":"https:\/\/cdnweb.danby.com\/wp-content\/uploads\/sites\/2\/2022\/02\/10141906\/Danby75Ans_Blue.png","width":470,"height":110,"caption":"Danby Appliances"},"image":[],"sameAs":["https:\/\/www.facebook.com\/DanbyAppliances","https:\/\/x.com\/DanbyAppliance","https:\/\/instagram.com\/danbyappliances\/","https:\/\/www.linkedin.com\/company\/danbyappliances","https:\/\/www.pinterest.ca\/danbyappliances\/","https:\/\/www.youtube.com\/user\/DanbyProducts","https:\/\/en.wikipedia.org\/wiki\/Danby_(appliances)"]}]}},"post_mailing_queue_ids":[],"_links":{"self":[{"href":"https:\/\/www.danby.com\/fr\/wp-json\/wp\/v2\/product\/5140","targetHints":{"allow":["GET"]}}],"collection":[{"href":"https:\/\/www.danby.com\/fr\/wp-json\/wp\/v2\/product"}],"about":[{"href":"https:\/\/www.danby.com\/fr\/wp-json\/wp\/v2\/types\/product"}],"replies":[{"embeddable":true,"href":"https:\/\/www.danby.com\/fr\/wp-json\/wp\/v2\/comments?post=5140"}],"wp:featuredmedia":[{"embeddable":true,"href":"https:\/\/www.danby.com\/fr\/wp-json\/wp\/v2\/media\/10393"}],"wp:attachment":[{"href":"https:\/\/www.danby.com\/fr\/wp-json\/wp\/v2\/media?parent=5140"}],"wp:term":[{"taxonomy":"product_brand","embeddable":true,"href":"https:\/\/www.danby.com\/fr\/wp-json\/wp\/v2\/product_brand?post=5140"},{"taxonomy":"product_cat","embeddable":true,"href":"https:\/\/www.danby.com\/fr\/wp-json\/wp\/v2\/product_cat?post=5140"},{"taxonomy":"product_tag","embeddable":true,"href":"https:\/\/www.danby.com\/fr\/wp-json\/wp\/v2\/product_tag?post=5140"}],"curies":[{"name":"wp","href":"https:\/\/api.w.org\/{rel}","templated":true}]}}