{"id":5139,"date":"2022-02-03T19:20:08","date_gmt":"2022-02-03T19:20:08","guid":{"rendered":"https:\/\/www.danby.com\/fr\/product\/dpa140hcb1wdd\/"},"modified":"2026-04-04T10:04:09","modified_gmt":"2026-04-04T10:04:09","slug":"dpa140hcb1wdd","status":"publish","type":"product","link":"https:\/\/www.danby.com\/fr\/products\/climatiseurs-portatifs\/dpa140hcb1wdd\/","title":{"rendered":"Danby Designer 14000 BTU Climatiseurs portatif"},"content":{"rendered":"","protected":false},"excerpt":{"rendered":"<ul>\n<li>Climatiseur portatif 4-en-1 de 14 000 BTU  <\/li>\n<li>Capable de refroidir des espaces jusqu\u2019\u00e0 700 pi ca <\/li>\n<li>R\u00e9frig\u00e9rant \u00e9cologique R410A <\/li>\n<li>Conception de tuyau simple <\/li>\n<li>Filtre \u00e0 air amovible <\/li>\n<li>R\u00e9glage \u00e9lectronique avec t\u00e9l\u00e9commande et affichage \u00e0 DEL  <\/li>\n<li>Mode d\u00e9shumidificateur avec \u00e9vacuation directe permet de r\u00e9gler l\u2019humidit\u00e9 dans les surfaces d\u2019habitation de taille grande <\/li>\n<li>Mode chauffage de 11 000 BTU Mise en marche\/arr\u00eat automatique : Vous permet de d\u00e9marrer ou d\u2019arr\u00eater l\u2019appareil selon vos besoins    <\/li>\n<li>Oscillation automatique <\/li>\n<li>Les poign\u00e9es et les roulettes int\u00e9gr\u00e9es permettent un d\u00e9placement facile d\u2019une pi\u00e8ce \u00e0 l\u2019autre <\/li>\n<li>S\u2019int\u00e8gre facilement dans des portes coulissantes en verre, dans des fen\u00eatres coulissantes, et dans des fen\u00eatres \u00e0 guillotine \u00e0 deux ch\u00e2ssis mobiles <\/li>\n<li>Longueur du tuyau d\u2019\u00e9vacuation : 59 1\/16 po (150 cm) <\/li>\n<li>R\u00e9glage de temp\u00e9rature variable entre 17 \u00b0C et 30 \u00b0C (62 \u00b0F et 86 \u00b0F)   <\/li>\n<\/ul>\n","protected":false},"featured_media":8600,"comment_status":"closed","ping_status":"open","template":"","meta":{"_acf_changed":false},"product_brand":[],"product_cat":[35],"product_tag":[],"class_list":{"0":"post-5139","1":"product","2":"type-product","3":"status-publish","4":"has-post-thumbnail","6":"product_cat-climatiseurs-portatifs","8":"first","9":"outofstock","10":"taxable","11":"shipping-taxable","12":"product-type-simple"},"acf":[],"yoast_head":"<!-- This site is optimized with the Yoast SEO plugin v26.7 - https:\/\/yoast.com\/wordpress\/plugins\/seo\/ -->\n<title>Danby Designer 14000 BTU Climatiseurs portatif - DPA140HCB1WDD | Danby Canada<\/title>\n<meta name=\"description\" content=\"Tous les \u00e9l\u00e9ments de ce climatiseur portatif de grande taille signalent la fra\u00eecheur, de son apparence \u00e9l\u00e9gante \u00e0 son fonctionnement efficace. Cet appareil intelligent gardera des espaces allant jusqu\u2019\u00e0 700 pieds carr\u00e9s le plus rafra\u00eechissant et confortable possible lors des jours chauds et humides d\u2019\u00e9t\u00e9. L\u2019appareil \u00e9co\u00e9nerg\u00e9tique de 14 000 BTU est tr\u00e8s polyvalent, et il est facile \u00e0 d\u00e9placer d\u2019une pi\u00e8ce \u00e0 l\u2019autre gr\u00e2ce \u00e0 ses roulettes solides. L\u2019unit\u00e9 dispose de trois vitesses de ventilateur diff\u00e9rentes qui peuvent \u00eatre programm\u00e9es et r\u00e9gl\u00e9es en utilisant l\u2019afficheur \u00e0 DEL \u00e9lectronique facile \u00e0 lire, aussi bien que la t\u00e9l\u00e9commande commode. Le r\u00e9frig\u00e9rant R410A assure que le climatiseur est \u00e9cologique par rapport \u00e0 la couche d\u2019ozone, et la caract\u00e9ristique ing\u00e9nieuse de mise en marche\/arr\u00eat automatique vous permet de programmer l\u2019appareil selon vos besoins. Le syst\u00e8me d\u2019\u00e9vacuation directe est capable de traiter 105 chopines d\u2019eau toutes les 24 heures, pendant que la garantie de 18 mois sur les pi\u00e8ces et la main d\u2019\u0153uvre assure que ce climatiseur superbe pique encore plus la curiosit\u00e9.\" \/>\n<meta name=\"robots\" content=\"index, follow, max-snippet:-1, max-image-preview:large, max-video-preview:-1\" \/>\n<link rel=\"canonical\" href=\"https:\/\/www.danby.com\/fr\/products\/climatiseurs-portatifs\/dpa140hcb1wdd\/\" \/>\n<meta property=\"og:locale\" content=\"fr_CA\" \/>\n<meta property=\"og:type\" content=\"article\" \/>\n<meta property=\"og:title\" content=\"Danby Designer 14000 BTU Climatiseurs portatif - DPA140HCB1WDD | Danby Canada\" \/>\n<meta property=\"og:description\" content=\"Tous les \u00e9l\u00e9ments de ce climatiseur portatif de grande taille signalent la fra\u00eecheur, de son apparence \u00e9l\u00e9gante \u00e0 son fonctionnement efficace. Cet appareil intelligent gardera des espaces allant jusqu\u2019\u00e0 700 pieds carr\u00e9s le plus rafra\u00eechissant et confortable possible lors des jours chauds et humides d\u2019\u00e9t\u00e9. L\u2019appareil \u00e9co\u00e9nerg\u00e9tique de 14 000 BTU est tr\u00e8s polyvalent, et il est facile \u00e0 d\u00e9placer d\u2019une pi\u00e8ce \u00e0 l\u2019autre gr\u00e2ce \u00e0 ses roulettes solides. L\u2019unit\u00e9 dispose de trois vitesses de ventilateur diff\u00e9rentes qui peuvent \u00eatre programm\u00e9es et r\u00e9gl\u00e9es en utilisant l\u2019afficheur \u00e0 DEL \u00e9lectronique facile \u00e0 lire, aussi bien que la t\u00e9l\u00e9commande commode. Le r\u00e9frig\u00e9rant R410A assure que le climatiseur est \u00e9cologique par rapport \u00e0 la couche d\u2019ozone, et la caract\u00e9ristique ing\u00e9nieuse de mise en marche\/arr\u00eat automatique vous permet de programmer l\u2019appareil selon vos besoins. Le syst\u00e8me d\u2019\u00e9vacuation directe est capable de traiter 105 chopines d\u2019eau toutes les 24 heures, pendant que la garantie de 18 mois sur les pi\u00e8ces et la main d\u2019\u0153uvre assure que ce climatiseur superbe pique encore plus la curiosit\u00e9.\" \/>\n<meta property=\"og:url\" content=\"https:\/\/www.danby.com\/fr\/products\/climatiseurs-portatifs\/dpa140hcb1wdd\/\" \/>\n<meta property=\"og:site_name\" content=\"Danby - Canada - French\" \/>\n<meta property=\"article:publisher\" content=\"https:\/\/www.facebook.com\/DanbyAppliances\" \/>\n<meta property=\"article:modified_time\" content=\"2026-04-04T10:04:09+00:00\" \/>\n<meta property=\"og:image\" content=\"https:\/\/cdnweb.danby.com\/wp-content\/uploads\/sites\/2\/2022\/02\/08205657\/Medium-DPA140HB1WDD.jpg\" \/>\n\t<meta property=\"og:image:width\" content=\"300\" \/>\n\t<meta property=\"og:image:height\" content=\"272\" \/>\n\t<meta property=\"og:image:type\" content=\"image\/jpeg\" \/>\n<meta name=\"twitter:card\" content=\"summary_large_image\" \/>\n<meta name=\"twitter:site\" content=\"@DanbyAppliance\" \/>\n<script type=\"application\/ld+json\" class=\"yoast-schema-graph\">{\"@context\":\"https:\/\/schema.org\",\"@graph\":[{\"@type\":[\"WebPage\",\"ItemPage\"],\"url\":\"https:\/\/www.danby.com\/fr\/products\/climatiseurs-portatifs\/dpa140hcb1wdd\/\",\"name\":\"Danby Designer 14000 BTU Climatiseurs portatif - DPA140HCB1WDD | Danby Canada\",\"isPartOf\":[],\"primaryImageOfPage\":[],\"image\":[],\"thumbnailUrl\":\"https:\/\/cdnweb.danby.com\/wp-content\/uploads\/sites\/2\/2022\/02\/08205657\/Medium-DPA140HB1WDD.jpg\",\"datePublished\":\"2022-02-03T19:20:08+00:00\",\"dateModified\":\"2026-04-04T10:04:09+00:00\",\"description\":\"Tous les \u00e9l\u00e9ments de ce climatiseur portatif de grande taille signalent la fra\u00eecheur, de son apparence \u00e9l\u00e9gante \u00e0 son fonctionnement efficace. Cet appareil intelligent gardera des espaces allant jusqu\u2019\u00e0 700 pieds carr\u00e9s le plus rafra\u00eechissant et confortable possible lors des jours chauds et humides d\u2019\u00e9t\u00e9. L\u2019appareil \u00e9co\u00e9nerg\u00e9tique de 14 000 BTU est tr\u00e8s polyvalent, et il est facile \u00e0 d\u00e9placer d\u2019une pi\u00e8ce \u00e0 l\u2019autre gr\u00e2ce \u00e0 ses roulettes solides. L\u2019unit\u00e9 dispose de trois vitesses de ventilateur diff\u00e9rentes qui peuvent \u00eatre programm\u00e9es et r\u00e9gl\u00e9es en utilisant l\u2019afficheur \u00e0 DEL \u00e9lectronique facile \u00e0 lire, aussi bien que la t\u00e9l\u00e9commande commode. Le r\u00e9frig\u00e9rant R410A assure que le climatiseur est \u00e9cologique par rapport \u00e0 la couche d\u2019ozone, et la caract\u00e9ristique ing\u00e9nieuse de mise en marche\/arr\u00eat automatique vous permet de programmer l\u2019appareil selon vos besoins. Le syst\u00e8me d\u2019\u00e9vacuation directe est capable de traiter 105 chopines d\u2019eau toutes les 24 heures, pendant que la garantie de 18 mois sur les pi\u00e8ces et la main d\u2019\u0153uvre assure que ce climatiseur superbe pique encore plus la curiosit\u00e9.\",\"breadcrumb\":[],\"inLanguage\":\"fr-CA\",\"potentialAction\":[{\"@type\":\"ReadAction\",\"target\":[\"https:\/\/www.danby.com\/fr\/products\/climatiseurs-portatifs\/dpa140hcb1wdd\/\"]}]},{\"@type\":\"ImageObject\",\"inLanguage\":\"fr-CA\",\"url\":\"https:\/\/cdnweb.danby.com\/wp-content\/uploads\/sites\/2\/2022\/02\/08205657\/Medium-DPA140HB1WDD.jpg\",\"contentUrl\":\"https:\/\/cdnweb.danby.com\/wp-content\/uploads\/sites\/2\/2022\/02\/08205657\/Medium-DPA140HB1WDD.jpg\",\"width\":300,\"height\":272},{\"@type\":\"BreadcrumbList\",\"itemListElement\":[{\"@type\":\"ListItem\",\"position\":1,\"name\":\"Home\",\"item\":\"https:\/\/www.danby.com\/fr\/\"},{\"@type\":\"ListItem\",\"position\":2,\"name\":\"Boutique\",\"item\":\"https:\/\/www.danby.com\/fr\/boutique\/\"},{\"@type\":\"ListItem\",\"position\":3,\"name\":\"Danby Designer 14000 BTU Climatiseurs portatif\"}]},{\"@type\":\"WebSite\",\"url\":\"https:\/\/www.danby.com\/fr\/\",\"name\":\"Danby - Canada - French\",\"description\":\"Leader dans le domaine de la r\u00e9frig\u00e9ration et des appareils sp\u00e9cialis\u00e9s\",\"publisher\":[],\"potentialAction\":[{\"@type\":\"SearchAction\",\"target\":{\"@type\":\"EntryPoint\",\"urlTemplate\":\"https:\/\/www.danby.com\/fr\/?s={search_term_string}\"},\"query-input\":{\"@type\":\"PropertyValueSpecification\",\"valueRequired\":true,\"valueName\":\"search_term_string\"}}],\"inLanguage\":\"fr-CA\"},{\"@type\":\"Organization\",\"name\":\"Danby Appliances\",\"url\":\"https:\/\/www.danby.com\/fr\/\",\"logo\":{\"@type\":\"ImageObject\",\"inLanguage\":\"fr-CA\",\"url\":\"https:\/\/cdnweb.danby.com\/wp-content\/uploads\/sites\/2\/2022\/02\/10141906\/Danby75Ans_Blue.png\",\"contentUrl\":\"https:\/\/cdnweb.danby.com\/wp-content\/uploads\/sites\/2\/2022\/02\/10141906\/Danby75Ans_Blue.png\",\"width\":470,\"height\":110,\"caption\":\"Danby Appliances\"},\"image\":[],\"sameAs\":[\"https:\/\/www.facebook.com\/DanbyAppliances\",\"https:\/\/x.com\/DanbyAppliance\",\"https:\/\/instagram.com\/danbyappliances\/\",\"https:\/\/www.linkedin.com\/company\/danbyappliances\",\"https:\/\/www.pinterest.ca\/danbyappliances\/\",\"https:\/\/www.youtube.com\/user\/DanbyProducts\",\"https:\/\/en.wikipedia.org\/wiki\/Danby_(appliances)\"]}]}<\/script>\n<!-- \/ Yoast SEO plugin. -->","yoast_head_json":{"title":"Danby Designer 14000 BTU Climatiseurs portatif - DPA140HCB1WDD | Danby Canada","description":"Tous les \u00e9l\u00e9ments de ce climatiseur portatif de grande taille signalent la fra\u00eecheur, de son apparence \u00e9l\u00e9gante \u00e0 son fonctionnement efficace. Cet appareil intelligent gardera des espaces allant jusqu\u2019\u00e0 700 pieds carr\u00e9s le plus rafra\u00eechissant et confortable possible lors des jours chauds et humides d\u2019\u00e9t\u00e9. L\u2019appareil \u00e9co\u00e9nerg\u00e9tique de 14 000 BTU est tr\u00e8s polyvalent, et il est facile \u00e0 d\u00e9placer d\u2019une pi\u00e8ce \u00e0 l\u2019autre gr\u00e2ce \u00e0 ses roulettes solides. L\u2019unit\u00e9 dispose de trois vitesses de ventilateur diff\u00e9rentes qui peuvent \u00eatre programm\u00e9es et r\u00e9gl\u00e9es en utilisant l\u2019afficheur \u00e0 DEL \u00e9lectronique facile \u00e0 lire, aussi bien que la t\u00e9l\u00e9commande commode. Le r\u00e9frig\u00e9rant R410A assure que le climatiseur est \u00e9cologique par rapport \u00e0 la couche d\u2019ozone, et la caract\u00e9ristique ing\u00e9nieuse de mise en marche\/arr\u00eat automatique vous permet de programmer l\u2019appareil selon vos besoins. Le syst\u00e8me d\u2019\u00e9vacuation directe est capable de traiter 105 chopines d\u2019eau toutes les 24 heures, pendant que la garantie de 18 mois sur les pi\u00e8ces et la main d\u2019\u0153uvre assure que ce climatiseur superbe pique encore plus la curiosit\u00e9.","robots":{"index":"index","follow":"follow","max-snippet":"max-snippet:-1","max-image-preview":"max-image-preview:large","max-video-preview":"max-video-preview:-1"},"canonical":"https:\/\/www.danby.com\/fr\/products\/climatiseurs-portatifs\/dpa140hcb1wdd\/","og_locale":"fr_CA","og_type":"article","og_title":"Danby Designer 14000 BTU Climatiseurs portatif - DPA140HCB1WDD | Danby Canada","og_description":"Tous les \u00e9l\u00e9ments de ce climatiseur portatif de grande taille signalent la fra\u00eecheur, de son apparence \u00e9l\u00e9gante \u00e0 son fonctionnement efficace. Cet appareil intelligent gardera des espaces allant jusqu\u2019\u00e0 700 pieds carr\u00e9s le plus rafra\u00eechissant et confortable possible lors des jours chauds et humides d\u2019\u00e9t\u00e9. L\u2019appareil \u00e9co\u00e9nerg\u00e9tique de 14 000 BTU est tr\u00e8s polyvalent, et il est facile \u00e0 d\u00e9placer d\u2019une pi\u00e8ce \u00e0 l\u2019autre gr\u00e2ce \u00e0 ses roulettes solides. L\u2019unit\u00e9 dispose de trois vitesses de ventilateur diff\u00e9rentes qui peuvent \u00eatre programm\u00e9es et r\u00e9gl\u00e9es en utilisant l\u2019afficheur \u00e0 DEL \u00e9lectronique facile \u00e0 lire, aussi bien que la t\u00e9l\u00e9commande commode. Le r\u00e9frig\u00e9rant R410A assure que le climatiseur est \u00e9cologique par rapport \u00e0 la couche d\u2019ozone, et la caract\u00e9ristique ing\u00e9nieuse de mise en marche\/arr\u00eat automatique vous permet de programmer l\u2019appareil selon vos besoins. Le syst\u00e8me d\u2019\u00e9vacuation directe est capable de traiter 105 chopines d\u2019eau toutes les 24 heures, pendant que la garantie de 18 mois sur les pi\u00e8ces et la main d\u2019\u0153uvre assure que ce climatiseur superbe pique encore plus la curiosit\u00e9.","og_url":"https:\/\/www.danby.com\/fr\/products\/climatiseurs-portatifs\/dpa140hcb1wdd\/","og_site_name":"Danby - Canada - French","article_publisher":"https:\/\/www.facebook.com\/DanbyAppliances","article_modified_time":"2026-04-04T10:04:09+00:00","og_image":[{"width":300,"height":272,"url":"https:\/\/cdnweb.danby.com\/wp-content\/uploads\/sites\/2\/2022\/02\/08205657\/Medium-DPA140HB1WDD.jpg","type":"image\/jpeg"}],"twitter_card":"summary_large_image","twitter_site":"@DanbyAppliance","schema":{"@context":"https:\/\/schema.org","@graph":[{"@type":["WebPage","ItemPage"],"url":"https:\/\/www.danby.com\/fr\/products\/climatiseurs-portatifs\/dpa140hcb1wdd\/","name":"Danby Designer 14000 BTU Climatiseurs portatif - DPA140HCB1WDD | Danby Canada","isPartOf":[],"primaryImageOfPage":[],"image":[],"thumbnailUrl":"https:\/\/cdnweb.danby.com\/wp-content\/uploads\/sites\/2\/2022\/02\/08205657\/Medium-DPA140HB1WDD.jpg","datePublished":"2022-02-03T19:20:08+00:00","dateModified":"2026-04-04T10:04:09+00:00","description":"Tous les \u00e9l\u00e9ments de ce climatiseur portatif de grande taille signalent la fra\u00eecheur, de son apparence \u00e9l\u00e9gante \u00e0 son fonctionnement efficace. Cet appareil intelligent gardera des espaces allant jusqu\u2019\u00e0 700 pieds carr\u00e9s le plus rafra\u00eechissant et confortable possible lors des jours chauds et humides d\u2019\u00e9t\u00e9. L\u2019appareil \u00e9co\u00e9nerg\u00e9tique de 14 000 BTU est tr\u00e8s polyvalent, et il est facile \u00e0 d\u00e9placer d\u2019une pi\u00e8ce \u00e0 l\u2019autre gr\u00e2ce \u00e0 ses roulettes solides. L\u2019unit\u00e9 dispose de trois vitesses de ventilateur diff\u00e9rentes qui peuvent \u00eatre programm\u00e9es et r\u00e9gl\u00e9es en utilisant l\u2019afficheur \u00e0 DEL \u00e9lectronique facile \u00e0 lire, aussi bien que la t\u00e9l\u00e9commande commode. Le r\u00e9frig\u00e9rant R410A assure que le climatiseur est \u00e9cologique par rapport \u00e0 la couche d\u2019ozone, et la caract\u00e9ristique ing\u00e9nieuse de mise en marche\/arr\u00eat automatique vous permet de programmer l\u2019appareil selon vos besoins. Le syst\u00e8me d\u2019\u00e9vacuation directe est capable de traiter 105 chopines d\u2019eau toutes les 24 heures, pendant que la garantie de 18 mois sur les pi\u00e8ces et la main d\u2019\u0153uvre assure que ce climatiseur superbe pique encore plus la curiosit\u00e9.","breadcrumb":[],"inLanguage":"fr-CA","potentialAction":[{"@type":"ReadAction","target":["https:\/\/www.danby.com\/fr\/products\/climatiseurs-portatifs\/dpa140hcb1wdd\/"]}]},{"@type":"ImageObject","inLanguage":"fr-CA","url":"https:\/\/cdnweb.danby.com\/wp-content\/uploads\/sites\/2\/2022\/02\/08205657\/Medium-DPA140HB1WDD.jpg","contentUrl":"https:\/\/cdnweb.danby.com\/wp-content\/uploads\/sites\/2\/2022\/02\/08205657\/Medium-DPA140HB1WDD.jpg","width":300,"height":272},{"@type":"BreadcrumbList","itemListElement":[{"@type":"ListItem","position":1,"name":"Home","item":"https:\/\/www.danby.com\/fr\/"},{"@type":"ListItem","position":2,"name":"Boutique","item":"https:\/\/www.danby.com\/fr\/boutique\/"},{"@type":"ListItem","position":3,"name":"Danby Designer 14000 BTU Climatiseurs portatif"}]},{"@type":"WebSite","url":"https:\/\/www.danby.com\/fr\/","name":"Danby - Canada - French","description":"Leader dans le domaine de la r\u00e9frig\u00e9ration et des appareils sp\u00e9cialis\u00e9s","publisher":[],"potentialAction":[{"@type":"SearchAction","target":{"@type":"EntryPoint","urlTemplate":"https:\/\/www.danby.com\/fr\/?s={search_term_string}"},"query-input":{"@type":"PropertyValueSpecification","valueRequired":true,"valueName":"search_term_string"}}],"inLanguage":"fr-CA"},{"@type":"Organization","name":"Danby Appliances","url":"https:\/\/www.danby.com\/fr\/","logo":{"@type":"ImageObject","inLanguage":"fr-CA","url":"https:\/\/cdnweb.danby.com\/wp-content\/uploads\/sites\/2\/2022\/02\/10141906\/Danby75Ans_Blue.png","contentUrl":"https:\/\/cdnweb.danby.com\/wp-content\/uploads\/sites\/2\/2022\/02\/10141906\/Danby75Ans_Blue.png","width":470,"height":110,"caption":"Danby Appliances"},"image":[],"sameAs":["https:\/\/www.facebook.com\/DanbyAppliances","https:\/\/x.com\/DanbyAppliance","https:\/\/instagram.com\/danbyappliances\/","https:\/\/www.linkedin.com\/company\/danbyappliances","https:\/\/www.pinterest.ca\/danbyappliances\/","https:\/\/www.youtube.com\/user\/DanbyProducts","https:\/\/en.wikipedia.org\/wiki\/Danby_(appliances)"]}]}},"post_mailing_queue_ids":[],"_links":{"self":[{"href":"https:\/\/www.danby.com\/fr\/wp-json\/wp\/v2\/product\/5139","targetHints":{"allow":["GET"]}}],"collection":[{"href":"https:\/\/www.danby.com\/fr\/wp-json\/wp\/v2\/product"}],"about":[{"href":"https:\/\/www.danby.com\/fr\/wp-json\/wp\/v2\/types\/product"}],"replies":[{"embeddable":true,"href":"https:\/\/www.danby.com\/fr\/wp-json\/wp\/v2\/comments?post=5139"}],"wp:featuredmedia":[{"embeddable":true,"href":"https:\/\/www.danby.com\/fr\/wp-json\/wp\/v2\/media\/8600"}],"wp:attachment":[{"href":"https:\/\/www.danby.com\/fr\/wp-json\/wp\/v2\/media?parent=5139"}],"wp:term":[{"taxonomy":"product_brand","embeddable":true,"href":"https:\/\/www.danby.com\/fr\/wp-json\/wp\/v2\/product_brand?post=5139"},{"taxonomy":"product_cat","embeddable":true,"href":"https:\/\/www.danby.com\/fr\/wp-json\/wp\/v2\/product_cat?post=5139"},{"taxonomy":"product_tag","embeddable":true,"href":"https:\/\/www.danby.com\/fr\/wp-json\/wp\/v2\/product_tag?post=5139"}],"curies":[{"name":"wp","href":"https:\/\/api.w.org\/{rel}","templated":true}]}}