{"id":5138,"date":"2022-02-03T19:20:08","date_gmt":"2022-02-03T19:20:08","guid":{"rendered":"https:\/\/www.danby.com\/fr\/product\/dpa140hb1wdd\/"},"modified":"2026-04-08T09:10:00","modified_gmt":"2026-04-08T09:10:00","slug":"dpa140hb1wdd","status":"publish","type":"product","link":"https:\/\/www.danby.com\/fr\/products\/climatiseurs-portatifs\/dpa140hb1wdd\/","title":{"rendered":"Danby Designer 14000 BTU Climatiseurs portatif"},"content":{"rendered":"","protected":false},"excerpt":{"rendered":"<ul>\n<li>Le climatiseur de 14 000 BTU refroidit environ 700 pieds carr\u00e9s.<\/li>\n<li>R\u00e9frig\u00e9rant R410a \u00e9cologique<\/li>\n<li>Conception \u00e0 tuyau unique<\/li>\n<li>Commandes \u00e9lectroniques avec t\u00e9l\u00e9commande et affichage \u00e0 DEL<\/li>\n<li>3 vitesses de ventilateur<\/li>\n<li>Mise en marche\/arr\u00eat automatique : Faites en sorte que l&#8217;appareil se mette en marche ou s&#8217;arr\u00eate en fonction de votre emploi du temps<\/li>\n<li>Plage de temp\u00e9rature variable de 17\u00b0C \u00e0 30\u00b0C (62\u00b0F \u00e0 86\u00b0F)<\/li>\n<li>Poign\u00e9es et roulettes int\u00e9gr\u00e9es vous permettent de d\u00e9placer facilement l&#8217;appareil d&#8217;une pi\u00e8ce \u00e0 l&#8217;autre<\/li>\n<\/ul>\n","protected":false},"featured_media":7236,"comment_status":"closed","ping_status":"open","template":"","meta":{"_acf_changed":false},"product_brand":[],"product_cat":[35],"product_tag":[],"class_list":{"0":"post-5138","1":"product","2":"type-product","3":"status-publish","4":"has-post-thumbnail","6":"product_cat-climatiseurs-portatifs","7":"pa_duree-de-la-garantie-en-mois-1170","9":"first","10":"outofstock","11":"taxable","12":"shipping-taxable","13":"product-type-simple"},"acf":[],"yoast_head":"<!-- This site is optimized with the Yoast SEO plugin v26.7 - https:\/\/yoast.com\/wordpress\/plugins\/seo\/ -->\n<title>Danby Designer 14000 BTU Climatiseurs portatif - DPA140HB1WDD | Danby Canada<\/title>\n<meta name=\"description\" content=\"Ce climatiseur portatif Danby Designer 14 000 BTU et refroidit chambres jusqu&#039;\u00e0 650 pieds carr\u00e9s . Complet avec une t\u00e9l\u00e9commande , cette unit\u00e9 \u00e9l\u00e9gante dispose d&#039;une minuterie automatique et thermostat \u00e9lectronique pour votre commodit\u00e9. Les roues sur cet appareil le rendent facile \u00e0 d\u00e9placer de pi\u00e8ce en pi\u00e8ce .\" \/>\n<meta name=\"robots\" content=\"index, follow, max-snippet:-1, max-image-preview:large, max-video-preview:-1\" \/>\n<link rel=\"canonical\" href=\"https:\/\/www.danby.com\/fr\/products\/climatiseurs-portatifs\/dpa140hb1wdd\/\" \/>\n<meta property=\"og:locale\" content=\"fr_CA\" \/>\n<meta property=\"og:type\" content=\"article\" \/>\n<meta property=\"og:title\" content=\"Danby Designer 14000 BTU Climatiseurs portatif - DPA140HB1WDD | Danby Canada\" \/>\n<meta property=\"og:description\" content=\"Ce climatiseur portatif Danby Designer 14 000 BTU et refroidit chambres jusqu&#039;\u00e0 650 pieds carr\u00e9s . Complet avec une t\u00e9l\u00e9commande , cette unit\u00e9 \u00e9l\u00e9gante dispose d&#039;une minuterie automatique et thermostat \u00e9lectronique pour votre commodit\u00e9. Les roues sur cet appareil le rendent facile \u00e0 d\u00e9placer de pi\u00e8ce en pi\u00e8ce .\" \/>\n<meta property=\"og:url\" content=\"https:\/\/www.danby.com\/fr\/products\/climatiseurs-portatifs\/dpa140hb1wdd\/\" \/>\n<meta property=\"og:site_name\" content=\"Danby - Canada - French\" \/>\n<meta property=\"article:publisher\" content=\"https:\/\/www.facebook.com\/DanbyAppliances\" \/>\n<meta property=\"article:modified_time\" content=\"2026-04-08T09:10:00+00:00\" \/>\n<meta property=\"og:image\" content=\"https:\/\/cdnweb.danby.com\/wp-content\/uploads\/sites\/2\/2022\/02\/08192245\/Medium-DPA140HB1WDD1.jpg\" \/>\n\t<meta property=\"og:image:width\" content=\"300\" \/>\n\t<meta property=\"og:image:height\" content=\"272\" \/>\n\t<meta property=\"og:image:type\" content=\"image\/jpeg\" \/>\n<meta name=\"twitter:card\" content=\"summary_large_image\" \/>\n<meta name=\"twitter:site\" content=\"@DanbyAppliance\" \/>\n<script type=\"application\/ld+json\" class=\"yoast-schema-graph\">{\"@context\":\"https:\/\/schema.org\",\"@graph\":[{\"@type\":[\"WebPage\",\"ItemPage\"],\"url\":\"https:\/\/www.danby.com\/fr\/products\/climatiseurs-portatifs\/dpa140hb1wdd\/\",\"name\":\"Danby Designer 14000 BTU Climatiseurs portatif - DPA140HB1WDD | Danby Canada\",\"isPartOf\":[],\"primaryImageOfPage\":[],\"image\":[],\"thumbnailUrl\":\"https:\/\/cdnweb.danby.com\/wp-content\/uploads\/sites\/2\/2022\/02\/08192245\/Medium-DPA140HB1WDD1.jpg\",\"datePublished\":\"2022-02-03T19:20:08+00:00\",\"dateModified\":\"2026-04-08T09:10:00+00:00\",\"description\":\"Ce climatiseur portatif Danby Designer 14 000 BTU et refroidit chambres jusqu'\u00e0 650 pieds carr\u00e9s . Complet avec une t\u00e9l\u00e9commande , cette unit\u00e9 \u00e9l\u00e9gante dispose d'une minuterie automatique et thermostat \u00e9lectronique pour votre commodit\u00e9. Les roues sur cet appareil le rendent facile \u00e0 d\u00e9placer de pi\u00e8ce en pi\u00e8ce .\",\"breadcrumb\":[],\"inLanguage\":\"fr-CA\",\"potentialAction\":[{\"@type\":\"ReadAction\",\"target\":[\"https:\/\/www.danby.com\/fr\/products\/climatiseurs-portatifs\/dpa140hb1wdd\/\"]}]},{\"@type\":\"ImageObject\",\"inLanguage\":\"fr-CA\",\"url\":\"https:\/\/cdnweb.danby.com\/wp-content\/uploads\/sites\/2\/2022\/02\/08192245\/Medium-DPA140HB1WDD1.jpg\",\"contentUrl\":\"https:\/\/cdnweb.danby.com\/wp-content\/uploads\/sites\/2\/2022\/02\/08192245\/Medium-DPA140HB1WDD1.jpg\",\"width\":300,\"height\":272},{\"@type\":\"BreadcrumbList\",\"itemListElement\":[{\"@type\":\"ListItem\",\"position\":1,\"name\":\"Home\",\"item\":\"https:\/\/www.danby.com\/fr\/\"},{\"@type\":\"ListItem\",\"position\":2,\"name\":\"Boutique\",\"item\":\"https:\/\/www.danby.com\/fr\/boutique\/\"},{\"@type\":\"ListItem\",\"position\":3,\"name\":\"Danby Designer 14000 BTU Climatiseurs portatif\"}]},{\"@type\":\"WebSite\",\"url\":\"https:\/\/www.danby.com\/fr\/\",\"name\":\"Danby - Canada - French\",\"description\":\"Leader dans le domaine de la r\u00e9frig\u00e9ration et des appareils sp\u00e9cialis\u00e9s\",\"publisher\":[],\"potentialAction\":[{\"@type\":\"SearchAction\",\"target\":{\"@type\":\"EntryPoint\",\"urlTemplate\":\"https:\/\/www.danby.com\/fr\/?s={search_term_string}\"},\"query-input\":{\"@type\":\"PropertyValueSpecification\",\"valueRequired\":true,\"valueName\":\"search_term_string\"}}],\"inLanguage\":\"fr-CA\"},{\"@type\":\"Organization\",\"name\":\"Danby Appliances\",\"url\":\"https:\/\/www.danby.com\/fr\/\",\"logo\":{\"@type\":\"ImageObject\",\"inLanguage\":\"fr-CA\",\"url\":\"https:\/\/cdnweb.danby.com\/wp-content\/uploads\/sites\/2\/2022\/02\/10141906\/Danby75Ans_Blue.png\",\"contentUrl\":\"https:\/\/cdnweb.danby.com\/wp-content\/uploads\/sites\/2\/2022\/02\/10141906\/Danby75Ans_Blue.png\",\"width\":470,\"height\":110,\"caption\":\"Danby Appliances\"},\"image\":[],\"sameAs\":[\"https:\/\/www.facebook.com\/DanbyAppliances\",\"https:\/\/x.com\/DanbyAppliance\",\"https:\/\/instagram.com\/danbyappliances\/\",\"https:\/\/www.linkedin.com\/company\/danbyappliances\",\"https:\/\/www.pinterest.ca\/danbyappliances\/\",\"https:\/\/www.youtube.com\/user\/DanbyProducts\",\"https:\/\/en.wikipedia.org\/wiki\/Danby_(appliances)\"]}]}<\/script>\n<!-- \/ Yoast SEO plugin. -->","yoast_head_json":{"title":"Danby Designer 14000 BTU Climatiseurs portatif - DPA140HB1WDD | Danby Canada","description":"Ce climatiseur portatif Danby Designer 14 000 BTU et refroidit chambres jusqu'\u00e0 650 pieds carr\u00e9s . Complet avec une t\u00e9l\u00e9commande , cette unit\u00e9 \u00e9l\u00e9gante dispose d'une minuterie automatique et thermostat \u00e9lectronique pour votre commodit\u00e9. Les roues sur cet appareil le rendent facile \u00e0 d\u00e9placer de pi\u00e8ce en pi\u00e8ce .","robots":{"index":"index","follow":"follow","max-snippet":"max-snippet:-1","max-image-preview":"max-image-preview:large","max-video-preview":"max-video-preview:-1"},"canonical":"https:\/\/www.danby.com\/fr\/products\/climatiseurs-portatifs\/dpa140hb1wdd\/","og_locale":"fr_CA","og_type":"article","og_title":"Danby Designer 14000 BTU Climatiseurs portatif - DPA140HB1WDD | Danby Canada","og_description":"Ce climatiseur portatif Danby Designer 14 000 BTU et refroidit chambres jusqu'\u00e0 650 pieds carr\u00e9s . Complet avec une t\u00e9l\u00e9commande , cette unit\u00e9 \u00e9l\u00e9gante dispose d'une minuterie automatique et thermostat \u00e9lectronique pour votre commodit\u00e9. Les roues sur cet appareil le rendent facile \u00e0 d\u00e9placer de pi\u00e8ce en pi\u00e8ce .","og_url":"https:\/\/www.danby.com\/fr\/products\/climatiseurs-portatifs\/dpa140hb1wdd\/","og_site_name":"Danby - Canada - French","article_publisher":"https:\/\/www.facebook.com\/DanbyAppliances","article_modified_time":"2026-04-08T09:10:00+00:00","og_image":[{"width":300,"height":272,"url":"https:\/\/cdnweb.danby.com\/wp-content\/uploads\/sites\/2\/2022\/02\/08192245\/Medium-DPA140HB1WDD1.jpg","type":"image\/jpeg"}],"twitter_card":"summary_large_image","twitter_site":"@DanbyAppliance","schema":{"@context":"https:\/\/schema.org","@graph":[{"@type":["WebPage","ItemPage"],"url":"https:\/\/www.danby.com\/fr\/products\/climatiseurs-portatifs\/dpa140hb1wdd\/","name":"Danby Designer 14000 BTU Climatiseurs portatif - DPA140HB1WDD | Danby Canada","isPartOf":[],"primaryImageOfPage":[],"image":[],"thumbnailUrl":"https:\/\/cdnweb.danby.com\/wp-content\/uploads\/sites\/2\/2022\/02\/08192245\/Medium-DPA140HB1WDD1.jpg","datePublished":"2022-02-03T19:20:08+00:00","dateModified":"2026-04-08T09:10:00+00:00","description":"Ce climatiseur portatif Danby Designer 14 000 BTU et refroidit chambres jusqu'\u00e0 650 pieds carr\u00e9s . Complet avec une t\u00e9l\u00e9commande , cette unit\u00e9 \u00e9l\u00e9gante dispose d'une minuterie automatique et thermostat \u00e9lectronique pour votre commodit\u00e9. Les roues sur cet appareil le rendent facile \u00e0 d\u00e9placer de pi\u00e8ce en pi\u00e8ce .","breadcrumb":[],"inLanguage":"fr-CA","potentialAction":[{"@type":"ReadAction","target":["https:\/\/www.danby.com\/fr\/products\/climatiseurs-portatifs\/dpa140hb1wdd\/"]}]},{"@type":"ImageObject","inLanguage":"fr-CA","url":"https:\/\/cdnweb.danby.com\/wp-content\/uploads\/sites\/2\/2022\/02\/08192245\/Medium-DPA140HB1WDD1.jpg","contentUrl":"https:\/\/cdnweb.danby.com\/wp-content\/uploads\/sites\/2\/2022\/02\/08192245\/Medium-DPA140HB1WDD1.jpg","width":300,"height":272},{"@type":"BreadcrumbList","itemListElement":[{"@type":"ListItem","position":1,"name":"Home","item":"https:\/\/www.danby.com\/fr\/"},{"@type":"ListItem","position":2,"name":"Boutique","item":"https:\/\/www.danby.com\/fr\/boutique\/"},{"@type":"ListItem","position":3,"name":"Danby Designer 14000 BTU Climatiseurs portatif"}]},{"@type":"WebSite","url":"https:\/\/www.danby.com\/fr\/","name":"Danby - Canada - French","description":"Leader dans le domaine de la r\u00e9frig\u00e9ration et des appareils sp\u00e9cialis\u00e9s","publisher":[],"potentialAction":[{"@type":"SearchAction","target":{"@type":"EntryPoint","urlTemplate":"https:\/\/www.danby.com\/fr\/?s={search_term_string}"},"query-input":{"@type":"PropertyValueSpecification","valueRequired":true,"valueName":"search_term_string"}}],"inLanguage":"fr-CA"},{"@type":"Organization","name":"Danby Appliances","url":"https:\/\/www.danby.com\/fr\/","logo":{"@type":"ImageObject","inLanguage":"fr-CA","url":"https:\/\/cdnweb.danby.com\/wp-content\/uploads\/sites\/2\/2022\/02\/10141906\/Danby75Ans_Blue.png","contentUrl":"https:\/\/cdnweb.danby.com\/wp-content\/uploads\/sites\/2\/2022\/02\/10141906\/Danby75Ans_Blue.png","width":470,"height":110,"caption":"Danby Appliances"},"image":[],"sameAs":["https:\/\/www.facebook.com\/DanbyAppliances","https:\/\/x.com\/DanbyAppliance","https:\/\/instagram.com\/danbyappliances\/","https:\/\/www.linkedin.com\/company\/danbyappliances","https:\/\/www.pinterest.ca\/danbyappliances\/","https:\/\/www.youtube.com\/user\/DanbyProducts","https:\/\/en.wikipedia.org\/wiki\/Danby_(appliances)"]}]}},"post_mailing_queue_ids":[],"_links":{"self":[{"href":"https:\/\/www.danby.com\/fr\/wp-json\/wp\/v2\/product\/5138","targetHints":{"allow":["GET"]}}],"collection":[{"href":"https:\/\/www.danby.com\/fr\/wp-json\/wp\/v2\/product"}],"about":[{"href":"https:\/\/www.danby.com\/fr\/wp-json\/wp\/v2\/types\/product"}],"replies":[{"embeddable":true,"href":"https:\/\/www.danby.com\/fr\/wp-json\/wp\/v2\/comments?post=5138"}],"wp:featuredmedia":[{"embeddable":true,"href":"https:\/\/www.danby.com\/fr\/wp-json\/wp\/v2\/media\/7236"}],"wp:attachment":[{"href":"https:\/\/www.danby.com\/fr\/wp-json\/wp\/v2\/media?parent=5138"}],"wp:term":[{"taxonomy":"product_brand","embeddable":true,"href":"https:\/\/www.danby.com\/fr\/wp-json\/wp\/v2\/product_brand?post=5138"},{"taxonomy":"product_cat","embeddable":true,"href":"https:\/\/www.danby.com\/fr\/wp-json\/wp\/v2\/product_cat?post=5138"},{"taxonomy":"product_tag","embeddable":true,"href":"https:\/\/www.danby.com\/fr\/wp-json\/wp\/v2\/product_tag?post=5138"}],"curies":[{"name":"wp","href":"https:\/\/api.w.org\/{rel}","templated":true}]}}