{"id":5134,"date":"2022-02-03T19:20:08","date_gmt":"2022-02-03T19:20:08","guid":{"rendered":"https:\/\/www.danby.com\/fr\/product\/dpa140cb1wdb\/"},"modified":"2026-04-04T09:09:33","modified_gmt":"2026-04-04T09:09:33","slug":"dpa140cb1wdb","status":"publish","type":"product","link":"https:\/\/www.danby.com\/fr\/products\/climatiseurs-portatifs\/dpa140cb1wdb\/","title":{"rendered":"Danby 14,000 BTU Climatiseurs portatif"},"content":{"rendered":"","protected":false},"excerpt":{"rendered":"<ul>\n<li>Climatiseur de 14,000 BTU capable de rafra\u00eechir jusqu\u2019\u00e0 700 pieds carr\u00e9s<\/li>\n<li>R\u00e9frig\u00e9rant \u00e9cologique R410A<\/li>\n<li>Conception \u00e0 tuyau simple<\/li>\n<li>Filtre \u00e0 air amovible<\/li>\n<li>Commandes \u00e9lectroniques avec t\u00e9l\u00e9commande et affichage \u00e0 DEL<\/li>\n<li>Fonction d\u00e9shumidificateur \u00e0 \u00e9vacuation directe, permettant de contr\u00f4ler le niveau d\u2019humidit\u00e9 dans de grandes surfaces d\u2019habitation<\/li>\n<li>Dispositif de mise en marche\/arr\u00eat automatique : vous permet de faire d\u00e9marrer ou d\u2019arr\u00eater l\u2019appareil en fonction de votre horaire<\/li>\n<li>Balayage automatique<\/li>\n<li>Poign\u00e9es et roulettes encastr\u00e9es vous permettant de d\u00e9placer facilement l\u2019appareil d\u2019une pi\u00e8ce \u00e0 l\u2019autre<\/li>\n<li>S\u2019int\u00e8gre ais\u00e9ment aux portes coulissantes en verre, fen\u00eatres coulissantes et fen\u00eatres \u00e0 guillotine double<\/li>\n<li>Longueur du tuyau flexible de sortie : 150 cm (59 1\/16 po)<\/li>\n<li>Temp\u00e9rature r\u00e9glable de 17\u00baC \u00e0 30\u00baC (62\u00baF \u00e0 86\u00baF)<\/li>\n<\/ul>\n","protected":false},"featured_media":8400,"comment_status":"closed","ping_status":"open","template":"","meta":{"_acf_changed":false},"product_brand":[],"product_cat":[35],"product_tag":[],"class_list":{"0":"post-5134","1":"product","2":"type-product","3":"status-publish","4":"has-post-thumbnail","6":"product_cat-climatiseurs-portatifs","8":"first","9":"outofstock","10":"taxable","11":"shipping-taxable","12":"product-type-simple"},"acf":[],"yoast_head":"<!-- This site is optimized with the Yoast SEO plugin v26.7 - https:\/\/yoast.com\/wordpress\/plugins\/seo\/ -->\n<title>Danby 14,000 BTU Climatiseurs portatif - DPA140CB1WDB | Danby Canada<\/title>\n<meta name=\"description\" content=\"Rafra\u00eechir la temp\u00e9rature de votre demeure est toujours une priorit\u00e9, lorsque les jours chauds et humides de l&#039;\u00e9t\u00e9 frappent \u00e0 votre porte. Ce r\u00e9sultat peut \u00eatre facilement atteint, gr\u00e2ce \u00e0 ce climatiseur \u00e9volutif de 14 000 BTU, con\u00e7u pour rafra\u00eechir des pi\u00e8ces d&#039;une surface allant jusqu&#039;\u00e0 approximativement 700 pieds carr\u00e9s. Ce mod\u00e8le portable se caract\u00e9rise par sa conception \u00e0 tuyau simple et son syst\u00e8me d&#039;\u00e9vacuation directe \u00e0 usage continu, d&#039;une capacit\u00e9 de 54 chopines par 24 heures. Il fonctionne silencieusement et en douceur en utilisant le r\u00e9frig\u00e9rant \u00e9cologique R410A, con\u00e7u pour conserver la fra\u00eecheur de l&#039;air. Le r\u00e9gulateur de temp\u00e9rature \u00e9lectronique \u00e0 affichage \u00e0 DEL est ais\u00e9ment programmable et la t\u00e9l\u00e9commande vous permet d\u2019actionner l&#039;appareil o\u00f9 que vous soyez dans la pi\u00e8ce. Votre horaire personnel peut \u00eatre facilement pris en compte, par le biais du dispositif de mise en marche\/arr\u00eat automatique qui vous permet de faire d\u00e9marrer ou d\u2019arr\u00eater l\u2019appareil quand vous le d\u00e9sirez. D\u00e9placer le climatiseur d&#039;une pi\u00e8ce \u00e0 l&#039;autre, n&#039;est qu&#039;un jeu d&#039;enfant, gr\u00e2ce aux poign\u00e9es et aux roulettes int\u00e9gr\u00e9es. Cette unit\u00e9 de climatisation haut de gamme est assortie d&#039;une garantie de 12 mois couvrant les pi\u00e8ces et la main-d&#039;oeuvre.\" \/>\n<meta name=\"robots\" content=\"index, follow, max-snippet:-1, max-image-preview:large, max-video-preview:-1\" \/>\n<link rel=\"canonical\" href=\"https:\/\/www.danby.com\/fr\/products\/climatiseurs-portatifs\/dpa140cb1wdb\/\" \/>\n<meta property=\"og:locale\" content=\"fr_CA\" \/>\n<meta property=\"og:type\" content=\"article\" \/>\n<meta property=\"og:title\" content=\"Danby 14,000 BTU Climatiseurs portatif - DPA140CB1WDB | Danby Canada\" \/>\n<meta property=\"og:description\" content=\"Rafra\u00eechir la temp\u00e9rature de votre demeure est toujours une priorit\u00e9, lorsque les jours chauds et humides de l&#039;\u00e9t\u00e9 frappent \u00e0 votre porte. Ce r\u00e9sultat peut \u00eatre facilement atteint, gr\u00e2ce \u00e0 ce climatiseur \u00e9volutif de 14 000 BTU, con\u00e7u pour rafra\u00eechir des pi\u00e8ces d&#039;une surface allant jusqu&#039;\u00e0 approximativement 700 pieds carr\u00e9s. Ce mod\u00e8le portable se caract\u00e9rise par sa conception \u00e0 tuyau simple et son syst\u00e8me d&#039;\u00e9vacuation directe \u00e0 usage continu, d&#039;une capacit\u00e9 de 54 chopines par 24 heures. Il fonctionne silencieusement et en douceur en utilisant le r\u00e9frig\u00e9rant \u00e9cologique R410A, con\u00e7u pour conserver la fra\u00eecheur de l&#039;air. Le r\u00e9gulateur de temp\u00e9rature \u00e9lectronique \u00e0 affichage \u00e0 DEL est ais\u00e9ment programmable et la t\u00e9l\u00e9commande vous permet d\u2019actionner l&#039;appareil o\u00f9 que vous soyez dans la pi\u00e8ce. Votre horaire personnel peut \u00eatre facilement pris en compte, par le biais du dispositif de mise en marche\/arr\u00eat automatique qui vous permet de faire d\u00e9marrer ou d\u2019arr\u00eater l\u2019appareil quand vous le d\u00e9sirez. D\u00e9placer le climatiseur d&#039;une pi\u00e8ce \u00e0 l&#039;autre, n&#039;est qu&#039;un jeu d&#039;enfant, gr\u00e2ce aux poign\u00e9es et aux roulettes int\u00e9gr\u00e9es. Cette unit\u00e9 de climatisation haut de gamme est assortie d&#039;une garantie de 12 mois couvrant les pi\u00e8ces et la main-d&#039;oeuvre.\" \/>\n<meta property=\"og:url\" content=\"https:\/\/www.danby.com\/fr\/products\/climatiseurs-portatifs\/dpa140cb1wdb\/\" \/>\n<meta property=\"og:site_name\" content=\"Danby - Canada - French\" \/>\n<meta property=\"article:publisher\" content=\"https:\/\/www.facebook.com\/DanbyAppliances\" \/>\n<meta property=\"article:modified_time\" content=\"2026-04-04T09:09:33+00:00\" \/>\n<meta property=\"og:image\" content=\"https:\/\/cdnweb.danby.com\/wp-content\/uploads\/sites\/2\/2022\/02\/08204242\/Med-DPA120B1WB.jpg\" \/>\n\t<meta property=\"og:image:width\" content=\"300\" \/>\n\t<meta property=\"og:image:height\" content=\"272\" \/>\n\t<meta property=\"og:image:type\" content=\"image\/jpeg\" \/>\n<meta name=\"twitter:card\" content=\"summary_large_image\" \/>\n<meta name=\"twitter:site\" content=\"@DanbyAppliance\" \/>\n<script type=\"application\/ld+json\" class=\"yoast-schema-graph\">{\"@context\":\"https:\/\/schema.org\",\"@graph\":[{\"@type\":[\"WebPage\",\"ItemPage\"],\"url\":\"https:\/\/www.danby.com\/fr\/products\/climatiseurs-portatifs\/dpa140cb1wdb\/\",\"name\":\"Danby 14,000 BTU Climatiseurs portatif - DPA140CB1WDB | Danby Canada\",\"isPartOf\":[],\"primaryImageOfPage\":[],\"image\":[],\"thumbnailUrl\":\"https:\/\/cdnweb.danby.com\/wp-content\/uploads\/sites\/2\/2022\/02\/08204242\/Med-DPA120B1WB.jpg\",\"datePublished\":\"2022-02-03T19:20:08+00:00\",\"dateModified\":\"2026-04-04T09:09:33+00:00\",\"description\":\"Rafra\u00eechir la temp\u00e9rature de votre demeure est toujours une priorit\u00e9, lorsque les jours chauds et humides de l'\u00e9t\u00e9 frappent \u00e0 votre porte. Ce r\u00e9sultat peut \u00eatre facilement atteint, gr\u00e2ce \u00e0 ce climatiseur \u00e9volutif de 14 000 BTU, con\u00e7u pour rafra\u00eechir des pi\u00e8ces d'une surface allant jusqu'\u00e0 approximativement 700 pieds carr\u00e9s. Ce mod\u00e8le portable se caract\u00e9rise par sa conception \u00e0 tuyau simple et son syst\u00e8me d'\u00e9vacuation directe \u00e0 usage continu, d'une capacit\u00e9 de 54 chopines par 24 heures. Il fonctionne silencieusement et en douceur en utilisant le r\u00e9frig\u00e9rant \u00e9cologique R410A, con\u00e7u pour conserver la fra\u00eecheur de l'air. Le r\u00e9gulateur de temp\u00e9rature \u00e9lectronique \u00e0 affichage \u00e0 DEL est ais\u00e9ment programmable et la t\u00e9l\u00e9commande vous permet d\u2019actionner l'appareil o\u00f9 que vous soyez dans la pi\u00e8ce. Votre horaire personnel peut \u00eatre facilement pris en compte, par le biais du dispositif de mise en marche\/arr\u00eat automatique qui vous permet de faire d\u00e9marrer ou d\u2019arr\u00eater l\u2019appareil quand vous le d\u00e9sirez. D\u00e9placer le climatiseur d'une pi\u00e8ce \u00e0 l'autre, n'est qu'un jeu d'enfant, gr\u00e2ce aux poign\u00e9es et aux roulettes int\u00e9gr\u00e9es. Cette unit\u00e9 de climatisation haut de gamme est assortie d'une garantie de 12 mois couvrant les pi\u00e8ces et la main-d'oeuvre.\",\"breadcrumb\":[],\"inLanguage\":\"fr-CA\",\"potentialAction\":[{\"@type\":\"ReadAction\",\"target\":[\"https:\/\/www.danby.com\/fr\/products\/climatiseurs-portatifs\/dpa140cb1wdb\/\"]}]},{\"@type\":\"ImageObject\",\"inLanguage\":\"fr-CA\",\"url\":\"https:\/\/cdnweb.danby.com\/wp-content\/uploads\/sites\/2\/2022\/02\/08204242\/Med-DPA120B1WB.jpg\",\"contentUrl\":\"https:\/\/cdnweb.danby.com\/wp-content\/uploads\/sites\/2\/2022\/02\/08204242\/Med-DPA120B1WB.jpg\",\"width\":300,\"height\":272},{\"@type\":\"BreadcrumbList\",\"itemListElement\":[{\"@type\":\"ListItem\",\"position\":1,\"name\":\"Home\",\"item\":\"https:\/\/www.danby.com\/fr\/\"},{\"@type\":\"ListItem\",\"position\":2,\"name\":\"Boutique\",\"item\":\"https:\/\/www.danby.com\/fr\/boutique\/\"},{\"@type\":\"ListItem\",\"position\":3,\"name\":\"Danby 14,000 BTU Climatiseurs portatif\"}]},{\"@type\":\"WebSite\",\"url\":\"https:\/\/www.danby.com\/fr\/\",\"name\":\"Danby - Canada - French\",\"description\":\"Leader dans le domaine de la r\u00e9frig\u00e9ration et des appareils sp\u00e9cialis\u00e9s\",\"publisher\":[],\"potentialAction\":[{\"@type\":\"SearchAction\",\"target\":{\"@type\":\"EntryPoint\",\"urlTemplate\":\"https:\/\/www.danby.com\/fr\/?s={search_term_string}\"},\"query-input\":{\"@type\":\"PropertyValueSpecification\",\"valueRequired\":true,\"valueName\":\"search_term_string\"}}],\"inLanguage\":\"fr-CA\"},{\"@type\":\"Organization\",\"name\":\"Danby Appliances\",\"url\":\"https:\/\/www.danby.com\/fr\/\",\"logo\":{\"@type\":\"ImageObject\",\"inLanguage\":\"fr-CA\",\"url\":\"https:\/\/cdnweb.danby.com\/wp-content\/uploads\/sites\/2\/2022\/02\/10141906\/Danby75Ans_Blue.png\",\"contentUrl\":\"https:\/\/cdnweb.danby.com\/wp-content\/uploads\/sites\/2\/2022\/02\/10141906\/Danby75Ans_Blue.png\",\"width\":470,\"height\":110,\"caption\":\"Danby Appliances\"},\"image\":[],\"sameAs\":[\"https:\/\/www.facebook.com\/DanbyAppliances\",\"https:\/\/x.com\/DanbyAppliance\",\"https:\/\/instagram.com\/danbyappliances\/\",\"https:\/\/www.linkedin.com\/company\/danbyappliances\",\"https:\/\/www.pinterest.ca\/danbyappliances\/\",\"https:\/\/www.youtube.com\/user\/DanbyProducts\",\"https:\/\/en.wikipedia.org\/wiki\/Danby_(appliances)\"]}]}<\/script>\n<!-- \/ Yoast SEO plugin. -->","yoast_head_json":{"title":"Danby 14,000 BTU Climatiseurs portatif - DPA140CB1WDB | Danby Canada","description":"Rafra\u00eechir la temp\u00e9rature de votre demeure est toujours une priorit\u00e9, lorsque les jours chauds et humides de l'\u00e9t\u00e9 frappent \u00e0 votre porte. Ce r\u00e9sultat peut \u00eatre facilement atteint, gr\u00e2ce \u00e0 ce climatiseur \u00e9volutif de 14 000 BTU, con\u00e7u pour rafra\u00eechir des pi\u00e8ces d'une surface allant jusqu'\u00e0 approximativement 700 pieds carr\u00e9s. Ce mod\u00e8le portable se caract\u00e9rise par sa conception \u00e0 tuyau simple et son syst\u00e8me d'\u00e9vacuation directe \u00e0 usage continu, d'une capacit\u00e9 de 54 chopines par 24 heures. Il fonctionne silencieusement et en douceur en utilisant le r\u00e9frig\u00e9rant \u00e9cologique R410A, con\u00e7u pour conserver la fra\u00eecheur de l'air. Le r\u00e9gulateur de temp\u00e9rature \u00e9lectronique \u00e0 affichage \u00e0 DEL est ais\u00e9ment programmable et la t\u00e9l\u00e9commande vous permet d\u2019actionner l'appareil o\u00f9 que vous soyez dans la pi\u00e8ce. Votre horaire personnel peut \u00eatre facilement pris en compte, par le biais du dispositif de mise en marche\/arr\u00eat automatique qui vous permet de faire d\u00e9marrer ou d\u2019arr\u00eater l\u2019appareil quand vous le d\u00e9sirez. D\u00e9placer le climatiseur d'une pi\u00e8ce \u00e0 l'autre, n'est qu'un jeu d'enfant, gr\u00e2ce aux poign\u00e9es et aux roulettes int\u00e9gr\u00e9es. Cette unit\u00e9 de climatisation haut de gamme est assortie d'une garantie de 12 mois couvrant les pi\u00e8ces et la main-d'oeuvre.","robots":{"index":"index","follow":"follow","max-snippet":"max-snippet:-1","max-image-preview":"max-image-preview:large","max-video-preview":"max-video-preview:-1"},"canonical":"https:\/\/www.danby.com\/fr\/products\/climatiseurs-portatifs\/dpa140cb1wdb\/","og_locale":"fr_CA","og_type":"article","og_title":"Danby 14,000 BTU Climatiseurs portatif - DPA140CB1WDB | Danby Canada","og_description":"Rafra\u00eechir la temp\u00e9rature de votre demeure est toujours une priorit\u00e9, lorsque les jours chauds et humides de l'\u00e9t\u00e9 frappent \u00e0 votre porte. Ce r\u00e9sultat peut \u00eatre facilement atteint, gr\u00e2ce \u00e0 ce climatiseur \u00e9volutif de 14 000 BTU, con\u00e7u pour rafra\u00eechir des pi\u00e8ces d'une surface allant jusqu'\u00e0 approximativement 700 pieds carr\u00e9s. Ce mod\u00e8le portable se caract\u00e9rise par sa conception \u00e0 tuyau simple et son syst\u00e8me d'\u00e9vacuation directe \u00e0 usage continu, d'une capacit\u00e9 de 54 chopines par 24 heures. Il fonctionne silencieusement et en douceur en utilisant le r\u00e9frig\u00e9rant \u00e9cologique R410A, con\u00e7u pour conserver la fra\u00eecheur de l'air. Le r\u00e9gulateur de temp\u00e9rature \u00e9lectronique \u00e0 affichage \u00e0 DEL est ais\u00e9ment programmable et la t\u00e9l\u00e9commande vous permet d\u2019actionner l'appareil o\u00f9 que vous soyez dans la pi\u00e8ce. Votre horaire personnel peut \u00eatre facilement pris en compte, par le biais du dispositif de mise en marche\/arr\u00eat automatique qui vous permet de faire d\u00e9marrer ou d\u2019arr\u00eater l\u2019appareil quand vous le d\u00e9sirez. D\u00e9placer le climatiseur d'une pi\u00e8ce \u00e0 l'autre, n'est qu'un jeu d'enfant, gr\u00e2ce aux poign\u00e9es et aux roulettes int\u00e9gr\u00e9es. Cette unit\u00e9 de climatisation haut de gamme est assortie d'une garantie de 12 mois couvrant les pi\u00e8ces et la main-d'oeuvre.","og_url":"https:\/\/www.danby.com\/fr\/products\/climatiseurs-portatifs\/dpa140cb1wdb\/","og_site_name":"Danby - Canada - French","article_publisher":"https:\/\/www.facebook.com\/DanbyAppliances","article_modified_time":"2026-04-04T09:09:33+00:00","og_image":[{"width":300,"height":272,"url":"https:\/\/cdnweb.danby.com\/wp-content\/uploads\/sites\/2\/2022\/02\/08204242\/Med-DPA120B1WB.jpg","type":"image\/jpeg"}],"twitter_card":"summary_large_image","twitter_site":"@DanbyAppliance","schema":{"@context":"https:\/\/schema.org","@graph":[{"@type":["WebPage","ItemPage"],"url":"https:\/\/www.danby.com\/fr\/products\/climatiseurs-portatifs\/dpa140cb1wdb\/","name":"Danby 14,000 BTU Climatiseurs portatif - DPA140CB1WDB | Danby Canada","isPartOf":[],"primaryImageOfPage":[],"image":[],"thumbnailUrl":"https:\/\/cdnweb.danby.com\/wp-content\/uploads\/sites\/2\/2022\/02\/08204242\/Med-DPA120B1WB.jpg","datePublished":"2022-02-03T19:20:08+00:00","dateModified":"2026-04-04T09:09:33+00:00","description":"Rafra\u00eechir la temp\u00e9rature de votre demeure est toujours une priorit\u00e9, lorsque les jours chauds et humides de l'\u00e9t\u00e9 frappent \u00e0 votre porte. Ce r\u00e9sultat peut \u00eatre facilement atteint, gr\u00e2ce \u00e0 ce climatiseur \u00e9volutif de 14 000 BTU, con\u00e7u pour rafra\u00eechir des pi\u00e8ces d'une surface allant jusqu'\u00e0 approximativement 700 pieds carr\u00e9s. Ce mod\u00e8le portable se caract\u00e9rise par sa conception \u00e0 tuyau simple et son syst\u00e8me d'\u00e9vacuation directe \u00e0 usage continu, d'une capacit\u00e9 de 54 chopines par 24 heures. Il fonctionne silencieusement et en douceur en utilisant le r\u00e9frig\u00e9rant \u00e9cologique R410A, con\u00e7u pour conserver la fra\u00eecheur de l'air. Le r\u00e9gulateur de temp\u00e9rature \u00e9lectronique \u00e0 affichage \u00e0 DEL est ais\u00e9ment programmable et la t\u00e9l\u00e9commande vous permet d\u2019actionner l'appareil o\u00f9 que vous soyez dans la pi\u00e8ce. Votre horaire personnel peut \u00eatre facilement pris en compte, par le biais du dispositif de mise en marche\/arr\u00eat automatique qui vous permet de faire d\u00e9marrer ou d\u2019arr\u00eater l\u2019appareil quand vous le d\u00e9sirez. D\u00e9placer le climatiseur d'une pi\u00e8ce \u00e0 l'autre, n'est qu'un jeu d'enfant, gr\u00e2ce aux poign\u00e9es et aux roulettes int\u00e9gr\u00e9es. Cette unit\u00e9 de climatisation haut de gamme est assortie d'une garantie de 12 mois couvrant les pi\u00e8ces et la main-d'oeuvre.","breadcrumb":[],"inLanguage":"fr-CA","potentialAction":[{"@type":"ReadAction","target":["https:\/\/www.danby.com\/fr\/products\/climatiseurs-portatifs\/dpa140cb1wdb\/"]}]},{"@type":"ImageObject","inLanguage":"fr-CA","url":"https:\/\/cdnweb.danby.com\/wp-content\/uploads\/sites\/2\/2022\/02\/08204242\/Med-DPA120B1WB.jpg","contentUrl":"https:\/\/cdnweb.danby.com\/wp-content\/uploads\/sites\/2\/2022\/02\/08204242\/Med-DPA120B1WB.jpg","width":300,"height":272},{"@type":"BreadcrumbList","itemListElement":[{"@type":"ListItem","position":1,"name":"Home","item":"https:\/\/www.danby.com\/fr\/"},{"@type":"ListItem","position":2,"name":"Boutique","item":"https:\/\/www.danby.com\/fr\/boutique\/"},{"@type":"ListItem","position":3,"name":"Danby 14,000 BTU Climatiseurs portatif"}]},{"@type":"WebSite","url":"https:\/\/www.danby.com\/fr\/","name":"Danby - Canada - French","description":"Leader dans le domaine de la r\u00e9frig\u00e9ration et des appareils sp\u00e9cialis\u00e9s","publisher":[],"potentialAction":[{"@type":"SearchAction","target":{"@type":"EntryPoint","urlTemplate":"https:\/\/www.danby.com\/fr\/?s={search_term_string}"},"query-input":{"@type":"PropertyValueSpecification","valueRequired":true,"valueName":"search_term_string"}}],"inLanguage":"fr-CA"},{"@type":"Organization","name":"Danby Appliances","url":"https:\/\/www.danby.com\/fr\/","logo":{"@type":"ImageObject","inLanguage":"fr-CA","url":"https:\/\/cdnweb.danby.com\/wp-content\/uploads\/sites\/2\/2022\/02\/10141906\/Danby75Ans_Blue.png","contentUrl":"https:\/\/cdnweb.danby.com\/wp-content\/uploads\/sites\/2\/2022\/02\/10141906\/Danby75Ans_Blue.png","width":470,"height":110,"caption":"Danby Appliances"},"image":[],"sameAs":["https:\/\/www.facebook.com\/DanbyAppliances","https:\/\/x.com\/DanbyAppliance","https:\/\/instagram.com\/danbyappliances\/","https:\/\/www.linkedin.com\/company\/danbyappliances","https:\/\/www.pinterest.ca\/danbyappliances\/","https:\/\/www.youtube.com\/user\/DanbyProducts","https:\/\/en.wikipedia.org\/wiki\/Danby_(appliances)"]}]}},"post_mailing_queue_ids":[],"_links":{"self":[{"href":"https:\/\/www.danby.com\/fr\/wp-json\/wp\/v2\/product\/5134","targetHints":{"allow":["GET"]}}],"collection":[{"href":"https:\/\/www.danby.com\/fr\/wp-json\/wp\/v2\/product"}],"about":[{"href":"https:\/\/www.danby.com\/fr\/wp-json\/wp\/v2\/types\/product"}],"replies":[{"embeddable":true,"href":"https:\/\/www.danby.com\/fr\/wp-json\/wp\/v2\/comments?post=5134"}],"wp:featuredmedia":[{"embeddable":true,"href":"https:\/\/www.danby.com\/fr\/wp-json\/wp\/v2\/media\/8400"}],"wp:attachment":[{"href":"https:\/\/www.danby.com\/fr\/wp-json\/wp\/v2\/media?parent=5134"}],"wp:term":[{"taxonomy":"product_brand","embeddable":true,"href":"https:\/\/www.danby.com\/fr\/wp-json\/wp\/v2\/product_brand?post=5134"},{"taxonomy":"product_cat","embeddable":true,"href":"https:\/\/www.danby.com\/fr\/wp-json\/wp\/v2\/product_cat?post=5134"},{"taxonomy":"product_tag","embeddable":true,"href":"https:\/\/www.danby.com\/fr\/wp-json\/wp\/v2\/product_tag?post=5134"}],"curies":[{"name":"wp","href":"https:\/\/api.w.org\/{rel}","templated":true}]}}