{"id":5128,"date":"2022-02-03T19:19:56","date_gmt":"2022-02-03T19:19:56","guid":{"rendered":"https:\/\/www.danby.com\/fr\/product\/dpa120hb1wdb\/"},"modified":"2026-04-30T10:07:00","modified_gmt":"2026-04-30T10:07:00","slug":"dpa120hb1wdb","status":"publish","type":"product","link":"https:\/\/www.danby.com\/fr\/products\/climatiseurs-portatifs\/dpa120hb1wdb\/","title":{"rendered":"Danby 12000 BTU Climatiseurs portatif"},"content":{"rendered":"","protected":false},"excerpt":{"rendered":"<ul>\n<li>Syst\u00e8me 4 en 1 de confort \u00e0 la maison <\/li>\n<li>L&#8217;air climatiseur de 12 000 BTU refroidit approximativement 550 pi2 <\/li>\n<li>Un d\u00e9shumidificateur de grande capacit\u00e9, \u00e9limine commod\u00e9ment jusqu&#8217;\u00e0 60 chopines d&#8217;eau par jour en mode de vidange directe <\/li>\n<li>Pompe \u00e0 chaleur de 11 000 BTU <\/li>\n<li>Puissant ventilateur \u00e0 3 vitesses <\/li>\n<li>R\u00e9frig\u00e9rant R410A respectueux de l&#8217;environnement <\/li>\n<li>Syst\u00e8me d&#8217;\u00e9vaporation ultra efficace <\/li>\n<li>Facilement portatif d&#8217;une pi\u00e8ce \u00e0 l&#8217;autre gr\u00e2ce aux roulettes et poign\u00e9es int\u00e9gr\u00e9es <\/li>\n<li>Se fixe facilement sur les portes coulissantes en verre, les fen\u00eatres coulissantes et les fen\u00eatres \u00e0 guillotine double <\/li>\n<li>Contr\u00f4les \u00e9lectroniques avec t\u00e9l\u00e9commande et affichage \u00e0 diodes (LED) <\/li>\n<li>Alimentation automatique: faites d\u00e9marrer ou \u00e9teindre l&#8217;appareil selon votre horaire <\/li>\n<li>Se fixe facilement sur les portes coulissantes en verre, les fen\u00eatres coulissantes et les fen\u00eatres \u00e0 guillotine double <\/li>\n<li>Kit d\u2019installation extensible pour fen\u00eatre, accommode des fen\u00eatres de 28 6\/16 po \u00e0 79 15\/16 po de largeur <\/li>\n<li>Longueur du tuyau d&#8217;\u00e9chappement: 150 cm (59 1\/16 po)<\/li>\n<\/ul>\n","protected":false},"featured_media":7244,"comment_status":"closed","ping_status":"open","template":"","meta":{"_acf_changed":false},"product_brand":[],"product_cat":[35],"product_tag":[],"class_list":{"0":"post-5128","1":"product","2":"type-product","3":"status-publish","4":"has-post-thumbnail","6":"product_cat-climatiseurs-portatifs","8":"first","9":"outofstock","10":"taxable","11":"shipping-taxable","12":"product-type-simple"},"acf":[],"yoast_head":"<!-- This site is optimized with the Yoast SEO plugin v27.5 - https:\/\/yoast.com\/product\/yoast-seo-wordpress\/ -->\n<title>Danby 12000 BTU Climatiseurs portatif - DPA120HB1WDB | Danby Canada<\/title>\n<meta name=\"description\" content=\"Il n\u2019y a aucun doute que certains appr\u00e9cient les grosses chaleurs. Par contre, la plupart des gens pr\u00e9f\u00e8rent demeurer au frais quand arrive l\u2019\u00e9poque des chaleurs \u00e9crasantes et ce but est facile \u00e0 atteindre, gr\u00e2ce \u00e0 cet appareil robuste de Danby. Ce mod\u00e8le haut de gamme est d\u2019abord et avant tout, un syst\u00e8me portatif de confort au foyer pouvant remplir quatre fonctions diff\u00e9rentes. Vous y trouverez un ventilateur, un d\u00e9shumidificateur, un appareil de chauffage et un climatiseur, r\u00e9unis dans un seul appareil pratique. Quelle que soit la temp\u00e9rature que M\u00e8re Nature puisse concocter, vous y serez pr\u00e9par\u00e9 et ce, tout au long de l\u2019ann\u00e9e. Ce mod\u00e8le quatre-en-un ultramoderne dispose d\u2019une capacit\u00e9 de 12000 BTU et peut desservir une surface allant jusqu\u2019\u00e0 550 pieds carr\u00e9s, ce qui en fait l\u2019unit\u00e9 id\u00e9ale pour n\u2019importe quelle pi\u00e8ce de votre demeure ou de votre bureau. Cet appareil est programm\u00e9 et contr\u00f4l\u00e9, gr\u00e2ce \u00e0 des commandes \u00e9lectroniques \u00e0 affichage DEL \u00e0 la fine pointe de la technologie et la programmation peut aussi se faire par le biais d\u2019une t\u00e9l\u00e9commande pratique. Le d\u00e9shumidificateur de grande capacit\u00e9 est en mesure de retirer quotidiennement jusqu\u2019\u00e0 54 chopines d\u2019humidit\u00e9 ind\u00e9sirable par son syst\u00e8me d\u2019\u00e9vacuation directe alors que la thermopompe poss\u00e8de une capacit\u00e9 de 11000 BTU. Le puissant ventilateur dispose de trois vitesses s\u00e9par\u00e9es et l\u2019appareil utilise le r\u00e9frig\u00e9rant \u00e9cologique R410a. L\u2019astucieuse fonction marche\/arr\u00eat automatique vous permet de programmer l&#039;appareil en fonction de votre emploi du temps et les roulettes pratiques de m\u00eame que les poign\u00e9es int\u00e9gr\u00e9es vous permettent de le d\u00e9placer facilement et rapidement d\u2019une pi\u00e8ce \u00e0 l\u2019autre. Ce mod\u00e8le de haute technologie est assorti d\u2019une garantie de 12 mois sur les pi\u00e8ces et la main-d\u2019\u0153uvre, incluant le service \u00e0 domicile.\" \/>\n<meta name=\"robots\" content=\"index, follow, max-snippet:-1, max-image-preview:large, max-video-preview:-1\" \/>\n<link rel=\"canonical\" href=\"https:\/\/www.danby.com\/fr\/products\/climatiseurs-portatifs\/dpa120hb1wdb\/\" \/>\n<meta property=\"og:locale\" content=\"fr_CA\" \/>\n<meta property=\"og:type\" content=\"article\" \/>\n<meta property=\"og:title\" content=\"Danby 12000 BTU Climatiseurs portatif - DPA120HB1WDB | Danby Canada\" \/>\n<meta property=\"og:description\" content=\"Il n\u2019y a aucun doute que certains appr\u00e9cient les grosses chaleurs. Par contre, la plupart des gens pr\u00e9f\u00e8rent demeurer au frais quand arrive l\u2019\u00e9poque des chaleurs \u00e9crasantes et ce but est facile \u00e0 atteindre, gr\u00e2ce \u00e0 cet appareil robuste de Danby. Ce mod\u00e8le haut de gamme est d\u2019abord et avant tout, un syst\u00e8me portatif de confort au foyer pouvant remplir quatre fonctions diff\u00e9rentes. Vous y trouverez un ventilateur, un d\u00e9shumidificateur, un appareil de chauffage et un climatiseur, r\u00e9unis dans un seul appareil pratique. Quelle que soit la temp\u00e9rature que M\u00e8re Nature puisse concocter, vous y serez pr\u00e9par\u00e9 et ce, tout au long de l\u2019ann\u00e9e. Ce mod\u00e8le quatre-en-un ultramoderne dispose d\u2019une capacit\u00e9 de 12000 BTU et peut desservir une surface allant jusqu\u2019\u00e0 550 pieds carr\u00e9s, ce qui en fait l\u2019unit\u00e9 id\u00e9ale pour n\u2019importe quelle pi\u00e8ce de votre demeure ou de votre bureau. Cet appareil est programm\u00e9 et contr\u00f4l\u00e9, gr\u00e2ce \u00e0 des commandes \u00e9lectroniques \u00e0 affichage DEL \u00e0 la fine pointe de la technologie et la programmation peut aussi se faire par le biais d\u2019une t\u00e9l\u00e9commande pratique. Le d\u00e9shumidificateur de grande capacit\u00e9 est en mesure de retirer quotidiennement jusqu\u2019\u00e0 54 chopines d\u2019humidit\u00e9 ind\u00e9sirable par son syst\u00e8me d\u2019\u00e9vacuation directe alors que la thermopompe poss\u00e8de une capacit\u00e9 de 11000 BTU. Le puissant ventilateur dispose de trois vitesses s\u00e9par\u00e9es et l\u2019appareil utilise le r\u00e9frig\u00e9rant \u00e9cologique R410a. L\u2019astucieuse fonction marche\/arr\u00eat automatique vous permet de programmer l&#039;appareil en fonction de votre emploi du temps et les roulettes pratiques de m\u00eame que les poign\u00e9es int\u00e9gr\u00e9es vous permettent de le d\u00e9placer facilement et rapidement d\u2019une pi\u00e8ce \u00e0 l\u2019autre. Ce mod\u00e8le de haute technologie est assorti d\u2019une garantie de 12 mois sur les pi\u00e8ces et la main-d\u2019\u0153uvre, incluant le service \u00e0 domicile.\" \/>\n<meta property=\"og:url\" content=\"https:\/\/www.danby.com\/fr\/products\/climatiseurs-portatifs\/dpa120hb1wdb\/\" \/>\n<meta property=\"og:site_name\" content=\"Danby - Canada - French\" \/>\n<meta property=\"article:publisher\" content=\"https:\/\/www.facebook.com\/DanbyAppliances\" \/>\n<meta property=\"article:modified_time\" content=\"2026-04-30T10:07:00+00:00\" \/>\n<meta property=\"og:image\" content=\"https:\/\/cdnweb.danby.com\/wp-content\/uploads\/sites\/2\/2022\/02\/08192300\/Med-DPA120B1WB7.jpg\" \/>\n\t<meta property=\"og:image:width\" content=\"300\" \/>\n\t<meta property=\"og:image:height\" content=\"272\" \/>\n\t<meta property=\"og:image:type\" content=\"image\/jpeg\" \/>\n<meta name=\"twitter:card\" content=\"summary_large_image\" \/>\n<meta name=\"twitter:site\" content=\"@DanbyAppliance\" \/>\n<script type=\"application\/ld+json\" class=\"yoast-schema-graph\">{\"@context\":\"https:\\\/\\\/schema.org\",\"@graph\":[{\"@type\":[\"WebPage\",\"ItemPage\"],\"url\":\"https:\\\/\\\/www.danby.com\\\/fr\\\/products\\\/climatiseurs-portatifs\\\/dpa120hb1wdb\\\/\",\"name\":\"Danby 12000 BTU Climatiseurs portatif - DPA120HB1WDB | Danby Canada\",\"isPartOf\":[],\"primaryImageOfPage\":[],\"image\":[],\"thumbnailUrl\":\"https:\\\/\\\/cdnweb.danby.com\\\/wp-content\\\/uploads\\\/sites\\\/2\\\/2022\\\/02\\\/08192300\\\/Med-DPA120B1WB7.jpg\",\"datePublished\":\"2022-02-03T19:19:56+00:00\",\"dateModified\":\"2026-04-30T10:07:00+00:00\",\"description\":\"Il n\u2019y a aucun doute que certains appr\u00e9cient les grosses chaleurs. Par contre, la plupart des gens pr\u00e9f\u00e8rent demeurer au frais quand arrive l\u2019\u00e9poque des chaleurs \u00e9crasantes et ce but est facile \u00e0 atteindre, gr\u00e2ce \u00e0 cet appareil robuste de Danby. Ce mod\u00e8le haut de gamme est d\u2019abord et avant tout, un syst\u00e8me portatif de confort au foyer pouvant remplir quatre fonctions diff\u00e9rentes. Vous y trouverez un ventilateur, un d\u00e9shumidificateur, un appareil de chauffage et un climatiseur, r\u00e9unis dans un seul appareil pratique. Quelle que soit la temp\u00e9rature que M\u00e8re Nature puisse concocter, vous y serez pr\u00e9par\u00e9 et ce, tout au long de l\u2019ann\u00e9e. Ce mod\u00e8le quatre-en-un ultramoderne dispose d\u2019une capacit\u00e9 de 12000 BTU et peut desservir une surface allant jusqu\u2019\u00e0 550 pieds carr\u00e9s, ce qui en fait l\u2019unit\u00e9 id\u00e9ale pour n\u2019importe quelle pi\u00e8ce de votre demeure ou de votre bureau. Cet appareil est programm\u00e9 et contr\u00f4l\u00e9, gr\u00e2ce \u00e0 des commandes \u00e9lectroniques \u00e0 affichage DEL \u00e0 la fine pointe de la technologie et la programmation peut aussi se faire par le biais d\u2019une t\u00e9l\u00e9commande pratique. Le d\u00e9shumidificateur de grande capacit\u00e9 est en mesure de retirer quotidiennement jusqu\u2019\u00e0 54 chopines d\u2019humidit\u00e9 ind\u00e9sirable par son syst\u00e8me d\u2019\u00e9vacuation directe alors que la thermopompe poss\u00e8de une capacit\u00e9 de 11000 BTU. Le puissant ventilateur dispose de trois vitesses s\u00e9par\u00e9es et l\u2019appareil utilise le r\u00e9frig\u00e9rant \u00e9cologique R410a. L\u2019astucieuse fonction marche\\\/arr\u00eat automatique vous permet de programmer l'appareil en fonction de votre emploi du temps et les roulettes pratiques de m\u00eame que les poign\u00e9es int\u00e9gr\u00e9es vous permettent de le d\u00e9placer facilement et rapidement d\u2019une pi\u00e8ce \u00e0 l\u2019autre. Ce mod\u00e8le de haute technologie est assorti d\u2019une garantie de 12 mois sur les pi\u00e8ces et la main-d\u2019\u0153uvre, incluant le service \u00e0 domicile.\",\"breadcrumb\":[],\"inLanguage\":\"fr-CA\",\"potentialAction\":[{\"@type\":\"ReadAction\",\"target\":[\"https:\\\/\\\/www.danby.com\\\/fr\\\/products\\\/climatiseurs-portatifs\\\/dpa120hb1wdb\\\/\"]}]},{\"@type\":\"ImageObject\",\"inLanguage\":\"fr-CA\",\"url\":\"https:\\\/\\\/cdnweb.danby.com\\\/wp-content\\\/uploads\\\/sites\\\/2\\\/2022\\\/02\\\/08192300\\\/Med-DPA120B1WB7.jpg\",\"contentUrl\":\"https:\\\/\\\/cdnweb.danby.com\\\/wp-content\\\/uploads\\\/sites\\\/2\\\/2022\\\/02\\\/08192300\\\/Med-DPA120B1WB7.jpg\",\"width\":300,\"height\":272},{\"@type\":\"BreadcrumbList\",\"itemListElement\":[{\"@type\":\"ListItem\",\"position\":1,\"name\":\"Home\",\"item\":\"https:\\\/\\\/www.danby.com\\\/fr\\\/\"},{\"@type\":\"ListItem\",\"position\":2,\"name\":\"Boutique\",\"item\":\"https:\\\/\\\/www.danby.com\\\/fr\\\/boutique\\\/\"},{\"@type\":\"ListItem\",\"position\":3,\"name\":\"Danby 12000 BTU Climatiseurs portatif\"}]},{\"@type\":\"WebSite\",\"url\":\"https:\\\/\\\/www.danby.com\\\/fr\\\/\",\"name\":\"Danby - Canada - French\",\"description\":\"Leader dans le domaine de la r\u00e9frig\u00e9ration et des appareils sp\u00e9cialis\u00e9s\",\"publisher\":[],\"potentialAction\":[{\"@type\":\"SearchAction\",\"target\":{\"@type\":\"EntryPoint\",\"urlTemplate\":\"https:\\\/\\\/www.danby.com\\\/fr\\\/?s={search_term_string}\"},\"query-input\":{\"@type\":\"PropertyValueSpecification\",\"valueRequired\":true,\"valueName\":\"search_term_string\"}}],\"inLanguage\":\"fr-CA\"},{\"@type\":\"Organization\",\"name\":\"Danby Appliances\",\"url\":\"https:\\\/\\\/www.danby.com\\\/fr\\\/\",\"logo\":{\"@type\":\"ImageObject\",\"inLanguage\":\"fr-CA\",\"url\":\"https:\\\/\\\/cdnweb.danby.com\\\/wp-content\\\/uploads\\\/sites\\\/2\\\/2022\\\/02\\\/10141906\\\/Danby75Ans_Blue.png\",\"contentUrl\":\"https:\\\/\\\/cdnweb.danby.com\\\/wp-content\\\/uploads\\\/sites\\\/2\\\/2022\\\/02\\\/10141906\\\/Danby75Ans_Blue.png\",\"width\":470,\"height\":110,\"caption\":\"Danby Appliances\"},\"image\":[],\"sameAs\":[\"https:\\\/\\\/www.facebook.com\\\/DanbyAppliances\",\"https:\\\/\\\/x.com\\\/DanbyAppliance\",\"https:\\\/\\\/instagram.com\\\/danbyappliances\\\/\",\"https:\\\/\\\/www.linkedin.com\\\/company\\\/danbyappliances\",\"https:\\\/\\\/www.pinterest.ca\\\/danbyappliances\\\/\",\"https:\\\/\\\/www.youtube.com\\\/user\\\/DanbyProducts\",\"https:\\\/\\\/en.wikipedia.org\\\/wiki\\\/Danby_(appliances)\"]}]}<\/script>\n<!-- \/ Yoast SEO plugin. -->","yoast_head_json":{"title":"Danby 12000 BTU Climatiseurs portatif - DPA120HB1WDB | Danby Canada","description":"Il n\u2019y a aucun doute que certains appr\u00e9cient les grosses chaleurs. Par contre, la plupart des gens pr\u00e9f\u00e8rent demeurer au frais quand arrive l\u2019\u00e9poque des chaleurs \u00e9crasantes et ce but est facile \u00e0 atteindre, gr\u00e2ce \u00e0 cet appareil robuste de Danby. Ce mod\u00e8le haut de gamme est d\u2019abord et avant tout, un syst\u00e8me portatif de confort au foyer pouvant remplir quatre fonctions diff\u00e9rentes. Vous y trouverez un ventilateur, un d\u00e9shumidificateur, un appareil de chauffage et un climatiseur, r\u00e9unis dans un seul appareil pratique. Quelle que soit la temp\u00e9rature que M\u00e8re Nature puisse concocter, vous y serez pr\u00e9par\u00e9 et ce, tout au long de l\u2019ann\u00e9e. Ce mod\u00e8le quatre-en-un ultramoderne dispose d\u2019une capacit\u00e9 de 12000 BTU et peut desservir une surface allant jusqu\u2019\u00e0 550 pieds carr\u00e9s, ce qui en fait l\u2019unit\u00e9 id\u00e9ale pour n\u2019importe quelle pi\u00e8ce de votre demeure ou de votre bureau. Cet appareil est programm\u00e9 et contr\u00f4l\u00e9, gr\u00e2ce \u00e0 des commandes \u00e9lectroniques \u00e0 affichage DEL \u00e0 la fine pointe de la technologie et la programmation peut aussi se faire par le biais d\u2019une t\u00e9l\u00e9commande pratique. Le d\u00e9shumidificateur de grande capacit\u00e9 est en mesure de retirer quotidiennement jusqu\u2019\u00e0 54 chopines d\u2019humidit\u00e9 ind\u00e9sirable par son syst\u00e8me d\u2019\u00e9vacuation directe alors que la thermopompe poss\u00e8de une capacit\u00e9 de 11000 BTU. Le puissant ventilateur dispose de trois vitesses s\u00e9par\u00e9es et l\u2019appareil utilise le r\u00e9frig\u00e9rant \u00e9cologique R410a. L\u2019astucieuse fonction marche\/arr\u00eat automatique vous permet de programmer l'appareil en fonction de votre emploi du temps et les roulettes pratiques de m\u00eame que les poign\u00e9es int\u00e9gr\u00e9es vous permettent de le d\u00e9placer facilement et rapidement d\u2019une pi\u00e8ce \u00e0 l\u2019autre. Ce mod\u00e8le de haute technologie est assorti d\u2019une garantie de 12 mois sur les pi\u00e8ces et la main-d\u2019\u0153uvre, incluant le service \u00e0 domicile.","robots":{"index":"index","follow":"follow","max-snippet":"max-snippet:-1","max-image-preview":"max-image-preview:large","max-video-preview":"max-video-preview:-1"},"canonical":"https:\/\/www.danby.com\/fr\/products\/climatiseurs-portatifs\/dpa120hb1wdb\/","og_locale":"fr_CA","og_type":"article","og_title":"Danby 12000 BTU Climatiseurs portatif - DPA120HB1WDB | Danby Canada","og_description":"Il n\u2019y a aucun doute que certains appr\u00e9cient les grosses chaleurs. Par contre, la plupart des gens pr\u00e9f\u00e8rent demeurer au frais quand arrive l\u2019\u00e9poque des chaleurs \u00e9crasantes et ce but est facile \u00e0 atteindre, gr\u00e2ce \u00e0 cet appareil robuste de Danby. Ce mod\u00e8le haut de gamme est d\u2019abord et avant tout, un syst\u00e8me portatif de confort au foyer pouvant remplir quatre fonctions diff\u00e9rentes. Vous y trouverez un ventilateur, un d\u00e9shumidificateur, un appareil de chauffage et un climatiseur, r\u00e9unis dans un seul appareil pratique. Quelle que soit la temp\u00e9rature que M\u00e8re Nature puisse concocter, vous y serez pr\u00e9par\u00e9 et ce, tout au long de l\u2019ann\u00e9e. Ce mod\u00e8le quatre-en-un ultramoderne dispose d\u2019une capacit\u00e9 de 12000 BTU et peut desservir une surface allant jusqu\u2019\u00e0 550 pieds carr\u00e9s, ce qui en fait l\u2019unit\u00e9 id\u00e9ale pour n\u2019importe quelle pi\u00e8ce de votre demeure ou de votre bureau. Cet appareil est programm\u00e9 et contr\u00f4l\u00e9, gr\u00e2ce \u00e0 des commandes \u00e9lectroniques \u00e0 affichage DEL \u00e0 la fine pointe de la technologie et la programmation peut aussi se faire par le biais d\u2019une t\u00e9l\u00e9commande pratique. Le d\u00e9shumidificateur de grande capacit\u00e9 est en mesure de retirer quotidiennement jusqu\u2019\u00e0 54 chopines d\u2019humidit\u00e9 ind\u00e9sirable par son syst\u00e8me d\u2019\u00e9vacuation directe alors que la thermopompe poss\u00e8de une capacit\u00e9 de 11000 BTU. Le puissant ventilateur dispose de trois vitesses s\u00e9par\u00e9es et l\u2019appareil utilise le r\u00e9frig\u00e9rant \u00e9cologique R410a. L\u2019astucieuse fonction marche\/arr\u00eat automatique vous permet de programmer l'appareil en fonction de votre emploi du temps et les roulettes pratiques de m\u00eame que les poign\u00e9es int\u00e9gr\u00e9es vous permettent de le d\u00e9placer facilement et rapidement d\u2019une pi\u00e8ce \u00e0 l\u2019autre. Ce mod\u00e8le de haute technologie est assorti d\u2019une garantie de 12 mois sur les pi\u00e8ces et la main-d\u2019\u0153uvre, incluant le service \u00e0 domicile.","og_url":"https:\/\/www.danby.com\/fr\/products\/climatiseurs-portatifs\/dpa120hb1wdb\/","og_site_name":"Danby - Canada - French","article_publisher":"https:\/\/www.facebook.com\/DanbyAppliances","article_modified_time":"2026-04-30T10:07:00+00:00","og_image":[{"width":300,"height":272,"url":"https:\/\/cdnweb.danby.com\/wp-content\/uploads\/sites\/2\/2022\/02\/08192300\/Med-DPA120B1WB7.jpg","type":"image\/jpeg"}],"twitter_card":"summary_large_image","twitter_site":"@DanbyAppliance","schema":{"@context":"https:\/\/schema.org","@graph":[{"@type":["WebPage","ItemPage"],"url":"https:\/\/www.danby.com\/fr\/products\/climatiseurs-portatifs\/dpa120hb1wdb\/","name":"Danby 12000 BTU Climatiseurs portatif - DPA120HB1WDB | Danby Canada","isPartOf":[],"primaryImageOfPage":[],"image":[],"thumbnailUrl":"https:\/\/cdnweb.danby.com\/wp-content\/uploads\/sites\/2\/2022\/02\/08192300\/Med-DPA120B1WB7.jpg","datePublished":"2022-02-03T19:19:56+00:00","dateModified":"2026-04-30T10:07:00+00:00","description":"Il n\u2019y a aucun doute que certains appr\u00e9cient les grosses chaleurs. Par contre, la plupart des gens pr\u00e9f\u00e8rent demeurer au frais quand arrive l\u2019\u00e9poque des chaleurs \u00e9crasantes et ce but est facile \u00e0 atteindre, gr\u00e2ce \u00e0 cet appareil robuste de Danby. Ce mod\u00e8le haut de gamme est d\u2019abord et avant tout, un syst\u00e8me portatif de confort au foyer pouvant remplir quatre fonctions diff\u00e9rentes. Vous y trouverez un ventilateur, un d\u00e9shumidificateur, un appareil de chauffage et un climatiseur, r\u00e9unis dans un seul appareil pratique. Quelle que soit la temp\u00e9rature que M\u00e8re Nature puisse concocter, vous y serez pr\u00e9par\u00e9 et ce, tout au long de l\u2019ann\u00e9e. Ce mod\u00e8le quatre-en-un ultramoderne dispose d\u2019une capacit\u00e9 de 12000 BTU et peut desservir une surface allant jusqu\u2019\u00e0 550 pieds carr\u00e9s, ce qui en fait l\u2019unit\u00e9 id\u00e9ale pour n\u2019importe quelle pi\u00e8ce de votre demeure ou de votre bureau. Cet appareil est programm\u00e9 et contr\u00f4l\u00e9, gr\u00e2ce \u00e0 des commandes \u00e9lectroniques \u00e0 affichage DEL \u00e0 la fine pointe de la technologie et la programmation peut aussi se faire par le biais d\u2019une t\u00e9l\u00e9commande pratique. Le d\u00e9shumidificateur de grande capacit\u00e9 est en mesure de retirer quotidiennement jusqu\u2019\u00e0 54 chopines d\u2019humidit\u00e9 ind\u00e9sirable par son syst\u00e8me d\u2019\u00e9vacuation directe alors que la thermopompe poss\u00e8de une capacit\u00e9 de 11000 BTU. Le puissant ventilateur dispose de trois vitesses s\u00e9par\u00e9es et l\u2019appareil utilise le r\u00e9frig\u00e9rant \u00e9cologique R410a. L\u2019astucieuse fonction marche\/arr\u00eat automatique vous permet de programmer l'appareil en fonction de votre emploi du temps et les roulettes pratiques de m\u00eame que les poign\u00e9es int\u00e9gr\u00e9es vous permettent de le d\u00e9placer facilement et rapidement d\u2019une pi\u00e8ce \u00e0 l\u2019autre. Ce mod\u00e8le de haute technologie est assorti d\u2019une garantie de 12 mois sur les pi\u00e8ces et la main-d\u2019\u0153uvre, incluant le service \u00e0 domicile.","breadcrumb":[],"inLanguage":"fr-CA","potentialAction":[{"@type":"ReadAction","target":["https:\/\/www.danby.com\/fr\/products\/climatiseurs-portatifs\/dpa120hb1wdb\/"]}]},{"@type":"ImageObject","inLanguage":"fr-CA","url":"https:\/\/cdnweb.danby.com\/wp-content\/uploads\/sites\/2\/2022\/02\/08192300\/Med-DPA120B1WB7.jpg","contentUrl":"https:\/\/cdnweb.danby.com\/wp-content\/uploads\/sites\/2\/2022\/02\/08192300\/Med-DPA120B1WB7.jpg","width":300,"height":272},{"@type":"BreadcrumbList","itemListElement":[{"@type":"ListItem","position":1,"name":"Home","item":"https:\/\/www.danby.com\/fr\/"},{"@type":"ListItem","position":2,"name":"Boutique","item":"https:\/\/www.danby.com\/fr\/boutique\/"},{"@type":"ListItem","position":3,"name":"Danby 12000 BTU Climatiseurs portatif"}]},{"@type":"WebSite","url":"https:\/\/www.danby.com\/fr\/","name":"Danby - Canada - French","description":"Leader dans le domaine de la r\u00e9frig\u00e9ration et des appareils sp\u00e9cialis\u00e9s","publisher":[],"potentialAction":[{"@type":"SearchAction","target":{"@type":"EntryPoint","urlTemplate":"https:\/\/www.danby.com\/fr\/?s={search_term_string}"},"query-input":{"@type":"PropertyValueSpecification","valueRequired":true,"valueName":"search_term_string"}}],"inLanguage":"fr-CA"},{"@type":"Organization","name":"Danby Appliances","url":"https:\/\/www.danby.com\/fr\/","logo":{"@type":"ImageObject","inLanguage":"fr-CA","url":"https:\/\/cdnweb.danby.com\/wp-content\/uploads\/sites\/2\/2022\/02\/10141906\/Danby75Ans_Blue.png","contentUrl":"https:\/\/cdnweb.danby.com\/wp-content\/uploads\/sites\/2\/2022\/02\/10141906\/Danby75Ans_Blue.png","width":470,"height":110,"caption":"Danby Appliances"},"image":[],"sameAs":["https:\/\/www.facebook.com\/DanbyAppliances","https:\/\/x.com\/DanbyAppliance","https:\/\/instagram.com\/danbyappliances\/","https:\/\/www.linkedin.com\/company\/danbyappliances","https:\/\/www.pinterest.ca\/danbyappliances\/","https:\/\/www.youtube.com\/user\/DanbyProducts","https:\/\/en.wikipedia.org\/wiki\/Danby_(appliances)"]}]}},"post_mailing_queue_ids":[],"_links":{"self":[{"href":"https:\/\/www.danby.com\/fr\/wp-json\/wp\/v2\/product\/5128","targetHints":{"allow":["GET"]}}],"collection":[{"href":"https:\/\/www.danby.com\/fr\/wp-json\/wp\/v2\/product"}],"about":[{"href":"https:\/\/www.danby.com\/fr\/wp-json\/wp\/v2\/types\/product"}],"replies":[{"embeddable":true,"href":"https:\/\/www.danby.com\/fr\/wp-json\/wp\/v2\/comments?post=5128"}],"wp:featuredmedia":[{"embeddable":true,"href":"https:\/\/www.danby.com\/fr\/wp-json\/wp\/v2\/media\/7244"}],"wp:attachment":[{"href":"https:\/\/www.danby.com\/fr\/wp-json\/wp\/v2\/media?parent=5128"}],"wp:term":[{"taxonomy":"product_brand","embeddable":true,"href":"https:\/\/www.danby.com\/fr\/wp-json\/wp\/v2\/product_brand?post=5128"},{"taxonomy":"product_cat","embeddable":true,"href":"https:\/\/www.danby.com\/fr\/wp-json\/wp\/v2\/product_cat?post=5128"},{"taxonomy":"product_tag","embeddable":true,"href":"https:\/\/www.danby.com\/fr\/wp-json\/wp\/v2\/product_tag?post=5128"}],"curies":[{"name":"wp","href":"https:\/\/api.w.org\/{rel}","templated":true}]}}