{"id":5126,"date":"2022-02-03T19:19:56","date_gmt":"2022-02-03T19:19:56","guid":{"rendered":"https:\/\/www.danby.com\/fr\/product\/dpa120e1bdb-6\/"},"modified":"2026-04-19T10:08:45","modified_gmt":"2026-04-19T10:08:45","slug":"dpa120e1bdb-6","status":"publish","type":"product","link":"https:\/\/www.danby.com\/fr\/products\/climatiseurs-portatifs\/dpa120e1bdb-6\/","title":{"rendered":"Danby 12,000 BTU Climatiseurs portatif"},"content":{"rendered":"","protected":false},"excerpt":{"rendered":"<ul>\n<li>Mod\u00e8le\u00a03-en-1 pratique\u00a0: climatiseur, ventilateur et d\u00e9shumidificateur<\/li>\n<li>Le climatiseur portable de 12\u00a0000\u00a0BTU (6\u00a0500\u00a0SACC) refroidit des espaces de 550\u00a0pi2 ou moins.<\/li>\n<li>Puissant ventilateur \u00e0 3\u00a0vitesses, 3\u00a0refroidissments faisant circuler l\u2019air<\/li>\n<li>Mode d\u00e9shumidificateur avec \u00e9vacuation directe pour un fonctionnement continu<\/li>\n<li>Commandes \u00e9lectroniques avec affichage \u00e0 DEL et t\u00e9l\u00e9commande<\/li>\n<li>Red\u00e9marrage automatique\u00a0: L\u2019appareil red\u00e9marre automatiquement apr\u00e8s une panne de courant<\/li>\n<li>Minuterie de 24\u00a0heures<\/li>\n<li>Conception \u00e0 tuyau unique\u00a0: \u00e9vacue efficacement l\u2019air chaud et humide \u00e0 l\u2019ext\u00e9rieur<\/li>\n<li>Filtre \u00e0 air r\u00e9utilisable et lavable<\/li>\n<li>Facile \u00e0 d\u00e9placer\u00a0: Roulettes et poign\u00e9es int\u00e9gr\u00e9es pour faciliter le transport d\u2019une pi\u00e8ce \u00e0 l\u2019autre <\/li>\n<li>Emballage\u00a0ISTA-6<\/li>\n<li>Garantie\u00a0: 24 mois (pi\u00e8ces et main-d\u2019\u0153uvre) \u00e0 domicile<\/li>\n<\/ul>\n","protected":false},"featured_media":12848,"comment_status":"closed","ping_status":"open","template":"","meta":{"_acf_changed":false},"product_brand":[],"product_cat":[35],"product_tag":[],"class_list":{"0":"post-5126","1":"product","2":"type-product","3":"status-publish","4":"has-post-thumbnail","6":"product_cat-climatiseurs-portatifs","8":"first","9":"outofstock","10":"taxable","11":"shipping-taxable","12":"product-type-simple"},"acf":[],"yoast_head":"<!-- This site is optimized with the Yoast SEO plugin v26.7 - https:\/\/yoast.com\/wordpress\/plugins\/seo\/ -->\n<title>Danby 12,000 BTU Climatiseurs portatif - DPA120E1BDB-6 | Danby Canada<\/title>\n<meta name=\"description\" content=\"Un climatiseur efficace et fiable comme celui-ci de Danby est tout ce dont vous avez besoin pour rester au frais pendant les \u00e9t\u00e9s chauds. Ce mod\u00e8le portatif attrayant peut produire 12\u00a0000\u00a0BTU de refroidissement rafra\u00eechissant, ce qui le rend id\u00e9al pour les espaces de 550\u00a0pi2 et moins. L\u2019\u00e9cran DEL avec commandes \u00e9lectroniques facilite l\u2019ajustement des r\u00e9glages. Le filtre \u00e0 air est r\u00e9utilisable et le mod\u00e8le \u00e9cologique utilise du fluide frigorig\u00e8ne\u00a0R410A. Il est dot\u00e9 d\u2019un seul tuyau qui envoie de l\u2019air humide \u00e0 l\u2019ext\u00e9rieur.\" \/>\n<meta name=\"robots\" content=\"index, follow, max-snippet:-1, max-image-preview:large, max-video-preview:-1\" \/>\n<link rel=\"canonical\" href=\"https:\/\/www.danby.com\/fr\/products\/climatiseurs-portatifs\/dpa120e1bdb-6\/\" \/>\n<meta property=\"og:locale\" content=\"fr_CA\" \/>\n<meta property=\"og:type\" content=\"article\" \/>\n<meta property=\"og:title\" content=\"Danby 12,000 BTU Climatiseurs portatif - DPA120E1BDB-6 | Danby Canada\" \/>\n<meta property=\"og:description\" content=\"Un climatiseur efficace et fiable comme celui-ci de Danby est tout ce dont vous avez besoin pour rester au frais pendant les \u00e9t\u00e9s chauds. Ce mod\u00e8le portatif attrayant peut produire 12\u00a0000\u00a0BTU de refroidissement rafra\u00eechissant, ce qui le rend id\u00e9al pour les espaces de 550\u00a0pi2 et moins. L\u2019\u00e9cran DEL avec commandes \u00e9lectroniques facilite l\u2019ajustement des r\u00e9glages. Le filtre \u00e0 air est r\u00e9utilisable et le mod\u00e8le \u00e9cologique utilise du fluide frigorig\u00e8ne\u00a0R410A. Il est dot\u00e9 d\u2019un seul tuyau qui envoie de l\u2019air humide \u00e0 l\u2019ext\u00e9rieur.\" \/>\n<meta property=\"og:url\" content=\"https:\/\/www.danby.com\/fr\/products\/climatiseurs-portatifs\/dpa120e1bdb-6\/\" \/>\n<meta property=\"og:site_name\" content=\"Danby - Canada - French\" \/>\n<meta property=\"article:publisher\" content=\"https:\/\/www.facebook.com\/DanbyAppliances\" \/>\n<meta property=\"article:modified_time\" content=\"2026-04-19T10:08:45+00:00\" \/>\n<meta property=\"og:image\" content=\"https:\/\/cdnweb.danby.com\/wp-content\/uploads\/sites\/2\/2022\/02\/09170013\/DPA120E1BDB-6_right_Farenheit_blue.jpg\" \/>\n\t<meta property=\"og:image:width\" content=\"1500\" \/>\n\t<meta property=\"og:image:height\" content=\"2410\" \/>\n\t<meta property=\"og:image:type\" content=\"image\/jpeg\" \/>\n<meta name=\"twitter:card\" content=\"summary_large_image\" \/>\n<meta name=\"twitter:site\" content=\"@DanbyAppliance\" \/>\n<script type=\"application\/ld+json\" class=\"yoast-schema-graph\">{\"@context\":\"https:\/\/schema.org\",\"@graph\":[{\"@type\":[\"WebPage\",\"ItemPage\"],\"url\":\"https:\/\/www.danby.com\/fr\/products\/climatiseurs-portatifs\/dpa120e1bdb-6\/\",\"name\":\"Danby 12,000 BTU Climatiseurs portatif - DPA120E1BDB-6 | Danby Canada\",\"isPartOf\":[],\"primaryImageOfPage\":[],\"image\":[],\"thumbnailUrl\":\"https:\/\/cdnweb.danby.com\/wp-content\/uploads\/sites\/2\/2022\/02\/09170013\/DPA120E1BDB-6_right_Farenheit_blue.jpg\",\"datePublished\":\"2022-02-03T19:19:56+00:00\",\"dateModified\":\"2026-04-19T10:08:45+00:00\",\"description\":\"Un climatiseur efficace et fiable comme celui-ci de Danby est tout ce dont vous avez besoin pour rester au frais pendant les \u00e9t\u00e9s chauds. Ce mod\u00e8le portatif attrayant peut produire 12\u00a0000\u00a0BTU de refroidissement rafra\u00eechissant, ce qui le rend id\u00e9al pour les espaces de 550\u00a0pi2 et moins. L\u2019\u00e9cran DEL avec commandes \u00e9lectroniques facilite l\u2019ajustement des r\u00e9glages. Le filtre \u00e0 air est r\u00e9utilisable et le mod\u00e8le \u00e9cologique utilise du fluide frigorig\u00e8ne\u00a0R410A. Il est dot\u00e9 d\u2019un seul tuyau qui envoie de l\u2019air humide \u00e0 l\u2019ext\u00e9rieur.\",\"breadcrumb\":[],\"inLanguage\":\"fr-CA\",\"potentialAction\":[{\"@type\":\"ReadAction\",\"target\":[\"https:\/\/www.danby.com\/fr\/products\/climatiseurs-portatifs\/dpa120e1bdb-6\/\"]}]},{\"@type\":\"ImageObject\",\"inLanguage\":\"fr-CA\",\"url\":\"https:\/\/cdnweb.danby.com\/wp-content\/uploads\/sites\/2\/2022\/02\/09170013\/DPA120E1BDB-6_right_Farenheit_blue.jpg\",\"contentUrl\":\"https:\/\/cdnweb.danby.com\/wp-content\/uploads\/sites\/2\/2022\/02\/09170013\/DPA120E1BDB-6_right_Farenheit_blue.jpg\",\"width\":1500,\"height\":2410},{\"@type\":\"BreadcrumbList\",\"itemListElement\":[{\"@type\":\"ListItem\",\"position\":1,\"name\":\"Home\",\"item\":\"https:\/\/www.danby.com\/fr\/\"},{\"@type\":\"ListItem\",\"position\":2,\"name\":\"Boutique\",\"item\":\"https:\/\/www.danby.com\/fr\/boutique\/\"},{\"@type\":\"ListItem\",\"position\":3,\"name\":\"Danby 12,000 BTU Climatiseurs portatif\"}]},{\"@type\":\"WebSite\",\"url\":\"https:\/\/www.danby.com\/fr\/\",\"name\":\"Danby - Canada - French\",\"description\":\"Leader dans le domaine de la r\u00e9frig\u00e9ration et des appareils sp\u00e9cialis\u00e9s\",\"publisher\":[],\"potentialAction\":[{\"@type\":\"SearchAction\",\"target\":{\"@type\":\"EntryPoint\",\"urlTemplate\":\"https:\/\/www.danby.com\/fr\/?s={search_term_string}\"},\"query-input\":{\"@type\":\"PropertyValueSpecification\",\"valueRequired\":true,\"valueName\":\"search_term_string\"}}],\"inLanguage\":\"fr-CA\"},{\"@type\":\"Organization\",\"name\":\"Danby Appliances\",\"url\":\"https:\/\/www.danby.com\/fr\/\",\"logo\":{\"@type\":\"ImageObject\",\"inLanguage\":\"fr-CA\",\"url\":\"https:\/\/cdnweb.danby.com\/wp-content\/uploads\/sites\/2\/2022\/02\/10141906\/Danby75Ans_Blue.png\",\"contentUrl\":\"https:\/\/cdnweb.danby.com\/wp-content\/uploads\/sites\/2\/2022\/02\/10141906\/Danby75Ans_Blue.png\",\"width\":470,\"height\":110,\"caption\":\"Danby Appliances\"},\"image\":[],\"sameAs\":[\"https:\/\/www.facebook.com\/DanbyAppliances\",\"https:\/\/x.com\/DanbyAppliance\",\"https:\/\/instagram.com\/danbyappliances\/\",\"https:\/\/www.linkedin.com\/company\/danbyappliances\",\"https:\/\/www.pinterest.ca\/danbyappliances\/\",\"https:\/\/www.youtube.com\/user\/DanbyProducts\",\"https:\/\/en.wikipedia.org\/wiki\/Danby_(appliances)\"]}]}<\/script>\n<!-- \/ Yoast SEO plugin. -->","yoast_head_json":{"title":"Danby 12,000 BTU Climatiseurs portatif - DPA120E1BDB-6 | Danby Canada","description":"Un climatiseur efficace et fiable comme celui-ci de Danby est tout ce dont vous avez besoin pour rester au frais pendant les \u00e9t\u00e9s chauds. Ce mod\u00e8le portatif attrayant peut produire 12\u00a0000\u00a0BTU de refroidissement rafra\u00eechissant, ce qui le rend id\u00e9al pour les espaces de 550\u00a0pi2 et moins. L\u2019\u00e9cran DEL avec commandes \u00e9lectroniques facilite l\u2019ajustement des r\u00e9glages. Le filtre \u00e0 air est r\u00e9utilisable et le mod\u00e8le \u00e9cologique utilise du fluide frigorig\u00e8ne\u00a0R410A. Il est dot\u00e9 d\u2019un seul tuyau qui envoie de l\u2019air humide \u00e0 l\u2019ext\u00e9rieur.","robots":{"index":"index","follow":"follow","max-snippet":"max-snippet:-1","max-image-preview":"max-image-preview:large","max-video-preview":"max-video-preview:-1"},"canonical":"https:\/\/www.danby.com\/fr\/products\/climatiseurs-portatifs\/dpa120e1bdb-6\/","og_locale":"fr_CA","og_type":"article","og_title":"Danby 12,000 BTU Climatiseurs portatif - DPA120E1BDB-6 | Danby Canada","og_description":"Un climatiseur efficace et fiable comme celui-ci de Danby est tout ce dont vous avez besoin pour rester au frais pendant les \u00e9t\u00e9s chauds. Ce mod\u00e8le portatif attrayant peut produire 12\u00a0000\u00a0BTU de refroidissement rafra\u00eechissant, ce qui le rend id\u00e9al pour les espaces de 550\u00a0pi2 et moins. L\u2019\u00e9cran DEL avec commandes \u00e9lectroniques facilite l\u2019ajustement des r\u00e9glages. Le filtre \u00e0 air est r\u00e9utilisable et le mod\u00e8le \u00e9cologique utilise du fluide frigorig\u00e8ne\u00a0R410A. Il est dot\u00e9 d\u2019un seul tuyau qui envoie de l\u2019air humide \u00e0 l\u2019ext\u00e9rieur.","og_url":"https:\/\/www.danby.com\/fr\/products\/climatiseurs-portatifs\/dpa120e1bdb-6\/","og_site_name":"Danby - Canada - French","article_publisher":"https:\/\/www.facebook.com\/DanbyAppliances","article_modified_time":"2026-04-19T10:08:45+00:00","og_image":[{"width":1500,"height":2410,"url":"https:\/\/cdnweb.danby.com\/wp-content\/uploads\/sites\/2\/2022\/02\/09170013\/DPA120E1BDB-6_right_Farenheit_blue.jpg","type":"image\/jpeg"}],"twitter_card":"summary_large_image","twitter_site":"@DanbyAppliance","schema":{"@context":"https:\/\/schema.org","@graph":[{"@type":["WebPage","ItemPage"],"url":"https:\/\/www.danby.com\/fr\/products\/climatiseurs-portatifs\/dpa120e1bdb-6\/","name":"Danby 12,000 BTU Climatiseurs portatif - DPA120E1BDB-6 | Danby Canada","isPartOf":[],"primaryImageOfPage":[],"image":[],"thumbnailUrl":"https:\/\/cdnweb.danby.com\/wp-content\/uploads\/sites\/2\/2022\/02\/09170013\/DPA120E1BDB-6_right_Farenheit_blue.jpg","datePublished":"2022-02-03T19:19:56+00:00","dateModified":"2026-04-19T10:08:45+00:00","description":"Un climatiseur efficace et fiable comme celui-ci de Danby est tout ce dont vous avez besoin pour rester au frais pendant les \u00e9t\u00e9s chauds. Ce mod\u00e8le portatif attrayant peut produire 12\u00a0000\u00a0BTU de refroidissement rafra\u00eechissant, ce qui le rend id\u00e9al pour les espaces de 550\u00a0pi2 et moins. L\u2019\u00e9cran DEL avec commandes \u00e9lectroniques facilite l\u2019ajustement des r\u00e9glages. Le filtre \u00e0 air est r\u00e9utilisable et le mod\u00e8le \u00e9cologique utilise du fluide frigorig\u00e8ne\u00a0R410A. Il est dot\u00e9 d\u2019un seul tuyau qui envoie de l\u2019air humide \u00e0 l\u2019ext\u00e9rieur.","breadcrumb":[],"inLanguage":"fr-CA","potentialAction":[{"@type":"ReadAction","target":["https:\/\/www.danby.com\/fr\/products\/climatiseurs-portatifs\/dpa120e1bdb-6\/"]}]},{"@type":"ImageObject","inLanguage":"fr-CA","url":"https:\/\/cdnweb.danby.com\/wp-content\/uploads\/sites\/2\/2022\/02\/09170013\/DPA120E1BDB-6_right_Farenheit_blue.jpg","contentUrl":"https:\/\/cdnweb.danby.com\/wp-content\/uploads\/sites\/2\/2022\/02\/09170013\/DPA120E1BDB-6_right_Farenheit_blue.jpg","width":1500,"height":2410},{"@type":"BreadcrumbList","itemListElement":[{"@type":"ListItem","position":1,"name":"Home","item":"https:\/\/www.danby.com\/fr\/"},{"@type":"ListItem","position":2,"name":"Boutique","item":"https:\/\/www.danby.com\/fr\/boutique\/"},{"@type":"ListItem","position":3,"name":"Danby 12,000 BTU Climatiseurs portatif"}]},{"@type":"WebSite","url":"https:\/\/www.danby.com\/fr\/","name":"Danby - Canada - French","description":"Leader dans le domaine de la r\u00e9frig\u00e9ration et des appareils sp\u00e9cialis\u00e9s","publisher":[],"potentialAction":[{"@type":"SearchAction","target":{"@type":"EntryPoint","urlTemplate":"https:\/\/www.danby.com\/fr\/?s={search_term_string}"},"query-input":{"@type":"PropertyValueSpecification","valueRequired":true,"valueName":"search_term_string"}}],"inLanguage":"fr-CA"},{"@type":"Organization","name":"Danby Appliances","url":"https:\/\/www.danby.com\/fr\/","logo":{"@type":"ImageObject","inLanguage":"fr-CA","url":"https:\/\/cdnweb.danby.com\/wp-content\/uploads\/sites\/2\/2022\/02\/10141906\/Danby75Ans_Blue.png","contentUrl":"https:\/\/cdnweb.danby.com\/wp-content\/uploads\/sites\/2\/2022\/02\/10141906\/Danby75Ans_Blue.png","width":470,"height":110,"caption":"Danby Appliances"},"image":[],"sameAs":["https:\/\/www.facebook.com\/DanbyAppliances","https:\/\/x.com\/DanbyAppliance","https:\/\/instagram.com\/danbyappliances\/","https:\/\/www.linkedin.com\/company\/danbyappliances","https:\/\/www.pinterest.ca\/danbyappliances\/","https:\/\/www.youtube.com\/user\/DanbyProducts","https:\/\/en.wikipedia.org\/wiki\/Danby_(appliances)"]}]}},"post_mailing_queue_ids":[],"_links":{"self":[{"href":"https:\/\/www.danby.com\/fr\/wp-json\/wp\/v2\/product\/5126","targetHints":{"allow":["GET"]}}],"collection":[{"href":"https:\/\/www.danby.com\/fr\/wp-json\/wp\/v2\/product"}],"about":[{"href":"https:\/\/www.danby.com\/fr\/wp-json\/wp\/v2\/types\/product"}],"replies":[{"embeddable":true,"href":"https:\/\/www.danby.com\/fr\/wp-json\/wp\/v2\/comments?post=5126"}],"wp:featuredmedia":[{"embeddable":true,"href":"https:\/\/www.danby.com\/fr\/wp-json\/wp\/v2\/media\/12848"}],"wp:attachment":[{"href":"https:\/\/www.danby.com\/fr\/wp-json\/wp\/v2\/media?parent=5126"}],"wp:term":[{"taxonomy":"product_brand","embeddable":true,"href":"https:\/\/www.danby.com\/fr\/wp-json\/wp\/v2\/product_brand?post=5126"},{"taxonomy":"product_cat","embeddable":true,"href":"https:\/\/www.danby.com\/fr\/wp-json\/wp\/v2\/product_cat?post=5126"},{"taxonomy":"product_tag","embeddable":true,"href":"https:\/\/www.danby.com\/fr\/wp-json\/wp\/v2\/product_tag?post=5126"}],"curies":[{"name":"wp","href":"https:\/\/api.w.org\/{rel}","templated":true}]}}