{"id":5124,"date":"2022-02-03T19:19:56","date_gmt":"2022-02-03T19:19:56","guid":{"rendered":"https:\/\/www.danby.com\/fr\/product\/dpa120cb7wdb\/"},"modified":"2026-04-06T10:06:00","modified_gmt":"2026-04-06T10:06:00","slug":"dpa120cb7wdb","status":"publish","type":"product","link":"https:\/\/www.danby.com\/fr\/products\/climatiseurs-portatifs\/dpa120cb7wdb\/","title":{"rendered":"Danby 12,000 BTU Climatiseurs portatif"},"content":{"rendered":"","protected":false},"excerpt":{"rendered":"<ul>\n<li>Climatiseur de 12,000 BTU capable de rafra\u00eechir jusqu\u2019\u00e0 550 pieds carr\u00e9s<\/li>\n<li>R\u00e9frig\u00e9rant \u00e9cologique R410A<\/li>\n<li>Conception \u00e0 tuyau simple<\/li>\n<li>Filtre \u00e0 air amovible<\/li>\n<li>Commandes \u00e9lectroniques avec t\u00e9l\u00e9commande et affichage \u00e0 DEL<\/li>\n<li>Fonction d\u00e9shumidificateur \u00e0 \u00e9vacuation directe, permettant de contr\u00f4ler le niveau d\u2019humidit\u00e9 dans de grandes surfaces d\u2019habitation<\/li>\n<li>Dispositif de mise en marche\/arr\u00eat automatique : vous permet de faire d\u00e9marrer ou d\u2019arr\u00eater l\u2019appareil en fonction de votre horaire<\/li>\n<li>Balayage automatique<\/li>\n<li>Poign\u00e9es et roulettes encastr\u00e9es vous permettant de d\u00e9placer facilement l\u2019appareil d\u2019une pi\u00e8ce \u00e0 l\u2019autre<\/li>\n<li>S\u2019int\u00e8gre ais\u00e9ment aux portes coulissantes en verre, fen\u00eatres coulissantes et fen\u00eatres \u00e0 guillotine double<\/li>\n<li>Longueur du tuyau flexible de sortie : 150 cm (59 1\/16 po)<\/li>\n<li>Temp\u00e9rature r\u00e9glable de 17\u00baC \u00e0 30\u00baC (62\u00baF \u00e0 86\u00baF)<\/li>\n<\/ul>\n","protected":false},"featured_media":8382,"comment_status":"closed","ping_status":"open","template":"","meta":{"_acf_changed":false},"product_brand":[],"product_cat":[35],"product_tag":[],"class_list":{"0":"post-5124","1":"product","2":"type-product","3":"status-publish","4":"has-post-thumbnail","6":"product_cat-climatiseurs-portatifs","8":"first","9":"outofstock","10":"taxable","11":"shipping-taxable","12":"product-type-simple"},"acf":[],"yoast_head":"<!-- This site is optimized with the Yoast SEO plugin v26.7 - https:\/\/yoast.com\/wordpress\/plugins\/seo\/ -->\n<title>Danby 12,000 BTU Climatiseurs portatif - DPA120CB7WDB | Danby Canada<\/title>\n<meta name=\"description\" content=\"Aucun doute n&#039;est permis, certains aiment quand il fait chaud. Mais la plupart des gens pr\u00e9f\u00e8rent se trouver au frais quand la chaleur \u00e9touffante de l&#039;\u00e9t\u00e9 s\u00e9vit, et cet appareil Danby, dur \u00e0 l\u2019ouvrage, peut facilement y contribuer. Cette unit\u00e9 haut-de-gamme est essentiellement un syst\u00e8me de confort au foyer, capable d&#039;effectuer trois diff\u00e9rentes op\u00e9rations. Vous y trouverez un ventilateur, un d\u00e9shumidificateur et un climatiseur dans un seul appareil. Quelle que soit la temp\u00e9rature que mijote M\u00e8re Nature, vous y serez pr\u00e9par\u00e9 \u00e0 l&#039;ann\u00e9e longue. Ce syst\u00e8me ultra-moderne trois en un d&#039;une capacit\u00e9 de 12 000 BTU, peut couvrir un espace allant jusqu&#039;\u00e0 550 pieds carr\u00e9s, ce qui en fait le choix parfait pour n&#039;importe quelle pi\u00e8ce de votre demeure ou de votre bureau. Ce mod\u00e8le est programm\u00e9 et contr\u00f4l\u00e9 gr\u00e2ce \u00e0 des commandes \u00e9lectroniques \u00e0 affichage \u00e0 DEL \u00e0 la fine pointe de la technologie ou au moyen d&#039;une pratique t\u00e9l\u00e9commande. Le d\u00e9shumidificateur de grande capacit\u00e9, permet d&#039;\u00e9liminer quotidiennement jusqu&#039;\u00e0 54 chopines d&#039;humidit\u00e9 ind\u00e9sirable, par le biais de son syst\u00e8me d&#039;\u00e9vacuation directe. Le puissant ventilateur affiche trois options de vitesse et l\u2019appareil utilise le r\u00e9frig\u00e9rant \u00e9cologique R410A. Cette unit\u00e9 est dot\u00e9e d&#039;un dispositif intelligent de mise en marche\/arr\u00eat automatique, qui vous permet de la faire d\u00e9marrer ou de l\u2019arr\u00eater en fonction de votre horaire et les pratiques roulettes et poign\u00e9es int\u00e9gr\u00e9es, en facilitent le d\u00e9placement d&#039;une pi\u00e8ce \u00e0 l&#039;autre. Ce mod\u00e8le de pointe est muni d&#039;une garantie de 12 mois couvrant les pi\u00e8ces, la main-d&#039;oeuvre et le service \u00e0 domicile. ce.\" \/>\n<meta name=\"robots\" content=\"index, follow, max-snippet:-1, max-image-preview:large, max-video-preview:-1\" \/>\n<link rel=\"canonical\" href=\"https:\/\/www.danby.com\/fr\/products\/climatiseurs-portatifs\/dpa120cb7wdb\/\" \/>\n<meta property=\"og:locale\" content=\"fr_CA\" \/>\n<meta property=\"og:type\" content=\"article\" \/>\n<meta property=\"og:title\" content=\"Danby 12,000 BTU Climatiseurs portatif - DPA120CB7WDB | Danby Canada\" \/>\n<meta property=\"og:description\" content=\"Aucun doute n&#039;est permis, certains aiment quand il fait chaud. Mais la plupart des gens pr\u00e9f\u00e8rent se trouver au frais quand la chaleur \u00e9touffante de l&#039;\u00e9t\u00e9 s\u00e9vit, et cet appareil Danby, dur \u00e0 l\u2019ouvrage, peut facilement y contribuer. Cette unit\u00e9 haut-de-gamme est essentiellement un syst\u00e8me de confort au foyer, capable d&#039;effectuer trois diff\u00e9rentes op\u00e9rations. Vous y trouverez un ventilateur, un d\u00e9shumidificateur et un climatiseur dans un seul appareil. Quelle que soit la temp\u00e9rature que mijote M\u00e8re Nature, vous y serez pr\u00e9par\u00e9 \u00e0 l&#039;ann\u00e9e longue. Ce syst\u00e8me ultra-moderne trois en un d&#039;une capacit\u00e9 de 12 000 BTU, peut couvrir un espace allant jusqu&#039;\u00e0 550 pieds carr\u00e9s, ce qui en fait le choix parfait pour n&#039;importe quelle pi\u00e8ce de votre demeure ou de votre bureau. Ce mod\u00e8le est programm\u00e9 et contr\u00f4l\u00e9 gr\u00e2ce \u00e0 des commandes \u00e9lectroniques \u00e0 affichage \u00e0 DEL \u00e0 la fine pointe de la technologie ou au moyen d&#039;une pratique t\u00e9l\u00e9commande. Le d\u00e9shumidificateur de grande capacit\u00e9, permet d&#039;\u00e9liminer quotidiennement jusqu&#039;\u00e0 54 chopines d&#039;humidit\u00e9 ind\u00e9sirable, par le biais de son syst\u00e8me d&#039;\u00e9vacuation directe. Le puissant ventilateur affiche trois options de vitesse et l\u2019appareil utilise le r\u00e9frig\u00e9rant \u00e9cologique R410A. Cette unit\u00e9 est dot\u00e9e d&#039;un dispositif intelligent de mise en marche\/arr\u00eat automatique, qui vous permet de la faire d\u00e9marrer ou de l\u2019arr\u00eater en fonction de votre horaire et les pratiques roulettes et poign\u00e9es int\u00e9gr\u00e9es, en facilitent le d\u00e9placement d&#039;une pi\u00e8ce \u00e0 l&#039;autre. Ce mod\u00e8le de pointe est muni d&#039;une garantie de 12 mois couvrant les pi\u00e8ces, la main-d&#039;oeuvre et le service \u00e0 domicile. ce.\" \/>\n<meta property=\"og:url\" content=\"https:\/\/www.danby.com\/fr\/products\/climatiseurs-portatifs\/dpa120cb7wdb\/\" \/>\n<meta property=\"og:site_name\" content=\"Danby - Canada - French\" \/>\n<meta property=\"article:publisher\" content=\"https:\/\/www.facebook.com\/DanbyAppliances\" \/>\n<meta property=\"article:modified_time\" content=\"2026-04-06T10:06:00+00:00\" \/>\n<meta property=\"og:image\" content=\"https:\/\/cdnweb.danby.com\/wp-content\/uploads\/sites\/2\/2022\/02\/08204125\/DPA120CB7WDB_Right.jpg\" \/>\n\t<meta property=\"og:image:width\" content=\"1500\" \/>\n\t<meta property=\"og:image:height\" content=\"2376\" \/>\n\t<meta property=\"og:image:type\" content=\"image\/jpeg\" \/>\n<meta name=\"twitter:card\" content=\"summary_large_image\" \/>\n<meta name=\"twitter:site\" content=\"@DanbyAppliance\" \/>\n<script type=\"application\/ld+json\" class=\"yoast-schema-graph\">{\"@context\":\"https:\/\/schema.org\",\"@graph\":[{\"@type\":[\"WebPage\",\"ItemPage\"],\"url\":\"https:\/\/www.danby.com\/fr\/products\/climatiseurs-portatifs\/dpa120cb7wdb\/\",\"name\":\"Danby 12,000 BTU Climatiseurs portatif - DPA120CB7WDB | Danby Canada\",\"isPartOf\":[],\"primaryImageOfPage\":[],\"image\":[],\"thumbnailUrl\":\"https:\/\/cdnweb.danby.com\/wp-content\/uploads\/sites\/2\/2022\/02\/08204125\/DPA120CB7WDB_Right.jpg\",\"datePublished\":\"2022-02-03T19:19:56+00:00\",\"dateModified\":\"2026-04-06T10:06:00+00:00\",\"description\":\"Aucun doute n'est permis, certains aiment quand il fait chaud. Mais la plupart des gens pr\u00e9f\u00e8rent se trouver au frais quand la chaleur \u00e9touffante de l'\u00e9t\u00e9 s\u00e9vit, et cet appareil Danby, dur \u00e0 l\u2019ouvrage, peut facilement y contribuer. Cette unit\u00e9 haut-de-gamme est essentiellement un syst\u00e8me de confort au foyer, capable d'effectuer trois diff\u00e9rentes op\u00e9rations. Vous y trouverez un ventilateur, un d\u00e9shumidificateur et un climatiseur dans un seul appareil. Quelle que soit la temp\u00e9rature que mijote M\u00e8re Nature, vous y serez pr\u00e9par\u00e9 \u00e0 l'ann\u00e9e longue. Ce syst\u00e8me ultra-moderne trois en un d'une capacit\u00e9 de 12 000 BTU, peut couvrir un espace allant jusqu'\u00e0 550 pieds carr\u00e9s, ce qui en fait le choix parfait pour n'importe quelle pi\u00e8ce de votre demeure ou de votre bureau. Ce mod\u00e8le est programm\u00e9 et contr\u00f4l\u00e9 gr\u00e2ce \u00e0 des commandes \u00e9lectroniques \u00e0 affichage \u00e0 DEL \u00e0 la fine pointe de la technologie ou au moyen d'une pratique t\u00e9l\u00e9commande. Le d\u00e9shumidificateur de grande capacit\u00e9, permet d'\u00e9liminer quotidiennement jusqu'\u00e0 54 chopines d'humidit\u00e9 ind\u00e9sirable, par le biais de son syst\u00e8me d'\u00e9vacuation directe. Le puissant ventilateur affiche trois options de vitesse et l\u2019appareil utilise le r\u00e9frig\u00e9rant \u00e9cologique R410A. Cette unit\u00e9 est dot\u00e9e d'un dispositif intelligent de mise en marche\/arr\u00eat automatique, qui vous permet de la faire d\u00e9marrer ou de l\u2019arr\u00eater en fonction de votre horaire et les pratiques roulettes et poign\u00e9es int\u00e9gr\u00e9es, en facilitent le d\u00e9placement d'une pi\u00e8ce \u00e0 l'autre. Ce mod\u00e8le de pointe est muni d'une garantie de 12 mois couvrant les pi\u00e8ces, la main-d'oeuvre et le service \u00e0 domicile. ce.\",\"breadcrumb\":[],\"inLanguage\":\"fr-CA\",\"potentialAction\":[{\"@type\":\"ReadAction\",\"target\":[\"https:\/\/www.danby.com\/fr\/products\/climatiseurs-portatifs\/dpa120cb7wdb\/\"]}]},{\"@type\":\"ImageObject\",\"inLanguage\":\"fr-CA\",\"url\":\"https:\/\/cdnweb.danby.com\/wp-content\/uploads\/sites\/2\/2022\/02\/08204125\/DPA120CB7WDB_Right.jpg\",\"contentUrl\":\"https:\/\/cdnweb.danby.com\/wp-content\/uploads\/sites\/2\/2022\/02\/08204125\/DPA120CB7WDB_Right.jpg\",\"width\":1500,\"height\":2376},{\"@type\":\"BreadcrumbList\",\"itemListElement\":[{\"@type\":\"ListItem\",\"position\":1,\"name\":\"Home\",\"item\":\"https:\/\/www.danby.com\/fr\/\"},{\"@type\":\"ListItem\",\"position\":2,\"name\":\"Boutique\",\"item\":\"https:\/\/www.danby.com\/fr\/boutique\/\"},{\"@type\":\"ListItem\",\"position\":3,\"name\":\"Danby 12,000 BTU Climatiseurs portatif\"}]},{\"@type\":\"WebSite\",\"url\":\"https:\/\/www.danby.com\/fr\/\",\"name\":\"Danby - Canada - French\",\"description\":\"Leader dans le domaine de la r\u00e9frig\u00e9ration et des appareils sp\u00e9cialis\u00e9s\",\"publisher\":[],\"potentialAction\":[{\"@type\":\"SearchAction\",\"target\":{\"@type\":\"EntryPoint\",\"urlTemplate\":\"https:\/\/www.danby.com\/fr\/?s={search_term_string}\"},\"query-input\":{\"@type\":\"PropertyValueSpecification\",\"valueRequired\":true,\"valueName\":\"search_term_string\"}}],\"inLanguage\":\"fr-CA\"},{\"@type\":\"Organization\",\"name\":\"Danby Appliances\",\"url\":\"https:\/\/www.danby.com\/fr\/\",\"logo\":{\"@type\":\"ImageObject\",\"inLanguage\":\"fr-CA\",\"url\":\"https:\/\/cdnweb.danby.com\/wp-content\/uploads\/sites\/2\/2022\/02\/10141906\/Danby75Ans_Blue.png\",\"contentUrl\":\"https:\/\/cdnweb.danby.com\/wp-content\/uploads\/sites\/2\/2022\/02\/10141906\/Danby75Ans_Blue.png\",\"width\":470,\"height\":110,\"caption\":\"Danby Appliances\"},\"image\":[],\"sameAs\":[\"https:\/\/www.facebook.com\/DanbyAppliances\",\"https:\/\/x.com\/DanbyAppliance\",\"https:\/\/instagram.com\/danbyappliances\/\",\"https:\/\/www.linkedin.com\/company\/danbyappliances\",\"https:\/\/www.pinterest.ca\/danbyappliances\/\",\"https:\/\/www.youtube.com\/user\/DanbyProducts\",\"https:\/\/en.wikipedia.org\/wiki\/Danby_(appliances)\"]}]}<\/script>\n<!-- \/ Yoast SEO plugin. -->","yoast_head_json":{"title":"Danby 12,000 BTU Climatiseurs portatif - DPA120CB7WDB | Danby Canada","description":"Aucun doute n'est permis, certains aiment quand il fait chaud. Mais la plupart des gens pr\u00e9f\u00e8rent se trouver au frais quand la chaleur \u00e9touffante de l'\u00e9t\u00e9 s\u00e9vit, et cet appareil Danby, dur \u00e0 l\u2019ouvrage, peut facilement y contribuer. Cette unit\u00e9 haut-de-gamme est essentiellement un syst\u00e8me de confort au foyer, capable d'effectuer trois diff\u00e9rentes op\u00e9rations. Vous y trouverez un ventilateur, un d\u00e9shumidificateur et un climatiseur dans un seul appareil. Quelle que soit la temp\u00e9rature que mijote M\u00e8re Nature, vous y serez pr\u00e9par\u00e9 \u00e0 l'ann\u00e9e longue. Ce syst\u00e8me ultra-moderne trois en un d'une capacit\u00e9 de 12 000 BTU, peut couvrir un espace allant jusqu'\u00e0 550 pieds carr\u00e9s, ce qui en fait le choix parfait pour n'importe quelle pi\u00e8ce de votre demeure ou de votre bureau. Ce mod\u00e8le est programm\u00e9 et contr\u00f4l\u00e9 gr\u00e2ce \u00e0 des commandes \u00e9lectroniques \u00e0 affichage \u00e0 DEL \u00e0 la fine pointe de la technologie ou au moyen d'une pratique t\u00e9l\u00e9commande. Le d\u00e9shumidificateur de grande capacit\u00e9, permet d'\u00e9liminer quotidiennement jusqu'\u00e0 54 chopines d'humidit\u00e9 ind\u00e9sirable, par le biais de son syst\u00e8me d'\u00e9vacuation directe. Le puissant ventilateur affiche trois options de vitesse et l\u2019appareil utilise le r\u00e9frig\u00e9rant \u00e9cologique R410A. Cette unit\u00e9 est dot\u00e9e d'un dispositif intelligent de mise en marche\/arr\u00eat automatique, qui vous permet de la faire d\u00e9marrer ou de l\u2019arr\u00eater en fonction de votre horaire et les pratiques roulettes et poign\u00e9es int\u00e9gr\u00e9es, en facilitent le d\u00e9placement d'une pi\u00e8ce \u00e0 l'autre. Ce mod\u00e8le de pointe est muni d'une garantie de 12 mois couvrant les pi\u00e8ces, la main-d'oeuvre et le service \u00e0 domicile. ce.","robots":{"index":"index","follow":"follow","max-snippet":"max-snippet:-1","max-image-preview":"max-image-preview:large","max-video-preview":"max-video-preview:-1"},"canonical":"https:\/\/www.danby.com\/fr\/products\/climatiseurs-portatifs\/dpa120cb7wdb\/","og_locale":"fr_CA","og_type":"article","og_title":"Danby 12,000 BTU Climatiseurs portatif - DPA120CB7WDB | Danby Canada","og_description":"Aucun doute n'est permis, certains aiment quand il fait chaud. Mais la plupart des gens pr\u00e9f\u00e8rent se trouver au frais quand la chaleur \u00e9touffante de l'\u00e9t\u00e9 s\u00e9vit, et cet appareil Danby, dur \u00e0 l\u2019ouvrage, peut facilement y contribuer. Cette unit\u00e9 haut-de-gamme est essentiellement un syst\u00e8me de confort au foyer, capable d'effectuer trois diff\u00e9rentes op\u00e9rations. Vous y trouverez un ventilateur, un d\u00e9shumidificateur et un climatiseur dans un seul appareil. Quelle que soit la temp\u00e9rature que mijote M\u00e8re Nature, vous y serez pr\u00e9par\u00e9 \u00e0 l'ann\u00e9e longue. Ce syst\u00e8me ultra-moderne trois en un d'une capacit\u00e9 de 12 000 BTU, peut couvrir un espace allant jusqu'\u00e0 550 pieds carr\u00e9s, ce qui en fait le choix parfait pour n'importe quelle pi\u00e8ce de votre demeure ou de votre bureau. Ce mod\u00e8le est programm\u00e9 et contr\u00f4l\u00e9 gr\u00e2ce \u00e0 des commandes \u00e9lectroniques \u00e0 affichage \u00e0 DEL \u00e0 la fine pointe de la technologie ou au moyen d'une pratique t\u00e9l\u00e9commande. Le d\u00e9shumidificateur de grande capacit\u00e9, permet d'\u00e9liminer quotidiennement jusqu'\u00e0 54 chopines d'humidit\u00e9 ind\u00e9sirable, par le biais de son syst\u00e8me d'\u00e9vacuation directe. Le puissant ventilateur affiche trois options de vitesse et l\u2019appareil utilise le r\u00e9frig\u00e9rant \u00e9cologique R410A. Cette unit\u00e9 est dot\u00e9e d'un dispositif intelligent de mise en marche\/arr\u00eat automatique, qui vous permet de la faire d\u00e9marrer ou de l\u2019arr\u00eater en fonction de votre horaire et les pratiques roulettes et poign\u00e9es int\u00e9gr\u00e9es, en facilitent le d\u00e9placement d'une pi\u00e8ce \u00e0 l'autre. Ce mod\u00e8le de pointe est muni d'une garantie de 12 mois couvrant les pi\u00e8ces, la main-d'oeuvre et le service \u00e0 domicile. ce.","og_url":"https:\/\/www.danby.com\/fr\/products\/climatiseurs-portatifs\/dpa120cb7wdb\/","og_site_name":"Danby - Canada - French","article_publisher":"https:\/\/www.facebook.com\/DanbyAppliances","article_modified_time":"2026-04-06T10:06:00+00:00","og_image":[{"width":1500,"height":2376,"url":"https:\/\/cdnweb.danby.com\/wp-content\/uploads\/sites\/2\/2022\/02\/08204125\/DPA120CB7WDB_Right.jpg","type":"image\/jpeg"}],"twitter_card":"summary_large_image","twitter_site":"@DanbyAppliance","schema":{"@context":"https:\/\/schema.org","@graph":[{"@type":["WebPage","ItemPage"],"url":"https:\/\/www.danby.com\/fr\/products\/climatiseurs-portatifs\/dpa120cb7wdb\/","name":"Danby 12,000 BTU Climatiseurs portatif - DPA120CB7WDB | Danby Canada","isPartOf":[],"primaryImageOfPage":[],"image":[],"thumbnailUrl":"https:\/\/cdnweb.danby.com\/wp-content\/uploads\/sites\/2\/2022\/02\/08204125\/DPA120CB7WDB_Right.jpg","datePublished":"2022-02-03T19:19:56+00:00","dateModified":"2026-04-06T10:06:00+00:00","description":"Aucun doute n'est permis, certains aiment quand il fait chaud. Mais la plupart des gens pr\u00e9f\u00e8rent se trouver au frais quand la chaleur \u00e9touffante de l'\u00e9t\u00e9 s\u00e9vit, et cet appareil Danby, dur \u00e0 l\u2019ouvrage, peut facilement y contribuer. Cette unit\u00e9 haut-de-gamme est essentiellement un syst\u00e8me de confort au foyer, capable d'effectuer trois diff\u00e9rentes op\u00e9rations. Vous y trouverez un ventilateur, un d\u00e9shumidificateur et un climatiseur dans un seul appareil. Quelle que soit la temp\u00e9rature que mijote M\u00e8re Nature, vous y serez pr\u00e9par\u00e9 \u00e0 l'ann\u00e9e longue. Ce syst\u00e8me ultra-moderne trois en un d'une capacit\u00e9 de 12 000 BTU, peut couvrir un espace allant jusqu'\u00e0 550 pieds carr\u00e9s, ce qui en fait le choix parfait pour n'importe quelle pi\u00e8ce de votre demeure ou de votre bureau. Ce mod\u00e8le est programm\u00e9 et contr\u00f4l\u00e9 gr\u00e2ce \u00e0 des commandes \u00e9lectroniques \u00e0 affichage \u00e0 DEL \u00e0 la fine pointe de la technologie ou au moyen d'une pratique t\u00e9l\u00e9commande. Le d\u00e9shumidificateur de grande capacit\u00e9, permet d'\u00e9liminer quotidiennement jusqu'\u00e0 54 chopines d'humidit\u00e9 ind\u00e9sirable, par le biais de son syst\u00e8me d'\u00e9vacuation directe. Le puissant ventilateur affiche trois options de vitesse et l\u2019appareil utilise le r\u00e9frig\u00e9rant \u00e9cologique R410A. Cette unit\u00e9 est dot\u00e9e d'un dispositif intelligent de mise en marche\/arr\u00eat automatique, qui vous permet de la faire d\u00e9marrer ou de l\u2019arr\u00eater en fonction de votre horaire et les pratiques roulettes et poign\u00e9es int\u00e9gr\u00e9es, en facilitent le d\u00e9placement d'une pi\u00e8ce \u00e0 l'autre. Ce mod\u00e8le de pointe est muni d'une garantie de 12 mois couvrant les pi\u00e8ces, la main-d'oeuvre et le service \u00e0 domicile. ce.","breadcrumb":[],"inLanguage":"fr-CA","potentialAction":[{"@type":"ReadAction","target":["https:\/\/www.danby.com\/fr\/products\/climatiseurs-portatifs\/dpa120cb7wdb\/"]}]},{"@type":"ImageObject","inLanguage":"fr-CA","url":"https:\/\/cdnweb.danby.com\/wp-content\/uploads\/sites\/2\/2022\/02\/08204125\/DPA120CB7WDB_Right.jpg","contentUrl":"https:\/\/cdnweb.danby.com\/wp-content\/uploads\/sites\/2\/2022\/02\/08204125\/DPA120CB7WDB_Right.jpg","width":1500,"height":2376},{"@type":"BreadcrumbList","itemListElement":[{"@type":"ListItem","position":1,"name":"Home","item":"https:\/\/www.danby.com\/fr\/"},{"@type":"ListItem","position":2,"name":"Boutique","item":"https:\/\/www.danby.com\/fr\/boutique\/"},{"@type":"ListItem","position":3,"name":"Danby 12,000 BTU Climatiseurs portatif"}]},{"@type":"WebSite","url":"https:\/\/www.danby.com\/fr\/","name":"Danby - Canada - French","description":"Leader dans le domaine de la r\u00e9frig\u00e9ration et des appareils sp\u00e9cialis\u00e9s","publisher":[],"potentialAction":[{"@type":"SearchAction","target":{"@type":"EntryPoint","urlTemplate":"https:\/\/www.danby.com\/fr\/?s={search_term_string}"},"query-input":{"@type":"PropertyValueSpecification","valueRequired":true,"valueName":"search_term_string"}}],"inLanguage":"fr-CA"},{"@type":"Organization","name":"Danby Appliances","url":"https:\/\/www.danby.com\/fr\/","logo":{"@type":"ImageObject","inLanguage":"fr-CA","url":"https:\/\/cdnweb.danby.com\/wp-content\/uploads\/sites\/2\/2022\/02\/10141906\/Danby75Ans_Blue.png","contentUrl":"https:\/\/cdnweb.danby.com\/wp-content\/uploads\/sites\/2\/2022\/02\/10141906\/Danby75Ans_Blue.png","width":470,"height":110,"caption":"Danby Appliances"},"image":[],"sameAs":["https:\/\/www.facebook.com\/DanbyAppliances","https:\/\/x.com\/DanbyAppliance","https:\/\/instagram.com\/danbyappliances\/","https:\/\/www.linkedin.com\/company\/danbyappliances","https:\/\/www.pinterest.ca\/danbyappliances\/","https:\/\/www.youtube.com\/user\/DanbyProducts","https:\/\/en.wikipedia.org\/wiki\/Danby_(appliances)"]}]}},"post_mailing_queue_ids":[],"_links":{"self":[{"href":"https:\/\/www.danby.com\/fr\/wp-json\/wp\/v2\/product\/5124","targetHints":{"allow":["GET"]}}],"collection":[{"href":"https:\/\/www.danby.com\/fr\/wp-json\/wp\/v2\/product"}],"about":[{"href":"https:\/\/www.danby.com\/fr\/wp-json\/wp\/v2\/types\/product"}],"replies":[{"embeddable":true,"href":"https:\/\/www.danby.com\/fr\/wp-json\/wp\/v2\/comments?post=5124"}],"wp:featuredmedia":[{"embeddable":true,"href":"https:\/\/www.danby.com\/fr\/wp-json\/wp\/v2\/media\/8382"}],"wp:attachment":[{"href":"https:\/\/www.danby.com\/fr\/wp-json\/wp\/v2\/media?parent=5124"}],"wp:term":[{"taxonomy":"product_brand","embeddable":true,"href":"https:\/\/www.danby.com\/fr\/wp-json\/wp\/v2\/product_brand?post=5124"},{"taxonomy":"product_cat","embeddable":true,"href":"https:\/\/www.danby.com\/fr\/wp-json\/wp\/v2\/product_cat?post=5124"},{"taxonomy":"product_tag","embeddable":true,"href":"https:\/\/www.danby.com\/fr\/wp-json\/wp\/v2\/product_tag?post=5124"}],"curies":[{"name":"wp","href":"https:\/\/api.w.org\/{rel}","templated":true}]}}