{"id":5116,"date":"2022-02-03T19:19:56","date_gmt":"2022-02-03T19:19:56","guid":{"rendered":"https:\/\/www.danby.com\/fr\/product\/dpa120b1wb\/"},"modified":"2026-04-10T10:07:03","modified_gmt":"2026-04-10T10:07:03","slug":"dpa120b1wb","status":"publish","type":"product","link":"https:\/\/www.danby.com\/fr\/products\/climatiseurs-portatifs\/dpa120b1wb\/","title":{"rendered":"Danby 12000 BTU Climatiseurs portatif"},"content":{"rendered":"","protected":false},"excerpt":{"rendered":"<ul>\n<li>Le climatiseur de 12000 BTU refroidit environ 550 pieds carr\u00e9s.<\/li>\n<li>Capacit\u00e9 de 50 pintes (24 L) par 24 heures avec fonction de vidange directe<\/li>\n<li>Conception \u00e0 tuyau unique<\/li>\n<li>R\u00e9frig\u00e9rant R410A \u00e9cologique<\/li>\n<li>Commandes \u00e9lectroniques avec t\u00e9l\u00e9commande et affichage \u00e0 DEL<\/li>\n<li>Mise en marche\/arr\u00eat automatique : Faites en sorte que l&#8217;unit\u00e9 d\u00e9marre ou s&#8217;arr\u00eate en fonction de votre emploi du temps<\/li>\n<li>Commande \u00e9lectronique variable de la temp\u00e9rature<\/li>\n<li>Poign\u00e9es et roulettes int\u00e9gr\u00e9es vous permettant de d\u00e9placer facilement l&#8217;unit\u00e9 d&#8217;une pi\u00e8ce \u00e0 l&#8217;autre<\/li>\n<li>S&#8217;adapte facilement aux portes vitr\u00e9es coulissantes, aux fen\u00eatres coulissantes et \u00e0 guillotine<\/li>\n<li>Le kit d&#8217;installation de fen\u00eatre extensible s&#8217;adapte aux fen\u00eatres de 28 6\/16&#8243; \u00e0 79 15\/16&#8243;<\/li>\n<li>Longueur du tuyau d&#8217;\u00e9vacuation : 59 1\/16&#8243; (150 cm)<\/li>\n<\/ul>\n","protected":false},"featured_media":7244,"comment_status":"closed","ping_status":"open","template":"","meta":{"_acf_changed":false},"product_brand":[],"product_cat":[35],"product_tag":[],"class_list":{"0":"post-5116","1":"product","2":"type-product","3":"status-publish","4":"has-post-thumbnail","6":"product_cat-climatiseurs-portatifs","8":"first","9":"outofstock","10":"taxable","11":"shipping-taxable","12":"product-type-simple"},"acf":[],"yoast_head":"<!-- This site is optimized with the Yoast SEO plugin v26.7 - https:\/\/yoast.com\/wordpress\/plugins\/seo\/ -->\n<title>Danby 12000 BTU Climatiseurs portatif - DPA120B1WB | Danby Canada<\/title>\n<meta name=\"description\" content=\"Abaisser la temp\u00e9rature dans votre r\u00e9sidence devient une priorit\u00e9, lorsque les journ\u00e9es chaudes et humides de l\u2019\u00e9t\u00e9 font irruption \u00e0 votre porte. Cela peut se faire facilement, gr\u00e2ce \u00e0 ce climatiseur \u00e9volutif d\u2019une capacit\u00e9 de 12 000 BTU, con\u00e7u pour rafraichir les pi\u00e8ces d\u2019une surface allant jusqu\u2019\u00e0 500 pieds carr\u00e9s environ. Ce mod\u00e8le portatif, est pourvu d\u2019un dispositif mono-tuyau et d\u2019un syst\u00e8me d\u2019\u00e9vacuation directe d&#039;utilisation continue qui peut g\u00e9rer une capacit\u00e9 de 50 chopines par 24 heures. Il fonctionne en silence et en douceur, gr\u00e2ce au r\u00e9frig\u00e9rant \u00e9cologique R410A, con\u00e7u pour garder l&#039;air frais et pur. Le contr\u00f4le \u00e9lectronique de temp\u00e9rature variable avec affichage \u00e0 DEL est facile \u00e0 programmer et le dispositif de commande \u00e0 distance vous permet de g\u00e9rer l&#039;appareil, depuis n\u2019importe quel endroit dans la pi\u00e8ce. Il vous est loisible de programmer ce mod\u00e8le, de mani\u00e8re \u00e0 ce qu\u2019il se conforme \u00e0 votre horaire, \u00e0 l\u2019aide de la fonction marche\/arr\u00eat automatique; ainsi l\u2019appareil d\u00e9marrera et s\u2019arr\u00eatera selon les param\u00e8tres que vous aurez s\u00e9lectionn\u00e9s. Le d\u00e9placement du climatiseur d\u2019une pi\u00e8ce \u00e0 l\u2019autre est un jeu d\u2019enfant, gr\u00e2ce aux poign\u00e9es et roulettes int\u00e9gr\u00e9es. Cette unit\u00e9 de climatisation haut de gamme est \u00e9galement offerte avec une garantie de 12 mois sur les pi\u00e8ces et la main-d&#039;\u0153uvre.\" \/>\n<meta name=\"robots\" content=\"index, follow, max-snippet:-1, max-image-preview:large, max-video-preview:-1\" \/>\n<link rel=\"canonical\" href=\"https:\/\/www.danby.com\/fr\/products\/climatiseurs-portatifs\/dpa120b1wb\/\" \/>\n<meta property=\"og:locale\" content=\"fr_CA\" \/>\n<meta property=\"og:type\" content=\"article\" \/>\n<meta property=\"og:title\" content=\"Danby 12000 BTU Climatiseurs portatif - DPA120B1WB | Danby Canada\" \/>\n<meta property=\"og:description\" content=\"Abaisser la temp\u00e9rature dans votre r\u00e9sidence devient une priorit\u00e9, lorsque les journ\u00e9es chaudes et humides de l\u2019\u00e9t\u00e9 font irruption \u00e0 votre porte. Cela peut se faire facilement, gr\u00e2ce \u00e0 ce climatiseur \u00e9volutif d\u2019une capacit\u00e9 de 12 000 BTU, con\u00e7u pour rafraichir les pi\u00e8ces d\u2019une surface allant jusqu\u2019\u00e0 500 pieds carr\u00e9s environ. Ce mod\u00e8le portatif, est pourvu d\u2019un dispositif mono-tuyau et d\u2019un syst\u00e8me d\u2019\u00e9vacuation directe d&#039;utilisation continue qui peut g\u00e9rer une capacit\u00e9 de 50 chopines par 24 heures. Il fonctionne en silence et en douceur, gr\u00e2ce au r\u00e9frig\u00e9rant \u00e9cologique R410A, con\u00e7u pour garder l&#039;air frais et pur. Le contr\u00f4le \u00e9lectronique de temp\u00e9rature variable avec affichage \u00e0 DEL est facile \u00e0 programmer et le dispositif de commande \u00e0 distance vous permet de g\u00e9rer l&#039;appareil, depuis n\u2019importe quel endroit dans la pi\u00e8ce. Il vous est loisible de programmer ce mod\u00e8le, de mani\u00e8re \u00e0 ce qu\u2019il se conforme \u00e0 votre horaire, \u00e0 l\u2019aide de la fonction marche\/arr\u00eat automatique; ainsi l\u2019appareil d\u00e9marrera et s\u2019arr\u00eatera selon les param\u00e8tres que vous aurez s\u00e9lectionn\u00e9s. Le d\u00e9placement du climatiseur d\u2019une pi\u00e8ce \u00e0 l\u2019autre est un jeu d\u2019enfant, gr\u00e2ce aux poign\u00e9es et roulettes int\u00e9gr\u00e9es. Cette unit\u00e9 de climatisation haut de gamme est \u00e9galement offerte avec une garantie de 12 mois sur les pi\u00e8ces et la main-d&#039;\u0153uvre.\" \/>\n<meta property=\"og:url\" content=\"https:\/\/www.danby.com\/fr\/products\/climatiseurs-portatifs\/dpa120b1wb\/\" \/>\n<meta property=\"og:site_name\" content=\"Danby - Canada - French\" \/>\n<meta property=\"article:publisher\" content=\"https:\/\/www.facebook.com\/DanbyAppliances\" \/>\n<meta property=\"article:modified_time\" content=\"2026-04-10T10:07:03+00:00\" \/>\n<meta property=\"og:image\" content=\"https:\/\/cdnweb.danby.com\/wp-content\/uploads\/sites\/2\/2022\/02\/08192300\/Med-DPA120B1WB7.jpg\" \/>\n\t<meta property=\"og:image:width\" content=\"300\" \/>\n\t<meta property=\"og:image:height\" content=\"272\" \/>\n\t<meta property=\"og:image:type\" content=\"image\/jpeg\" \/>\n<meta name=\"twitter:card\" content=\"summary_large_image\" \/>\n<meta name=\"twitter:site\" content=\"@DanbyAppliance\" \/>\n<script type=\"application\/ld+json\" class=\"yoast-schema-graph\">{\"@context\":\"https:\/\/schema.org\",\"@graph\":[{\"@type\":[\"WebPage\",\"ItemPage\"],\"url\":\"https:\/\/www.danby.com\/fr\/products\/climatiseurs-portatifs\/dpa120b1wb\/\",\"name\":\"Danby 12000 BTU Climatiseurs portatif - DPA120B1WB | Danby Canada\",\"isPartOf\":[],\"primaryImageOfPage\":[],\"image\":[],\"thumbnailUrl\":\"https:\/\/cdnweb.danby.com\/wp-content\/uploads\/sites\/2\/2022\/02\/08192300\/Med-DPA120B1WB7.jpg\",\"datePublished\":\"2022-02-03T19:19:56+00:00\",\"dateModified\":\"2026-04-10T10:07:03+00:00\",\"description\":\"Abaisser la temp\u00e9rature dans votre r\u00e9sidence devient une priorit\u00e9, lorsque les journ\u00e9es chaudes et humides de l\u2019\u00e9t\u00e9 font irruption \u00e0 votre porte. Cela peut se faire facilement, gr\u00e2ce \u00e0 ce climatiseur \u00e9volutif d\u2019une capacit\u00e9 de 12 000 BTU, con\u00e7u pour rafraichir les pi\u00e8ces d\u2019une surface allant jusqu\u2019\u00e0 500 pieds carr\u00e9s environ. Ce mod\u00e8le portatif, est pourvu d\u2019un dispositif mono-tuyau et d\u2019un syst\u00e8me d\u2019\u00e9vacuation directe d'utilisation continue qui peut g\u00e9rer une capacit\u00e9 de 50 chopines par 24 heures. Il fonctionne en silence et en douceur, gr\u00e2ce au r\u00e9frig\u00e9rant \u00e9cologique R410A, con\u00e7u pour garder l'air frais et pur. Le contr\u00f4le \u00e9lectronique de temp\u00e9rature variable avec affichage \u00e0 DEL est facile \u00e0 programmer et le dispositif de commande \u00e0 distance vous permet de g\u00e9rer l'appareil, depuis n\u2019importe quel endroit dans la pi\u00e8ce. Il vous est loisible de programmer ce mod\u00e8le, de mani\u00e8re \u00e0 ce qu\u2019il se conforme \u00e0 votre horaire, \u00e0 l\u2019aide de la fonction marche\/arr\u00eat automatique; ainsi l\u2019appareil d\u00e9marrera et s\u2019arr\u00eatera selon les param\u00e8tres que vous aurez s\u00e9lectionn\u00e9s. Le d\u00e9placement du climatiseur d\u2019une pi\u00e8ce \u00e0 l\u2019autre est un jeu d\u2019enfant, gr\u00e2ce aux poign\u00e9es et roulettes int\u00e9gr\u00e9es. Cette unit\u00e9 de climatisation haut de gamme est \u00e9galement offerte avec une garantie de 12 mois sur les pi\u00e8ces et la main-d'\u0153uvre.\",\"breadcrumb\":[],\"inLanguage\":\"fr-CA\",\"potentialAction\":[{\"@type\":\"ReadAction\",\"target\":[\"https:\/\/www.danby.com\/fr\/products\/climatiseurs-portatifs\/dpa120b1wb\/\"]}]},{\"@type\":\"ImageObject\",\"inLanguage\":\"fr-CA\",\"url\":\"https:\/\/cdnweb.danby.com\/wp-content\/uploads\/sites\/2\/2022\/02\/08192300\/Med-DPA120B1WB7.jpg\",\"contentUrl\":\"https:\/\/cdnweb.danby.com\/wp-content\/uploads\/sites\/2\/2022\/02\/08192300\/Med-DPA120B1WB7.jpg\",\"width\":300,\"height\":272},{\"@type\":\"BreadcrumbList\",\"itemListElement\":[{\"@type\":\"ListItem\",\"position\":1,\"name\":\"Home\",\"item\":\"https:\/\/www.danby.com\/fr\/\"},{\"@type\":\"ListItem\",\"position\":2,\"name\":\"Boutique\",\"item\":\"https:\/\/www.danby.com\/fr\/boutique\/\"},{\"@type\":\"ListItem\",\"position\":3,\"name\":\"Danby 12000 BTU Climatiseurs portatif\"}]},{\"@type\":\"WebSite\",\"url\":\"https:\/\/www.danby.com\/fr\/\",\"name\":\"Danby - Canada - French\",\"description\":\"Leader dans le domaine de la r\u00e9frig\u00e9ration et des appareils sp\u00e9cialis\u00e9s\",\"publisher\":[],\"potentialAction\":[{\"@type\":\"SearchAction\",\"target\":{\"@type\":\"EntryPoint\",\"urlTemplate\":\"https:\/\/www.danby.com\/fr\/?s={search_term_string}\"},\"query-input\":{\"@type\":\"PropertyValueSpecification\",\"valueRequired\":true,\"valueName\":\"search_term_string\"}}],\"inLanguage\":\"fr-CA\"},{\"@type\":\"Organization\",\"name\":\"Danby Appliances\",\"url\":\"https:\/\/www.danby.com\/fr\/\",\"logo\":{\"@type\":\"ImageObject\",\"inLanguage\":\"fr-CA\",\"url\":\"https:\/\/cdnweb.danby.com\/wp-content\/uploads\/sites\/2\/2022\/02\/10141906\/Danby75Ans_Blue.png\",\"contentUrl\":\"https:\/\/cdnweb.danby.com\/wp-content\/uploads\/sites\/2\/2022\/02\/10141906\/Danby75Ans_Blue.png\",\"width\":470,\"height\":110,\"caption\":\"Danby Appliances\"},\"image\":[],\"sameAs\":[\"https:\/\/www.facebook.com\/DanbyAppliances\",\"https:\/\/x.com\/DanbyAppliance\",\"https:\/\/instagram.com\/danbyappliances\/\",\"https:\/\/www.linkedin.com\/company\/danbyappliances\",\"https:\/\/www.pinterest.ca\/danbyappliances\/\",\"https:\/\/www.youtube.com\/user\/DanbyProducts\",\"https:\/\/en.wikipedia.org\/wiki\/Danby_(appliances)\"]}]}<\/script>\n<!-- \/ Yoast SEO plugin. -->","yoast_head_json":{"title":"Danby 12000 BTU Climatiseurs portatif - DPA120B1WB | Danby Canada","description":"Abaisser la temp\u00e9rature dans votre r\u00e9sidence devient une priorit\u00e9, lorsque les journ\u00e9es chaudes et humides de l\u2019\u00e9t\u00e9 font irruption \u00e0 votre porte. Cela peut se faire facilement, gr\u00e2ce \u00e0 ce climatiseur \u00e9volutif d\u2019une capacit\u00e9 de 12 000 BTU, con\u00e7u pour rafraichir les pi\u00e8ces d\u2019une surface allant jusqu\u2019\u00e0 500 pieds carr\u00e9s environ. Ce mod\u00e8le portatif, est pourvu d\u2019un dispositif mono-tuyau et d\u2019un syst\u00e8me d\u2019\u00e9vacuation directe d'utilisation continue qui peut g\u00e9rer une capacit\u00e9 de 50 chopines par 24 heures. Il fonctionne en silence et en douceur, gr\u00e2ce au r\u00e9frig\u00e9rant \u00e9cologique R410A, con\u00e7u pour garder l'air frais et pur. Le contr\u00f4le \u00e9lectronique de temp\u00e9rature variable avec affichage \u00e0 DEL est facile \u00e0 programmer et le dispositif de commande \u00e0 distance vous permet de g\u00e9rer l'appareil, depuis n\u2019importe quel endroit dans la pi\u00e8ce. Il vous est loisible de programmer ce mod\u00e8le, de mani\u00e8re \u00e0 ce qu\u2019il se conforme \u00e0 votre horaire, \u00e0 l\u2019aide de la fonction marche\/arr\u00eat automatique; ainsi l\u2019appareil d\u00e9marrera et s\u2019arr\u00eatera selon les param\u00e8tres que vous aurez s\u00e9lectionn\u00e9s. Le d\u00e9placement du climatiseur d\u2019une pi\u00e8ce \u00e0 l\u2019autre est un jeu d\u2019enfant, gr\u00e2ce aux poign\u00e9es et roulettes int\u00e9gr\u00e9es. Cette unit\u00e9 de climatisation haut de gamme est \u00e9galement offerte avec une garantie de 12 mois sur les pi\u00e8ces et la main-d'\u0153uvre.","robots":{"index":"index","follow":"follow","max-snippet":"max-snippet:-1","max-image-preview":"max-image-preview:large","max-video-preview":"max-video-preview:-1"},"canonical":"https:\/\/www.danby.com\/fr\/products\/climatiseurs-portatifs\/dpa120b1wb\/","og_locale":"fr_CA","og_type":"article","og_title":"Danby 12000 BTU Climatiseurs portatif - DPA120B1WB | Danby Canada","og_description":"Abaisser la temp\u00e9rature dans votre r\u00e9sidence devient une priorit\u00e9, lorsque les journ\u00e9es chaudes et humides de l\u2019\u00e9t\u00e9 font irruption \u00e0 votre porte. Cela peut se faire facilement, gr\u00e2ce \u00e0 ce climatiseur \u00e9volutif d\u2019une capacit\u00e9 de 12 000 BTU, con\u00e7u pour rafraichir les pi\u00e8ces d\u2019une surface allant jusqu\u2019\u00e0 500 pieds carr\u00e9s environ. Ce mod\u00e8le portatif, est pourvu d\u2019un dispositif mono-tuyau et d\u2019un syst\u00e8me d\u2019\u00e9vacuation directe d'utilisation continue qui peut g\u00e9rer une capacit\u00e9 de 50 chopines par 24 heures. Il fonctionne en silence et en douceur, gr\u00e2ce au r\u00e9frig\u00e9rant \u00e9cologique R410A, con\u00e7u pour garder l'air frais et pur. Le contr\u00f4le \u00e9lectronique de temp\u00e9rature variable avec affichage \u00e0 DEL est facile \u00e0 programmer et le dispositif de commande \u00e0 distance vous permet de g\u00e9rer l'appareil, depuis n\u2019importe quel endroit dans la pi\u00e8ce. Il vous est loisible de programmer ce mod\u00e8le, de mani\u00e8re \u00e0 ce qu\u2019il se conforme \u00e0 votre horaire, \u00e0 l\u2019aide de la fonction marche\/arr\u00eat automatique; ainsi l\u2019appareil d\u00e9marrera et s\u2019arr\u00eatera selon les param\u00e8tres que vous aurez s\u00e9lectionn\u00e9s. Le d\u00e9placement du climatiseur d\u2019une pi\u00e8ce \u00e0 l\u2019autre est un jeu d\u2019enfant, gr\u00e2ce aux poign\u00e9es et roulettes int\u00e9gr\u00e9es. Cette unit\u00e9 de climatisation haut de gamme est \u00e9galement offerte avec une garantie de 12 mois sur les pi\u00e8ces et la main-d'\u0153uvre.","og_url":"https:\/\/www.danby.com\/fr\/products\/climatiseurs-portatifs\/dpa120b1wb\/","og_site_name":"Danby - Canada - French","article_publisher":"https:\/\/www.facebook.com\/DanbyAppliances","article_modified_time":"2026-04-10T10:07:03+00:00","og_image":[{"width":300,"height":272,"url":"https:\/\/cdnweb.danby.com\/wp-content\/uploads\/sites\/2\/2022\/02\/08192300\/Med-DPA120B1WB7.jpg","type":"image\/jpeg"}],"twitter_card":"summary_large_image","twitter_site":"@DanbyAppliance","schema":{"@context":"https:\/\/schema.org","@graph":[{"@type":["WebPage","ItemPage"],"url":"https:\/\/www.danby.com\/fr\/products\/climatiseurs-portatifs\/dpa120b1wb\/","name":"Danby 12000 BTU Climatiseurs portatif - DPA120B1WB | Danby Canada","isPartOf":[],"primaryImageOfPage":[],"image":[],"thumbnailUrl":"https:\/\/cdnweb.danby.com\/wp-content\/uploads\/sites\/2\/2022\/02\/08192300\/Med-DPA120B1WB7.jpg","datePublished":"2022-02-03T19:19:56+00:00","dateModified":"2026-04-10T10:07:03+00:00","description":"Abaisser la temp\u00e9rature dans votre r\u00e9sidence devient une priorit\u00e9, lorsque les journ\u00e9es chaudes et humides de l\u2019\u00e9t\u00e9 font irruption \u00e0 votre porte. Cela peut se faire facilement, gr\u00e2ce \u00e0 ce climatiseur \u00e9volutif d\u2019une capacit\u00e9 de 12 000 BTU, con\u00e7u pour rafraichir les pi\u00e8ces d\u2019une surface allant jusqu\u2019\u00e0 500 pieds carr\u00e9s environ. Ce mod\u00e8le portatif, est pourvu d\u2019un dispositif mono-tuyau et d\u2019un syst\u00e8me d\u2019\u00e9vacuation directe d'utilisation continue qui peut g\u00e9rer une capacit\u00e9 de 50 chopines par 24 heures. Il fonctionne en silence et en douceur, gr\u00e2ce au r\u00e9frig\u00e9rant \u00e9cologique R410A, con\u00e7u pour garder l'air frais et pur. Le contr\u00f4le \u00e9lectronique de temp\u00e9rature variable avec affichage \u00e0 DEL est facile \u00e0 programmer et le dispositif de commande \u00e0 distance vous permet de g\u00e9rer l'appareil, depuis n\u2019importe quel endroit dans la pi\u00e8ce. Il vous est loisible de programmer ce mod\u00e8le, de mani\u00e8re \u00e0 ce qu\u2019il se conforme \u00e0 votre horaire, \u00e0 l\u2019aide de la fonction marche\/arr\u00eat automatique; ainsi l\u2019appareil d\u00e9marrera et s\u2019arr\u00eatera selon les param\u00e8tres que vous aurez s\u00e9lectionn\u00e9s. Le d\u00e9placement du climatiseur d\u2019une pi\u00e8ce \u00e0 l\u2019autre est un jeu d\u2019enfant, gr\u00e2ce aux poign\u00e9es et roulettes int\u00e9gr\u00e9es. Cette unit\u00e9 de climatisation haut de gamme est \u00e9galement offerte avec une garantie de 12 mois sur les pi\u00e8ces et la main-d'\u0153uvre.","breadcrumb":[],"inLanguage":"fr-CA","potentialAction":[{"@type":"ReadAction","target":["https:\/\/www.danby.com\/fr\/products\/climatiseurs-portatifs\/dpa120b1wb\/"]}]},{"@type":"ImageObject","inLanguage":"fr-CA","url":"https:\/\/cdnweb.danby.com\/wp-content\/uploads\/sites\/2\/2022\/02\/08192300\/Med-DPA120B1WB7.jpg","contentUrl":"https:\/\/cdnweb.danby.com\/wp-content\/uploads\/sites\/2\/2022\/02\/08192300\/Med-DPA120B1WB7.jpg","width":300,"height":272},{"@type":"BreadcrumbList","itemListElement":[{"@type":"ListItem","position":1,"name":"Home","item":"https:\/\/www.danby.com\/fr\/"},{"@type":"ListItem","position":2,"name":"Boutique","item":"https:\/\/www.danby.com\/fr\/boutique\/"},{"@type":"ListItem","position":3,"name":"Danby 12000 BTU Climatiseurs portatif"}]},{"@type":"WebSite","url":"https:\/\/www.danby.com\/fr\/","name":"Danby - Canada - French","description":"Leader dans le domaine de la r\u00e9frig\u00e9ration et des appareils sp\u00e9cialis\u00e9s","publisher":[],"potentialAction":[{"@type":"SearchAction","target":{"@type":"EntryPoint","urlTemplate":"https:\/\/www.danby.com\/fr\/?s={search_term_string}"},"query-input":{"@type":"PropertyValueSpecification","valueRequired":true,"valueName":"search_term_string"}}],"inLanguage":"fr-CA"},{"@type":"Organization","name":"Danby Appliances","url":"https:\/\/www.danby.com\/fr\/","logo":{"@type":"ImageObject","inLanguage":"fr-CA","url":"https:\/\/cdnweb.danby.com\/wp-content\/uploads\/sites\/2\/2022\/02\/10141906\/Danby75Ans_Blue.png","contentUrl":"https:\/\/cdnweb.danby.com\/wp-content\/uploads\/sites\/2\/2022\/02\/10141906\/Danby75Ans_Blue.png","width":470,"height":110,"caption":"Danby Appliances"},"image":[],"sameAs":["https:\/\/www.facebook.com\/DanbyAppliances","https:\/\/x.com\/DanbyAppliance","https:\/\/instagram.com\/danbyappliances\/","https:\/\/www.linkedin.com\/company\/danbyappliances","https:\/\/www.pinterest.ca\/danbyappliances\/","https:\/\/www.youtube.com\/user\/DanbyProducts","https:\/\/en.wikipedia.org\/wiki\/Danby_(appliances)"]}]}},"post_mailing_queue_ids":[],"_links":{"self":[{"href":"https:\/\/www.danby.com\/fr\/wp-json\/wp\/v2\/product\/5116","targetHints":{"allow":["GET"]}}],"collection":[{"href":"https:\/\/www.danby.com\/fr\/wp-json\/wp\/v2\/product"}],"about":[{"href":"https:\/\/www.danby.com\/fr\/wp-json\/wp\/v2\/types\/product"}],"replies":[{"embeddable":true,"href":"https:\/\/www.danby.com\/fr\/wp-json\/wp\/v2\/comments?post=5116"}],"wp:featuredmedia":[{"embeddable":true,"href":"https:\/\/www.danby.com\/fr\/wp-json\/wp\/v2\/media\/7244"}],"wp:attachment":[{"href":"https:\/\/www.danby.com\/fr\/wp-json\/wp\/v2\/media?parent=5116"}],"wp:term":[{"taxonomy":"product_brand","embeddable":true,"href":"https:\/\/www.danby.com\/fr\/wp-json\/wp\/v2\/product_brand?post=5116"},{"taxonomy":"product_cat","embeddable":true,"href":"https:\/\/www.danby.com\/fr\/wp-json\/wp\/v2\/product_cat?post=5116"},{"taxonomy":"product_tag","embeddable":true,"href":"https:\/\/www.danby.com\/fr\/wp-json\/wp\/v2\/product_tag?post=5116"}],"curies":[{"name":"wp","href":"https:\/\/api.w.org\/{rel}","templated":true}]}}