{"id":5113,"date":"2022-02-03T19:19:43","date_gmt":"2022-02-03T19:19:43","guid":{"rendered":"https:\/\/www.danby.com\/fr\/product\/dpa110dha1cp\/"},"modified":"2026-04-25T10:10:48","modified_gmt":"2026-04-25T10:10:48","slug":"dpa110dha1cp","status":"publish","type":"product","link":"https:\/\/www.danby.com\/fr\/products\/climatiseurs-portatifs\/dpa110dha1cp\/","title":{"rendered":"Climatiseur portable Premiere 11000 BTU"},"content":{"rendered":"","protected":false},"excerpt":{"rendered":"<ul>\n<li>11,000 BTU air conditioner cools approximately 450 sq.ft.<\/li>\n<li>54 pint (25.5 L) capacity per 24 hours with direct drain feature<\/li>\n<li>3 modes: Cool, heat, Dehumidify<\/li>\n<li>3 Fan speeds (High \u2013 Med \u2013 Low)<\/li>\n<li>Environmentally friendly R410A refrigerant<\/li>\n<li>Electronic controls with remote and LED display<\/li>\n<li>Automatic on\/off:  Have the unit start or stop to meet your schedule<\/li>\n<li>Dual hoses draw fresh air in, push stale air out<\/li>\n<li>Castors for easy portability<\/li>\n<li>Variable temperature range from 16\u00b0C to 32\u00b0C (61\u00b0F to 89\u00b0F)<\/li>\n<li>Fits easily in sliding glass doors, slider and double hung windows<\/li>\n<li>Expandable window installation kit accommodates windows from 28 6\/16&#8243; to 79 15\/16&#8243;<\/li>\n<li>Exhaust hose length: 47 4\/16&#8243; (120 cm)<\/li>\n<\/ul>\n","protected":false},"featured_media":6894,"comment_status":"closed","ping_status":"open","template":"","meta":{"_acf_changed":false},"product_brand":[],"product_cat":[35],"product_tag":[],"class_list":{"0":"post-5113","1":"product","2":"type-product","3":"status-publish","4":"has-post-thumbnail","6":"product_cat-climatiseurs-portatifs","8":"first","9":"outofstock","10":"taxable","11":"shipping-taxable","12":"product-type-simple"},"acf":[],"yoast_head":"<!-- This site is optimized with the Yoast SEO plugin v27.4 - https:\/\/yoast.com\/product\/yoast-seo-wordpress\/ -->\n<title>Climatiseur portable Premiere 11000 BTU - DPA110DHA1CP | Danby Canada<\/title>\n<meta name=\"description\" content=\"The hottest summer days are simply no match for this stylish 11,000 BTU Danby Premiere portable air conditioner, as it\u2019s designed to cool down 450 square feet of space all day long. The unit comes with three separate settings which allow you to cool, heat or dehumidify your room, condominium or apartment. The trio of fan speeds can be programmed by the integrated remote control and via the appliance\u2019s electronic LED display settings. Temperatures can be set between 16\u00b0C and 32\u00b0C (61\u00b0F to 89\u00b0F) with the automatic on\/off feature allowing you to set start and stop times for any time of the day. The dual hose design draws in fresh outside air, while forcing stale air out. The environmentally-friendly model can easily be relocated anywhere in your home by making use of the built in casters.\" \/>\n<meta name=\"robots\" content=\"index, follow, max-snippet:-1, max-image-preview:large, max-video-preview:-1\" \/>\n<link rel=\"canonical\" href=\"https:\/\/www.danby.com\/fr\/products\/climatiseurs-portatifs\/dpa110dha1cp\/\" \/>\n<meta property=\"og:locale\" content=\"fr_CA\" \/>\n<meta property=\"og:type\" content=\"article\" \/>\n<meta property=\"og:title\" content=\"Climatiseur portable Premiere 11000 BTU - DPA110DHA1CP | Danby Canada\" \/>\n<meta property=\"og:description\" content=\"The hottest summer days are simply no match for this stylish 11,000 BTU Danby Premiere portable air conditioner, as it\u2019s designed to cool down 450 square feet of space all day long. The unit comes with three separate settings which allow you to cool, heat or dehumidify your room, condominium or apartment. The trio of fan speeds can be programmed by the integrated remote control and via the appliance\u2019s electronic LED display settings. Temperatures can be set between 16\u00b0C and 32\u00b0C (61\u00b0F to 89\u00b0F) with the automatic on\/off feature allowing you to set start and stop times for any time of the day. The dual hose design draws in fresh outside air, while forcing stale air out. The environmentally-friendly model can easily be relocated anywhere in your home by making use of the built in casters.\" \/>\n<meta property=\"og:url\" content=\"https:\/\/www.danby.com\/fr\/products\/climatiseurs-portatifs\/dpa110dha1cp\/\" \/>\n<meta property=\"og:site_name\" content=\"Danby - Canada - French\" \/>\n<meta property=\"article:publisher\" content=\"https:\/\/www.facebook.com\/DanbyAppliances\" \/>\n<meta property=\"article:modified_time\" content=\"2026-04-25T10:10:48+00:00\" \/>\n<meta property=\"og:image\" content=\"https:\/\/cdnweb.danby.com\/wp-content\/uploads\/sites\/2\/2022\/02\/08190633\/Medium-DPA110DHA1CP.jpg\" \/>\n\t<meta property=\"og:image:width\" content=\"300\" \/>\n\t<meta property=\"og:image:height\" content=\"272\" \/>\n\t<meta property=\"og:image:type\" content=\"image\/jpeg\" \/>\n<meta name=\"twitter:card\" content=\"summary_large_image\" \/>\n<meta name=\"twitter:site\" content=\"@DanbyAppliance\" \/>\n<script type=\"application\/ld+json\" class=\"yoast-schema-graph\">{\"@context\":\"https:\\\/\\\/schema.org\",\"@graph\":[{\"@type\":[\"WebPage\",\"ItemPage\"],\"url\":\"https:\\\/\\\/www.danby.com\\\/fr\\\/products\\\/climatiseurs-portatifs\\\/dpa110dha1cp\\\/\",\"name\":\"Climatiseur portable Premiere 11000 BTU - DPA110DHA1CP | Danby Canada\",\"isPartOf\":[],\"primaryImageOfPage\":[],\"image\":[],\"thumbnailUrl\":\"https:\\\/\\\/cdnweb.danby.com\\\/wp-content\\\/uploads\\\/sites\\\/2\\\/2022\\\/02\\\/08190633\\\/Medium-DPA110DHA1CP.jpg\",\"datePublished\":\"2022-02-03T19:19:43+00:00\",\"dateModified\":\"2026-04-25T10:10:48+00:00\",\"description\":\"The hottest summer days are simply no match for this stylish 11,000 BTU Danby Premiere portable air conditioner, as it\u2019s designed to cool down 450 square feet of space all day long. The unit comes with three separate settings which allow you to cool, heat or dehumidify your room, condominium or apartment. The trio of fan speeds can be programmed by the integrated remote control and via the appliance\u2019s electronic LED display settings. Temperatures can be set between 16\u00b0C and 32\u00b0C (61\u00b0F to 89\u00b0F) with the automatic on\\\/off feature allowing you to set start and stop times for any time of the day. The dual hose design draws in fresh outside air, while forcing stale air out. The environmentally-friendly model can easily be relocated anywhere in your home by making use of the built in casters.\",\"breadcrumb\":[],\"inLanguage\":\"fr-CA\",\"potentialAction\":[{\"@type\":\"ReadAction\",\"target\":[\"https:\\\/\\\/www.danby.com\\\/fr\\\/products\\\/climatiseurs-portatifs\\\/dpa110dha1cp\\\/\"]}]},{\"@type\":\"ImageObject\",\"inLanguage\":\"fr-CA\",\"url\":\"https:\\\/\\\/cdnweb.danby.com\\\/wp-content\\\/uploads\\\/sites\\\/2\\\/2022\\\/02\\\/08190633\\\/Medium-DPA110DHA1CP.jpg\",\"contentUrl\":\"https:\\\/\\\/cdnweb.danby.com\\\/wp-content\\\/uploads\\\/sites\\\/2\\\/2022\\\/02\\\/08190633\\\/Medium-DPA110DHA1CP.jpg\",\"width\":300,\"height\":272},{\"@type\":\"BreadcrumbList\",\"itemListElement\":[{\"@type\":\"ListItem\",\"position\":1,\"name\":\"Home\",\"item\":\"https:\\\/\\\/www.danby.com\\\/fr\\\/\"},{\"@type\":\"ListItem\",\"position\":2,\"name\":\"Boutique\",\"item\":\"https:\\\/\\\/www.danby.com\\\/fr\\\/boutique\\\/\"},{\"@type\":\"ListItem\",\"position\":3,\"name\":\"Climatiseur portable Premiere 11000 BTU\"}]},{\"@type\":\"WebSite\",\"url\":\"https:\\\/\\\/www.danby.com\\\/fr\\\/\",\"name\":\"Danby - Canada - French\",\"description\":\"Leader dans le domaine de la r\u00e9frig\u00e9ration et des appareils sp\u00e9cialis\u00e9s\",\"publisher\":[],\"potentialAction\":[{\"@type\":\"SearchAction\",\"target\":{\"@type\":\"EntryPoint\",\"urlTemplate\":\"https:\\\/\\\/www.danby.com\\\/fr\\\/?s={search_term_string}\"},\"query-input\":{\"@type\":\"PropertyValueSpecification\",\"valueRequired\":true,\"valueName\":\"search_term_string\"}}],\"inLanguage\":\"fr-CA\"},{\"@type\":\"Organization\",\"name\":\"Danby Appliances\",\"url\":\"https:\\\/\\\/www.danby.com\\\/fr\\\/\",\"logo\":{\"@type\":\"ImageObject\",\"inLanguage\":\"fr-CA\",\"url\":\"https:\\\/\\\/cdnweb.danby.com\\\/wp-content\\\/uploads\\\/sites\\\/2\\\/2022\\\/02\\\/10141906\\\/Danby75Ans_Blue.png\",\"contentUrl\":\"https:\\\/\\\/cdnweb.danby.com\\\/wp-content\\\/uploads\\\/sites\\\/2\\\/2022\\\/02\\\/10141906\\\/Danby75Ans_Blue.png\",\"width\":470,\"height\":110,\"caption\":\"Danby Appliances\"},\"image\":[],\"sameAs\":[\"https:\\\/\\\/www.facebook.com\\\/DanbyAppliances\",\"https:\\\/\\\/x.com\\\/DanbyAppliance\",\"https:\\\/\\\/instagram.com\\\/danbyappliances\\\/\",\"https:\\\/\\\/www.linkedin.com\\\/company\\\/danbyappliances\",\"https:\\\/\\\/www.pinterest.ca\\\/danbyappliances\\\/\",\"https:\\\/\\\/www.youtube.com\\\/user\\\/DanbyProducts\",\"https:\\\/\\\/en.wikipedia.org\\\/wiki\\\/Danby_(appliances)\"]}]}<\/script>\n<!-- \/ Yoast SEO plugin. -->","yoast_head_json":{"title":"Climatiseur portable Premiere 11000 BTU - DPA110DHA1CP | Danby Canada","description":"The hottest summer days are simply no match for this stylish 11,000 BTU Danby Premiere portable air conditioner, as it\u2019s designed to cool down 450 square feet of space all day long. The unit comes with three separate settings which allow you to cool, heat or dehumidify your room, condominium or apartment. The trio of fan speeds can be programmed by the integrated remote control and via the appliance\u2019s electronic LED display settings. Temperatures can be set between 16\u00b0C and 32\u00b0C (61\u00b0F to 89\u00b0F) with the automatic on\/off feature allowing you to set start and stop times for any time of the day. The dual hose design draws in fresh outside air, while forcing stale air out. The environmentally-friendly model can easily be relocated anywhere in your home by making use of the built in casters.","robots":{"index":"index","follow":"follow","max-snippet":"max-snippet:-1","max-image-preview":"max-image-preview:large","max-video-preview":"max-video-preview:-1"},"canonical":"https:\/\/www.danby.com\/fr\/products\/climatiseurs-portatifs\/dpa110dha1cp\/","og_locale":"fr_CA","og_type":"article","og_title":"Climatiseur portable Premiere 11000 BTU - DPA110DHA1CP | Danby Canada","og_description":"The hottest summer days are simply no match for this stylish 11,000 BTU Danby Premiere portable air conditioner, as it\u2019s designed to cool down 450 square feet of space all day long. The unit comes with three separate settings which allow you to cool, heat or dehumidify your room, condominium or apartment. The trio of fan speeds can be programmed by the integrated remote control and via the appliance\u2019s electronic LED display settings. Temperatures can be set between 16\u00b0C and 32\u00b0C (61\u00b0F to 89\u00b0F) with the automatic on\/off feature allowing you to set start and stop times for any time of the day. The dual hose design draws in fresh outside air, while forcing stale air out. The environmentally-friendly model can easily be relocated anywhere in your home by making use of the built in casters.","og_url":"https:\/\/www.danby.com\/fr\/products\/climatiseurs-portatifs\/dpa110dha1cp\/","og_site_name":"Danby - Canada - French","article_publisher":"https:\/\/www.facebook.com\/DanbyAppliances","article_modified_time":"2026-04-25T10:10:48+00:00","og_image":[{"width":300,"height":272,"url":"https:\/\/cdnweb.danby.com\/wp-content\/uploads\/sites\/2\/2022\/02\/08190633\/Medium-DPA110DHA1CP.jpg","type":"image\/jpeg"}],"twitter_card":"summary_large_image","twitter_site":"@DanbyAppliance","schema":{"@context":"https:\/\/schema.org","@graph":[{"@type":["WebPage","ItemPage"],"url":"https:\/\/www.danby.com\/fr\/products\/climatiseurs-portatifs\/dpa110dha1cp\/","name":"Climatiseur portable Premiere 11000 BTU - DPA110DHA1CP | Danby Canada","isPartOf":[],"primaryImageOfPage":[],"image":[],"thumbnailUrl":"https:\/\/cdnweb.danby.com\/wp-content\/uploads\/sites\/2\/2022\/02\/08190633\/Medium-DPA110DHA1CP.jpg","datePublished":"2022-02-03T19:19:43+00:00","dateModified":"2026-04-25T10:10:48+00:00","description":"The hottest summer days are simply no match for this stylish 11,000 BTU Danby Premiere portable air conditioner, as it\u2019s designed to cool down 450 square feet of space all day long. The unit comes with three separate settings which allow you to cool, heat or dehumidify your room, condominium or apartment. The trio of fan speeds can be programmed by the integrated remote control and via the appliance\u2019s electronic LED display settings. Temperatures can be set between 16\u00b0C and 32\u00b0C (61\u00b0F to 89\u00b0F) with the automatic on\/off feature allowing you to set start and stop times for any time of the day. The dual hose design draws in fresh outside air, while forcing stale air out. The environmentally-friendly model can easily be relocated anywhere in your home by making use of the built in casters.","breadcrumb":[],"inLanguage":"fr-CA","potentialAction":[{"@type":"ReadAction","target":["https:\/\/www.danby.com\/fr\/products\/climatiseurs-portatifs\/dpa110dha1cp\/"]}]},{"@type":"ImageObject","inLanguage":"fr-CA","url":"https:\/\/cdnweb.danby.com\/wp-content\/uploads\/sites\/2\/2022\/02\/08190633\/Medium-DPA110DHA1CP.jpg","contentUrl":"https:\/\/cdnweb.danby.com\/wp-content\/uploads\/sites\/2\/2022\/02\/08190633\/Medium-DPA110DHA1CP.jpg","width":300,"height":272},{"@type":"BreadcrumbList","itemListElement":[{"@type":"ListItem","position":1,"name":"Home","item":"https:\/\/www.danby.com\/fr\/"},{"@type":"ListItem","position":2,"name":"Boutique","item":"https:\/\/www.danby.com\/fr\/boutique\/"},{"@type":"ListItem","position":3,"name":"Climatiseur portable Premiere 11000 BTU"}]},{"@type":"WebSite","url":"https:\/\/www.danby.com\/fr\/","name":"Danby - Canada - French","description":"Leader dans le domaine de la r\u00e9frig\u00e9ration et des appareils sp\u00e9cialis\u00e9s","publisher":[],"potentialAction":[{"@type":"SearchAction","target":{"@type":"EntryPoint","urlTemplate":"https:\/\/www.danby.com\/fr\/?s={search_term_string}"},"query-input":{"@type":"PropertyValueSpecification","valueRequired":true,"valueName":"search_term_string"}}],"inLanguage":"fr-CA"},{"@type":"Organization","name":"Danby Appliances","url":"https:\/\/www.danby.com\/fr\/","logo":{"@type":"ImageObject","inLanguage":"fr-CA","url":"https:\/\/cdnweb.danby.com\/wp-content\/uploads\/sites\/2\/2022\/02\/10141906\/Danby75Ans_Blue.png","contentUrl":"https:\/\/cdnweb.danby.com\/wp-content\/uploads\/sites\/2\/2022\/02\/10141906\/Danby75Ans_Blue.png","width":470,"height":110,"caption":"Danby Appliances"},"image":[],"sameAs":["https:\/\/www.facebook.com\/DanbyAppliances","https:\/\/x.com\/DanbyAppliance","https:\/\/instagram.com\/danbyappliances\/","https:\/\/www.linkedin.com\/company\/danbyappliances","https:\/\/www.pinterest.ca\/danbyappliances\/","https:\/\/www.youtube.com\/user\/DanbyProducts","https:\/\/en.wikipedia.org\/wiki\/Danby_(appliances)"]}]}},"post_mailing_queue_ids":[],"_links":{"self":[{"href":"https:\/\/www.danby.com\/fr\/wp-json\/wp\/v2\/product\/5113","targetHints":{"allow":["GET"]}}],"collection":[{"href":"https:\/\/www.danby.com\/fr\/wp-json\/wp\/v2\/product"}],"about":[{"href":"https:\/\/www.danby.com\/fr\/wp-json\/wp\/v2\/types\/product"}],"replies":[{"embeddable":true,"href":"https:\/\/www.danby.com\/fr\/wp-json\/wp\/v2\/comments?post=5113"}],"wp:featuredmedia":[{"embeddable":true,"href":"https:\/\/www.danby.com\/fr\/wp-json\/wp\/v2\/media\/6894"}],"wp:attachment":[{"href":"https:\/\/www.danby.com\/fr\/wp-json\/wp\/v2\/media?parent=5113"}],"wp:term":[{"taxonomy":"product_brand","embeddable":true,"href":"https:\/\/www.danby.com\/fr\/wp-json\/wp\/v2\/product_brand?post=5113"},{"taxonomy":"product_cat","embeddable":true,"href":"https:\/\/www.danby.com\/fr\/wp-json\/wp\/v2\/product_cat?post=5113"},{"taxonomy":"product_tag","embeddable":true,"href":"https:\/\/www.danby.com\/fr\/wp-json\/wp\/v2\/product_tag?post=5113"}],"curies":[{"name":"wp","href":"https:\/\/api.w.org\/{rel}","templated":true}]}}