{"id":5112,"date":"2022-02-03T19:19:43","date_gmt":"2022-02-03T19:19:43","guid":{"rendered":"https:\/\/www.danby.com\/fr\/product\/dpa110cb5bp\/"},"modified":"2026-04-12T10:06:41","modified_gmt":"2026-04-12T10:06:41","slug":"dpa110cb5bp","status":"publish","type":"product","link":"https:\/\/www.danby.com\/fr\/products\/climatiseurs-portatifs\/dpa110cb5bp\/","title":{"rendered":"Premiere 11000 BTU Climatiseurs portatif"},"content":{"rendered":"","protected":false},"excerpt":{"rendered":"<ul>\n<li>Climatiseur de 11,000 BTU capable de rafra\u00eechir jusqu\u2019\u00e0 550 pieds carr\u00e9s<\/li>\n<li>R\u00e9frig\u00e9rant \u00e9cologique R410A<\/li>\n<li>Conception \u00e0 tuyau simple<\/li>\n<li>Filtre \u00e0 air amovible<\/li>\n<li>Commandes \u00e9lectroniques avec t\u00e9l\u00e9commande et affichage \u00e0 DEL<\/li>\n<li>Fonction d\u00e9shumidificateur \u00e0 \u00e9vacuation directe, permettant de contr\u00f4ler le niveau d\u2019humidit\u00e9 dans de grandes surfaces d\u2019habitation<\/li>\n<li>Dispositif de mise en marche\/arr\u00eat automatique : vous permet de faire d\u00e9marrer ou d\u2019arr\u00eater l\u2019appareil en fonction de votre horaire<\/li>\n<li>Balayage automatique<\/li>\n<li>Poign\u00e9es et roulettes encastr\u00e9es vous permettant de d\u00e9placer facilement l\u2019appareil d\u2019une pi\u00e8ce \u00e0 l\u2019autre<\/li>\n<li>S\u2019int\u00e8gre ais\u00e9ment aux portes coulissantes en verre, fen\u00eatres coulissantes et fen\u00eatres \u00e0 guillotine double<\/li>\n<li>Longueur du tuyau flexible de sortie : 150 cm (59 1\/16 po)<\/li>\n<li>Temp\u00e9rature r\u00e9glable de 17\u00baC \u00e0 30\u00baC (62\u00baF \u00e0 86\u00baF)<\/li>\n<\/ul>\n","protected":false},"featured_media":8633,"comment_status":"closed","ping_status":"open","template":"","meta":{"_acf_changed":false},"product_brand":[],"product_cat":[35],"product_tag":[],"class_list":{"0":"post-5112","1":"product","2":"type-product","3":"status-publish","4":"has-post-thumbnail","6":"product_cat-climatiseurs-portatifs","8":"first","9":"outofstock","10":"taxable","11":"shipping-taxable","12":"product-type-simple"},"acf":[],"yoast_head":"<!-- This site is optimized with the Yoast SEO plugin v26.7 - https:\/\/yoast.com\/wordpress\/plugins\/seo\/ -->\n<title>Premiere 11000 BTU Climatiseurs portatif - DPA110CB5BP | Danby Canada<\/title>\n<meta name=\"description\" content=\"Lorsque l\u2019\u00e9t\u00e9 bat son plein, que les temp\u00e9ratures augmentent et que la chaleur devient insupportable, tenez-vous au frais avec ce climatiseur portatif de 11,000 BTU \u00e0 la fine pointe de la technologie. Il offre des vitesses de ventilation basse, moyenne et haute qui peuvent \u00eatre contr\u00f4l\u00e9es gr\u00e2ce au panneau d&#039;affichage \u00e0 DEL de l&#039;appareil ou en utilisant la t\u00e9l\u00e9commande. Vous pouvez r\u00e9gler la temp\u00e9rature \u00e0 votre convenance de 17\u00b0C \u00e0 30\u00b0C (61\u00b0F \u00e0 89\u00b0F). L&#039;appareil dispose d\u2019une commande automatique marche \/ arr\u00eat pratique qui vous permet de faire d\u00e9marrer et d&#039;arr\u00eater l\u2019appareil pour l&#039;adapter \u00e0 votre horaire. Ce climatiseur est respectueux de l&#039;environnement. C&#039;est un mod\u00e8le id\u00e9al pour les appartements, les copropri\u00e9t\u00e9s et les grandes pi\u00e8ces capable de refroidir des zones allant jusqu&#039;\u00e0 550 pieds carr\u00e9s.\" \/>\n<meta name=\"robots\" content=\"index, follow, max-snippet:-1, max-image-preview:large, max-video-preview:-1\" \/>\n<link rel=\"canonical\" href=\"https:\/\/www.danby.com\/fr\/products\/climatiseurs-portatifs\/dpa110cb5bp\/\" \/>\n<meta property=\"og:locale\" content=\"fr_CA\" \/>\n<meta property=\"og:type\" content=\"article\" \/>\n<meta property=\"og:title\" content=\"Premiere 11000 BTU Climatiseurs portatif - DPA110CB5BP | Danby Canada\" \/>\n<meta property=\"og:description\" content=\"Lorsque l\u2019\u00e9t\u00e9 bat son plein, que les temp\u00e9ratures augmentent et que la chaleur devient insupportable, tenez-vous au frais avec ce climatiseur portatif de 11,000 BTU \u00e0 la fine pointe de la technologie. Il offre des vitesses de ventilation basse, moyenne et haute qui peuvent \u00eatre contr\u00f4l\u00e9es gr\u00e2ce au panneau d&#039;affichage \u00e0 DEL de l&#039;appareil ou en utilisant la t\u00e9l\u00e9commande. Vous pouvez r\u00e9gler la temp\u00e9rature \u00e0 votre convenance de 17\u00b0C \u00e0 30\u00b0C (61\u00b0F \u00e0 89\u00b0F). L&#039;appareil dispose d\u2019une commande automatique marche \/ arr\u00eat pratique qui vous permet de faire d\u00e9marrer et d&#039;arr\u00eater l\u2019appareil pour l&#039;adapter \u00e0 votre horaire. Ce climatiseur est respectueux de l&#039;environnement. C&#039;est un mod\u00e8le id\u00e9al pour les appartements, les copropri\u00e9t\u00e9s et les grandes pi\u00e8ces capable de refroidir des zones allant jusqu&#039;\u00e0 550 pieds carr\u00e9s.\" \/>\n<meta property=\"og:url\" content=\"https:\/\/www.danby.com\/fr\/products\/climatiseurs-portatifs\/dpa110cb5bp\/\" \/>\n<meta property=\"og:site_name\" content=\"Danby - Canada - French\" \/>\n<meta property=\"article:publisher\" content=\"https:\/\/www.facebook.com\/DanbyAppliances\" \/>\n<meta property=\"article:modified_time\" content=\"2026-04-12T10:06:41+00:00\" \/>\n<meta property=\"og:image\" content=\"https:\/\/cdnweb.danby.com\/wp-content\/uploads\/sites\/2\/2022\/02\/08205918\/DPA110CB5Bp.jpg\" \/>\n\t<meta property=\"og:image:width\" content=\"1500\" \/>\n\t<meta property=\"og:image:height\" content=\"2108\" \/>\n\t<meta property=\"og:image:type\" content=\"image\/jpeg\" \/>\n<meta name=\"twitter:card\" content=\"summary_large_image\" \/>\n<meta name=\"twitter:site\" content=\"@DanbyAppliance\" \/>\n<script type=\"application\/ld+json\" class=\"yoast-schema-graph\">{\"@context\":\"https:\/\/schema.org\",\"@graph\":[{\"@type\":[\"WebPage\",\"ItemPage\"],\"url\":\"https:\/\/www.danby.com\/fr\/products\/climatiseurs-portatifs\/dpa110cb5bp\/\",\"name\":\"Premiere 11000 BTU Climatiseurs portatif - DPA110CB5BP | Danby Canada\",\"isPartOf\":[],\"primaryImageOfPage\":[],\"image\":[],\"thumbnailUrl\":\"https:\/\/cdnweb.danby.com\/wp-content\/uploads\/sites\/2\/2022\/02\/08205918\/DPA110CB5Bp.jpg\",\"datePublished\":\"2022-02-03T19:19:43+00:00\",\"dateModified\":\"2026-04-12T10:06:41+00:00\",\"description\":\"Lorsque l\u2019\u00e9t\u00e9 bat son plein, que les temp\u00e9ratures augmentent et que la chaleur devient insupportable, tenez-vous au frais avec ce climatiseur portatif de 11,000 BTU \u00e0 la fine pointe de la technologie. Il offre des vitesses de ventilation basse, moyenne et haute qui peuvent \u00eatre contr\u00f4l\u00e9es gr\u00e2ce au panneau d'affichage \u00e0 DEL de l'appareil ou en utilisant la t\u00e9l\u00e9commande. Vous pouvez r\u00e9gler la temp\u00e9rature \u00e0 votre convenance de 17\u00b0C \u00e0 30\u00b0C (61\u00b0F \u00e0 89\u00b0F). L'appareil dispose d\u2019une commande automatique marche \/ arr\u00eat pratique qui vous permet de faire d\u00e9marrer et d'arr\u00eater l\u2019appareil pour l'adapter \u00e0 votre horaire. Ce climatiseur est respectueux de l'environnement. C'est un mod\u00e8le id\u00e9al pour les appartements, les copropri\u00e9t\u00e9s et les grandes pi\u00e8ces capable de refroidir des zones allant jusqu'\u00e0 550 pieds carr\u00e9s.\",\"breadcrumb\":[],\"inLanguage\":\"fr-CA\",\"potentialAction\":[{\"@type\":\"ReadAction\",\"target\":[\"https:\/\/www.danby.com\/fr\/products\/climatiseurs-portatifs\/dpa110cb5bp\/\"]}]},{\"@type\":\"ImageObject\",\"inLanguage\":\"fr-CA\",\"url\":\"https:\/\/cdnweb.danby.com\/wp-content\/uploads\/sites\/2\/2022\/02\/08205918\/DPA110CB5Bp.jpg\",\"contentUrl\":\"https:\/\/cdnweb.danby.com\/wp-content\/uploads\/sites\/2\/2022\/02\/08205918\/DPA110CB5Bp.jpg\",\"width\":1500,\"height\":2108},{\"@type\":\"BreadcrumbList\",\"itemListElement\":[{\"@type\":\"ListItem\",\"position\":1,\"name\":\"Home\",\"item\":\"https:\/\/www.danby.com\/fr\/\"},{\"@type\":\"ListItem\",\"position\":2,\"name\":\"Boutique\",\"item\":\"https:\/\/www.danby.com\/fr\/boutique\/\"},{\"@type\":\"ListItem\",\"position\":3,\"name\":\"Premiere 11000 BTU Climatiseurs portatif\"}]},{\"@type\":\"WebSite\",\"url\":\"https:\/\/www.danby.com\/fr\/\",\"name\":\"Danby - Canada - French\",\"description\":\"Leader dans le domaine de la r\u00e9frig\u00e9ration et des appareils sp\u00e9cialis\u00e9s\",\"publisher\":[],\"potentialAction\":[{\"@type\":\"SearchAction\",\"target\":{\"@type\":\"EntryPoint\",\"urlTemplate\":\"https:\/\/www.danby.com\/fr\/?s={search_term_string}\"},\"query-input\":{\"@type\":\"PropertyValueSpecification\",\"valueRequired\":true,\"valueName\":\"search_term_string\"}}],\"inLanguage\":\"fr-CA\"},{\"@type\":\"Organization\",\"name\":\"Danby Appliances\",\"url\":\"https:\/\/www.danby.com\/fr\/\",\"logo\":{\"@type\":\"ImageObject\",\"inLanguage\":\"fr-CA\",\"url\":\"https:\/\/cdnweb.danby.com\/wp-content\/uploads\/sites\/2\/2022\/02\/10141906\/Danby75Ans_Blue.png\",\"contentUrl\":\"https:\/\/cdnweb.danby.com\/wp-content\/uploads\/sites\/2\/2022\/02\/10141906\/Danby75Ans_Blue.png\",\"width\":470,\"height\":110,\"caption\":\"Danby Appliances\"},\"image\":[],\"sameAs\":[\"https:\/\/www.facebook.com\/DanbyAppliances\",\"https:\/\/x.com\/DanbyAppliance\",\"https:\/\/instagram.com\/danbyappliances\/\",\"https:\/\/www.linkedin.com\/company\/danbyappliances\",\"https:\/\/www.pinterest.ca\/danbyappliances\/\",\"https:\/\/www.youtube.com\/user\/DanbyProducts\",\"https:\/\/en.wikipedia.org\/wiki\/Danby_(appliances)\"]}]}<\/script>\n<!-- \/ Yoast SEO plugin. -->","yoast_head_json":{"title":"Premiere 11000 BTU Climatiseurs portatif - DPA110CB5BP | Danby Canada","description":"Lorsque l\u2019\u00e9t\u00e9 bat son plein, que les temp\u00e9ratures augmentent et que la chaleur devient insupportable, tenez-vous au frais avec ce climatiseur portatif de 11,000 BTU \u00e0 la fine pointe de la technologie. Il offre des vitesses de ventilation basse, moyenne et haute qui peuvent \u00eatre contr\u00f4l\u00e9es gr\u00e2ce au panneau d'affichage \u00e0 DEL de l'appareil ou en utilisant la t\u00e9l\u00e9commande. Vous pouvez r\u00e9gler la temp\u00e9rature \u00e0 votre convenance de 17\u00b0C \u00e0 30\u00b0C (61\u00b0F \u00e0 89\u00b0F). L'appareil dispose d\u2019une commande automatique marche \/ arr\u00eat pratique qui vous permet de faire d\u00e9marrer et d'arr\u00eater l\u2019appareil pour l'adapter \u00e0 votre horaire. Ce climatiseur est respectueux de l'environnement. C'est un mod\u00e8le id\u00e9al pour les appartements, les copropri\u00e9t\u00e9s et les grandes pi\u00e8ces capable de refroidir des zones allant jusqu'\u00e0 550 pieds carr\u00e9s.","robots":{"index":"index","follow":"follow","max-snippet":"max-snippet:-1","max-image-preview":"max-image-preview:large","max-video-preview":"max-video-preview:-1"},"canonical":"https:\/\/www.danby.com\/fr\/products\/climatiseurs-portatifs\/dpa110cb5bp\/","og_locale":"fr_CA","og_type":"article","og_title":"Premiere 11000 BTU Climatiseurs portatif - DPA110CB5BP | Danby Canada","og_description":"Lorsque l\u2019\u00e9t\u00e9 bat son plein, que les temp\u00e9ratures augmentent et que la chaleur devient insupportable, tenez-vous au frais avec ce climatiseur portatif de 11,000 BTU \u00e0 la fine pointe de la technologie. Il offre des vitesses de ventilation basse, moyenne et haute qui peuvent \u00eatre contr\u00f4l\u00e9es gr\u00e2ce au panneau d'affichage \u00e0 DEL de l'appareil ou en utilisant la t\u00e9l\u00e9commande. Vous pouvez r\u00e9gler la temp\u00e9rature \u00e0 votre convenance de 17\u00b0C \u00e0 30\u00b0C (61\u00b0F \u00e0 89\u00b0F). L'appareil dispose d\u2019une commande automatique marche \/ arr\u00eat pratique qui vous permet de faire d\u00e9marrer et d'arr\u00eater l\u2019appareil pour l'adapter \u00e0 votre horaire. Ce climatiseur est respectueux de l'environnement. C'est un mod\u00e8le id\u00e9al pour les appartements, les copropri\u00e9t\u00e9s et les grandes pi\u00e8ces capable de refroidir des zones allant jusqu'\u00e0 550 pieds carr\u00e9s.","og_url":"https:\/\/www.danby.com\/fr\/products\/climatiseurs-portatifs\/dpa110cb5bp\/","og_site_name":"Danby - Canada - French","article_publisher":"https:\/\/www.facebook.com\/DanbyAppliances","article_modified_time":"2026-04-12T10:06:41+00:00","og_image":[{"width":1500,"height":2108,"url":"https:\/\/cdnweb.danby.com\/wp-content\/uploads\/sites\/2\/2022\/02\/08205918\/DPA110CB5Bp.jpg","type":"image\/jpeg"}],"twitter_card":"summary_large_image","twitter_site":"@DanbyAppliance","schema":{"@context":"https:\/\/schema.org","@graph":[{"@type":["WebPage","ItemPage"],"url":"https:\/\/www.danby.com\/fr\/products\/climatiseurs-portatifs\/dpa110cb5bp\/","name":"Premiere 11000 BTU Climatiseurs portatif - DPA110CB5BP | Danby Canada","isPartOf":[],"primaryImageOfPage":[],"image":[],"thumbnailUrl":"https:\/\/cdnweb.danby.com\/wp-content\/uploads\/sites\/2\/2022\/02\/08205918\/DPA110CB5Bp.jpg","datePublished":"2022-02-03T19:19:43+00:00","dateModified":"2026-04-12T10:06:41+00:00","description":"Lorsque l\u2019\u00e9t\u00e9 bat son plein, que les temp\u00e9ratures augmentent et que la chaleur devient insupportable, tenez-vous au frais avec ce climatiseur portatif de 11,000 BTU \u00e0 la fine pointe de la technologie. Il offre des vitesses de ventilation basse, moyenne et haute qui peuvent \u00eatre contr\u00f4l\u00e9es gr\u00e2ce au panneau d'affichage \u00e0 DEL de l'appareil ou en utilisant la t\u00e9l\u00e9commande. Vous pouvez r\u00e9gler la temp\u00e9rature \u00e0 votre convenance de 17\u00b0C \u00e0 30\u00b0C (61\u00b0F \u00e0 89\u00b0F). L'appareil dispose d\u2019une commande automatique marche \/ arr\u00eat pratique qui vous permet de faire d\u00e9marrer et d'arr\u00eater l\u2019appareil pour l'adapter \u00e0 votre horaire. Ce climatiseur est respectueux de l'environnement. C'est un mod\u00e8le id\u00e9al pour les appartements, les copropri\u00e9t\u00e9s et les grandes pi\u00e8ces capable de refroidir des zones allant jusqu'\u00e0 550 pieds carr\u00e9s.","breadcrumb":[],"inLanguage":"fr-CA","potentialAction":[{"@type":"ReadAction","target":["https:\/\/www.danby.com\/fr\/products\/climatiseurs-portatifs\/dpa110cb5bp\/"]}]},{"@type":"ImageObject","inLanguage":"fr-CA","url":"https:\/\/cdnweb.danby.com\/wp-content\/uploads\/sites\/2\/2022\/02\/08205918\/DPA110CB5Bp.jpg","contentUrl":"https:\/\/cdnweb.danby.com\/wp-content\/uploads\/sites\/2\/2022\/02\/08205918\/DPA110CB5Bp.jpg","width":1500,"height":2108},{"@type":"BreadcrumbList","itemListElement":[{"@type":"ListItem","position":1,"name":"Home","item":"https:\/\/www.danby.com\/fr\/"},{"@type":"ListItem","position":2,"name":"Boutique","item":"https:\/\/www.danby.com\/fr\/boutique\/"},{"@type":"ListItem","position":3,"name":"Premiere 11000 BTU Climatiseurs portatif"}]},{"@type":"WebSite","url":"https:\/\/www.danby.com\/fr\/","name":"Danby - Canada - French","description":"Leader dans le domaine de la r\u00e9frig\u00e9ration et des appareils sp\u00e9cialis\u00e9s","publisher":[],"potentialAction":[{"@type":"SearchAction","target":{"@type":"EntryPoint","urlTemplate":"https:\/\/www.danby.com\/fr\/?s={search_term_string}"},"query-input":{"@type":"PropertyValueSpecification","valueRequired":true,"valueName":"search_term_string"}}],"inLanguage":"fr-CA"},{"@type":"Organization","name":"Danby Appliances","url":"https:\/\/www.danby.com\/fr\/","logo":{"@type":"ImageObject","inLanguage":"fr-CA","url":"https:\/\/cdnweb.danby.com\/wp-content\/uploads\/sites\/2\/2022\/02\/10141906\/Danby75Ans_Blue.png","contentUrl":"https:\/\/cdnweb.danby.com\/wp-content\/uploads\/sites\/2\/2022\/02\/10141906\/Danby75Ans_Blue.png","width":470,"height":110,"caption":"Danby Appliances"},"image":[],"sameAs":["https:\/\/www.facebook.com\/DanbyAppliances","https:\/\/x.com\/DanbyAppliance","https:\/\/instagram.com\/danbyappliances\/","https:\/\/www.linkedin.com\/company\/danbyappliances","https:\/\/www.pinterest.ca\/danbyappliances\/","https:\/\/www.youtube.com\/user\/DanbyProducts","https:\/\/en.wikipedia.org\/wiki\/Danby_(appliances)"]}]}},"post_mailing_queue_ids":[],"_links":{"self":[{"href":"https:\/\/www.danby.com\/fr\/wp-json\/wp\/v2\/product\/5112","targetHints":{"allow":["GET"]}}],"collection":[{"href":"https:\/\/www.danby.com\/fr\/wp-json\/wp\/v2\/product"}],"about":[{"href":"https:\/\/www.danby.com\/fr\/wp-json\/wp\/v2\/types\/product"}],"replies":[{"embeddable":true,"href":"https:\/\/www.danby.com\/fr\/wp-json\/wp\/v2\/comments?post=5112"}],"wp:featuredmedia":[{"embeddable":true,"href":"https:\/\/www.danby.com\/fr\/wp-json\/wp\/v2\/media\/8633"}],"wp:attachment":[{"href":"https:\/\/www.danby.com\/fr\/wp-json\/wp\/v2\/media?parent=5112"}],"wp:term":[{"taxonomy":"product_brand","embeddable":true,"href":"https:\/\/www.danby.com\/fr\/wp-json\/wp\/v2\/product_brand?post=5112"},{"taxonomy":"product_cat","embeddable":true,"href":"https:\/\/www.danby.com\/fr\/wp-json\/wp\/v2\/product_cat?post=5112"},{"taxonomy":"product_tag","embeddable":true,"href":"https:\/\/www.danby.com\/fr\/wp-json\/wp\/v2\/product_tag?post=5112"}],"curies":[{"name":"wp","href":"https:\/\/api.w.org\/{rel}","templated":true}]}}