{"id":5099,"date":"2022-02-03T19:19:43","date_gmt":"2022-02-03T19:19:43","guid":{"rendered":"https:\/\/www.danby.com\/fr\/product\/dpa100b6wdb-6\/"},"modified":"2026-04-16T10:08:23","modified_gmt":"2026-04-16T10:08:23","slug":"dpa100b6wdb-6","status":"publish","type":"product","link":"https:\/\/www.danby.com\/fr\/products\/climatiseurs-portatifs\/dpa100b6wdb-6\/","title":{"rendered":"Danby 10,000 BTU Climatiseurs portatif"},"content":{"rendered":"","protected":false},"excerpt":{"rendered":"<ul>\n<li>Mod\u00e8le\u00a03-en-1 pratique\u00a0: climatiseur, ventilateur et d\u00e9shumidificateur<\/li>\n<li>Le climatiseur portable de 10\u00a0000\u00a0BTU (5\u00a0500\u00a0SACC) refroidit des espaces de 450\u00a0pi2 ou moins.<\/li>\n<li>Puissant ventilateur \u00e0 3\u00a0vitesses, 3\u00a0refroidissments faisant circuler l\u2019air<\/li>\n<li>Connexion sans fil\u00a0: contr\u00f4lez la temp\u00e9rature de votre espace en tout temps, o\u00f9 que vous soyez<\/li>\n<li>Mode d\u00e9shumidificateur avec \u00e9vacuation directe pour un fonctionnement continu<\/li>\n<li>Commandes \u00e9lectroniques avec affichage \u00e0 DEL et t\u00e9l\u00e9commande<\/li>\n<li>Technologie de purification d\u2019air\u00a0O2 Clean\u00a0 : L\u2019ioniseur \u00e9limine les bact\u00e9ries et les odeurs ind\u00e9sirables de la pi\u00e8ce<\/li>\n<li>Suivi\u00a0: La t\u00e9l\u00e9commande agit comme un thermostat pour un contr\u00f4le plus pr\u00e9cis de la temp\u00e9rature<\/li>\n<li>Red\u00e9marrage automatique\u00a0: L\u2019appareil red\u00e9marre automatiquement apr\u00e8s une panne de courant<\/li>\n<li>Minuterie de 24\u00a0heures<\/li>\n<li>Conception \u00e0 tuyau unique\u00a0: \u00e9vacue efficacement l\u2019air chaud et humide \u00e0 l\u2019ext\u00e9rieur<\/li>\n<li>Filtre \u00e0 air r\u00e9utilisable et lavable<\/li>\n<li>Facile \u00e0 d\u00e9placer\u00a0: Roulettes et poign\u00e9es int\u00e9gr\u00e9es pour faciliter le transport d\u2019une pi\u00e8ce \u00e0 l\u2019autre<\/li>\n<li>Emballage ISTA\u00a06A<\/li>\n<li>Garantie\u00a0: 24 mois (pi\u00e8ces et main-d\u2019\u0153uvre) \u00e0 domicile<\/li>\n<\/ul>\n","protected":false},"featured_media":12773,"comment_status":"closed","ping_status":"open","template":"","meta":{"_acf_changed":false},"product_brand":[],"product_cat":[35],"product_tag":[],"class_list":{"0":"post-5099","1":"product","2":"type-product","3":"status-publish","4":"has-post-thumbnail","6":"product_cat-climatiseurs-portatifs","8":"first","9":"outofstock","10":"taxable","11":"shipping-taxable","12":"product-type-simple"},"acf":[],"yoast_head":"<!-- This site is optimized with the Yoast SEO plugin v26.7 - https:\/\/yoast.com\/wordpress\/plugins\/seo\/ -->\n<title>Danby 10,000 BTU Climatiseurs portatif - DPA100B6WDB-6 | Danby Canada<\/title>\n<meta name=\"description\" content=\"Ce climatiseur portable de 10\u00a0000\u00a0BTU de Danby est id\u00e9al pour les espaces de vie de 450\u00a0pi2 et moins. Ses quatre roulettes facilitent le d\u00e9placement de l\u2019appareil d\u2019une pi\u00e8ce \u00e0 l\u2019autre et sa conception \u00e0 tuyau unique \u00e9vacue efficacement l\u2019air chaud et humide \u00e0 l\u2019ext\u00e9rieur. La minuterie programmable de 24\u00a0heures permet un meilleur contr\u00f4le du fonctionnement de l\u2019appareil, ce qui r\u00e9duit les co\u00fbts et vous permet d\u2019\u00e9conomiser sur votre facture d\u2019\u00e9lectricit\u00e9 mensuelle. Pour vous aider \u00e0 maximiser votre confort \u00e0 la maison, cet appareil\u00a03-en-1 est dot\u00e9 d\u2019un climatiseur, d\u2019un ventilateur et d\u2019un d\u00e9shumidificateur pour que vous et vos invit\u00e9s soyez \u00e0 l\u2019aise, peu importe la temp\u00e9rature ext\u00e9rieure. La fonction de connexion sans fil vous permet de contr\u00f4ler la temp\u00e9rature de votre maison, o\u00f9 que vous soyez.\" \/>\n<meta name=\"robots\" content=\"index, follow, max-snippet:-1, max-image-preview:large, max-video-preview:-1\" \/>\n<link rel=\"canonical\" href=\"https:\/\/www.danby.com\/fr\/products\/climatiseurs-portatifs\/dpa100b6wdb-6\/\" \/>\n<meta property=\"og:locale\" content=\"fr_CA\" \/>\n<meta property=\"og:type\" content=\"article\" \/>\n<meta property=\"og:title\" content=\"Danby 10,000 BTU Climatiseurs portatif - DPA100B6WDB-6 | Danby Canada\" \/>\n<meta property=\"og:description\" content=\"Ce climatiseur portable de 10\u00a0000\u00a0BTU de Danby est id\u00e9al pour les espaces de vie de 450\u00a0pi2 et moins. Ses quatre roulettes facilitent le d\u00e9placement de l\u2019appareil d\u2019une pi\u00e8ce \u00e0 l\u2019autre et sa conception \u00e0 tuyau unique \u00e9vacue efficacement l\u2019air chaud et humide \u00e0 l\u2019ext\u00e9rieur. La minuterie programmable de 24\u00a0heures permet un meilleur contr\u00f4le du fonctionnement de l\u2019appareil, ce qui r\u00e9duit les co\u00fbts et vous permet d\u2019\u00e9conomiser sur votre facture d\u2019\u00e9lectricit\u00e9 mensuelle. Pour vous aider \u00e0 maximiser votre confort \u00e0 la maison, cet appareil\u00a03-en-1 est dot\u00e9 d\u2019un climatiseur, d\u2019un ventilateur et d\u2019un d\u00e9shumidificateur pour que vous et vos invit\u00e9s soyez \u00e0 l\u2019aise, peu importe la temp\u00e9rature ext\u00e9rieure. La fonction de connexion sans fil vous permet de contr\u00f4ler la temp\u00e9rature de votre maison, o\u00f9 que vous soyez.\" \/>\n<meta property=\"og:url\" content=\"https:\/\/www.danby.com\/fr\/products\/climatiseurs-portatifs\/dpa100b6wdb-6\/\" \/>\n<meta property=\"og:site_name\" content=\"Danby - Canada - French\" \/>\n<meta property=\"article:publisher\" content=\"https:\/\/www.facebook.com\/DanbyAppliances\" \/>\n<meta property=\"article:modified_time\" content=\"2026-04-16T10:08:23+00:00\" \/>\n<meta property=\"og:image\" content=\"https:\/\/cdnweb.danby.com\/wp-content\/uploads\/sites\/2\/2022\/02\/09164535\/DPA100B6WDB_left-min-scaled-1.jpg\" \/>\n\t<meta property=\"og:image:width\" content=\"1587\" \/>\n\t<meta property=\"og:image:height\" content=\"2560\" \/>\n\t<meta property=\"og:image:type\" content=\"image\/jpeg\" \/>\n<meta name=\"twitter:card\" content=\"summary_large_image\" \/>\n<meta name=\"twitter:site\" content=\"@DanbyAppliance\" \/>\n<script type=\"application\/ld+json\" class=\"yoast-schema-graph\">{\"@context\":\"https:\/\/schema.org\",\"@graph\":[{\"@type\":[\"WebPage\",\"ItemPage\"],\"url\":\"https:\/\/www.danby.com\/fr\/products\/climatiseurs-portatifs\/dpa100b6wdb-6\/\",\"name\":\"Danby 10,000 BTU Climatiseurs portatif - DPA100B6WDB-6 | Danby Canada\",\"isPartOf\":[],\"primaryImageOfPage\":[],\"image\":[],\"thumbnailUrl\":\"https:\/\/cdnweb.danby.com\/wp-content\/uploads\/sites\/2\/2022\/02\/09164535\/DPA100B6WDB_left-min-scaled-1.jpg\",\"datePublished\":\"2022-02-03T19:19:43+00:00\",\"dateModified\":\"2026-04-16T10:08:23+00:00\",\"description\":\"Ce climatiseur portable de 10\u00a0000\u00a0BTU de Danby est id\u00e9al pour les espaces de vie de 450\u00a0pi2 et moins. Ses quatre roulettes facilitent le d\u00e9placement de l\u2019appareil d\u2019une pi\u00e8ce \u00e0 l\u2019autre et sa conception \u00e0 tuyau unique \u00e9vacue efficacement l\u2019air chaud et humide \u00e0 l\u2019ext\u00e9rieur. La minuterie programmable de 24\u00a0heures permet un meilleur contr\u00f4le du fonctionnement de l\u2019appareil, ce qui r\u00e9duit les co\u00fbts et vous permet d\u2019\u00e9conomiser sur votre facture d\u2019\u00e9lectricit\u00e9 mensuelle. Pour vous aider \u00e0 maximiser votre confort \u00e0 la maison, cet appareil\u00a03-en-1 est dot\u00e9 d\u2019un climatiseur, d\u2019un ventilateur et d\u2019un d\u00e9shumidificateur pour que vous et vos invit\u00e9s soyez \u00e0 l\u2019aise, peu importe la temp\u00e9rature ext\u00e9rieure. La fonction de connexion sans fil vous permet de contr\u00f4ler la temp\u00e9rature de votre maison, o\u00f9 que vous soyez.\",\"breadcrumb\":[],\"inLanguage\":\"fr-CA\",\"potentialAction\":[{\"@type\":\"ReadAction\",\"target\":[\"https:\/\/www.danby.com\/fr\/products\/climatiseurs-portatifs\/dpa100b6wdb-6\/\"]}]},{\"@type\":\"ImageObject\",\"inLanguage\":\"fr-CA\",\"url\":\"https:\/\/cdnweb.danby.com\/wp-content\/uploads\/sites\/2\/2022\/02\/09164535\/DPA100B6WDB_left-min-scaled-1.jpg\",\"contentUrl\":\"https:\/\/cdnweb.danby.com\/wp-content\/uploads\/sites\/2\/2022\/02\/09164535\/DPA100B6WDB_left-min-scaled-1.jpg\",\"width\":1587,\"height\":2560},{\"@type\":\"BreadcrumbList\",\"itemListElement\":[{\"@type\":\"ListItem\",\"position\":1,\"name\":\"Home\",\"item\":\"https:\/\/www.danby.com\/fr\/\"},{\"@type\":\"ListItem\",\"position\":2,\"name\":\"Boutique\",\"item\":\"https:\/\/www.danby.com\/fr\/boutique\/\"},{\"@type\":\"ListItem\",\"position\":3,\"name\":\"Danby 10,000 BTU Climatiseurs portatif\"}]},{\"@type\":\"WebSite\",\"url\":\"https:\/\/www.danby.com\/fr\/\",\"name\":\"Danby - Canada - French\",\"description\":\"Leader dans le domaine de la r\u00e9frig\u00e9ration et des appareils sp\u00e9cialis\u00e9s\",\"publisher\":[],\"potentialAction\":[{\"@type\":\"SearchAction\",\"target\":{\"@type\":\"EntryPoint\",\"urlTemplate\":\"https:\/\/www.danby.com\/fr\/?s={search_term_string}\"},\"query-input\":{\"@type\":\"PropertyValueSpecification\",\"valueRequired\":true,\"valueName\":\"search_term_string\"}}],\"inLanguage\":\"fr-CA\"},{\"@type\":\"Organization\",\"name\":\"Danby Appliances\",\"url\":\"https:\/\/www.danby.com\/fr\/\",\"logo\":{\"@type\":\"ImageObject\",\"inLanguage\":\"fr-CA\",\"url\":\"https:\/\/cdnweb.danby.com\/wp-content\/uploads\/sites\/2\/2022\/02\/10141906\/Danby75Ans_Blue.png\",\"contentUrl\":\"https:\/\/cdnweb.danby.com\/wp-content\/uploads\/sites\/2\/2022\/02\/10141906\/Danby75Ans_Blue.png\",\"width\":470,\"height\":110,\"caption\":\"Danby Appliances\"},\"image\":[],\"sameAs\":[\"https:\/\/www.facebook.com\/DanbyAppliances\",\"https:\/\/x.com\/DanbyAppliance\",\"https:\/\/instagram.com\/danbyappliances\/\",\"https:\/\/www.linkedin.com\/company\/danbyappliances\",\"https:\/\/www.pinterest.ca\/danbyappliances\/\",\"https:\/\/www.youtube.com\/user\/DanbyProducts\",\"https:\/\/en.wikipedia.org\/wiki\/Danby_(appliances)\"]}]}<\/script>\n<!-- \/ Yoast SEO plugin. -->","yoast_head_json":{"title":"Danby 10,000 BTU Climatiseurs portatif - DPA100B6WDB-6 | Danby Canada","description":"Ce climatiseur portable de 10\u00a0000\u00a0BTU de Danby est id\u00e9al pour les espaces de vie de 450\u00a0pi2 et moins. Ses quatre roulettes facilitent le d\u00e9placement de l\u2019appareil d\u2019une pi\u00e8ce \u00e0 l\u2019autre et sa conception \u00e0 tuyau unique \u00e9vacue efficacement l\u2019air chaud et humide \u00e0 l\u2019ext\u00e9rieur. La minuterie programmable de 24\u00a0heures permet un meilleur contr\u00f4le du fonctionnement de l\u2019appareil, ce qui r\u00e9duit les co\u00fbts et vous permet d\u2019\u00e9conomiser sur votre facture d\u2019\u00e9lectricit\u00e9 mensuelle. Pour vous aider \u00e0 maximiser votre confort \u00e0 la maison, cet appareil\u00a03-en-1 est dot\u00e9 d\u2019un climatiseur, d\u2019un ventilateur et d\u2019un d\u00e9shumidificateur pour que vous et vos invit\u00e9s soyez \u00e0 l\u2019aise, peu importe la temp\u00e9rature ext\u00e9rieure. La fonction de connexion sans fil vous permet de contr\u00f4ler la temp\u00e9rature de votre maison, o\u00f9 que vous soyez.","robots":{"index":"index","follow":"follow","max-snippet":"max-snippet:-1","max-image-preview":"max-image-preview:large","max-video-preview":"max-video-preview:-1"},"canonical":"https:\/\/www.danby.com\/fr\/products\/climatiseurs-portatifs\/dpa100b6wdb-6\/","og_locale":"fr_CA","og_type":"article","og_title":"Danby 10,000 BTU Climatiseurs portatif - DPA100B6WDB-6 | Danby Canada","og_description":"Ce climatiseur portable de 10\u00a0000\u00a0BTU de Danby est id\u00e9al pour les espaces de vie de 450\u00a0pi2 et moins. Ses quatre roulettes facilitent le d\u00e9placement de l\u2019appareil d\u2019une pi\u00e8ce \u00e0 l\u2019autre et sa conception \u00e0 tuyau unique \u00e9vacue efficacement l\u2019air chaud et humide \u00e0 l\u2019ext\u00e9rieur. La minuterie programmable de 24\u00a0heures permet un meilleur contr\u00f4le du fonctionnement de l\u2019appareil, ce qui r\u00e9duit les co\u00fbts et vous permet d\u2019\u00e9conomiser sur votre facture d\u2019\u00e9lectricit\u00e9 mensuelle. Pour vous aider \u00e0 maximiser votre confort \u00e0 la maison, cet appareil\u00a03-en-1 est dot\u00e9 d\u2019un climatiseur, d\u2019un ventilateur et d\u2019un d\u00e9shumidificateur pour que vous et vos invit\u00e9s soyez \u00e0 l\u2019aise, peu importe la temp\u00e9rature ext\u00e9rieure. La fonction de connexion sans fil vous permet de contr\u00f4ler la temp\u00e9rature de votre maison, o\u00f9 que vous soyez.","og_url":"https:\/\/www.danby.com\/fr\/products\/climatiseurs-portatifs\/dpa100b6wdb-6\/","og_site_name":"Danby - Canada - French","article_publisher":"https:\/\/www.facebook.com\/DanbyAppliances","article_modified_time":"2026-04-16T10:08:23+00:00","og_image":[{"width":1587,"height":2560,"url":"https:\/\/cdnweb.danby.com\/wp-content\/uploads\/sites\/2\/2022\/02\/09164535\/DPA100B6WDB_left-min-scaled-1.jpg","type":"image\/jpeg"}],"twitter_card":"summary_large_image","twitter_site":"@DanbyAppliance","schema":{"@context":"https:\/\/schema.org","@graph":[{"@type":["WebPage","ItemPage"],"url":"https:\/\/www.danby.com\/fr\/products\/climatiseurs-portatifs\/dpa100b6wdb-6\/","name":"Danby 10,000 BTU Climatiseurs portatif - DPA100B6WDB-6 | Danby Canada","isPartOf":[],"primaryImageOfPage":[],"image":[],"thumbnailUrl":"https:\/\/cdnweb.danby.com\/wp-content\/uploads\/sites\/2\/2022\/02\/09164535\/DPA100B6WDB_left-min-scaled-1.jpg","datePublished":"2022-02-03T19:19:43+00:00","dateModified":"2026-04-16T10:08:23+00:00","description":"Ce climatiseur portable de 10\u00a0000\u00a0BTU de Danby est id\u00e9al pour les espaces de vie de 450\u00a0pi2 et moins. Ses quatre roulettes facilitent le d\u00e9placement de l\u2019appareil d\u2019une pi\u00e8ce \u00e0 l\u2019autre et sa conception \u00e0 tuyau unique \u00e9vacue efficacement l\u2019air chaud et humide \u00e0 l\u2019ext\u00e9rieur. La minuterie programmable de 24\u00a0heures permet un meilleur contr\u00f4le du fonctionnement de l\u2019appareil, ce qui r\u00e9duit les co\u00fbts et vous permet d\u2019\u00e9conomiser sur votre facture d\u2019\u00e9lectricit\u00e9 mensuelle. Pour vous aider \u00e0 maximiser votre confort \u00e0 la maison, cet appareil\u00a03-en-1 est dot\u00e9 d\u2019un climatiseur, d\u2019un ventilateur et d\u2019un d\u00e9shumidificateur pour que vous et vos invit\u00e9s soyez \u00e0 l\u2019aise, peu importe la temp\u00e9rature ext\u00e9rieure. La fonction de connexion sans fil vous permet de contr\u00f4ler la temp\u00e9rature de votre maison, o\u00f9 que vous soyez.","breadcrumb":[],"inLanguage":"fr-CA","potentialAction":[{"@type":"ReadAction","target":["https:\/\/www.danby.com\/fr\/products\/climatiseurs-portatifs\/dpa100b6wdb-6\/"]}]},{"@type":"ImageObject","inLanguage":"fr-CA","url":"https:\/\/cdnweb.danby.com\/wp-content\/uploads\/sites\/2\/2022\/02\/09164535\/DPA100B6WDB_left-min-scaled-1.jpg","contentUrl":"https:\/\/cdnweb.danby.com\/wp-content\/uploads\/sites\/2\/2022\/02\/09164535\/DPA100B6WDB_left-min-scaled-1.jpg","width":1587,"height":2560},{"@type":"BreadcrumbList","itemListElement":[{"@type":"ListItem","position":1,"name":"Home","item":"https:\/\/www.danby.com\/fr\/"},{"@type":"ListItem","position":2,"name":"Boutique","item":"https:\/\/www.danby.com\/fr\/boutique\/"},{"@type":"ListItem","position":3,"name":"Danby 10,000 BTU Climatiseurs portatif"}]},{"@type":"WebSite","url":"https:\/\/www.danby.com\/fr\/","name":"Danby - Canada - French","description":"Leader dans le domaine de la r\u00e9frig\u00e9ration et des appareils sp\u00e9cialis\u00e9s","publisher":[],"potentialAction":[{"@type":"SearchAction","target":{"@type":"EntryPoint","urlTemplate":"https:\/\/www.danby.com\/fr\/?s={search_term_string}"},"query-input":{"@type":"PropertyValueSpecification","valueRequired":true,"valueName":"search_term_string"}}],"inLanguage":"fr-CA"},{"@type":"Organization","name":"Danby Appliances","url":"https:\/\/www.danby.com\/fr\/","logo":{"@type":"ImageObject","inLanguage":"fr-CA","url":"https:\/\/cdnweb.danby.com\/wp-content\/uploads\/sites\/2\/2022\/02\/10141906\/Danby75Ans_Blue.png","contentUrl":"https:\/\/cdnweb.danby.com\/wp-content\/uploads\/sites\/2\/2022\/02\/10141906\/Danby75Ans_Blue.png","width":470,"height":110,"caption":"Danby Appliances"},"image":[],"sameAs":["https:\/\/www.facebook.com\/DanbyAppliances","https:\/\/x.com\/DanbyAppliance","https:\/\/instagram.com\/danbyappliances\/","https:\/\/www.linkedin.com\/company\/danbyappliances","https:\/\/www.pinterest.ca\/danbyappliances\/","https:\/\/www.youtube.com\/user\/DanbyProducts","https:\/\/en.wikipedia.org\/wiki\/Danby_(appliances)"]}]}},"post_mailing_queue_ids":[],"_links":{"self":[{"href":"https:\/\/www.danby.com\/fr\/wp-json\/wp\/v2\/product\/5099","targetHints":{"allow":["GET"]}}],"collection":[{"href":"https:\/\/www.danby.com\/fr\/wp-json\/wp\/v2\/product"}],"about":[{"href":"https:\/\/www.danby.com\/fr\/wp-json\/wp\/v2\/types\/product"}],"replies":[{"embeddable":true,"href":"https:\/\/www.danby.com\/fr\/wp-json\/wp\/v2\/comments?post=5099"}],"wp:featuredmedia":[{"embeddable":true,"href":"https:\/\/www.danby.com\/fr\/wp-json\/wp\/v2\/media\/12773"}],"wp:attachment":[{"href":"https:\/\/www.danby.com\/fr\/wp-json\/wp\/v2\/media?parent=5099"}],"wp:term":[{"taxonomy":"product_brand","embeddable":true,"href":"https:\/\/www.danby.com\/fr\/wp-json\/wp\/v2\/product_brand?post=5099"},{"taxonomy":"product_cat","embeddable":true,"href":"https:\/\/www.danby.com\/fr\/wp-json\/wp\/v2\/product_cat?post=5099"},{"taxonomy":"product_tag","embeddable":true,"href":"https:\/\/www.danby.com\/fr\/wp-json\/wp\/v2\/product_tag?post=5099"}],"curies":[{"name":"wp","href":"https:\/\/api.w.org\/{rel}","templated":true}]}}