{"id":5097,"date":"2022-02-03T19:19:43","date_gmt":"2022-02-03T19:19:43","guid":{"rendered":"https:\/\/www.danby.com\/fr\/product\/dpa100b2wdb\/"},"modified":"2026-04-12T10:06:38","modified_gmt":"2026-04-12T10:06:38","slug":"dpa100b2wdb","status":"publish","type":"product","link":"https:\/\/www.danby.com\/fr\/products\/climatiseurs-portatifs\/dpa100b2wdb\/","title":{"rendered":"Danby 10000 BTU Climatiseurs portatif"},"content":{"rendered":"","protected":false},"excerpt":{"rendered":"<ul>\n<li>Le climatiseur de 10 000 BTU refroidit environ 450 pieds carr\u00e9s.<\/li>\n<li>R\u00e9frig\u00e9rant R410A respectueux de l&#8217;environnement<\/li>\n<li>Conception \u00e0 tuyau unique<\/li>\n<li>Commandes \u00e9lectroniques avec t\u00e9l\u00e9commande et affichage \u00e0 DEL<\/li>\n<li>2 vitesses de ventilateur (haute &#8211; basse)<\/li>\n<li>Mise en marche\/arr\u00eat automatique : Faites en sorte que l&#8217;appareil se mette en marche ou s&#8217;arr\u00eate en fonction de votre emploi du temps<\/li>\n<li>Plage de temp\u00e9rature variable de 17\u00b0C \u00e0 30\u00b0C (62\u00b0F \u00e0 86\u00b0F)<\/li>\n<li>Poign\u00e9es et roulettes int\u00e9gr\u00e9es vous permettent de d\u00e9placer facilement l&#8217;appareil d&#8217;une pi\u00e8ce \u00e0 l&#8217;autre<\/li>\n<li>S&#8217;adapte facilement aux portes vitr\u00e9es coulissantes, aux fen\u00eatres coulissantes et aux fen\u00eatres \u00e0 guillotine double<\/li>\n<li>Le kit d&#8217;installation de fen\u00eatre extensible s&#8217;adapte aux fen\u00eatres de28 6\/16&#8243;- 81 8\/16&#8243; de large<\/li>\n<li>Longueur du tuyau d&#8217;\u00e9vacuation : 59 1\/16&#8243; (150 cm)<\/li>\n<\/ul>\n","protected":false},"featured_media":7164,"comment_status":"closed","ping_status":"open","template":"","meta":{"_acf_changed":false},"product_brand":[],"product_cat":[35],"product_tag":[],"class_list":{"0":"post-5097","1":"product","2":"type-product","3":"status-publish","4":"has-post-thumbnail","6":"product_cat-climatiseurs-portatifs","8":"first","9":"outofstock","10":"taxable","11":"shipping-taxable","12":"product-type-simple"},"acf":[],"yoast_head":"<!-- This site is optimized with the Yoast SEO plugin v26.7 - https:\/\/yoast.com\/wordpress\/plugins\/seo\/ -->\n<title>Danby 10000 BTU Climatiseurs portatif - DPA100B2WDB | Danby Canada<\/title>\n<meta name=\"description\" content=\"L\u2019heureux propri\u00e9taire de ce climatiseur efficace et fiable \u00e9vitera de se tourmenter, en pensant \u00e0 l&#039;arriv\u00e9e de l&#039;\u00e9t\u00e9 et de son cort\u00e8ge de chaleur et d\u2019humidit\u00e9. Ce mod\u00e8le de luxe, dot\u00e9 d\u2019une puissante capacit\u00e9 de 10000 BTU et d\u2019un ventilateur \u00e0 deux vitesses, rafraichit efficacement les surfaces allant jusqu&#039;\u00e0 450 pieds carr\u00e9s. L\u2019utilisation du frigorifiant \u00e9cologique R410A m\u00e9nage la couche d\u2019ozone. La remarquable fonction marche\/arr\u00eat automatique vous permet de d\u00e9marrer et d&#039;arr\u00eater l&#039;appareil \u00e0 votre convenance, gr\u00e2ce au dispositif de commande \u00e0 distance ou \u00e0 l\u2019afficheur \u00e9lectronique \u00e0 DEL facile \u00e0 lire. Cet appareil haut de gamme dispose d&#039;un syst\u00e8me mono-tuyau et peut \u00eatre programm\u00e9 dans une plage de temp\u00e9ratures variant entre 17\u00b0C et 30\u00b0C (62\u00b0F et 86\u00b0F). Le d\u00e9placement de l&#039;appareil d&#039;une pi\u00e8ce \u00e0 l\u2019autre est facilit\u00e9 par de pratiques roulettes et poign\u00e9es int\u00e9gr\u00e9es. Il dispose \u00e9galement d&#039;une garantie de 12 mois sur les pi\u00e8ces et la main-d&#039;\u0153uvre, incluant le service \u00e0 domicile.\" \/>\n<meta name=\"robots\" content=\"index, follow, max-snippet:-1, max-image-preview:large, max-video-preview:-1\" \/>\n<link rel=\"canonical\" href=\"https:\/\/www.danby.com\/fr\/products\/climatiseurs-portatifs\/dpa100b2wdb\/\" \/>\n<meta property=\"og:locale\" content=\"fr_CA\" \/>\n<meta property=\"og:type\" content=\"article\" \/>\n<meta property=\"og:title\" content=\"Danby 10000 BTU Climatiseurs portatif - DPA100B2WDB | Danby Canada\" \/>\n<meta property=\"og:description\" content=\"L\u2019heureux propri\u00e9taire de ce climatiseur efficace et fiable \u00e9vitera de se tourmenter, en pensant \u00e0 l&#039;arriv\u00e9e de l&#039;\u00e9t\u00e9 et de son cort\u00e8ge de chaleur et d\u2019humidit\u00e9. Ce mod\u00e8le de luxe, dot\u00e9 d\u2019une puissante capacit\u00e9 de 10000 BTU et d\u2019un ventilateur \u00e0 deux vitesses, rafraichit efficacement les surfaces allant jusqu&#039;\u00e0 450 pieds carr\u00e9s. L\u2019utilisation du frigorifiant \u00e9cologique R410A m\u00e9nage la couche d\u2019ozone. La remarquable fonction marche\/arr\u00eat automatique vous permet de d\u00e9marrer et d&#039;arr\u00eater l&#039;appareil \u00e0 votre convenance, gr\u00e2ce au dispositif de commande \u00e0 distance ou \u00e0 l\u2019afficheur \u00e9lectronique \u00e0 DEL facile \u00e0 lire. Cet appareil haut de gamme dispose d&#039;un syst\u00e8me mono-tuyau et peut \u00eatre programm\u00e9 dans une plage de temp\u00e9ratures variant entre 17\u00b0C et 30\u00b0C (62\u00b0F et 86\u00b0F). Le d\u00e9placement de l&#039;appareil d&#039;une pi\u00e8ce \u00e0 l\u2019autre est facilit\u00e9 par de pratiques roulettes et poign\u00e9es int\u00e9gr\u00e9es. Il dispose \u00e9galement d&#039;une garantie de 12 mois sur les pi\u00e8ces et la main-d&#039;\u0153uvre, incluant le service \u00e0 domicile.\" \/>\n<meta property=\"og:url\" content=\"https:\/\/www.danby.com\/fr\/products\/climatiseurs-portatifs\/dpa100b2wdb\/\" \/>\n<meta property=\"og:site_name\" content=\"Danby - Canada - French\" \/>\n<meta property=\"article:publisher\" content=\"https:\/\/www.facebook.com\/DanbyAppliances\" \/>\n<meta property=\"article:modified_time\" content=\"2026-04-12T10:06:38+00:00\" \/>\n<meta property=\"og:image\" content=\"https:\/\/cdnweb.danby.com\/wp-content\/uploads\/sites\/2\/2022\/02\/08192018\/Medium_DPA100B2WDB_right.jpg\" \/>\n\t<meta property=\"og:image:width\" content=\"300\" \/>\n\t<meta property=\"og:image:height\" content=\"272\" \/>\n\t<meta property=\"og:image:type\" content=\"image\/jpeg\" \/>\n<meta name=\"twitter:card\" content=\"summary_large_image\" \/>\n<meta name=\"twitter:site\" content=\"@DanbyAppliance\" \/>\n<script type=\"application\/ld+json\" class=\"yoast-schema-graph\">{\"@context\":\"https:\/\/schema.org\",\"@graph\":[{\"@type\":[\"WebPage\",\"ItemPage\"],\"url\":\"https:\/\/www.danby.com\/fr\/products\/climatiseurs-portatifs\/dpa100b2wdb\/\",\"name\":\"Danby 10000 BTU Climatiseurs portatif - DPA100B2WDB | Danby Canada\",\"isPartOf\":[],\"primaryImageOfPage\":[],\"image\":[],\"thumbnailUrl\":\"https:\/\/cdnweb.danby.com\/wp-content\/uploads\/sites\/2\/2022\/02\/08192018\/Medium_DPA100B2WDB_right.jpg\",\"datePublished\":\"2022-02-03T19:19:43+00:00\",\"dateModified\":\"2026-04-12T10:06:38+00:00\",\"description\":\"L\u2019heureux propri\u00e9taire de ce climatiseur efficace et fiable \u00e9vitera de se tourmenter, en pensant \u00e0 l'arriv\u00e9e de l'\u00e9t\u00e9 et de son cort\u00e8ge de chaleur et d\u2019humidit\u00e9. Ce mod\u00e8le de luxe, dot\u00e9 d\u2019une puissante capacit\u00e9 de 10000 BTU et d\u2019un ventilateur \u00e0 deux vitesses, rafraichit efficacement les surfaces allant jusqu'\u00e0 450 pieds carr\u00e9s. L\u2019utilisation du frigorifiant \u00e9cologique R410A m\u00e9nage la couche d\u2019ozone. La remarquable fonction marche\/arr\u00eat automatique vous permet de d\u00e9marrer et d'arr\u00eater l'appareil \u00e0 votre convenance, gr\u00e2ce au dispositif de commande \u00e0 distance ou \u00e0 l\u2019afficheur \u00e9lectronique \u00e0 DEL facile \u00e0 lire. Cet appareil haut de gamme dispose d'un syst\u00e8me mono-tuyau et peut \u00eatre programm\u00e9 dans une plage de temp\u00e9ratures variant entre 17\u00b0C et 30\u00b0C (62\u00b0F et 86\u00b0F). Le d\u00e9placement de l'appareil d'une pi\u00e8ce \u00e0 l\u2019autre est facilit\u00e9 par de pratiques roulettes et poign\u00e9es int\u00e9gr\u00e9es. Il dispose \u00e9galement d'une garantie de 12 mois sur les pi\u00e8ces et la main-d'\u0153uvre, incluant le service \u00e0 domicile.\",\"breadcrumb\":[],\"inLanguage\":\"fr-CA\",\"potentialAction\":[{\"@type\":\"ReadAction\",\"target\":[\"https:\/\/www.danby.com\/fr\/products\/climatiseurs-portatifs\/dpa100b2wdb\/\"]}]},{\"@type\":\"ImageObject\",\"inLanguage\":\"fr-CA\",\"url\":\"https:\/\/cdnweb.danby.com\/wp-content\/uploads\/sites\/2\/2022\/02\/08192018\/Medium_DPA100B2WDB_right.jpg\",\"contentUrl\":\"https:\/\/cdnweb.danby.com\/wp-content\/uploads\/sites\/2\/2022\/02\/08192018\/Medium_DPA100B2WDB_right.jpg\",\"width\":300,\"height\":272},{\"@type\":\"BreadcrumbList\",\"itemListElement\":[{\"@type\":\"ListItem\",\"position\":1,\"name\":\"Home\",\"item\":\"https:\/\/www.danby.com\/fr\/\"},{\"@type\":\"ListItem\",\"position\":2,\"name\":\"Boutique\",\"item\":\"https:\/\/www.danby.com\/fr\/boutique\/\"},{\"@type\":\"ListItem\",\"position\":3,\"name\":\"Danby 10000 BTU Climatiseurs portatif\"}]},{\"@type\":\"WebSite\",\"url\":\"https:\/\/www.danby.com\/fr\/\",\"name\":\"Danby - Canada - French\",\"description\":\"Leader dans le domaine de la r\u00e9frig\u00e9ration et des appareils sp\u00e9cialis\u00e9s\",\"publisher\":[],\"potentialAction\":[{\"@type\":\"SearchAction\",\"target\":{\"@type\":\"EntryPoint\",\"urlTemplate\":\"https:\/\/www.danby.com\/fr\/?s={search_term_string}\"},\"query-input\":{\"@type\":\"PropertyValueSpecification\",\"valueRequired\":true,\"valueName\":\"search_term_string\"}}],\"inLanguage\":\"fr-CA\"},{\"@type\":\"Organization\",\"name\":\"Danby Appliances\",\"url\":\"https:\/\/www.danby.com\/fr\/\",\"logo\":{\"@type\":\"ImageObject\",\"inLanguage\":\"fr-CA\",\"url\":\"https:\/\/cdnweb.danby.com\/wp-content\/uploads\/sites\/2\/2022\/02\/10141906\/Danby75Ans_Blue.png\",\"contentUrl\":\"https:\/\/cdnweb.danby.com\/wp-content\/uploads\/sites\/2\/2022\/02\/10141906\/Danby75Ans_Blue.png\",\"width\":470,\"height\":110,\"caption\":\"Danby Appliances\"},\"image\":[],\"sameAs\":[\"https:\/\/www.facebook.com\/DanbyAppliances\",\"https:\/\/x.com\/DanbyAppliance\",\"https:\/\/instagram.com\/danbyappliances\/\",\"https:\/\/www.linkedin.com\/company\/danbyappliances\",\"https:\/\/www.pinterest.ca\/danbyappliances\/\",\"https:\/\/www.youtube.com\/user\/DanbyProducts\",\"https:\/\/en.wikipedia.org\/wiki\/Danby_(appliances)\"]}]}<\/script>\n<!-- \/ Yoast SEO plugin. -->","yoast_head_json":{"title":"Danby 10000 BTU Climatiseurs portatif - DPA100B2WDB | Danby Canada","description":"L\u2019heureux propri\u00e9taire de ce climatiseur efficace et fiable \u00e9vitera de se tourmenter, en pensant \u00e0 l'arriv\u00e9e de l'\u00e9t\u00e9 et de son cort\u00e8ge de chaleur et d\u2019humidit\u00e9. Ce mod\u00e8le de luxe, dot\u00e9 d\u2019une puissante capacit\u00e9 de 10000 BTU et d\u2019un ventilateur \u00e0 deux vitesses, rafraichit efficacement les surfaces allant jusqu'\u00e0 450 pieds carr\u00e9s. L\u2019utilisation du frigorifiant \u00e9cologique R410A m\u00e9nage la couche d\u2019ozone. La remarquable fonction marche\/arr\u00eat automatique vous permet de d\u00e9marrer et d'arr\u00eater l'appareil \u00e0 votre convenance, gr\u00e2ce au dispositif de commande \u00e0 distance ou \u00e0 l\u2019afficheur \u00e9lectronique \u00e0 DEL facile \u00e0 lire. Cet appareil haut de gamme dispose d'un syst\u00e8me mono-tuyau et peut \u00eatre programm\u00e9 dans une plage de temp\u00e9ratures variant entre 17\u00b0C et 30\u00b0C (62\u00b0F et 86\u00b0F). Le d\u00e9placement de l'appareil d'une pi\u00e8ce \u00e0 l\u2019autre est facilit\u00e9 par de pratiques roulettes et poign\u00e9es int\u00e9gr\u00e9es. Il dispose \u00e9galement d'une garantie de 12 mois sur les pi\u00e8ces et la main-d'\u0153uvre, incluant le service \u00e0 domicile.","robots":{"index":"index","follow":"follow","max-snippet":"max-snippet:-1","max-image-preview":"max-image-preview:large","max-video-preview":"max-video-preview:-1"},"canonical":"https:\/\/www.danby.com\/fr\/products\/climatiseurs-portatifs\/dpa100b2wdb\/","og_locale":"fr_CA","og_type":"article","og_title":"Danby 10000 BTU Climatiseurs portatif - DPA100B2WDB | Danby Canada","og_description":"L\u2019heureux propri\u00e9taire de ce climatiseur efficace et fiable \u00e9vitera de se tourmenter, en pensant \u00e0 l'arriv\u00e9e de l'\u00e9t\u00e9 et de son cort\u00e8ge de chaleur et d\u2019humidit\u00e9. Ce mod\u00e8le de luxe, dot\u00e9 d\u2019une puissante capacit\u00e9 de 10000 BTU et d\u2019un ventilateur \u00e0 deux vitesses, rafraichit efficacement les surfaces allant jusqu'\u00e0 450 pieds carr\u00e9s. L\u2019utilisation du frigorifiant \u00e9cologique R410A m\u00e9nage la couche d\u2019ozone. La remarquable fonction marche\/arr\u00eat automatique vous permet de d\u00e9marrer et d'arr\u00eater l'appareil \u00e0 votre convenance, gr\u00e2ce au dispositif de commande \u00e0 distance ou \u00e0 l\u2019afficheur \u00e9lectronique \u00e0 DEL facile \u00e0 lire. Cet appareil haut de gamme dispose d'un syst\u00e8me mono-tuyau et peut \u00eatre programm\u00e9 dans une plage de temp\u00e9ratures variant entre 17\u00b0C et 30\u00b0C (62\u00b0F et 86\u00b0F). Le d\u00e9placement de l'appareil d'une pi\u00e8ce \u00e0 l\u2019autre est facilit\u00e9 par de pratiques roulettes et poign\u00e9es int\u00e9gr\u00e9es. Il dispose \u00e9galement d'une garantie de 12 mois sur les pi\u00e8ces et la main-d'\u0153uvre, incluant le service \u00e0 domicile.","og_url":"https:\/\/www.danby.com\/fr\/products\/climatiseurs-portatifs\/dpa100b2wdb\/","og_site_name":"Danby - Canada - French","article_publisher":"https:\/\/www.facebook.com\/DanbyAppliances","article_modified_time":"2026-04-12T10:06:38+00:00","og_image":[{"width":300,"height":272,"url":"https:\/\/cdnweb.danby.com\/wp-content\/uploads\/sites\/2\/2022\/02\/08192018\/Medium_DPA100B2WDB_right.jpg","type":"image\/jpeg"}],"twitter_card":"summary_large_image","twitter_site":"@DanbyAppliance","schema":{"@context":"https:\/\/schema.org","@graph":[{"@type":["WebPage","ItemPage"],"url":"https:\/\/www.danby.com\/fr\/products\/climatiseurs-portatifs\/dpa100b2wdb\/","name":"Danby 10000 BTU Climatiseurs portatif - DPA100B2WDB | Danby Canada","isPartOf":[],"primaryImageOfPage":[],"image":[],"thumbnailUrl":"https:\/\/cdnweb.danby.com\/wp-content\/uploads\/sites\/2\/2022\/02\/08192018\/Medium_DPA100B2WDB_right.jpg","datePublished":"2022-02-03T19:19:43+00:00","dateModified":"2026-04-12T10:06:38+00:00","description":"L\u2019heureux propri\u00e9taire de ce climatiseur efficace et fiable \u00e9vitera de se tourmenter, en pensant \u00e0 l'arriv\u00e9e de l'\u00e9t\u00e9 et de son cort\u00e8ge de chaleur et d\u2019humidit\u00e9. Ce mod\u00e8le de luxe, dot\u00e9 d\u2019une puissante capacit\u00e9 de 10000 BTU et d\u2019un ventilateur \u00e0 deux vitesses, rafraichit efficacement les surfaces allant jusqu'\u00e0 450 pieds carr\u00e9s. L\u2019utilisation du frigorifiant \u00e9cologique R410A m\u00e9nage la couche d\u2019ozone. La remarquable fonction marche\/arr\u00eat automatique vous permet de d\u00e9marrer et d'arr\u00eater l'appareil \u00e0 votre convenance, gr\u00e2ce au dispositif de commande \u00e0 distance ou \u00e0 l\u2019afficheur \u00e9lectronique \u00e0 DEL facile \u00e0 lire. Cet appareil haut de gamme dispose d'un syst\u00e8me mono-tuyau et peut \u00eatre programm\u00e9 dans une plage de temp\u00e9ratures variant entre 17\u00b0C et 30\u00b0C (62\u00b0F et 86\u00b0F). Le d\u00e9placement de l'appareil d'une pi\u00e8ce \u00e0 l\u2019autre est facilit\u00e9 par de pratiques roulettes et poign\u00e9es int\u00e9gr\u00e9es. Il dispose \u00e9galement d'une garantie de 12 mois sur les pi\u00e8ces et la main-d'\u0153uvre, incluant le service \u00e0 domicile.","breadcrumb":[],"inLanguage":"fr-CA","potentialAction":[{"@type":"ReadAction","target":["https:\/\/www.danby.com\/fr\/products\/climatiseurs-portatifs\/dpa100b2wdb\/"]}]},{"@type":"ImageObject","inLanguage":"fr-CA","url":"https:\/\/cdnweb.danby.com\/wp-content\/uploads\/sites\/2\/2022\/02\/08192018\/Medium_DPA100B2WDB_right.jpg","contentUrl":"https:\/\/cdnweb.danby.com\/wp-content\/uploads\/sites\/2\/2022\/02\/08192018\/Medium_DPA100B2WDB_right.jpg","width":300,"height":272},{"@type":"BreadcrumbList","itemListElement":[{"@type":"ListItem","position":1,"name":"Home","item":"https:\/\/www.danby.com\/fr\/"},{"@type":"ListItem","position":2,"name":"Boutique","item":"https:\/\/www.danby.com\/fr\/boutique\/"},{"@type":"ListItem","position":3,"name":"Danby 10000 BTU Climatiseurs portatif"}]},{"@type":"WebSite","url":"https:\/\/www.danby.com\/fr\/","name":"Danby - Canada - French","description":"Leader dans le domaine de la r\u00e9frig\u00e9ration et des appareils sp\u00e9cialis\u00e9s","publisher":[],"potentialAction":[{"@type":"SearchAction","target":{"@type":"EntryPoint","urlTemplate":"https:\/\/www.danby.com\/fr\/?s={search_term_string}"},"query-input":{"@type":"PropertyValueSpecification","valueRequired":true,"valueName":"search_term_string"}}],"inLanguage":"fr-CA"},{"@type":"Organization","name":"Danby Appliances","url":"https:\/\/www.danby.com\/fr\/","logo":{"@type":"ImageObject","inLanguage":"fr-CA","url":"https:\/\/cdnweb.danby.com\/wp-content\/uploads\/sites\/2\/2022\/02\/10141906\/Danby75Ans_Blue.png","contentUrl":"https:\/\/cdnweb.danby.com\/wp-content\/uploads\/sites\/2\/2022\/02\/10141906\/Danby75Ans_Blue.png","width":470,"height":110,"caption":"Danby Appliances"},"image":[],"sameAs":["https:\/\/www.facebook.com\/DanbyAppliances","https:\/\/x.com\/DanbyAppliance","https:\/\/instagram.com\/danbyappliances\/","https:\/\/www.linkedin.com\/company\/danbyappliances","https:\/\/www.pinterest.ca\/danbyappliances\/","https:\/\/www.youtube.com\/user\/DanbyProducts","https:\/\/en.wikipedia.org\/wiki\/Danby_(appliances)"]}]}},"post_mailing_queue_ids":[],"_links":{"self":[{"href":"https:\/\/www.danby.com\/fr\/wp-json\/wp\/v2\/product\/5097","targetHints":{"allow":["GET"]}}],"collection":[{"href":"https:\/\/www.danby.com\/fr\/wp-json\/wp\/v2\/product"}],"about":[{"href":"https:\/\/www.danby.com\/fr\/wp-json\/wp\/v2\/types\/product"}],"replies":[{"embeddable":true,"href":"https:\/\/www.danby.com\/fr\/wp-json\/wp\/v2\/comments?post=5097"}],"wp:featuredmedia":[{"embeddable":true,"href":"https:\/\/www.danby.com\/fr\/wp-json\/wp\/v2\/media\/7164"}],"wp:attachment":[{"href":"https:\/\/www.danby.com\/fr\/wp-json\/wp\/v2\/media?parent=5097"}],"wp:term":[{"taxonomy":"product_brand","embeddable":true,"href":"https:\/\/www.danby.com\/fr\/wp-json\/wp\/v2\/product_brand?post=5097"},{"taxonomy":"product_cat","embeddable":true,"href":"https:\/\/www.danby.com\/fr\/wp-json\/wp\/v2\/product_cat?post=5097"},{"taxonomy":"product_tag","embeddable":true,"href":"https:\/\/www.danby.com\/fr\/wp-json\/wp\/v2\/product_tag?post=5097"}],"curies":[{"name":"wp","href":"https:\/\/api.w.org\/{rel}","templated":true}]}}