{"id":5093,"date":"2022-02-03T19:19:28","date_gmt":"2022-02-03T19:19:28","guid":{"rendered":"https:\/\/www.danby.com\/fr\/product\/dpa085cb1gdb\/"},"modified":"2026-04-08T10:07:27","modified_gmt":"2026-04-08T10:07:27","slug":"dpa085cb1gdb","status":"publish","type":"product","link":"https:\/\/www.danby.com\/fr\/products\/climatiseurs-portatifs\/dpa085cb1gdb\/","title":{"rendered":"Danby 8500 BTU Climatiseurs portatif"},"content":{"rendered":"","protected":false},"excerpt":{"rendered":"<ul>\n<li>Climatiseur portatif 3-en-1 de 8 500 BTU   <\/li>\n<li>Capable de refroidir des espaces jusqu\u2019\u00e0 350 pi ca <\/li>\n<li>R\u00e9frig\u00e9rant \u00e9cologique R410A <\/li>\n<li>Conception de tuyau simple <\/li>\n<li>Filtre \u00e0 air amovible <\/li>\n<li>R\u00e9glage \u00e9lectronique avec t\u00e9l\u00e9commande et affichage \u00e0 DEL <\/li>\n<li>Mode d\u00e9shumidificateur avec \u00e9vacuation directe permet de r\u00e9gler l\u2019humidit\u00e9 dans les surfaces d\u2019habitation de taille moyenne <\/li>\n<li>Mise en marche\/arr\u00eat automatique : Vous permet de d\u00e9marrer ou d\u2019arr\u00eater l\u2019appareil selon vos besoins    <\/li>\n<li>Les poign\u00e9es et les roulettes int\u00e9gr\u00e9es permettent un d\u00e9placement facile d\u2019une pi\u00e8ce \u00e0 l\u2019autre <\/li>\n<li>S\u2019int\u00e8gre facilement dans des portes coulissantes en verre, dans des fen\u00eatres coulissantes, et dans des fen\u00eatres \u00e0 guillotine \u00e0 deux ch\u00e2ssis mobiles <\/li>\n<li>Longueur du tuyau d\u2019\u00e9vacuation : 59 1\/16 po (150 cm) <\/li>\n<li>R\u00e9glage de temp\u00e9rature variable entre 17 \u00b0C et 30 \u00b0C (62 \u00b0F et 86 \u00b0F)   <\/li>\n<\/ul>\n","protected":false},"featured_media":8593,"comment_status":"closed","ping_status":"open","template":"","meta":{"_acf_changed":false},"product_brand":[],"product_cat":[35],"product_tag":[],"class_list":{"0":"post-5093","1":"product","2":"type-product","3":"status-publish","4":"has-post-thumbnail","6":"product_cat-climatiseurs-portatifs","8":"first","9":"outofstock","10":"taxable","11":"shipping-taxable","12":"product-type-simple"},"acf":[],"yoast_head":"<!-- This site is optimized with the Yoast SEO plugin v26.7 - https:\/\/yoast.com\/wordpress\/plugins\/seo\/ -->\n<title>Danby 8500 BTU Climatiseurs portatif - DPA085CB1GDB | Danby Canada<\/title>\n<meta name=\"description\" content=\"Ne vous laissez pas abattre par la chaleur excessive cet \u00e9t\u00e9, avec ce climatiseur portatif \u00e9l\u00e9gant de 8 500 BTU. Ce mod\u00e8le conforme \u00e0 la norme Energy Star est con\u00e7u pour refroidir rapidement les pi\u00e8ces d\u2019une surface allant jusqu\u2019\u00e0 350 pieds carr\u00e9s, ce qui le rend parfait pour des chambres \u00e0 coucher, des appartements, des bureaux et des unit\u00e9s en copropri\u00e9t\u00e9s. Le climatiseur est \u00e9cologique gr\u00e2ce au r\u00e9frig\u00e9rant R410A qu\u2019il utilise et il est fourni avec un tuyau simple de conception intelligente. Vous pouvez choisir entre deux vitesses de ventilateur diff\u00e9rentes, et elles peuvent \u00eatre programm\u00e9es afin de garder votre pi\u00e8ce au frais et confortable entre 17\u00b0C et 30\u00b0C (62\u00b0F et 86\u00b0F). Cet appareil sophistiqu\u00e9 peut \u00eatre programm\u00e9, r\u00e9gl\u00e9 et contr\u00f4l\u00e9 en utilisant le syst\u00e8me de r\u00e9glage \u00e9lectronique facile \u00e0 utiliser et la t\u00e9l\u00e9commande pratique. L\u2019afficheur \u00e0 DEL est con\u00e7u pour faciliter la visibilit\u00e9 et vous pouvez \u00e9galement programmer l\u2019unit\u00e9 selon votre horaire en utilisant la fonction commode de mise en marche\/arr\u00eat automatique. D\u00e9placer le climatiseur n\u2019importe o\u00f9 dans votre maison est simple comme bonjour avec ses poign\u00e9es et roulettes int\u00e9gr\u00e9es. Ce mod\u00e8le attrayant est disponible en blanc et comprend une garantie de 12 mois avec service au domicile sur les pi\u00e8ces et la main d\u2019\u0153uvre.\" \/>\n<meta name=\"robots\" content=\"index, follow, max-snippet:-1, max-image-preview:large, max-video-preview:-1\" \/>\n<link rel=\"canonical\" href=\"https:\/\/www.danby.com\/fr\/products\/climatiseurs-portatifs\/dpa085cb1gdb\/\" \/>\n<meta property=\"og:locale\" content=\"fr_CA\" \/>\n<meta property=\"og:type\" content=\"article\" \/>\n<meta property=\"og:title\" content=\"Danby 8500 BTU Climatiseurs portatif - DPA085CB1GDB | Danby Canada\" \/>\n<meta property=\"og:description\" content=\"Ne vous laissez pas abattre par la chaleur excessive cet \u00e9t\u00e9, avec ce climatiseur portatif \u00e9l\u00e9gant de 8 500 BTU. Ce mod\u00e8le conforme \u00e0 la norme Energy Star est con\u00e7u pour refroidir rapidement les pi\u00e8ces d\u2019une surface allant jusqu\u2019\u00e0 350 pieds carr\u00e9s, ce qui le rend parfait pour des chambres \u00e0 coucher, des appartements, des bureaux et des unit\u00e9s en copropri\u00e9t\u00e9s. Le climatiseur est \u00e9cologique gr\u00e2ce au r\u00e9frig\u00e9rant R410A qu\u2019il utilise et il est fourni avec un tuyau simple de conception intelligente. Vous pouvez choisir entre deux vitesses de ventilateur diff\u00e9rentes, et elles peuvent \u00eatre programm\u00e9es afin de garder votre pi\u00e8ce au frais et confortable entre 17\u00b0C et 30\u00b0C (62\u00b0F et 86\u00b0F). Cet appareil sophistiqu\u00e9 peut \u00eatre programm\u00e9, r\u00e9gl\u00e9 et contr\u00f4l\u00e9 en utilisant le syst\u00e8me de r\u00e9glage \u00e9lectronique facile \u00e0 utiliser et la t\u00e9l\u00e9commande pratique. L\u2019afficheur \u00e0 DEL est con\u00e7u pour faciliter la visibilit\u00e9 et vous pouvez \u00e9galement programmer l\u2019unit\u00e9 selon votre horaire en utilisant la fonction commode de mise en marche\/arr\u00eat automatique. D\u00e9placer le climatiseur n\u2019importe o\u00f9 dans votre maison est simple comme bonjour avec ses poign\u00e9es et roulettes int\u00e9gr\u00e9es. Ce mod\u00e8le attrayant est disponible en blanc et comprend une garantie de 12 mois avec service au domicile sur les pi\u00e8ces et la main d\u2019\u0153uvre.\" \/>\n<meta property=\"og:url\" content=\"https:\/\/www.danby.com\/fr\/products\/climatiseurs-portatifs\/dpa085cb1gdb\/\" \/>\n<meta property=\"og:site_name\" content=\"Danby - Canada - French\" \/>\n<meta property=\"article:publisher\" content=\"https:\/\/www.facebook.com\/DanbyAppliances\" \/>\n<meta property=\"article:modified_time\" content=\"2026-04-08T10:07:27+00:00\" \/>\n<meta property=\"og:image\" content=\"https:\/\/cdnweb.danby.com\/wp-content\/uploads\/sites\/2\/2022\/02\/08205631\/MediumDPA085CB1GDB.jpg\" \/>\n\t<meta property=\"og:image:width\" content=\"300\" \/>\n\t<meta property=\"og:image:height\" content=\"272\" \/>\n\t<meta property=\"og:image:type\" content=\"image\/jpeg\" \/>\n<meta name=\"twitter:card\" content=\"summary_large_image\" \/>\n<meta name=\"twitter:site\" content=\"@DanbyAppliance\" \/>\n<script type=\"application\/ld+json\" class=\"yoast-schema-graph\">{\"@context\":\"https:\/\/schema.org\",\"@graph\":[{\"@type\":[\"WebPage\",\"ItemPage\"],\"url\":\"https:\/\/www.danby.com\/fr\/products\/climatiseurs-portatifs\/dpa085cb1gdb\/\",\"name\":\"Danby 8500 BTU Climatiseurs portatif - DPA085CB1GDB | Danby Canada\",\"isPartOf\":[],\"primaryImageOfPage\":[],\"image\":[],\"thumbnailUrl\":\"https:\/\/cdnweb.danby.com\/wp-content\/uploads\/sites\/2\/2022\/02\/08205631\/MediumDPA085CB1GDB.jpg\",\"datePublished\":\"2022-02-03T19:19:28+00:00\",\"dateModified\":\"2026-04-08T10:07:27+00:00\",\"description\":\"Ne vous laissez pas abattre par la chaleur excessive cet \u00e9t\u00e9, avec ce climatiseur portatif \u00e9l\u00e9gant de 8 500 BTU. Ce mod\u00e8le conforme \u00e0 la norme Energy Star est con\u00e7u pour refroidir rapidement les pi\u00e8ces d\u2019une surface allant jusqu\u2019\u00e0 350 pieds carr\u00e9s, ce qui le rend parfait pour des chambres \u00e0 coucher, des appartements, des bureaux et des unit\u00e9s en copropri\u00e9t\u00e9s. Le climatiseur est \u00e9cologique gr\u00e2ce au r\u00e9frig\u00e9rant R410A qu\u2019il utilise et il est fourni avec un tuyau simple de conception intelligente. Vous pouvez choisir entre deux vitesses de ventilateur diff\u00e9rentes, et elles peuvent \u00eatre programm\u00e9es afin de garder votre pi\u00e8ce au frais et confortable entre 17\u00b0C et 30\u00b0C (62\u00b0F et 86\u00b0F). Cet appareil sophistiqu\u00e9 peut \u00eatre programm\u00e9, r\u00e9gl\u00e9 et contr\u00f4l\u00e9 en utilisant le syst\u00e8me de r\u00e9glage \u00e9lectronique facile \u00e0 utiliser et la t\u00e9l\u00e9commande pratique. L\u2019afficheur \u00e0 DEL est con\u00e7u pour faciliter la visibilit\u00e9 et vous pouvez \u00e9galement programmer l\u2019unit\u00e9 selon votre horaire en utilisant la fonction commode de mise en marche\/arr\u00eat automatique. D\u00e9placer le climatiseur n\u2019importe o\u00f9 dans votre maison est simple comme bonjour avec ses poign\u00e9es et roulettes int\u00e9gr\u00e9es. Ce mod\u00e8le attrayant est disponible en blanc et comprend une garantie de 12 mois avec service au domicile sur les pi\u00e8ces et la main d\u2019\u0153uvre.\",\"breadcrumb\":[],\"inLanguage\":\"fr-CA\",\"potentialAction\":[{\"@type\":\"ReadAction\",\"target\":[\"https:\/\/www.danby.com\/fr\/products\/climatiseurs-portatifs\/dpa085cb1gdb\/\"]}]},{\"@type\":\"ImageObject\",\"inLanguage\":\"fr-CA\",\"url\":\"https:\/\/cdnweb.danby.com\/wp-content\/uploads\/sites\/2\/2022\/02\/08205631\/MediumDPA085CB1GDB.jpg\",\"contentUrl\":\"https:\/\/cdnweb.danby.com\/wp-content\/uploads\/sites\/2\/2022\/02\/08205631\/MediumDPA085CB1GDB.jpg\",\"width\":300,\"height\":272},{\"@type\":\"BreadcrumbList\",\"itemListElement\":[{\"@type\":\"ListItem\",\"position\":1,\"name\":\"Home\",\"item\":\"https:\/\/www.danby.com\/fr\/\"},{\"@type\":\"ListItem\",\"position\":2,\"name\":\"Boutique\",\"item\":\"https:\/\/www.danby.com\/fr\/boutique\/\"},{\"@type\":\"ListItem\",\"position\":3,\"name\":\"Danby 8500 BTU Climatiseurs portatif\"}]},{\"@type\":\"WebSite\",\"url\":\"https:\/\/www.danby.com\/fr\/\",\"name\":\"Danby - Canada - French\",\"description\":\"Leader dans le domaine de la r\u00e9frig\u00e9ration et des appareils sp\u00e9cialis\u00e9s\",\"publisher\":[],\"potentialAction\":[{\"@type\":\"SearchAction\",\"target\":{\"@type\":\"EntryPoint\",\"urlTemplate\":\"https:\/\/www.danby.com\/fr\/?s={search_term_string}\"},\"query-input\":{\"@type\":\"PropertyValueSpecification\",\"valueRequired\":true,\"valueName\":\"search_term_string\"}}],\"inLanguage\":\"fr-CA\"},{\"@type\":\"Organization\",\"name\":\"Danby Appliances\",\"url\":\"https:\/\/www.danby.com\/fr\/\",\"logo\":{\"@type\":\"ImageObject\",\"inLanguage\":\"fr-CA\",\"url\":\"https:\/\/cdnweb.danby.com\/wp-content\/uploads\/sites\/2\/2022\/02\/10141906\/Danby75Ans_Blue.png\",\"contentUrl\":\"https:\/\/cdnweb.danby.com\/wp-content\/uploads\/sites\/2\/2022\/02\/10141906\/Danby75Ans_Blue.png\",\"width\":470,\"height\":110,\"caption\":\"Danby Appliances\"},\"image\":[],\"sameAs\":[\"https:\/\/www.facebook.com\/DanbyAppliances\",\"https:\/\/x.com\/DanbyAppliance\",\"https:\/\/instagram.com\/danbyappliances\/\",\"https:\/\/www.linkedin.com\/company\/danbyappliances\",\"https:\/\/www.pinterest.ca\/danbyappliances\/\",\"https:\/\/www.youtube.com\/user\/DanbyProducts\",\"https:\/\/en.wikipedia.org\/wiki\/Danby_(appliances)\"]}]}<\/script>\n<!-- \/ Yoast SEO plugin. -->","yoast_head_json":{"title":"Danby 8500 BTU Climatiseurs portatif - DPA085CB1GDB | Danby Canada","description":"Ne vous laissez pas abattre par la chaleur excessive cet \u00e9t\u00e9, avec ce climatiseur portatif \u00e9l\u00e9gant de 8 500 BTU. Ce mod\u00e8le conforme \u00e0 la norme Energy Star est con\u00e7u pour refroidir rapidement les pi\u00e8ces d\u2019une surface allant jusqu\u2019\u00e0 350 pieds carr\u00e9s, ce qui le rend parfait pour des chambres \u00e0 coucher, des appartements, des bureaux et des unit\u00e9s en copropri\u00e9t\u00e9s. Le climatiseur est \u00e9cologique gr\u00e2ce au r\u00e9frig\u00e9rant R410A qu\u2019il utilise et il est fourni avec un tuyau simple de conception intelligente. Vous pouvez choisir entre deux vitesses de ventilateur diff\u00e9rentes, et elles peuvent \u00eatre programm\u00e9es afin de garder votre pi\u00e8ce au frais et confortable entre 17\u00b0C et 30\u00b0C (62\u00b0F et 86\u00b0F). Cet appareil sophistiqu\u00e9 peut \u00eatre programm\u00e9, r\u00e9gl\u00e9 et contr\u00f4l\u00e9 en utilisant le syst\u00e8me de r\u00e9glage \u00e9lectronique facile \u00e0 utiliser et la t\u00e9l\u00e9commande pratique. L\u2019afficheur \u00e0 DEL est con\u00e7u pour faciliter la visibilit\u00e9 et vous pouvez \u00e9galement programmer l\u2019unit\u00e9 selon votre horaire en utilisant la fonction commode de mise en marche\/arr\u00eat automatique. D\u00e9placer le climatiseur n\u2019importe o\u00f9 dans votre maison est simple comme bonjour avec ses poign\u00e9es et roulettes int\u00e9gr\u00e9es. Ce mod\u00e8le attrayant est disponible en blanc et comprend une garantie de 12 mois avec service au domicile sur les pi\u00e8ces et la main d\u2019\u0153uvre.","robots":{"index":"index","follow":"follow","max-snippet":"max-snippet:-1","max-image-preview":"max-image-preview:large","max-video-preview":"max-video-preview:-1"},"canonical":"https:\/\/www.danby.com\/fr\/products\/climatiseurs-portatifs\/dpa085cb1gdb\/","og_locale":"fr_CA","og_type":"article","og_title":"Danby 8500 BTU Climatiseurs portatif - DPA085CB1GDB | Danby Canada","og_description":"Ne vous laissez pas abattre par la chaleur excessive cet \u00e9t\u00e9, avec ce climatiseur portatif \u00e9l\u00e9gant de 8 500 BTU. Ce mod\u00e8le conforme \u00e0 la norme Energy Star est con\u00e7u pour refroidir rapidement les pi\u00e8ces d\u2019une surface allant jusqu\u2019\u00e0 350 pieds carr\u00e9s, ce qui le rend parfait pour des chambres \u00e0 coucher, des appartements, des bureaux et des unit\u00e9s en copropri\u00e9t\u00e9s. Le climatiseur est \u00e9cologique gr\u00e2ce au r\u00e9frig\u00e9rant R410A qu\u2019il utilise et il est fourni avec un tuyau simple de conception intelligente. Vous pouvez choisir entre deux vitesses de ventilateur diff\u00e9rentes, et elles peuvent \u00eatre programm\u00e9es afin de garder votre pi\u00e8ce au frais et confortable entre 17\u00b0C et 30\u00b0C (62\u00b0F et 86\u00b0F). Cet appareil sophistiqu\u00e9 peut \u00eatre programm\u00e9, r\u00e9gl\u00e9 et contr\u00f4l\u00e9 en utilisant le syst\u00e8me de r\u00e9glage \u00e9lectronique facile \u00e0 utiliser et la t\u00e9l\u00e9commande pratique. L\u2019afficheur \u00e0 DEL est con\u00e7u pour faciliter la visibilit\u00e9 et vous pouvez \u00e9galement programmer l\u2019unit\u00e9 selon votre horaire en utilisant la fonction commode de mise en marche\/arr\u00eat automatique. D\u00e9placer le climatiseur n\u2019importe o\u00f9 dans votre maison est simple comme bonjour avec ses poign\u00e9es et roulettes int\u00e9gr\u00e9es. Ce mod\u00e8le attrayant est disponible en blanc et comprend une garantie de 12 mois avec service au domicile sur les pi\u00e8ces et la main d\u2019\u0153uvre.","og_url":"https:\/\/www.danby.com\/fr\/products\/climatiseurs-portatifs\/dpa085cb1gdb\/","og_site_name":"Danby - Canada - French","article_publisher":"https:\/\/www.facebook.com\/DanbyAppliances","article_modified_time":"2026-04-08T10:07:27+00:00","og_image":[{"width":300,"height":272,"url":"https:\/\/cdnweb.danby.com\/wp-content\/uploads\/sites\/2\/2022\/02\/08205631\/MediumDPA085CB1GDB.jpg","type":"image\/jpeg"}],"twitter_card":"summary_large_image","twitter_site":"@DanbyAppliance","schema":{"@context":"https:\/\/schema.org","@graph":[{"@type":["WebPage","ItemPage"],"url":"https:\/\/www.danby.com\/fr\/products\/climatiseurs-portatifs\/dpa085cb1gdb\/","name":"Danby 8500 BTU Climatiseurs portatif - DPA085CB1GDB | Danby Canada","isPartOf":[],"primaryImageOfPage":[],"image":[],"thumbnailUrl":"https:\/\/cdnweb.danby.com\/wp-content\/uploads\/sites\/2\/2022\/02\/08205631\/MediumDPA085CB1GDB.jpg","datePublished":"2022-02-03T19:19:28+00:00","dateModified":"2026-04-08T10:07:27+00:00","description":"Ne vous laissez pas abattre par la chaleur excessive cet \u00e9t\u00e9, avec ce climatiseur portatif \u00e9l\u00e9gant de 8 500 BTU. Ce mod\u00e8le conforme \u00e0 la norme Energy Star est con\u00e7u pour refroidir rapidement les pi\u00e8ces d\u2019une surface allant jusqu\u2019\u00e0 350 pieds carr\u00e9s, ce qui le rend parfait pour des chambres \u00e0 coucher, des appartements, des bureaux et des unit\u00e9s en copropri\u00e9t\u00e9s. Le climatiseur est \u00e9cologique gr\u00e2ce au r\u00e9frig\u00e9rant R410A qu\u2019il utilise et il est fourni avec un tuyau simple de conception intelligente. Vous pouvez choisir entre deux vitesses de ventilateur diff\u00e9rentes, et elles peuvent \u00eatre programm\u00e9es afin de garder votre pi\u00e8ce au frais et confortable entre 17\u00b0C et 30\u00b0C (62\u00b0F et 86\u00b0F). Cet appareil sophistiqu\u00e9 peut \u00eatre programm\u00e9, r\u00e9gl\u00e9 et contr\u00f4l\u00e9 en utilisant le syst\u00e8me de r\u00e9glage \u00e9lectronique facile \u00e0 utiliser et la t\u00e9l\u00e9commande pratique. L\u2019afficheur \u00e0 DEL est con\u00e7u pour faciliter la visibilit\u00e9 et vous pouvez \u00e9galement programmer l\u2019unit\u00e9 selon votre horaire en utilisant la fonction commode de mise en marche\/arr\u00eat automatique. D\u00e9placer le climatiseur n\u2019importe o\u00f9 dans votre maison est simple comme bonjour avec ses poign\u00e9es et roulettes int\u00e9gr\u00e9es. Ce mod\u00e8le attrayant est disponible en blanc et comprend une garantie de 12 mois avec service au domicile sur les pi\u00e8ces et la main d\u2019\u0153uvre.","breadcrumb":[],"inLanguage":"fr-CA","potentialAction":[{"@type":"ReadAction","target":["https:\/\/www.danby.com\/fr\/products\/climatiseurs-portatifs\/dpa085cb1gdb\/"]}]},{"@type":"ImageObject","inLanguage":"fr-CA","url":"https:\/\/cdnweb.danby.com\/wp-content\/uploads\/sites\/2\/2022\/02\/08205631\/MediumDPA085CB1GDB.jpg","contentUrl":"https:\/\/cdnweb.danby.com\/wp-content\/uploads\/sites\/2\/2022\/02\/08205631\/MediumDPA085CB1GDB.jpg","width":300,"height":272},{"@type":"BreadcrumbList","itemListElement":[{"@type":"ListItem","position":1,"name":"Home","item":"https:\/\/www.danby.com\/fr\/"},{"@type":"ListItem","position":2,"name":"Boutique","item":"https:\/\/www.danby.com\/fr\/boutique\/"},{"@type":"ListItem","position":3,"name":"Danby 8500 BTU Climatiseurs portatif"}]},{"@type":"WebSite","url":"https:\/\/www.danby.com\/fr\/","name":"Danby - Canada - French","description":"Leader dans le domaine de la r\u00e9frig\u00e9ration et des appareils sp\u00e9cialis\u00e9s","publisher":[],"potentialAction":[{"@type":"SearchAction","target":{"@type":"EntryPoint","urlTemplate":"https:\/\/www.danby.com\/fr\/?s={search_term_string}"},"query-input":{"@type":"PropertyValueSpecification","valueRequired":true,"valueName":"search_term_string"}}],"inLanguage":"fr-CA"},{"@type":"Organization","name":"Danby Appliances","url":"https:\/\/www.danby.com\/fr\/","logo":{"@type":"ImageObject","inLanguage":"fr-CA","url":"https:\/\/cdnweb.danby.com\/wp-content\/uploads\/sites\/2\/2022\/02\/10141906\/Danby75Ans_Blue.png","contentUrl":"https:\/\/cdnweb.danby.com\/wp-content\/uploads\/sites\/2\/2022\/02\/10141906\/Danby75Ans_Blue.png","width":470,"height":110,"caption":"Danby Appliances"},"image":[],"sameAs":["https:\/\/www.facebook.com\/DanbyAppliances","https:\/\/x.com\/DanbyAppliance","https:\/\/instagram.com\/danbyappliances\/","https:\/\/www.linkedin.com\/company\/danbyappliances","https:\/\/www.pinterest.ca\/danbyappliances\/","https:\/\/www.youtube.com\/user\/DanbyProducts","https:\/\/en.wikipedia.org\/wiki\/Danby_(appliances)"]}]}},"post_mailing_queue_ids":[],"_links":{"self":[{"href":"https:\/\/www.danby.com\/fr\/wp-json\/wp\/v2\/product\/5093","targetHints":{"allow":["GET"]}}],"collection":[{"href":"https:\/\/www.danby.com\/fr\/wp-json\/wp\/v2\/product"}],"about":[{"href":"https:\/\/www.danby.com\/fr\/wp-json\/wp\/v2\/types\/product"}],"replies":[{"embeddable":true,"href":"https:\/\/www.danby.com\/fr\/wp-json\/wp\/v2\/comments?post=5093"}],"wp:featuredmedia":[{"embeddable":true,"href":"https:\/\/www.danby.com\/fr\/wp-json\/wp\/v2\/media\/8593"}],"wp:attachment":[{"href":"https:\/\/www.danby.com\/fr\/wp-json\/wp\/v2\/media?parent=5093"}],"wp:term":[{"taxonomy":"product_brand","embeddable":true,"href":"https:\/\/www.danby.com\/fr\/wp-json\/wp\/v2\/product_brand?post=5093"},{"taxonomy":"product_cat","embeddable":true,"href":"https:\/\/www.danby.com\/fr\/wp-json\/wp\/v2\/product_cat?post=5093"},{"taxonomy":"product_tag","embeddable":true,"href":"https:\/\/www.danby.com\/fr\/wp-json\/wp\/v2\/product_tag?post=5093"}],"curies":[{"name":"wp","href":"https:\/\/api.w.org\/{rel}","templated":true}]}}