{"id":5090,"date":"2022-02-03T19:19:28","date_gmt":"2022-02-03T19:19:28","guid":{"rendered":"https:\/\/www.danby.com\/fr\/product\/dpa080he3bdb-6\/"},"modified":"2026-04-11T10:03:46","modified_gmt":"2026-04-11T10:03:46","slug":"dpa080he3bdb-6","status":"publish","type":"product","link":"https:\/\/www.danby.com\/fr\/products\/climatiseurs-portatifs\/dpa080he3bdb-6\/","title":{"rendered":"Danby Climatiseur portable 12,500 BTU (8,000 SACC) en noir"},"content":{"rendered":"","protected":false},"excerpt":{"rendered":"<ul>\n<li>Conception pratique 4 en 1 : climatiseur, ventilateur, d\u00e9shumidificateur, et chauffage.<\/li>\n<li>Le climatiseur portable de 12 500 BTU (8 000 SACC) refroidit les espaces jusqu&#8217;\u00e0 400 pieds carr\u00e9s.<\/li>\n<li>R\u00e9frig\u00e9rant R32 : respectueux de l&#8217;environnement, le PRG (potentiel de r\u00e9chauffement global) du R32 est 3 fois inf\u00e9rieur \u00e0 celui du R410a.<\/li>\n<li>Un puissant ventilateur \u00e0 3 vitesses fait circuler l&#8217;air<\/li>\n<li>Mode d\u00e9shumidificateur avec vidange directe pour un fonctionnement continu<\/li>\n<li>Fonction pompe \u00e0 chaleur : plage de temp\u00e9rature int\u00e9rieure de 18-32\u00b0C (64-90\u00b0F)<\/li>\n<li>Commandes \u00e9lectroniques avec affichage LED et t\u00e9l\u00e9commande<\/li>\n<li>Red\u00e9marrage automatique : l&#8217;appareil red\u00e9marre automatiquement apr\u00e8s une panne de courant.<\/li>\n<li>Minuterie de 24 heures<\/li>\n<li>La conception du tuyau unique permet d&#8217;\u00e9vacuer efficacement l&#8217;air chaud et humide \u00e0 l&#8217;ext\u00e9rieur.<\/li>\n<li>Filtre \u00e0 air r\u00e9utilisable et lavable<\/li>\n<li>Roulettes faciles \u00e0 d\u00e9placer et poign\u00e9es int\u00e9gr\u00e9es pour un transport ais\u00e9 d&#8217;une pi\u00e8ce \u00e0 l&#8217;autre.<\/li>\n<\/ul>\n","protected":false},"featured_media":26519,"comment_status":"closed","ping_status":"closed","template":"","meta":{"_acf_changed":false},"product_brand":[],"product_cat":[35],"product_tag":[],"class_list":{"0":"post-5090","1":"product","2":"type-product","3":"status-publish","4":"has-post-thumbnail","6":"product_cat-climatiseurs-portatifs","7":"pa_btu-84","8":"pa_couleur-black","9":"pa_duree-de-la-garantie-en-mois-1169","11":"first","12":"outofstock","13":"taxable","14":"shipping-taxable","15":"purchasable","16":"product-type-simple"},"acf":[],"yoast_head":"<!-- This site is optimized with the Yoast SEO plugin v26.7 - https:\/\/yoast.com\/wordpress\/plugins\/seo\/ -->\n<title>Danby Climatiseur portable 12,500 BTU (8,000 SACC) en noir - DPA080HE3BDB-6 | Danby Canada<\/title>\n<meta name=\"description\" content=\"Rafra\u00eechissez-vous avec ce climatiseur portable de 12 500 BTU (8 000 SACC) de Danby, parfait pour rafra\u00eechir des espaces allant jusqu&#039;\u00e0 400 pieds carr\u00e9s. Pour vous aider \u00e0 maximiser votre confort, la conception 4 en 1 : climatiseur, ventilateur, d\u00e9shumidificateur et appareil de chauffage vous permet de vous sentir \u00e0 l&#039;aise, peu importe le temps qu&#039;il fait dehors ! Profitez de trois vitesses de ventilateur puissantes pour personnaliser votre exp\u00e9rience de refroidissement, et la conception \u00e0 tuyau unique \u00e9vacue efficacement l&#039;air chaud et humide \u00e0 l&#039;ext\u00e9rieur. Con\u00e7u pour \u00eatre utilis\u00e9 toute l&#039;ann\u00e9e, profitez de la fonction de chauffage pendant les mois d&#039;hiver. Le climatiseur peut \u00eatre programm\u00e9, contr\u00f4l\u00e9 et surveill\u00e9 par la t\u00e9l\u00e9commande int\u00e9gr\u00e9e et les boutons \u00e9lectroniques et l&#039;\u00e9cran LED. Ce mod\u00e8le red\u00e9marre automatiquement apr\u00e8s une panne de courant, et il est livr\u00e9 avec un filtre \u00e0 air r\u00e9utilisable et lavable ! SACC est l&#039;abr\u00e9viation de Seasonally Adjusted Cooling Capacity.\" \/>\n<meta name=\"robots\" content=\"index, follow, max-snippet:-1, max-image-preview:large, max-video-preview:-1\" \/>\n<link rel=\"canonical\" href=\"https:\/\/www.danby.com\/fr\/products\/climatiseurs-portatifs\/dpa080he3bdb-6\/\" \/>\n<meta property=\"og:locale\" content=\"fr_CA\" \/>\n<meta property=\"og:type\" content=\"article\" \/>\n<meta property=\"og:title\" content=\"Danby Climatiseur portable 12,500 BTU (8,000 SACC) en noir - DPA080HE3BDB-6 | Danby Canada\" \/>\n<meta property=\"og:description\" content=\"Rafra\u00eechissez-vous avec ce climatiseur portable de 12 500 BTU (8 000 SACC) de Danby, parfait pour rafra\u00eechir des espaces allant jusqu&#039;\u00e0 400 pieds carr\u00e9s. Pour vous aider \u00e0 maximiser votre confort, la conception 4 en 1 : climatiseur, ventilateur, d\u00e9shumidificateur et appareil de chauffage vous permet de vous sentir \u00e0 l&#039;aise, peu importe le temps qu&#039;il fait dehors ! Profitez de trois vitesses de ventilateur puissantes pour personnaliser votre exp\u00e9rience de refroidissement, et la conception \u00e0 tuyau unique \u00e9vacue efficacement l&#039;air chaud et humide \u00e0 l&#039;ext\u00e9rieur. Con\u00e7u pour \u00eatre utilis\u00e9 toute l&#039;ann\u00e9e, profitez de la fonction de chauffage pendant les mois d&#039;hiver. Le climatiseur peut \u00eatre programm\u00e9, contr\u00f4l\u00e9 et surveill\u00e9 par la t\u00e9l\u00e9commande int\u00e9gr\u00e9e et les boutons \u00e9lectroniques et l&#039;\u00e9cran LED. Ce mod\u00e8le red\u00e9marre automatiquement apr\u00e8s une panne de courant, et il est livr\u00e9 avec un filtre \u00e0 air r\u00e9utilisable et lavable ! SACC est l&#039;abr\u00e9viation de Seasonally Adjusted Cooling Capacity.\" \/>\n<meta property=\"og:url\" content=\"https:\/\/www.danby.com\/fr\/products\/climatiseurs-portatifs\/dpa080he3bdb-6\/\" \/>\n<meta property=\"og:site_name\" content=\"Danby - Canada - French\" \/>\n<meta property=\"article:publisher\" content=\"https:\/\/www.facebook.com\/DanbyAppliances\" \/>\n<meta property=\"article:modified_time\" content=\"2026-04-11T10:03:46+00:00\" \/>\n<meta property=\"og:image\" content=\"https:\/\/cdnweb.danby.com\/wp-content\/uploads\/sites\/2\/2024\/01\/12193311\/PAC__0015_DPA080HE3BDB-6.jpg\" \/>\n\t<meta property=\"og:image:width\" content=\"1125\" \/>\n\t<meta property=\"og:image:height\" content=\"1500\" \/>\n\t<meta property=\"og:image:type\" content=\"image\/jpeg\" \/>\n<meta name=\"twitter:card\" content=\"summary_large_image\" \/>\n<meta name=\"twitter:site\" content=\"@DanbyAppliance\" \/>\n<script type=\"application\/ld+json\" class=\"yoast-schema-graph\">{\"@context\":\"https:\/\/schema.org\",\"@graph\":[{\"@type\":[\"WebPage\",\"ItemPage\"],\"url\":\"https:\/\/www.danby.com\/fr\/products\/climatiseurs-portatifs\/dpa080he3bdb-6\/\",\"name\":\"Danby Climatiseur portable 12,500 BTU (8,000 SACC) en noir - DPA080HE3BDB-6 | Danby Canada\",\"isPartOf\":[],\"primaryImageOfPage\":[],\"image\":[],\"thumbnailUrl\":\"https:\/\/cdnweb.danby.com\/wp-content\/uploads\/sites\/2\/2024\/01\/12193311\/PAC__0015_DPA080HE3BDB-6.jpg\",\"datePublished\":\"2022-02-03T19:19:28+00:00\",\"dateModified\":\"2026-04-11T10:03:46+00:00\",\"description\":\"Rafra\u00eechissez-vous avec ce climatiseur portable de 12 500 BTU (8 000 SACC) de Danby, parfait pour rafra\u00eechir des espaces allant jusqu'\u00e0 400 pieds carr\u00e9s. Pour vous aider \u00e0 maximiser votre confort, la conception 4 en 1 : climatiseur, ventilateur, d\u00e9shumidificateur et appareil de chauffage vous permet de vous sentir \u00e0 l'aise, peu importe le temps qu'il fait dehors ! Profitez de trois vitesses de ventilateur puissantes pour personnaliser votre exp\u00e9rience de refroidissement, et la conception \u00e0 tuyau unique \u00e9vacue efficacement l'air chaud et humide \u00e0 l'ext\u00e9rieur. Con\u00e7u pour \u00eatre utilis\u00e9 toute l'ann\u00e9e, profitez de la fonction de chauffage pendant les mois d'hiver. Le climatiseur peut \u00eatre programm\u00e9, contr\u00f4l\u00e9 et surveill\u00e9 par la t\u00e9l\u00e9commande int\u00e9gr\u00e9e et les boutons \u00e9lectroniques et l'\u00e9cran LED. Ce mod\u00e8le red\u00e9marre automatiquement apr\u00e8s une panne de courant, et il est livr\u00e9 avec un filtre \u00e0 air r\u00e9utilisable et lavable ! SACC est l'abr\u00e9viation de Seasonally Adjusted Cooling Capacity.\",\"breadcrumb\":[],\"inLanguage\":\"fr-CA\",\"potentialAction\":[{\"@type\":\"ReadAction\",\"target\":[\"https:\/\/www.danby.com\/fr\/products\/climatiseurs-portatifs\/dpa080he3bdb-6\/\"]}]},{\"@type\":\"ImageObject\",\"inLanguage\":\"fr-CA\",\"url\":\"https:\/\/cdnweb.danby.com\/wp-content\/uploads\/sites\/2\/2024\/01\/12193311\/PAC__0015_DPA080HE3BDB-6.jpg\",\"contentUrl\":\"https:\/\/cdnweb.danby.com\/wp-content\/uploads\/sites\/2\/2024\/01\/12193311\/PAC__0015_DPA080HE3BDB-6.jpg\",\"width\":1125,\"height\":1500},{\"@type\":\"BreadcrumbList\",\"itemListElement\":[{\"@type\":\"ListItem\",\"position\":1,\"name\":\"Home\",\"item\":\"https:\/\/www.danby.com\/fr\/\"},{\"@type\":\"ListItem\",\"position\":2,\"name\":\"Boutique\",\"item\":\"https:\/\/www.danby.com\/fr\/boutique\/\"},{\"@type\":\"ListItem\",\"position\":3,\"name\":\"Danby Climatiseur portable 12,500 BTU (8,000 SACC)\"}]},{\"@type\":\"WebSite\",\"url\":\"https:\/\/www.danby.com\/fr\/\",\"name\":\"Danby - Canada - French\",\"description\":\"Leader dans le domaine de la r\u00e9frig\u00e9ration et des appareils sp\u00e9cialis\u00e9s\",\"publisher\":[],\"potentialAction\":[{\"@type\":\"SearchAction\",\"target\":{\"@type\":\"EntryPoint\",\"urlTemplate\":\"https:\/\/www.danby.com\/fr\/?s={search_term_string}\"},\"query-input\":{\"@type\":\"PropertyValueSpecification\",\"valueRequired\":true,\"valueName\":\"search_term_string\"}}],\"inLanguage\":\"fr-CA\"},{\"@type\":\"Organization\",\"name\":\"Danby Appliances\",\"url\":\"https:\/\/www.danby.com\/fr\/\",\"logo\":{\"@type\":\"ImageObject\",\"inLanguage\":\"fr-CA\",\"url\":\"https:\/\/cdnweb.danby.com\/wp-content\/uploads\/sites\/2\/2022\/02\/10141906\/Danby75Ans_Blue.png\",\"contentUrl\":\"https:\/\/cdnweb.danby.com\/wp-content\/uploads\/sites\/2\/2022\/02\/10141906\/Danby75Ans_Blue.png\",\"width\":470,\"height\":110,\"caption\":\"Danby Appliances\"},\"image\":[],\"sameAs\":[\"https:\/\/www.facebook.com\/DanbyAppliances\",\"https:\/\/x.com\/DanbyAppliance\",\"https:\/\/instagram.com\/danbyappliances\/\",\"https:\/\/www.linkedin.com\/company\/danbyappliances\",\"https:\/\/www.pinterest.ca\/danbyappliances\/\",\"https:\/\/www.youtube.com\/user\/DanbyProducts\",\"https:\/\/en.wikipedia.org\/wiki\/Danby_(appliances)\"]}]}<\/script>\n<!-- \/ Yoast SEO plugin. -->","yoast_head_json":{"title":"Danby Climatiseur portable 12,500 BTU (8,000 SACC) en noir - DPA080HE3BDB-6 | Danby Canada","description":"Rafra\u00eechissez-vous avec ce climatiseur portable de 12 500 BTU (8 000 SACC) de Danby, parfait pour rafra\u00eechir des espaces allant jusqu'\u00e0 400 pieds carr\u00e9s. Pour vous aider \u00e0 maximiser votre confort, la conception 4 en 1 : climatiseur, ventilateur, d\u00e9shumidificateur et appareil de chauffage vous permet de vous sentir \u00e0 l'aise, peu importe le temps qu'il fait dehors ! Profitez de trois vitesses de ventilateur puissantes pour personnaliser votre exp\u00e9rience de refroidissement, et la conception \u00e0 tuyau unique \u00e9vacue efficacement l'air chaud et humide \u00e0 l'ext\u00e9rieur. Con\u00e7u pour \u00eatre utilis\u00e9 toute l'ann\u00e9e, profitez de la fonction de chauffage pendant les mois d'hiver. Le climatiseur peut \u00eatre programm\u00e9, contr\u00f4l\u00e9 et surveill\u00e9 par la t\u00e9l\u00e9commande int\u00e9gr\u00e9e et les boutons \u00e9lectroniques et l'\u00e9cran LED. Ce mod\u00e8le red\u00e9marre automatiquement apr\u00e8s une panne de courant, et il est livr\u00e9 avec un filtre \u00e0 air r\u00e9utilisable et lavable ! SACC est l'abr\u00e9viation de Seasonally Adjusted Cooling Capacity.","robots":{"index":"index","follow":"follow","max-snippet":"max-snippet:-1","max-image-preview":"max-image-preview:large","max-video-preview":"max-video-preview:-1"},"canonical":"https:\/\/www.danby.com\/fr\/products\/climatiseurs-portatifs\/dpa080he3bdb-6\/","og_locale":"fr_CA","og_type":"article","og_title":"Danby Climatiseur portable 12,500 BTU (8,000 SACC) en noir - DPA080HE3BDB-6 | Danby Canada","og_description":"Rafra\u00eechissez-vous avec ce climatiseur portable de 12 500 BTU (8 000 SACC) de Danby, parfait pour rafra\u00eechir des espaces allant jusqu'\u00e0 400 pieds carr\u00e9s. Pour vous aider \u00e0 maximiser votre confort, la conception 4 en 1 : climatiseur, ventilateur, d\u00e9shumidificateur et appareil de chauffage vous permet de vous sentir \u00e0 l'aise, peu importe le temps qu'il fait dehors ! Profitez de trois vitesses de ventilateur puissantes pour personnaliser votre exp\u00e9rience de refroidissement, et la conception \u00e0 tuyau unique \u00e9vacue efficacement l'air chaud et humide \u00e0 l'ext\u00e9rieur. Con\u00e7u pour \u00eatre utilis\u00e9 toute l'ann\u00e9e, profitez de la fonction de chauffage pendant les mois d'hiver. Le climatiseur peut \u00eatre programm\u00e9, contr\u00f4l\u00e9 et surveill\u00e9 par la t\u00e9l\u00e9commande int\u00e9gr\u00e9e et les boutons \u00e9lectroniques et l'\u00e9cran LED. Ce mod\u00e8le red\u00e9marre automatiquement apr\u00e8s une panne de courant, et il est livr\u00e9 avec un filtre \u00e0 air r\u00e9utilisable et lavable ! SACC est l'abr\u00e9viation de Seasonally Adjusted Cooling Capacity.","og_url":"https:\/\/www.danby.com\/fr\/products\/climatiseurs-portatifs\/dpa080he3bdb-6\/","og_site_name":"Danby - Canada - French","article_publisher":"https:\/\/www.facebook.com\/DanbyAppliances","article_modified_time":"2026-04-11T10:03:46+00:00","og_image":[{"width":1125,"height":1500,"url":"https:\/\/cdnweb.danby.com\/wp-content\/uploads\/sites\/2\/2024\/01\/12193311\/PAC__0015_DPA080HE3BDB-6.jpg","type":"image\/jpeg"}],"twitter_card":"summary_large_image","twitter_site":"@DanbyAppliance","schema":{"@context":"https:\/\/schema.org","@graph":[{"@type":["WebPage","ItemPage"],"url":"https:\/\/www.danby.com\/fr\/products\/climatiseurs-portatifs\/dpa080he3bdb-6\/","name":"Danby Climatiseur portable 12,500 BTU (8,000 SACC) en noir - DPA080HE3BDB-6 | Danby Canada","isPartOf":[],"primaryImageOfPage":[],"image":[],"thumbnailUrl":"https:\/\/cdnweb.danby.com\/wp-content\/uploads\/sites\/2\/2024\/01\/12193311\/PAC__0015_DPA080HE3BDB-6.jpg","datePublished":"2022-02-03T19:19:28+00:00","dateModified":"2026-04-11T10:03:46+00:00","description":"Rafra\u00eechissez-vous avec ce climatiseur portable de 12 500 BTU (8 000 SACC) de Danby, parfait pour rafra\u00eechir des espaces allant jusqu'\u00e0 400 pieds carr\u00e9s. Pour vous aider \u00e0 maximiser votre confort, la conception 4 en 1 : climatiseur, ventilateur, d\u00e9shumidificateur et appareil de chauffage vous permet de vous sentir \u00e0 l'aise, peu importe le temps qu'il fait dehors ! Profitez de trois vitesses de ventilateur puissantes pour personnaliser votre exp\u00e9rience de refroidissement, et la conception \u00e0 tuyau unique \u00e9vacue efficacement l'air chaud et humide \u00e0 l'ext\u00e9rieur. Con\u00e7u pour \u00eatre utilis\u00e9 toute l'ann\u00e9e, profitez de la fonction de chauffage pendant les mois d'hiver. Le climatiseur peut \u00eatre programm\u00e9, contr\u00f4l\u00e9 et surveill\u00e9 par la t\u00e9l\u00e9commande int\u00e9gr\u00e9e et les boutons \u00e9lectroniques et l'\u00e9cran LED. Ce mod\u00e8le red\u00e9marre automatiquement apr\u00e8s une panne de courant, et il est livr\u00e9 avec un filtre \u00e0 air r\u00e9utilisable et lavable ! SACC est l'abr\u00e9viation de Seasonally Adjusted Cooling Capacity.","breadcrumb":[],"inLanguage":"fr-CA","potentialAction":[{"@type":"ReadAction","target":["https:\/\/www.danby.com\/fr\/products\/climatiseurs-portatifs\/dpa080he3bdb-6\/"]}]},{"@type":"ImageObject","inLanguage":"fr-CA","url":"https:\/\/cdnweb.danby.com\/wp-content\/uploads\/sites\/2\/2024\/01\/12193311\/PAC__0015_DPA080HE3BDB-6.jpg","contentUrl":"https:\/\/cdnweb.danby.com\/wp-content\/uploads\/sites\/2\/2024\/01\/12193311\/PAC__0015_DPA080HE3BDB-6.jpg","width":1125,"height":1500},{"@type":"BreadcrumbList","itemListElement":[{"@type":"ListItem","position":1,"name":"Home","item":"https:\/\/www.danby.com\/fr\/"},{"@type":"ListItem","position":2,"name":"Boutique","item":"https:\/\/www.danby.com\/fr\/boutique\/"},{"@type":"ListItem","position":3,"name":"Danby Climatiseur portable 12,500 BTU (8,000 SACC)"}]},{"@type":"WebSite","url":"https:\/\/www.danby.com\/fr\/","name":"Danby - Canada - French","description":"Leader dans le domaine de la r\u00e9frig\u00e9ration et des appareils sp\u00e9cialis\u00e9s","publisher":[],"potentialAction":[{"@type":"SearchAction","target":{"@type":"EntryPoint","urlTemplate":"https:\/\/www.danby.com\/fr\/?s={search_term_string}"},"query-input":{"@type":"PropertyValueSpecification","valueRequired":true,"valueName":"search_term_string"}}],"inLanguage":"fr-CA"},{"@type":"Organization","name":"Danby Appliances","url":"https:\/\/www.danby.com\/fr\/","logo":{"@type":"ImageObject","inLanguage":"fr-CA","url":"https:\/\/cdnweb.danby.com\/wp-content\/uploads\/sites\/2\/2022\/02\/10141906\/Danby75Ans_Blue.png","contentUrl":"https:\/\/cdnweb.danby.com\/wp-content\/uploads\/sites\/2\/2022\/02\/10141906\/Danby75Ans_Blue.png","width":470,"height":110,"caption":"Danby Appliances"},"image":[],"sameAs":["https:\/\/www.facebook.com\/DanbyAppliances","https:\/\/x.com\/DanbyAppliance","https:\/\/instagram.com\/danbyappliances\/","https:\/\/www.linkedin.com\/company\/danbyappliances","https:\/\/www.pinterest.ca\/danbyappliances\/","https:\/\/www.youtube.com\/user\/DanbyProducts","https:\/\/en.wikipedia.org\/wiki\/Danby_(appliances)"]}]}},"post_mailing_queue_ids":[],"_links":{"self":[{"href":"https:\/\/www.danby.com\/fr\/wp-json\/wp\/v2\/product\/5090","targetHints":{"allow":["GET"]}}],"collection":[{"href":"https:\/\/www.danby.com\/fr\/wp-json\/wp\/v2\/product"}],"about":[{"href":"https:\/\/www.danby.com\/fr\/wp-json\/wp\/v2\/types\/product"}],"replies":[{"embeddable":true,"href":"https:\/\/www.danby.com\/fr\/wp-json\/wp\/v2\/comments?post=5090"}],"wp:featuredmedia":[{"embeddable":true,"href":"https:\/\/www.danby.com\/fr\/wp-json\/wp\/v2\/media\/26519"}],"wp:attachment":[{"href":"https:\/\/www.danby.com\/fr\/wp-json\/wp\/v2\/media?parent=5090"}],"wp:term":[{"taxonomy":"product_brand","embeddable":true,"href":"https:\/\/www.danby.com\/fr\/wp-json\/wp\/v2\/product_brand?post=5090"},{"taxonomy":"product_cat","embeddable":true,"href":"https:\/\/www.danby.com\/fr\/wp-json\/wp\/v2\/product_cat?post=5090"},{"taxonomy":"product_tag","embeddable":true,"href":"https:\/\/www.danby.com\/fr\/wp-json\/wp\/v2\/product_tag?post=5090"}],"curies":[{"name":"wp","href":"https:\/\/api.w.org\/{rel}","templated":true}]}}