{"id":5076,"date":"2022-02-03T19:19:12","date_gmt":"2022-02-03T19:19:12","guid":{"rendered":"https:\/\/www.danby.com\/fr\/product\/dpa060bacbdb\/"},"modified":"2026-04-04T10:03:58","modified_gmt":"2026-04-04T10:03:58","slug":"dpa060bacbdb","status":"publish","type":"product","link":"https:\/\/www.danby.com\/fr\/products\/climatiseurs-portatifs\/dpa060bacbdb\/","title":{"rendered":"Danby 6,000 BTU Climatiseurs portatif"},"content":{"rendered":"","protected":false},"excerpt":{"rendered":"<ul>\n<li>Climatiseur portatif 3-en-1 de 6000 BTU<\/li>\n<li>Capable de refroidir des espaces jusqu\u2019\u00e0 250 pi ca<\/li>\n<li>   R\u00e9frig\u00e9rant \u00e9cologique R410A<\/li>\n<li>   Conception de tuyau simple<\/li>\n<li>   Filtre \u00e0 air amovible<\/li>\n<li>   R\u00e9glage \u00e9lectronique avec t\u00e9l\u00e9commande et affichage \u00e0 DEL<\/li>\n<li>   Mode d\u00e9shumidificateur avec \u00e9vacuation directe permet de r\u00e9gler l\u2019humidit\u00e9 dans les petites surfaces d\u2019habitation<\/li>\n<li>   Mise en marche\/arr\u00eat automatique : Vous permet de d\u00e9marrer ou d\u2019arr\u00eater l\u2019appareil selon vos besoins<\/li>\n<li>   Les poign\u00e9es et les roulettes int\u00e9gr\u00e9es permettent un d\u00e9placement facile d\u2019une pi\u00e8ce \u00e0 l\u2019autre<\/li>\n<li>   S\u2019int\u00e8gre facilement dans des portes coulissantes en verre, dans des fen\u00eatres coulissantes, et dans des fen\u00eatres \u00e0 guillotine \u00e0 deux ch\u00e2ssis mobiles<\/li>\n<li>   Longueur du tuyau d\u2019\u00e9vacuation : 57 8\/16 po (146 cm)<\/li>\n<li>   R\u00e9glage de temp\u00e9rature variable entre 17 \u00b0C et 30 \u00b0C (62 \u00b0F et 86 \u00b0F)<\/li>\n<\/ul>\n","protected":false},"featured_media":8783,"comment_status":"closed","ping_status":"open","template":"","meta":{"_acf_changed":false},"product_brand":[],"product_cat":[35],"product_tag":[],"class_list":{"0":"post-5076","1":"product","2":"type-product","3":"status-publish","4":"has-post-thumbnail","6":"product_cat-climatiseurs-portatifs","8":"first","9":"outofstock","10":"taxable","11":"shipping-taxable","12":"product-type-simple"},"acf":[],"yoast_head":"<!-- This site is optimized with the Yoast SEO plugin v26.7 - https:\/\/yoast.com\/wordpress\/plugins\/seo\/ -->\n<title>Danby 6,000 BTU Climatiseurs portatif - DPA060BACBDB | Danby Canada<\/title>\n<meta name=\"description\" content=\"Un climatiseur efficace et fiable, comme cet appareil de Danby, est tout ce dont vous avez vraiment besoin pour rester au frais pendant des longs \u00e9t\u00e9s chauds. Ce mod\u00e8le portatif attrayant est capable de fournir 6 000 BTU de puissance de refroidissement, ce qui le rend id\u00e9al pour des espaces allant jusqu\u2019\u00e0 250 pieds carr\u00e9s. Les deux vitesses du ventilateur sont parfaites pour toutes les conditions de temp\u00e9rature, et cet appareil \u00e9l\u00e9gant peut \u00eatre programm\u00e9 \u00e9lectroniquement en utilisant une t\u00e9l\u00e9commande pratique et l\u2019afficheur \u00e0 DEL. La fonction de mise en marche\/arr\u00eat automatique de haute technologie vous permet de programmer l\u2019unit\u00e9 selon votre horaire personnel. Le filtre \u00e0 air est r\u00e9utilisable et le mod\u00e8le \u00e9cologique utilise le r\u00e9frig\u00e9rant R410A. Le climatiseur est \u00e9quip\u00e9 d\u2019un tuyau simple qui renvoie l\u2019air humide vers l\u2019ext\u00e9rieur. Ce climatiseur frappant vous permet de programmer la temp\u00e9rature dans une plage situ\u00e9e entre 17 \u00b0C et 30 \u00b0C (62 \u00b0F et 86 \u00b0F), et il offre \u00e9galement une garantie de 12 mois sur toutes les pi\u00e8ces et la main d\u2019\u0153uvre.\" \/>\n<meta name=\"robots\" content=\"index, follow, max-snippet:-1, max-image-preview:large, max-video-preview:-1\" \/>\n<link rel=\"canonical\" href=\"https:\/\/www.danby.com\/fr\/products\/climatiseurs-portatifs\/dpa060bacbdb\/\" \/>\n<meta property=\"og:locale\" content=\"fr_CA\" \/>\n<meta property=\"og:type\" content=\"article\" \/>\n<meta property=\"og:title\" content=\"Danby 6,000 BTU Climatiseurs portatif - DPA060BACBDB | Danby Canada\" \/>\n<meta property=\"og:description\" content=\"Un climatiseur efficace et fiable, comme cet appareil de Danby, est tout ce dont vous avez vraiment besoin pour rester au frais pendant des longs \u00e9t\u00e9s chauds. Ce mod\u00e8le portatif attrayant est capable de fournir 6 000 BTU de puissance de refroidissement, ce qui le rend id\u00e9al pour des espaces allant jusqu\u2019\u00e0 250 pieds carr\u00e9s. Les deux vitesses du ventilateur sont parfaites pour toutes les conditions de temp\u00e9rature, et cet appareil \u00e9l\u00e9gant peut \u00eatre programm\u00e9 \u00e9lectroniquement en utilisant une t\u00e9l\u00e9commande pratique et l\u2019afficheur \u00e0 DEL. La fonction de mise en marche\/arr\u00eat automatique de haute technologie vous permet de programmer l\u2019unit\u00e9 selon votre horaire personnel. Le filtre \u00e0 air est r\u00e9utilisable et le mod\u00e8le \u00e9cologique utilise le r\u00e9frig\u00e9rant R410A. Le climatiseur est \u00e9quip\u00e9 d\u2019un tuyau simple qui renvoie l\u2019air humide vers l\u2019ext\u00e9rieur. Ce climatiseur frappant vous permet de programmer la temp\u00e9rature dans une plage situ\u00e9e entre 17 \u00b0C et 30 \u00b0C (62 \u00b0F et 86 \u00b0F), et il offre \u00e9galement une garantie de 12 mois sur toutes les pi\u00e8ces et la main d\u2019\u0153uvre.\" \/>\n<meta property=\"og:url\" content=\"https:\/\/www.danby.com\/fr\/products\/climatiseurs-portatifs\/dpa060bacbdb\/\" \/>\n<meta property=\"og:site_name\" content=\"Danby - Canada - French\" \/>\n<meta property=\"article:publisher\" content=\"https:\/\/www.facebook.com\/DanbyAppliances\" \/>\n<meta property=\"article:modified_time\" content=\"2026-04-04T10:03:58+00:00\" \/>\n<meta property=\"og:image\" content=\"https:\/\/cdnweb.danby.com\/wp-content\/uploads\/sites\/2\/2022\/02\/08211205\/DPA060BACBDB_Right.jpg\" \/>\n\t<meta property=\"og:image:width\" content=\"1500\" \/>\n\t<meta property=\"og:image:height\" content=\"2467\" \/>\n\t<meta property=\"og:image:type\" content=\"image\/jpeg\" \/>\n<meta name=\"twitter:card\" content=\"summary_large_image\" \/>\n<meta name=\"twitter:site\" content=\"@DanbyAppliance\" \/>\n<script type=\"application\/ld+json\" class=\"yoast-schema-graph\">{\"@context\":\"https:\/\/schema.org\",\"@graph\":[{\"@type\":[\"WebPage\",\"ItemPage\"],\"url\":\"https:\/\/www.danby.com\/fr\/products\/climatiseurs-portatifs\/dpa060bacbdb\/\",\"name\":\"Danby 6,000 BTU Climatiseurs portatif - DPA060BACBDB | Danby Canada\",\"isPartOf\":[],\"primaryImageOfPage\":[],\"image\":[],\"thumbnailUrl\":\"https:\/\/cdnweb.danby.com\/wp-content\/uploads\/sites\/2\/2022\/02\/08211205\/DPA060BACBDB_Right.jpg\",\"datePublished\":\"2022-02-03T19:19:12+00:00\",\"dateModified\":\"2026-04-04T10:03:58+00:00\",\"description\":\"Un climatiseur efficace et fiable, comme cet appareil de Danby, est tout ce dont vous avez vraiment besoin pour rester au frais pendant des longs \u00e9t\u00e9s chauds. Ce mod\u00e8le portatif attrayant est capable de fournir 6 000 BTU de puissance de refroidissement, ce qui le rend id\u00e9al pour des espaces allant jusqu\u2019\u00e0 250 pieds carr\u00e9s. Les deux vitesses du ventilateur sont parfaites pour toutes les conditions de temp\u00e9rature, et cet appareil \u00e9l\u00e9gant peut \u00eatre programm\u00e9 \u00e9lectroniquement en utilisant une t\u00e9l\u00e9commande pratique et l\u2019afficheur \u00e0 DEL. La fonction de mise en marche\/arr\u00eat automatique de haute technologie vous permet de programmer l\u2019unit\u00e9 selon votre horaire personnel. Le filtre \u00e0 air est r\u00e9utilisable et le mod\u00e8le \u00e9cologique utilise le r\u00e9frig\u00e9rant R410A. Le climatiseur est \u00e9quip\u00e9 d\u2019un tuyau simple qui renvoie l\u2019air humide vers l\u2019ext\u00e9rieur. Ce climatiseur frappant vous permet de programmer la temp\u00e9rature dans une plage situ\u00e9e entre 17 \u00b0C et 30 \u00b0C (62 \u00b0F et 86 \u00b0F), et il offre \u00e9galement une garantie de 12 mois sur toutes les pi\u00e8ces et la main d\u2019\u0153uvre.\",\"breadcrumb\":[],\"inLanguage\":\"fr-CA\",\"potentialAction\":[{\"@type\":\"ReadAction\",\"target\":[\"https:\/\/www.danby.com\/fr\/products\/climatiseurs-portatifs\/dpa060bacbdb\/\"]}]},{\"@type\":\"ImageObject\",\"inLanguage\":\"fr-CA\",\"url\":\"https:\/\/cdnweb.danby.com\/wp-content\/uploads\/sites\/2\/2022\/02\/08211205\/DPA060BACBDB_Right.jpg\",\"contentUrl\":\"https:\/\/cdnweb.danby.com\/wp-content\/uploads\/sites\/2\/2022\/02\/08211205\/DPA060BACBDB_Right.jpg\",\"width\":1500,\"height\":2467},{\"@type\":\"BreadcrumbList\",\"itemListElement\":[{\"@type\":\"ListItem\",\"position\":1,\"name\":\"Home\",\"item\":\"https:\/\/www.danby.com\/fr\/\"},{\"@type\":\"ListItem\",\"position\":2,\"name\":\"Boutique\",\"item\":\"https:\/\/www.danby.com\/fr\/boutique\/\"},{\"@type\":\"ListItem\",\"position\":3,\"name\":\"Danby 6,000 BTU Climatiseurs portatif\"}]},{\"@type\":\"WebSite\",\"url\":\"https:\/\/www.danby.com\/fr\/\",\"name\":\"Danby - Canada - French\",\"description\":\"Leader dans le domaine de la r\u00e9frig\u00e9ration et des appareils sp\u00e9cialis\u00e9s\",\"publisher\":[],\"potentialAction\":[{\"@type\":\"SearchAction\",\"target\":{\"@type\":\"EntryPoint\",\"urlTemplate\":\"https:\/\/www.danby.com\/fr\/?s={search_term_string}\"},\"query-input\":{\"@type\":\"PropertyValueSpecification\",\"valueRequired\":true,\"valueName\":\"search_term_string\"}}],\"inLanguage\":\"fr-CA\"},{\"@type\":\"Organization\",\"name\":\"Danby Appliances\",\"url\":\"https:\/\/www.danby.com\/fr\/\",\"logo\":{\"@type\":\"ImageObject\",\"inLanguage\":\"fr-CA\",\"url\":\"https:\/\/cdnweb.danby.com\/wp-content\/uploads\/sites\/2\/2022\/02\/10141906\/Danby75Ans_Blue.png\",\"contentUrl\":\"https:\/\/cdnweb.danby.com\/wp-content\/uploads\/sites\/2\/2022\/02\/10141906\/Danby75Ans_Blue.png\",\"width\":470,\"height\":110,\"caption\":\"Danby Appliances\"},\"image\":[],\"sameAs\":[\"https:\/\/www.facebook.com\/DanbyAppliances\",\"https:\/\/x.com\/DanbyAppliance\",\"https:\/\/instagram.com\/danbyappliances\/\",\"https:\/\/www.linkedin.com\/company\/danbyappliances\",\"https:\/\/www.pinterest.ca\/danbyappliances\/\",\"https:\/\/www.youtube.com\/user\/DanbyProducts\",\"https:\/\/en.wikipedia.org\/wiki\/Danby_(appliances)\"]}]}<\/script>\n<!-- \/ Yoast SEO plugin. -->","yoast_head_json":{"title":"Danby 6,000 BTU Climatiseurs portatif - DPA060BACBDB | Danby Canada","description":"Un climatiseur efficace et fiable, comme cet appareil de Danby, est tout ce dont vous avez vraiment besoin pour rester au frais pendant des longs \u00e9t\u00e9s chauds. Ce mod\u00e8le portatif attrayant est capable de fournir 6 000 BTU de puissance de refroidissement, ce qui le rend id\u00e9al pour des espaces allant jusqu\u2019\u00e0 250 pieds carr\u00e9s. Les deux vitesses du ventilateur sont parfaites pour toutes les conditions de temp\u00e9rature, et cet appareil \u00e9l\u00e9gant peut \u00eatre programm\u00e9 \u00e9lectroniquement en utilisant une t\u00e9l\u00e9commande pratique et l\u2019afficheur \u00e0 DEL. La fonction de mise en marche\/arr\u00eat automatique de haute technologie vous permet de programmer l\u2019unit\u00e9 selon votre horaire personnel. Le filtre \u00e0 air est r\u00e9utilisable et le mod\u00e8le \u00e9cologique utilise le r\u00e9frig\u00e9rant R410A. Le climatiseur est \u00e9quip\u00e9 d\u2019un tuyau simple qui renvoie l\u2019air humide vers l\u2019ext\u00e9rieur. Ce climatiseur frappant vous permet de programmer la temp\u00e9rature dans une plage situ\u00e9e entre 17 \u00b0C et 30 \u00b0C (62 \u00b0F et 86 \u00b0F), et il offre \u00e9galement une garantie de 12 mois sur toutes les pi\u00e8ces et la main d\u2019\u0153uvre.","robots":{"index":"index","follow":"follow","max-snippet":"max-snippet:-1","max-image-preview":"max-image-preview:large","max-video-preview":"max-video-preview:-1"},"canonical":"https:\/\/www.danby.com\/fr\/products\/climatiseurs-portatifs\/dpa060bacbdb\/","og_locale":"fr_CA","og_type":"article","og_title":"Danby 6,000 BTU Climatiseurs portatif - DPA060BACBDB | Danby Canada","og_description":"Un climatiseur efficace et fiable, comme cet appareil de Danby, est tout ce dont vous avez vraiment besoin pour rester au frais pendant des longs \u00e9t\u00e9s chauds. Ce mod\u00e8le portatif attrayant est capable de fournir 6 000 BTU de puissance de refroidissement, ce qui le rend id\u00e9al pour des espaces allant jusqu\u2019\u00e0 250 pieds carr\u00e9s. Les deux vitesses du ventilateur sont parfaites pour toutes les conditions de temp\u00e9rature, et cet appareil \u00e9l\u00e9gant peut \u00eatre programm\u00e9 \u00e9lectroniquement en utilisant une t\u00e9l\u00e9commande pratique et l\u2019afficheur \u00e0 DEL. La fonction de mise en marche\/arr\u00eat automatique de haute technologie vous permet de programmer l\u2019unit\u00e9 selon votre horaire personnel. Le filtre \u00e0 air est r\u00e9utilisable et le mod\u00e8le \u00e9cologique utilise le r\u00e9frig\u00e9rant R410A. Le climatiseur est \u00e9quip\u00e9 d\u2019un tuyau simple qui renvoie l\u2019air humide vers l\u2019ext\u00e9rieur. Ce climatiseur frappant vous permet de programmer la temp\u00e9rature dans une plage situ\u00e9e entre 17 \u00b0C et 30 \u00b0C (62 \u00b0F et 86 \u00b0F), et il offre \u00e9galement une garantie de 12 mois sur toutes les pi\u00e8ces et la main d\u2019\u0153uvre.","og_url":"https:\/\/www.danby.com\/fr\/products\/climatiseurs-portatifs\/dpa060bacbdb\/","og_site_name":"Danby - Canada - French","article_publisher":"https:\/\/www.facebook.com\/DanbyAppliances","article_modified_time":"2026-04-04T10:03:58+00:00","og_image":[{"width":1500,"height":2467,"url":"https:\/\/cdnweb.danby.com\/wp-content\/uploads\/sites\/2\/2022\/02\/08211205\/DPA060BACBDB_Right.jpg","type":"image\/jpeg"}],"twitter_card":"summary_large_image","twitter_site":"@DanbyAppliance","schema":{"@context":"https:\/\/schema.org","@graph":[{"@type":["WebPage","ItemPage"],"url":"https:\/\/www.danby.com\/fr\/products\/climatiseurs-portatifs\/dpa060bacbdb\/","name":"Danby 6,000 BTU Climatiseurs portatif - DPA060BACBDB | Danby Canada","isPartOf":[],"primaryImageOfPage":[],"image":[],"thumbnailUrl":"https:\/\/cdnweb.danby.com\/wp-content\/uploads\/sites\/2\/2022\/02\/08211205\/DPA060BACBDB_Right.jpg","datePublished":"2022-02-03T19:19:12+00:00","dateModified":"2026-04-04T10:03:58+00:00","description":"Un climatiseur efficace et fiable, comme cet appareil de Danby, est tout ce dont vous avez vraiment besoin pour rester au frais pendant des longs \u00e9t\u00e9s chauds. Ce mod\u00e8le portatif attrayant est capable de fournir 6 000 BTU de puissance de refroidissement, ce qui le rend id\u00e9al pour des espaces allant jusqu\u2019\u00e0 250 pieds carr\u00e9s. Les deux vitesses du ventilateur sont parfaites pour toutes les conditions de temp\u00e9rature, et cet appareil \u00e9l\u00e9gant peut \u00eatre programm\u00e9 \u00e9lectroniquement en utilisant une t\u00e9l\u00e9commande pratique et l\u2019afficheur \u00e0 DEL. La fonction de mise en marche\/arr\u00eat automatique de haute technologie vous permet de programmer l\u2019unit\u00e9 selon votre horaire personnel. Le filtre \u00e0 air est r\u00e9utilisable et le mod\u00e8le \u00e9cologique utilise le r\u00e9frig\u00e9rant R410A. Le climatiseur est \u00e9quip\u00e9 d\u2019un tuyau simple qui renvoie l\u2019air humide vers l\u2019ext\u00e9rieur. Ce climatiseur frappant vous permet de programmer la temp\u00e9rature dans une plage situ\u00e9e entre 17 \u00b0C et 30 \u00b0C (62 \u00b0F et 86 \u00b0F), et il offre \u00e9galement une garantie de 12 mois sur toutes les pi\u00e8ces et la main d\u2019\u0153uvre.","breadcrumb":[],"inLanguage":"fr-CA","potentialAction":[{"@type":"ReadAction","target":["https:\/\/www.danby.com\/fr\/products\/climatiseurs-portatifs\/dpa060bacbdb\/"]}]},{"@type":"ImageObject","inLanguage":"fr-CA","url":"https:\/\/cdnweb.danby.com\/wp-content\/uploads\/sites\/2\/2022\/02\/08211205\/DPA060BACBDB_Right.jpg","contentUrl":"https:\/\/cdnweb.danby.com\/wp-content\/uploads\/sites\/2\/2022\/02\/08211205\/DPA060BACBDB_Right.jpg","width":1500,"height":2467},{"@type":"BreadcrumbList","itemListElement":[{"@type":"ListItem","position":1,"name":"Home","item":"https:\/\/www.danby.com\/fr\/"},{"@type":"ListItem","position":2,"name":"Boutique","item":"https:\/\/www.danby.com\/fr\/boutique\/"},{"@type":"ListItem","position":3,"name":"Danby 6,000 BTU Climatiseurs portatif"}]},{"@type":"WebSite","url":"https:\/\/www.danby.com\/fr\/","name":"Danby - Canada - French","description":"Leader dans le domaine de la r\u00e9frig\u00e9ration et des appareils sp\u00e9cialis\u00e9s","publisher":[],"potentialAction":[{"@type":"SearchAction","target":{"@type":"EntryPoint","urlTemplate":"https:\/\/www.danby.com\/fr\/?s={search_term_string}"},"query-input":{"@type":"PropertyValueSpecification","valueRequired":true,"valueName":"search_term_string"}}],"inLanguage":"fr-CA"},{"@type":"Organization","name":"Danby Appliances","url":"https:\/\/www.danby.com\/fr\/","logo":{"@type":"ImageObject","inLanguage":"fr-CA","url":"https:\/\/cdnweb.danby.com\/wp-content\/uploads\/sites\/2\/2022\/02\/10141906\/Danby75Ans_Blue.png","contentUrl":"https:\/\/cdnweb.danby.com\/wp-content\/uploads\/sites\/2\/2022\/02\/10141906\/Danby75Ans_Blue.png","width":470,"height":110,"caption":"Danby Appliances"},"image":[],"sameAs":["https:\/\/www.facebook.com\/DanbyAppliances","https:\/\/x.com\/DanbyAppliance","https:\/\/instagram.com\/danbyappliances\/","https:\/\/www.linkedin.com\/company\/danbyappliances","https:\/\/www.pinterest.ca\/danbyappliances\/","https:\/\/www.youtube.com\/user\/DanbyProducts","https:\/\/en.wikipedia.org\/wiki\/Danby_(appliances)"]}]}},"post_mailing_queue_ids":[],"_links":{"self":[{"href":"https:\/\/www.danby.com\/fr\/wp-json\/wp\/v2\/product\/5076","targetHints":{"allow":["GET"]}}],"collection":[{"href":"https:\/\/www.danby.com\/fr\/wp-json\/wp\/v2\/product"}],"about":[{"href":"https:\/\/www.danby.com\/fr\/wp-json\/wp\/v2\/types\/product"}],"replies":[{"embeddable":true,"href":"https:\/\/www.danby.com\/fr\/wp-json\/wp\/v2\/comments?post=5076"}],"wp:featuredmedia":[{"embeddable":true,"href":"https:\/\/www.danby.com\/fr\/wp-json\/wp\/v2\/media\/8783"}],"wp:attachment":[{"href":"https:\/\/www.danby.com\/fr\/wp-json\/wp\/v2\/media?parent=5076"}],"wp:term":[{"taxonomy":"product_brand","embeddable":true,"href":"https:\/\/www.danby.com\/fr\/wp-json\/wp\/v2\/product_brand?post=5076"},{"taxonomy":"product_cat","embeddable":true,"href":"https:\/\/www.danby.com\/fr\/wp-json\/wp\/v2\/product_cat?post=5076"},{"taxonomy":"product_tag","embeddable":true,"href":"https:\/\/www.danby.com\/fr\/wp-json\/wp\/v2\/product_tag?post=5076"}],"curies":[{"name":"wp","href":"https:\/\/api.w.org\/{rel}","templated":true}]}}