{"id":5073,"date":"2022-02-03T19:19:12","date_gmt":"2022-02-03T19:19:12","guid":{"rendered":"https:\/\/www.danby.com\/fr\/product\/dpa060b1wdb\/"},"modified":"2026-04-19T10:08:36","modified_gmt":"2026-04-19T10:08:36","slug":"dpa060b1wdb","status":"publish","type":"product","link":"https:\/\/www.danby.com\/fr\/products\/climatiseurs-portatifs\/dpa060b1wdb\/","title":{"rendered":"Danby Climatiseur Portable 10000 BTU (6000 SACC) en Blanc"},"content":{"rendered":"","protected":false},"excerpt":{"rendered":"<ul>\n<li>Conception pratique 3 en 1 : Climatiseur, ventilateur, et d\u00e9shumidificateur.<\/li>\n<li>Le climatiseur portable de 10 000 BTU (6 000 SACC) refroidit les espaces jusqu&#8217;\u00e0 250 pieds carr\u00e9s.<\/li>\n<li>Puissant ventilateur \u00e0 3 vitesses<\/li>\n<li>Mode d\u00e9shumidificateur avec vidange directe pour un fonctionnement continu<\/li>\n<li>Commandes \u00e9lectroniques avec affichage LED et t\u00e9l\u00e9commande<\/li>\n<li>Red\u00e9marrage automatique : l&#8217;appareil red\u00e9marre automatiquement apr\u00e8s une panne de courant.<\/li>\n<li>Minuterie de 24 heures<\/li>\n<li>La conception du tuyau unique permet d&#8217;\u00e9vacuer efficacement l&#8217;air chaud et humide \u00e0 l&#8217;ext\u00e9rieur.<\/li>\n<li>Filtre \u00e0 air r\u00e9utilisable et lavable<\/li>\n<li>Roulettes faciles \u00e0 d\u00e9placer et poign\u00e9es int\u00e9gr\u00e9es pour un transport ais\u00e9 d&#8217;une pi\u00e8ce \u00e0 l&#8217;autre.<\/li>\n<li>Couverture de 24 mois pi\u00e8ces et main d&#8217;\u0153uvre. L&#8217;installation et\/ou l&#8217;entretien annuel (nettoyage) ne sont pas couverts par la garantie.<\/li>\n<\/ul>\n","protected":false},"featured_media":35734,"comment_status":"closed","ping_status":"closed","template":"","meta":{"_acf_changed":false},"product_brand":[],"product_cat":[35,1450,1449],"product_tag":[],"class_list":{"0":"post-5073","1":"product","2":"type-product","3":"status-publish","4":"has-post-thumbnail","6":"product_cat-climatiseurs-portatifs","7":"product_cat-home-comfort","8":"product_cat-sales","9":"pa_btu-75","11":"first","12":"outofstock","13":"taxable","14":"shipping-taxable","15":"purchasable","16":"product-type-simple"},"acf":[],"yoast_head":"<!-- This site is optimized with the Yoast SEO plugin v26.7 - https:\/\/yoast.com\/wordpress\/plugins\/seo\/ -->\n<title>Danby Climatiseur Portable 10000 BTU (6000 SACC) en Blanc - DPA060B1WDB | Danby Canada<\/title>\n<meta name=\"description\" content=\"Rafra\u00eechissez-vous avec ce climatiseur portable de 10 000 BTU (6 000 SACC) de Danby, parfait pour les espaces allant jusqu&#039;\u00e0 250 pieds carr\u00e9s. Pour vous aider \u00e0 maximiser votre confort, la conception 3-en-1 : climatiseur, ventilateur et d\u00e9shumidificateur vous assure d&#039;\u00eatre \u00e0 l&#039;aise peu importe le temps qu&#039;il fait dehors ! Ses quatre roulettes permettent de d\u00e9placer facilement cet appareil d&#039;une pi\u00e8ce \u00e0 l&#039;autre, et la conception \u00e0 tuyau unique \u00e9vacue efficacement l&#039;air chaud et humide \u00e0 l&#039;ext\u00e9rieur. En outre, la minuterie programmable de 24 heures permet de mieux contr\u00f4ler le moment o\u00f9 l&#039;appareil fonctionne, ce qui vous permet d&#039;\u00e9conomiser sur votre facture mensuelle d&#039;\u00e9lectricit\u00e9. SACC est l&#039;abr\u00e9viation de Seasonally Adjusted Cooling Capacity.\" \/>\n<meta name=\"robots\" content=\"index, follow, max-snippet:-1, max-image-preview:large, max-video-preview:-1\" \/>\n<link rel=\"canonical\" href=\"https:\/\/www.danby.com\/fr\/products\/climatiseurs-portatifs\/dpa060b1wdb\/\" \/>\n<meta property=\"og:locale\" content=\"fr_CA\" \/>\n<meta property=\"og:type\" content=\"article\" \/>\n<meta property=\"og:title\" content=\"Danby Climatiseur Portable 10000 BTU (6000 SACC) en Blanc - DPA060B1WDB | Danby Canada\" \/>\n<meta property=\"og:description\" content=\"Rafra\u00eechissez-vous avec ce climatiseur portable de 10 000 BTU (6 000 SACC) de Danby, parfait pour les espaces allant jusqu&#039;\u00e0 250 pieds carr\u00e9s. Pour vous aider \u00e0 maximiser votre confort, la conception 3-en-1 : climatiseur, ventilateur et d\u00e9shumidificateur vous assure d&#039;\u00eatre \u00e0 l&#039;aise peu importe le temps qu&#039;il fait dehors ! Ses quatre roulettes permettent de d\u00e9placer facilement cet appareil d&#039;une pi\u00e8ce \u00e0 l&#039;autre, et la conception \u00e0 tuyau unique \u00e9vacue efficacement l&#039;air chaud et humide \u00e0 l&#039;ext\u00e9rieur. En outre, la minuterie programmable de 24 heures permet de mieux contr\u00f4ler le moment o\u00f9 l&#039;appareil fonctionne, ce qui vous permet d&#039;\u00e9conomiser sur votre facture mensuelle d&#039;\u00e9lectricit\u00e9. SACC est l&#039;abr\u00e9viation de Seasonally Adjusted Cooling Capacity.\" \/>\n<meta property=\"og:url\" content=\"https:\/\/www.danby.com\/fr\/products\/climatiseurs-portatifs\/dpa060b1wdb\/\" \/>\n<meta property=\"og:site_name\" content=\"Danby - Canada - French\" \/>\n<meta property=\"article:publisher\" content=\"https:\/\/www.facebook.com\/DanbyAppliances\" \/>\n<meta property=\"article:modified_time\" content=\"2026-04-19T10:08:36+00:00\" \/>\n<meta property=\"og:image\" content=\"https:\/\/www.danby.com\/fr\/wp-content\/uploads\/sites\/2\/2025\/11\/dpa060b1wdb-thumbnail.jpg\" \/>\n\t<meta property=\"og:image:width\" content=\"768\" \/>\n\t<meta property=\"og:image:height\" content=\"1024\" \/>\n\t<meta property=\"og:image:type\" content=\"image\/jpeg\" \/>\n<meta name=\"twitter:card\" content=\"summary_large_image\" \/>\n<meta name=\"twitter:site\" content=\"@DanbyAppliance\" \/>\n<meta name=\"twitter:label1\" content=\"Estimation du temps de lecture\" \/>\n\t<meta name=\"twitter:data1\" content=\"1 minute\" \/>\n<script type=\"application\/ld+json\" class=\"yoast-schema-graph\">{\"@context\":\"https:\/\/schema.org\",\"@graph\":[{\"@type\":[\"WebPage\",\"ItemPage\"],\"url\":\"https:\/\/www.danby.com\/fr\/products\/climatiseurs-portatifs\/dpa060b1wdb\/\",\"name\":\"Danby Climatiseur Portable 10000 BTU (6000 SACC) en Blanc - DPA060B1WDB | Danby Canada\",\"isPartOf\":[],\"primaryImageOfPage\":[],\"image\":[],\"thumbnailUrl\":\"https:\/\/www.danby.com\/fr\/wp-content\/uploads\/sites\/2\/2025\/11\/dpa060b1wdb-thumbnail.jpg\",\"datePublished\":\"2022-02-03T19:19:12+00:00\",\"dateModified\":\"2026-04-19T10:08:36+00:00\",\"description\":\"Rafra\u00eechissez-vous avec ce climatiseur portable de 10 000 BTU (6 000 SACC) de Danby, parfait pour les espaces allant jusqu'\u00e0 250 pieds carr\u00e9s. Pour vous aider \u00e0 maximiser votre confort, la conception 3-en-1 : climatiseur, ventilateur et d\u00e9shumidificateur vous assure d'\u00eatre \u00e0 l'aise peu importe le temps qu'il fait dehors ! Ses quatre roulettes permettent de d\u00e9placer facilement cet appareil d'une pi\u00e8ce \u00e0 l'autre, et la conception \u00e0 tuyau unique \u00e9vacue efficacement l'air chaud et humide \u00e0 l'ext\u00e9rieur. En outre, la minuterie programmable de 24 heures permet de mieux contr\u00f4ler le moment o\u00f9 l'appareil fonctionne, ce qui vous permet d'\u00e9conomiser sur votre facture mensuelle d'\u00e9lectricit\u00e9. SACC est l'abr\u00e9viation de Seasonally Adjusted Cooling Capacity.\",\"breadcrumb\":[],\"inLanguage\":\"fr-CA\",\"potentialAction\":[{\"@type\":\"ReadAction\",\"target\":[\"https:\/\/www.danby.com\/fr\/products\/climatiseurs-portatifs\/dpa060b1wdb\/\"]}]},{\"@type\":\"ImageObject\",\"inLanguage\":\"fr-CA\",\"url\":\"https:\/\/www.danby.com\/fr\/wp-content\/uploads\/sites\/2\/2025\/11\/dpa060b1wdb-thumbnail.jpg\",\"contentUrl\":\"https:\/\/www.danby.com\/fr\/wp-content\/uploads\/sites\/2\/2025\/11\/dpa060b1wdb-thumbnail.jpg\",\"width\":768,\"height\":1024},{\"@type\":\"BreadcrumbList\",\"itemListElement\":[{\"@type\":\"ListItem\",\"position\":1,\"name\":\"Home\",\"item\":\"https:\/\/www.danby.com\/fr\/\"},{\"@type\":\"ListItem\",\"position\":2,\"name\":\"Boutique\",\"item\":\"https:\/\/www.danby.com\/fr\/boutique\/\"},{\"@type\":\"ListItem\",\"position\":3,\"name\":\"Danby Climatiseur Portable 10000 BTU (6000 SACC) en Blanc\"}]},{\"@type\":\"WebSite\",\"url\":\"https:\/\/www.danby.com\/fr\/\",\"name\":\"Danby - Canada - French\",\"description\":\"Leader dans le domaine de la r\u00e9frig\u00e9ration et des appareils sp\u00e9cialis\u00e9s\",\"publisher\":[],\"potentialAction\":[{\"@type\":\"SearchAction\",\"target\":{\"@type\":\"EntryPoint\",\"urlTemplate\":\"https:\/\/www.danby.com\/fr\/?s={search_term_string}\"},\"query-input\":{\"@type\":\"PropertyValueSpecification\",\"valueRequired\":true,\"valueName\":\"search_term_string\"}}],\"inLanguage\":\"fr-CA\"},{\"@type\":\"Organization\",\"name\":\"Danby Appliances\",\"url\":\"https:\/\/www.danby.com\/fr\/\",\"logo\":{\"@type\":\"ImageObject\",\"inLanguage\":\"fr-CA\",\"url\":\"https:\/\/cdnweb.danby.com\/wp-content\/uploads\/sites\/2\/2022\/02\/10141906\/Danby75Ans_Blue.png\",\"contentUrl\":\"https:\/\/cdnweb.danby.com\/wp-content\/uploads\/sites\/2\/2022\/02\/10141906\/Danby75Ans_Blue.png\",\"width\":470,\"height\":110,\"caption\":\"Danby Appliances\"},\"image\":[],\"sameAs\":[\"https:\/\/www.facebook.com\/DanbyAppliances\",\"https:\/\/x.com\/DanbyAppliance\",\"https:\/\/instagram.com\/danbyappliances\/\",\"https:\/\/www.linkedin.com\/company\/danbyappliances\",\"https:\/\/www.pinterest.ca\/danbyappliances\/\",\"https:\/\/www.youtube.com\/user\/DanbyProducts\",\"https:\/\/en.wikipedia.org\/wiki\/Danby_(appliances)\"]}]}<\/script>\n<!-- \/ Yoast SEO plugin. -->","yoast_head_json":{"title":"Danby Climatiseur Portable 10000 BTU (6000 SACC) en Blanc - DPA060B1WDB | Danby Canada","description":"Rafra\u00eechissez-vous avec ce climatiseur portable de 10 000 BTU (6 000 SACC) de Danby, parfait pour les espaces allant jusqu'\u00e0 250 pieds carr\u00e9s. Pour vous aider \u00e0 maximiser votre confort, la conception 3-en-1 : climatiseur, ventilateur et d\u00e9shumidificateur vous assure d'\u00eatre \u00e0 l'aise peu importe le temps qu'il fait dehors ! Ses quatre roulettes permettent de d\u00e9placer facilement cet appareil d'une pi\u00e8ce \u00e0 l'autre, et la conception \u00e0 tuyau unique \u00e9vacue efficacement l'air chaud et humide \u00e0 l'ext\u00e9rieur. En outre, la minuterie programmable de 24 heures permet de mieux contr\u00f4ler le moment o\u00f9 l'appareil fonctionne, ce qui vous permet d'\u00e9conomiser sur votre facture mensuelle d'\u00e9lectricit\u00e9. SACC est l'abr\u00e9viation de Seasonally Adjusted Cooling Capacity.","robots":{"index":"index","follow":"follow","max-snippet":"max-snippet:-1","max-image-preview":"max-image-preview:large","max-video-preview":"max-video-preview:-1"},"canonical":"https:\/\/www.danby.com\/fr\/products\/climatiseurs-portatifs\/dpa060b1wdb\/","og_locale":"fr_CA","og_type":"article","og_title":"Danby Climatiseur Portable 10000 BTU (6000 SACC) en Blanc - DPA060B1WDB | Danby Canada","og_description":"Rafra\u00eechissez-vous avec ce climatiseur portable de 10 000 BTU (6 000 SACC) de Danby, parfait pour les espaces allant jusqu'\u00e0 250 pieds carr\u00e9s. Pour vous aider \u00e0 maximiser votre confort, la conception 3-en-1 : climatiseur, ventilateur et d\u00e9shumidificateur vous assure d'\u00eatre \u00e0 l'aise peu importe le temps qu'il fait dehors ! Ses quatre roulettes permettent de d\u00e9placer facilement cet appareil d'une pi\u00e8ce \u00e0 l'autre, et la conception \u00e0 tuyau unique \u00e9vacue efficacement l'air chaud et humide \u00e0 l'ext\u00e9rieur. En outre, la minuterie programmable de 24 heures permet de mieux contr\u00f4ler le moment o\u00f9 l'appareil fonctionne, ce qui vous permet d'\u00e9conomiser sur votre facture mensuelle d'\u00e9lectricit\u00e9. SACC est l'abr\u00e9viation de Seasonally Adjusted Cooling Capacity.","og_url":"https:\/\/www.danby.com\/fr\/products\/climatiseurs-portatifs\/dpa060b1wdb\/","og_site_name":"Danby - Canada - French","article_publisher":"https:\/\/www.facebook.com\/DanbyAppliances","article_modified_time":"2026-04-19T10:08:36+00:00","og_image":[{"width":768,"height":1024,"url":"https:\/\/www.danby.com\/fr\/wp-content\/uploads\/sites\/2\/2025\/11\/dpa060b1wdb-thumbnail.jpg","type":"image\/jpeg"}],"twitter_card":"summary_large_image","twitter_site":"@DanbyAppliance","twitter_misc":{"Estimation du temps de lecture":"1 minute"},"schema":{"@context":"https:\/\/schema.org","@graph":[{"@type":["WebPage","ItemPage"],"url":"https:\/\/www.danby.com\/fr\/products\/climatiseurs-portatifs\/dpa060b1wdb\/","name":"Danby Climatiseur Portable 10000 BTU (6000 SACC) en Blanc - DPA060B1WDB | Danby Canada","isPartOf":[],"primaryImageOfPage":[],"image":[],"thumbnailUrl":"https:\/\/www.danby.com\/fr\/wp-content\/uploads\/sites\/2\/2025\/11\/dpa060b1wdb-thumbnail.jpg","datePublished":"2022-02-03T19:19:12+00:00","dateModified":"2026-04-19T10:08:36+00:00","description":"Rafra\u00eechissez-vous avec ce climatiseur portable de 10 000 BTU (6 000 SACC) de Danby, parfait pour les espaces allant jusqu'\u00e0 250 pieds carr\u00e9s. Pour vous aider \u00e0 maximiser votre confort, la conception 3-en-1 : climatiseur, ventilateur et d\u00e9shumidificateur vous assure d'\u00eatre \u00e0 l'aise peu importe le temps qu'il fait dehors ! Ses quatre roulettes permettent de d\u00e9placer facilement cet appareil d'une pi\u00e8ce \u00e0 l'autre, et la conception \u00e0 tuyau unique \u00e9vacue efficacement l'air chaud et humide \u00e0 l'ext\u00e9rieur. En outre, la minuterie programmable de 24 heures permet de mieux contr\u00f4ler le moment o\u00f9 l'appareil fonctionne, ce qui vous permet d'\u00e9conomiser sur votre facture mensuelle d'\u00e9lectricit\u00e9. SACC est l'abr\u00e9viation de Seasonally Adjusted Cooling Capacity.","breadcrumb":[],"inLanguage":"fr-CA","potentialAction":[{"@type":"ReadAction","target":["https:\/\/www.danby.com\/fr\/products\/climatiseurs-portatifs\/dpa060b1wdb\/"]}]},{"@type":"ImageObject","inLanguage":"fr-CA","url":"https:\/\/www.danby.com\/fr\/wp-content\/uploads\/sites\/2\/2025\/11\/dpa060b1wdb-thumbnail.jpg","contentUrl":"https:\/\/www.danby.com\/fr\/wp-content\/uploads\/sites\/2\/2025\/11\/dpa060b1wdb-thumbnail.jpg","width":768,"height":1024},{"@type":"BreadcrumbList","itemListElement":[{"@type":"ListItem","position":1,"name":"Home","item":"https:\/\/www.danby.com\/fr\/"},{"@type":"ListItem","position":2,"name":"Boutique","item":"https:\/\/www.danby.com\/fr\/boutique\/"},{"@type":"ListItem","position":3,"name":"Danby Climatiseur Portable 10000 BTU (6000 SACC) en Blanc"}]},{"@type":"WebSite","url":"https:\/\/www.danby.com\/fr\/","name":"Danby - Canada - French","description":"Leader dans le domaine de la r\u00e9frig\u00e9ration et des appareils sp\u00e9cialis\u00e9s","publisher":[],"potentialAction":[{"@type":"SearchAction","target":{"@type":"EntryPoint","urlTemplate":"https:\/\/www.danby.com\/fr\/?s={search_term_string}"},"query-input":{"@type":"PropertyValueSpecification","valueRequired":true,"valueName":"search_term_string"}}],"inLanguage":"fr-CA"},{"@type":"Organization","name":"Danby Appliances","url":"https:\/\/www.danby.com\/fr\/","logo":{"@type":"ImageObject","inLanguage":"fr-CA","url":"https:\/\/cdnweb.danby.com\/wp-content\/uploads\/sites\/2\/2022\/02\/10141906\/Danby75Ans_Blue.png","contentUrl":"https:\/\/cdnweb.danby.com\/wp-content\/uploads\/sites\/2\/2022\/02\/10141906\/Danby75Ans_Blue.png","width":470,"height":110,"caption":"Danby Appliances"},"image":[],"sameAs":["https:\/\/www.facebook.com\/DanbyAppliances","https:\/\/x.com\/DanbyAppliance","https:\/\/instagram.com\/danbyappliances\/","https:\/\/www.linkedin.com\/company\/danbyappliances","https:\/\/www.pinterest.ca\/danbyappliances\/","https:\/\/www.youtube.com\/user\/DanbyProducts","https:\/\/en.wikipedia.org\/wiki\/Danby_(appliances)"]}]}},"post_mailing_queue_ids":[],"_links":{"self":[{"href":"https:\/\/www.danby.com\/fr\/wp-json\/wp\/v2\/product\/5073","targetHints":{"allow":["GET"]}}],"collection":[{"href":"https:\/\/www.danby.com\/fr\/wp-json\/wp\/v2\/product"}],"about":[{"href":"https:\/\/www.danby.com\/fr\/wp-json\/wp\/v2\/types\/product"}],"replies":[{"embeddable":true,"href":"https:\/\/www.danby.com\/fr\/wp-json\/wp\/v2\/comments?post=5073"}],"wp:featuredmedia":[{"embeddable":true,"href":"https:\/\/www.danby.com\/fr\/wp-json\/wp\/v2\/media\/35734"}],"wp:attachment":[{"href":"https:\/\/www.danby.com\/fr\/wp-json\/wp\/v2\/media?parent=5073"}],"wp:term":[{"taxonomy":"product_brand","embeddable":true,"href":"https:\/\/www.danby.com\/fr\/wp-json\/wp\/v2\/product_brand?post=5073"},{"taxonomy":"product_cat","embeddable":true,"href":"https:\/\/www.danby.com\/fr\/wp-json\/wp\/v2\/product_cat?post=5073"},{"taxonomy":"product_tag","embeddable":true,"href":"https:\/\/www.danby.com\/fr\/wp-json\/wp\/v2\/product_tag?post=5073"}],"curies":[{"name":"wp","href":"https:\/\/api.w.org\/{rel}","templated":true}]}}