{"id":5070,"date":"2022-02-03T19:19:12","date_gmt":"2022-02-03T19:19:12","guid":{"rendered":"https:\/\/www.danby.com\/fr\/product\/dpa050e2wdb-6\/"},"modified":"2026-04-27T10:09:20","modified_gmt":"2026-04-27T10:09:20","slug":"dpa050e2wdb-6","status":"publish","type":"product","link":"https:\/\/www.danby.com\/fr\/products\/climatiseurs-portatifs\/dpa050e2wdb-6\/","title":{"rendered":"Danby Climatiseur portable 7,500 BTU (5,000 SACC)"},"content":{"rendered":"","protected":false},"excerpt":{"rendered":"<ul>\n<li>Conception pratique 3 en 1 : Climatiseur, ventilateur et d\u00e9shumidificateur.<\/li>\n<li>Le climatiseur portable de 7 500 BTU (5 000 SACC) refroidit les espaces jusqu&#8217;\u00e0 150 pieds carr\u00e9s.<\/li>\n<li>R\u00e9frig\u00e9rant R32 : Respectueux de l&#8217;environnement, le PRG (potentiel de r\u00e9chauffement de la plan\u00e8te) du R32 est 3 fois inf\u00e9rieur \u00e0 celui du R410a.<\/li>\n<li>Puissant ventilateur \u00e0 2 vitesses<\/li>\n<li>Mode d\u00e9shumidificateur avec vidange directe pour un fonctionnement continu<\/li>\n<li>Commandes \u00e9lectroniques avec affichage LED et t\u00e9l\u00e9commande<\/li>\n<li>Red\u00e9marrage automatique : L&#8217;unit\u00e9 red\u00e9marre automatiquement apr\u00e8s une panne de courant<\/li>\n<li>Minuterie de 24 heures<\/li>\n<li>La conception du tuyau unique permet d&#8217;\u00e9vacuer efficacement l&#8217;air chaud et humide \u00e0 l&#8217;ext\u00e9rieur.<\/li>\n<li>Filtre \u00e0 air r\u00e9utilisable et lavable<\/li>\n<li>Facile \u00e0 d\u00e9placer : Roulettes et poign\u00e9es int\u00e9gr\u00e9es pour un transport facile d&#8217;une pi\u00e8ce \u00e0 l&#8217;autre.<\/li>\n<\/ul>\n","protected":false},"featured_media":31933,"comment_status":"closed","ping_status":"closed","template":"","meta":{"_acf_changed":false},"product_brand":[],"product_cat":[35],"product_tag":[],"class_list":{"0":"post-5070","1":"product","2":"type-product","3":"status-publish","4":"has-post-thumbnail","6":"product_cat-climatiseurs-portatifs","7":"pa_btu-82","9":"first","10":"outofstock","11":"sale","12":"taxable","13":"shipping-taxable","14":"purchasable","15":"product-type-simple"},"acf":[],"yoast_head":"<!-- This site is optimized with the Yoast SEO plugin v27.4 - https:\/\/yoast.com\/product\/yoast-seo-wordpress\/ -->\n<title>Danby Climatiseur portable 7,500 BTU (5,000 SACC) - DPA050E2WDB-6 | Danby Canada<\/title>\n<meta name=\"description\" content=\"Ce climatiseur portable de 7 500 BTU est parfait pour rafra\u00eechir les chambres et autres petits espaces de vie jusqu&#039;\u00e0 150 pieds carr\u00e9s. Ses quatre roulettes permettent de le d\u00e9placer facilement d&#039;une pi\u00e8ce \u00e0 l&#039;autre et sa conception \u00e0 tuyau unique \u00e9vacue efficacement l&#039;air chaud et humide \u00e0 l&#039;ext\u00e9rieur. La minuterie programmable sur 24 heures permet de mieux contr\u00f4ler le moment o\u00f9 l&#039;appareil fonctionne, ce qui vous permet d&#039;\u00e9conomiser sur votre facture d&#039;\u00e9lectricit\u00e9 mensuelle. Pour vous aider \u00e0 maximiser votre confort \u00e0 la maison, cet appareil est \u00e9galement \u00e9quip\u00e9 d&#039;une conception 3 en 1 : climatiseur, ventilateur et d\u00e9shumidificateur, pour que vous et vos invit\u00e9s soyez \u00e0 l&#039;aise quel que soit le temps qu&#039;il fait dehors. Ce mod\u00e8le est \u00e9galement \u00e9quip\u00e9 d&#039;un filtre r\u00e9utilisable et lavable, facile \u00e0 nettoyer et \u00e0 entretenir ! SACC est l&#039;abr\u00e9viation de Seasonally Adjusted Cooling Capacity.\" \/>\n<meta name=\"robots\" content=\"index, follow, max-snippet:-1, max-image-preview:large, max-video-preview:-1\" \/>\n<link rel=\"canonical\" href=\"https:\/\/www.danby.com\/fr\/products\/climatiseurs-portatifs\/dpa050e2wdb-6\/\" \/>\n<meta property=\"og:locale\" content=\"fr_CA\" \/>\n<meta property=\"og:type\" content=\"article\" \/>\n<meta property=\"og:title\" content=\"Danby Climatiseur portable 7,500 BTU (5,000 SACC) - DPA050E2WDB-6 | Danby Canada\" \/>\n<meta property=\"og:description\" content=\"Ce climatiseur portable de 7 500 BTU est parfait pour rafra\u00eechir les chambres et autres petits espaces de vie jusqu&#039;\u00e0 150 pieds carr\u00e9s. Ses quatre roulettes permettent de le d\u00e9placer facilement d&#039;une pi\u00e8ce \u00e0 l&#039;autre et sa conception \u00e0 tuyau unique \u00e9vacue efficacement l&#039;air chaud et humide \u00e0 l&#039;ext\u00e9rieur. La minuterie programmable sur 24 heures permet de mieux contr\u00f4ler le moment o\u00f9 l&#039;appareil fonctionne, ce qui vous permet d&#039;\u00e9conomiser sur votre facture d&#039;\u00e9lectricit\u00e9 mensuelle. Pour vous aider \u00e0 maximiser votre confort \u00e0 la maison, cet appareil est \u00e9galement \u00e9quip\u00e9 d&#039;une conception 3 en 1 : climatiseur, ventilateur et d\u00e9shumidificateur, pour que vous et vos invit\u00e9s soyez \u00e0 l&#039;aise quel que soit le temps qu&#039;il fait dehors. Ce mod\u00e8le est \u00e9galement \u00e9quip\u00e9 d&#039;un filtre r\u00e9utilisable et lavable, facile \u00e0 nettoyer et \u00e0 entretenir ! SACC est l&#039;abr\u00e9viation de Seasonally Adjusted Cooling Capacity.\" \/>\n<meta property=\"og:url\" content=\"https:\/\/www.danby.com\/fr\/products\/climatiseurs-portatifs\/dpa050e2wdb-6\/\" \/>\n<meta property=\"og:site_name\" content=\"Danby - Canada - French\" \/>\n<meta property=\"article:publisher\" content=\"https:\/\/www.facebook.com\/DanbyAppliances\" \/>\n<meta property=\"article:modified_time\" content=\"2026-04-27T10:09:20+00:00\" \/>\n<meta property=\"og:image\" content=\"https:\/\/cdnweb.danby.com\/wp-content\/uploads\/sites\/2\/2024\/01\/12192643\/PAC__0004_DPA050E2WDB-6.jpg\" \/>\n\t<meta property=\"og:image:width\" content=\"1125\" \/>\n\t<meta property=\"og:image:height\" content=\"1500\" \/>\n\t<meta property=\"og:image:type\" content=\"image\/jpeg\" \/>\n<meta name=\"twitter:card\" content=\"summary_large_image\" \/>\n<meta name=\"twitter:site\" content=\"@DanbyAppliance\" \/>\n<script type=\"application\/ld+json\" class=\"yoast-schema-graph\">{\"@context\":\"https:\\\/\\\/schema.org\",\"@graph\":[{\"@type\":[\"WebPage\",\"ItemPage\"],\"url\":\"https:\\\/\\\/www.danby.com\\\/fr\\\/products\\\/climatiseurs-portatifs\\\/dpa050e2wdb-6\\\/\",\"name\":\"Danby Climatiseur portable 7,500 BTU (5,000 SACC) - DPA050E2WDB-6 | Danby Canada\",\"isPartOf\":[],\"primaryImageOfPage\":[],\"image\":[],\"thumbnailUrl\":\"https:\\\/\\\/www.danby.com\\\/fr\\\/wp-content\\\/uploads\\\/sites\\\/2\\\/2025\\\/05\\\/dpa050e2wdb-6-front.jpg\",\"datePublished\":\"2022-02-03T19:19:12+00:00\",\"dateModified\":\"2026-04-27T10:09:20+00:00\",\"description\":\"Ce climatiseur portable de 7 500 BTU est parfait pour rafra\u00eechir les chambres et autres petits espaces de vie jusqu'\u00e0 150 pieds carr\u00e9s. Ses quatre roulettes permettent de le d\u00e9placer facilement d'une pi\u00e8ce \u00e0 l'autre et sa conception \u00e0 tuyau unique \u00e9vacue efficacement l'air chaud et humide \u00e0 l'ext\u00e9rieur. La minuterie programmable sur 24 heures permet de mieux contr\u00f4ler le moment o\u00f9 l'appareil fonctionne, ce qui vous permet d'\u00e9conomiser sur votre facture d'\u00e9lectricit\u00e9 mensuelle. Pour vous aider \u00e0 maximiser votre confort \u00e0 la maison, cet appareil est \u00e9galement \u00e9quip\u00e9 d'une conception 3 en 1 : climatiseur, ventilateur et d\u00e9shumidificateur, pour que vous et vos invit\u00e9s soyez \u00e0 l'aise quel que soit le temps qu'il fait dehors. Ce mod\u00e8le est \u00e9galement \u00e9quip\u00e9 d'un filtre r\u00e9utilisable et lavable, facile \u00e0 nettoyer et \u00e0 entretenir ! SACC est l'abr\u00e9viation de Seasonally Adjusted Cooling Capacity.\",\"breadcrumb\":[],\"inLanguage\":\"fr-CA\",\"potentialAction\":[{\"@type\":\"ReadAction\",\"target\":[\"https:\\\/\\\/www.danby.com\\\/fr\\\/products\\\/climatiseurs-portatifs\\\/dpa050e2wdb-6\\\/\"]}]},{\"@type\":\"ImageObject\",\"inLanguage\":\"fr-CA\",\"url\":\"https:\\\/\\\/www.danby.com\\\/fr\\\/wp-content\\\/uploads\\\/sites\\\/2\\\/2025\\\/05\\\/dpa050e2wdb-6-front.jpg\",\"contentUrl\":\"https:\\\/\\\/www.danby.com\\\/fr\\\/wp-content\\\/uploads\\\/sites\\\/2\\\/2025\\\/05\\\/dpa050e2wdb-6-front.jpg\",\"width\":768,\"height\":1024},{\"@type\":\"BreadcrumbList\",\"itemListElement\":[{\"@type\":\"ListItem\",\"position\":1,\"name\":\"Home\",\"item\":\"https:\\\/\\\/www.danby.com\\\/fr\\\/\"},{\"@type\":\"ListItem\",\"position\":2,\"name\":\"Boutique\",\"item\":\"https:\\\/\\\/www.danby.com\\\/fr\\\/boutique\\\/\"},{\"@type\":\"ListItem\",\"position\":3,\"name\":\"Danby Climatiseur portable 7,500 BTU (5,000 SACC)\"}]},{\"@type\":\"WebSite\",\"url\":\"https:\\\/\\\/www.danby.com\\\/fr\\\/\",\"name\":\"Danby - Canada - French\",\"description\":\"Leader dans le domaine de la r\u00e9frig\u00e9ration et des appareils sp\u00e9cialis\u00e9s\",\"publisher\":[],\"potentialAction\":[{\"@type\":\"SearchAction\",\"target\":{\"@type\":\"EntryPoint\",\"urlTemplate\":\"https:\\\/\\\/www.danby.com\\\/fr\\\/?s={search_term_string}\"},\"query-input\":{\"@type\":\"PropertyValueSpecification\",\"valueRequired\":true,\"valueName\":\"search_term_string\"}}],\"inLanguage\":\"fr-CA\"},{\"@type\":\"Organization\",\"name\":\"Danby Appliances\",\"url\":\"https:\\\/\\\/www.danby.com\\\/fr\\\/\",\"logo\":{\"@type\":\"ImageObject\",\"inLanguage\":\"fr-CA\",\"url\":\"https:\\\/\\\/cdnweb.danby.com\\\/wp-content\\\/uploads\\\/sites\\\/2\\\/2022\\\/02\\\/10141906\\\/Danby75Ans_Blue.png\",\"contentUrl\":\"https:\\\/\\\/cdnweb.danby.com\\\/wp-content\\\/uploads\\\/sites\\\/2\\\/2022\\\/02\\\/10141906\\\/Danby75Ans_Blue.png\",\"width\":470,\"height\":110,\"caption\":\"Danby Appliances\"},\"image\":[],\"sameAs\":[\"https:\\\/\\\/www.facebook.com\\\/DanbyAppliances\",\"https:\\\/\\\/x.com\\\/DanbyAppliance\",\"https:\\\/\\\/instagram.com\\\/danbyappliances\\\/\",\"https:\\\/\\\/www.linkedin.com\\\/company\\\/danbyappliances\",\"https:\\\/\\\/www.pinterest.ca\\\/danbyappliances\\\/\",\"https:\\\/\\\/www.youtube.com\\\/user\\\/DanbyProducts\",\"https:\\\/\\\/en.wikipedia.org\\\/wiki\\\/Danby_(appliances)\"]}]}<\/script>\n<!-- \/ Yoast SEO plugin. -->","yoast_head_json":{"title":"Danby Climatiseur portable 7,500 BTU (5,000 SACC) - DPA050E2WDB-6 | Danby Canada","description":"Ce climatiseur portable de 7 500 BTU est parfait pour rafra\u00eechir les chambres et autres petits espaces de vie jusqu'\u00e0 150 pieds carr\u00e9s. Ses quatre roulettes permettent de le d\u00e9placer facilement d'une pi\u00e8ce \u00e0 l'autre et sa conception \u00e0 tuyau unique \u00e9vacue efficacement l'air chaud et humide \u00e0 l'ext\u00e9rieur. La minuterie programmable sur 24 heures permet de mieux contr\u00f4ler le moment o\u00f9 l'appareil fonctionne, ce qui vous permet d'\u00e9conomiser sur votre facture d'\u00e9lectricit\u00e9 mensuelle. Pour vous aider \u00e0 maximiser votre confort \u00e0 la maison, cet appareil est \u00e9galement \u00e9quip\u00e9 d'une conception 3 en 1 : climatiseur, ventilateur et d\u00e9shumidificateur, pour que vous et vos invit\u00e9s soyez \u00e0 l'aise quel que soit le temps qu'il fait dehors. Ce mod\u00e8le est \u00e9galement \u00e9quip\u00e9 d'un filtre r\u00e9utilisable et lavable, facile \u00e0 nettoyer et \u00e0 entretenir ! SACC est l'abr\u00e9viation de Seasonally Adjusted Cooling Capacity.","robots":{"index":"index","follow":"follow","max-snippet":"max-snippet:-1","max-image-preview":"max-image-preview:large","max-video-preview":"max-video-preview:-1"},"canonical":"https:\/\/www.danby.com\/fr\/products\/climatiseurs-portatifs\/dpa050e2wdb-6\/","og_locale":"fr_CA","og_type":"article","og_title":"Danby Climatiseur portable 7,500 BTU (5,000 SACC) - DPA050E2WDB-6 | Danby Canada","og_description":"Ce climatiseur portable de 7 500 BTU est parfait pour rafra\u00eechir les chambres et autres petits espaces de vie jusqu'\u00e0 150 pieds carr\u00e9s. Ses quatre roulettes permettent de le d\u00e9placer facilement d'une pi\u00e8ce \u00e0 l'autre et sa conception \u00e0 tuyau unique \u00e9vacue efficacement l'air chaud et humide \u00e0 l'ext\u00e9rieur. La minuterie programmable sur 24 heures permet de mieux contr\u00f4ler le moment o\u00f9 l'appareil fonctionne, ce qui vous permet d'\u00e9conomiser sur votre facture d'\u00e9lectricit\u00e9 mensuelle. Pour vous aider \u00e0 maximiser votre confort \u00e0 la maison, cet appareil est \u00e9galement \u00e9quip\u00e9 d'une conception 3 en 1 : climatiseur, ventilateur et d\u00e9shumidificateur, pour que vous et vos invit\u00e9s soyez \u00e0 l'aise quel que soit le temps qu'il fait dehors. Ce mod\u00e8le est \u00e9galement \u00e9quip\u00e9 d'un filtre r\u00e9utilisable et lavable, facile \u00e0 nettoyer et \u00e0 entretenir ! SACC est l'abr\u00e9viation de Seasonally Adjusted Cooling Capacity.","og_url":"https:\/\/www.danby.com\/fr\/products\/climatiseurs-portatifs\/dpa050e2wdb-6\/","og_site_name":"Danby - Canada - French","article_publisher":"https:\/\/www.facebook.com\/DanbyAppliances","article_modified_time":"2026-04-27T10:09:20+00:00","og_image":[{"width":1125,"height":1500,"url":"https:\/\/cdnweb.danby.com\/wp-content\/uploads\/sites\/2\/2024\/01\/12192643\/PAC__0004_DPA050E2WDB-6.jpg","type":"image\/jpeg"}],"twitter_card":"summary_large_image","twitter_site":"@DanbyAppliance","schema":{"@context":"https:\/\/schema.org","@graph":[{"@type":["WebPage","ItemPage"],"url":"https:\/\/www.danby.com\/fr\/products\/climatiseurs-portatifs\/dpa050e2wdb-6\/","name":"Danby Climatiseur portable 7,500 BTU (5,000 SACC) - DPA050E2WDB-6 | Danby Canada","isPartOf":[],"primaryImageOfPage":[],"image":[],"thumbnailUrl":"https:\/\/www.danby.com\/fr\/wp-content\/uploads\/sites\/2\/2025\/05\/dpa050e2wdb-6-front.jpg","datePublished":"2022-02-03T19:19:12+00:00","dateModified":"2026-04-27T10:09:20+00:00","description":"Ce climatiseur portable de 7 500 BTU est parfait pour rafra\u00eechir les chambres et autres petits espaces de vie jusqu'\u00e0 150 pieds carr\u00e9s. Ses quatre roulettes permettent de le d\u00e9placer facilement d'une pi\u00e8ce \u00e0 l'autre et sa conception \u00e0 tuyau unique \u00e9vacue efficacement l'air chaud et humide \u00e0 l'ext\u00e9rieur. La minuterie programmable sur 24 heures permet de mieux contr\u00f4ler le moment o\u00f9 l'appareil fonctionne, ce qui vous permet d'\u00e9conomiser sur votre facture d'\u00e9lectricit\u00e9 mensuelle. Pour vous aider \u00e0 maximiser votre confort \u00e0 la maison, cet appareil est \u00e9galement \u00e9quip\u00e9 d'une conception 3 en 1 : climatiseur, ventilateur et d\u00e9shumidificateur, pour que vous et vos invit\u00e9s soyez \u00e0 l'aise quel que soit le temps qu'il fait dehors. Ce mod\u00e8le est \u00e9galement \u00e9quip\u00e9 d'un filtre r\u00e9utilisable et lavable, facile \u00e0 nettoyer et \u00e0 entretenir ! SACC est l'abr\u00e9viation de Seasonally Adjusted Cooling Capacity.","breadcrumb":[],"inLanguage":"fr-CA","potentialAction":[{"@type":"ReadAction","target":["https:\/\/www.danby.com\/fr\/products\/climatiseurs-portatifs\/dpa050e2wdb-6\/"]}]},{"@type":"ImageObject","inLanguage":"fr-CA","url":"https:\/\/www.danby.com\/fr\/wp-content\/uploads\/sites\/2\/2025\/05\/dpa050e2wdb-6-front.jpg","contentUrl":"https:\/\/www.danby.com\/fr\/wp-content\/uploads\/sites\/2\/2025\/05\/dpa050e2wdb-6-front.jpg","width":768,"height":1024},{"@type":"BreadcrumbList","itemListElement":[{"@type":"ListItem","position":1,"name":"Home","item":"https:\/\/www.danby.com\/fr\/"},{"@type":"ListItem","position":2,"name":"Boutique","item":"https:\/\/www.danby.com\/fr\/boutique\/"},{"@type":"ListItem","position":3,"name":"Danby Climatiseur portable 7,500 BTU (5,000 SACC)"}]},{"@type":"WebSite","url":"https:\/\/www.danby.com\/fr\/","name":"Danby - Canada - French","description":"Leader dans le domaine de la r\u00e9frig\u00e9ration et des appareils sp\u00e9cialis\u00e9s","publisher":[],"potentialAction":[{"@type":"SearchAction","target":{"@type":"EntryPoint","urlTemplate":"https:\/\/www.danby.com\/fr\/?s={search_term_string}"},"query-input":{"@type":"PropertyValueSpecification","valueRequired":true,"valueName":"search_term_string"}}],"inLanguage":"fr-CA"},{"@type":"Organization","name":"Danby Appliances","url":"https:\/\/www.danby.com\/fr\/","logo":{"@type":"ImageObject","inLanguage":"fr-CA","url":"https:\/\/cdnweb.danby.com\/wp-content\/uploads\/sites\/2\/2022\/02\/10141906\/Danby75Ans_Blue.png","contentUrl":"https:\/\/cdnweb.danby.com\/wp-content\/uploads\/sites\/2\/2022\/02\/10141906\/Danby75Ans_Blue.png","width":470,"height":110,"caption":"Danby Appliances"},"image":[],"sameAs":["https:\/\/www.facebook.com\/DanbyAppliances","https:\/\/x.com\/DanbyAppliance","https:\/\/instagram.com\/danbyappliances\/","https:\/\/www.linkedin.com\/company\/danbyappliances","https:\/\/www.pinterest.ca\/danbyappliances\/","https:\/\/www.youtube.com\/user\/DanbyProducts","https:\/\/en.wikipedia.org\/wiki\/Danby_(appliances)"]}]}},"post_mailing_queue_ids":[],"_links":{"self":[{"href":"https:\/\/www.danby.com\/fr\/wp-json\/wp\/v2\/product\/5070","targetHints":{"allow":["GET"]}}],"collection":[{"href":"https:\/\/www.danby.com\/fr\/wp-json\/wp\/v2\/product"}],"about":[{"href":"https:\/\/www.danby.com\/fr\/wp-json\/wp\/v2\/types\/product"}],"replies":[{"embeddable":true,"href":"https:\/\/www.danby.com\/fr\/wp-json\/wp\/v2\/comments?post=5070"}],"wp:featuredmedia":[{"embeddable":true,"href":"https:\/\/www.danby.com\/fr\/wp-json\/wp\/v2\/media\/31933"}],"wp:attachment":[{"href":"https:\/\/www.danby.com\/fr\/wp-json\/wp\/v2\/media?parent=5070"}],"wp:term":[{"taxonomy":"product_brand","embeddable":true,"href":"https:\/\/www.danby.com\/fr\/wp-json\/wp\/v2\/product_brand?post=5070"},{"taxonomy":"product_cat","embeddable":true,"href":"https:\/\/www.danby.com\/fr\/wp-json\/wp\/v2\/product_cat?post=5070"},{"taxonomy":"product_tag","embeddable":true,"href":"https:\/\/www.danby.com\/fr\/wp-json\/wp\/v2\/product_tag?post=5070"}],"curies":[{"name":"wp","href":"https:\/\/api.w.org\/{rel}","templated":true}]}}