{"id":5065,"date":"2022-02-03T19:19:12","date_gmt":"2022-02-03T19:19:12","guid":{"rendered":"https:\/\/www.danby.com\/fr\/product\/dom16a1sdb\/"},"modified":"2026-04-18T10:08:24","modified_gmt":"2026-04-18T10:08:24","slug":"dom16a1sdb","status":"publish","type":"product","link":"https:\/\/www.danby.com\/fr\/products\/fours-a-micro-ondes\/dom16a1sdb\/","title":{"rendered":"Danby 1.6 pi3 Fours \u00e0 micro-onde"},"content":{"rendered":"","protected":false},"excerpt":{"rendered":"<ul>\n<li>La grande capacit\u00e9 familiale de 1,6 pi3 acc\u00e9l\u00e8re la pr\u00e9paration des repas<\/li>\n<li>L&#8217;\u00e9l\u00e9gante porte vitr\u00e9e garnie de noir et d&#8217;acier inoxydable<\/li>\n<li>1000 watts de puissance de cuisson<\/li>\n<li>10 niveaux de puissance<\/li>\n<li>Le puissant ventilateur \u00e0 2 vitesses (300 et 170 CFM) aide \u00e0 \u00e9liminer les odeurs de cuisson<\/li>\n<li>Fonctions sp\u00e9cialis\u00e9es : D\u00e9cong\u00e9lation par poids, d\u00e9cong\u00e9lation par temps et maintien au chaud<\/li>\n<li>Les lumi\u00e8res encastr\u00e9es \u00e9clairent directement la surface de la cuisini\u00e8re<\/li>\n<li>Filtre du ventilateur facile \u00e0 nettoyer<\/li>\n<li>Verrouillage \u00e0 l&#8217;\u00e9preuve des enfants<\/li>\n<\/ul>\n","protected":false},"featured_media":6162,"comment_status":"closed","ping_status":"closed","template":"","meta":{"_acf_changed":false},"product_brand":[],"product_cat":[32],"product_tag":[],"class_list":{"0":"post-5065","1":"product","2":"type-product","3":"status-publish","4":"has-post-thumbnail","6":"product_cat-fours-a-micro-ondes","8":"first","9":"outofstock","10":"taxable","11":"shipping-taxable","12":"product-type-simple"},"acf":[],"yoast_head":"<!-- This site is optimized with the Yoast SEO plugin v26.7 - https:\/\/yoast.com\/wordpress\/plugins\/seo\/ -->\n<title>Danby 1.6 pi3 Fours \u00e0 micro-onde - DOM16A1SDB | Danby Canada<\/title>\n<meta name=\"description\" content=\"Dans nombre de cuisines et pour plusieurs utilisateurs, le meilleur endroit o\u00f9 installer un four \u00e0 micro-ondes est au-dessus de la cuisini\u00e8re et c\u2019est exactement ce que vous obtenez avec ce populaire mod\u00e8le Danby. Cet appareil polyvalent offre un g\u00e9n\u00e9reux 1,6 pied cube de surface de cuisson et de r\u00e9chauffage et il dispose d\u2019une puissance de 1000 watts. Il est aussi \u00e9quip\u00e9 d\u2019un ventilateur \u00e0 deux vitesses pour \u00e9liminer efficacement les odeurs et il pr\u00e9sente 10 niveaux de puissance ais\u00e9ment programmables par une simple pression sur un bouton. De plus, ce puissant four \u00e0 micro-ondes comprend quatre fonctions de cuisson monotouche et un dispositif digital d\u2019horloge\/minuterie de pr\u00e9cision. Vos plats favoris seront cuits \u00e0 la perfection, gr\u00e2ce \u00e0 ce mod\u00e8le de qualit\u00e9 sup\u00e9rieure qui vous permet aussi de d\u00e9givrer vos aliments par poids ou par minuterie et aussi de les conserver \u00e0 la chaleur jusqu\u2019au moment de les servir. Cet \u00e9l\u00e9gant four \u00e0 micro-ondes propose un fini noir classique et une porte vitr\u00e9e cercl\u00e9e d\u2019acier inoxydable, ainsi qu\u2019un \u00e9clairage install\u00e9 sous l\u2019appareil illuminant directement la cuisini\u00e8re. Le filtre du ventilateur est con\u00e7u pour un nettoyage facile et l\u2019astucieux verrou de s\u00e9curit\u00e9 pour les enfants vous assure une tranquillit\u00e9 d\u2019esprit. Ce mod\u00e8le sophistiqu\u00e9 est offert avec une garantie de 12 mois sur les pi\u00e8ces et la main-d\u2019\u0153uvre.\" \/>\n<meta name=\"robots\" content=\"index, follow, max-snippet:-1, max-image-preview:large, max-video-preview:-1\" \/>\n<link rel=\"canonical\" href=\"https:\/\/www.danby.com\/fr\/products\/fours-a-micro-ondes\/dom16a1sdb\/\" \/>\n<meta property=\"og:locale\" content=\"fr_CA\" \/>\n<meta property=\"og:type\" content=\"article\" \/>\n<meta property=\"og:title\" content=\"Danby 1.6 pi3 Fours \u00e0 micro-onde - DOM16A1SDB | Danby Canada\" \/>\n<meta property=\"og:description\" content=\"Dans nombre de cuisines et pour plusieurs utilisateurs, le meilleur endroit o\u00f9 installer un four \u00e0 micro-ondes est au-dessus de la cuisini\u00e8re et c\u2019est exactement ce que vous obtenez avec ce populaire mod\u00e8le Danby. Cet appareil polyvalent offre un g\u00e9n\u00e9reux 1,6 pied cube de surface de cuisson et de r\u00e9chauffage et il dispose d\u2019une puissance de 1000 watts. Il est aussi \u00e9quip\u00e9 d\u2019un ventilateur \u00e0 deux vitesses pour \u00e9liminer efficacement les odeurs et il pr\u00e9sente 10 niveaux de puissance ais\u00e9ment programmables par une simple pression sur un bouton. De plus, ce puissant four \u00e0 micro-ondes comprend quatre fonctions de cuisson monotouche et un dispositif digital d\u2019horloge\/minuterie de pr\u00e9cision. Vos plats favoris seront cuits \u00e0 la perfection, gr\u00e2ce \u00e0 ce mod\u00e8le de qualit\u00e9 sup\u00e9rieure qui vous permet aussi de d\u00e9givrer vos aliments par poids ou par minuterie et aussi de les conserver \u00e0 la chaleur jusqu\u2019au moment de les servir. Cet \u00e9l\u00e9gant four \u00e0 micro-ondes propose un fini noir classique et une porte vitr\u00e9e cercl\u00e9e d\u2019acier inoxydable, ainsi qu\u2019un \u00e9clairage install\u00e9 sous l\u2019appareil illuminant directement la cuisini\u00e8re. Le filtre du ventilateur est con\u00e7u pour un nettoyage facile et l\u2019astucieux verrou de s\u00e9curit\u00e9 pour les enfants vous assure une tranquillit\u00e9 d\u2019esprit. Ce mod\u00e8le sophistiqu\u00e9 est offert avec une garantie de 12 mois sur les pi\u00e8ces et la main-d\u2019\u0153uvre.\" \/>\n<meta property=\"og:url\" content=\"https:\/\/www.danby.com\/fr\/products\/fours-a-micro-ondes\/dom16a1sdb\/\" \/>\n<meta property=\"og:site_name\" content=\"Danby - Canada - French\" \/>\n<meta property=\"article:publisher\" content=\"https:\/\/www.facebook.com\/DanbyAppliances\" \/>\n<meta property=\"article:modified_time\" content=\"2026-04-18T10:08:24+00:00\" \/>\n<meta property=\"og:image\" content=\"https:\/\/cdnweb.danby.com\/wp-content\/uploads\/sites\/2\/2022\/02\/08183208\/proMed-DOM16A1SDB1.jpg\" \/>\n\t<meta property=\"og:image:width\" content=\"300\" \/>\n\t<meta property=\"og:image:height\" content=\"272\" \/>\n\t<meta property=\"og:image:type\" content=\"image\/jpeg\" \/>\n<meta name=\"twitter:card\" content=\"summary_large_image\" \/>\n<meta name=\"twitter:site\" content=\"@DanbyAppliance\" \/>\n<script type=\"application\/ld+json\" class=\"yoast-schema-graph\">{\"@context\":\"https:\/\/schema.org\",\"@graph\":[{\"@type\":[\"WebPage\",\"ItemPage\"],\"url\":\"https:\/\/www.danby.com\/fr\/products\/fours-a-micro-ondes\/dom16a1sdb\/\",\"name\":\"Danby 1.6 pi3 Fours \u00e0 micro-onde - DOM16A1SDB | Danby Canada\",\"isPartOf\":[],\"primaryImageOfPage\":[],\"image\":[],\"thumbnailUrl\":\"https:\/\/cdnweb.danby.com\/wp-content\/uploads\/sites\/2\/2022\/02\/08183208\/proMed-DOM16A1SDB1.jpg\",\"datePublished\":\"2022-02-03T19:19:12+00:00\",\"dateModified\":\"2026-04-18T10:08:24+00:00\",\"description\":\"Dans nombre de cuisines et pour plusieurs utilisateurs, le meilleur endroit o\u00f9 installer un four \u00e0 micro-ondes est au-dessus de la cuisini\u00e8re et c\u2019est exactement ce que vous obtenez avec ce populaire mod\u00e8le Danby. Cet appareil polyvalent offre un g\u00e9n\u00e9reux 1,6 pied cube de surface de cuisson et de r\u00e9chauffage et il dispose d\u2019une puissance de 1000 watts. Il est aussi \u00e9quip\u00e9 d\u2019un ventilateur \u00e0 deux vitesses pour \u00e9liminer efficacement les odeurs et il pr\u00e9sente 10 niveaux de puissance ais\u00e9ment programmables par une simple pression sur un bouton. De plus, ce puissant four \u00e0 micro-ondes comprend quatre fonctions de cuisson monotouche et un dispositif digital d\u2019horloge\/minuterie de pr\u00e9cision. Vos plats favoris seront cuits \u00e0 la perfection, gr\u00e2ce \u00e0 ce mod\u00e8le de qualit\u00e9 sup\u00e9rieure qui vous permet aussi de d\u00e9givrer vos aliments par poids ou par minuterie et aussi de les conserver \u00e0 la chaleur jusqu\u2019au moment de les servir. Cet \u00e9l\u00e9gant four \u00e0 micro-ondes propose un fini noir classique et une porte vitr\u00e9e cercl\u00e9e d\u2019acier inoxydable, ainsi qu\u2019un \u00e9clairage install\u00e9 sous l\u2019appareil illuminant directement la cuisini\u00e8re. Le filtre du ventilateur est con\u00e7u pour un nettoyage facile et l\u2019astucieux verrou de s\u00e9curit\u00e9 pour les enfants vous assure une tranquillit\u00e9 d\u2019esprit. Ce mod\u00e8le sophistiqu\u00e9 est offert avec une garantie de 12 mois sur les pi\u00e8ces et la main-d\u2019\u0153uvre.\",\"breadcrumb\":[],\"inLanguage\":\"fr-CA\",\"potentialAction\":[{\"@type\":\"ReadAction\",\"target\":[\"https:\/\/www.danby.com\/fr\/products\/fours-a-micro-ondes\/dom16a1sdb\/\"]}]},{\"@type\":\"ImageObject\",\"inLanguage\":\"fr-CA\",\"url\":\"https:\/\/cdnweb.danby.com\/wp-content\/uploads\/sites\/2\/2022\/02\/08183208\/proMed-DOM16A1SDB1.jpg\",\"contentUrl\":\"https:\/\/cdnweb.danby.com\/wp-content\/uploads\/sites\/2\/2022\/02\/08183208\/proMed-DOM16A1SDB1.jpg\",\"width\":300,\"height\":272},{\"@type\":\"BreadcrumbList\",\"itemListElement\":[{\"@type\":\"ListItem\",\"position\":1,\"name\":\"Home\",\"item\":\"https:\/\/www.danby.com\/fr\/\"},{\"@type\":\"ListItem\",\"position\":2,\"name\":\"Boutique\",\"item\":\"https:\/\/www.danby.com\/fr\/boutique\/\"},{\"@type\":\"ListItem\",\"position\":3,\"name\":\"Danby 1.6 pi3 Fours \u00e0 micro-onde\"}]},{\"@type\":\"WebSite\",\"url\":\"https:\/\/www.danby.com\/fr\/\",\"name\":\"Danby - Canada - French\",\"description\":\"Leader dans le domaine de la r\u00e9frig\u00e9ration et des appareils sp\u00e9cialis\u00e9s\",\"publisher\":[],\"potentialAction\":[{\"@type\":\"SearchAction\",\"target\":{\"@type\":\"EntryPoint\",\"urlTemplate\":\"https:\/\/www.danby.com\/fr\/?s={search_term_string}\"},\"query-input\":{\"@type\":\"PropertyValueSpecification\",\"valueRequired\":true,\"valueName\":\"search_term_string\"}}],\"inLanguage\":\"fr-CA\"},{\"@type\":\"Organization\",\"name\":\"Danby Appliances\",\"url\":\"https:\/\/www.danby.com\/fr\/\",\"logo\":{\"@type\":\"ImageObject\",\"inLanguage\":\"fr-CA\",\"url\":\"https:\/\/cdnweb.danby.com\/wp-content\/uploads\/sites\/2\/2022\/02\/10141906\/Danby75Ans_Blue.png\",\"contentUrl\":\"https:\/\/cdnweb.danby.com\/wp-content\/uploads\/sites\/2\/2022\/02\/10141906\/Danby75Ans_Blue.png\",\"width\":470,\"height\":110,\"caption\":\"Danby Appliances\"},\"image\":[],\"sameAs\":[\"https:\/\/www.facebook.com\/DanbyAppliances\",\"https:\/\/x.com\/DanbyAppliance\",\"https:\/\/instagram.com\/danbyappliances\/\",\"https:\/\/www.linkedin.com\/company\/danbyappliances\",\"https:\/\/www.pinterest.ca\/danbyappliances\/\",\"https:\/\/www.youtube.com\/user\/DanbyProducts\",\"https:\/\/en.wikipedia.org\/wiki\/Danby_(appliances)\"]}]}<\/script>\n<!-- \/ Yoast SEO plugin. -->","yoast_head_json":{"title":"Danby 1.6 pi3 Fours \u00e0 micro-onde - DOM16A1SDB | Danby Canada","description":"Dans nombre de cuisines et pour plusieurs utilisateurs, le meilleur endroit o\u00f9 installer un four \u00e0 micro-ondes est au-dessus de la cuisini\u00e8re et c\u2019est exactement ce que vous obtenez avec ce populaire mod\u00e8le Danby. Cet appareil polyvalent offre un g\u00e9n\u00e9reux 1,6 pied cube de surface de cuisson et de r\u00e9chauffage et il dispose d\u2019une puissance de 1000 watts. Il est aussi \u00e9quip\u00e9 d\u2019un ventilateur \u00e0 deux vitesses pour \u00e9liminer efficacement les odeurs et il pr\u00e9sente 10 niveaux de puissance ais\u00e9ment programmables par une simple pression sur un bouton. De plus, ce puissant four \u00e0 micro-ondes comprend quatre fonctions de cuisson monotouche et un dispositif digital d\u2019horloge\/minuterie de pr\u00e9cision. Vos plats favoris seront cuits \u00e0 la perfection, gr\u00e2ce \u00e0 ce mod\u00e8le de qualit\u00e9 sup\u00e9rieure qui vous permet aussi de d\u00e9givrer vos aliments par poids ou par minuterie et aussi de les conserver \u00e0 la chaleur jusqu\u2019au moment de les servir. Cet \u00e9l\u00e9gant four \u00e0 micro-ondes propose un fini noir classique et une porte vitr\u00e9e cercl\u00e9e d\u2019acier inoxydable, ainsi qu\u2019un \u00e9clairage install\u00e9 sous l\u2019appareil illuminant directement la cuisini\u00e8re. Le filtre du ventilateur est con\u00e7u pour un nettoyage facile et l\u2019astucieux verrou de s\u00e9curit\u00e9 pour les enfants vous assure une tranquillit\u00e9 d\u2019esprit. Ce mod\u00e8le sophistiqu\u00e9 est offert avec une garantie de 12 mois sur les pi\u00e8ces et la main-d\u2019\u0153uvre.","robots":{"index":"index","follow":"follow","max-snippet":"max-snippet:-1","max-image-preview":"max-image-preview:large","max-video-preview":"max-video-preview:-1"},"canonical":"https:\/\/www.danby.com\/fr\/products\/fours-a-micro-ondes\/dom16a1sdb\/","og_locale":"fr_CA","og_type":"article","og_title":"Danby 1.6 pi3 Fours \u00e0 micro-onde - DOM16A1SDB | Danby Canada","og_description":"Dans nombre de cuisines et pour plusieurs utilisateurs, le meilleur endroit o\u00f9 installer un four \u00e0 micro-ondes est au-dessus de la cuisini\u00e8re et c\u2019est exactement ce que vous obtenez avec ce populaire mod\u00e8le Danby. Cet appareil polyvalent offre un g\u00e9n\u00e9reux 1,6 pied cube de surface de cuisson et de r\u00e9chauffage et il dispose d\u2019une puissance de 1000 watts. Il est aussi \u00e9quip\u00e9 d\u2019un ventilateur \u00e0 deux vitesses pour \u00e9liminer efficacement les odeurs et il pr\u00e9sente 10 niveaux de puissance ais\u00e9ment programmables par une simple pression sur un bouton. De plus, ce puissant four \u00e0 micro-ondes comprend quatre fonctions de cuisson monotouche et un dispositif digital d\u2019horloge\/minuterie de pr\u00e9cision. Vos plats favoris seront cuits \u00e0 la perfection, gr\u00e2ce \u00e0 ce mod\u00e8le de qualit\u00e9 sup\u00e9rieure qui vous permet aussi de d\u00e9givrer vos aliments par poids ou par minuterie et aussi de les conserver \u00e0 la chaleur jusqu\u2019au moment de les servir. Cet \u00e9l\u00e9gant four \u00e0 micro-ondes propose un fini noir classique et une porte vitr\u00e9e cercl\u00e9e d\u2019acier inoxydable, ainsi qu\u2019un \u00e9clairage install\u00e9 sous l\u2019appareil illuminant directement la cuisini\u00e8re. Le filtre du ventilateur est con\u00e7u pour un nettoyage facile et l\u2019astucieux verrou de s\u00e9curit\u00e9 pour les enfants vous assure une tranquillit\u00e9 d\u2019esprit. Ce mod\u00e8le sophistiqu\u00e9 est offert avec une garantie de 12 mois sur les pi\u00e8ces et la main-d\u2019\u0153uvre.","og_url":"https:\/\/www.danby.com\/fr\/products\/fours-a-micro-ondes\/dom16a1sdb\/","og_site_name":"Danby - Canada - French","article_publisher":"https:\/\/www.facebook.com\/DanbyAppliances","article_modified_time":"2026-04-18T10:08:24+00:00","og_image":[{"width":300,"height":272,"url":"https:\/\/cdnweb.danby.com\/wp-content\/uploads\/sites\/2\/2022\/02\/08183208\/proMed-DOM16A1SDB1.jpg","type":"image\/jpeg"}],"twitter_card":"summary_large_image","twitter_site":"@DanbyAppliance","schema":{"@context":"https:\/\/schema.org","@graph":[{"@type":["WebPage","ItemPage"],"url":"https:\/\/www.danby.com\/fr\/products\/fours-a-micro-ondes\/dom16a1sdb\/","name":"Danby 1.6 pi3 Fours \u00e0 micro-onde - DOM16A1SDB | Danby Canada","isPartOf":[],"primaryImageOfPage":[],"image":[],"thumbnailUrl":"https:\/\/cdnweb.danby.com\/wp-content\/uploads\/sites\/2\/2022\/02\/08183208\/proMed-DOM16A1SDB1.jpg","datePublished":"2022-02-03T19:19:12+00:00","dateModified":"2026-04-18T10:08:24+00:00","description":"Dans nombre de cuisines et pour plusieurs utilisateurs, le meilleur endroit o\u00f9 installer un four \u00e0 micro-ondes est au-dessus de la cuisini\u00e8re et c\u2019est exactement ce que vous obtenez avec ce populaire mod\u00e8le Danby. Cet appareil polyvalent offre un g\u00e9n\u00e9reux 1,6 pied cube de surface de cuisson et de r\u00e9chauffage et il dispose d\u2019une puissance de 1000 watts. Il est aussi \u00e9quip\u00e9 d\u2019un ventilateur \u00e0 deux vitesses pour \u00e9liminer efficacement les odeurs et il pr\u00e9sente 10 niveaux de puissance ais\u00e9ment programmables par une simple pression sur un bouton. De plus, ce puissant four \u00e0 micro-ondes comprend quatre fonctions de cuisson monotouche et un dispositif digital d\u2019horloge\/minuterie de pr\u00e9cision. Vos plats favoris seront cuits \u00e0 la perfection, gr\u00e2ce \u00e0 ce mod\u00e8le de qualit\u00e9 sup\u00e9rieure qui vous permet aussi de d\u00e9givrer vos aliments par poids ou par minuterie et aussi de les conserver \u00e0 la chaleur jusqu\u2019au moment de les servir. Cet \u00e9l\u00e9gant four \u00e0 micro-ondes propose un fini noir classique et une porte vitr\u00e9e cercl\u00e9e d\u2019acier inoxydable, ainsi qu\u2019un \u00e9clairage install\u00e9 sous l\u2019appareil illuminant directement la cuisini\u00e8re. Le filtre du ventilateur est con\u00e7u pour un nettoyage facile et l\u2019astucieux verrou de s\u00e9curit\u00e9 pour les enfants vous assure une tranquillit\u00e9 d\u2019esprit. Ce mod\u00e8le sophistiqu\u00e9 est offert avec une garantie de 12 mois sur les pi\u00e8ces et la main-d\u2019\u0153uvre.","breadcrumb":[],"inLanguage":"fr-CA","potentialAction":[{"@type":"ReadAction","target":["https:\/\/www.danby.com\/fr\/products\/fours-a-micro-ondes\/dom16a1sdb\/"]}]},{"@type":"ImageObject","inLanguage":"fr-CA","url":"https:\/\/cdnweb.danby.com\/wp-content\/uploads\/sites\/2\/2022\/02\/08183208\/proMed-DOM16A1SDB1.jpg","contentUrl":"https:\/\/cdnweb.danby.com\/wp-content\/uploads\/sites\/2\/2022\/02\/08183208\/proMed-DOM16A1SDB1.jpg","width":300,"height":272},{"@type":"BreadcrumbList","itemListElement":[{"@type":"ListItem","position":1,"name":"Home","item":"https:\/\/www.danby.com\/fr\/"},{"@type":"ListItem","position":2,"name":"Boutique","item":"https:\/\/www.danby.com\/fr\/boutique\/"},{"@type":"ListItem","position":3,"name":"Danby 1.6 pi3 Fours \u00e0 micro-onde"}]},{"@type":"WebSite","url":"https:\/\/www.danby.com\/fr\/","name":"Danby - Canada - French","description":"Leader dans le domaine de la r\u00e9frig\u00e9ration et des appareils sp\u00e9cialis\u00e9s","publisher":[],"potentialAction":[{"@type":"SearchAction","target":{"@type":"EntryPoint","urlTemplate":"https:\/\/www.danby.com\/fr\/?s={search_term_string}"},"query-input":{"@type":"PropertyValueSpecification","valueRequired":true,"valueName":"search_term_string"}}],"inLanguage":"fr-CA"},{"@type":"Organization","name":"Danby Appliances","url":"https:\/\/www.danby.com\/fr\/","logo":{"@type":"ImageObject","inLanguage":"fr-CA","url":"https:\/\/cdnweb.danby.com\/wp-content\/uploads\/sites\/2\/2022\/02\/10141906\/Danby75Ans_Blue.png","contentUrl":"https:\/\/cdnweb.danby.com\/wp-content\/uploads\/sites\/2\/2022\/02\/10141906\/Danby75Ans_Blue.png","width":470,"height":110,"caption":"Danby Appliances"},"image":[],"sameAs":["https:\/\/www.facebook.com\/DanbyAppliances","https:\/\/x.com\/DanbyAppliance","https:\/\/instagram.com\/danbyappliances\/","https:\/\/www.linkedin.com\/company\/danbyappliances","https:\/\/www.pinterest.ca\/danbyappliances\/","https:\/\/www.youtube.com\/user\/DanbyProducts","https:\/\/en.wikipedia.org\/wiki\/Danby_(appliances)"]}]}},"post_mailing_queue_ids":[],"_links":{"self":[{"href":"https:\/\/www.danby.com\/fr\/wp-json\/wp\/v2\/product\/5065","targetHints":{"allow":["GET"]}}],"collection":[{"href":"https:\/\/www.danby.com\/fr\/wp-json\/wp\/v2\/product"}],"about":[{"href":"https:\/\/www.danby.com\/fr\/wp-json\/wp\/v2\/types\/product"}],"replies":[{"embeddable":true,"href":"https:\/\/www.danby.com\/fr\/wp-json\/wp\/v2\/comments?post=5065"}],"wp:featuredmedia":[{"embeddable":true,"href":"https:\/\/www.danby.com\/fr\/wp-json\/wp\/v2\/media\/6162"}],"wp:attachment":[{"href":"https:\/\/www.danby.com\/fr\/wp-json\/wp\/v2\/media?parent=5065"}],"wp:term":[{"taxonomy":"product_brand","embeddable":true,"href":"https:\/\/www.danby.com\/fr\/wp-json\/wp\/v2\/product_brand?post=5065"},{"taxonomy":"product_cat","embeddable":true,"href":"https:\/\/www.danby.com\/fr\/wp-json\/wp\/v2\/product_cat?post=5065"},{"taxonomy":"product_tag","embeddable":true,"href":"https:\/\/www.danby.com\/fr\/wp-json\/wp\/v2\/product_tag?post=5065"}],"curies":[{"name":"wp","href":"https:\/\/api.w.org\/{rel}","templated":true}]}}