{"id":5040,"date":"2022-02-03T19:18:57","date_gmt":"2022-02-03T19:18:57","guid":{"rendered":"https:\/\/www.danby.com\/fr\/product\/dmw11a4wdb\/"},"modified":"2026-04-15T10:07:24","modified_gmt":"2026-04-15T10:07:24","slug":"dmw11a4wdb","status":"publish","type":"product","link":"https:\/\/www.danby.com\/fr\/products\/fours-a-micro-ondes\/dmw11a4wdb\/","title":{"rendered":"Danby 1.1 pi3 Fours \u00e0 micro-onde"},"content":{"rendered":"","protected":false},"excerpt":{"rendered":"<ul>\n<li>Four \u00e0 micro-ondes spacieux d\u2019une capacit\u00e9 de 30 litres (1,1 pi<sup>3<\/sup>)   <\/li>\n<li>Puissance de cuisson de 1000 watts      <\/li>\n<li>Rev\u00eatement ext\u00e9rieur blanc lustr\u00e9 durable et \u00e9l\u00e9gant      <\/li>\n<li>Surface int\u00e9rieure blanche NettoyageXpress      <\/li>\n<li>Porte \u00e0 bouton-poussoir      <\/li>\n<li>10 niveaux de puissance      <\/li>\n<li>Fonction simple \u00e0 une touche pour cuire le ma\u00efs \u00e0 \u00e9clater      <\/li>\n<li>3 programmes de sp\u00e9cialit\u00e9 (d\u00e9givrage automatique, d\u00e9givrage rapide, r\u00e9chauffage automatique)   <\/li>\n<li>Minuterie\/horloge \u00e0 DEL bleue facile \u00e0 lire      <\/li>\n<li>Option \u00e9conomie d\u2019\u00e9nergie<\/li>\n<\/ul>\n","protected":false},"featured_media":7974,"comment_status":"closed","ping_status":"open","template":"","meta":{"_acf_changed":false},"product_brand":[],"product_cat":[32],"product_tag":[],"class_list":{"0":"post-5040","1":"product","2":"type-product","3":"status-publish","4":"has-post-thumbnail","6":"product_cat-fours-a-micro-ondes","8":"first","9":"outofstock","10":"taxable","11":"shipping-taxable","12":"product-type-simple"},"acf":[],"yoast_head":"<!-- This site is optimized with the Yoast SEO plugin v26.7 - https:\/\/yoast.com\/wordpress\/plugins\/seo\/ -->\n<title>Danby 1.1 pi3 Fours \u00e0 micro-onde - DMW11A4WDB | Danby Canada<\/title>\n<meta name=\"description\" content=\"Voici Nouveau Wave (Nouvelle Vague)\u00a0: une collection de fours \u00e0 micro-ondes exclusive \u00e0 Danby. Inspir\u00e9e du style minimaliste des ann\u00e9es 50, la conception de cette collection de fours \u00e0 micro-ondes vise non seulement \u00e0 mettre en valeur votre cuisine mais aussi \u00e0 parfaire vos talents culinaires. Ce mod\u00e8le comporte une g\u00e9n\u00e9reuse surface de cuisson et de r\u00e9chauffage de 30 litres (1,1 pi3), ainsi qu\u2019une puissance maximale de 1000 watts. Il se caract\u00e9rise par un fini int\u00e9rieur blanc durable et de style intemporel, ainsi que par une surface ext\u00e9rieure au fini blanc lustr\u00e9, ce qui lui permet de s\u2019agencer avec bonheur \u00e0 n\u2019importe quel d\u00e9cor existant. L\u2019entretien de ce four \u00e0 micro-ondes n\u2019est qu\u2019un jeu d\u2019enfant gr\u00e2ce \u00e0 son int\u00e9rieur NettoyageXpress et la fonction bouton-\u00e9colo permet de m\u00e9nager l\u2019\u00e9lectricit\u00e9, en abaissant la consommation \u00e9lectrique globale \u00e0 moins de 1 watt, lorsque le four \u00e0 micro-ondes n\u2019est pas utilis\u00e9. Son panneau de commande \u00e9pur\u00e9 n\u2019affiche que ce dont vous avez vraiment besoin, incluant deux options de d\u00e9givrage, une de r\u00e9chauffage automatique et les niveaux de puissance, ainsi qu\u2019une fonctionnalit\u00e9 chrono-r\u00e9gul\u00e9e pour cuire le ma\u00efs \u00e0 \u00e9clater, dont il est permis de croire qu\u2018elle est la meilleure, car elle est con\u00e7ue pour faire \u00e9clater chaque grain \u00e0 la perfection. Les commandes \u00e9lectroniques \u00e0 la fine pointe de la technologie sont ais\u00e9ment programmables et contr\u00f4lables, gr\u00e2ce \u00e0 l\u2019unit\u00e9 minuterie et horloge \u00e0 DEL bleue facile \u00e0 lire. Ce four \u00e0 micro-ondes de haute qualit\u00e9 est aussi muni d\u2019une garantie de 12 mois couvrant les pi\u00e8ces et la main-d\u2019\u0153uvre.\" \/>\n<meta name=\"robots\" content=\"index, follow, max-snippet:-1, max-image-preview:large, max-video-preview:-1\" \/>\n<link rel=\"canonical\" href=\"https:\/\/www.danby.com\/fr\/products\/fours-a-micro-ondes\/dmw11a4wdb\/\" \/>\n<meta property=\"og:locale\" content=\"fr_CA\" \/>\n<meta property=\"og:type\" content=\"article\" \/>\n<meta property=\"og:title\" content=\"Danby 1.1 pi3 Fours \u00e0 micro-onde - DMW11A4WDB | Danby Canada\" \/>\n<meta property=\"og:description\" content=\"Voici Nouveau Wave (Nouvelle Vague)\u00a0: une collection de fours \u00e0 micro-ondes exclusive \u00e0 Danby. Inspir\u00e9e du style minimaliste des ann\u00e9es 50, la conception de cette collection de fours \u00e0 micro-ondes vise non seulement \u00e0 mettre en valeur votre cuisine mais aussi \u00e0 parfaire vos talents culinaires. Ce mod\u00e8le comporte une g\u00e9n\u00e9reuse surface de cuisson et de r\u00e9chauffage de 30 litres (1,1 pi3), ainsi qu\u2019une puissance maximale de 1000 watts. Il se caract\u00e9rise par un fini int\u00e9rieur blanc durable et de style intemporel, ainsi que par une surface ext\u00e9rieure au fini blanc lustr\u00e9, ce qui lui permet de s\u2019agencer avec bonheur \u00e0 n\u2019importe quel d\u00e9cor existant. L\u2019entretien de ce four \u00e0 micro-ondes n\u2019est qu\u2019un jeu d\u2019enfant gr\u00e2ce \u00e0 son int\u00e9rieur NettoyageXpress et la fonction bouton-\u00e9colo permet de m\u00e9nager l\u2019\u00e9lectricit\u00e9, en abaissant la consommation \u00e9lectrique globale \u00e0 moins de 1 watt, lorsque le four \u00e0 micro-ondes n\u2019est pas utilis\u00e9. Son panneau de commande \u00e9pur\u00e9 n\u2019affiche que ce dont vous avez vraiment besoin, incluant deux options de d\u00e9givrage, une de r\u00e9chauffage automatique et les niveaux de puissance, ainsi qu\u2019une fonctionnalit\u00e9 chrono-r\u00e9gul\u00e9e pour cuire le ma\u00efs \u00e0 \u00e9clater, dont il est permis de croire qu\u2018elle est la meilleure, car elle est con\u00e7ue pour faire \u00e9clater chaque grain \u00e0 la perfection. Les commandes \u00e9lectroniques \u00e0 la fine pointe de la technologie sont ais\u00e9ment programmables et contr\u00f4lables, gr\u00e2ce \u00e0 l\u2019unit\u00e9 minuterie et horloge \u00e0 DEL bleue facile \u00e0 lire. Ce four \u00e0 micro-ondes de haute qualit\u00e9 est aussi muni d\u2019une garantie de 12 mois couvrant les pi\u00e8ces et la main-d\u2019\u0153uvre.\" \/>\n<meta property=\"og:url\" content=\"https:\/\/www.danby.com\/fr\/products\/fours-a-micro-ondes\/dmw11a4wdb\/\" \/>\n<meta property=\"og:site_name\" content=\"Danby - Canada - French\" \/>\n<meta property=\"article:publisher\" content=\"https:\/\/www.facebook.com\/DanbyAppliances\" \/>\n<meta property=\"article:modified_time\" content=\"2026-04-15T10:07:24+00:00\" \/>\n<meta property=\"og:image\" content=\"https:\/\/cdnweb.danby.com\/wp-content\/uploads\/sites\/2\/2022\/02\/08200957\/DMW11A4WDB_Right3-scaled-1.jpg\" \/>\n\t<meta property=\"og:image:width\" content=\"2560\" \/>\n\t<meta property=\"og:image:height\" content=\"1386\" \/>\n\t<meta property=\"og:image:type\" content=\"image\/jpeg\" \/>\n<meta name=\"twitter:card\" content=\"summary_large_image\" \/>\n<meta name=\"twitter:site\" content=\"@DanbyAppliance\" \/>\n<script type=\"application\/ld+json\" class=\"yoast-schema-graph\">{\"@context\":\"https:\/\/schema.org\",\"@graph\":[{\"@type\":[\"WebPage\",\"ItemPage\"],\"url\":\"https:\/\/www.danby.com\/fr\/products\/fours-a-micro-ondes\/dmw11a4wdb\/\",\"name\":\"Danby 1.1 pi3 Fours \u00e0 micro-onde - DMW11A4WDB | Danby Canada\",\"isPartOf\":[],\"primaryImageOfPage\":[],\"image\":[],\"thumbnailUrl\":\"https:\/\/cdnweb.danby.com\/wp-content\/uploads\/sites\/2\/2022\/02\/08200957\/DMW11A4WDB_Right3-scaled-1.jpg\",\"datePublished\":\"2022-02-03T19:18:57+00:00\",\"dateModified\":\"2026-04-15T10:07:24+00:00\",\"description\":\"Voici Nouveau Wave (Nouvelle Vague)\u00a0: une collection de fours \u00e0 micro-ondes exclusive \u00e0 Danby. Inspir\u00e9e du style minimaliste des ann\u00e9es 50, la conception de cette collection de fours \u00e0 micro-ondes vise non seulement \u00e0 mettre en valeur votre cuisine mais aussi \u00e0 parfaire vos talents culinaires. Ce mod\u00e8le comporte une g\u00e9n\u00e9reuse surface de cuisson et de r\u00e9chauffage de 30 litres (1,1 pi3), ainsi qu\u2019une puissance maximale de 1000 watts. Il se caract\u00e9rise par un fini int\u00e9rieur blanc durable et de style intemporel, ainsi que par une surface ext\u00e9rieure au fini blanc lustr\u00e9, ce qui lui permet de s\u2019agencer avec bonheur \u00e0 n\u2019importe quel d\u00e9cor existant. L\u2019entretien de ce four \u00e0 micro-ondes n\u2019est qu\u2019un jeu d\u2019enfant gr\u00e2ce \u00e0 son int\u00e9rieur NettoyageXpress et la fonction bouton-\u00e9colo permet de m\u00e9nager l\u2019\u00e9lectricit\u00e9, en abaissant la consommation \u00e9lectrique globale \u00e0 moins de 1 watt, lorsque le four \u00e0 micro-ondes n\u2019est pas utilis\u00e9. Son panneau de commande \u00e9pur\u00e9 n\u2019affiche que ce dont vous avez vraiment besoin, incluant deux options de d\u00e9givrage, une de r\u00e9chauffage automatique et les niveaux de puissance, ainsi qu\u2019une fonctionnalit\u00e9 chrono-r\u00e9gul\u00e9e pour cuire le ma\u00efs \u00e0 \u00e9clater, dont il est permis de croire qu\u2018elle est la meilleure, car elle est con\u00e7ue pour faire \u00e9clater chaque grain \u00e0 la perfection. Les commandes \u00e9lectroniques \u00e0 la fine pointe de la technologie sont ais\u00e9ment programmables et contr\u00f4lables, gr\u00e2ce \u00e0 l\u2019unit\u00e9 minuterie et horloge \u00e0 DEL bleue facile \u00e0 lire. Ce four \u00e0 micro-ondes de haute qualit\u00e9 est aussi muni d\u2019une garantie de 12 mois couvrant les pi\u00e8ces et la main-d\u2019\u0153uvre.\",\"breadcrumb\":[],\"inLanguage\":\"fr-CA\",\"potentialAction\":[{\"@type\":\"ReadAction\",\"target\":[\"https:\/\/www.danby.com\/fr\/products\/fours-a-micro-ondes\/dmw11a4wdb\/\"]}]},{\"@type\":\"ImageObject\",\"inLanguage\":\"fr-CA\",\"url\":\"https:\/\/cdnweb.danby.com\/wp-content\/uploads\/sites\/2\/2022\/02\/08200957\/DMW11A4WDB_Right3-scaled-1.jpg\",\"contentUrl\":\"https:\/\/cdnweb.danby.com\/wp-content\/uploads\/sites\/2\/2022\/02\/08200957\/DMW11A4WDB_Right3-scaled-1.jpg\",\"width\":2560,\"height\":1386},{\"@type\":\"BreadcrumbList\",\"itemListElement\":[{\"@type\":\"ListItem\",\"position\":1,\"name\":\"Home\",\"item\":\"https:\/\/www.danby.com\/fr\/\"},{\"@type\":\"ListItem\",\"position\":2,\"name\":\"Boutique\",\"item\":\"https:\/\/www.danby.com\/fr\/boutique\/\"},{\"@type\":\"ListItem\",\"position\":3,\"name\":\"Danby 1.1 pi3 Fours \u00e0 micro-onde\"}]},{\"@type\":\"WebSite\",\"url\":\"https:\/\/www.danby.com\/fr\/\",\"name\":\"Danby - Canada - French\",\"description\":\"Leader dans le domaine de la r\u00e9frig\u00e9ration et des appareils sp\u00e9cialis\u00e9s\",\"publisher\":[],\"potentialAction\":[{\"@type\":\"SearchAction\",\"target\":{\"@type\":\"EntryPoint\",\"urlTemplate\":\"https:\/\/www.danby.com\/fr\/?s={search_term_string}\"},\"query-input\":{\"@type\":\"PropertyValueSpecification\",\"valueRequired\":true,\"valueName\":\"search_term_string\"}}],\"inLanguage\":\"fr-CA\"},{\"@type\":\"Organization\",\"name\":\"Danby Appliances\",\"url\":\"https:\/\/www.danby.com\/fr\/\",\"logo\":{\"@type\":\"ImageObject\",\"inLanguage\":\"fr-CA\",\"url\":\"https:\/\/cdnweb.danby.com\/wp-content\/uploads\/sites\/2\/2022\/02\/10141906\/Danby75Ans_Blue.png\",\"contentUrl\":\"https:\/\/cdnweb.danby.com\/wp-content\/uploads\/sites\/2\/2022\/02\/10141906\/Danby75Ans_Blue.png\",\"width\":470,\"height\":110,\"caption\":\"Danby Appliances\"},\"image\":[],\"sameAs\":[\"https:\/\/www.facebook.com\/DanbyAppliances\",\"https:\/\/x.com\/DanbyAppliance\",\"https:\/\/instagram.com\/danbyappliances\/\",\"https:\/\/www.linkedin.com\/company\/danbyappliances\",\"https:\/\/www.pinterest.ca\/danbyappliances\/\",\"https:\/\/www.youtube.com\/user\/DanbyProducts\",\"https:\/\/en.wikipedia.org\/wiki\/Danby_(appliances)\"]}]}<\/script>\n<!-- \/ Yoast SEO plugin. -->","yoast_head_json":{"title":"Danby 1.1 pi3 Fours \u00e0 micro-onde - DMW11A4WDB | Danby Canada","description":"Voici Nouveau Wave (Nouvelle Vague)\u00a0: une collection de fours \u00e0 micro-ondes exclusive \u00e0 Danby. Inspir\u00e9e du style minimaliste des ann\u00e9es 50, la conception de cette collection de fours \u00e0 micro-ondes vise non seulement \u00e0 mettre en valeur votre cuisine mais aussi \u00e0 parfaire vos talents culinaires. Ce mod\u00e8le comporte une g\u00e9n\u00e9reuse surface de cuisson et de r\u00e9chauffage de 30 litres (1,1 pi3), ainsi qu\u2019une puissance maximale de 1000 watts. Il se caract\u00e9rise par un fini int\u00e9rieur blanc durable et de style intemporel, ainsi que par une surface ext\u00e9rieure au fini blanc lustr\u00e9, ce qui lui permet de s\u2019agencer avec bonheur \u00e0 n\u2019importe quel d\u00e9cor existant. L\u2019entretien de ce four \u00e0 micro-ondes n\u2019est qu\u2019un jeu d\u2019enfant gr\u00e2ce \u00e0 son int\u00e9rieur NettoyageXpress et la fonction bouton-\u00e9colo permet de m\u00e9nager l\u2019\u00e9lectricit\u00e9, en abaissant la consommation \u00e9lectrique globale \u00e0 moins de 1 watt, lorsque le four \u00e0 micro-ondes n\u2019est pas utilis\u00e9. Son panneau de commande \u00e9pur\u00e9 n\u2019affiche que ce dont vous avez vraiment besoin, incluant deux options de d\u00e9givrage, une de r\u00e9chauffage automatique et les niveaux de puissance, ainsi qu\u2019une fonctionnalit\u00e9 chrono-r\u00e9gul\u00e9e pour cuire le ma\u00efs \u00e0 \u00e9clater, dont il est permis de croire qu\u2018elle est la meilleure, car elle est con\u00e7ue pour faire \u00e9clater chaque grain \u00e0 la perfection. Les commandes \u00e9lectroniques \u00e0 la fine pointe de la technologie sont ais\u00e9ment programmables et contr\u00f4lables, gr\u00e2ce \u00e0 l\u2019unit\u00e9 minuterie et horloge \u00e0 DEL bleue facile \u00e0 lire. Ce four \u00e0 micro-ondes de haute qualit\u00e9 est aussi muni d\u2019une garantie de 12 mois couvrant les pi\u00e8ces et la main-d\u2019\u0153uvre.","robots":{"index":"index","follow":"follow","max-snippet":"max-snippet:-1","max-image-preview":"max-image-preview:large","max-video-preview":"max-video-preview:-1"},"canonical":"https:\/\/www.danby.com\/fr\/products\/fours-a-micro-ondes\/dmw11a4wdb\/","og_locale":"fr_CA","og_type":"article","og_title":"Danby 1.1 pi3 Fours \u00e0 micro-onde - DMW11A4WDB | Danby Canada","og_description":"Voici Nouveau Wave (Nouvelle Vague)\u00a0: une collection de fours \u00e0 micro-ondes exclusive \u00e0 Danby. Inspir\u00e9e du style minimaliste des ann\u00e9es 50, la conception de cette collection de fours \u00e0 micro-ondes vise non seulement \u00e0 mettre en valeur votre cuisine mais aussi \u00e0 parfaire vos talents culinaires. Ce mod\u00e8le comporte une g\u00e9n\u00e9reuse surface de cuisson et de r\u00e9chauffage de 30 litres (1,1 pi3), ainsi qu\u2019une puissance maximale de 1000 watts. Il se caract\u00e9rise par un fini int\u00e9rieur blanc durable et de style intemporel, ainsi que par une surface ext\u00e9rieure au fini blanc lustr\u00e9, ce qui lui permet de s\u2019agencer avec bonheur \u00e0 n\u2019importe quel d\u00e9cor existant. L\u2019entretien de ce four \u00e0 micro-ondes n\u2019est qu\u2019un jeu d\u2019enfant gr\u00e2ce \u00e0 son int\u00e9rieur NettoyageXpress et la fonction bouton-\u00e9colo permet de m\u00e9nager l\u2019\u00e9lectricit\u00e9, en abaissant la consommation \u00e9lectrique globale \u00e0 moins de 1 watt, lorsque le four \u00e0 micro-ondes n\u2019est pas utilis\u00e9. Son panneau de commande \u00e9pur\u00e9 n\u2019affiche que ce dont vous avez vraiment besoin, incluant deux options de d\u00e9givrage, une de r\u00e9chauffage automatique et les niveaux de puissance, ainsi qu\u2019une fonctionnalit\u00e9 chrono-r\u00e9gul\u00e9e pour cuire le ma\u00efs \u00e0 \u00e9clater, dont il est permis de croire qu\u2018elle est la meilleure, car elle est con\u00e7ue pour faire \u00e9clater chaque grain \u00e0 la perfection. Les commandes \u00e9lectroniques \u00e0 la fine pointe de la technologie sont ais\u00e9ment programmables et contr\u00f4lables, gr\u00e2ce \u00e0 l\u2019unit\u00e9 minuterie et horloge \u00e0 DEL bleue facile \u00e0 lire. Ce four \u00e0 micro-ondes de haute qualit\u00e9 est aussi muni d\u2019une garantie de 12 mois couvrant les pi\u00e8ces et la main-d\u2019\u0153uvre.","og_url":"https:\/\/www.danby.com\/fr\/products\/fours-a-micro-ondes\/dmw11a4wdb\/","og_site_name":"Danby - Canada - French","article_publisher":"https:\/\/www.facebook.com\/DanbyAppliances","article_modified_time":"2026-04-15T10:07:24+00:00","og_image":[{"width":2560,"height":1386,"url":"https:\/\/cdnweb.danby.com\/wp-content\/uploads\/sites\/2\/2022\/02\/08200957\/DMW11A4WDB_Right3-scaled-1.jpg","type":"image\/jpeg"}],"twitter_card":"summary_large_image","twitter_site":"@DanbyAppliance","schema":{"@context":"https:\/\/schema.org","@graph":[{"@type":["WebPage","ItemPage"],"url":"https:\/\/www.danby.com\/fr\/products\/fours-a-micro-ondes\/dmw11a4wdb\/","name":"Danby 1.1 pi3 Fours \u00e0 micro-onde - DMW11A4WDB | Danby Canada","isPartOf":[],"primaryImageOfPage":[],"image":[],"thumbnailUrl":"https:\/\/cdnweb.danby.com\/wp-content\/uploads\/sites\/2\/2022\/02\/08200957\/DMW11A4WDB_Right3-scaled-1.jpg","datePublished":"2022-02-03T19:18:57+00:00","dateModified":"2026-04-15T10:07:24+00:00","description":"Voici Nouveau Wave (Nouvelle Vague)\u00a0: une collection de fours \u00e0 micro-ondes exclusive \u00e0 Danby. Inspir\u00e9e du style minimaliste des ann\u00e9es 50, la conception de cette collection de fours \u00e0 micro-ondes vise non seulement \u00e0 mettre en valeur votre cuisine mais aussi \u00e0 parfaire vos talents culinaires. Ce mod\u00e8le comporte une g\u00e9n\u00e9reuse surface de cuisson et de r\u00e9chauffage de 30 litres (1,1 pi3), ainsi qu\u2019une puissance maximale de 1000 watts. Il se caract\u00e9rise par un fini int\u00e9rieur blanc durable et de style intemporel, ainsi que par une surface ext\u00e9rieure au fini blanc lustr\u00e9, ce qui lui permet de s\u2019agencer avec bonheur \u00e0 n\u2019importe quel d\u00e9cor existant. L\u2019entretien de ce four \u00e0 micro-ondes n\u2019est qu\u2019un jeu d\u2019enfant gr\u00e2ce \u00e0 son int\u00e9rieur NettoyageXpress et la fonction bouton-\u00e9colo permet de m\u00e9nager l\u2019\u00e9lectricit\u00e9, en abaissant la consommation \u00e9lectrique globale \u00e0 moins de 1 watt, lorsque le four \u00e0 micro-ondes n\u2019est pas utilis\u00e9. Son panneau de commande \u00e9pur\u00e9 n\u2019affiche que ce dont vous avez vraiment besoin, incluant deux options de d\u00e9givrage, une de r\u00e9chauffage automatique et les niveaux de puissance, ainsi qu\u2019une fonctionnalit\u00e9 chrono-r\u00e9gul\u00e9e pour cuire le ma\u00efs \u00e0 \u00e9clater, dont il est permis de croire qu\u2018elle est la meilleure, car elle est con\u00e7ue pour faire \u00e9clater chaque grain \u00e0 la perfection. Les commandes \u00e9lectroniques \u00e0 la fine pointe de la technologie sont ais\u00e9ment programmables et contr\u00f4lables, gr\u00e2ce \u00e0 l\u2019unit\u00e9 minuterie et horloge \u00e0 DEL bleue facile \u00e0 lire. Ce four \u00e0 micro-ondes de haute qualit\u00e9 est aussi muni d\u2019une garantie de 12 mois couvrant les pi\u00e8ces et la main-d\u2019\u0153uvre.","breadcrumb":[],"inLanguage":"fr-CA","potentialAction":[{"@type":"ReadAction","target":["https:\/\/www.danby.com\/fr\/products\/fours-a-micro-ondes\/dmw11a4wdb\/"]}]},{"@type":"ImageObject","inLanguage":"fr-CA","url":"https:\/\/cdnweb.danby.com\/wp-content\/uploads\/sites\/2\/2022\/02\/08200957\/DMW11A4WDB_Right3-scaled-1.jpg","contentUrl":"https:\/\/cdnweb.danby.com\/wp-content\/uploads\/sites\/2\/2022\/02\/08200957\/DMW11A4WDB_Right3-scaled-1.jpg","width":2560,"height":1386},{"@type":"BreadcrumbList","itemListElement":[{"@type":"ListItem","position":1,"name":"Home","item":"https:\/\/www.danby.com\/fr\/"},{"@type":"ListItem","position":2,"name":"Boutique","item":"https:\/\/www.danby.com\/fr\/boutique\/"},{"@type":"ListItem","position":3,"name":"Danby 1.1 pi3 Fours \u00e0 micro-onde"}]},{"@type":"WebSite","url":"https:\/\/www.danby.com\/fr\/","name":"Danby - Canada - French","description":"Leader dans le domaine de la r\u00e9frig\u00e9ration et des appareils sp\u00e9cialis\u00e9s","publisher":[],"potentialAction":[{"@type":"SearchAction","target":{"@type":"EntryPoint","urlTemplate":"https:\/\/www.danby.com\/fr\/?s={search_term_string}"},"query-input":{"@type":"PropertyValueSpecification","valueRequired":true,"valueName":"search_term_string"}}],"inLanguage":"fr-CA"},{"@type":"Organization","name":"Danby Appliances","url":"https:\/\/www.danby.com\/fr\/","logo":{"@type":"ImageObject","inLanguage":"fr-CA","url":"https:\/\/cdnweb.danby.com\/wp-content\/uploads\/sites\/2\/2022\/02\/10141906\/Danby75Ans_Blue.png","contentUrl":"https:\/\/cdnweb.danby.com\/wp-content\/uploads\/sites\/2\/2022\/02\/10141906\/Danby75Ans_Blue.png","width":470,"height":110,"caption":"Danby Appliances"},"image":[],"sameAs":["https:\/\/www.facebook.com\/DanbyAppliances","https:\/\/x.com\/DanbyAppliance","https:\/\/instagram.com\/danbyappliances\/","https:\/\/www.linkedin.com\/company\/danbyappliances","https:\/\/www.pinterest.ca\/danbyappliances\/","https:\/\/www.youtube.com\/user\/DanbyProducts","https:\/\/en.wikipedia.org\/wiki\/Danby_(appliances)"]}]}},"post_mailing_queue_ids":[],"_links":{"self":[{"href":"https:\/\/www.danby.com\/fr\/wp-json\/wp\/v2\/product\/5040","targetHints":{"allow":["GET"]}}],"collection":[{"href":"https:\/\/www.danby.com\/fr\/wp-json\/wp\/v2\/product"}],"about":[{"href":"https:\/\/www.danby.com\/fr\/wp-json\/wp\/v2\/types\/product"}],"replies":[{"embeddable":true,"href":"https:\/\/www.danby.com\/fr\/wp-json\/wp\/v2\/comments?post=5040"}],"wp:featuredmedia":[{"embeddable":true,"href":"https:\/\/www.danby.com\/fr\/wp-json\/wp\/v2\/media\/7974"}],"wp:attachment":[{"href":"https:\/\/www.danby.com\/fr\/wp-json\/wp\/v2\/media?parent=5040"}],"wp:term":[{"taxonomy":"product_brand","embeddable":true,"href":"https:\/\/www.danby.com\/fr\/wp-json\/wp\/v2\/product_brand?post=5040"},{"taxonomy":"product_cat","embeddable":true,"href":"https:\/\/www.danby.com\/fr\/wp-json\/wp\/v2\/product_cat?post=5040"},{"taxonomy":"product_tag","embeddable":true,"href":"https:\/\/www.danby.com\/fr\/wp-json\/wp\/v2\/product_tag?post=5040"}],"curies":[{"name":"wp","href":"https:\/\/api.w.org\/{rel}","templated":true}]}}