{"id":5031,"date":"2022-02-03T19:18:42","date_gmt":"2022-02-03T19:18:42","guid":{"rendered":"https:\/\/www.danby.com\/fr\/product\/dmw111kssdd\/"},"modified":"2026-04-08T10:07:13","modified_gmt":"2026-04-08T10:07:13","slug":"dmw111kssdd","status":"publish","type":"product","link":"https:\/\/www.danby.com\/fr\/products\/fours-a-micro-ondes\/dmw111kssdd\/","title":{"rendered":"Micro-ondes de comptoir Danby de 1,1 pi3 en acier inoxydable"},"content":{"rendered":"","protected":false},"excerpt":{"rendered":"<ul>\n<li>Capacit\u00e9 de 1,1 pi3, 1000 watts 10 niveaux de puissance<\/li>\n<li>6 options pratiques de cuisson automatique : popcorn, pomme de terre, pizza, l\u00e9gumes surgel\u00e9s, boisson, assiette creuse.<\/li>\n<li>Boutons de cuisson express : 1-6 minutes<\/li>\n<li>Ajouter 30 secondes : ajoutez 30 secondes au temps de cuisson.<\/li>\n<li>Options de d\u00e9cong\u00e9lation automatique : d\u00e9cong\u00e9lation par temps ou par poids.<\/li>\n<li>Temps de cuisson : cuire selon le temps de cuisson souhait\u00e9<\/li>\n<li>Option de verrouillage des enfants\/de la commande : verrouillez le panneau de commande en appuyant sur STOP pendant 3 secondes.<\/li>\n<li>Platine en verre de 12,4 pouces<\/li>\n<li>Longueur du cordon : 38 3\/8&#8243;.<\/li>\n<\/ul>\n","protected":false},"featured_media":22778,"comment_status":"closed","ping_status":"open","template":"","meta":{"_acf_changed":false},"product_brand":[],"product_cat":[32],"product_tag":[],"class_list":{"0":"post-5031","1":"product","2":"type-product","3":"status-publish","4":"has-post-thumbnail","6":"product_cat-fours-a-micro-ondes","7":"pa_capacite-pi3-1-1","8":"pa_couleur-stainless-steel","9":"pa_duree-de-la-garantie-en-mois-1170","11":"first","12":"outofstock","13":"taxable","14":"shipping-taxable","15":"purchasable","16":"product-type-simple"},"acf":[],"yoast_head":"<!-- This site is optimized with the Yoast SEO plugin v26.7 - https:\/\/yoast.com\/wordpress\/plugins\/seo\/ -->\n<title>Micro-ondes de comptoir Danby de 1,1 pi3 en acier inoxydable - DMW111KSSDD | Danby Canada<\/title>\n<meta name=\"description\" content=\"Le four \u00e0 micro-ondes de taille moyenne de qualit\u00e9 sup\u00e9rieure de Danby Desginer se distingue par son rendement sup\u00e9rieur, son c\u00f4t\u00e9 pratique et sa fiabilit\u00e9. Cet appareil spacieux offre une surface de cuisson interne de 1,1 pied cube (30 L) et une puissance maximale de 1000 watts. L&#039;int\u00e9rieur et l&#039;ext\u00e9rieur en acier inoxydable, durables et attrayants, en font l&#039;appareil id\u00e9al \u00e0 combiner avec n&#039;importe quel style de d\u00e9cor existant. Les options de cuisson \u00e0 touche unique, faciles \u00e0 utiliser, sont con\u00e7ues pour six des modes les plus populaires, notamment pop-corn, pomme de terre, pizza, l\u00e9gumes surgel\u00e9s, boisson et assiette. Profitez de trois r\u00e9glages de programmes sp\u00e9ciaux : cuisson diff\u00e9r\u00e9e, d\u00e9cong\u00e9lation diff\u00e9r\u00e9e et d\u00e9cong\u00e9lation par poids. En outre, il est dot\u00e9 de dix niveaux de puissance uniques pour garantir une cuisson parfaite de vos aliments pr\u00e9f\u00e9r\u00e9s. La cuisson au micro-ondes n&#039;a jamais \u00e9t\u00e9 aussi facile et agr\u00e9able gr\u00e2ce aux commandes \u00e9lectroniques du four et \u00e0 la minuterie et \u00e0 l&#039;unit\u00e9 DEL faciles \u00e0 lire.\" \/>\n<meta name=\"robots\" content=\"index, follow, max-snippet:-1, max-image-preview:large, max-video-preview:-1\" \/>\n<link rel=\"canonical\" href=\"https:\/\/www.danby.com\/fr\/products\/fours-a-micro-ondes\/dmw111kssdd\/\" \/>\n<meta property=\"og:locale\" content=\"fr_CA\" \/>\n<meta property=\"og:type\" content=\"article\" \/>\n<meta property=\"og:title\" content=\"Micro-ondes de comptoir Danby de 1,1 pi3 en acier inoxydable - DMW111KSSDD | Danby Canada\" \/>\n<meta property=\"og:description\" content=\"Le four \u00e0 micro-ondes de taille moyenne de qualit\u00e9 sup\u00e9rieure de Danby Desginer se distingue par son rendement sup\u00e9rieur, son c\u00f4t\u00e9 pratique et sa fiabilit\u00e9. Cet appareil spacieux offre une surface de cuisson interne de 1,1 pied cube (30 L) et une puissance maximale de 1000 watts. L&#039;int\u00e9rieur et l&#039;ext\u00e9rieur en acier inoxydable, durables et attrayants, en font l&#039;appareil id\u00e9al \u00e0 combiner avec n&#039;importe quel style de d\u00e9cor existant. Les options de cuisson \u00e0 touche unique, faciles \u00e0 utiliser, sont con\u00e7ues pour six des modes les plus populaires, notamment pop-corn, pomme de terre, pizza, l\u00e9gumes surgel\u00e9s, boisson et assiette. Profitez de trois r\u00e9glages de programmes sp\u00e9ciaux : cuisson diff\u00e9r\u00e9e, d\u00e9cong\u00e9lation diff\u00e9r\u00e9e et d\u00e9cong\u00e9lation par poids. En outre, il est dot\u00e9 de dix niveaux de puissance uniques pour garantir une cuisson parfaite de vos aliments pr\u00e9f\u00e9r\u00e9s. La cuisson au micro-ondes n&#039;a jamais \u00e9t\u00e9 aussi facile et agr\u00e9able gr\u00e2ce aux commandes \u00e9lectroniques du four et \u00e0 la minuterie et \u00e0 l&#039;unit\u00e9 DEL faciles \u00e0 lire.\" \/>\n<meta property=\"og:url\" content=\"https:\/\/www.danby.com\/fr\/products\/fours-a-micro-ondes\/dmw111kssdd\/\" \/>\n<meta property=\"og:site_name\" content=\"Danby - Canada - French\" \/>\n<meta property=\"article:publisher\" content=\"https:\/\/www.facebook.com\/DanbyAppliances\" \/>\n<meta property=\"article:modified_time\" content=\"2026-04-08T10:07:13+00:00\" \/>\n<meta property=\"og:image\" content=\"https:\/\/cdnweb.danby.com\/wp-content\/uploads\/sites\/2\/2023\/05\/30141110\/DMW111KSSDD_front.jpg\" \/>\n\t<meta property=\"og:image:width\" content=\"900\" \/>\n\t<meta property=\"og:image:height\" content=\"1200\" \/>\n\t<meta property=\"og:image:type\" content=\"image\/jpeg\" \/>\n<meta name=\"twitter:card\" content=\"summary_large_image\" \/>\n<meta name=\"twitter:site\" content=\"@DanbyAppliance\" \/>\n<script type=\"application\/ld+json\" class=\"yoast-schema-graph\">{\"@context\":\"https:\/\/schema.org\",\"@graph\":[{\"@type\":[\"WebPage\",\"ItemPage\"],\"url\":\"https:\/\/www.danby.com\/fr\/products\/fours-a-micro-ondes\/dmw111kssdd\/\",\"name\":\"Micro-ondes de comptoir Danby de 1,1 pi3 en acier inoxydable - DMW111KSSDD | Danby Canada\",\"isPartOf\":[],\"primaryImageOfPage\":[],\"image\":[],\"thumbnailUrl\":\"https:\/\/cdnweb.danby.com\/wp-content\/uploads\/sites\/2\/2023\/05\/30141110\/DMW111KSSDD_front.jpg\",\"datePublished\":\"2022-02-03T19:18:42+00:00\",\"dateModified\":\"2026-04-08T10:07:13+00:00\",\"description\":\"Le four \u00e0 micro-ondes de taille moyenne de qualit\u00e9 sup\u00e9rieure de Danby Desginer se distingue par son rendement sup\u00e9rieur, son c\u00f4t\u00e9 pratique et sa fiabilit\u00e9. Cet appareil spacieux offre une surface de cuisson interne de 1,1 pied cube (30 L) et une puissance maximale de 1000 watts. L'int\u00e9rieur et l'ext\u00e9rieur en acier inoxydable, durables et attrayants, en font l'appareil id\u00e9al \u00e0 combiner avec n'importe quel style de d\u00e9cor existant. Les options de cuisson \u00e0 touche unique, faciles \u00e0 utiliser, sont con\u00e7ues pour six des modes les plus populaires, notamment pop-corn, pomme de terre, pizza, l\u00e9gumes surgel\u00e9s, boisson et assiette. Profitez de trois r\u00e9glages de programmes sp\u00e9ciaux : cuisson diff\u00e9r\u00e9e, d\u00e9cong\u00e9lation diff\u00e9r\u00e9e et d\u00e9cong\u00e9lation par poids. En outre, il est dot\u00e9 de dix niveaux de puissance uniques pour garantir une cuisson parfaite de vos aliments pr\u00e9f\u00e9r\u00e9s. La cuisson au micro-ondes n'a jamais \u00e9t\u00e9 aussi facile et agr\u00e9able gr\u00e2ce aux commandes \u00e9lectroniques du four et \u00e0 la minuterie et \u00e0 l'unit\u00e9 DEL faciles \u00e0 lire.\",\"breadcrumb\":[],\"inLanguage\":\"fr-CA\",\"potentialAction\":[{\"@type\":\"ReadAction\",\"target\":[\"https:\/\/www.danby.com\/fr\/products\/fours-a-micro-ondes\/dmw111kssdd\/\"]}]},{\"@type\":\"ImageObject\",\"inLanguage\":\"fr-CA\",\"url\":\"https:\/\/cdnweb.danby.com\/wp-content\/uploads\/sites\/2\/2023\/05\/30141110\/DMW111KSSDD_front.jpg\",\"contentUrl\":\"https:\/\/cdnweb.danby.com\/wp-content\/uploads\/sites\/2\/2023\/05\/30141110\/DMW111KSSDD_front.jpg\",\"width\":900,\"height\":1200},{\"@type\":\"BreadcrumbList\",\"itemListElement\":[{\"@type\":\"ListItem\",\"position\":1,\"name\":\"Home\",\"item\":\"https:\/\/www.danby.com\/fr\/\"},{\"@type\":\"ListItem\",\"position\":2,\"name\":\"Boutique\",\"item\":\"https:\/\/www.danby.com\/fr\/boutique\/\"},{\"@type\":\"ListItem\",\"position\":3,\"name\":\"Micro-ondes de comptoir Danby de 1,1 pi3 en acier inoxydable\"}]},{\"@type\":\"WebSite\",\"url\":\"https:\/\/www.danby.com\/fr\/\",\"name\":\"Danby - Canada - French\",\"description\":\"Leader dans le domaine de la r\u00e9frig\u00e9ration et des appareils sp\u00e9cialis\u00e9s\",\"publisher\":[],\"potentialAction\":[{\"@type\":\"SearchAction\",\"target\":{\"@type\":\"EntryPoint\",\"urlTemplate\":\"https:\/\/www.danby.com\/fr\/?s={search_term_string}\"},\"query-input\":{\"@type\":\"PropertyValueSpecification\",\"valueRequired\":true,\"valueName\":\"search_term_string\"}}],\"inLanguage\":\"fr-CA\"},{\"@type\":\"Organization\",\"name\":\"Danby Appliances\",\"url\":\"https:\/\/www.danby.com\/fr\/\",\"logo\":{\"@type\":\"ImageObject\",\"inLanguage\":\"fr-CA\",\"url\":\"https:\/\/cdnweb.danby.com\/wp-content\/uploads\/sites\/2\/2022\/02\/10141906\/Danby75Ans_Blue.png\",\"contentUrl\":\"https:\/\/cdnweb.danby.com\/wp-content\/uploads\/sites\/2\/2022\/02\/10141906\/Danby75Ans_Blue.png\",\"width\":470,\"height\":110,\"caption\":\"Danby Appliances\"},\"image\":[],\"sameAs\":[\"https:\/\/www.facebook.com\/DanbyAppliances\",\"https:\/\/x.com\/DanbyAppliance\",\"https:\/\/instagram.com\/danbyappliances\/\",\"https:\/\/www.linkedin.com\/company\/danbyappliances\",\"https:\/\/www.pinterest.ca\/danbyappliances\/\",\"https:\/\/www.youtube.com\/user\/DanbyProducts\",\"https:\/\/en.wikipedia.org\/wiki\/Danby_(appliances)\"]}]}<\/script>\n<!-- \/ Yoast SEO plugin. -->","yoast_head_json":{"title":"Micro-ondes de comptoir Danby de 1,1 pi3 en acier inoxydable - DMW111KSSDD | Danby Canada","description":"Le four \u00e0 micro-ondes de taille moyenne de qualit\u00e9 sup\u00e9rieure de Danby Desginer se distingue par son rendement sup\u00e9rieur, son c\u00f4t\u00e9 pratique et sa fiabilit\u00e9. Cet appareil spacieux offre une surface de cuisson interne de 1,1 pied cube (30 L) et une puissance maximale de 1000 watts. L'int\u00e9rieur et l'ext\u00e9rieur en acier inoxydable, durables et attrayants, en font l'appareil id\u00e9al \u00e0 combiner avec n'importe quel style de d\u00e9cor existant. Les options de cuisson \u00e0 touche unique, faciles \u00e0 utiliser, sont con\u00e7ues pour six des modes les plus populaires, notamment pop-corn, pomme de terre, pizza, l\u00e9gumes surgel\u00e9s, boisson et assiette. Profitez de trois r\u00e9glages de programmes sp\u00e9ciaux : cuisson diff\u00e9r\u00e9e, d\u00e9cong\u00e9lation diff\u00e9r\u00e9e et d\u00e9cong\u00e9lation par poids. En outre, il est dot\u00e9 de dix niveaux de puissance uniques pour garantir une cuisson parfaite de vos aliments pr\u00e9f\u00e9r\u00e9s. La cuisson au micro-ondes n'a jamais \u00e9t\u00e9 aussi facile et agr\u00e9able gr\u00e2ce aux commandes \u00e9lectroniques du four et \u00e0 la minuterie et \u00e0 l'unit\u00e9 DEL faciles \u00e0 lire.","robots":{"index":"index","follow":"follow","max-snippet":"max-snippet:-1","max-image-preview":"max-image-preview:large","max-video-preview":"max-video-preview:-1"},"canonical":"https:\/\/www.danby.com\/fr\/products\/fours-a-micro-ondes\/dmw111kssdd\/","og_locale":"fr_CA","og_type":"article","og_title":"Micro-ondes de comptoir Danby de 1,1 pi3 en acier inoxydable - DMW111KSSDD | Danby Canada","og_description":"Le four \u00e0 micro-ondes de taille moyenne de qualit\u00e9 sup\u00e9rieure de Danby Desginer se distingue par son rendement sup\u00e9rieur, son c\u00f4t\u00e9 pratique et sa fiabilit\u00e9. Cet appareil spacieux offre une surface de cuisson interne de 1,1 pied cube (30 L) et une puissance maximale de 1000 watts. L'int\u00e9rieur et l'ext\u00e9rieur en acier inoxydable, durables et attrayants, en font l'appareil id\u00e9al \u00e0 combiner avec n'importe quel style de d\u00e9cor existant. Les options de cuisson \u00e0 touche unique, faciles \u00e0 utiliser, sont con\u00e7ues pour six des modes les plus populaires, notamment pop-corn, pomme de terre, pizza, l\u00e9gumes surgel\u00e9s, boisson et assiette. Profitez de trois r\u00e9glages de programmes sp\u00e9ciaux : cuisson diff\u00e9r\u00e9e, d\u00e9cong\u00e9lation diff\u00e9r\u00e9e et d\u00e9cong\u00e9lation par poids. En outre, il est dot\u00e9 de dix niveaux de puissance uniques pour garantir une cuisson parfaite de vos aliments pr\u00e9f\u00e9r\u00e9s. La cuisson au micro-ondes n'a jamais \u00e9t\u00e9 aussi facile et agr\u00e9able gr\u00e2ce aux commandes \u00e9lectroniques du four et \u00e0 la minuterie et \u00e0 l'unit\u00e9 DEL faciles \u00e0 lire.","og_url":"https:\/\/www.danby.com\/fr\/products\/fours-a-micro-ondes\/dmw111kssdd\/","og_site_name":"Danby - Canada - French","article_publisher":"https:\/\/www.facebook.com\/DanbyAppliances","article_modified_time":"2026-04-08T10:07:13+00:00","og_image":[{"width":900,"height":1200,"url":"https:\/\/cdnweb.danby.com\/wp-content\/uploads\/sites\/2\/2023\/05\/30141110\/DMW111KSSDD_front.jpg","type":"image\/jpeg"}],"twitter_card":"summary_large_image","twitter_site":"@DanbyAppliance","schema":{"@context":"https:\/\/schema.org","@graph":[{"@type":["WebPage","ItemPage"],"url":"https:\/\/www.danby.com\/fr\/products\/fours-a-micro-ondes\/dmw111kssdd\/","name":"Micro-ondes de comptoir Danby de 1,1 pi3 en acier inoxydable - DMW111KSSDD | Danby Canada","isPartOf":[],"primaryImageOfPage":[],"image":[],"thumbnailUrl":"https:\/\/cdnweb.danby.com\/wp-content\/uploads\/sites\/2\/2023\/05\/30141110\/DMW111KSSDD_front.jpg","datePublished":"2022-02-03T19:18:42+00:00","dateModified":"2026-04-08T10:07:13+00:00","description":"Le four \u00e0 micro-ondes de taille moyenne de qualit\u00e9 sup\u00e9rieure de Danby Desginer se distingue par son rendement sup\u00e9rieur, son c\u00f4t\u00e9 pratique et sa fiabilit\u00e9. Cet appareil spacieux offre une surface de cuisson interne de 1,1 pied cube (30 L) et une puissance maximale de 1000 watts. L'int\u00e9rieur et l'ext\u00e9rieur en acier inoxydable, durables et attrayants, en font l'appareil id\u00e9al \u00e0 combiner avec n'importe quel style de d\u00e9cor existant. Les options de cuisson \u00e0 touche unique, faciles \u00e0 utiliser, sont con\u00e7ues pour six des modes les plus populaires, notamment pop-corn, pomme de terre, pizza, l\u00e9gumes surgel\u00e9s, boisson et assiette. Profitez de trois r\u00e9glages de programmes sp\u00e9ciaux : cuisson diff\u00e9r\u00e9e, d\u00e9cong\u00e9lation diff\u00e9r\u00e9e et d\u00e9cong\u00e9lation par poids. En outre, il est dot\u00e9 de dix niveaux de puissance uniques pour garantir une cuisson parfaite de vos aliments pr\u00e9f\u00e9r\u00e9s. La cuisson au micro-ondes n'a jamais \u00e9t\u00e9 aussi facile et agr\u00e9able gr\u00e2ce aux commandes \u00e9lectroniques du four et \u00e0 la minuterie et \u00e0 l'unit\u00e9 DEL faciles \u00e0 lire.","breadcrumb":[],"inLanguage":"fr-CA","potentialAction":[{"@type":"ReadAction","target":["https:\/\/www.danby.com\/fr\/products\/fours-a-micro-ondes\/dmw111kssdd\/"]}]},{"@type":"ImageObject","inLanguage":"fr-CA","url":"https:\/\/cdnweb.danby.com\/wp-content\/uploads\/sites\/2\/2023\/05\/30141110\/DMW111KSSDD_front.jpg","contentUrl":"https:\/\/cdnweb.danby.com\/wp-content\/uploads\/sites\/2\/2023\/05\/30141110\/DMW111KSSDD_front.jpg","width":900,"height":1200},{"@type":"BreadcrumbList","itemListElement":[{"@type":"ListItem","position":1,"name":"Home","item":"https:\/\/www.danby.com\/fr\/"},{"@type":"ListItem","position":2,"name":"Boutique","item":"https:\/\/www.danby.com\/fr\/boutique\/"},{"@type":"ListItem","position":3,"name":"Micro-ondes de comptoir Danby de 1,1 pi3 en acier inoxydable"}]},{"@type":"WebSite","url":"https:\/\/www.danby.com\/fr\/","name":"Danby - Canada - French","description":"Leader dans le domaine de la r\u00e9frig\u00e9ration et des appareils sp\u00e9cialis\u00e9s","publisher":[],"potentialAction":[{"@type":"SearchAction","target":{"@type":"EntryPoint","urlTemplate":"https:\/\/www.danby.com\/fr\/?s={search_term_string}"},"query-input":{"@type":"PropertyValueSpecification","valueRequired":true,"valueName":"search_term_string"}}],"inLanguage":"fr-CA"},{"@type":"Organization","name":"Danby Appliances","url":"https:\/\/www.danby.com\/fr\/","logo":{"@type":"ImageObject","inLanguage":"fr-CA","url":"https:\/\/cdnweb.danby.com\/wp-content\/uploads\/sites\/2\/2022\/02\/10141906\/Danby75Ans_Blue.png","contentUrl":"https:\/\/cdnweb.danby.com\/wp-content\/uploads\/sites\/2\/2022\/02\/10141906\/Danby75Ans_Blue.png","width":470,"height":110,"caption":"Danby Appliances"},"image":[],"sameAs":["https:\/\/www.facebook.com\/DanbyAppliances","https:\/\/x.com\/DanbyAppliance","https:\/\/instagram.com\/danbyappliances\/","https:\/\/www.linkedin.com\/company\/danbyappliances","https:\/\/www.pinterest.ca\/danbyappliances\/","https:\/\/www.youtube.com\/user\/DanbyProducts","https:\/\/en.wikipedia.org\/wiki\/Danby_(appliances)"]}]}},"post_mailing_queue_ids":[],"_links":{"self":[{"href":"https:\/\/www.danby.com\/fr\/wp-json\/wp\/v2\/product\/5031","targetHints":{"allow":["GET"]}}],"collection":[{"href":"https:\/\/www.danby.com\/fr\/wp-json\/wp\/v2\/product"}],"about":[{"href":"https:\/\/www.danby.com\/fr\/wp-json\/wp\/v2\/types\/product"}],"replies":[{"embeddable":true,"href":"https:\/\/www.danby.com\/fr\/wp-json\/wp\/v2\/comments?post=5031"}],"wp:featuredmedia":[{"embeddable":true,"href":"https:\/\/www.danby.com\/fr\/wp-json\/wp\/v2\/media\/22778"}],"wp:attachment":[{"href":"https:\/\/www.danby.com\/fr\/wp-json\/wp\/v2\/media?parent=5031"}],"wp:term":[{"taxonomy":"product_brand","embeddable":true,"href":"https:\/\/www.danby.com\/fr\/wp-json\/wp\/v2\/product_brand?post=5031"},{"taxonomy":"product_cat","embeddable":true,"href":"https:\/\/www.danby.com\/fr\/wp-json\/wp\/v2\/product_cat?post=5031"},{"taxonomy":"product_tag","embeddable":true,"href":"https:\/\/www.danby.com\/fr\/wp-json\/wp\/v2\/product_tag?post=5031"}],"curies":[{"name":"wp","href":"https:\/\/api.w.org\/{rel}","templated":true}]}}