{"id":5027,"date":"2022-02-03T19:18:42","date_gmt":"2022-02-03T19:18:42","guid":{"rendered":"https:\/\/www.danby.com\/fr\/product\/dmw1110bldb\/"},"modified":"2026-04-05T10:06:08","modified_gmt":"2026-04-05T10:06:08","slug":"dmw1110bldb","status":"publish","type":"product","link":"https:\/\/www.danby.com\/fr\/products\/fours-a-micro-ondes\/dmw1110bldb\/","title":{"rendered":"Danby 1.1 pi3 Fours \u00e0 micro-onde"},"content":{"rendered":"","protected":false},"excerpt":{"rendered":"<ul>\n<li>Capacit\u00e9 de 1.1 pi3 (31 litres)<\/li>\n<li>Puissance de 1000 watts<\/li>\n<li>10 niveaux de puissance<\/li>\n<li>Cuisson simple \u00e0 une seule touche pour 6 aliments populaires<\/li>\n<li>Minuterie\/horloge \u00e0 DEL facile \u00e0 lire<\/li>\n<li>\u00c9clairage de four et plateau rotatif automatiques<\/li>\n<\/ul>\n","protected":false},"featured_media":6706,"comment_status":"closed","ping_status":"open","template":"","meta":{"_acf_changed":false},"product_brand":[],"product_cat":[32],"product_tag":[],"class_list":{"0":"post-5027","1":"product","2":"type-product","3":"status-publish","4":"has-post-thumbnail","6":"product_cat-fours-a-micro-ondes","8":"first","9":"outofstock","10":"taxable","11":"shipping-taxable","12":"product-type-simple"},"acf":[],"yoast_head":"<!-- This site is optimized with the Yoast SEO plugin v26.7 - https:\/\/yoast.com\/wordpress\/plugins\/seo\/ -->\n<title>Danby 1.1 pi3 Fours \u00e0 micro-onde - DMW1110BLDB | Danby Canada<\/title>\n<meta name=\"description\" content=\"Ce four \u00e0 micro-ondes de comptoir est \u00e9conomique et pratique et il est disponible en un choix de caisson noir ou blanc, afin de s\u2019int\u00e9grer avec \u00e9l\u00e9gance au d\u00e9cor de votre cuisine. Cet appareil est pourvu des caract\u00e9ristiques modernes les plus populaires, gr\u00e2ce auxquelles cuire et r\u00e9chauffer vos plats favoris devient une partie de plaisir. Ce four \u00e0 micro-ondes spacieux dispose d&#039;un espace de cuisson de 1,1 pied cube et il est id\u00e9al pour la cuisine, le chalet, le bureau, ou la r\u00e9sidence d\u2019\u00e9tudiants. L\u2019appareil offre 10 niveaux de puissance de cuisson, le niveau maximum \u00e9tant de 1000 watts. Cuisiner devient une sin\u00e9cure gr\u00e2ce \u00e0 la programmation une touche pour les six usages les plus courants. L&#039;appareil utilise un plateau de cuisson et un \u00e9clairage automatique et dispose \u00e9galement d\u2019un affichage \u00e0 DEL facile \u00e0 lire, pour l\u2019heure et la minuterie. Ce four \u00e0 micro-ondes est fourni avec une garantie de 12 mois sur les pi\u00e8ces et la main-d\u2019\u0153uvre.\" \/>\n<meta name=\"robots\" content=\"index, follow, max-snippet:-1, max-image-preview:large, max-video-preview:-1\" \/>\n<link rel=\"canonical\" href=\"https:\/\/www.danby.com\/fr\/products\/fours-a-micro-ondes\/dmw1110bldb\/\" \/>\n<meta property=\"og:locale\" content=\"fr_CA\" \/>\n<meta property=\"og:type\" content=\"article\" \/>\n<meta property=\"og:title\" content=\"Danby 1.1 pi3 Fours \u00e0 micro-onde - DMW1110BLDB | Danby Canada\" \/>\n<meta property=\"og:description\" content=\"Ce four \u00e0 micro-ondes de comptoir est \u00e9conomique et pratique et il est disponible en un choix de caisson noir ou blanc, afin de s\u2019int\u00e9grer avec \u00e9l\u00e9gance au d\u00e9cor de votre cuisine. Cet appareil est pourvu des caract\u00e9ristiques modernes les plus populaires, gr\u00e2ce auxquelles cuire et r\u00e9chauffer vos plats favoris devient une partie de plaisir. Ce four \u00e0 micro-ondes spacieux dispose d&#039;un espace de cuisson de 1,1 pied cube et il est id\u00e9al pour la cuisine, le chalet, le bureau, ou la r\u00e9sidence d\u2019\u00e9tudiants. L\u2019appareil offre 10 niveaux de puissance de cuisson, le niveau maximum \u00e9tant de 1000 watts. Cuisiner devient une sin\u00e9cure gr\u00e2ce \u00e0 la programmation une touche pour les six usages les plus courants. L&#039;appareil utilise un plateau de cuisson et un \u00e9clairage automatique et dispose \u00e9galement d\u2019un affichage \u00e0 DEL facile \u00e0 lire, pour l\u2019heure et la minuterie. Ce four \u00e0 micro-ondes est fourni avec une garantie de 12 mois sur les pi\u00e8ces et la main-d\u2019\u0153uvre.\" \/>\n<meta property=\"og:url\" content=\"https:\/\/www.danby.com\/fr\/products\/fours-a-micro-ondes\/dmw1110bldb\/\" \/>\n<meta property=\"og:site_name\" content=\"Danby - Canada - French\" \/>\n<meta property=\"article:publisher\" content=\"https:\/\/www.facebook.com\/DanbyAppliances\" \/>\n<meta property=\"article:modified_time\" content=\"2026-04-05T10:06:08+00:00\" \/>\n<meta property=\"og:image\" content=\"https:\/\/cdnweb.danby.com\/wp-content\/uploads\/sites\/2\/2022\/02\/08185511\/DMW1110BLDB_Right.jpg\" \/>\n\t<meta property=\"og:image:width\" content=\"1500\" \/>\n\t<meta property=\"og:image:height\" content=\"834\" \/>\n\t<meta property=\"og:image:type\" content=\"image\/jpeg\" \/>\n<meta name=\"twitter:card\" content=\"summary_large_image\" \/>\n<meta name=\"twitter:site\" content=\"@DanbyAppliance\" \/>\n<script type=\"application\/ld+json\" class=\"yoast-schema-graph\">{\"@context\":\"https:\/\/schema.org\",\"@graph\":[{\"@type\":[\"WebPage\",\"ItemPage\"],\"url\":\"https:\/\/www.danby.com\/fr\/products\/fours-a-micro-ondes\/dmw1110bldb\/\",\"name\":\"Danby 1.1 pi3 Fours \u00e0 micro-onde - DMW1110BLDB | Danby Canada\",\"isPartOf\":[],\"primaryImageOfPage\":[],\"image\":[],\"thumbnailUrl\":\"https:\/\/cdnweb.danby.com\/wp-content\/uploads\/sites\/2\/2022\/02\/08185511\/DMW1110BLDB_Right.jpg\",\"datePublished\":\"2022-02-03T19:18:42+00:00\",\"dateModified\":\"2026-04-05T10:06:08+00:00\",\"description\":\"Ce four \u00e0 micro-ondes de comptoir est \u00e9conomique et pratique et il est disponible en un choix de caisson noir ou blanc, afin de s\u2019int\u00e9grer avec \u00e9l\u00e9gance au d\u00e9cor de votre cuisine. Cet appareil est pourvu des caract\u00e9ristiques modernes les plus populaires, gr\u00e2ce auxquelles cuire et r\u00e9chauffer vos plats favoris devient une partie de plaisir. Ce four \u00e0 micro-ondes spacieux dispose d'un espace de cuisson de 1,1 pied cube et il est id\u00e9al pour la cuisine, le chalet, le bureau, ou la r\u00e9sidence d\u2019\u00e9tudiants. L\u2019appareil offre 10 niveaux de puissance de cuisson, le niveau maximum \u00e9tant de 1000 watts. Cuisiner devient une sin\u00e9cure gr\u00e2ce \u00e0 la programmation une touche pour les six usages les plus courants. L'appareil utilise un plateau de cuisson et un \u00e9clairage automatique et dispose \u00e9galement d\u2019un affichage \u00e0 DEL facile \u00e0 lire, pour l\u2019heure et la minuterie. Ce four \u00e0 micro-ondes est fourni avec une garantie de 12 mois sur les pi\u00e8ces et la main-d\u2019\u0153uvre.\",\"breadcrumb\":[],\"inLanguage\":\"fr-CA\",\"potentialAction\":[{\"@type\":\"ReadAction\",\"target\":[\"https:\/\/www.danby.com\/fr\/products\/fours-a-micro-ondes\/dmw1110bldb\/\"]}]},{\"@type\":\"ImageObject\",\"inLanguage\":\"fr-CA\",\"url\":\"https:\/\/cdnweb.danby.com\/wp-content\/uploads\/sites\/2\/2022\/02\/08185511\/DMW1110BLDB_Right.jpg\",\"contentUrl\":\"https:\/\/cdnweb.danby.com\/wp-content\/uploads\/sites\/2\/2022\/02\/08185511\/DMW1110BLDB_Right.jpg\",\"width\":1500,\"height\":834},{\"@type\":\"BreadcrumbList\",\"itemListElement\":[{\"@type\":\"ListItem\",\"position\":1,\"name\":\"Home\",\"item\":\"https:\/\/www.danby.com\/fr\/\"},{\"@type\":\"ListItem\",\"position\":2,\"name\":\"Boutique\",\"item\":\"https:\/\/www.danby.com\/fr\/boutique\/\"},{\"@type\":\"ListItem\",\"position\":3,\"name\":\"Danby 1.1 pi3 Fours \u00e0 micro-onde\"}]},{\"@type\":\"WebSite\",\"url\":\"https:\/\/www.danby.com\/fr\/\",\"name\":\"Danby - Canada - French\",\"description\":\"Leader dans le domaine de la r\u00e9frig\u00e9ration et des appareils sp\u00e9cialis\u00e9s\",\"publisher\":[],\"potentialAction\":[{\"@type\":\"SearchAction\",\"target\":{\"@type\":\"EntryPoint\",\"urlTemplate\":\"https:\/\/www.danby.com\/fr\/?s={search_term_string}\"},\"query-input\":{\"@type\":\"PropertyValueSpecification\",\"valueRequired\":true,\"valueName\":\"search_term_string\"}}],\"inLanguage\":\"fr-CA\"},{\"@type\":\"Organization\",\"name\":\"Danby Appliances\",\"url\":\"https:\/\/www.danby.com\/fr\/\",\"logo\":{\"@type\":\"ImageObject\",\"inLanguage\":\"fr-CA\",\"url\":\"https:\/\/cdnweb.danby.com\/wp-content\/uploads\/sites\/2\/2022\/02\/10141906\/Danby75Ans_Blue.png\",\"contentUrl\":\"https:\/\/cdnweb.danby.com\/wp-content\/uploads\/sites\/2\/2022\/02\/10141906\/Danby75Ans_Blue.png\",\"width\":470,\"height\":110,\"caption\":\"Danby Appliances\"},\"image\":[],\"sameAs\":[\"https:\/\/www.facebook.com\/DanbyAppliances\",\"https:\/\/x.com\/DanbyAppliance\",\"https:\/\/instagram.com\/danbyappliances\/\",\"https:\/\/www.linkedin.com\/company\/danbyappliances\",\"https:\/\/www.pinterest.ca\/danbyappliances\/\",\"https:\/\/www.youtube.com\/user\/DanbyProducts\",\"https:\/\/en.wikipedia.org\/wiki\/Danby_(appliances)\"]}]}<\/script>\n<!-- \/ Yoast SEO plugin. -->","yoast_head_json":{"title":"Danby 1.1 pi3 Fours \u00e0 micro-onde - DMW1110BLDB | Danby Canada","description":"Ce four \u00e0 micro-ondes de comptoir est \u00e9conomique et pratique et il est disponible en un choix de caisson noir ou blanc, afin de s\u2019int\u00e9grer avec \u00e9l\u00e9gance au d\u00e9cor de votre cuisine. Cet appareil est pourvu des caract\u00e9ristiques modernes les plus populaires, gr\u00e2ce auxquelles cuire et r\u00e9chauffer vos plats favoris devient une partie de plaisir. Ce four \u00e0 micro-ondes spacieux dispose d'un espace de cuisson de 1,1 pied cube et il est id\u00e9al pour la cuisine, le chalet, le bureau, ou la r\u00e9sidence d\u2019\u00e9tudiants. L\u2019appareil offre 10 niveaux de puissance de cuisson, le niveau maximum \u00e9tant de 1000 watts. Cuisiner devient une sin\u00e9cure gr\u00e2ce \u00e0 la programmation une touche pour les six usages les plus courants. L'appareil utilise un plateau de cuisson et un \u00e9clairage automatique et dispose \u00e9galement d\u2019un affichage \u00e0 DEL facile \u00e0 lire, pour l\u2019heure et la minuterie. Ce four \u00e0 micro-ondes est fourni avec une garantie de 12 mois sur les pi\u00e8ces et la main-d\u2019\u0153uvre.","robots":{"index":"index","follow":"follow","max-snippet":"max-snippet:-1","max-image-preview":"max-image-preview:large","max-video-preview":"max-video-preview:-1"},"canonical":"https:\/\/www.danby.com\/fr\/products\/fours-a-micro-ondes\/dmw1110bldb\/","og_locale":"fr_CA","og_type":"article","og_title":"Danby 1.1 pi3 Fours \u00e0 micro-onde - DMW1110BLDB | Danby Canada","og_description":"Ce four \u00e0 micro-ondes de comptoir est \u00e9conomique et pratique et il est disponible en un choix de caisson noir ou blanc, afin de s\u2019int\u00e9grer avec \u00e9l\u00e9gance au d\u00e9cor de votre cuisine. Cet appareil est pourvu des caract\u00e9ristiques modernes les plus populaires, gr\u00e2ce auxquelles cuire et r\u00e9chauffer vos plats favoris devient une partie de plaisir. Ce four \u00e0 micro-ondes spacieux dispose d'un espace de cuisson de 1,1 pied cube et il est id\u00e9al pour la cuisine, le chalet, le bureau, ou la r\u00e9sidence d\u2019\u00e9tudiants. L\u2019appareil offre 10 niveaux de puissance de cuisson, le niveau maximum \u00e9tant de 1000 watts. Cuisiner devient une sin\u00e9cure gr\u00e2ce \u00e0 la programmation une touche pour les six usages les plus courants. L'appareil utilise un plateau de cuisson et un \u00e9clairage automatique et dispose \u00e9galement d\u2019un affichage \u00e0 DEL facile \u00e0 lire, pour l\u2019heure et la minuterie. Ce four \u00e0 micro-ondes est fourni avec une garantie de 12 mois sur les pi\u00e8ces et la main-d\u2019\u0153uvre.","og_url":"https:\/\/www.danby.com\/fr\/products\/fours-a-micro-ondes\/dmw1110bldb\/","og_site_name":"Danby - Canada - French","article_publisher":"https:\/\/www.facebook.com\/DanbyAppliances","article_modified_time":"2026-04-05T10:06:08+00:00","og_image":[{"width":1500,"height":834,"url":"https:\/\/cdnweb.danby.com\/wp-content\/uploads\/sites\/2\/2022\/02\/08185511\/DMW1110BLDB_Right.jpg","type":"image\/jpeg"}],"twitter_card":"summary_large_image","twitter_site":"@DanbyAppliance","schema":{"@context":"https:\/\/schema.org","@graph":[{"@type":["WebPage","ItemPage"],"url":"https:\/\/www.danby.com\/fr\/products\/fours-a-micro-ondes\/dmw1110bldb\/","name":"Danby 1.1 pi3 Fours \u00e0 micro-onde - DMW1110BLDB | Danby Canada","isPartOf":[],"primaryImageOfPage":[],"image":[],"thumbnailUrl":"https:\/\/cdnweb.danby.com\/wp-content\/uploads\/sites\/2\/2022\/02\/08185511\/DMW1110BLDB_Right.jpg","datePublished":"2022-02-03T19:18:42+00:00","dateModified":"2026-04-05T10:06:08+00:00","description":"Ce four \u00e0 micro-ondes de comptoir est \u00e9conomique et pratique et il est disponible en un choix de caisson noir ou blanc, afin de s\u2019int\u00e9grer avec \u00e9l\u00e9gance au d\u00e9cor de votre cuisine. Cet appareil est pourvu des caract\u00e9ristiques modernes les plus populaires, gr\u00e2ce auxquelles cuire et r\u00e9chauffer vos plats favoris devient une partie de plaisir. Ce four \u00e0 micro-ondes spacieux dispose d'un espace de cuisson de 1,1 pied cube et il est id\u00e9al pour la cuisine, le chalet, le bureau, ou la r\u00e9sidence d\u2019\u00e9tudiants. L\u2019appareil offre 10 niveaux de puissance de cuisson, le niveau maximum \u00e9tant de 1000 watts. Cuisiner devient une sin\u00e9cure gr\u00e2ce \u00e0 la programmation une touche pour les six usages les plus courants. L'appareil utilise un plateau de cuisson et un \u00e9clairage automatique et dispose \u00e9galement d\u2019un affichage \u00e0 DEL facile \u00e0 lire, pour l\u2019heure et la minuterie. Ce four \u00e0 micro-ondes est fourni avec une garantie de 12 mois sur les pi\u00e8ces et la main-d\u2019\u0153uvre.","breadcrumb":[],"inLanguage":"fr-CA","potentialAction":[{"@type":"ReadAction","target":["https:\/\/www.danby.com\/fr\/products\/fours-a-micro-ondes\/dmw1110bldb\/"]}]},{"@type":"ImageObject","inLanguage":"fr-CA","url":"https:\/\/cdnweb.danby.com\/wp-content\/uploads\/sites\/2\/2022\/02\/08185511\/DMW1110BLDB_Right.jpg","contentUrl":"https:\/\/cdnweb.danby.com\/wp-content\/uploads\/sites\/2\/2022\/02\/08185511\/DMW1110BLDB_Right.jpg","width":1500,"height":834},{"@type":"BreadcrumbList","itemListElement":[{"@type":"ListItem","position":1,"name":"Home","item":"https:\/\/www.danby.com\/fr\/"},{"@type":"ListItem","position":2,"name":"Boutique","item":"https:\/\/www.danby.com\/fr\/boutique\/"},{"@type":"ListItem","position":3,"name":"Danby 1.1 pi3 Fours \u00e0 micro-onde"}]},{"@type":"WebSite","url":"https:\/\/www.danby.com\/fr\/","name":"Danby - Canada - French","description":"Leader dans le domaine de la r\u00e9frig\u00e9ration et des appareils sp\u00e9cialis\u00e9s","publisher":[],"potentialAction":[{"@type":"SearchAction","target":{"@type":"EntryPoint","urlTemplate":"https:\/\/www.danby.com\/fr\/?s={search_term_string}"},"query-input":{"@type":"PropertyValueSpecification","valueRequired":true,"valueName":"search_term_string"}}],"inLanguage":"fr-CA"},{"@type":"Organization","name":"Danby Appliances","url":"https:\/\/www.danby.com\/fr\/","logo":{"@type":"ImageObject","inLanguage":"fr-CA","url":"https:\/\/cdnweb.danby.com\/wp-content\/uploads\/sites\/2\/2022\/02\/10141906\/Danby75Ans_Blue.png","contentUrl":"https:\/\/cdnweb.danby.com\/wp-content\/uploads\/sites\/2\/2022\/02\/10141906\/Danby75Ans_Blue.png","width":470,"height":110,"caption":"Danby Appliances"},"image":[],"sameAs":["https:\/\/www.facebook.com\/DanbyAppliances","https:\/\/x.com\/DanbyAppliance","https:\/\/instagram.com\/danbyappliances\/","https:\/\/www.linkedin.com\/company\/danbyappliances","https:\/\/www.pinterest.ca\/danbyappliances\/","https:\/\/www.youtube.com\/user\/DanbyProducts","https:\/\/en.wikipedia.org\/wiki\/Danby_(appliances)"]}]}},"post_mailing_queue_ids":[],"_links":{"self":[{"href":"https:\/\/www.danby.com\/fr\/wp-json\/wp\/v2\/product\/5027","targetHints":{"allow":["GET"]}}],"collection":[{"href":"https:\/\/www.danby.com\/fr\/wp-json\/wp\/v2\/product"}],"about":[{"href":"https:\/\/www.danby.com\/fr\/wp-json\/wp\/v2\/types\/product"}],"replies":[{"embeddable":true,"href":"https:\/\/www.danby.com\/fr\/wp-json\/wp\/v2\/comments?post=5027"}],"wp:featuredmedia":[{"embeddable":true,"href":"https:\/\/www.danby.com\/fr\/wp-json\/wp\/v2\/media\/6706"}],"wp:attachment":[{"href":"https:\/\/www.danby.com\/fr\/wp-json\/wp\/v2\/media?parent=5027"}],"wp:term":[{"taxonomy":"product_brand","embeddable":true,"href":"https:\/\/www.danby.com\/fr\/wp-json\/wp\/v2\/product_brand?post=5027"},{"taxonomy":"product_cat","embeddable":true,"href":"https:\/\/www.danby.com\/fr\/wp-json\/wp\/v2\/product_cat?post=5027"},{"taxonomy":"product_tag","embeddable":true,"href":"https:\/\/www.danby.com\/fr\/wp-json\/wp\/v2\/product_tag?post=5027"}],"curies":[{"name":"wp","href":"https:\/\/api.w.org\/{rel}","templated":true}]}}