{"id":5026,"date":"2022-02-03T19:18:42","date_gmt":"2022-02-03T19:18:42","guid":{"rendered":"https:\/\/www.danby.com\/fr\/product\/dmw1108w\/"},"modified":"2026-04-14T10:07:37","modified_gmt":"2026-04-14T10:07:37","slug":"dmw1108w","status":"publish","type":"product","link":"https:\/\/www.danby.com\/fr\/products\/fours-a-micro-ondes\/dmw1108w\/","title":{"rendered":"Diplomat 1.1  pi3"},"content":{"rendered":"","protected":false},"excerpt":{"rendered":"<ul>\n<li>Spacieuse capacit\u00e9 de 1,1 pi3. capacit\u00e9<\/li>\n<li>1000 watts de puissance de cuisson<\/li>\n<li>Commandes \u00e9lectroniques<\/li>\n<li>10 niveaux de puissance<\/li>\n<li>Cuisson simple \u00e0 une touche pour 6 utilisations populaires (d\u00eener congel\u00e9, boisson, popcorn, pomme de terre, pizza, r\u00e9chauffage)<\/li>\n<li>3 programmes sp\u00e9cialis\u00e9s (cuisson au poids, d\u00e9cong\u00e9lation au poids, d\u00e9cong\u00e9lation rapide)<\/li>\n<li>Temporisateur\/horloge num\u00e9rique facile \u00e0 lire<\/li>\n<li>Disponible en noir ou en blanc<\/li>\n<\/ul>\n","protected":false},"featured_media":5849,"comment_status":"closed","ping_status":"open","template":"","meta":{"_acf_changed":false},"product_brand":[],"product_cat":[32],"product_tag":[],"class_list":{"0":"post-5026","1":"product","2":"type-product","3":"status-publish","4":"has-post-thumbnail","6":"product_cat-fours-a-micro-ondes","8":"first","9":"outofstock","10":"taxable","11":"shipping-taxable","12":"product-type-simple"},"acf":[],"yoast_head":"<!-- This site is optimized with the Yoast SEO plugin v26.7 - https:\/\/yoast.com\/wordpress\/plugins\/seo\/ -->\n<title>Diplomat 1.1 pi3 - DMW1108W | Danby Canada<\/title>\n<meta name=\"description\" content=\"Le micro-ondes de comptoir Danby n&#039;est pas seulement pratique et \u00e9conomique, il est aussi \u00e9l\u00e9gant! Disponible en blanc, noir et acier inoxydable, c&#039;est le mod\u00e8le qui convient \u00e0 tous les d\u00e9cors. Disponibles avec un ensemble de fonctions tr\u00e8s populaires et dans une gamme de tailles allant de 0,6 pi3 \u00e0 1,6 pi3, les micro-ondes Danby conviennent \u00e0 la fois aux chambres d&#039;\u00e9tudiants, aux bureaux, aux chalets et aux cuisines.\" \/>\n<meta name=\"robots\" content=\"index, follow, max-snippet:-1, max-image-preview:large, max-video-preview:-1\" \/>\n<link rel=\"canonical\" href=\"https:\/\/www.danby.com\/fr\/products\/fours-a-micro-ondes\/dmw1108w\/\" \/>\n<meta property=\"og:locale\" content=\"fr_CA\" \/>\n<meta property=\"og:type\" content=\"article\" \/>\n<meta property=\"og:title\" content=\"Diplomat 1.1 pi3 - DMW1108W | Danby Canada\" \/>\n<meta property=\"og:description\" content=\"Le micro-ondes de comptoir Danby n&#039;est pas seulement pratique et \u00e9conomique, il est aussi \u00e9l\u00e9gant! Disponible en blanc, noir et acier inoxydable, c&#039;est le mod\u00e8le qui convient \u00e0 tous les d\u00e9cors. Disponibles avec un ensemble de fonctions tr\u00e8s populaires et dans une gamme de tailles allant de 0,6 pi3 \u00e0 1,6 pi3, les micro-ondes Danby conviennent \u00e0 la fois aux chambres d&#039;\u00e9tudiants, aux bureaux, aux chalets et aux cuisines.\" \/>\n<meta property=\"og:url\" content=\"https:\/\/www.danby.com\/fr\/products\/fours-a-micro-ondes\/dmw1108w\/\" \/>\n<meta property=\"og:site_name\" content=\"Danby - Canada - French\" \/>\n<meta property=\"article:publisher\" content=\"https:\/\/www.facebook.com\/DanbyAppliances\" \/>\n<meta property=\"article:modified_time\" content=\"2026-04-14T10:07:37+00:00\" \/>\n<meta property=\"og:image\" content=\"https:\/\/cdnweb.danby.com\/wp-content\/uploads\/sites\/2\/2022\/02\/08182217\/proMed-dmw1108w.jpg\" \/>\n\t<meta property=\"og:image:width\" content=\"300\" \/>\n\t<meta property=\"og:image:height\" content=\"272\" \/>\n\t<meta property=\"og:image:type\" content=\"image\/jpeg\" \/>\n<meta name=\"twitter:card\" content=\"summary_large_image\" \/>\n<meta name=\"twitter:site\" content=\"@DanbyAppliance\" \/>\n<script type=\"application\/ld+json\" class=\"yoast-schema-graph\">{\"@context\":\"https:\/\/schema.org\",\"@graph\":[{\"@type\":[\"WebPage\",\"ItemPage\"],\"url\":\"https:\/\/www.danby.com\/fr\/products\/fours-a-micro-ondes\/dmw1108w\/\",\"name\":\"Diplomat 1.1 pi3 - DMW1108W | Danby Canada\",\"isPartOf\":[],\"primaryImageOfPage\":[],\"image\":[],\"thumbnailUrl\":\"https:\/\/cdnweb.danby.com\/wp-content\/uploads\/sites\/2\/2022\/02\/08182217\/proMed-dmw1108w.jpg\",\"datePublished\":\"2022-02-03T19:18:42+00:00\",\"dateModified\":\"2026-04-14T10:07:37+00:00\",\"description\":\"Le micro-ondes de comptoir Danby n'est pas seulement pratique et \u00e9conomique, il est aussi \u00e9l\u00e9gant! Disponible en blanc, noir et acier inoxydable, c'est le mod\u00e8le qui convient \u00e0 tous les d\u00e9cors. Disponibles avec un ensemble de fonctions tr\u00e8s populaires et dans une gamme de tailles allant de 0,6 pi3 \u00e0 1,6 pi3, les micro-ondes Danby conviennent \u00e0 la fois aux chambres d'\u00e9tudiants, aux bureaux, aux chalets et aux cuisines.\",\"breadcrumb\":[],\"inLanguage\":\"fr-CA\",\"potentialAction\":[{\"@type\":\"ReadAction\",\"target\":[\"https:\/\/www.danby.com\/fr\/products\/fours-a-micro-ondes\/dmw1108w\/\"]}]},{\"@type\":\"ImageObject\",\"inLanguage\":\"fr-CA\",\"url\":\"https:\/\/cdnweb.danby.com\/wp-content\/uploads\/sites\/2\/2022\/02\/08182217\/proMed-dmw1108w.jpg\",\"contentUrl\":\"https:\/\/cdnweb.danby.com\/wp-content\/uploads\/sites\/2\/2022\/02\/08182217\/proMed-dmw1108w.jpg\",\"width\":300,\"height\":272},{\"@type\":\"BreadcrumbList\",\"itemListElement\":[{\"@type\":\"ListItem\",\"position\":1,\"name\":\"Home\",\"item\":\"https:\/\/www.danby.com\/fr\/\"},{\"@type\":\"ListItem\",\"position\":2,\"name\":\"Boutique\",\"item\":\"https:\/\/www.danby.com\/fr\/boutique\/\"},{\"@type\":\"ListItem\",\"position\":3,\"name\":\"Diplomat 1.1 pi3\"}]},{\"@type\":\"WebSite\",\"url\":\"https:\/\/www.danby.com\/fr\/\",\"name\":\"Danby - Canada - French\",\"description\":\"Leader dans le domaine de la r\u00e9frig\u00e9ration et des appareils sp\u00e9cialis\u00e9s\",\"publisher\":[],\"potentialAction\":[{\"@type\":\"SearchAction\",\"target\":{\"@type\":\"EntryPoint\",\"urlTemplate\":\"https:\/\/www.danby.com\/fr\/?s={search_term_string}\"},\"query-input\":{\"@type\":\"PropertyValueSpecification\",\"valueRequired\":true,\"valueName\":\"search_term_string\"}}],\"inLanguage\":\"fr-CA\"},{\"@type\":\"Organization\",\"name\":\"Danby Appliances\",\"url\":\"https:\/\/www.danby.com\/fr\/\",\"logo\":{\"@type\":\"ImageObject\",\"inLanguage\":\"fr-CA\",\"url\":\"https:\/\/cdnweb.danby.com\/wp-content\/uploads\/sites\/2\/2022\/02\/10141906\/Danby75Ans_Blue.png\",\"contentUrl\":\"https:\/\/cdnweb.danby.com\/wp-content\/uploads\/sites\/2\/2022\/02\/10141906\/Danby75Ans_Blue.png\",\"width\":470,\"height\":110,\"caption\":\"Danby Appliances\"},\"image\":[],\"sameAs\":[\"https:\/\/www.facebook.com\/DanbyAppliances\",\"https:\/\/x.com\/DanbyAppliance\",\"https:\/\/instagram.com\/danbyappliances\/\",\"https:\/\/www.linkedin.com\/company\/danbyappliances\",\"https:\/\/www.pinterest.ca\/danbyappliances\/\",\"https:\/\/www.youtube.com\/user\/DanbyProducts\",\"https:\/\/en.wikipedia.org\/wiki\/Danby_(appliances)\"]}]}<\/script>\n<!-- \/ Yoast SEO plugin. -->","yoast_head_json":{"title":"Diplomat 1.1 pi3 - DMW1108W | Danby Canada","description":"Le micro-ondes de comptoir Danby n'est pas seulement pratique et \u00e9conomique, il est aussi \u00e9l\u00e9gant! Disponible en blanc, noir et acier inoxydable, c'est le mod\u00e8le qui convient \u00e0 tous les d\u00e9cors. Disponibles avec un ensemble de fonctions tr\u00e8s populaires et dans une gamme de tailles allant de 0,6 pi3 \u00e0 1,6 pi3, les micro-ondes Danby conviennent \u00e0 la fois aux chambres d'\u00e9tudiants, aux bureaux, aux chalets et aux cuisines.","robots":{"index":"index","follow":"follow","max-snippet":"max-snippet:-1","max-image-preview":"max-image-preview:large","max-video-preview":"max-video-preview:-1"},"canonical":"https:\/\/www.danby.com\/fr\/products\/fours-a-micro-ondes\/dmw1108w\/","og_locale":"fr_CA","og_type":"article","og_title":"Diplomat 1.1 pi3 - DMW1108W | Danby Canada","og_description":"Le micro-ondes de comptoir Danby n'est pas seulement pratique et \u00e9conomique, il est aussi \u00e9l\u00e9gant! Disponible en blanc, noir et acier inoxydable, c'est le mod\u00e8le qui convient \u00e0 tous les d\u00e9cors. Disponibles avec un ensemble de fonctions tr\u00e8s populaires et dans une gamme de tailles allant de 0,6 pi3 \u00e0 1,6 pi3, les micro-ondes Danby conviennent \u00e0 la fois aux chambres d'\u00e9tudiants, aux bureaux, aux chalets et aux cuisines.","og_url":"https:\/\/www.danby.com\/fr\/products\/fours-a-micro-ondes\/dmw1108w\/","og_site_name":"Danby - Canada - French","article_publisher":"https:\/\/www.facebook.com\/DanbyAppliances","article_modified_time":"2026-04-14T10:07:37+00:00","og_image":[{"width":300,"height":272,"url":"https:\/\/cdnweb.danby.com\/wp-content\/uploads\/sites\/2\/2022\/02\/08182217\/proMed-dmw1108w.jpg","type":"image\/jpeg"}],"twitter_card":"summary_large_image","twitter_site":"@DanbyAppliance","schema":{"@context":"https:\/\/schema.org","@graph":[{"@type":["WebPage","ItemPage"],"url":"https:\/\/www.danby.com\/fr\/products\/fours-a-micro-ondes\/dmw1108w\/","name":"Diplomat 1.1 pi3 - DMW1108W | Danby Canada","isPartOf":[],"primaryImageOfPage":[],"image":[],"thumbnailUrl":"https:\/\/cdnweb.danby.com\/wp-content\/uploads\/sites\/2\/2022\/02\/08182217\/proMed-dmw1108w.jpg","datePublished":"2022-02-03T19:18:42+00:00","dateModified":"2026-04-14T10:07:37+00:00","description":"Le micro-ondes de comptoir Danby n'est pas seulement pratique et \u00e9conomique, il est aussi \u00e9l\u00e9gant! Disponible en blanc, noir et acier inoxydable, c'est le mod\u00e8le qui convient \u00e0 tous les d\u00e9cors. Disponibles avec un ensemble de fonctions tr\u00e8s populaires et dans une gamme de tailles allant de 0,6 pi3 \u00e0 1,6 pi3, les micro-ondes Danby conviennent \u00e0 la fois aux chambres d'\u00e9tudiants, aux bureaux, aux chalets et aux cuisines.","breadcrumb":[],"inLanguage":"fr-CA","potentialAction":[{"@type":"ReadAction","target":["https:\/\/www.danby.com\/fr\/products\/fours-a-micro-ondes\/dmw1108w\/"]}]},{"@type":"ImageObject","inLanguage":"fr-CA","url":"https:\/\/cdnweb.danby.com\/wp-content\/uploads\/sites\/2\/2022\/02\/08182217\/proMed-dmw1108w.jpg","contentUrl":"https:\/\/cdnweb.danby.com\/wp-content\/uploads\/sites\/2\/2022\/02\/08182217\/proMed-dmw1108w.jpg","width":300,"height":272},{"@type":"BreadcrumbList","itemListElement":[{"@type":"ListItem","position":1,"name":"Home","item":"https:\/\/www.danby.com\/fr\/"},{"@type":"ListItem","position":2,"name":"Boutique","item":"https:\/\/www.danby.com\/fr\/boutique\/"},{"@type":"ListItem","position":3,"name":"Diplomat 1.1 pi3"}]},{"@type":"WebSite","url":"https:\/\/www.danby.com\/fr\/","name":"Danby - Canada - French","description":"Leader dans le domaine de la r\u00e9frig\u00e9ration et des appareils sp\u00e9cialis\u00e9s","publisher":[],"potentialAction":[{"@type":"SearchAction","target":{"@type":"EntryPoint","urlTemplate":"https:\/\/www.danby.com\/fr\/?s={search_term_string}"},"query-input":{"@type":"PropertyValueSpecification","valueRequired":true,"valueName":"search_term_string"}}],"inLanguage":"fr-CA"},{"@type":"Organization","name":"Danby Appliances","url":"https:\/\/www.danby.com\/fr\/","logo":{"@type":"ImageObject","inLanguage":"fr-CA","url":"https:\/\/cdnweb.danby.com\/wp-content\/uploads\/sites\/2\/2022\/02\/10141906\/Danby75Ans_Blue.png","contentUrl":"https:\/\/cdnweb.danby.com\/wp-content\/uploads\/sites\/2\/2022\/02\/10141906\/Danby75Ans_Blue.png","width":470,"height":110,"caption":"Danby Appliances"},"image":[],"sameAs":["https:\/\/www.facebook.com\/DanbyAppliances","https:\/\/x.com\/DanbyAppliance","https:\/\/instagram.com\/danbyappliances\/","https:\/\/www.linkedin.com\/company\/danbyappliances","https:\/\/www.pinterest.ca\/danbyappliances\/","https:\/\/www.youtube.com\/user\/DanbyProducts","https:\/\/en.wikipedia.org\/wiki\/Danby_(appliances)"]}]}},"post_mailing_queue_ids":[],"_links":{"self":[{"href":"https:\/\/www.danby.com\/fr\/wp-json\/wp\/v2\/product\/5026","targetHints":{"allow":["GET"]}}],"collection":[{"href":"https:\/\/www.danby.com\/fr\/wp-json\/wp\/v2\/product"}],"about":[{"href":"https:\/\/www.danby.com\/fr\/wp-json\/wp\/v2\/types\/product"}],"replies":[{"embeddable":true,"href":"https:\/\/www.danby.com\/fr\/wp-json\/wp\/v2\/comments?post=5026"}],"wp:featuredmedia":[{"embeddable":true,"href":"https:\/\/www.danby.com\/fr\/wp-json\/wp\/v2\/media\/5849"}],"wp:attachment":[{"href":"https:\/\/www.danby.com\/fr\/wp-json\/wp\/v2\/media?parent=5026"}],"wp:term":[{"taxonomy":"product_brand","embeddable":true,"href":"https:\/\/www.danby.com\/fr\/wp-json\/wp\/v2\/product_brand?post=5026"},{"taxonomy":"product_cat","embeddable":true,"href":"https:\/\/www.danby.com\/fr\/wp-json\/wp\/v2\/product_cat?post=5026"},{"taxonomy":"product_tag","embeddable":true,"href":"https:\/\/www.danby.com\/fr\/wp-json\/wp\/v2\/product_tag?post=5026"}],"curies":[{"name":"wp","href":"https:\/\/api.w.org\/{rel}","templated":true}]}}