{"id":5020,"date":"2022-02-03T19:18:29","date_gmt":"2022-02-03T19:18:29","guid":{"rendered":"https:\/\/www.danby.com\/fr\/product\/dmw09a2wdb\/"},"modified":"2026-04-15T10:07:21","modified_gmt":"2026-04-15T10:07:21","slug":"dmw09a2wdb","status":"publish","type":"product","link":"https:\/\/www.danby.com\/fr\/products\/fours-a-micro-ondes\/dmw09a2wdb\/","title":{"rendered":"Danby 0.9 cu. ft. Fours \u00e0 micro-onde"},"content":{"rendered":"","protected":false},"excerpt":{"rendered":"<ul>\n<li>Capacit\u00e9 de 0,9 pi3<\/li>\n<li>900 watts<\/li>\n<li>Rev\u00eatement ext\u00e9rieur durable et \u00e9l\u00e9gant<\/li>\n<li>Fini int\u00e9rieur blanc<\/li>\n<li>10 niveaux de puissance<\/li>\n<li>6 fonctionnalit\u00e9s de cuisson monotouches pour le ma\u00efs \u00e0 \u00e9clater, les pommes de terre, la pizza, les boissons, les plats cuisin\u00e9s et les l\u00e9gumes congel\u00e9s<\/li>\n<li>D\u00e9givrage par poids, d\u00e9givrage chronocommand\u00e9 et d\u00e9givrage rapide<\/li>\n<\/ul>\n","protected":false},"featured_media":9082,"comment_status":"closed","ping_status":"open","template":"","meta":{"_acf_changed":false},"product_brand":[],"product_cat":[32],"product_tag":[],"class_list":{"0":"post-5020","1":"product","2":"type-product","3":"status-publish","4":"has-post-thumbnail","6":"product_cat-fours-a-micro-ondes","7":"pa_capacite-pi3-1298","8":"pa_duree-de-la-garantie-en-mois-1173","10":"first","11":"outofstock","12":"taxable","13":"shipping-taxable","14":"product-type-simple"},"acf":[],"yoast_head":"<!-- This site is optimized with the Yoast SEO plugin v26.7 - https:\/\/yoast.com\/wordpress\/plugins\/seo\/ -->\n<title>Danby 0.9 cu. ft. Fours \u00e0 micro-onde - DMW09A2WDB | Danby Canada<\/title>\n<meta name=\"description\" content=\"Les fours \u00e0 micro-ondes de comptoir Danby sont aussi \u00e9l\u00e9gants qu\u2019ils sont pratiques et \u00e9conomiques! Disponibles en blanc, noir et acier inoxydable, il existe un mod\u00e8le qui s\u2019harmonisera parfaitement \u00e0 votre d\u00e9cor. Ils sont offerts avec une grande vari\u00e9t\u00e9 de fonctionnalit\u00e9s, parmi les plus populaires actuellement, et leur taille s\u2019\u00e9chelonne de 0,6 pi3 \u00e0 1,6 pi3. Les fours \u00e0 micro-ondes Danby sont bien adapt\u00e9s au dortoir, au bureau, au chalet ou \u00e0 la cuisine.\" \/>\n<meta name=\"robots\" content=\"index, follow, max-snippet:-1, max-image-preview:large, max-video-preview:-1\" \/>\n<link rel=\"canonical\" href=\"https:\/\/www.danby.com\/fr\/products\/fours-a-micro-ondes\/dmw09a2wdb\/\" \/>\n<meta property=\"og:locale\" content=\"fr_CA\" \/>\n<meta property=\"og:type\" content=\"article\" \/>\n<meta property=\"og:title\" content=\"Danby 0.9 cu. ft. Fours \u00e0 micro-onde - DMW09A2WDB | Danby Canada\" \/>\n<meta property=\"og:description\" content=\"Les fours \u00e0 micro-ondes de comptoir Danby sont aussi \u00e9l\u00e9gants qu\u2019ils sont pratiques et \u00e9conomiques! Disponibles en blanc, noir et acier inoxydable, il existe un mod\u00e8le qui s\u2019harmonisera parfaitement \u00e0 votre d\u00e9cor. Ils sont offerts avec une grande vari\u00e9t\u00e9 de fonctionnalit\u00e9s, parmi les plus populaires actuellement, et leur taille s\u2019\u00e9chelonne de 0,6 pi3 \u00e0 1,6 pi3. Les fours \u00e0 micro-ondes Danby sont bien adapt\u00e9s au dortoir, au bureau, au chalet ou \u00e0 la cuisine.\" \/>\n<meta property=\"og:url\" content=\"https:\/\/www.danby.com\/fr\/products\/fours-a-micro-ondes\/dmw09a2wdb\/\" \/>\n<meta property=\"og:site_name\" content=\"Danby - Canada - French\" \/>\n<meta property=\"article:publisher\" content=\"https:\/\/www.facebook.com\/DanbyAppliances\" \/>\n<meta property=\"article:modified_time\" content=\"2026-04-15T10:07:21+00:00\" \/>\n<meta property=\"og:image\" content=\"https:\/\/cdnweb.danby.com\/wp-content\/uploads\/sites\/2\/2022\/02\/08213510\/DMW09A2WDB_Right.jpg\" \/>\n\t<meta property=\"og:image:width\" content=\"2442\" \/>\n\t<meta property=\"og:image:height\" content=\"1500\" \/>\n\t<meta property=\"og:image:type\" content=\"image\/jpeg\" \/>\n<meta name=\"twitter:card\" content=\"summary_large_image\" \/>\n<meta name=\"twitter:site\" content=\"@DanbyAppliance\" \/>\n<script type=\"application\/ld+json\" class=\"yoast-schema-graph\">{\"@context\":\"https:\/\/schema.org\",\"@graph\":[{\"@type\":[\"WebPage\",\"ItemPage\"],\"url\":\"https:\/\/www.danby.com\/fr\/products\/fours-a-micro-ondes\/dmw09a2wdb\/\",\"name\":\"Danby 0.9 cu. ft. Fours \u00e0 micro-onde - DMW09A2WDB | Danby Canada\",\"isPartOf\":[],\"primaryImageOfPage\":[],\"image\":[],\"thumbnailUrl\":\"https:\/\/cdnweb.danby.com\/wp-content\/uploads\/sites\/2\/2022\/02\/08213510\/DMW09A2WDB_Right.jpg\",\"datePublished\":\"2022-02-03T19:18:29+00:00\",\"dateModified\":\"2026-04-15T10:07:21+00:00\",\"description\":\"Les fours \u00e0 micro-ondes de comptoir Danby sont aussi \u00e9l\u00e9gants qu\u2019ils sont pratiques et \u00e9conomiques! Disponibles en blanc, noir et acier inoxydable, il existe un mod\u00e8le qui s\u2019harmonisera parfaitement \u00e0 votre d\u00e9cor. Ils sont offerts avec une grande vari\u00e9t\u00e9 de fonctionnalit\u00e9s, parmi les plus populaires actuellement, et leur taille s\u2019\u00e9chelonne de 0,6 pi3 \u00e0 1,6 pi3. Les fours \u00e0 micro-ondes Danby sont bien adapt\u00e9s au dortoir, au bureau, au chalet ou \u00e0 la cuisine.\",\"breadcrumb\":[],\"inLanguage\":\"fr-CA\",\"potentialAction\":[{\"@type\":\"ReadAction\",\"target\":[\"https:\/\/www.danby.com\/fr\/products\/fours-a-micro-ondes\/dmw09a2wdb\/\"]}]},{\"@type\":\"ImageObject\",\"inLanguage\":\"fr-CA\",\"url\":\"https:\/\/cdnweb.danby.com\/wp-content\/uploads\/sites\/2\/2022\/02\/08213510\/DMW09A2WDB_Right.jpg\",\"contentUrl\":\"https:\/\/cdnweb.danby.com\/wp-content\/uploads\/sites\/2\/2022\/02\/08213510\/DMW09A2WDB_Right.jpg\",\"width\":2442,\"height\":1500},{\"@type\":\"BreadcrumbList\",\"itemListElement\":[{\"@type\":\"ListItem\",\"position\":1,\"name\":\"Home\",\"item\":\"https:\/\/www.danby.com\/fr\/\"},{\"@type\":\"ListItem\",\"position\":2,\"name\":\"Boutique\",\"item\":\"https:\/\/www.danby.com\/fr\/boutique\/\"},{\"@type\":\"ListItem\",\"position\":3,\"name\":\"Danby 0.9 cu. ft. Fours \u00e0 micro-onde\"}]},{\"@type\":\"WebSite\",\"url\":\"https:\/\/www.danby.com\/fr\/\",\"name\":\"Danby - Canada - French\",\"description\":\"Leader dans le domaine de la r\u00e9frig\u00e9ration et des appareils sp\u00e9cialis\u00e9s\",\"publisher\":[],\"potentialAction\":[{\"@type\":\"SearchAction\",\"target\":{\"@type\":\"EntryPoint\",\"urlTemplate\":\"https:\/\/www.danby.com\/fr\/?s={search_term_string}\"},\"query-input\":{\"@type\":\"PropertyValueSpecification\",\"valueRequired\":true,\"valueName\":\"search_term_string\"}}],\"inLanguage\":\"fr-CA\"},{\"@type\":\"Organization\",\"name\":\"Danby Appliances\",\"url\":\"https:\/\/www.danby.com\/fr\/\",\"logo\":{\"@type\":\"ImageObject\",\"inLanguage\":\"fr-CA\",\"url\":\"https:\/\/cdnweb.danby.com\/wp-content\/uploads\/sites\/2\/2022\/02\/10141906\/Danby75Ans_Blue.png\",\"contentUrl\":\"https:\/\/cdnweb.danby.com\/wp-content\/uploads\/sites\/2\/2022\/02\/10141906\/Danby75Ans_Blue.png\",\"width\":470,\"height\":110,\"caption\":\"Danby Appliances\"},\"image\":[],\"sameAs\":[\"https:\/\/www.facebook.com\/DanbyAppliances\",\"https:\/\/x.com\/DanbyAppliance\",\"https:\/\/instagram.com\/danbyappliances\/\",\"https:\/\/www.linkedin.com\/company\/danbyappliances\",\"https:\/\/www.pinterest.ca\/danbyappliances\/\",\"https:\/\/www.youtube.com\/user\/DanbyProducts\",\"https:\/\/en.wikipedia.org\/wiki\/Danby_(appliances)\"]}]}<\/script>\n<!-- \/ Yoast SEO plugin. -->","yoast_head_json":{"title":"Danby 0.9 cu. ft. Fours \u00e0 micro-onde - DMW09A2WDB | Danby Canada","description":"Les fours \u00e0 micro-ondes de comptoir Danby sont aussi \u00e9l\u00e9gants qu\u2019ils sont pratiques et \u00e9conomiques! Disponibles en blanc, noir et acier inoxydable, il existe un mod\u00e8le qui s\u2019harmonisera parfaitement \u00e0 votre d\u00e9cor. Ils sont offerts avec une grande vari\u00e9t\u00e9 de fonctionnalit\u00e9s, parmi les plus populaires actuellement, et leur taille s\u2019\u00e9chelonne de 0,6 pi3 \u00e0 1,6 pi3. Les fours \u00e0 micro-ondes Danby sont bien adapt\u00e9s au dortoir, au bureau, au chalet ou \u00e0 la cuisine.","robots":{"index":"index","follow":"follow","max-snippet":"max-snippet:-1","max-image-preview":"max-image-preview:large","max-video-preview":"max-video-preview:-1"},"canonical":"https:\/\/www.danby.com\/fr\/products\/fours-a-micro-ondes\/dmw09a2wdb\/","og_locale":"fr_CA","og_type":"article","og_title":"Danby 0.9 cu. ft. Fours \u00e0 micro-onde - DMW09A2WDB | Danby Canada","og_description":"Les fours \u00e0 micro-ondes de comptoir Danby sont aussi \u00e9l\u00e9gants qu\u2019ils sont pratiques et \u00e9conomiques! Disponibles en blanc, noir et acier inoxydable, il existe un mod\u00e8le qui s\u2019harmonisera parfaitement \u00e0 votre d\u00e9cor. Ils sont offerts avec une grande vari\u00e9t\u00e9 de fonctionnalit\u00e9s, parmi les plus populaires actuellement, et leur taille s\u2019\u00e9chelonne de 0,6 pi3 \u00e0 1,6 pi3. Les fours \u00e0 micro-ondes Danby sont bien adapt\u00e9s au dortoir, au bureau, au chalet ou \u00e0 la cuisine.","og_url":"https:\/\/www.danby.com\/fr\/products\/fours-a-micro-ondes\/dmw09a2wdb\/","og_site_name":"Danby - Canada - French","article_publisher":"https:\/\/www.facebook.com\/DanbyAppliances","article_modified_time":"2026-04-15T10:07:21+00:00","og_image":[{"width":2442,"height":1500,"url":"https:\/\/cdnweb.danby.com\/wp-content\/uploads\/sites\/2\/2022\/02\/08213510\/DMW09A2WDB_Right.jpg","type":"image\/jpeg"}],"twitter_card":"summary_large_image","twitter_site":"@DanbyAppliance","schema":{"@context":"https:\/\/schema.org","@graph":[{"@type":["WebPage","ItemPage"],"url":"https:\/\/www.danby.com\/fr\/products\/fours-a-micro-ondes\/dmw09a2wdb\/","name":"Danby 0.9 cu. ft. Fours \u00e0 micro-onde - DMW09A2WDB | Danby Canada","isPartOf":[],"primaryImageOfPage":[],"image":[],"thumbnailUrl":"https:\/\/cdnweb.danby.com\/wp-content\/uploads\/sites\/2\/2022\/02\/08213510\/DMW09A2WDB_Right.jpg","datePublished":"2022-02-03T19:18:29+00:00","dateModified":"2026-04-15T10:07:21+00:00","description":"Les fours \u00e0 micro-ondes de comptoir Danby sont aussi \u00e9l\u00e9gants qu\u2019ils sont pratiques et \u00e9conomiques! Disponibles en blanc, noir et acier inoxydable, il existe un mod\u00e8le qui s\u2019harmonisera parfaitement \u00e0 votre d\u00e9cor. Ils sont offerts avec une grande vari\u00e9t\u00e9 de fonctionnalit\u00e9s, parmi les plus populaires actuellement, et leur taille s\u2019\u00e9chelonne de 0,6 pi3 \u00e0 1,6 pi3. Les fours \u00e0 micro-ondes Danby sont bien adapt\u00e9s au dortoir, au bureau, au chalet ou \u00e0 la cuisine.","breadcrumb":[],"inLanguage":"fr-CA","potentialAction":[{"@type":"ReadAction","target":["https:\/\/www.danby.com\/fr\/products\/fours-a-micro-ondes\/dmw09a2wdb\/"]}]},{"@type":"ImageObject","inLanguage":"fr-CA","url":"https:\/\/cdnweb.danby.com\/wp-content\/uploads\/sites\/2\/2022\/02\/08213510\/DMW09A2WDB_Right.jpg","contentUrl":"https:\/\/cdnweb.danby.com\/wp-content\/uploads\/sites\/2\/2022\/02\/08213510\/DMW09A2WDB_Right.jpg","width":2442,"height":1500},{"@type":"BreadcrumbList","itemListElement":[{"@type":"ListItem","position":1,"name":"Home","item":"https:\/\/www.danby.com\/fr\/"},{"@type":"ListItem","position":2,"name":"Boutique","item":"https:\/\/www.danby.com\/fr\/boutique\/"},{"@type":"ListItem","position":3,"name":"Danby 0.9 cu. ft. Fours \u00e0 micro-onde"}]},{"@type":"WebSite","url":"https:\/\/www.danby.com\/fr\/","name":"Danby - Canada - French","description":"Leader dans le domaine de la r\u00e9frig\u00e9ration et des appareils sp\u00e9cialis\u00e9s","publisher":[],"potentialAction":[{"@type":"SearchAction","target":{"@type":"EntryPoint","urlTemplate":"https:\/\/www.danby.com\/fr\/?s={search_term_string}"},"query-input":{"@type":"PropertyValueSpecification","valueRequired":true,"valueName":"search_term_string"}}],"inLanguage":"fr-CA"},{"@type":"Organization","name":"Danby Appliances","url":"https:\/\/www.danby.com\/fr\/","logo":{"@type":"ImageObject","inLanguage":"fr-CA","url":"https:\/\/cdnweb.danby.com\/wp-content\/uploads\/sites\/2\/2022\/02\/10141906\/Danby75Ans_Blue.png","contentUrl":"https:\/\/cdnweb.danby.com\/wp-content\/uploads\/sites\/2\/2022\/02\/10141906\/Danby75Ans_Blue.png","width":470,"height":110,"caption":"Danby Appliances"},"image":[],"sameAs":["https:\/\/www.facebook.com\/DanbyAppliances","https:\/\/x.com\/DanbyAppliance","https:\/\/instagram.com\/danbyappliances\/","https:\/\/www.linkedin.com\/company\/danbyappliances","https:\/\/www.pinterest.ca\/danbyappliances\/","https:\/\/www.youtube.com\/user\/DanbyProducts","https:\/\/en.wikipedia.org\/wiki\/Danby_(appliances)"]}]}},"post_mailing_queue_ids":[],"_links":{"self":[{"href":"https:\/\/www.danby.com\/fr\/wp-json\/wp\/v2\/product\/5020","targetHints":{"allow":["GET"]}}],"collection":[{"href":"https:\/\/www.danby.com\/fr\/wp-json\/wp\/v2\/product"}],"about":[{"href":"https:\/\/www.danby.com\/fr\/wp-json\/wp\/v2\/types\/product"}],"replies":[{"embeddable":true,"href":"https:\/\/www.danby.com\/fr\/wp-json\/wp\/v2\/comments?post=5020"}],"wp:featuredmedia":[{"embeddable":true,"href":"https:\/\/www.danby.com\/fr\/wp-json\/wp\/v2\/media\/9082"}],"wp:attachment":[{"href":"https:\/\/www.danby.com\/fr\/wp-json\/wp\/v2\/media?parent=5020"}],"wp:term":[{"taxonomy":"product_brand","embeddable":true,"href":"https:\/\/www.danby.com\/fr\/wp-json\/wp\/v2\/product_brand?post=5020"},{"taxonomy":"product_cat","embeddable":true,"href":"https:\/\/www.danby.com\/fr\/wp-json\/wp\/v2\/product_cat?post=5020"},{"taxonomy":"product_tag","embeddable":true,"href":"https:\/\/www.danby.com\/fr\/wp-json\/wp\/v2\/product_tag?post=5020"}],"curies":[{"name":"wp","href":"https:\/\/api.w.org\/{rel}","templated":true}]}}