{"id":5016,"date":"2022-02-03T19:18:29","date_gmt":"2022-02-03T19:18:29","guid":{"rendered":"https:\/\/www.danby.com\/fr\/product\/dmw099blsdd\/"},"modified":"2026-04-25T10:10:30","modified_gmt":"2026-04-25T10:10:30","slug":"dmw099blsdd","status":"publish","type":"product","link":"https:\/\/www.danby.com\/fr\/products\/fours-a-micro-ondes\/dmw099blsdd\/","title":{"rendered":"Danby Designer 0.9  pi3 Fours \u00e0 micro-onde"},"content":{"rendered":"","protected":false},"excerpt":{"rendered":"<ul>\n<li>Spacieux: capacit\u00e9 de 0,9 pi3<\/li>\n<li>Puissance de 900 watts<\/li>\n<li>Ext\u00e9rieur stylis\u00e9 en acier inoxydable<\/li>\n<li>10 niveaux de puissance<\/li>\n<li>Cuisson simple \u00e0 une seule touche pour 8 aliments populaires<\/li>\n<li>Minuterie\/horloge \u00e0 DEL facile \u00e0 lire<\/li>\n<\/ul>\n","protected":false},"featured_media":6702,"comment_status":"closed","ping_status":"open","template":"","meta":{"_acf_changed":false},"product_brand":[],"product_cat":[32],"product_tag":[],"class_list":{"0":"post-5016","1":"product","2":"type-product","3":"status-publish","4":"has-post-thumbnail","6":"product_cat-fours-a-micro-ondes","8":"first","9":"outofstock","10":"taxable","11":"shipping-taxable","12":"product-type-simple"},"acf":[],"yoast_head":"<!-- This site is optimized with the Yoast SEO plugin v27.4 - https:\/\/yoast.com\/product\/yoast-seo-wordpress\/ -->\n<title>Danby Designer 0.9 pi3 Fours \u00e0 micro-onde - DMW099BLSDD | Danby Canada<\/title>\n<meta name=\"description\" content=\"Ce four \u00e0 micro-ondes Danby moderne et spacieux, vous permet de savourer \u00e0 n\u2019importe quel moment de la journ\u00e9e ou de la soir\u00e9e, des mets d\u00e9licieux et pr\u00e9par\u00e9s en un tournemain. Cet \u00e9l\u00e9gant mod\u00e8le de format moyen est pourvu d\u2019une impressionnante surface de cuisson de 25 litres (0,9 pied cube) et d\u00e9ploie une puissance maximale de 900 watts. Gr\u00e2ce \u00e0 son attrayant rev\u00eatement ext\u00e9rieur r\u00e9sistant en acier inoxydable, il s\u2019harmonisera le plus naturellement \u00e0 tout type de d\u00e9cor, tout en ajoutant une touche d\u2019\u00e9l\u00e9gance \u00e0 la pi\u00e8ce o\u00f9 il est install\u00e9. Ce four \u00e0 micro-ondes tendance comporte un choix entre 10 niveaux de puissance et une fonction commode de cuisson monotouche pour les huit aliments les plus populaires, comme le ma\u00efs \u00e9clat\u00e9, la pizza, la soupe et les l\u00e9gumes congel\u00e9s. Il est aussi \u00e9quip\u00e9 d\u2019un choix de cinq programmes pratiques de sp\u00e9cialit\u00e9s, minuterie de cuisine, d\u00e9givrage par poids, d\u00e9givrage chronocommand\u00e9 et param\u00e8tres de m\u00e9moire et de puissance. Chaque option est ais\u00e9ment et rapidement programmable, gr\u00e2ce au dispositif d\u2019horloge\/minuterie \u00e0 DEL brillant. Ce mod\u00e8le est aussi assorti d\u2019une excellente garantie de 18 mois sur les pi\u00e8ces et la main-d\u2019\u0153uvre.\" \/>\n<meta name=\"robots\" content=\"index, follow, max-snippet:-1, max-image-preview:large, max-video-preview:-1\" \/>\n<link rel=\"canonical\" href=\"https:\/\/www.danby.com\/fr\/products\/fours-a-micro-ondes\/dmw099blsdd\/\" \/>\n<meta property=\"og:locale\" content=\"fr_CA\" \/>\n<meta property=\"og:type\" content=\"article\" \/>\n<meta property=\"og:title\" content=\"Danby Designer 0.9 pi3 Fours \u00e0 micro-onde - DMW099BLSDD | Danby Canada\" \/>\n<meta property=\"og:description\" content=\"Ce four \u00e0 micro-ondes Danby moderne et spacieux, vous permet de savourer \u00e0 n\u2019importe quel moment de la journ\u00e9e ou de la soir\u00e9e, des mets d\u00e9licieux et pr\u00e9par\u00e9s en un tournemain. Cet \u00e9l\u00e9gant mod\u00e8le de format moyen est pourvu d\u2019une impressionnante surface de cuisson de 25 litres (0,9 pied cube) et d\u00e9ploie une puissance maximale de 900 watts. Gr\u00e2ce \u00e0 son attrayant rev\u00eatement ext\u00e9rieur r\u00e9sistant en acier inoxydable, il s\u2019harmonisera le plus naturellement \u00e0 tout type de d\u00e9cor, tout en ajoutant une touche d\u2019\u00e9l\u00e9gance \u00e0 la pi\u00e8ce o\u00f9 il est install\u00e9. Ce four \u00e0 micro-ondes tendance comporte un choix entre 10 niveaux de puissance et une fonction commode de cuisson monotouche pour les huit aliments les plus populaires, comme le ma\u00efs \u00e9clat\u00e9, la pizza, la soupe et les l\u00e9gumes congel\u00e9s. Il est aussi \u00e9quip\u00e9 d\u2019un choix de cinq programmes pratiques de sp\u00e9cialit\u00e9s, minuterie de cuisine, d\u00e9givrage par poids, d\u00e9givrage chronocommand\u00e9 et param\u00e8tres de m\u00e9moire et de puissance. Chaque option est ais\u00e9ment et rapidement programmable, gr\u00e2ce au dispositif d\u2019horloge\/minuterie \u00e0 DEL brillant. Ce mod\u00e8le est aussi assorti d\u2019une excellente garantie de 18 mois sur les pi\u00e8ces et la main-d\u2019\u0153uvre.\" \/>\n<meta property=\"og:url\" content=\"https:\/\/www.danby.com\/fr\/products\/fours-a-micro-ondes\/dmw099blsdd\/\" \/>\n<meta property=\"og:site_name\" content=\"Danby - Canada - French\" \/>\n<meta property=\"article:publisher\" content=\"https:\/\/www.facebook.com\/DanbyAppliances\" \/>\n<meta property=\"article:modified_time\" content=\"2026-04-25T10:10:30+00:00\" \/>\n<meta property=\"og:image\" content=\"https:\/\/cdnweb.danby.com\/wp-content\/uploads\/sites\/2\/2022\/02\/08185504\/proMed-dmw077blsdd3.jpg\" \/>\n\t<meta property=\"og:image:width\" content=\"300\" \/>\n\t<meta property=\"og:image:height\" content=\"272\" \/>\n\t<meta property=\"og:image:type\" content=\"image\/jpeg\" \/>\n<meta name=\"twitter:card\" content=\"summary_large_image\" \/>\n<meta name=\"twitter:site\" content=\"@DanbyAppliance\" \/>\n<script type=\"application\/ld+json\" class=\"yoast-schema-graph\">{\"@context\":\"https:\\\/\\\/schema.org\",\"@graph\":[{\"@type\":[\"WebPage\",\"ItemPage\"],\"url\":\"https:\\\/\\\/www.danby.com\\\/fr\\\/products\\\/fours-a-micro-ondes\\\/dmw099blsdd\\\/\",\"name\":\"Danby Designer 0.9 pi3 Fours \u00e0 micro-onde - DMW099BLSDD | Danby Canada\",\"isPartOf\":[],\"primaryImageOfPage\":[],\"image\":[],\"thumbnailUrl\":\"https:\\\/\\\/cdnweb.danby.com\\\/wp-content\\\/uploads\\\/sites\\\/2\\\/2022\\\/02\\\/08185504\\\/proMed-dmw077blsdd3.jpg\",\"datePublished\":\"2022-02-03T19:18:29+00:00\",\"dateModified\":\"2026-04-25T10:10:30+00:00\",\"description\":\"Ce four \u00e0 micro-ondes Danby moderne et spacieux, vous permet de savourer \u00e0 n\u2019importe quel moment de la journ\u00e9e ou de la soir\u00e9e, des mets d\u00e9licieux et pr\u00e9par\u00e9s en un tournemain. Cet \u00e9l\u00e9gant mod\u00e8le de format moyen est pourvu d\u2019une impressionnante surface de cuisson de 25 litres (0,9 pied cube) et d\u00e9ploie une puissance maximale de 900 watts. Gr\u00e2ce \u00e0 son attrayant rev\u00eatement ext\u00e9rieur r\u00e9sistant en acier inoxydable, il s\u2019harmonisera le plus naturellement \u00e0 tout type de d\u00e9cor, tout en ajoutant une touche d\u2019\u00e9l\u00e9gance \u00e0 la pi\u00e8ce o\u00f9 il est install\u00e9. Ce four \u00e0 micro-ondes tendance comporte un choix entre 10 niveaux de puissance et une fonction commode de cuisson monotouche pour les huit aliments les plus populaires, comme le ma\u00efs \u00e9clat\u00e9, la pizza, la soupe et les l\u00e9gumes congel\u00e9s. Il est aussi \u00e9quip\u00e9 d\u2019un choix de cinq programmes pratiques de sp\u00e9cialit\u00e9s, minuterie de cuisine, d\u00e9givrage par poids, d\u00e9givrage chronocommand\u00e9 et param\u00e8tres de m\u00e9moire et de puissance. Chaque option est ais\u00e9ment et rapidement programmable, gr\u00e2ce au dispositif d\u2019horloge\\\/minuterie \u00e0 DEL brillant. Ce mod\u00e8le est aussi assorti d\u2019une excellente garantie de 18 mois sur les pi\u00e8ces et la main-d\u2019\u0153uvre.\",\"breadcrumb\":[],\"inLanguage\":\"fr-CA\",\"potentialAction\":[{\"@type\":\"ReadAction\",\"target\":[\"https:\\\/\\\/www.danby.com\\\/fr\\\/products\\\/fours-a-micro-ondes\\\/dmw099blsdd\\\/\"]}]},{\"@type\":\"ImageObject\",\"inLanguage\":\"fr-CA\",\"url\":\"https:\\\/\\\/cdnweb.danby.com\\\/wp-content\\\/uploads\\\/sites\\\/2\\\/2022\\\/02\\\/08185504\\\/proMed-dmw077blsdd3.jpg\",\"contentUrl\":\"https:\\\/\\\/cdnweb.danby.com\\\/wp-content\\\/uploads\\\/sites\\\/2\\\/2022\\\/02\\\/08185504\\\/proMed-dmw077blsdd3.jpg\",\"width\":300,\"height\":272},{\"@type\":\"BreadcrumbList\",\"itemListElement\":[{\"@type\":\"ListItem\",\"position\":1,\"name\":\"Home\",\"item\":\"https:\\\/\\\/www.danby.com\\\/fr\\\/\"},{\"@type\":\"ListItem\",\"position\":2,\"name\":\"Boutique\",\"item\":\"https:\\\/\\\/www.danby.com\\\/fr\\\/boutique\\\/\"},{\"@type\":\"ListItem\",\"position\":3,\"name\":\"Danby Designer 0.9 pi3 Fours \u00e0 micro-onde\"}]},{\"@type\":\"WebSite\",\"url\":\"https:\\\/\\\/www.danby.com\\\/fr\\\/\",\"name\":\"Danby - Canada - French\",\"description\":\"Leader dans le domaine de la r\u00e9frig\u00e9ration et des appareils sp\u00e9cialis\u00e9s\",\"publisher\":[],\"potentialAction\":[{\"@type\":\"SearchAction\",\"target\":{\"@type\":\"EntryPoint\",\"urlTemplate\":\"https:\\\/\\\/www.danby.com\\\/fr\\\/?s={search_term_string}\"},\"query-input\":{\"@type\":\"PropertyValueSpecification\",\"valueRequired\":true,\"valueName\":\"search_term_string\"}}],\"inLanguage\":\"fr-CA\"},{\"@type\":\"Organization\",\"name\":\"Danby Appliances\",\"url\":\"https:\\\/\\\/www.danby.com\\\/fr\\\/\",\"logo\":{\"@type\":\"ImageObject\",\"inLanguage\":\"fr-CA\",\"url\":\"https:\\\/\\\/cdnweb.danby.com\\\/wp-content\\\/uploads\\\/sites\\\/2\\\/2022\\\/02\\\/10141906\\\/Danby75Ans_Blue.png\",\"contentUrl\":\"https:\\\/\\\/cdnweb.danby.com\\\/wp-content\\\/uploads\\\/sites\\\/2\\\/2022\\\/02\\\/10141906\\\/Danby75Ans_Blue.png\",\"width\":470,\"height\":110,\"caption\":\"Danby Appliances\"},\"image\":[],\"sameAs\":[\"https:\\\/\\\/www.facebook.com\\\/DanbyAppliances\",\"https:\\\/\\\/x.com\\\/DanbyAppliance\",\"https:\\\/\\\/instagram.com\\\/danbyappliances\\\/\",\"https:\\\/\\\/www.linkedin.com\\\/company\\\/danbyappliances\",\"https:\\\/\\\/www.pinterest.ca\\\/danbyappliances\\\/\",\"https:\\\/\\\/www.youtube.com\\\/user\\\/DanbyProducts\",\"https:\\\/\\\/en.wikipedia.org\\\/wiki\\\/Danby_(appliances)\"]}]}<\/script>\n<!-- \/ Yoast SEO plugin. -->","yoast_head_json":{"title":"Danby Designer 0.9 pi3 Fours \u00e0 micro-onde - DMW099BLSDD | Danby Canada","description":"Ce four \u00e0 micro-ondes Danby moderne et spacieux, vous permet de savourer \u00e0 n\u2019importe quel moment de la journ\u00e9e ou de la soir\u00e9e, des mets d\u00e9licieux et pr\u00e9par\u00e9s en un tournemain. Cet \u00e9l\u00e9gant mod\u00e8le de format moyen est pourvu d\u2019une impressionnante surface de cuisson de 25 litres (0,9 pied cube) et d\u00e9ploie une puissance maximale de 900 watts. Gr\u00e2ce \u00e0 son attrayant rev\u00eatement ext\u00e9rieur r\u00e9sistant en acier inoxydable, il s\u2019harmonisera le plus naturellement \u00e0 tout type de d\u00e9cor, tout en ajoutant une touche d\u2019\u00e9l\u00e9gance \u00e0 la pi\u00e8ce o\u00f9 il est install\u00e9. Ce four \u00e0 micro-ondes tendance comporte un choix entre 10 niveaux de puissance et une fonction commode de cuisson monotouche pour les huit aliments les plus populaires, comme le ma\u00efs \u00e9clat\u00e9, la pizza, la soupe et les l\u00e9gumes congel\u00e9s. Il est aussi \u00e9quip\u00e9 d\u2019un choix de cinq programmes pratiques de sp\u00e9cialit\u00e9s, minuterie de cuisine, d\u00e9givrage par poids, d\u00e9givrage chronocommand\u00e9 et param\u00e8tres de m\u00e9moire et de puissance. Chaque option est ais\u00e9ment et rapidement programmable, gr\u00e2ce au dispositif d\u2019horloge\/minuterie \u00e0 DEL brillant. Ce mod\u00e8le est aussi assorti d\u2019une excellente garantie de 18 mois sur les pi\u00e8ces et la main-d\u2019\u0153uvre.","robots":{"index":"index","follow":"follow","max-snippet":"max-snippet:-1","max-image-preview":"max-image-preview:large","max-video-preview":"max-video-preview:-1"},"canonical":"https:\/\/www.danby.com\/fr\/products\/fours-a-micro-ondes\/dmw099blsdd\/","og_locale":"fr_CA","og_type":"article","og_title":"Danby Designer 0.9 pi3 Fours \u00e0 micro-onde - DMW099BLSDD | Danby Canada","og_description":"Ce four \u00e0 micro-ondes Danby moderne et spacieux, vous permet de savourer \u00e0 n\u2019importe quel moment de la journ\u00e9e ou de la soir\u00e9e, des mets d\u00e9licieux et pr\u00e9par\u00e9s en un tournemain. Cet \u00e9l\u00e9gant mod\u00e8le de format moyen est pourvu d\u2019une impressionnante surface de cuisson de 25 litres (0,9 pied cube) et d\u00e9ploie une puissance maximale de 900 watts. Gr\u00e2ce \u00e0 son attrayant rev\u00eatement ext\u00e9rieur r\u00e9sistant en acier inoxydable, il s\u2019harmonisera le plus naturellement \u00e0 tout type de d\u00e9cor, tout en ajoutant une touche d\u2019\u00e9l\u00e9gance \u00e0 la pi\u00e8ce o\u00f9 il est install\u00e9. Ce four \u00e0 micro-ondes tendance comporte un choix entre 10 niveaux de puissance et une fonction commode de cuisson monotouche pour les huit aliments les plus populaires, comme le ma\u00efs \u00e9clat\u00e9, la pizza, la soupe et les l\u00e9gumes congel\u00e9s. Il est aussi \u00e9quip\u00e9 d\u2019un choix de cinq programmes pratiques de sp\u00e9cialit\u00e9s, minuterie de cuisine, d\u00e9givrage par poids, d\u00e9givrage chronocommand\u00e9 et param\u00e8tres de m\u00e9moire et de puissance. Chaque option est ais\u00e9ment et rapidement programmable, gr\u00e2ce au dispositif d\u2019horloge\/minuterie \u00e0 DEL brillant. Ce mod\u00e8le est aussi assorti d\u2019une excellente garantie de 18 mois sur les pi\u00e8ces et la main-d\u2019\u0153uvre.","og_url":"https:\/\/www.danby.com\/fr\/products\/fours-a-micro-ondes\/dmw099blsdd\/","og_site_name":"Danby - Canada - French","article_publisher":"https:\/\/www.facebook.com\/DanbyAppliances","article_modified_time":"2026-04-25T10:10:30+00:00","og_image":[{"width":300,"height":272,"url":"https:\/\/cdnweb.danby.com\/wp-content\/uploads\/sites\/2\/2022\/02\/08185504\/proMed-dmw077blsdd3.jpg","type":"image\/jpeg"}],"twitter_card":"summary_large_image","twitter_site":"@DanbyAppliance","schema":{"@context":"https:\/\/schema.org","@graph":[{"@type":["WebPage","ItemPage"],"url":"https:\/\/www.danby.com\/fr\/products\/fours-a-micro-ondes\/dmw099blsdd\/","name":"Danby Designer 0.9 pi3 Fours \u00e0 micro-onde - DMW099BLSDD | Danby Canada","isPartOf":[],"primaryImageOfPage":[],"image":[],"thumbnailUrl":"https:\/\/cdnweb.danby.com\/wp-content\/uploads\/sites\/2\/2022\/02\/08185504\/proMed-dmw077blsdd3.jpg","datePublished":"2022-02-03T19:18:29+00:00","dateModified":"2026-04-25T10:10:30+00:00","description":"Ce four \u00e0 micro-ondes Danby moderne et spacieux, vous permet de savourer \u00e0 n\u2019importe quel moment de la journ\u00e9e ou de la soir\u00e9e, des mets d\u00e9licieux et pr\u00e9par\u00e9s en un tournemain. Cet \u00e9l\u00e9gant mod\u00e8le de format moyen est pourvu d\u2019une impressionnante surface de cuisson de 25 litres (0,9 pied cube) et d\u00e9ploie une puissance maximale de 900 watts. Gr\u00e2ce \u00e0 son attrayant rev\u00eatement ext\u00e9rieur r\u00e9sistant en acier inoxydable, il s\u2019harmonisera le plus naturellement \u00e0 tout type de d\u00e9cor, tout en ajoutant une touche d\u2019\u00e9l\u00e9gance \u00e0 la pi\u00e8ce o\u00f9 il est install\u00e9. Ce four \u00e0 micro-ondes tendance comporte un choix entre 10 niveaux de puissance et une fonction commode de cuisson monotouche pour les huit aliments les plus populaires, comme le ma\u00efs \u00e9clat\u00e9, la pizza, la soupe et les l\u00e9gumes congel\u00e9s. Il est aussi \u00e9quip\u00e9 d\u2019un choix de cinq programmes pratiques de sp\u00e9cialit\u00e9s, minuterie de cuisine, d\u00e9givrage par poids, d\u00e9givrage chronocommand\u00e9 et param\u00e8tres de m\u00e9moire et de puissance. Chaque option est ais\u00e9ment et rapidement programmable, gr\u00e2ce au dispositif d\u2019horloge\/minuterie \u00e0 DEL brillant. Ce mod\u00e8le est aussi assorti d\u2019une excellente garantie de 18 mois sur les pi\u00e8ces et la main-d\u2019\u0153uvre.","breadcrumb":[],"inLanguage":"fr-CA","potentialAction":[{"@type":"ReadAction","target":["https:\/\/www.danby.com\/fr\/products\/fours-a-micro-ondes\/dmw099blsdd\/"]}]},{"@type":"ImageObject","inLanguage":"fr-CA","url":"https:\/\/cdnweb.danby.com\/wp-content\/uploads\/sites\/2\/2022\/02\/08185504\/proMed-dmw077blsdd3.jpg","contentUrl":"https:\/\/cdnweb.danby.com\/wp-content\/uploads\/sites\/2\/2022\/02\/08185504\/proMed-dmw077blsdd3.jpg","width":300,"height":272},{"@type":"BreadcrumbList","itemListElement":[{"@type":"ListItem","position":1,"name":"Home","item":"https:\/\/www.danby.com\/fr\/"},{"@type":"ListItem","position":2,"name":"Boutique","item":"https:\/\/www.danby.com\/fr\/boutique\/"},{"@type":"ListItem","position":3,"name":"Danby Designer 0.9 pi3 Fours \u00e0 micro-onde"}]},{"@type":"WebSite","url":"https:\/\/www.danby.com\/fr\/","name":"Danby - Canada - French","description":"Leader dans le domaine de la r\u00e9frig\u00e9ration et des appareils sp\u00e9cialis\u00e9s","publisher":[],"potentialAction":[{"@type":"SearchAction","target":{"@type":"EntryPoint","urlTemplate":"https:\/\/www.danby.com\/fr\/?s={search_term_string}"},"query-input":{"@type":"PropertyValueSpecification","valueRequired":true,"valueName":"search_term_string"}}],"inLanguage":"fr-CA"},{"@type":"Organization","name":"Danby Appliances","url":"https:\/\/www.danby.com\/fr\/","logo":{"@type":"ImageObject","inLanguage":"fr-CA","url":"https:\/\/cdnweb.danby.com\/wp-content\/uploads\/sites\/2\/2022\/02\/10141906\/Danby75Ans_Blue.png","contentUrl":"https:\/\/cdnweb.danby.com\/wp-content\/uploads\/sites\/2\/2022\/02\/10141906\/Danby75Ans_Blue.png","width":470,"height":110,"caption":"Danby Appliances"},"image":[],"sameAs":["https:\/\/www.facebook.com\/DanbyAppliances","https:\/\/x.com\/DanbyAppliance","https:\/\/instagram.com\/danbyappliances\/","https:\/\/www.linkedin.com\/company\/danbyappliances","https:\/\/www.pinterest.ca\/danbyappliances\/","https:\/\/www.youtube.com\/user\/DanbyProducts","https:\/\/en.wikipedia.org\/wiki\/Danby_(appliances)"]}]}},"post_mailing_queue_ids":[],"_links":{"self":[{"href":"https:\/\/www.danby.com\/fr\/wp-json\/wp\/v2\/product\/5016","targetHints":{"allow":["GET"]}}],"collection":[{"href":"https:\/\/www.danby.com\/fr\/wp-json\/wp\/v2\/product"}],"about":[{"href":"https:\/\/www.danby.com\/fr\/wp-json\/wp\/v2\/types\/product"}],"replies":[{"embeddable":true,"href":"https:\/\/www.danby.com\/fr\/wp-json\/wp\/v2\/comments?post=5016"}],"wp:featuredmedia":[{"embeddable":true,"href":"https:\/\/www.danby.com\/fr\/wp-json\/wp\/v2\/media\/6702"}],"wp:attachment":[{"href":"https:\/\/www.danby.com\/fr\/wp-json\/wp\/v2\/media?parent=5016"}],"wp:term":[{"taxonomy":"product_brand","embeddable":true,"href":"https:\/\/www.danby.com\/fr\/wp-json\/wp\/v2\/product_brand?post=5016"},{"taxonomy":"product_cat","embeddable":true,"href":"https:\/\/www.danby.com\/fr\/wp-json\/wp\/v2\/product_cat?post=5016"},{"taxonomy":"product_tag","embeddable":true,"href":"https:\/\/www.danby.com\/fr\/wp-json\/wp\/v2\/product_tag?post=5016"}],"curies":[{"name":"wp","href":"https:\/\/api.w.org\/{rel}","templated":true}]}}