{"id":5013,"date":"2022-02-03T19:18:29","date_gmt":"2022-02-03T19:18:29","guid":{"rendered":"https:\/\/www.danby.com\/fr\/product\/dmw07a4bdb\/"},"modified":"2026-04-12T10:06:25","modified_gmt":"2026-04-12T10:06:25","slug":"dmw07a4bdb","status":"publish","type":"product","link":"https:\/\/www.danby.com\/fr\/products\/fours-a-micro-ondes\/dmw07a4bdb\/","title":{"rendered":"Danby 0.7 cu. ft. Fours \u00e0 micro-onde"},"content":{"rendered":"","protected":false},"excerpt":{"rendered":"<ul>\n<li>Capacit\u00e9 de 0,7 pi3<\/li>\n<li>700 Watts<\/li>\n<li>Rev\u00eatement ext\u00e9rieur durable et \u00e9l\u00e9gant<\/li>\n<li>Fini int\u00e9rieur blanc<\/li>\n<li>10 niveaux de puissance<\/li>\n<li>6 fonctionnalit\u00e9s de cuisson monotouches pour le ma\u00efs \u00e0 \u00e9clater, les pommes de terre, la pizza, les boissons, les plats cuisin\u00e9s et le r\u00e9chauffage<\/li>\n<li>D\u00e9givrage par poids, d\u00e9givrage chronocommand\u00e9 et d\u00e9givrage rapide<\/li>\n<\/ul>\n","protected":false},"featured_media":9079,"comment_status":"closed","ping_status":"open","template":"","meta":{"_acf_changed":false},"product_brand":[],"product_cat":[32],"product_tag":[],"class_list":{"0":"post-5013","1":"product","2":"type-product","3":"status-publish","4":"has-post-thumbnail","6":"product_cat-fours-a-micro-ondes","8":"first","9":"outofstock","10":"taxable","11":"shipping-taxable","12":"product-type-simple"},"acf":[],"yoast_head":"<!-- This site is optimized with the Yoast SEO plugin v26.7 - https:\/\/yoast.com\/wordpress\/plugins\/seo\/ -->\n<title>Danby 0.7 cu. ft. Fours \u00e0 micro-onde - DMW07A4BDB | Danby Canada<\/title>\n<meta name=\"description\" content=\"Si vous recherchez le four \u00e0 micro-ondes de comptoir id\u00e9al pour votre cantine, bureau, chalet ou cuisine, votre recherche peut se terminer ici, gr\u00e2ce \u00e0 ce mod\u00e8le Danby \u00e9conomique et pratique. Cet appareil \u00e0 la fine pointe de la mode ajoute une touche de classe \u00e0 n&#039;importe quel d\u00e9cor, gr\u00e2ce \u00e0 son \u00e9l\u00e9gant rev\u00eatement noir ou blanc. Il b\u00e9n\u00e9ficie d\u2019une surface de cuisson de 20 litres (0,7 pied cube) capable d\u2019accommoder tous vos plats pr\u00e9f\u00e9r\u00e9s. Il vous offre un choix de 10 niveaux de puissance jusqu\u2019au niveau maximal de 700 watts. En outre, les six fonctionnalit\u00e9s de cuisson monotouches les plus appr\u00e9ci\u00e9es des utilisateurs de fours \u00e0 micro-ondes sont disponibles sur ce mod\u00e8le et il existe \u00e9galement un trio de programmes sp\u00e9cialis\u00e9s vous permettant de choisir la cuisson par poids, le d\u00e9givrage par poids et le d\u00e9givrage rapide de vos aliments. Ce four \u00e0 micro-ondes contemporain et compact est \u00e9quip\u00e9 d&#039;une lampe de four et d&#039;un plateau tournant automatiques, ainsi que d&#039;une minuterie et d&#039;une horloge \u00e9lectroniques \u00e0 DEL faciles \u00e0 programmer. Ce mod\u00e8le populaire dispose \u00e9galement d&#039;une garantie de 12 mois couvrant les pi\u00e8ces et la main-d&#039;\u0153uvre.\" \/>\n<meta name=\"robots\" content=\"index, follow, max-snippet:-1, max-image-preview:large, max-video-preview:-1\" \/>\n<link rel=\"canonical\" href=\"https:\/\/www.danby.com\/fr\/products\/fours-a-micro-ondes\/dmw07a4bdb\/\" \/>\n<meta property=\"og:locale\" content=\"fr_CA\" \/>\n<meta property=\"og:type\" content=\"article\" \/>\n<meta property=\"og:title\" content=\"Danby 0.7 cu. ft. Fours \u00e0 micro-onde - DMW07A4BDB | Danby Canada\" \/>\n<meta property=\"og:description\" content=\"Si vous recherchez le four \u00e0 micro-ondes de comptoir id\u00e9al pour votre cantine, bureau, chalet ou cuisine, votre recherche peut se terminer ici, gr\u00e2ce \u00e0 ce mod\u00e8le Danby \u00e9conomique et pratique. Cet appareil \u00e0 la fine pointe de la mode ajoute une touche de classe \u00e0 n&#039;importe quel d\u00e9cor, gr\u00e2ce \u00e0 son \u00e9l\u00e9gant rev\u00eatement noir ou blanc. Il b\u00e9n\u00e9ficie d\u2019une surface de cuisson de 20 litres (0,7 pied cube) capable d\u2019accommoder tous vos plats pr\u00e9f\u00e9r\u00e9s. Il vous offre un choix de 10 niveaux de puissance jusqu\u2019au niveau maximal de 700 watts. En outre, les six fonctionnalit\u00e9s de cuisson monotouches les plus appr\u00e9ci\u00e9es des utilisateurs de fours \u00e0 micro-ondes sont disponibles sur ce mod\u00e8le et il existe \u00e9galement un trio de programmes sp\u00e9cialis\u00e9s vous permettant de choisir la cuisson par poids, le d\u00e9givrage par poids et le d\u00e9givrage rapide de vos aliments. Ce four \u00e0 micro-ondes contemporain et compact est \u00e9quip\u00e9 d&#039;une lampe de four et d&#039;un plateau tournant automatiques, ainsi que d&#039;une minuterie et d&#039;une horloge \u00e9lectroniques \u00e0 DEL faciles \u00e0 programmer. Ce mod\u00e8le populaire dispose \u00e9galement d&#039;une garantie de 12 mois couvrant les pi\u00e8ces et la main-d&#039;\u0153uvre.\" \/>\n<meta property=\"og:url\" content=\"https:\/\/www.danby.com\/fr\/products\/fours-a-micro-ondes\/dmw07a4bdb\/\" \/>\n<meta property=\"og:site_name\" content=\"Danby - Canada - French\" \/>\n<meta property=\"article:publisher\" content=\"https:\/\/www.facebook.com\/DanbyAppliances\" \/>\n<meta property=\"article:modified_time\" content=\"2026-04-12T10:06:25+00:00\" \/>\n<meta property=\"og:image\" content=\"https:\/\/cdnweb.danby.com\/wp-content\/uploads\/sites\/2\/2022\/02\/08213450\/DMW07A4BDB_Right.jpg\" \/>\n\t<meta property=\"og:image:width\" content=\"2435\" \/>\n\t<meta property=\"og:image:height\" content=\"1500\" \/>\n\t<meta property=\"og:image:type\" content=\"image\/jpeg\" \/>\n<meta name=\"twitter:card\" content=\"summary_large_image\" \/>\n<meta name=\"twitter:site\" content=\"@DanbyAppliance\" \/>\n<script type=\"application\/ld+json\" class=\"yoast-schema-graph\">{\"@context\":\"https:\/\/schema.org\",\"@graph\":[{\"@type\":[\"WebPage\",\"ItemPage\"],\"url\":\"https:\/\/www.danby.com\/fr\/products\/fours-a-micro-ondes\/dmw07a4bdb\/\",\"name\":\"Danby 0.7 cu. ft. Fours \u00e0 micro-onde - DMW07A4BDB | Danby Canada\",\"isPartOf\":[],\"primaryImageOfPage\":[],\"image\":[],\"thumbnailUrl\":\"https:\/\/cdnweb.danby.com\/wp-content\/uploads\/sites\/2\/2022\/02\/08213450\/DMW07A4BDB_Right.jpg\",\"datePublished\":\"2022-02-03T19:18:29+00:00\",\"dateModified\":\"2026-04-12T10:06:25+00:00\",\"description\":\"Si vous recherchez le four \u00e0 micro-ondes de comptoir id\u00e9al pour votre cantine, bureau, chalet ou cuisine, votre recherche peut se terminer ici, gr\u00e2ce \u00e0 ce mod\u00e8le Danby \u00e9conomique et pratique. Cet appareil \u00e0 la fine pointe de la mode ajoute une touche de classe \u00e0 n'importe quel d\u00e9cor, gr\u00e2ce \u00e0 son \u00e9l\u00e9gant rev\u00eatement noir ou blanc. Il b\u00e9n\u00e9ficie d\u2019une surface de cuisson de 20 litres (0,7 pied cube) capable d\u2019accommoder tous vos plats pr\u00e9f\u00e9r\u00e9s. Il vous offre un choix de 10 niveaux de puissance jusqu\u2019au niveau maximal de 700 watts. En outre, les six fonctionnalit\u00e9s de cuisson monotouches les plus appr\u00e9ci\u00e9es des utilisateurs de fours \u00e0 micro-ondes sont disponibles sur ce mod\u00e8le et il existe \u00e9galement un trio de programmes sp\u00e9cialis\u00e9s vous permettant de choisir la cuisson par poids, le d\u00e9givrage par poids et le d\u00e9givrage rapide de vos aliments. Ce four \u00e0 micro-ondes contemporain et compact est \u00e9quip\u00e9 d'une lampe de four et d'un plateau tournant automatiques, ainsi que d'une minuterie et d'une horloge \u00e9lectroniques \u00e0 DEL faciles \u00e0 programmer. Ce mod\u00e8le populaire dispose \u00e9galement d'une garantie de 12 mois couvrant les pi\u00e8ces et la main-d'\u0153uvre.\",\"breadcrumb\":[],\"inLanguage\":\"fr-CA\",\"potentialAction\":[{\"@type\":\"ReadAction\",\"target\":[\"https:\/\/www.danby.com\/fr\/products\/fours-a-micro-ondes\/dmw07a4bdb\/\"]}]},{\"@type\":\"ImageObject\",\"inLanguage\":\"fr-CA\",\"url\":\"https:\/\/cdnweb.danby.com\/wp-content\/uploads\/sites\/2\/2022\/02\/08213450\/DMW07A4BDB_Right.jpg\",\"contentUrl\":\"https:\/\/cdnweb.danby.com\/wp-content\/uploads\/sites\/2\/2022\/02\/08213450\/DMW07A4BDB_Right.jpg\",\"width\":2435,\"height\":1500},{\"@type\":\"BreadcrumbList\",\"itemListElement\":[{\"@type\":\"ListItem\",\"position\":1,\"name\":\"Home\",\"item\":\"https:\/\/www.danby.com\/fr\/\"},{\"@type\":\"ListItem\",\"position\":2,\"name\":\"Boutique\",\"item\":\"https:\/\/www.danby.com\/fr\/boutique\/\"},{\"@type\":\"ListItem\",\"position\":3,\"name\":\"Danby 0.7 cu. ft. Fours \u00e0 micro-onde\"}]},{\"@type\":\"WebSite\",\"url\":\"https:\/\/www.danby.com\/fr\/\",\"name\":\"Danby - Canada - French\",\"description\":\"Leader dans le domaine de la r\u00e9frig\u00e9ration et des appareils sp\u00e9cialis\u00e9s\",\"publisher\":[],\"potentialAction\":[{\"@type\":\"SearchAction\",\"target\":{\"@type\":\"EntryPoint\",\"urlTemplate\":\"https:\/\/www.danby.com\/fr\/?s={search_term_string}\"},\"query-input\":{\"@type\":\"PropertyValueSpecification\",\"valueRequired\":true,\"valueName\":\"search_term_string\"}}],\"inLanguage\":\"fr-CA\"},{\"@type\":\"Organization\",\"name\":\"Danby Appliances\",\"url\":\"https:\/\/www.danby.com\/fr\/\",\"logo\":{\"@type\":\"ImageObject\",\"inLanguage\":\"fr-CA\",\"url\":\"https:\/\/cdnweb.danby.com\/wp-content\/uploads\/sites\/2\/2022\/02\/10141906\/Danby75Ans_Blue.png\",\"contentUrl\":\"https:\/\/cdnweb.danby.com\/wp-content\/uploads\/sites\/2\/2022\/02\/10141906\/Danby75Ans_Blue.png\",\"width\":470,\"height\":110,\"caption\":\"Danby Appliances\"},\"image\":[],\"sameAs\":[\"https:\/\/www.facebook.com\/DanbyAppliances\",\"https:\/\/x.com\/DanbyAppliance\",\"https:\/\/instagram.com\/danbyappliances\/\",\"https:\/\/www.linkedin.com\/company\/danbyappliances\",\"https:\/\/www.pinterest.ca\/danbyappliances\/\",\"https:\/\/www.youtube.com\/user\/DanbyProducts\",\"https:\/\/en.wikipedia.org\/wiki\/Danby_(appliances)\"]}]}<\/script>\n<!-- \/ Yoast SEO plugin. -->","yoast_head_json":{"title":"Danby 0.7 cu. ft. Fours \u00e0 micro-onde - DMW07A4BDB | Danby Canada","description":"Si vous recherchez le four \u00e0 micro-ondes de comptoir id\u00e9al pour votre cantine, bureau, chalet ou cuisine, votre recherche peut se terminer ici, gr\u00e2ce \u00e0 ce mod\u00e8le Danby \u00e9conomique et pratique. Cet appareil \u00e0 la fine pointe de la mode ajoute une touche de classe \u00e0 n'importe quel d\u00e9cor, gr\u00e2ce \u00e0 son \u00e9l\u00e9gant rev\u00eatement noir ou blanc. Il b\u00e9n\u00e9ficie d\u2019une surface de cuisson de 20 litres (0,7 pied cube) capable d\u2019accommoder tous vos plats pr\u00e9f\u00e9r\u00e9s. Il vous offre un choix de 10 niveaux de puissance jusqu\u2019au niveau maximal de 700 watts. En outre, les six fonctionnalit\u00e9s de cuisson monotouches les plus appr\u00e9ci\u00e9es des utilisateurs de fours \u00e0 micro-ondes sont disponibles sur ce mod\u00e8le et il existe \u00e9galement un trio de programmes sp\u00e9cialis\u00e9s vous permettant de choisir la cuisson par poids, le d\u00e9givrage par poids et le d\u00e9givrage rapide de vos aliments. Ce four \u00e0 micro-ondes contemporain et compact est \u00e9quip\u00e9 d'une lampe de four et d'un plateau tournant automatiques, ainsi que d'une minuterie et d'une horloge \u00e9lectroniques \u00e0 DEL faciles \u00e0 programmer. Ce mod\u00e8le populaire dispose \u00e9galement d'une garantie de 12 mois couvrant les pi\u00e8ces et la main-d'\u0153uvre.","robots":{"index":"index","follow":"follow","max-snippet":"max-snippet:-1","max-image-preview":"max-image-preview:large","max-video-preview":"max-video-preview:-1"},"canonical":"https:\/\/www.danby.com\/fr\/products\/fours-a-micro-ondes\/dmw07a4bdb\/","og_locale":"fr_CA","og_type":"article","og_title":"Danby 0.7 cu. ft. Fours \u00e0 micro-onde - DMW07A4BDB | Danby Canada","og_description":"Si vous recherchez le four \u00e0 micro-ondes de comptoir id\u00e9al pour votre cantine, bureau, chalet ou cuisine, votre recherche peut se terminer ici, gr\u00e2ce \u00e0 ce mod\u00e8le Danby \u00e9conomique et pratique. Cet appareil \u00e0 la fine pointe de la mode ajoute une touche de classe \u00e0 n'importe quel d\u00e9cor, gr\u00e2ce \u00e0 son \u00e9l\u00e9gant rev\u00eatement noir ou blanc. Il b\u00e9n\u00e9ficie d\u2019une surface de cuisson de 20 litres (0,7 pied cube) capable d\u2019accommoder tous vos plats pr\u00e9f\u00e9r\u00e9s. Il vous offre un choix de 10 niveaux de puissance jusqu\u2019au niveau maximal de 700 watts. En outre, les six fonctionnalit\u00e9s de cuisson monotouches les plus appr\u00e9ci\u00e9es des utilisateurs de fours \u00e0 micro-ondes sont disponibles sur ce mod\u00e8le et il existe \u00e9galement un trio de programmes sp\u00e9cialis\u00e9s vous permettant de choisir la cuisson par poids, le d\u00e9givrage par poids et le d\u00e9givrage rapide de vos aliments. Ce four \u00e0 micro-ondes contemporain et compact est \u00e9quip\u00e9 d'une lampe de four et d'un plateau tournant automatiques, ainsi que d'une minuterie et d'une horloge \u00e9lectroniques \u00e0 DEL faciles \u00e0 programmer. Ce mod\u00e8le populaire dispose \u00e9galement d'une garantie de 12 mois couvrant les pi\u00e8ces et la main-d'\u0153uvre.","og_url":"https:\/\/www.danby.com\/fr\/products\/fours-a-micro-ondes\/dmw07a4bdb\/","og_site_name":"Danby - Canada - French","article_publisher":"https:\/\/www.facebook.com\/DanbyAppliances","article_modified_time":"2026-04-12T10:06:25+00:00","og_image":[{"width":2435,"height":1500,"url":"https:\/\/cdnweb.danby.com\/wp-content\/uploads\/sites\/2\/2022\/02\/08213450\/DMW07A4BDB_Right.jpg","type":"image\/jpeg"}],"twitter_card":"summary_large_image","twitter_site":"@DanbyAppliance","schema":{"@context":"https:\/\/schema.org","@graph":[{"@type":["WebPage","ItemPage"],"url":"https:\/\/www.danby.com\/fr\/products\/fours-a-micro-ondes\/dmw07a4bdb\/","name":"Danby 0.7 cu. ft. Fours \u00e0 micro-onde - DMW07A4BDB | Danby Canada","isPartOf":[],"primaryImageOfPage":[],"image":[],"thumbnailUrl":"https:\/\/cdnweb.danby.com\/wp-content\/uploads\/sites\/2\/2022\/02\/08213450\/DMW07A4BDB_Right.jpg","datePublished":"2022-02-03T19:18:29+00:00","dateModified":"2026-04-12T10:06:25+00:00","description":"Si vous recherchez le four \u00e0 micro-ondes de comptoir id\u00e9al pour votre cantine, bureau, chalet ou cuisine, votre recherche peut se terminer ici, gr\u00e2ce \u00e0 ce mod\u00e8le Danby \u00e9conomique et pratique. Cet appareil \u00e0 la fine pointe de la mode ajoute une touche de classe \u00e0 n'importe quel d\u00e9cor, gr\u00e2ce \u00e0 son \u00e9l\u00e9gant rev\u00eatement noir ou blanc. Il b\u00e9n\u00e9ficie d\u2019une surface de cuisson de 20 litres (0,7 pied cube) capable d\u2019accommoder tous vos plats pr\u00e9f\u00e9r\u00e9s. Il vous offre un choix de 10 niveaux de puissance jusqu\u2019au niveau maximal de 700 watts. En outre, les six fonctionnalit\u00e9s de cuisson monotouches les plus appr\u00e9ci\u00e9es des utilisateurs de fours \u00e0 micro-ondes sont disponibles sur ce mod\u00e8le et il existe \u00e9galement un trio de programmes sp\u00e9cialis\u00e9s vous permettant de choisir la cuisson par poids, le d\u00e9givrage par poids et le d\u00e9givrage rapide de vos aliments. Ce four \u00e0 micro-ondes contemporain et compact est \u00e9quip\u00e9 d'une lampe de four et d'un plateau tournant automatiques, ainsi que d'une minuterie et d'une horloge \u00e9lectroniques \u00e0 DEL faciles \u00e0 programmer. Ce mod\u00e8le populaire dispose \u00e9galement d'une garantie de 12 mois couvrant les pi\u00e8ces et la main-d'\u0153uvre.","breadcrumb":[],"inLanguage":"fr-CA","potentialAction":[{"@type":"ReadAction","target":["https:\/\/www.danby.com\/fr\/products\/fours-a-micro-ondes\/dmw07a4bdb\/"]}]},{"@type":"ImageObject","inLanguage":"fr-CA","url":"https:\/\/cdnweb.danby.com\/wp-content\/uploads\/sites\/2\/2022\/02\/08213450\/DMW07A4BDB_Right.jpg","contentUrl":"https:\/\/cdnweb.danby.com\/wp-content\/uploads\/sites\/2\/2022\/02\/08213450\/DMW07A4BDB_Right.jpg","width":2435,"height":1500},{"@type":"BreadcrumbList","itemListElement":[{"@type":"ListItem","position":1,"name":"Home","item":"https:\/\/www.danby.com\/fr\/"},{"@type":"ListItem","position":2,"name":"Boutique","item":"https:\/\/www.danby.com\/fr\/boutique\/"},{"@type":"ListItem","position":3,"name":"Danby 0.7 cu. ft. Fours \u00e0 micro-onde"}]},{"@type":"WebSite","url":"https:\/\/www.danby.com\/fr\/","name":"Danby - Canada - French","description":"Leader dans le domaine de la r\u00e9frig\u00e9ration et des appareils sp\u00e9cialis\u00e9s","publisher":[],"potentialAction":[{"@type":"SearchAction","target":{"@type":"EntryPoint","urlTemplate":"https:\/\/www.danby.com\/fr\/?s={search_term_string}"},"query-input":{"@type":"PropertyValueSpecification","valueRequired":true,"valueName":"search_term_string"}}],"inLanguage":"fr-CA"},{"@type":"Organization","name":"Danby Appliances","url":"https:\/\/www.danby.com\/fr\/","logo":{"@type":"ImageObject","inLanguage":"fr-CA","url":"https:\/\/cdnweb.danby.com\/wp-content\/uploads\/sites\/2\/2022\/02\/10141906\/Danby75Ans_Blue.png","contentUrl":"https:\/\/cdnweb.danby.com\/wp-content\/uploads\/sites\/2\/2022\/02\/10141906\/Danby75Ans_Blue.png","width":470,"height":110,"caption":"Danby Appliances"},"image":[],"sameAs":["https:\/\/www.facebook.com\/DanbyAppliances","https:\/\/x.com\/DanbyAppliance","https:\/\/instagram.com\/danbyappliances\/","https:\/\/www.linkedin.com\/company\/danbyappliances","https:\/\/www.pinterest.ca\/danbyappliances\/","https:\/\/www.youtube.com\/user\/DanbyProducts","https:\/\/en.wikipedia.org\/wiki\/Danby_(appliances)"]}]}},"post_mailing_queue_ids":[],"_links":{"self":[{"href":"https:\/\/www.danby.com\/fr\/wp-json\/wp\/v2\/product\/5013","targetHints":{"allow":["GET"]}}],"collection":[{"href":"https:\/\/www.danby.com\/fr\/wp-json\/wp\/v2\/product"}],"about":[{"href":"https:\/\/www.danby.com\/fr\/wp-json\/wp\/v2\/types\/product"}],"replies":[{"embeddable":true,"href":"https:\/\/www.danby.com\/fr\/wp-json\/wp\/v2\/comments?post=5013"}],"wp:featuredmedia":[{"embeddable":true,"href":"https:\/\/www.danby.com\/fr\/wp-json\/wp\/v2\/media\/9079"}],"wp:attachment":[{"href":"https:\/\/www.danby.com\/fr\/wp-json\/wp\/v2\/media?parent=5013"}],"wp:term":[{"taxonomy":"product_brand","embeddable":true,"href":"https:\/\/www.danby.com\/fr\/wp-json\/wp\/v2\/product_brand?post=5013"},{"taxonomy":"product_cat","embeddable":true,"href":"https:\/\/www.danby.com\/fr\/wp-json\/wp\/v2\/product_cat?post=5013"},{"taxonomy":"product_tag","embeddable":true,"href":"https:\/\/www.danby.com\/fr\/wp-json\/wp\/v2\/product_tag?post=5013"}],"curies":[{"name":"wp","href":"https:\/\/api.w.org\/{rel}","templated":true}]}}