{"id":5011,"date":"2022-02-03T19:18:29","date_gmt":"2022-02-03T19:18:29","guid":{"rendered":"https:\/\/www.danby.com\/fr\/product\/dmw07a2bssdd\/"},"modified":"2026-04-30T10:06:40","modified_gmt":"2026-04-30T10:06:40","slug":"dmw07a2bssdd","status":"publish","type":"product","link":"https:\/\/www.danby.com\/fr\/products\/fours-a-micro-ondes\/dmw07a2bssdd\/","title":{"rendered":"Micro-ondes de comptoir Danby Designer de 0,7 pi3 en acier inoxydable"},"content":{"rendered":"","protected":false},"excerpt":{"rendered":"<ul>\n<li>Micro-ondes d&#8217;une capacit\u00e9 de 20 litres (0,7 pi3)<\/li>\n<li>700 watts de puissance de cuisson<\/li>\n<li>Porte avant \u00e9l\u00e9gante en acier inoxydable<\/li>\n<li>10 niveaux de puissance<\/li>\n<li>Cuisson simple \u00e0 une touche pour 6 utilisations populaires<\/li>\n<li>Minuterie\/horloge LED facile \u00e0 lire<\/li>\n<li>Commandes \u00e9lectroniques<\/li>\n<\/ul>\n","protected":false},"featured_media":26720,"comment_status":"closed","ping_status":"open","template":"","meta":{"_acf_changed":false},"product_brand":[],"product_cat":[32],"product_tag":[],"class_list":{"0":"post-5011","1":"product","2":"type-product","3":"status-publish","4":"has-post-thumbnail","6":"product_cat-fours-a-micro-ondes","8":"first","9":"outofstock","10":"taxable","11":"shipping-taxable","12":"product-type-simple"},"acf":[],"yoast_head":"<!-- This site is optimized with the Yoast SEO plugin v27.5 - https:\/\/yoast.com\/product\/yoast-seo-wordpress\/ -->\n<title>Micro-ondes de comptoir Danby Designer de 0,7 pi3 en acier inoxydable - DMW07A2BSSDD | Danby Canada<\/title>\n<meta name=\"description\" content=\"Cuisiner des plats cr\u00e9atifs est amusant et facile avec ce four \u00e0 micro-ondes haut de gamme de Danby. Cet appareil offre un espace de cuisson et de r\u00e9chauffage de 0,7 pied cube (20 litres) et peut fournir une puissance maximale de 700 watts. Son \u00e9l\u00e9gante porte avant en acier inoxydable lui permet de s&#039;int\u00e9grer facilement \u00e0 tout type de d\u00e9cor existant et d&#039;ajouter une touche d&#039;\u00e9l\u00e9gance \u00e0 tout environnement. L&#039;appareil offre 10 niveaux diff\u00e9rents de puissance de cuisson et dispose d&#039;une programmation simple \u00e0 une touche pour une demi-douzaine d&#039;utilisations de fours \u00e0 micro-ondes parmi les plus populaires. Les commandes \u00e9lectroniques de pointe peuvent \u00eatre programm\u00e9es rapidement et facilement et peuvent \u00eatre surveill\u00e9es par l&#039;unit\u00e9 de minuterie et d&#039;horloge \u00e0 DEL facile \u00e0 lire. Ce mod\u00e8le \u00e9conomique de comptoir est id\u00e9al pour tout type de m\u00e9nage ainsi que pour les bureaux, les chalets et les dortoirs. Il est \u00e9galement assorti d&#039;une garantie sans souci de 18 mois sur les pi\u00e8ces et la main-d&#039;\u0153uvre.\" \/>\n<meta name=\"robots\" content=\"index, follow, max-snippet:-1, max-image-preview:large, max-video-preview:-1\" \/>\n<link rel=\"canonical\" href=\"https:\/\/www.danby.com\/fr\/products\/fours-a-micro-ondes\/dmw07a2bssdd\/\" \/>\n<meta property=\"og:locale\" content=\"fr_CA\" \/>\n<meta property=\"og:type\" content=\"article\" \/>\n<meta property=\"og:title\" content=\"Micro-ondes de comptoir Danby Designer de 0,7 pi3 en acier inoxydable - DMW07A2BSSDD | Danby Canada\" \/>\n<meta property=\"og:description\" content=\"Cuisiner des plats cr\u00e9atifs est amusant et facile avec ce four \u00e0 micro-ondes haut de gamme de Danby. Cet appareil offre un espace de cuisson et de r\u00e9chauffage de 0,7 pied cube (20 litres) et peut fournir une puissance maximale de 700 watts. Son \u00e9l\u00e9gante porte avant en acier inoxydable lui permet de s&#039;int\u00e9grer facilement \u00e0 tout type de d\u00e9cor existant et d&#039;ajouter une touche d&#039;\u00e9l\u00e9gance \u00e0 tout environnement. L&#039;appareil offre 10 niveaux diff\u00e9rents de puissance de cuisson et dispose d&#039;une programmation simple \u00e0 une touche pour une demi-douzaine d&#039;utilisations de fours \u00e0 micro-ondes parmi les plus populaires. Les commandes \u00e9lectroniques de pointe peuvent \u00eatre programm\u00e9es rapidement et facilement et peuvent \u00eatre surveill\u00e9es par l&#039;unit\u00e9 de minuterie et d&#039;horloge \u00e0 DEL facile \u00e0 lire. Ce mod\u00e8le \u00e9conomique de comptoir est id\u00e9al pour tout type de m\u00e9nage ainsi que pour les bureaux, les chalets et les dortoirs. Il est \u00e9galement assorti d&#039;une garantie sans souci de 18 mois sur les pi\u00e8ces et la main-d&#039;\u0153uvre.\" \/>\n<meta property=\"og:url\" content=\"https:\/\/www.danby.com\/fr\/products\/fours-a-micro-ondes\/dmw07a2bssdd\/\" \/>\n<meta property=\"og:site_name\" content=\"Danby - Canada - French\" \/>\n<meta property=\"article:publisher\" content=\"https:\/\/www.facebook.com\/DanbyAppliances\" \/>\n<meta property=\"article:modified_time\" content=\"2026-04-30T10:06:40+00:00\" \/>\n<meta property=\"og:image\" content=\"https:\/\/cdnweb.danby.com\/wp-content\/uploads\/sites\/2\/2022\/02\/08224540\/DMW07A2BSSDD.jpg\" \/>\n\t<meta property=\"og:image:width\" content=\"455\" \/>\n\t<meta property=\"og:image:height\" content=\"319\" \/>\n\t<meta property=\"og:image:type\" content=\"image\/jpeg\" \/>\n<meta name=\"twitter:card\" content=\"summary_large_image\" \/>\n<meta name=\"twitter:site\" content=\"@DanbyAppliance\" \/>\n<script type=\"application\/ld+json\" class=\"yoast-schema-graph\">{\"@context\":\"https:\\\/\\\/schema.org\",\"@graph\":[{\"@type\":[\"WebPage\",\"ItemPage\"],\"url\":\"https:\\\/\\\/www.danby.com\\\/fr\\\/products\\\/fours-a-micro-ondes\\\/dmw07a2bssdd\\\/\",\"name\":\"Micro-ondes de comptoir Danby Designer de 0,7 pi3 en acier inoxydable - DMW07A2BSSDD | Danby Canada\",\"isPartOf\":[],\"primaryImageOfPage\":[],\"image\":[],\"thumbnailUrl\":\"https:\\\/\\\/cdnweb.danby.com\\\/wp-content\\\/uploads\\\/sites\\\/2\\\/2024\\\/03\\\/04155547\\\/DMW07AB2SSDD%20Straight.jpg\",\"datePublished\":\"2022-02-03T19:18:29+00:00\",\"dateModified\":\"2026-04-30T10:06:40+00:00\",\"description\":\"Cuisiner des plats cr\u00e9atifs est amusant et facile avec ce four \u00e0 micro-ondes haut de gamme de Danby. Cet appareil offre un espace de cuisson et de r\u00e9chauffage de 0,7 pied cube (20 litres) et peut fournir une puissance maximale de 700 watts. Son \u00e9l\u00e9gante porte avant en acier inoxydable lui permet de s'int\u00e9grer facilement \u00e0 tout type de d\u00e9cor existant et d'ajouter une touche d'\u00e9l\u00e9gance \u00e0 tout environnement. L'appareil offre 10 niveaux diff\u00e9rents de puissance de cuisson et dispose d'une programmation simple \u00e0 une touche pour une demi-douzaine d'utilisations de fours \u00e0 micro-ondes parmi les plus populaires. Les commandes \u00e9lectroniques de pointe peuvent \u00eatre programm\u00e9es rapidement et facilement et peuvent \u00eatre surveill\u00e9es par l'unit\u00e9 de minuterie et d'horloge \u00e0 DEL facile \u00e0 lire. Ce mod\u00e8le \u00e9conomique de comptoir est id\u00e9al pour tout type de m\u00e9nage ainsi que pour les bureaux, les chalets et les dortoirs. Il est \u00e9galement assorti d'une garantie sans souci de 18 mois sur les pi\u00e8ces et la main-d'\u0153uvre.\",\"breadcrumb\":[],\"inLanguage\":\"fr-CA\",\"potentialAction\":[{\"@type\":\"ReadAction\",\"target\":[\"https:\\\/\\\/www.danby.com\\\/fr\\\/products\\\/fours-a-micro-ondes\\\/dmw07a2bssdd\\\/\"]}]},{\"@type\":\"ImageObject\",\"inLanguage\":\"fr-CA\",\"url\":\"https:\\\/\\\/cdnweb.danby.com\\\/wp-content\\\/uploads\\\/sites\\\/2\\\/2024\\\/03\\\/04155547\\\/DMW07AB2SSDD%20Straight.jpg\",\"contentUrl\":\"https:\\\/\\\/cdnweb.danby.com\\\/wp-content\\\/uploads\\\/sites\\\/2\\\/2024\\\/03\\\/04155547\\\/DMW07AB2SSDD%20Straight.jpg\",\"width\":1078,\"height\":1438},{\"@type\":\"BreadcrumbList\",\"itemListElement\":[{\"@type\":\"ListItem\",\"position\":1,\"name\":\"Home\",\"item\":\"https:\\\/\\\/www.danby.com\\\/fr\\\/\"},{\"@type\":\"ListItem\",\"position\":2,\"name\":\"Boutique\",\"item\":\"https:\\\/\\\/www.danby.com\\\/fr\\\/boutique\\\/\"},{\"@type\":\"ListItem\",\"position\":3,\"name\":\"Danby Designer 0.7 cu. ft. Four \u00e0 micro-onde\"}]},{\"@type\":\"WebSite\",\"url\":\"https:\\\/\\\/www.danby.com\\\/fr\\\/\",\"name\":\"Danby - Canada - French\",\"description\":\"Leader dans le domaine de la r\u00e9frig\u00e9ration et des appareils sp\u00e9cialis\u00e9s\",\"publisher\":[],\"potentialAction\":[{\"@type\":\"SearchAction\",\"target\":{\"@type\":\"EntryPoint\",\"urlTemplate\":\"https:\\\/\\\/www.danby.com\\\/fr\\\/?s={search_term_string}\"},\"query-input\":{\"@type\":\"PropertyValueSpecification\",\"valueRequired\":true,\"valueName\":\"search_term_string\"}}],\"inLanguage\":\"fr-CA\"},{\"@type\":\"Organization\",\"name\":\"Danby Appliances\",\"url\":\"https:\\\/\\\/www.danby.com\\\/fr\\\/\",\"logo\":{\"@type\":\"ImageObject\",\"inLanguage\":\"fr-CA\",\"url\":\"https:\\\/\\\/cdnweb.danby.com\\\/wp-content\\\/uploads\\\/sites\\\/2\\\/2022\\\/02\\\/10141906\\\/Danby75Ans_Blue.png\",\"contentUrl\":\"https:\\\/\\\/cdnweb.danby.com\\\/wp-content\\\/uploads\\\/sites\\\/2\\\/2022\\\/02\\\/10141906\\\/Danby75Ans_Blue.png\",\"width\":470,\"height\":110,\"caption\":\"Danby Appliances\"},\"image\":[],\"sameAs\":[\"https:\\\/\\\/www.facebook.com\\\/DanbyAppliances\",\"https:\\\/\\\/x.com\\\/DanbyAppliance\",\"https:\\\/\\\/instagram.com\\\/danbyappliances\\\/\",\"https:\\\/\\\/www.linkedin.com\\\/company\\\/danbyappliances\",\"https:\\\/\\\/www.pinterest.ca\\\/danbyappliances\\\/\",\"https:\\\/\\\/www.youtube.com\\\/user\\\/DanbyProducts\",\"https:\\\/\\\/en.wikipedia.org\\\/wiki\\\/Danby_(appliances)\"]}]}<\/script>\n<!-- \/ Yoast SEO plugin. -->","yoast_head_json":{"title":"Micro-ondes de comptoir Danby Designer de 0,7 pi3 en acier inoxydable - DMW07A2BSSDD | Danby Canada","description":"Cuisiner des plats cr\u00e9atifs est amusant et facile avec ce four \u00e0 micro-ondes haut de gamme de Danby. Cet appareil offre un espace de cuisson et de r\u00e9chauffage de 0,7 pied cube (20 litres) et peut fournir une puissance maximale de 700 watts. Son \u00e9l\u00e9gante porte avant en acier inoxydable lui permet de s'int\u00e9grer facilement \u00e0 tout type de d\u00e9cor existant et d'ajouter une touche d'\u00e9l\u00e9gance \u00e0 tout environnement. L'appareil offre 10 niveaux diff\u00e9rents de puissance de cuisson et dispose d'une programmation simple \u00e0 une touche pour une demi-douzaine d'utilisations de fours \u00e0 micro-ondes parmi les plus populaires. Les commandes \u00e9lectroniques de pointe peuvent \u00eatre programm\u00e9es rapidement et facilement et peuvent \u00eatre surveill\u00e9es par l'unit\u00e9 de minuterie et d'horloge \u00e0 DEL facile \u00e0 lire. Ce mod\u00e8le \u00e9conomique de comptoir est id\u00e9al pour tout type de m\u00e9nage ainsi que pour les bureaux, les chalets et les dortoirs. Il est \u00e9galement assorti d'une garantie sans souci de 18 mois sur les pi\u00e8ces et la main-d'\u0153uvre.","robots":{"index":"index","follow":"follow","max-snippet":"max-snippet:-1","max-image-preview":"max-image-preview:large","max-video-preview":"max-video-preview:-1"},"canonical":"https:\/\/www.danby.com\/fr\/products\/fours-a-micro-ondes\/dmw07a2bssdd\/","og_locale":"fr_CA","og_type":"article","og_title":"Micro-ondes de comptoir Danby Designer de 0,7 pi3 en acier inoxydable - DMW07A2BSSDD | Danby Canada","og_description":"Cuisiner des plats cr\u00e9atifs est amusant et facile avec ce four \u00e0 micro-ondes haut de gamme de Danby. Cet appareil offre un espace de cuisson et de r\u00e9chauffage de 0,7 pied cube (20 litres) et peut fournir une puissance maximale de 700 watts. Son \u00e9l\u00e9gante porte avant en acier inoxydable lui permet de s'int\u00e9grer facilement \u00e0 tout type de d\u00e9cor existant et d'ajouter une touche d'\u00e9l\u00e9gance \u00e0 tout environnement. L'appareil offre 10 niveaux diff\u00e9rents de puissance de cuisson et dispose d'une programmation simple \u00e0 une touche pour une demi-douzaine d'utilisations de fours \u00e0 micro-ondes parmi les plus populaires. Les commandes \u00e9lectroniques de pointe peuvent \u00eatre programm\u00e9es rapidement et facilement et peuvent \u00eatre surveill\u00e9es par l'unit\u00e9 de minuterie et d'horloge \u00e0 DEL facile \u00e0 lire. Ce mod\u00e8le \u00e9conomique de comptoir est id\u00e9al pour tout type de m\u00e9nage ainsi que pour les bureaux, les chalets et les dortoirs. Il est \u00e9galement assorti d'une garantie sans souci de 18 mois sur les pi\u00e8ces et la main-d'\u0153uvre.","og_url":"https:\/\/www.danby.com\/fr\/products\/fours-a-micro-ondes\/dmw07a2bssdd\/","og_site_name":"Danby - Canada - French","article_publisher":"https:\/\/www.facebook.com\/DanbyAppliances","article_modified_time":"2026-04-30T10:06:40+00:00","og_image":[{"width":455,"height":319,"url":"https:\/\/cdnweb.danby.com\/wp-content\/uploads\/sites\/2\/2022\/02\/08224540\/DMW07A2BSSDD.jpg","type":"image\/jpeg"}],"twitter_card":"summary_large_image","twitter_site":"@DanbyAppliance","schema":{"@context":"https:\/\/schema.org","@graph":[{"@type":["WebPage","ItemPage"],"url":"https:\/\/www.danby.com\/fr\/products\/fours-a-micro-ondes\/dmw07a2bssdd\/","name":"Micro-ondes de comptoir Danby Designer de 0,7 pi3 en acier inoxydable - DMW07A2BSSDD | Danby Canada","isPartOf":[],"primaryImageOfPage":[],"image":[],"thumbnailUrl":"https:\/\/cdnweb.danby.com\/wp-content\/uploads\/sites\/2\/2024\/03\/04155547\/DMW07AB2SSDD%20Straight.jpg","datePublished":"2022-02-03T19:18:29+00:00","dateModified":"2026-04-30T10:06:40+00:00","description":"Cuisiner des plats cr\u00e9atifs est amusant et facile avec ce four \u00e0 micro-ondes haut de gamme de Danby. Cet appareil offre un espace de cuisson et de r\u00e9chauffage de 0,7 pied cube (20 litres) et peut fournir une puissance maximale de 700 watts. Son \u00e9l\u00e9gante porte avant en acier inoxydable lui permet de s'int\u00e9grer facilement \u00e0 tout type de d\u00e9cor existant et d'ajouter une touche d'\u00e9l\u00e9gance \u00e0 tout environnement. L'appareil offre 10 niveaux diff\u00e9rents de puissance de cuisson et dispose d'une programmation simple \u00e0 une touche pour une demi-douzaine d'utilisations de fours \u00e0 micro-ondes parmi les plus populaires. Les commandes \u00e9lectroniques de pointe peuvent \u00eatre programm\u00e9es rapidement et facilement et peuvent \u00eatre surveill\u00e9es par l'unit\u00e9 de minuterie et d'horloge \u00e0 DEL facile \u00e0 lire. Ce mod\u00e8le \u00e9conomique de comptoir est id\u00e9al pour tout type de m\u00e9nage ainsi que pour les bureaux, les chalets et les dortoirs. Il est \u00e9galement assorti d'une garantie sans souci de 18 mois sur les pi\u00e8ces et la main-d'\u0153uvre.","breadcrumb":[],"inLanguage":"fr-CA","potentialAction":[{"@type":"ReadAction","target":["https:\/\/www.danby.com\/fr\/products\/fours-a-micro-ondes\/dmw07a2bssdd\/"]}]},{"@type":"ImageObject","inLanguage":"fr-CA","url":"https:\/\/cdnweb.danby.com\/wp-content\/uploads\/sites\/2\/2024\/03\/04155547\/DMW07AB2SSDD%20Straight.jpg","contentUrl":"https:\/\/cdnweb.danby.com\/wp-content\/uploads\/sites\/2\/2024\/03\/04155547\/DMW07AB2SSDD%20Straight.jpg","width":1078,"height":1438},{"@type":"BreadcrumbList","itemListElement":[{"@type":"ListItem","position":1,"name":"Home","item":"https:\/\/www.danby.com\/fr\/"},{"@type":"ListItem","position":2,"name":"Boutique","item":"https:\/\/www.danby.com\/fr\/boutique\/"},{"@type":"ListItem","position":3,"name":"Danby Designer 0.7 cu. ft. Four \u00e0 micro-onde"}]},{"@type":"WebSite","url":"https:\/\/www.danby.com\/fr\/","name":"Danby - Canada - French","description":"Leader dans le domaine de la r\u00e9frig\u00e9ration et des appareils sp\u00e9cialis\u00e9s","publisher":[],"potentialAction":[{"@type":"SearchAction","target":{"@type":"EntryPoint","urlTemplate":"https:\/\/www.danby.com\/fr\/?s={search_term_string}"},"query-input":{"@type":"PropertyValueSpecification","valueRequired":true,"valueName":"search_term_string"}}],"inLanguage":"fr-CA"},{"@type":"Organization","name":"Danby Appliances","url":"https:\/\/www.danby.com\/fr\/","logo":{"@type":"ImageObject","inLanguage":"fr-CA","url":"https:\/\/cdnweb.danby.com\/wp-content\/uploads\/sites\/2\/2022\/02\/10141906\/Danby75Ans_Blue.png","contentUrl":"https:\/\/cdnweb.danby.com\/wp-content\/uploads\/sites\/2\/2022\/02\/10141906\/Danby75Ans_Blue.png","width":470,"height":110,"caption":"Danby Appliances"},"image":[],"sameAs":["https:\/\/www.facebook.com\/DanbyAppliances","https:\/\/x.com\/DanbyAppliance","https:\/\/instagram.com\/danbyappliances\/","https:\/\/www.linkedin.com\/company\/danbyappliances","https:\/\/www.pinterest.ca\/danbyappliances\/","https:\/\/www.youtube.com\/user\/DanbyProducts","https:\/\/en.wikipedia.org\/wiki\/Danby_(appliances)"]}]}},"post_mailing_queue_ids":[],"_links":{"self":[{"href":"https:\/\/www.danby.com\/fr\/wp-json\/wp\/v2\/product\/5011","targetHints":{"allow":["GET"]}}],"collection":[{"href":"https:\/\/www.danby.com\/fr\/wp-json\/wp\/v2\/product"}],"about":[{"href":"https:\/\/www.danby.com\/fr\/wp-json\/wp\/v2\/types\/product"}],"replies":[{"embeddable":true,"href":"https:\/\/www.danby.com\/fr\/wp-json\/wp\/v2\/comments?post=5011"}],"wp:featuredmedia":[{"embeddable":true,"href":"https:\/\/www.danby.com\/fr\/wp-json\/wp\/v2\/media\/26720"}],"wp:attachment":[{"href":"https:\/\/www.danby.com\/fr\/wp-json\/wp\/v2\/media?parent=5011"}],"wp:term":[{"taxonomy":"product_brand","embeddable":true,"href":"https:\/\/www.danby.com\/fr\/wp-json\/wp\/v2\/product_brand?post=5011"},{"taxonomy":"product_cat","embeddable":true,"href":"https:\/\/www.danby.com\/fr\/wp-json\/wp\/v2\/product_cat?post=5011"},{"taxonomy":"product_tag","embeddable":true,"href":"https:\/\/www.danby.com\/fr\/wp-json\/wp\/v2\/product_tag?post=5011"}],"curies":[{"name":"wp","href":"https:\/\/api.w.org\/{rel}","templated":true}]}}