{"id":5008,"date":"2022-02-03T19:18:29","date_gmt":"2022-02-03T19:18:29","guid":{"rendered":"https:\/\/www.danby.com\/fr\/product\/dls060wdb\/"},"modified":"2026-04-30T10:06:40","modified_gmt":"2026-04-30T10:06:40","slug":"dls060wdb","status":"publish","type":"product","link":"https:\/\/www.danby.com\/fr\/products\/accessoires-fr\/dls060wdb\/","title":{"rendered":"Danby kit d\u2019empilage pour la lessive"},"content":{"rendered":"","protected":false},"excerpt":{"rendered":"<ul>\n<li>Ch\u00e2ssis en acier<\/li>\n<li>Con\u00e7u pour la s\u00e9cheuse Danby 6KG (DDY060WDB) et aussi Danby 4.5KG (DWM045WDB) ou pour la machine \u00e0 laver Danby 6KG (DWM060WDB)<\/li>\n<li>   Comprend des \u00e9querres de fixation murale pour une stabilit\u00e9 accrue<\/li>\n<\/ul>\n","protected":false},"featured_media":8543,"comment_status":"closed","ping_status":"closed","template":"","meta":{"_acf_changed":false},"product_brand":[],"product_cat":[18],"product_tag":[],"class_list":{"0":"post-5008","1":"product","2":"type-product","3":"status-publish","4":"has-post-thumbnail","6":"product_cat-accessoires-fr","7":"pa_couleur-blanc","8":"pa_duree-de-la-garantie-en-mois-12-mois","10":"first","11":"outofstock","12":"taxable","13":"shipping-taxable","14":"product-type-simple"},"acf":[],"yoast_head":"<!-- This site is optimized with the Yoast SEO plugin v27.5 - https:\/\/yoast.com\/product\/yoast-seo-wordpress\/ -->\n<title>Danby kit d\u2019empilage pour la lessive - DLS060WDB | Danby Canada<\/title>\n<meta name=\"description\" content=\"Ce support vous permet d\u2019installer votre s\u00e9cheuse portative Danby au-dessus de votre machine \u00e0 laver portative Danby \u2013 permettant un gain d&#039;espace et une meilleure organisation du lieu qui vous sert de buanderie. Ce support comprend des \u00e9querres de fixation murale assurant une installation s\u00e9curitaire de vos appareils de buanderie et comprend aussi une garantie de 12 mois, service en atelier.\" \/>\n<meta name=\"robots\" content=\"index, follow, max-snippet:-1, max-image-preview:large, max-video-preview:-1\" \/>\n<link rel=\"canonical\" href=\"https:\/\/www.danby.com\/fr\/products\/accessoires-fr\/dls060wdb\/\" \/>\n<meta property=\"og:locale\" content=\"fr_CA\" \/>\n<meta property=\"og:type\" content=\"article\" \/>\n<meta property=\"og:title\" content=\"Danby kit d\u2019empilage pour la lessive - DLS060WDB | Danby Canada\" \/>\n<meta property=\"og:description\" content=\"Ce support vous permet d\u2019installer votre s\u00e9cheuse portative Danby au-dessus de votre machine \u00e0 laver portative Danby \u2013 permettant un gain d&#039;espace et une meilleure organisation du lieu qui vous sert de buanderie. Ce support comprend des \u00e9querres de fixation murale assurant une installation s\u00e9curitaire de vos appareils de buanderie et comprend aussi une garantie de 12 mois, service en atelier.\" \/>\n<meta property=\"og:url\" content=\"https:\/\/www.danby.com\/fr\/products\/accessoires-fr\/dls060wdb\/\" \/>\n<meta property=\"og:site_name\" content=\"Danby - Canada - French\" \/>\n<meta property=\"article:publisher\" content=\"https:\/\/www.facebook.com\/DanbyAppliances\" \/>\n<meta property=\"article:modified_time\" content=\"2026-04-30T10:06:40+00:00\" \/>\n<meta property=\"og:image\" content=\"https:\/\/cdnweb.danby.com\/wp-content\/uploads\/sites\/2\/2022\/02\/08205414\/DLS060WDB-Featured.jpg\" \/>\n\t<meta property=\"og:image:width\" content=\"953\" \/>\n\t<meta property=\"og:image:height\" content=\"1500\" \/>\n\t<meta property=\"og:image:type\" content=\"image\/jpeg\" \/>\n<meta name=\"twitter:card\" content=\"summary_large_image\" \/>\n<meta name=\"twitter:site\" content=\"@DanbyAppliance\" \/>\n<script type=\"application\/ld+json\" class=\"yoast-schema-graph\">{\"@context\":\"https:\\\/\\\/schema.org\",\"@graph\":[{\"@type\":[\"WebPage\",\"ItemPage\"],\"url\":\"https:\\\/\\\/www.danby.com\\\/fr\\\/products\\\/accessoires-fr\\\/dls060wdb\\\/\",\"name\":\"Danby kit d\u2019empilage pour la lessive - DLS060WDB | Danby Canada\",\"isPartOf\":[],\"primaryImageOfPage\":[],\"image\":[],\"thumbnailUrl\":\"https:\\\/\\\/cdnweb.danby.com\\\/wp-content\\\/uploads\\\/sites\\\/2\\\/2022\\\/02\\\/08205414\\\/DLS060WDB-Featured.jpg\",\"datePublished\":\"2022-02-03T19:18:29+00:00\",\"dateModified\":\"2026-04-30T10:06:40+00:00\",\"description\":\"Ce support vous permet d\u2019installer votre s\u00e9cheuse portative Danby au-dessus de votre machine \u00e0 laver portative Danby \u2013 permettant un gain d'espace et une meilleure organisation du lieu qui vous sert de buanderie. Ce support comprend des \u00e9querres de fixation murale assurant une installation s\u00e9curitaire de vos appareils de buanderie et comprend aussi une garantie de 12 mois, service en atelier.\",\"breadcrumb\":[],\"inLanguage\":\"fr-CA\",\"potentialAction\":[{\"@type\":\"ReadAction\",\"target\":[\"https:\\\/\\\/www.danby.com\\\/fr\\\/products\\\/accessoires-fr\\\/dls060wdb\\\/\"]}]},{\"@type\":\"ImageObject\",\"inLanguage\":\"fr-CA\",\"url\":\"https:\\\/\\\/cdnweb.danby.com\\\/wp-content\\\/uploads\\\/sites\\\/2\\\/2022\\\/02\\\/08205414\\\/DLS060WDB-Featured.jpg\",\"contentUrl\":\"https:\\\/\\\/cdnweb.danby.com\\\/wp-content\\\/uploads\\\/sites\\\/2\\\/2022\\\/02\\\/08205414\\\/DLS060WDB-Featured.jpg\",\"width\":953,\"height\":1500},{\"@type\":\"BreadcrumbList\",\"itemListElement\":[{\"@type\":\"ListItem\",\"position\":1,\"name\":\"Home\",\"item\":\"https:\\\/\\\/www.danby.com\\\/fr\\\/\"},{\"@type\":\"ListItem\",\"position\":2,\"name\":\"Boutique\",\"item\":\"https:\\\/\\\/www.danby.com\\\/fr\\\/boutique\\\/\"},{\"@type\":\"ListItem\",\"position\":3,\"name\":\"Danby kit d\u2019empilage pour la lessive\"}]},{\"@type\":\"WebSite\",\"url\":\"https:\\\/\\\/www.danby.com\\\/fr\\\/\",\"name\":\"Danby - Canada - French\",\"description\":\"Leader dans le domaine de la r\u00e9frig\u00e9ration et des appareils sp\u00e9cialis\u00e9s\",\"publisher\":[],\"potentialAction\":[{\"@type\":\"SearchAction\",\"target\":{\"@type\":\"EntryPoint\",\"urlTemplate\":\"https:\\\/\\\/www.danby.com\\\/fr\\\/?s={search_term_string}\"},\"query-input\":{\"@type\":\"PropertyValueSpecification\",\"valueRequired\":true,\"valueName\":\"search_term_string\"}}],\"inLanguage\":\"fr-CA\"},{\"@type\":\"Organization\",\"name\":\"Danby Appliances\",\"url\":\"https:\\\/\\\/www.danby.com\\\/fr\\\/\",\"logo\":{\"@type\":\"ImageObject\",\"inLanguage\":\"fr-CA\",\"url\":\"https:\\\/\\\/cdnweb.danby.com\\\/wp-content\\\/uploads\\\/sites\\\/2\\\/2022\\\/02\\\/10141906\\\/Danby75Ans_Blue.png\",\"contentUrl\":\"https:\\\/\\\/cdnweb.danby.com\\\/wp-content\\\/uploads\\\/sites\\\/2\\\/2022\\\/02\\\/10141906\\\/Danby75Ans_Blue.png\",\"width\":470,\"height\":110,\"caption\":\"Danby Appliances\"},\"image\":[],\"sameAs\":[\"https:\\\/\\\/www.facebook.com\\\/DanbyAppliances\",\"https:\\\/\\\/x.com\\\/DanbyAppliance\",\"https:\\\/\\\/instagram.com\\\/danbyappliances\\\/\",\"https:\\\/\\\/www.linkedin.com\\\/company\\\/danbyappliances\",\"https:\\\/\\\/www.pinterest.ca\\\/danbyappliances\\\/\",\"https:\\\/\\\/www.youtube.com\\\/user\\\/DanbyProducts\",\"https:\\\/\\\/en.wikipedia.org\\\/wiki\\\/Danby_(appliances)\"]}]}<\/script>\n<!-- \/ Yoast SEO plugin. -->","yoast_head_json":{"title":"Danby kit d\u2019empilage pour la lessive - DLS060WDB | Danby Canada","description":"Ce support vous permet d\u2019installer votre s\u00e9cheuse portative Danby au-dessus de votre machine \u00e0 laver portative Danby \u2013 permettant un gain d'espace et une meilleure organisation du lieu qui vous sert de buanderie. Ce support comprend des \u00e9querres de fixation murale assurant une installation s\u00e9curitaire de vos appareils de buanderie et comprend aussi une garantie de 12 mois, service en atelier.","robots":{"index":"index","follow":"follow","max-snippet":"max-snippet:-1","max-image-preview":"max-image-preview:large","max-video-preview":"max-video-preview:-1"},"canonical":"https:\/\/www.danby.com\/fr\/products\/accessoires-fr\/dls060wdb\/","og_locale":"fr_CA","og_type":"article","og_title":"Danby kit d\u2019empilage pour la lessive - DLS060WDB | Danby Canada","og_description":"Ce support vous permet d\u2019installer votre s\u00e9cheuse portative Danby au-dessus de votre machine \u00e0 laver portative Danby \u2013 permettant un gain d'espace et une meilleure organisation du lieu qui vous sert de buanderie. Ce support comprend des \u00e9querres de fixation murale assurant une installation s\u00e9curitaire de vos appareils de buanderie et comprend aussi une garantie de 12 mois, service en atelier.","og_url":"https:\/\/www.danby.com\/fr\/products\/accessoires-fr\/dls060wdb\/","og_site_name":"Danby - Canada - French","article_publisher":"https:\/\/www.facebook.com\/DanbyAppliances","article_modified_time":"2026-04-30T10:06:40+00:00","og_image":[{"width":953,"height":1500,"url":"https:\/\/cdnweb.danby.com\/wp-content\/uploads\/sites\/2\/2022\/02\/08205414\/DLS060WDB-Featured.jpg","type":"image\/jpeg"}],"twitter_card":"summary_large_image","twitter_site":"@DanbyAppliance","schema":{"@context":"https:\/\/schema.org","@graph":[{"@type":["WebPage","ItemPage"],"url":"https:\/\/www.danby.com\/fr\/products\/accessoires-fr\/dls060wdb\/","name":"Danby kit d\u2019empilage pour la lessive - DLS060WDB | Danby Canada","isPartOf":[],"primaryImageOfPage":[],"image":[],"thumbnailUrl":"https:\/\/cdnweb.danby.com\/wp-content\/uploads\/sites\/2\/2022\/02\/08205414\/DLS060WDB-Featured.jpg","datePublished":"2022-02-03T19:18:29+00:00","dateModified":"2026-04-30T10:06:40+00:00","description":"Ce support vous permet d\u2019installer votre s\u00e9cheuse portative Danby au-dessus de votre machine \u00e0 laver portative Danby \u2013 permettant un gain d'espace et une meilleure organisation du lieu qui vous sert de buanderie. Ce support comprend des \u00e9querres de fixation murale assurant une installation s\u00e9curitaire de vos appareils de buanderie et comprend aussi une garantie de 12 mois, service en atelier.","breadcrumb":[],"inLanguage":"fr-CA","potentialAction":[{"@type":"ReadAction","target":["https:\/\/www.danby.com\/fr\/products\/accessoires-fr\/dls060wdb\/"]}]},{"@type":"ImageObject","inLanguage":"fr-CA","url":"https:\/\/cdnweb.danby.com\/wp-content\/uploads\/sites\/2\/2022\/02\/08205414\/DLS060WDB-Featured.jpg","contentUrl":"https:\/\/cdnweb.danby.com\/wp-content\/uploads\/sites\/2\/2022\/02\/08205414\/DLS060WDB-Featured.jpg","width":953,"height":1500},{"@type":"BreadcrumbList","itemListElement":[{"@type":"ListItem","position":1,"name":"Home","item":"https:\/\/www.danby.com\/fr\/"},{"@type":"ListItem","position":2,"name":"Boutique","item":"https:\/\/www.danby.com\/fr\/boutique\/"},{"@type":"ListItem","position":3,"name":"Danby kit d\u2019empilage pour la lessive"}]},{"@type":"WebSite","url":"https:\/\/www.danby.com\/fr\/","name":"Danby - Canada - French","description":"Leader dans le domaine de la r\u00e9frig\u00e9ration et des appareils sp\u00e9cialis\u00e9s","publisher":[],"potentialAction":[{"@type":"SearchAction","target":{"@type":"EntryPoint","urlTemplate":"https:\/\/www.danby.com\/fr\/?s={search_term_string}"},"query-input":{"@type":"PropertyValueSpecification","valueRequired":true,"valueName":"search_term_string"}}],"inLanguage":"fr-CA"},{"@type":"Organization","name":"Danby Appliances","url":"https:\/\/www.danby.com\/fr\/","logo":{"@type":"ImageObject","inLanguage":"fr-CA","url":"https:\/\/cdnweb.danby.com\/wp-content\/uploads\/sites\/2\/2022\/02\/10141906\/Danby75Ans_Blue.png","contentUrl":"https:\/\/cdnweb.danby.com\/wp-content\/uploads\/sites\/2\/2022\/02\/10141906\/Danby75Ans_Blue.png","width":470,"height":110,"caption":"Danby Appliances"},"image":[],"sameAs":["https:\/\/www.facebook.com\/DanbyAppliances","https:\/\/x.com\/DanbyAppliance","https:\/\/instagram.com\/danbyappliances\/","https:\/\/www.linkedin.com\/company\/danbyappliances","https:\/\/www.pinterest.ca\/danbyappliances\/","https:\/\/www.youtube.com\/user\/DanbyProducts","https:\/\/en.wikipedia.org\/wiki\/Danby_(appliances)"]}]}},"post_mailing_queue_ids":[],"_links":{"self":[{"href":"https:\/\/www.danby.com\/fr\/wp-json\/wp\/v2\/product\/5008","targetHints":{"allow":["GET"]}}],"collection":[{"href":"https:\/\/www.danby.com\/fr\/wp-json\/wp\/v2\/product"}],"about":[{"href":"https:\/\/www.danby.com\/fr\/wp-json\/wp\/v2\/types\/product"}],"replies":[{"embeddable":true,"href":"https:\/\/www.danby.com\/fr\/wp-json\/wp\/v2\/comments?post=5008"}],"wp:featuredmedia":[{"embeddable":true,"href":"https:\/\/www.danby.com\/fr\/wp-json\/wp\/v2\/media\/8543"}],"wp:attachment":[{"href":"https:\/\/www.danby.com\/fr\/wp-json\/wp\/v2\/media?parent=5008"}],"wp:term":[{"taxonomy":"product_brand","embeddable":true,"href":"https:\/\/www.danby.com\/fr\/wp-json\/wp\/v2\/product_brand?post=5008"},{"taxonomy":"product_cat","embeddable":true,"href":"https:\/\/www.danby.com\/fr\/wp-json\/wp\/v2\/product_cat?post=5008"},{"taxonomy":"product_tag","embeddable":true,"href":"https:\/\/www.danby.com\/fr\/wp-json\/wp\/v2\/product_tag?post=5008"}],"curies":[{"name":"wp","href":"https:\/\/api.w.org\/{rel}","templated":true}]}}