{"id":5006,"date":"2022-02-03T19:18:29","date_gmt":"2022-02-03T19:18:29","guid":{"rendered":"https:\/\/www.danby.com\/fr\/product\/dkc645bls\/"},"modified":"2026-04-18T10:08:04","modified_gmt":"2026-04-18T10:08:04","slug":"dkc645bls","status":"publish","type":"product","link":"https:\/\/www.danby.com\/fr\/products\/rafraichisseurs-de-futs-de-biere\/dkc645bls\/","title":{"rendered":"Chill&#8217;n Tap 5.8  Rafra\u00eechisseurs de f\u00fbts de bi\u00e8re"},"content":{"rendered":"","protected":false},"excerpt":{"rendered":"<ul>\n<li>Accueille des f\u00fbts de taille pleine ou poney (60 litres)<\/li>\n<li>Porte en acier inoxydable<\/li>\n<li>Convertit en un r\u00e9frig\u00e9rateur de 5,8 pi3. (164,2 litres) de capacit\u00e9 tout r\u00e9frig\u00e9rateur.<\/li>\n<li>Commande de temp\u00e9rature \u00e9lectronique mont\u00e9e \u00e0 l&#8217;avant avec affichage LED bleu<\/li>\n<li>R\u00e9servoir de CO2 et toute la quincaillerie inclus (le Co2 n\u00e9cessite une charge)<\/li>\n<li>D\u00e9givrage automatique<\/li>\n<li>Travail r\u00e9sistant aux rayures dessus<\/li>\n<li>Charni\u00e8re de porte r\u00e9versible<\/li>\n<li>Raille de protection chrom\u00e9e incluse<\/li>\n<li>Distributeur de tour \u00e0 bi\u00e8re noir\/chrome<\/li>\n<li>Tableau d&#8217;\u00e9gouttement inclus<\/li>\n<li>Roulettes swival en option pour faciliter le transport<\/li>\n<\/ul>\n","protected":false},"featured_media":6431,"comment_status":"closed","ping_status":"open","template":"","meta":{"_acf_changed":false},"product_brand":[],"product_cat":[30],"product_tag":[],"class_list":{"0":"post-5006","1":"product","2":"type-product","3":"status-publish","4":"has-post-thumbnail","6":"product_cat-rafraichisseurs-de-futs-de-biere","8":"first","9":"outofstock","10":"taxable","11":"shipping-taxable","12":"product-type-simple"},"acf":[],"yoast_head":"<!-- This site is optimized with the Yoast SEO plugin v26.7 - https:\/\/yoast.com\/wordpress\/plugins\/seo\/ -->\n<title>Chill&#039;n Tap 5.8 Rafra\u00eechisseurs de f\u00fbts de bi\u00e8re - DKC645BLS | Danby Canada<\/title>\n<meta name=\"description\" content=\"Avec la glaci\u00e8re portable Danby DesignerMD, boire de la bi\u00e8re prend une autre dimension. Avec de l&#039;espace pour entreposer des f\u00fbts normaux ou de petite taille, elle se transforme aussi en r\u00e9frig\u00e9rateur complet de 5,8 pi3 pour une polyvalence maximale. Elle comporte un thermostat \u00e9lectronique facile \u00e0 programmer, un plateau sup\u00e9rieur anti-\u00e9raflures qui permet d&#039;entreposer des accessoires et une porte en acier inoxydable. Con\u00e7u pour un usage \u00e0 l&#039;int\u00e9rieur, cette glaci\u00e8re est id\u00e9ale pour les f\u00eates ou pour regarder le match qui compte. Le r\u00e9servoir \u00e0 CO2 et le plateau de d\u00e9givrage sont inclus.\" \/>\n<meta name=\"robots\" content=\"index, follow, max-snippet:-1, max-image-preview:large, max-video-preview:-1\" \/>\n<link rel=\"canonical\" href=\"https:\/\/www.danby.com\/fr\/products\/rafraichisseurs-de-futs-de-biere\/dkc645bls\/\" \/>\n<meta property=\"og:locale\" content=\"fr_CA\" \/>\n<meta property=\"og:type\" content=\"article\" \/>\n<meta property=\"og:title\" content=\"Chill&#039;n Tap 5.8 Rafra\u00eechisseurs de f\u00fbts de bi\u00e8re - DKC645BLS | Danby Canada\" \/>\n<meta property=\"og:description\" content=\"Avec la glaci\u00e8re portable Danby DesignerMD, boire de la bi\u00e8re prend une autre dimension. Avec de l&#039;espace pour entreposer des f\u00fbts normaux ou de petite taille, elle se transforme aussi en r\u00e9frig\u00e9rateur complet de 5,8 pi3 pour une polyvalence maximale. Elle comporte un thermostat \u00e9lectronique facile \u00e0 programmer, un plateau sup\u00e9rieur anti-\u00e9raflures qui permet d&#039;entreposer des accessoires et une porte en acier inoxydable. Con\u00e7u pour un usage \u00e0 l&#039;int\u00e9rieur, cette glaci\u00e8re est id\u00e9ale pour les f\u00eates ou pour regarder le match qui compte. Le r\u00e9servoir \u00e0 CO2 et le plateau de d\u00e9givrage sont inclus.\" \/>\n<meta property=\"og:url\" content=\"https:\/\/www.danby.com\/fr\/products\/rafraichisseurs-de-futs-de-biere\/dkc645bls\/\" \/>\n<meta property=\"og:site_name\" content=\"Danby - Canada - French\" \/>\n<meta property=\"article:publisher\" content=\"https:\/\/www.facebook.com\/DanbyAppliances\" \/>\n<meta property=\"article:modified_time\" content=\"2026-04-18T10:08:04+00:00\" \/>\n<meta property=\"og:image\" content=\"https:\/\/cdnweb.danby.com\/wp-content\/uploads\/sites\/2\/2022\/02\/08183953\/proMed-dkc645bls_beer.jpg\" \/>\n\t<meta property=\"og:image:width\" content=\"303\" \/>\n\t<meta property=\"og:image:height\" content=\"275\" \/>\n\t<meta property=\"og:image:type\" content=\"image\/jpeg\" \/>\n<meta name=\"twitter:card\" content=\"summary_large_image\" \/>\n<meta name=\"twitter:site\" content=\"@DanbyAppliance\" \/>\n<script type=\"application\/ld+json\" class=\"yoast-schema-graph\">{\"@context\":\"https:\/\/schema.org\",\"@graph\":[{\"@type\":[\"WebPage\",\"ItemPage\"],\"url\":\"https:\/\/www.danby.com\/fr\/products\/rafraichisseurs-de-futs-de-biere\/dkc645bls\/\",\"name\":\"Chill'n Tap 5.8 Rafra\u00eechisseurs de f\u00fbts de bi\u00e8re - DKC645BLS | Danby Canada\",\"isPartOf\":[],\"primaryImageOfPage\":[],\"image\":[],\"thumbnailUrl\":\"https:\/\/cdnweb.danby.com\/wp-content\/uploads\/sites\/2\/2022\/02\/08183953\/proMed-dkc645bls_beer.jpg\",\"datePublished\":\"2022-02-03T19:18:29+00:00\",\"dateModified\":\"2026-04-18T10:08:04+00:00\",\"description\":\"Avec la glaci\u00e8re portable Danby DesignerMD, boire de la bi\u00e8re prend une autre dimension. Avec de l'espace pour entreposer des f\u00fbts normaux ou de petite taille, elle se transforme aussi en r\u00e9frig\u00e9rateur complet de 5,8 pi3 pour une polyvalence maximale. Elle comporte un thermostat \u00e9lectronique facile \u00e0 programmer, un plateau sup\u00e9rieur anti-\u00e9raflures qui permet d'entreposer des accessoires et une porte en acier inoxydable. Con\u00e7u pour un usage \u00e0 l'int\u00e9rieur, cette glaci\u00e8re est id\u00e9ale pour les f\u00eates ou pour regarder le match qui compte. Le r\u00e9servoir \u00e0 CO2 et le plateau de d\u00e9givrage sont inclus.\",\"breadcrumb\":[],\"inLanguage\":\"fr-CA\",\"potentialAction\":[{\"@type\":\"ReadAction\",\"target\":[\"https:\/\/www.danby.com\/fr\/products\/rafraichisseurs-de-futs-de-biere\/dkc645bls\/\"]}]},{\"@type\":\"ImageObject\",\"inLanguage\":\"fr-CA\",\"url\":\"https:\/\/cdnweb.danby.com\/wp-content\/uploads\/sites\/2\/2022\/02\/08183953\/proMed-dkc645bls_beer.jpg\",\"contentUrl\":\"https:\/\/cdnweb.danby.com\/wp-content\/uploads\/sites\/2\/2022\/02\/08183953\/proMed-dkc645bls_beer.jpg\",\"width\":303,\"height\":275},{\"@type\":\"BreadcrumbList\",\"itemListElement\":[{\"@type\":\"ListItem\",\"position\":1,\"name\":\"Home\",\"item\":\"https:\/\/www.danby.com\/fr\/\"},{\"@type\":\"ListItem\",\"position\":2,\"name\":\"Boutique\",\"item\":\"https:\/\/www.danby.com\/fr\/boutique\/\"},{\"@type\":\"ListItem\",\"position\":3,\"name\":\"Chill&#8217;n Tap 5.8 Rafra\u00eechisseurs de f\u00fbts de bi\u00e8re\"}]},{\"@type\":\"WebSite\",\"url\":\"https:\/\/www.danby.com\/fr\/\",\"name\":\"Danby - Canada - French\",\"description\":\"Leader dans le domaine de la r\u00e9frig\u00e9ration et des appareils sp\u00e9cialis\u00e9s\",\"publisher\":[],\"potentialAction\":[{\"@type\":\"SearchAction\",\"target\":{\"@type\":\"EntryPoint\",\"urlTemplate\":\"https:\/\/www.danby.com\/fr\/?s={search_term_string}\"},\"query-input\":{\"@type\":\"PropertyValueSpecification\",\"valueRequired\":true,\"valueName\":\"search_term_string\"}}],\"inLanguage\":\"fr-CA\"},{\"@type\":\"Organization\",\"name\":\"Danby Appliances\",\"url\":\"https:\/\/www.danby.com\/fr\/\",\"logo\":{\"@type\":\"ImageObject\",\"inLanguage\":\"fr-CA\",\"url\":\"https:\/\/cdnweb.danby.com\/wp-content\/uploads\/sites\/2\/2022\/02\/10141906\/Danby75Ans_Blue.png\",\"contentUrl\":\"https:\/\/cdnweb.danby.com\/wp-content\/uploads\/sites\/2\/2022\/02\/10141906\/Danby75Ans_Blue.png\",\"width\":470,\"height\":110,\"caption\":\"Danby Appliances\"},\"image\":[],\"sameAs\":[\"https:\/\/www.facebook.com\/DanbyAppliances\",\"https:\/\/x.com\/DanbyAppliance\",\"https:\/\/instagram.com\/danbyappliances\/\",\"https:\/\/www.linkedin.com\/company\/danbyappliances\",\"https:\/\/www.pinterest.ca\/danbyappliances\/\",\"https:\/\/www.youtube.com\/user\/DanbyProducts\",\"https:\/\/en.wikipedia.org\/wiki\/Danby_(appliances)\"]}]}<\/script>\n<!-- \/ Yoast SEO plugin. -->","yoast_head_json":{"title":"Chill'n Tap 5.8 Rafra\u00eechisseurs de f\u00fbts de bi\u00e8re - DKC645BLS | Danby Canada","description":"Avec la glaci\u00e8re portable Danby DesignerMD, boire de la bi\u00e8re prend une autre dimension. Avec de l'espace pour entreposer des f\u00fbts normaux ou de petite taille, elle se transforme aussi en r\u00e9frig\u00e9rateur complet de 5,8 pi3 pour une polyvalence maximale. Elle comporte un thermostat \u00e9lectronique facile \u00e0 programmer, un plateau sup\u00e9rieur anti-\u00e9raflures qui permet d'entreposer des accessoires et une porte en acier inoxydable. Con\u00e7u pour un usage \u00e0 l'int\u00e9rieur, cette glaci\u00e8re est id\u00e9ale pour les f\u00eates ou pour regarder le match qui compte. Le r\u00e9servoir \u00e0 CO2 et le plateau de d\u00e9givrage sont inclus.","robots":{"index":"index","follow":"follow","max-snippet":"max-snippet:-1","max-image-preview":"max-image-preview:large","max-video-preview":"max-video-preview:-1"},"canonical":"https:\/\/www.danby.com\/fr\/products\/rafraichisseurs-de-futs-de-biere\/dkc645bls\/","og_locale":"fr_CA","og_type":"article","og_title":"Chill'n Tap 5.8 Rafra\u00eechisseurs de f\u00fbts de bi\u00e8re - DKC645BLS | Danby Canada","og_description":"Avec la glaci\u00e8re portable Danby DesignerMD, boire de la bi\u00e8re prend une autre dimension. Avec de l'espace pour entreposer des f\u00fbts normaux ou de petite taille, elle se transforme aussi en r\u00e9frig\u00e9rateur complet de 5,8 pi3 pour une polyvalence maximale. Elle comporte un thermostat \u00e9lectronique facile \u00e0 programmer, un plateau sup\u00e9rieur anti-\u00e9raflures qui permet d'entreposer des accessoires et une porte en acier inoxydable. Con\u00e7u pour un usage \u00e0 l'int\u00e9rieur, cette glaci\u00e8re est id\u00e9ale pour les f\u00eates ou pour regarder le match qui compte. Le r\u00e9servoir \u00e0 CO2 et le plateau de d\u00e9givrage sont inclus.","og_url":"https:\/\/www.danby.com\/fr\/products\/rafraichisseurs-de-futs-de-biere\/dkc645bls\/","og_site_name":"Danby - Canada - French","article_publisher":"https:\/\/www.facebook.com\/DanbyAppliances","article_modified_time":"2026-04-18T10:08:04+00:00","og_image":[{"width":303,"height":275,"url":"https:\/\/cdnweb.danby.com\/wp-content\/uploads\/sites\/2\/2022\/02\/08183953\/proMed-dkc645bls_beer.jpg","type":"image\/jpeg"}],"twitter_card":"summary_large_image","twitter_site":"@DanbyAppliance","schema":{"@context":"https:\/\/schema.org","@graph":[{"@type":["WebPage","ItemPage"],"url":"https:\/\/www.danby.com\/fr\/products\/rafraichisseurs-de-futs-de-biere\/dkc645bls\/","name":"Chill'n Tap 5.8 Rafra\u00eechisseurs de f\u00fbts de bi\u00e8re - DKC645BLS | Danby Canada","isPartOf":[],"primaryImageOfPage":[],"image":[],"thumbnailUrl":"https:\/\/cdnweb.danby.com\/wp-content\/uploads\/sites\/2\/2022\/02\/08183953\/proMed-dkc645bls_beer.jpg","datePublished":"2022-02-03T19:18:29+00:00","dateModified":"2026-04-18T10:08:04+00:00","description":"Avec la glaci\u00e8re portable Danby DesignerMD, boire de la bi\u00e8re prend une autre dimension. Avec de l'espace pour entreposer des f\u00fbts normaux ou de petite taille, elle se transforme aussi en r\u00e9frig\u00e9rateur complet de 5,8 pi3 pour une polyvalence maximale. Elle comporte un thermostat \u00e9lectronique facile \u00e0 programmer, un plateau sup\u00e9rieur anti-\u00e9raflures qui permet d'entreposer des accessoires et une porte en acier inoxydable. Con\u00e7u pour un usage \u00e0 l'int\u00e9rieur, cette glaci\u00e8re est id\u00e9ale pour les f\u00eates ou pour regarder le match qui compte. Le r\u00e9servoir \u00e0 CO2 et le plateau de d\u00e9givrage sont inclus.","breadcrumb":[],"inLanguage":"fr-CA","potentialAction":[{"@type":"ReadAction","target":["https:\/\/www.danby.com\/fr\/products\/rafraichisseurs-de-futs-de-biere\/dkc645bls\/"]}]},{"@type":"ImageObject","inLanguage":"fr-CA","url":"https:\/\/cdnweb.danby.com\/wp-content\/uploads\/sites\/2\/2022\/02\/08183953\/proMed-dkc645bls_beer.jpg","contentUrl":"https:\/\/cdnweb.danby.com\/wp-content\/uploads\/sites\/2\/2022\/02\/08183953\/proMed-dkc645bls_beer.jpg","width":303,"height":275},{"@type":"BreadcrumbList","itemListElement":[{"@type":"ListItem","position":1,"name":"Home","item":"https:\/\/www.danby.com\/fr\/"},{"@type":"ListItem","position":2,"name":"Boutique","item":"https:\/\/www.danby.com\/fr\/boutique\/"},{"@type":"ListItem","position":3,"name":"Chill&#8217;n Tap 5.8 Rafra\u00eechisseurs de f\u00fbts de bi\u00e8re"}]},{"@type":"WebSite","url":"https:\/\/www.danby.com\/fr\/","name":"Danby - Canada - French","description":"Leader dans le domaine de la r\u00e9frig\u00e9ration et des appareils sp\u00e9cialis\u00e9s","publisher":[],"potentialAction":[{"@type":"SearchAction","target":{"@type":"EntryPoint","urlTemplate":"https:\/\/www.danby.com\/fr\/?s={search_term_string}"},"query-input":{"@type":"PropertyValueSpecification","valueRequired":true,"valueName":"search_term_string"}}],"inLanguage":"fr-CA"},{"@type":"Organization","name":"Danby Appliances","url":"https:\/\/www.danby.com\/fr\/","logo":{"@type":"ImageObject","inLanguage":"fr-CA","url":"https:\/\/cdnweb.danby.com\/wp-content\/uploads\/sites\/2\/2022\/02\/10141906\/Danby75Ans_Blue.png","contentUrl":"https:\/\/cdnweb.danby.com\/wp-content\/uploads\/sites\/2\/2022\/02\/10141906\/Danby75Ans_Blue.png","width":470,"height":110,"caption":"Danby Appliances"},"image":[],"sameAs":["https:\/\/www.facebook.com\/DanbyAppliances","https:\/\/x.com\/DanbyAppliance","https:\/\/instagram.com\/danbyappliances\/","https:\/\/www.linkedin.com\/company\/danbyappliances","https:\/\/www.pinterest.ca\/danbyappliances\/","https:\/\/www.youtube.com\/user\/DanbyProducts","https:\/\/en.wikipedia.org\/wiki\/Danby_(appliances)"]}]}},"post_mailing_queue_ids":[],"_links":{"self":[{"href":"https:\/\/www.danby.com\/fr\/wp-json\/wp\/v2\/product\/5006","targetHints":{"allow":["GET"]}}],"collection":[{"href":"https:\/\/www.danby.com\/fr\/wp-json\/wp\/v2\/product"}],"about":[{"href":"https:\/\/www.danby.com\/fr\/wp-json\/wp\/v2\/types\/product"}],"replies":[{"embeddable":true,"href":"https:\/\/www.danby.com\/fr\/wp-json\/wp\/v2\/comments?post=5006"}],"wp:featuredmedia":[{"embeddable":true,"href":"https:\/\/www.danby.com\/fr\/wp-json\/wp\/v2\/media\/6431"}],"wp:attachment":[{"href":"https:\/\/www.danby.com\/fr\/wp-json\/wp\/v2\/media?parent=5006"}],"wp:term":[{"taxonomy":"product_brand","embeddable":true,"href":"https:\/\/www.danby.com\/fr\/wp-json\/wp\/v2\/product_brand?post=5006"},{"taxonomy":"product_cat","embeddable":true,"href":"https:\/\/www.danby.com\/fr\/wp-json\/wp\/v2\/product_cat?post=5006"},{"taxonomy":"product_tag","embeddable":true,"href":"https:\/\/www.danby.com\/fr\/wp-json\/wp\/v2\/product_tag?post=5006"}],"curies":[{"name":"wp","href":"https:\/\/api.w.org\/{rel}","templated":true}]}}