{"id":5003,"date":"2022-02-03T19:18:29","date_gmt":"2022-02-03T19:18:29","guid":{"rendered":"https:\/\/www.danby.com\/fr\/product\/dkc054a1bsldb\/"},"modified":"2026-04-28T10:09:32","modified_gmt":"2026-04-28T10:09:32","slug":"dkc054a1bsldb","status":"publish","type":"product","link":"https:\/\/www.danby.com\/fr\/products\/rafraichisseurs-de-futs-de-biere\/dkc054a1bsldb\/","title":{"rendered":"Danby Refroidisseur de f\u00fbts \u00e0 robinet unique de 5,4 pi3 en aspect acier inoxydable"},"content":{"rendered":"","protected":false},"excerpt":{"rendered":"<ul>\n<li>Refroidisseur de f\u00fbts \u00e0 robinet unique<\/li>\n<li>Capacit\u00e9 de 153 litres (5.4 cu. ft.)<\/li>\n<li>Finition acier impeccable &#8211; ressemble \u00e0 de l&#8217;acier inoxydable v\u00e9ritable, mais sans les taches<\/li>\n<li>R\u00e9frig\u00e9rant R600A <\/li>\n<li>Barre de protection et bac de r\u00e9cup\u00e9ration chrom\u00e9s<\/li>\n<li>Le refroidisseur de Keg comprend un r\u00e9gulateur \u00e0 jauge unique, une bouteille de CO2 et tout le mat\u00e9riel n\u00e9cessaire<\/li>\n<li>Plan de travail r\u00e9sistant aux rayures<\/li>\n<li>Pose libre, application int\u00e9rieure<\/li>\n<li>D\u00e9givrage automatique pour une maintenance ais\u00e9e<\/li>\n<li>Contr\u00f4le m\u00e9canique de la temp\u00e9rature<\/li>\n<li>Charni\u00e8re de porte r\u00e9versible pour une ouverture \u00e0 gauche ou \u00e0 droite<\/li>\n<\/ul>\n","protected":false},"featured_media":35282,"comment_status":"closed","ping_status":"closed","template":"","meta":{"_acf_changed":false},"product_brand":[],"product_cat":[30],"product_tag":[],"class_list":{"0":"post-5003","1":"product","2":"type-product","3":"status-publish","4":"has-post-thumbnail","6":"product_cat-rafraichisseurs-de-futs-de-biere","8":"first","9":"instock","10":"taxable","11":"shipping-taxable","12":"purchasable","13":"product-type-simple"},"acf":[],"yoast_head":"<!-- This site is optimized with the Yoast SEO plugin v27.4 - https:\/\/yoast.com\/product\/yoast-seo-wordpress\/ -->\n<title>Danby Refroidisseur de f\u00fbts \u00e0 robinet unique de 5,4 pi3 en aspect acier inoxydable - DKC054A1BSLDB | Danby Canada<\/title>\n<meta name=\"description\" content=\"Que vous soyez un buveur de bi\u00e8re ou un amuseur inv\u00e9t\u00e9r\u00e9, vous serez le meilleur h\u00f4te de f\u00eate avec cet ultime r\u00e9frig\u00e9rateur de f\u00fbt d&#039;int\u00e9rieur autoportant de Danby Appliances. Ce refroidisseur de f\u00fbt \u00e0 robinet unique est un ajout exceptionnel \u00e0 tout bar humide, salle de jeu ou cave \u00e0 hommes et offre la commodit\u00e9 d&#039;une bi\u00e8re froide en m\u00eame temps. Est dot\u00e9e d&#039;un syst\u00e8me de d\u00e9givrage automatique, ce qui en fait un excellent produit \u00e0 l&#039;entretien facile. Ce refroidisseur de f\u00fbt comprend un r\u00e9gulateur \u00e0 jauge unique, un r\u00e9servoir de CO2 et tout le mat\u00e9riel n\u00e9cessaire. Il dispose d&#039;un thermostat m\u00e9canique pr\u00e9cis pour garder votre bi\u00e8re froide et d&#039;une finition en acier inoxydable ressemblant \u00e0 l&#039;acier inoxydable mais beaucoup plus facile \u00e0 nettoyer. Avons-nous mentionn\u00e9 qu&#039;il poss\u00e8de un plan de travail r\u00e9sistant aux rayures ? En outre, cette unit\u00e9 comprend un coupleur American Sankey, un garde-corps et un bac de r\u00e9cup\u00e9ration chrom\u00e9s, ainsi que des roulettes pivotantes en option pour faciliter le transport. La charni\u00e8re de la porte est r\u00e9versible, ce qui vous permet de la r\u00e9gler pour une ouverture \u00e0 gauche ou \u00e0 droite.\" \/>\n<meta name=\"robots\" content=\"index, follow, max-snippet:-1, max-image-preview:large, max-video-preview:-1\" \/>\n<link rel=\"canonical\" href=\"https:\/\/www.danby.com\/fr\/products\/rafraichisseurs-de-futs-de-biere\/dkc054a1bsldb\/\" \/>\n<meta property=\"og:locale\" content=\"fr_CA\" \/>\n<meta property=\"og:type\" content=\"article\" \/>\n<meta property=\"og:title\" content=\"Danby Refroidisseur de f\u00fbts \u00e0 robinet unique de 5,4 pi3 en aspect acier inoxydable - DKC054A1BSLDB | Danby Canada\" \/>\n<meta property=\"og:description\" content=\"Que vous soyez un buveur de bi\u00e8re ou un amuseur inv\u00e9t\u00e9r\u00e9, vous serez le meilleur h\u00f4te de f\u00eate avec cet ultime r\u00e9frig\u00e9rateur de f\u00fbt d&#039;int\u00e9rieur autoportant de Danby Appliances. Ce refroidisseur de f\u00fbt \u00e0 robinet unique est un ajout exceptionnel \u00e0 tout bar humide, salle de jeu ou cave \u00e0 hommes et offre la commodit\u00e9 d&#039;une bi\u00e8re froide en m\u00eame temps. Est dot\u00e9e d&#039;un syst\u00e8me de d\u00e9givrage automatique, ce qui en fait un excellent produit \u00e0 l&#039;entretien facile. Ce refroidisseur de f\u00fbt comprend un r\u00e9gulateur \u00e0 jauge unique, un r\u00e9servoir de CO2 et tout le mat\u00e9riel n\u00e9cessaire. Il dispose d&#039;un thermostat m\u00e9canique pr\u00e9cis pour garder votre bi\u00e8re froide et d&#039;une finition en acier inoxydable ressemblant \u00e0 l&#039;acier inoxydable mais beaucoup plus facile \u00e0 nettoyer. Avons-nous mentionn\u00e9 qu&#039;il poss\u00e8de un plan de travail r\u00e9sistant aux rayures ? En outre, cette unit\u00e9 comprend un coupleur American Sankey, un garde-corps et un bac de r\u00e9cup\u00e9ration chrom\u00e9s, ainsi que des roulettes pivotantes en option pour faciliter le transport. La charni\u00e8re de la porte est r\u00e9versible, ce qui vous permet de la r\u00e9gler pour une ouverture \u00e0 gauche ou \u00e0 droite.\" \/>\n<meta property=\"og:url\" content=\"https:\/\/www.danby.com\/fr\/products\/rafraichisseurs-de-futs-de-biere\/dkc054a1bsldb\/\" \/>\n<meta property=\"og:site_name\" content=\"Danby - Canada - French\" \/>\n<meta property=\"article:publisher\" content=\"https:\/\/www.facebook.com\/DanbyAppliances\" \/>\n<meta property=\"article:modified_time\" content=\"2026-04-28T10:09:32+00:00\" \/>\n<meta property=\"og:image\" content=\"https:\/\/cdnweb.danby.com\/wp-content\/uploads\/sites\/2\/2024\/03\/04154406\/Keg__0001_DKC054A1BSL2DB.jpg\" \/>\n\t<meta property=\"og:image:width\" content=\"1125\" \/>\n\t<meta property=\"og:image:height\" content=\"1500\" \/>\n\t<meta property=\"og:image:type\" content=\"image\/jpeg\" \/>\n<meta name=\"twitter:card\" content=\"summary_large_image\" \/>\n<meta name=\"twitter:site\" content=\"@DanbyAppliance\" \/>\n<script type=\"application\/ld+json\" class=\"yoast-schema-graph\">{\"@context\":\"https:\\\/\\\/schema.org\",\"@graph\":[{\"@type\":[\"WebPage\",\"ItemPage\"],\"url\":\"https:\\\/\\\/www.danby.com\\\/fr\\\/products\\\/rafraichisseurs-de-futs-de-biere\\\/dkc054a1bsldb\\\/\",\"name\":\"Danby Refroidisseur de f\u00fbts \u00e0 robinet unique de 5,4 pi3 en aspect acier inoxydable - DKC054A1BSLDB | Danby Canada\",\"isPartOf\":[],\"primaryImageOfPage\":[],\"image\":[],\"thumbnailUrl\":\"https:\\\/\\\/www.danby.com\\\/fr\\\/wp-content\\\/uploads\\\/sites\\\/2\\\/2025\\\/09\\\/dkc054a1bsldb-thumbnail.jpg\",\"datePublished\":\"2022-02-03T19:18:29+00:00\",\"dateModified\":\"2026-04-28T10:09:32+00:00\",\"description\":\"Que vous soyez un buveur de bi\u00e8re ou un amuseur inv\u00e9t\u00e9r\u00e9, vous serez le meilleur h\u00f4te de f\u00eate avec cet ultime r\u00e9frig\u00e9rateur de f\u00fbt d'int\u00e9rieur autoportant de Danby Appliances. Ce refroidisseur de f\u00fbt \u00e0 robinet unique est un ajout exceptionnel \u00e0 tout bar humide, salle de jeu ou cave \u00e0 hommes et offre la commodit\u00e9 d'une bi\u00e8re froide en m\u00eame temps. Est dot\u00e9e d'un syst\u00e8me de d\u00e9givrage automatique, ce qui en fait un excellent produit \u00e0 l'entretien facile. Ce refroidisseur de f\u00fbt comprend un r\u00e9gulateur \u00e0 jauge unique, un r\u00e9servoir de CO2 et tout le mat\u00e9riel n\u00e9cessaire. Il dispose d'un thermostat m\u00e9canique pr\u00e9cis pour garder votre bi\u00e8re froide et d'une finition en acier inoxydable ressemblant \u00e0 l'acier inoxydable mais beaucoup plus facile \u00e0 nettoyer. Avons-nous mentionn\u00e9 qu'il poss\u00e8de un plan de travail r\u00e9sistant aux rayures ? En outre, cette unit\u00e9 comprend un coupleur American Sankey, un garde-corps et un bac de r\u00e9cup\u00e9ration chrom\u00e9s, ainsi que des roulettes pivotantes en option pour faciliter le transport. La charni\u00e8re de la porte est r\u00e9versible, ce qui vous permet de la r\u00e9gler pour une ouverture \u00e0 gauche ou \u00e0 droite.\",\"breadcrumb\":[],\"inLanguage\":\"fr-CA\",\"potentialAction\":[{\"@type\":\"ReadAction\",\"target\":[\"https:\\\/\\\/www.danby.com\\\/fr\\\/products\\\/rafraichisseurs-de-futs-de-biere\\\/dkc054a1bsldb\\\/\"]}]},{\"@type\":\"ImageObject\",\"inLanguage\":\"fr-CA\",\"url\":\"https:\\\/\\\/www.danby.com\\\/fr\\\/wp-content\\\/uploads\\\/sites\\\/2\\\/2025\\\/09\\\/dkc054a1bsldb-thumbnail.jpg\",\"contentUrl\":\"https:\\\/\\\/www.danby.com\\\/fr\\\/wp-content\\\/uploads\\\/sites\\\/2\\\/2025\\\/09\\\/dkc054a1bsldb-thumbnail.jpg\",\"width\":768,\"height\":1024},{\"@type\":\"BreadcrumbList\",\"itemListElement\":[{\"@type\":\"ListItem\",\"position\":1,\"name\":\"Home\",\"item\":\"https:\\\/\\\/www.danby.com\\\/fr\\\/\"},{\"@type\":\"ListItem\",\"position\":2,\"name\":\"Boutique\",\"item\":\"https:\\\/\\\/www.danby.com\\\/fr\\\/boutique\\\/\"},{\"@type\":\"ListItem\",\"position\":3,\"name\":\"Danby Refroidisseur de f\u00fbts \u00e0 robinet unique de 5,4 pi3 en Acier Inoxydable\"}]},{\"@type\":\"WebSite\",\"url\":\"https:\\\/\\\/www.danby.com\\\/fr\\\/\",\"name\":\"Danby - Canada - French\",\"description\":\"Leader dans le domaine de la r\u00e9frig\u00e9ration et des appareils sp\u00e9cialis\u00e9s\",\"publisher\":[],\"potentialAction\":[{\"@type\":\"SearchAction\",\"target\":{\"@type\":\"EntryPoint\",\"urlTemplate\":\"https:\\\/\\\/www.danby.com\\\/fr\\\/?s={search_term_string}\"},\"query-input\":{\"@type\":\"PropertyValueSpecification\",\"valueRequired\":true,\"valueName\":\"search_term_string\"}}],\"inLanguage\":\"fr-CA\"},{\"@type\":\"Organization\",\"name\":\"Danby Appliances\",\"url\":\"https:\\\/\\\/www.danby.com\\\/fr\\\/\",\"logo\":{\"@type\":\"ImageObject\",\"inLanguage\":\"fr-CA\",\"url\":\"https:\\\/\\\/cdnweb.danby.com\\\/wp-content\\\/uploads\\\/sites\\\/2\\\/2022\\\/02\\\/10141906\\\/Danby75Ans_Blue.png\",\"contentUrl\":\"https:\\\/\\\/cdnweb.danby.com\\\/wp-content\\\/uploads\\\/sites\\\/2\\\/2022\\\/02\\\/10141906\\\/Danby75Ans_Blue.png\",\"width\":470,\"height\":110,\"caption\":\"Danby Appliances\"},\"image\":[],\"sameAs\":[\"https:\\\/\\\/www.facebook.com\\\/DanbyAppliances\",\"https:\\\/\\\/x.com\\\/DanbyAppliance\",\"https:\\\/\\\/instagram.com\\\/danbyappliances\\\/\",\"https:\\\/\\\/www.linkedin.com\\\/company\\\/danbyappliances\",\"https:\\\/\\\/www.pinterest.ca\\\/danbyappliances\\\/\",\"https:\\\/\\\/www.youtube.com\\\/user\\\/DanbyProducts\",\"https:\\\/\\\/en.wikipedia.org\\\/wiki\\\/Danby_(appliances)\"]}]}<\/script>\n<!-- \/ Yoast SEO plugin. -->","yoast_head_json":{"title":"Danby Refroidisseur de f\u00fbts \u00e0 robinet unique de 5,4 pi3 en aspect acier inoxydable - DKC054A1BSLDB | Danby Canada","description":"Que vous soyez un buveur de bi\u00e8re ou un amuseur inv\u00e9t\u00e9r\u00e9, vous serez le meilleur h\u00f4te de f\u00eate avec cet ultime r\u00e9frig\u00e9rateur de f\u00fbt d'int\u00e9rieur autoportant de Danby Appliances. Ce refroidisseur de f\u00fbt \u00e0 robinet unique est un ajout exceptionnel \u00e0 tout bar humide, salle de jeu ou cave \u00e0 hommes et offre la commodit\u00e9 d'une bi\u00e8re froide en m\u00eame temps. Est dot\u00e9e d'un syst\u00e8me de d\u00e9givrage automatique, ce qui en fait un excellent produit \u00e0 l'entretien facile. Ce refroidisseur de f\u00fbt comprend un r\u00e9gulateur \u00e0 jauge unique, un r\u00e9servoir de CO2 et tout le mat\u00e9riel n\u00e9cessaire. Il dispose d'un thermostat m\u00e9canique pr\u00e9cis pour garder votre bi\u00e8re froide et d'une finition en acier inoxydable ressemblant \u00e0 l'acier inoxydable mais beaucoup plus facile \u00e0 nettoyer. Avons-nous mentionn\u00e9 qu'il poss\u00e8de un plan de travail r\u00e9sistant aux rayures ? En outre, cette unit\u00e9 comprend un coupleur American Sankey, un garde-corps et un bac de r\u00e9cup\u00e9ration chrom\u00e9s, ainsi que des roulettes pivotantes en option pour faciliter le transport. La charni\u00e8re de la porte est r\u00e9versible, ce qui vous permet de la r\u00e9gler pour une ouverture \u00e0 gauche ou \u00e0 droite.","robots":{"index":"index","follow":"follow","max-snippet":"max-snippet:-1","max-image-preview":"max-image-preview:large","max-video-preview":"max-video-preview:-1"},"canonical":"https:\/\/www.danby.com\/fr\/products\/rafraichisseurs-de-futs-de-biere\/dkc054a1bsldb\/","og_locale":"fr_CA","og_type":"article","og_title":"Danby Refroidisseur de f\u00fbts \u00e0 robinet unique de 5,4 pi3 en aspect acier inoxydable - DKC054A1BSLDB | Danby Canada","og_description":"Que vous soyez un buveur de bi\u00e8re ou un amuseur inv\u00e9t\u00e9r\u00e9, vous serez le meilleur h\u00f4te de f\u00eate avec cet ultime r\u00e9frig\u00e9rateur de f\u00fbt d'int\u00e9rieur autoportant de Danby Appliances. Ce refroidisseur de f\u00fbt \u00e0 robinet unique est un ajout exceptionnel \u00e0 tout bar humide, salle de jeu ou cave \u00e0 hommes et offre la commodit\u00e9 d'une bi\u00e8re froide en m\u00eame temps. Est dot\u00e9e d'un syst\u00e8me de d\u00e9givrage automatique, ce qui en fait un excellent produit \u00e0 l'entretien facile. Ce refroidisseur de f\u00fbt comprend un r\u00e9gulateur \u00e0 jauge unique, un r\u00e9servoir de CO2 et tout le mat\u00e9riel n\u00e9cessaire. Il dispose d'un thermostat m\u00e9canique pr\u00e9cis pour garder votre bi\u00e8re froide et d'une finition en acier inoxydable ressemblant \u00e0 l'acier inoxydable mais beaucoup plus facile \u00e0 nettoyer. Avons-nous mentionn\u00e9 qu'il poss\u00e8de un plan de travail r\u00e9sistant aux rayures ? En outre, cette unit\u00e9 comprend un coupleur American Sankey, un garde-corps et un bac de r\u00e9cup\u00e9ration chrom\u00e9s, ainsi que des roulettes pivotantes en option pour faciliter le transport. La charni\u00e8re de la porte est r\u00e9versible, ce qui vous permet de la r\u00e9gler pour une ouverture \u00e0 gauche ou \u00e0 droite.","og_url":"https:\/\/www.danby.com\/fr\/products\/rafraichisseurs-de-futs-de-biere\/dkc054a1bsldb\/","og_site_name":"Danby - Canada - French","article_publisher":"https:\/\/www.facebook.com\/DanbyAppliances","article_modified_time":"2026-04-28T10:09:32+00:00","og_image":[{"width":1125,"height":1500,"url":"https:\/\/cdnweb.danby.com\/wp-content\/uploads\/sites\/2\/2024\/03\/04154406\/Keg__0001_DKC054A1BSL2DB.jpg","type":"image\/jpeg"}],"twitter_card":"summary_large_image","twitter_site":"@DanbyAppliance","schema":{"@context":"https:\/\/schema.org","@graph":[{"@type":["WebPage","ItemPage"],"url":"https:\/\/www.danby.com\/fr\/products\/rafraichisseurs-de-futs-de-biere\/dkc054a1bsldb\/","name":"Danby Refroidisseur de f\u00fbts \u00e0 robinet unique de 5,4 pi3 en aspect acier inoxydable - DKC054A1BSLDB | Danby Canada","isPartOf":[],"primaryImageOfPage":[],"image":[],"thumbnailUrl":"https:\/\/www.danby.com\/fr\/wp-content\/uploads\/sites\/2\/2025\/09\/dkc054a1bsldb-thumbnail.jpg","datePublished":"2022-02-03T19:18:29+00:00","dateModified":"2026-04-28T10:09:32+00:00","description":"Que vous soyez un buveur de bi\u00e8re ou un amuseur inv\u00e9t\u00e9r\u00e9, vous serez le meilleur h\u00f4te de f\u00eate avec cet ultime r\u00e9frig\u00e9rateur de f\u00fbt d'int\u00e9rieur autoportant de Danby Appliances. Ce refroidisseur de f\u00fbt \u00e0 robinet unique est un ajout exceptionnel \u00e0 tout bar humide, salle de jeu ou cave \u00e0 hommes et offre la commodit\u00e9 d'une bi\u00e8re froide en m\u00eame temps. Est dot\u00e9e d'un syst\u00e8me de d\u00e9givrage automatique, ce qui en fait un excellent produit \u00e0 l'entretien facile. Ce refroidisseur de f\u00fbt comprend un r\u00e9gulateur \u00e0 jauge unique, un r\u00e9servoir de CO2 et tout le mat\u00e9riel n\u00e9cessaire. Il dispose d'un thermostat m\u00e9canique pr\u00e9cis pour garder votre bi\u00e8re froide et d'une finition en acier inoxydable ressemblant \u00e0 l'acier inoxydable mais beaucoup plus facile \u00e0 nettoyer. Avons-nous mentionn\u00e9 qu'il poss\u00e8de un plan de travail r\u00e9sistant aux rayures ? En outre, cette unit\u00e9 comprend un coupleur American Sankey, un garde-corps et un bac de r\u00e9cup\u00e9ration chrom\u00e9s, ainsi que des roulettes pivotantes en option pour faciliter le transport. La charni\u00e8re de la porte est r\u00e9versible, ce qui vous permet de la r\u00e9gler pour une ouverture \u00e0 gauche ou \u00e0 droite.","breadcrumb":[],"inLanguage":"fr-CA","potentialAction":[{"@type":"ReadAction","target":["https:\/\/www.danby.com\/fr\/products\/rafraichisseurs-de-futs-de-biere\/dkc054a1bsldb\/"]}]},{"@type":"ImageObject","inLanguage":"fr-CA","url":"https:\/\/www.danby.com\/fr\/wp-content\/uploads\/sites\/2\/2025\/09\/dkc054a1bsldb-thumbnail.jpg","contentUrl":"https:\/\/www.danby.com\/fr\/wp-content\/uploads\/sites\/2\/2025\/09\/dkc054a1bsldb-thumbnail.jpg","width":768,"height":1024},{"@type":"BreadcrumbList","itemListElement":[{"@type":"ListItem","position":1,"name":"Home","item":"https:\/\/www.danby.com\/fr\/"},{"@type":"ListItem","position":2,"name":"Boutique","item":"https:\/\/www.danby.com\/fr\/boutique\/"},{"@type":"ListItem","position":3,"name":"Danby Refroidisseur de f\u00fbts \u00e0 robinet unique de 5,4 pi3 en Acier Inoxydable"}]},{"@type":"WebSite","url":"https:\/\/www.danby.com\/fr\/","name":"Danby - Canada - French","description":"Leader dans le domaine de la r\u00e9frig\u00e9ration et des appareils sp\u00e9cialis\u00e9s","publisher":[],"potentialAction":[{"@type":"SearchAction","target":{"@type":"EntryPoint","urlTemplate":"https:\/\/www.danby.com\/fr\/?s={search_term_string}"},"query-input":{"@type":"PropertyValueSpecification","valueRequired":true,"valueName":"search_term_string"}}],"inLanguage":"fr-CA"},{"@type":"Organization","name":"Danby Appliances","url":"https:\/\/www.danby.com\/fr\/","logo":{"@type":"ImageObject","inLanguage":"fr-CA","url":"https:\/\/cdnweb.danby.com\/wp-content\/uploads\/sites\/2\/2022\/02\/10141906\/Danby75Ans_Blue.png","contentUrl":"https:\/\/cdnweb.danby.com\/wp-content\/uploads\/sites\/2\/2022\/02\/10141906\/Danby75Ans_Blue.png","width":470,"height":110,"caption":"Danby Appliances"},"image":[],"sameAs":["https:\/\/www.facebook.com\/DanbyAppliances","https:\/\/x.com\/DanbyAppliance","https:\/\/instagram.com\/danbyappliances\/","https:\/\/www.linkedin.com\/company\/danbyappliances","https:\/\/www.pinterest.ca\/danbyappliances\/","https:\/\/www.youtube.com\/user\/DanbyProducts","https:\/\/en.wikipedia.org\/wiki\/Danby_(appliances)"]}]}},"post_mailing_queue_ids":[],"_links":{"self":[{"href":"https:\/\/www.danby.com\/fr\/wp-json\/wp\/v2\/product\/5003","targetHints":{"allow":["GET"]}}],"collection":[{"href":"https:\/\/www.danby.com\/fr\/wp-json\/wp\/v2\/product"}],"about":[{"href":"https:\/\/www.danby.com\/fr\/wp-json\/wp\/v2\/types\/product"}],"replies":[{"embeddable":true,"href":"https:\/\/www.danby.com\/fr\/wp-json\/wp\/v2\/comments?post=5003"}],"wp:featuredmedia":[{"embeddable":true,"href":"https:\/\/www.danby.com\/fr\/wp-json\/wp\/v2\/media\/35282"}],"wp:attachment":[{"href":"https:\/\/www.danby.com\/fr\/wp-json\/wp\/v2\/media?parent=5003"}],"wp:term":[{"taxonomy":"product_brand","embeddable":true,"href":"https:\/\/www.danby.com\/fr\/wp-json\/wp\/v2\/product_brand?post=5003"},{"taxonomy":"product_cat","embeddable":true,"href":"https:\/\/www.danby.com\/fr\/wp-json\/wp\/v2\/product_cat?post=5003"},{"taxonomy":"product_tag","embeddable":true,"href":"https:\/\/www.danby.com\/fr\/wp-json\/wp\/v2\/product_tag?post=5003"}],"curies":[{"name":"wp","href":"https:\/\/api.w.org\/{rel}","templated":true}]}}