{"id":5002,"date":"2022-02-03T19:18:29","date_gmt":"2022-02-03T19:18:29","guid":{"rendered":"https:\/\/www.danby.com\/fr\/product\/dkc054a1bsl2db\/"},"modified":"2026-05-01T09:09:44","modified_gmt":"2026-05-01T09:09:44","slug":"dkc054a1bsl2db","status":"publish","type":"product","link":"https:\/\/www.danby.com\/fr\/products\/rafraichisseurs-de-futs-de-biere\/dkc054a1bsl2db\/","title":{"rendered":"Danby Refroidisseur de cargaisons \u00e0 double robinet de 5,4 pi3 en aspect acier inoxydable"},"content":{"rendered":"","protected":false},"excerpt":{"rendered":"<ul>\n<li><span dir=\"auto\" style=\"vertical-align: inherit;\"><span dir=\"auto\" style=\"vertical-align: inherit;\">Two-tap keg cooler<\/span><\/span><\/li>\n<li><span dir=\"auto\" style=\"vertical-align: inherit;\"><span dir=\"auto\" style=\"vertical-align: inherit;\">Capacity of 153 liters (5.4 cu. ft.)<\/span><\/span><\/li>\n<li><span dir=\"auto\" style=\"vertical-align: inherit;\"><span dir=\"auto\" style=\"vertical-align: inherit;\">Flawless steel finish &#8211; looks like real stainless steel, but without the stains<\/span><\/span><\/li>\n<li><span dir=\"auto\" style=\"vertical-align: inherit;\"><span dir=\"auto\" style=\"vertical-align: inherit;\">R600A refrigerant<\/span><\/span><\/li>\n<li><span dir=\"auto\" style=\"vertical-align: inherit;\"><span dir=\"auto\" style=\"vertical-align: inherit;\">Chrome protection bar and drip tray<\/span><\/span><\/li>\n<li><span dir=\"auto\" style=\"vertical-align: inherit;\"><span dir=\"auto\" style=\"vertical-align: inherit;\">The Keg Cooler includes a single gauge regulator, CO2 bottle, and all necessary hardware<\/span><\/span><\/li>\n<li><span dir=\"auto\" style=\"vertical-align: inherit;\"><span dir=\"auto\" style=\"vertical-align: inherit;\">Scratch-resistant worktop<\/span><\/span><\/li>\n<li><span dir=\"auto\" style=\"vertical-align: inherit;\"><span dir=\"auto\" style=\"vertical-align: inherit;\">Freestanding, interior application<\/span><\/span><\/li>\n<li><span dir=\"auto\" style=\"vertical-align: inherit;\"><span dir=\"auto\" style=\"vertical-align: inherit;\">Automatic defrosting for easy maintenance<\/span><\/span><\/li>\n<li><span dir=\"auto\" style=\"vertical-align: inherit;\"><span dir=\"auto\" style=\"vertical-align: inherit;\">Mechanical temperature control<\/span><\/span><\/li>\n<li><span dir=\"auto\" style=\"vertical-align: inherit;\"><span dir=\"auto\" style=\"vertical-align: inherit;\">Reversible door hinge for left or right opening<\/span><\/span><\/li>\n<\/ul>\n","protected":false},"featured_media":35281,"comment_status":"closed","ping_status":"closed","template":"","meta":{"_acf_changed":false},"product_brand":[],"product_cat":[30,1449],"product_tag":[],"class_list":{"0":"post-5002","1":"product","2":"type-product","3":"status-publish","4":"has-post-thumbnail","6":"product_cat-rafraichisseurs-de-futs-de-biere","7":"product_cat-sales","9":"first","10":"instock","11":"taxable","12":"shipping-taxable","13":"purchasable","14":"product-type-simple"},"acf":[],"yoast_head":"<!-- This site is optimized with the Yoast SEO plugin v27.5 - https:\/\/yoast.com\/product\/yoast-seo-wordpress\/ -->\n<title>Danby Refroidisseur de cargaisons \u00e0 double robinet de 5,4 pi3 en aspect acier inoxydable - DKC054A1BSL2DB | Danby Canada<\/title>\n<meta name=\"description\" content=\"Whether you&#039;re a beer drinker or a hardcore entertainer, you&#039;ll be the ultimate party host with this ultimate freestanding indoor kegerator from Danby Appliances. This dual-tap keg cooler is an exceptional addition to any bar, game room, or man cave and offers the convenience of two different cold beers at the same time. It features an automatic defrost system, making it a great product that&#039;s easy to maintain. This keg cooler includes a single-gauge regulator, a CO2 tank, and all necessary hardware. It features a precise mechanical thermostat to keep your beer cold and a stainless steel finish that looks just like stainless steel but is much easier to clean. Did we mention it has a scratch-resistant countertop? Additionally, this unit includes an American Sankey coupler, a chrome-plated guardrail and drip tray, and optional swivel casters for easy transport. The door hinge is reversible, allowing you to adjust it for left or right opening.\" \/>\n<meta name=\"robots\" content=\"index, follow, max-snippet:-1, max-image-preview:large, max-video-preview:-1\" \/>\n<link rel=\"canonical\" href=\"https:\/\/www.danby.com\/fr\/products\/rafraichisseurs-de-futs-de-biere\/dkc054a1bsl2db\/\" \/>\n<meta property=\"og:locale\" content=\"fr_CA\" \/>\n<meta property=\"og:type\" content=\"article\" \/>\n<meta property=\"og:title\" content=\"Danby Refroidisseur de cargaisons \u00e0 double robinet de 5,4 pi3 en aspect acier inoxydable - DKC054A1BSL2DB | Danby Canada\" \/>\n<meta property=\"og:description\" content=\"Whether you&#039;re a beer drinker or a hardcore entertainer, you&#039;ll be the ultimate party host with this ultimate freestanding indoor kegerator from Danby Appliances. This dual-tap keg cooler is an exceptional addition to any bar, game room, or man cave and offers the convenience of two different cold beers at the same time. It features an automatic defrost system, making it a great product that&#039;s easy to maintain. This keg cooler includes a single-gauge regulator, a CO2 tank, and all necessary hardware. It features a precise mechanical thermostat to keep your beer cold and a stainless steel finish that looks just like stainless steel but is much easier to clean. Did we mention it has a scratch-resistant countertop? Additionally, this unit includes an American Sankey coupler, a chrome-plated guardrail and drip tray, and optional swivel casters for easy transport. The door hinge is reversible, allowing you to adjust it for left or right opening.\" \/>\n<meta property=\"og:url\" content=\"https:\/\/www.danby.com\/fr\/products\/rafraichisseurs-de-futs-de-biere\/dkc054a1bsl2db\/\" \/>\n<meta property=\"og:site_name\" content=\"Danby - Canada - French\" \/>\n<meta property=\"article:publisher\" content=\"https:\/\/www.facebook.com\/DanbyAppliances\" \/>\n<meta property=\"article:modified_time\" content=\"2026-05-01T09:09:44+00:00\" \/>\n<meta property=\"og:image\" content=\"https:\/\/www.danby.com\/fr\/wp-content\/uploads\/sites\/2\/2025\/09\/dkc054a1bsl2db-thumbnail.jpg\" \/>\n\t<meta property=\"og:image:width\" content=\"768\" \/>\n\t<meta property=\"og:image:height\" content=\"1024\" \/>\n\t<meta property=\"og:image:type\" content=\"image\/jpeg\" \/>\n<meta name=\"twitter:card\" content=\"summary_large_image\" \/>\n<meta name=\"twitter:site\" content=\"@DanbyAppliance\" \/>\n<meta name=\"twitter:label1\" content=\"Estimation du temps de lecture\" \/>\n\t<meta name=\"twitter:data1\" content=\"1 minute\" \/>\n<script type=\"application\/ld+json\" class=\"yoast-schema-graph\">{\"@context\":\"https:\\\/\\\/schema.org\",\"@graph\":[{\"@type\":[\"WebPage\",\"ItemPage\"],\"url\":\"https:\\\/\\\/www.danby.com\\\/fr\\\/products\\\/rafraichisseurs-de-futs-de-biere\\\/dkc054a1bsl2db\\\/\",\"name\":\"Danby Refroidisseur de cargaisons \u00e0 double robinet de 5,4 pi3 en aspect acier inoxydable - DKC054A1BSL2DB | Danby Canada\",\"isPartOf\":[],\"primaryImageOfPage\":[],\"image\":[],\"thumbnailUrl\":\"https:\\\/\\\/www.danby.com\\\/fr\\\/wp-content\\\/uploads\\\/sites\\\/2\\\/2025\\\/09\\\/dkc054a1bsl2db-thumbnail.jpg\",\"datePublished\":\"2022-02-03T19:18:29+00:00\",\"dateModified\":\"2026-05-01T09:09:44+00:00\",\"description\":\"Whether you're a beer drinker or a hardcore entertainer, you'll be the ultimate party host with this ultimate freestanding indoor kegerator from Danby Appliances. This dual-tap keg cooler is an exceptional addition to any bar, game room, or man cave and offers the convenience of two different cold beers at the same time. It features an automatic defrost system, making it a great product that's easy to maintain. This keg cooler includes a single-gauge regulator, a CO2 tank, and all necessary hardware. It features a precise mechanical thermostat to keep your beer cold and a stainless steel finish that looks just like stainless steel but is much easier to clean. Did we mention it has a scratch-resistant countertop? Additionally, this unit includes an American Sankey coupler, a chrome-plated guardrail and drip tray, and optional swivel casters for easy transport. The door hinge is reversible, allowing you to adjust it for left or right opening.\",\"breadcrumb\":[],\"inLanguage\":\"fr-CA\",\"potentialAction\":[{\"@type\":\"ReadAction\",\"target\":[\"https:\\\/\\\/www.danby.com\\\/fr\\\/products\\\/rafraichisseurs-de-futs-de-biere\\\/dkc054a1bsl2db\\\/\"]}]},{\"@type\":\"ImageObject\",\"inLanguage\":\"fr-CA\",\"url\":\"https:\\\/\\\/www.danby.com\\\/fr\\\/wp-content\\\/uploads\\\/sites\\\/2\\\/2025\\\/09\\\/dkc054a1bsl2db-thumbnail.jpg\",\"contentUrl\":\"https:\\\/\\\/www.danby.com\\\/fr\\\/wp-content\\\/uploads\\\/sites\\\/2\\\/2025\\\/09\\\/dkc054a1bsl2db-thumbnail.jpg\",\"width\":768,\"height\":1024},{\"@type\":\"BreadcrumbList\",\"itemListElement\":[{\"@type\":\"ListItem\",\"position\":1,\"name\":\"Home\",\"item\":\"https:\\\/\\\/www.danby.com\\\/fr\\\/\"},{\"@type\":\"ListItem\",\"position\":2,\"name\":\"Boutique\",\"item\":\"https:\\\/\\\/www.danby.com\\\/fr\\\/boutique\\\/\"},{\"@type\":\"ListItem\",\"position\":3,\"name\":\"Danby Refroidisseur de cargaisons \u00e0 double robinet de 5,4 pi3 en aspect acier inoxydable\"}]},{\"@type\":\"WebSite\",\"url\":\"https:\\\/\\\/www.danby.com\\\/fr\\\/\",\"name\":\"Danby - Canada - French\",\"description\":\"Leader dans le domaine de la r\u00e9frig\u00e9ration et des appareils sp\u00e9cialis\u00e9s\",\"publisher\":[],\"potentialAction\":[{\"@type\":\"SearchAction\",\"target\":{\"@type\":\"EntryPoint\",\"urlTemplate\":\"https:\\\/\\\/www.danby.com\\\/fr\\\/?s={search_term_string}\"},\"query-input\":{\"@type\":\"PropertyValueSpecification\",\"valueRequired\":true,\"valueName\":\"search_term_string\"}}],\"inLanguage\":\"fr-CA\"},{\"@type\":\"Organization\",\"name\":\"Danby Appliances\",\"url\":\"https:\\\/\\\/www.danby.com\\\/fr\\\/\",\"logo\":{\"@type\":\"ImageObject\",\"inLanguage\":\"fr-CA\",\"url\":\"https:\\\/\\\/cdnweb.danby.com\\\/wp-content\\\/uploads\\\/sites\\\/2\\\/2022\\\/02\\\/10141906\\\/Danby75Ans_Blue.png\",\"contentUrl\":\"https:\\\/\\\/cdnweb.danby.com\\\/wp-content\\\/uploads\\\/sites\\\/2\\\/2022\\\/02\\\/10141906\\\/Danby75Ans_Blue.png\",\"width\":470,\"height\":110,\"caption\":\"Danby Appliances\"},\"image\":[],\"sameAs\":[\"https:\\\/\\\/www.facebook.com\\\/DanbyAppliances\",\"https:\\\/\\\/x.com\\\/DanbyAppliance\",\"https:\\\/\\\/instagram.com\\\/danbyappliances\\\/\",\"https:\\\/\\\/www.linkedin.com\\\/company\\\/danbyappliances\",\"https:\\\/\\\/www.pinterest.ca\\\/danbyappliances\\\/\",\"https:\\\/\\\/www.youtube.com\\\/user\\\/DanbyProducts\",\"https:\\\/\\\/en.wikipedia.org\\\/wiki\\\/Danby_(appliances)\"]}]}<\/script>\n<!-- \/ Yoast SEO plugin. -->","yoast_head_json":{"title":"Danby Refroidisseur de cargaisons \u00e0 double robinet de 5,4 pi3 en aspect acier inoxydable - DKC054A1BSL2DB | Danby Canada","description":"Whether you're a beer drinker or a hardcore entertainer, you'll be the ultimate party host with this ultimate freestanding indoor kegerator from Danby Appliances. This dual-tap keg cooler is an exceptional addition to any bar, game room, or man cave and offers the convenience of two different cold beers at the same time. It features an automatic defrost system, making it a great product that's easy to maintain. This keg cooler includes a single-gauge regulator, a CO2 tank, and all necessary hardware. It features a precise mechanical thermostat to keep your beer cold and a stainless steel finish that looks just like stainless steel but is much easier to clean. Did we mention it has a scratch-resistant countertop? Additionally, this unit includes an American Sankey coupler, a chrome-plated guardrail and drip tray, and optional swivel casters for easy transport. The door hinge is reversible, allowing you to adjust it for left or right opening.","robots":{"index":"index","follow":"follow","max-snippet":"max-snippet:-1","max-image-preview":"max-image-preview:large","max-video-preview":"max-video-preview:-1"},"canonical":"https:\/\/www.danby.com\/fr\/products\/rafraichisseurs-de-futs-de-biere\/dkc054a1bsl2db\/","og_locale":"fr_CA","og_type":"article","og_title":"Danby Refroidisseur de cargaisons \u00e0 double robinet de 5,4 pi3 en aspect acier inoxydable - DKC054A1BSL2DB | Danby Canada","og_description":"Whether you're a beer drinker or a hardcore entertainer, you'll be the ultimate party host with this ultimate freestanding indoor kegerator from Danby Appliances. This dual-tap keg cooler is an exceptional addition to any bar, game room, or man cave and offers the convenience of two different cold beers at the same time. It features an automatic defrost system, making it a great product that's easy to maintain. This keg cooler includes a single-gauge regulator, a CO2 tank, and all necessary hardware. It features a precise mechanical thermostat to keep your beer cold and a stainless steel finish that looks just like stainless steel but is much easier to clean. Did we mention it has a scratch-resistant countertop? Additionally, this unit includes an American Sankey coupler, a chrome-plated guardrail and drip tray, and optional swivel casters for easy transport. The door hinge is reversible, allowing you to adjust it for left or right opening.","og_url":"https:\/\/www.danby.com\/fr\/products\/rafraichisseurs-de-futs-de-biere\/dkc054a1bsl2db\/","og_site_name":"Danby - Canada - French","article_publisher":"https:\/\/www.facebook.com\/DanbyAppliances","article_modified_time":"2026-05-01T09:09:44+00:00","og_image":[{"width":768,"height":1024,"url":"https:\/\/www.danby.com\/fr\/wp-content\/uploads\/sites\/2\/2025\/09\/dkc054a1bsl2db-thumbnail.jpg","type":"image\/jpeg"}],"twitter_card":"summary_large_image","twitter_site":"@DanbyAppliance","twitter_misc":{"Estimation du temps de lecture":"1 minute"},"schema":{"@context":"https:\/\/schema.org","@graph":[{"@type":["WebPage","ItemPage"],"url":"https:\/\/www.danby.com\/fr\/products\/rafraichisseurs-de-futs-de-biere\/dkc054a1bsl2db\/","name":"Danby Refroidisseur de cargaisons \u00e0 double robinet de 5,4 pi3 en aspect acier inoxydable - DKC054A1BSL2DB | Danby Canada","isPartOf":[],"primaryImageOfPage":[],"image":[],"thumbnailUrl":"https:\/\/www.danby.com\/fr\/wp-content\/uploads\/sites\/2\/2025\/09\/dkc054a1bsl2db-thumbnail.jpg","datePublished":"2022-02-03T19:18:29+00:00","dateModified":"2026-05-01T09:09:44+00:00","description":"Whether you're a beer drinker or a hardcore entertainer, you'll be the ultimate party host with this ultimate freestanding indoor kegerator from Danby Appliances. This dual-tap keg cooler is an exceptional addition to any bar, game room, or man cave and offers the convenience of two different cold beers at the same time. It features an automatic defrost system, making it a great product that's easy to maintain. This keg cooler includes a single-gauge regulator, a CO2 tank, and all necessary hardware. It features a precise mechanical thermostat to keep your beer cold and a stainless steel finish that looks just like stainless steel but is much easier to clean. Did we mention it has a scratch-resistant countertop? Additionally, this unit includes an American Sankey coupler, a chrome-plated guardrail and drip tray, and optional swivel casters for easy transport. The door hinge is reversible, allowing you to adjust it for left or right opening.","breadcrumb":[],"inLanguage":"fr-CA","potentialAction":[{"@type":"ReadAction","target":["https:\/\/www.danby.com\/fr\/products\/rafraichisseurs-de-futs-de-biere\/dkc054a1bsl2db\/"]}]},{"@type":"ImageObject","inLanguage":"fr-CA","url":"https:\/\/www.danby.com\/fr\/wp-content\/uploads\/sites\/2\/2025\/09\/dkc054a1bsl2db-thumbnail.jpg","contentUrl":"https:\/\/www.danby.com\/fr\/wp-content\/uploads\/sites\/2\/2025\/09\/dkc054a1bsl2db-thumbnail.jpg","width":768,"height":1024},{"@type":"BreadcrumbList","itemListElement":[{"@type":"ListItem","position":1,"name":"Home","item":"https:\/\/www.danby.com\/fr\/"},{"@type":"ListItem","position":2,"name":"Boutique","item":"https:\/\/www.danby.com\/fr\/boutique\/"},{"@type":"ListItem","position":3,"name":"Danby Refroidisseur de cargaisons \u00e0 double robinet de 5,4 pi3 en aspect acier inoxydable"}]},{"@type":"WebSite","url":"https:\/\/www.danby.com\/fr\/","name":"Danby - Canada - French","description":"Leader dans le domaine de la r\u00e9frig\u00e9ration et des appareils sp\u00e9cialis\u00e9s","publisher":[],"potentialAction":[{"@type":"SearchAction","target":{"@type":"EntryPoint","urlTemplate":"https:\/\/www.danby.com\/fr\/?s={search_term_string}"},"query-input":{"@type":"PropertyValueSpecification","valueRequired":true,"valueName":"search_term_string"}}],"inLanguage":"fr-CA"},{"@type":"Organization","name":"Danby Appliances","url":"https:\/\/www.danby.com\/fr\/","logo":{"@type":"ImageObject","inLanguage":"fr-CA","url":"https:\/\/cdnweb.danby.com\/wp-content\/uploads\/sites\/2\/2022\/02\/10141906\/Danby75Ans_Blue.png","contentUrl":"https:\/\/cdnweb.danby.com\/wp-content\/uploads\/sites\/2\/2022\/02\/10141906\/Danby75Ans_Blue.png","width":470,"height":110,"caption":"Danby Appliances"},"image":[],"sameAs":["https:\/\/www.facebook.com\/DanbyAppliances","https:\/\/x.com\/DanbyAppliance","https:\/\/instagram.com\/danbyappliances\/","https:\/\/www.linkedin.com\/company\/danbyappliances","https:\/\/www.pinterest.ca\/danbyappliances\/","https:\/\/www.youtube.com\/user\/DanbyProducts","https:\/\/en.wikipedia.org\/wiki\/Danby_(appliances)"]}]}},"post_mailing_queue_ids":[],"_links":{"self":[{"href":"https:\/\/www.danby.com\/fr\/wp-json\/wp\/v2\/product\/5002","targetHints":{"allow":["GET"]}}],"collection":[{"href":"https:\/\/www.danby.com\/fr\/wp-json\/wp\/v2\/product"}],"about":[{"href":"https:\/\/www.danby.com\/fr\/wp-json\/wp\/v2\/types\/product"}],"replies":[{"embeddable":true,"href":"https:\/\/www.danby.com\/fr\/wp-json\/wp\/v2\/comments?post=5002"}],"wp:featuredmedia":[{"embeddable":true,"href":"https:\/\/www.danby.com\/fr\/wp-json\/wp\/v2\/media\/35281"}],"wp:attachment":[{"href":"https:\/\/www.danby.com\/fr\/wp-json\/wp\/v2\/media?parent=5002"}],"wp:term":[{"taxonomy":"product_brand","embeddable":true,"href":"https:\/\/www.danby.com\/fr\/wp-json\/wp\/v2\/product_brand?post=5002"},{"taxonomy":"product_cat","embeddable":true,"href":"https:\/\/www.danby.com\/fr\/wp-json\/wp\/v2\/product_cat?post=5002"},{"taxonomy":"product_tag","embeddable":true,"href":"https:\/\/www.danby.com\/fr\/wp-json\/wp\/v2\/product_tag?post=5002"}],"curies":[{"name":"wp","href":"https:\/\/api.w.org\/{rel}","templated":true}]}}