{"id":5000,"date":"2022-02-03T19:18:14","date_gmt":"2022-02-03T19:18:14","guid":{"rendered":"https:\/\/www.danby.com\/fr\/product\/dkc052bsldb\/"},"modified":"2026-04-19T09:08:40","modified_gmt":"2026-04-19T09:08:40","slug":"dkc052bsldb","status":"publish","type":"product","link":"https:\/\/www.danby.com\/fr\/products\/rafraichisseurs-de-futs-de-biere\/dkc052bsldb\/","title":{"rendered":"Danby 5.2 pi3 Rafra\u00eechisseurs de f\u00fbts de bi\u00e8re"},"content":{"rendered":"","protected":false},"excerpt":{"rendered":"<ul>\n<li>Capacit\u00e9 de 146 litres (5,2 pi3). (146 litres)<\/li>\n<li>Finition en acier sans taches &#8211; a l&#8217;air identique au v\u00e9ritable acier inoxydable, mais sans les taches<\/li>\n<li>R\u00e9frig\u00e9rant R134A \u00e9cologique<\/li>\n<li>Distributeur de bi\u00e8re tour noir\/chrome, plateau d&#8217;\u00e9gouttement amovible et garde-corps chrom\u00e9 inclus<\/li>\n<li>R\u00e9servoir de CO2 et mat\u00e9riel inclus (le r\u00e9servoir doit \u00eatre recharg\u00e9)<\/li>\n<li>Plan de travail r\u00e9sistant aux rayures<\/li>\n<li>Roulettes \u00e0 usage intensif<\/li>\n<li>Poste libre, application int\u00e9rieure<\/li>\n<li>D\u00e9givrage automatique pour un entretien sans tracas<\/li>\n<li>R\u00e9gulation m\u00e9canique de la temp\u00e9rature<\/li>\n<li>Charni\u00e8re de porte r\u00e9versible pour une ouverture \u00e0 gauche ou \u00e0 droite<\/li>\n<\/ul>\n","protected":false},"featured_media":6699,"comment_status":"closed","ping_status":"open","template":"","meta":{"_acf_changed":false},"product_brand":[],"product_cat":[30],"product_tag":[],"class_list":{"0":"post-5000","1":"product","2":"type-product","3":"status-publish","4":"has-post-thumbnail","6":"product_cat-rafraichisseurs-de-futs-de-biere","8":"first","9":"outofstock","10":"taxable","11":"shipping-taxable","12":"product-type-simple"},"acf":[],"yoast_head":"<!-- This site is optimized with the Yoast SEO plugin v26.7 - https:\/\/yoast.com\/wordpress\/plugins\/seo\/ -->\n<title>Danby 5.2 pi3 Rafra\u00eechisseurs de f\u00fbts de bi\u00e8re - DKC052BSLDB | Danby Canada<\/title>\n<meta name=\"description\" content=\"Organiser une r\u00e9ception n\u2019a jamais \u00e9t\u00e9 aussi facile et agr\u00e9able, qu\u2019avec ce parfait rafra\u00eechisseur de f\u00fbt de bi\u00e8re Danby autostable. Ce mod\u00e8le comporte 146 litres (5,2 pieds cubes), cet appareil \u00e9cologique fonctionne avec le r\u00e9frig\u00e9rant R134A et il poss\u00e8de un syst\u00e8me de d\u00e9givrage automatique permettant un entretien sans tracas. Ce magnifique mod\u00e8le comprend une cartouche de CO2, ainsi que toute la quincaillerie requise et un dispositif m\u00e9canique pr\u00e9cis de r\u00e9gulation de la temp\u00e9rature. Le super fini d\u2019acier impeccable ressemble \u00e0 l\u2019acier inoxydable, mais il est beaucoup plus facile \u00e0 entretenir, de m\u00eame que la surface de travail r\u00e9sistante aux rayures. Ce rafra\u00eechisseur versatile de f\u00fbt de bi\u00e8re est aussi \u00e9quip\u00e9 d\u2019un plateau ramasse-gouttes amovible, d\u2019une tour distributrice de bi\u00e8re au fini noir et chrome et d\u2019une barre de retenue chrom\u00e9e. Il dispose d\u2019une charni\u00e8re de porte r\u00e9versible innovatrice, vous permettant d\u2019ajuster l\u2019ouverture du c\u00f4t\u00e9 gauche ou droit et ses roulettes pratiques et robustes en facilitent son d\u00e9placement. Cet appareil est offert avec une garantie de 12 mois sur les pi\u00e8ces et la main-d\u2019\u0153uvre, incluant le service apr\u00e8s-vente en atelier.\" \/>\n<meta name=\"robots\" content=\"index, follow, max-snippet:-1, max-image-preview:large, max-video-preview:-1\" \/>\n<link rel=\"canonical\" href=\"https:\/\/www.danby.com\/fr\/products\/rafraichisseurs-de-futs-de-biere\/dkc052bsldb\/\" \/>\n<meta property=\"og:locale\" content=\"fr_CA\" \/>\n<meta property=\"og:type\" content=\"article\" \/>\n<meta property=\"og:title\" content=\"Danby 5.2 pi3 Rafra\u00eechisseurs de f\u00fbts de bi\u00e8re - DKC052BSLDB | Danby Canada\" \/>\n<meta property=\"og:description\" content=\"Organiser une r\u00e9ception n\u2019a jamais \u00e9t\u00e9 aussi facile et agr\u00e9able, qu\u2019avec ce parfait rafra\u00eechisseur de f\u00fbt de bi\u00e8re Danby autostable. Ce mod\u00e8le comporte 146 litres (5,2 pieds cubes), cet appareil \u00e9cologique fonctionne avec le r\u00e9frig\u00e9rant R134A et il poss\u00e8de un syst\u00e8me de d\u00e9givrage automatique permettant un entretien sans tracas. Ce magnifique mod\u00e8le comprend une cartouche de CO2, ainsi que toute la quincaillerie requise et un dispositif m\u00e9canique pr\u00e9cis de r\u00e9gulation de la temp\u00e9rature. Le super fini d\u2019acier impeccable ressemble \u00e0 l\u2019acier inoxydable, mais il est beaucoup plus facile \u00e0 entretenir, de m\u00eame que la surface de travail r\u00e9sistante aux rayures. Ce rafra\u00eechisseur versatile de f\u00fbt de bi\u00e8re est aussi \u00e9quip\u00e9 d\u2019un plateau ramasse-gouttes amovible, d\u2019une tour distributrice de bi\u00e8re au fini noir et chrome et d\u2019une barre de retenue chrom\u00e9e. Il dispose d\u2019une charni\u00e8re de porte r\u00e9versible innovatrice, vous permettant d\u2019ajuster l\u2019ouverture du c\u00f4t\u00e9 gauche ou droit et ses roulettes pratiques et robustes en facilitent son d\u00e9placement. Cet appareil est offert avec une garantie de 12 mois sur les pi\u00e8ces et la main-d\u2019\u0153uvre, incluant le service apr\u00e8s-vente en atelier.\" \/>\n<meta property=\"og:url\" content=\"https:\/\/www.danby.com\/fr\/products\/rafraichisseurs-de-futs-de-biere\/dkc052bsldb\/\" \/>\n<meta property=\"og:site_name\" content=\"Danby - Canada - French\" \/>\n<meta property=\"article:publisher\" content=\"https:\/\/www.facebook.com\/DanbyAppliances\" \/>\n<meta property=\"article:modified_time\" content=\"2026-04-19T09:08:40+00:00\" \/>\n<meta property=\"og:image\" content=\"https:\/\/cdnweb.danby.com\/wp-content\/uploads\/sites\/2\/2022\/02\/08185456\/DKC052BSLDB_Right.jpg\" \/>\n\t<meta property=\"og:image:width\" content=\"300\" \/>\n\t<meta property=\"og:image:height\" content=\"517\" \/>\n\t<meta property=\"og:image:type\" content=\"image\/jpeg\" \/>\n<meta name=\"twitter:card\" content=\"summary_large_image\" \/>\n<meta name=\"twitter:site\" content=\"@DanbyAppliance\" \/>\n<script type=\"application\/ld+json\" class=\"yoast-schema-graph\">{\"@context\":\"https:\/\/schema.org\",\"@graph\":[{\"@type\":[\"WebPage\",\"ItemPage\"],\"url\":\"https:\/\/www.danby.com\/fr\/products\/rafraichisseurs-de-futs-de-biere\/dkc052bsldb\/\",\"name\":\"Danby 5.2 pi3 Rafra\u00eechisseurs de f\u00fbts de bi\u00e8re - DKC052BSLDB | Danby Canada\",\"isPartOf\":[],\"primaryImageOfPage\":[],\"image\":[],\"thumbnailUrl\":\"https:\/\/cdnweb.danby.com\/wp-content\/uploads\/sites\/2\/2022\/02\/08185456\/DKC052BSLDB_Right.jpg\",\"datePublished\":\"2022-02-03T19:18:14+00:00\",\"dateModified\":\"2026-04-19T09:08:40+00:00\",\"description\":\"Organiser une r\u00e9ception n\u2019a jamais \u00e9t\u00e9 aussi facile et agr\u00e9able, qu\u2019avec ce parfait rafra\u00eechisseur de f\u00fbt de bi\u00e8re Danby autostable. Ce mod\u00e8le comporte 146 litres (5,2 pieds cubes), cet appareil \u00e9cologique fonctionne avec le r\u00e9frig\u00e9rant R134A et il poss\u00e8de un syst\u00e8me de d\u00e9givrage automatique permettant un entretien sans tracas. Ce magnifique mod\u00e8le comprend une cartouche de CO2, ainsi que toute la quincaillerie requise et un dispositif m\u00e9canique pr\u00e9cis de r\u00e9gulation de la temp\u00e9rature. Le super fini d\u2019acier impeccable ressemble \u00e0 l\u2019acier inoxydable, mais il est beaucoup plus facile \u00e0 entretenir, de m\u00eame que la surface de travail r\u00e9sistante aux rayures. Ce rafra\u00eechisseur versatile de f\u00fbt de bi\u00e8re est aussi \u00e9quip\u00e9 d\u2019un plateau ramasse-gouttes amovible, d\u2019une tour distributrice de bi\u00e8re au fini noir et chrome et d\u2019une barre de retenue chrom\u00e9e. Il dispose d\u2019une charni\u00e8re de porte r\u00e9versible innovatrice, vous permettant d\u2019ajuster l\u2019ouverture du c\u00f4t\u00e9 gauche ou droit et ses roulettes pratiques et robustes en facilitent son d\u00e9placement. Cet appareil est offert avec une garantie de 12 mois sur les pi\u00e8ces et la main-d\u2019\u0153uvre, incluant le service apr\u00e8s-vente en atelier.\",\"breadcrumb\":[],\"inLanguage\":\"fr-CA\",\"potentialAction\":[{\"@type\":\"ReadAction\",\"target\":[\"https:\/\/www.danby.com\/fr\/products\/rafraichisseurs-de-futs-de-biere\/dkc052bsldb\/\"]}]},{\"@type\":\"ImageObject\",\"inLanguage\":\"fr-CA\",\"url\":\"https:\/\/cdnweb.danby.com\/wp-content\/uploads\/sites\/2\/2022\/02\/08185456\/DKC052BSLDB_Right.jpg\",\"contentUrl\":\"https:\/\/cdnweb.danby.com\/wp-content\/uploads\/sites\/2\/2022\/02\/08185456\/DKC052BSLDB_Right.jpg\",\"width\":300,\"height\":517},{\"@type\":\"BreadcrumbList\",\"itemListElement\":[{\"@type\":\"ListItem\",\"position\":1,\"name\":\"Home\",\"item\":\"https:\/\/www.danby.com\/fr\/\"},{\"@type\":\"ListItem\",\"position\":2,\"name\":\"Boutique\",\"item\":\"https:\/\/www.danby.com\/fr\/boutique\/\"},{\"@type\":\"ListItem\",\"position\":3,\"name\":\"Danby 5.2 pi3 Rafra\u00eechisseurs de f\u00fbts de bi\u00e8re\"}]},{\"@type\":\"WebSite\",\"url\":\"https:\/\/www.danby.com\/fr\/\",\"name\":\"Danby - Canada - French\",\"description\":\"Leader dans le domaine de la r\u00e9frig\u00e9ration et des appareils sp\u00e9cialis\u00e9s\",\"publisher\":[],\"potentialAction\":[{\"@type\":\"SearchAction\",\"target\":{\"@type\":\"EntryPoint\",\"urlTemplate\":\"https:\/\/www.danby.com\/fr\/?s={search_term_string}\"},\"query-input\":{\"@type\":\"PropertyValueSpecification\",\"valueRequired\":true,\"valueName\":\"search_term_string\"}}],\"inLanguage\":\"fr-CA\"},{\"@type\":\"Organization\",\"name\":\"Danby Appliances\",\"url\":\"https:\/\/www.danby.com\/fr\/\",\"logo\":{\"@type\":\"ImageObject\",\"inLanguage\":\"fr-CA\",\"url\":\"https:\/\/cdnweb.danby.com\/wp-content\/uploads\/sites\/2\/2022\/02\/10141906\/Danby75Ans_Blue.png\",\"contentUrl\":\"https:\/\/cdnweb.danby.com\/wp-content\/uploads\/sites\/2\/2022\/02\/10141906\/Danby75Ans_Blue.png\",\"width\":470,\"height\":110,\"caption\":\"Danby Appliances\"},\"image\":[],\"sameAs\":[\"https:\/\/www.facebook.com\/DanbyAppliances\",\"https:\/\/x.com\/DanbyAppliance\",\"https:\/\/instagram.com\/danbyappliances\/\",\"https:\/\/www.linkedin.com\/company\/danbyappliances\",\"https:\/\/www.pinterest.ca\/danbyappliances\/\",\"https:\/\/www.youtube.com\/user\/DanbyProducts\",\"https:\/\/en.wikipedia.org\/wiki\/Danby_(appliances)\"]}]}<\/script>\n<!-- \/ Yoast SEO plugin. -->","yoast_head_json":{"title":"Danby 5.2 pi3 Rafra\u00eechisseurs de f\u00fbts de bi\u00e8re - DKC052BSLDB | Danby Canada","description":"Organiser une r\u00e9ception n\u2019a jamais \u00e9t\u00e9 aussi facile et agr\u00e9able, qu\u2019avec ce parfait rafra\u00eechisseur de f\u00fbt de bi\u00e8re Danby autostable. Ce mod\u00e8le comporte 146 litres (5,2 pieds cubes), cet appareil \u00e9cologique fonctionne avec le r\u00e9frig\u00e9rant R134A et il poss\u00e8de un syst\u00e8me de d\u00e9givrage automatique permettant un entretien sans tracas. Ce magnifique mod\u00e8le comprend une cartouche de CO2, ainsi que toute la quincaillerie requise et un dispositif m\u00e9canique pr\u00e9cis de r\u00e9gulation de la temp\u00e9rature. Le super fini d\u2019acier impeccable ressemble \u00e0 l\u2019acier inoxydable, mais il est beaucoup plus facile \u00e0 entretenir, de m\u00eame que la surface de travail r\u00e9sistante aux rayures. Ce rafra\u00eechisseur versatile de f\u00fbt de bi\u00e8re est aussi \u00e9quip\u00e9 d\u2019un plateau ramasse-gouttes amovible, d\u2019une tour distributrice de bi\u00e8re au fini noir et chrome et d\u2019une barre de retenue chrom\u00e9e. Il dispose d\u2019une charni\u00e8re de porte r\u00e9versible innovatrice, vous permettant d\u2019ajuster l\u2019ouverture du c\u00f4t\u00e9 gauche ou droit et ses roulettes pratiques et robustes en facilitent son d\u00e9placement. Cet appareil est offert avec une garantie de 12 mois sur les pi\u00e8ces et la main-d\u2019\u0153uvre, incluant le service apr\u00e8s-vente en atelier.","robots":{"index":"index","follow":"follow","max-snippet":"max-snippet:-1","max-image-preview":"max-image-preview:large","max-video-preview":"max-video-preview:-1"},"canonical":"https:\/\/www.danby.com\/fr\/products\/rafraichisseurs-de-futs-de-biere\/dkc052bsldb\/","og_locale":"fr_CA","og_type":"article","og_title":"Danby 5.2 pi3 Rafra\u00eechisseurs de f\u00fbts de bi\u00e8re - DKC052BSLDB | Danby Canada","og_description":"Organiser une r\u00e9ception n\u2019a jamais \u00e9t\u00e9 aussi facile et agr\u00e9able, qu\u2019avec ce parfait rafra\u00eechisseur de f\u00fbt de bi\u00e8re Danby autostable. Ce mod\u00e8le comporte 146 litres (5,2 pieds cubes), cet appareil \u00e9cologique fonctionne avec le r\u00e9frig\u00e9rant R134A et il poss\u00e8de un syst\u00e8me de d\u00e9givrage automatique permettant un entretien sans tracas. Ce magnifique mod\u00e8le comprend une cartouche de CO2, ainsi que toute la quincaillerie requise et un dispositif m\u00e9canique pr\u00e9cis de r\u00e9gulation de la temp\u00e9rature. Le super fini d\u2019acier impeccable ressemble \u00e0 l\u2019acier inoxydable, mais il est beaucoup plus facile \u00e0 entretenir, de m\u00eame que la surface de travail r\u00e9sistante aux rayures. Ce rafra\u00eechisseur versatile de f\u00fbt de bi\u00e8re est aussi \u00e9quip\u00e9 d\u2019un plateau ramasse-gouttes amovible, d\u2019une tour distributrice de bi\u00e8re au fini noir et chrome et d\u2019une barre de retenue chrom\u00e9e. Il dispose d\u2019une charni\u00e8re de porte r\u00e9versible innovatrice, vous permettant d\u2019ajuster l\u2019ouverture du c\u00f4t\u00e9 gauche ou droit et ses roulettes pratiques et robustes en facilitent son d\u00e9placement. Cet appareil est offert avec une garantie de 12 mois sur les pi\u00e8ces et la main-d\u2019\u0153uvre, incluant le service apr\u00e8s-vente en atelier.","og_url":"https:\/\/www.danby.com\/fr\/products\/rafraichisseurs-de-futs-de-biere\/dkc052bsldb\/","og_site_name":"Danby - Canada - French","article_publisher":"https:\/\/www.facebook.com\/DanbyAppliances","article_modified_time":"2026-04-19T09:08:40+00:00","og_image":[{"width":300,"height":517,"url":"https:\/\/cdnweb.danby.com\/wp-content\/uploads\/sites\/2\/2022\/02\/08185456\/DKC052BSLDB_Right.jpg","type":"image\/jpeg"}],"twitter_card":"summary_large_image","twitter_site":"@DanbyAppliance","schema":{"@context":"https:\/\/schema.org","@graph":[{"@type":["WebPage","ItemPage"],"url":"https:\/\/www.danby.com\/fr\/products\/rafraichisseurs-de-futs-de-biere\/dkc052bsldb\/","name":"Danby 5.2 pi3 Rafra\u00eechisseurs de f\u00fbts de bi\u00e8re - DKC052BSLDB | Danby Canada","isPartOf":[],"primaryImageOfPage":[],"image":[],"thumbnailUrl":"https:\/\/cdnweb.danby.com\/wp-content\/uploads\/sites\/2\/2022\/02\/08185456\/DKC052BSLDB_Right.jpg","datePublished":"2022-02-03T19:18:14+00:00","dateModified":"2026-04-19T09:08:40+00:00","description":"Organiser une r\u00e9ception n\u2019a jamais \u00e9t\u00e9 aussi facile et agr\u00e9able, qu\u2019avec ce parfait rafra\u00eechisseur de f\u00fbt de bi\u00e8re Danby autostable. Ce mod\u00e8le comporte 146 litres (5,2 pieds cubes), cet appareil \u00e9cologique fonctionne avec le r\u00e9frig\u00e9rant R134A et il poss\u00e8de un syst\u00e8me de d\u00e9givrage automatique permettant un entretien sans tracas. Ce magnifique mod\u00e8le comprend une cartouche de CO2, ainsi que toute la quincaillerie requise et un dispositif m\u00e9canique pr\u00e9cis de r\u00e9gulation de la temp\u00e9rature. Le super fini d\u2019acier impeccable ressemble \u00e0 l\u2019acier inoxydable, mais il est beaucoup plus facile \u00e0 entretenir, de m\u00eame que la surface de travail r\u00e9sistante aux rayures. Ce rafra\u00eechisseur versatile de f\u00fbt de bi\u00e8re est aussi \u00e9quip\u00e9 d\u2019un plateau ramasse-gouttes amovible, d\u2019une tour distributrice de bi\u00e8re au fini noir et chrome et d\u2019une barre de retenue chrom\u00e9e. Il dispose d\u2019une charni\u00e8re de porte r\u00e9versible innovatrice, vous permettant d\u2019ajuster l\u2019ouverture du c\u00f4t\u00e9 gauche ou droit et ses roulettes pratiques et robustes en facilitent son d\u00e9placement. Cet appareil est offert avec une garantie de 12 mois sur les pi\u00e8ces et la main-d\u2019\u0153uvre, incluant le service apr\u00e8s-vente en atelier.","breadcrumb":[],"inLanguage":"fr-CA","potentialAction":[{"@type":"ReadAction","target":["https:\/\/www.danby.com\/fr\/products\/rafraichisseurs-de-futs-de-biere\/dkc052bsldb\/"]}]},{"@type":"ImageObject","inLanguage":"fr-CA","url":"https:\/\/cdnweb.danby.com\/wp-content\/uploads\/sites\/2\/2022\/02\/08185456\/DKC052BSLDB_Right.jpg","contentUrl":"https:\/\/cdnweb.danby.com\/wp-content\/uploads\/sites\/2\/2022\/02\/08185456\/DKC052BSLDB_Right.jpg","width":300,"height":517},{"@type":"BreadcrumbList","itemListElement":[{"@type":"ListItem","position":1,"name":"Home","item":"https:\/\/www.danby.com\/fr\/"},{"@type":"ListItem","position":2,"name":"Boutique","item":"https:\/\/www.danby.com\/fr\/boutique\/"},{"@type":"ListItem","position":3,"name":"Danby 5.2 pi3 Rafra\u00eechisseurs de f\u00fbts de bi\u00e8re"}]},{"@type":"WebSite","url":"https:\/\/www.danby.com\/fr\/","name":"Danby - Canada - French","description":"Leader dans le domaine de la r\u00e9frig\u00e9ration et des appareils sp\u00e9cialis\u00e9s","publisher":[],"potentialAction":[{"@type":"SearchAction","target":{"@type":"EntryPoint","urlTemplate":"https:\/\/www.danby.com\/fr\/?s={search_term_string}"},"query-input":{"@type":"PropertyValueSpecification","valueRequired":true,"valueName":"search_term_string"}}],"inLanguage":"fr-CA"},{"@type":"Organization","name":"Danby Appliances","url":"https:\/\/www.danby.com\/fr\/","logo":{"@type":"ImageObject","inLanguage":"fr-CA","url":"https:\/\/cdnweb.danby.com\/wp-content\/uploads\/sites\/2\/2022\/02\/10141906\/Danby75Ans_Blue.png","contentUrl":"https:\/\/cdnweb.danby.com\/wp-content\/uploads\/sites\/2\/2022\/02\/10141906\/Danby75Ans_Blue.png","width":470,"height":110,"caption":"Danby Appliances"},"image":[],"sameAs":["https:\/\/www.facebook.com\/DanbyAppliances","https:\/\/x.com\/DanbyAppliance","https:\/\/instagram.com\/danbyappliances\/","https:\/\/www.linkedin.com\/company\/danbyappliances","https:\/\/www.pinterest.ca\/danbyappliances\/","https:\/\/www.youtube.com\/user\/DanbyProducts","https:\/\/en.wikipedia.org\/wiki\/Danby_(appliances)"]}]}},"post_mailing_queue_ids":[],"_links":{"self":[{"href":"https:\/\/www.danby.com\/fr\/wp-json\/wp\/v2\/product\/5000","targetHints":{"allow":["GET"]}}],"collection":[{"href":"https:\/\/www.danby.com\/fr\/wp-json\/wp\/v2\/product"}],"about":[{"href":"https:\/\/www.danby.com\/fr\/wp-json\/wp\/v2\/types\/product"}],"replies":[{"embeddable":true,"href":"https:\/\/www.danby.com\/fr\/wp-json\/wp\/v2\/comments?post=5000"}],"wp:featuredmedia":[{"embeddable":true,"href":"https:\/\/www.danby.com\/fr\/wp-json\/wp\/v2\/media\/6699"}],"wp:attachment":[{"href":"https:\/\/www.danby.com\/fr\/wp-json\/wp\/v2\/media?parent=5000"}],"wp:term":[{"taxonomy":"product_brand","embeddable":true,"href":"https:\/\/www.danby.com\/fr\/wp-json\/wp\/v2\/product_brand?post=5000"},{"taxonomy":"product_cat","embeddable":true,"href":"https:\/\/www.danby.com\/fr\/wp-json\/wp\/v2\/product_cat?post=5000"},{"taxonomy":"product_tag","embeddable":true,"href":"https:\/\/www.danby.com\/fr\/wp-json\/wp\/v2\/product_tag?post=5000"}],"curies":[{"name":"wp","href":"https:\/\/api.w.org\/{rel}","templated":true}]}}