{"id":4997,"date":"2022-02-03T19:18:14","date_gmt":"2022-02-03T19:18:14","guid":{"rendered":"https:\/\/www.danby.com\/fr\/product\/dim2500rdb\/"},"modified":"2026-04-09T10:07:20","modified_gmt":"2026-04-09T10:07:20","slug":"dim2500rdb","status":"publish","type":"product","link":"https:\/\/www.danby.com\/fr\/products\/machines-a-glacons\/dim2500rdb\/","title":{"rendered":"Danby 2 lbs. Machine \u00e0 gla\u00e7ons de comptoir en Rouge"},"content":{"rendered":"","protected":false},"excerpt":{"rendered":"<ul>\n<li>Peut produire jusqu&#8217;\u00e0 25 lb (12 kg) de glace par jour et stocker 2 lb (1 kg) de glace<\/li>\n<li>Donne la taille d&#8217;un gla\u00e7on<\/li>\n<li>Ext\u00e9rieur rouge et couvercle noir avec fen\u00eatre transparente<\/li>\n<li>Comprend une cuill\u00e8re \u00e0 glace blanche<\/li>\n<li>Commandes \u00e9lectroniques simples avec affichage LED<\/li>\n<li>L&#8217;alarme retentit lorsque le seau \u00e0 glace est plein<\/li>\n<li>Fonction d&#8217;auto-nettoyage<\/li>\n<li>R\u00e9frig\u00e9rant R134A <\/li>\n<li>Glace en forme de balle<\/li>\n<\/ul>\n","protected":false},"featured_media":35266,"comment_status":"closed","ping_status":"closed","template":"","meta":{"_acf_changed":false},"product_brand":[],"product_cat":[29],"product_tag":[],"class_list":{"0":"post-4997","1":"product","2":"type-product","3":"status-publish","4":"has-post-thumbnail","6":"product_cat-machines-a-glacons","7":"pa_couleur-red","8":"pa_duree-de-la-garantie-en-mois-1173","10":"first","11":"outofstock","12":"taxable","13":"shipping-taxable","14":"purchasable","15":"product-type-simple"},"acf":[],"yoast_head":"<!-- This site is optimized with the Yoast SEO plugin v26.7 - https:\/\/yoast.com\/wordpress\/plugins\/seo\/ -->\n<title>Danby 2 lbs. Machine \u00e0 gla\u00e7ons de comptoir en Rouge - DIM2500RDB | Danby Canada<\/title>\n<meta name=\"description\" content=\"Gardez vos boissons froides aussi rafra\u00eechissantes que possible gr\u00e2ce \u00e0 cette unit\u00e9 de fabrication de glace attrayante et moderne. Ce mod\u00e8le s&#039;int\u00e8gre sans effort au d\u00e9cor existant de votre pi\u00e8ce. Il est dot\u00e9 d&#039;une fen\u00eatre transparente, d&#039;un ext\u00e9rieur en acier inoxydable rouge pomme d&#039;amour et d&#039;un couvercle noir. Il peut produire jusqu&#039;\u00e0 25 lb (12 kg) de glace par jour en un tailles de gla\u00e7ons. De plus, l&#039;appareil peut stocker jusqu&#039;\u00e0 1 kg (2 lb) de glace \u00e0 tout moment. Ce mod\u00e8le chic est livr\u00e9 avec une pelle \u00e0 glace blanche et les commandes \u00e9lectroniques \u00e0 DEL permettent de le programmer facilement. Vous n&#039;aurez jamais \u00e0 deviner quand le bac \u00e0 glace est plein, car il est dot\u00e9 d&#039;un syst\u00e8me d&#039;alarme de pointe pour vous en avertir. De plus, il n&#039;est pas n\u00e9cessaire de s&#039;occuper de la machine \u00e0 gla\u00e7ons car elle est \u00e9quip\u00e9e d&#039;une fonction d&#039;autonettoyage. Cet appareil b\u00e9n\u00e9ficie \u00e9galement d&#039;une garantie de 12 mois sur les pi\u00e8ces et la main-d&#039;\u0153uvre.\" \/>\n<meta name=\"robots\" content=\"index, follow, max-snippet:-1, max-image-preview:large, max-video-preview:-1\" \/>\n<link rel=\"canonical\" href=\"https:\/\/www.danby.com\/fr\/products\/machines-a-glacons\/dim2500rdb\/\" \/>\n<meta property=\"og:locale\" content=\"fr_CA\" \/>\n<meta property=\"og:type\" content=\"article\" \/>\n<meta property=\"og:title\" content=\"Danby 2 lbs. Machine \u00e0 gla\u00e7ons de comptoir en Rouge - DIM2500RDB | Danby Canada\" \/>\n<meta property=\"og:description\" content=\"Gardez vos boissons froides aussi rafra\u00eechissantes que possible gr\u00e2ce \u00e0 cette unit\u00e9 de fabrication de glace attrayante et moderne. Ce mod\u00e8le s&#039;int\u00e8gre sans effort au d\u00e9cor existant de votre pi\u00e8ce. Il est dot\u00e9 d&#039;une fen\u00eatre transparente, d&#039;un ext\u00e9rieur en acier inoxydable rouge pomme d&#039;amour et d&#039;un couvercle noir. Il peut produire jusqu&#039;\u00e0 25 lb (12 kg) de glace par jour en un tailles de gla\u00e7ons. De plus, l&#039;appareil peut stocker jusqu&#039;\u00e0 1 kg (2 lb) de glace \u00e0 tout moment. Ce mod\u00e8le chic est livr\u00e9 avec une pelle \u00e0 glace blanche et les commandes \u00e9lectroniques \u00e0 DEL permettent de le programmer facilement. Vous n&#039;aurez jamais \u00e0 deviner quand le bac \u00e0 glace est plein, car il est dot\u00e9 d&#039;un syst\u00e8me d&#039;alarme de pointe pour vous en avertir. De plus, il n&#039;est pas n\u00e9cessaire de s&#039;occuper de la machine \u00e0 gla\u00e7ons car elle est \u00e9quip\u00e9e d&#039;une fonction d&#039;autonettoyage. Cet appareil b\u00e9n\u00e9ficie \u00e9galement d&#039;une garantie de 12 mois sur les pi\u00e8ces et la main-d&#039;\u0153uvre.\" \/>\n<meta property=\"og:url\" content=\"https:\/\/www.danby.com\/fr\/products\/machines-a-glacons\/dim2500rdb\/\" \/>\n<meta property=\"og:site_name\" content=\"Danby - Canada - French\" \/>\n<meta property=\"article:publisher\" content=\"https:\/\/www.facebook.com\/DanbyAppliances\" \/>\n<meta property=\"article:modified_time\" content=\"2026-04-09T10:07:20+00:00\" \/>\n<meta property=\"og:image\" content=\"https:\/\/www.danby.com\/fr\/wp-content\/uploads\/sites\/2\/2025\/09\/dim2500rdb-thumbnail.jpg\" \/>\n\t<meta property=\"og:image:width\" content=\"768\" \/>\n\t<meta property=\"og:image:height\" content=\"1024\" \/>\n\t<meta property=\"og:image:type\" content=\"image\/jpeg\" \/>\n<meta name=\"twitter:card\" content=\"summary_large_image\" \/>\n<meta name=\"twitter:site\" content=\"@DanbyAppliance\" \/>\n<meta name=\"twitter:label1\" content=\"Estimation du temps de lecture\" \/>\n\t<meta name=\"twitter:data1\" content=\"1 minute\" \/>\n<script type=\"application\/ld+json\" class=\"yoast-schema-graph\">{\"@context\":\"https:\/\/schema.org\",\"@graph\":[{\"@type\":[\"WebPage\",\"ItemPage\"],\"url\":\"https:\/\/www.danby.com\/fr\/products\/machines-a-glacons\/dim2500rdb\/\",\"name\":\"Danby 2 lbs. Machine \u00e0 gla\u00e7ons de comptoir en Rouge - DIM2500RDB | Danby Canada\",\"isPartOf\":[],\"primaryImageOfPage\":[],\"image\":[],\"thumbnailUrl\":\"https:\/\/www.danby.com\/fr\/wp-content\/uploads\/sites\/2\/2025\/09\/dim2500rdb-thumbnail.jpg\",\"datePublished\":\"2022-02-03T19:18:14+00:00\",\"dateModified\":\"2026-04-09T10:07:20+00:00\",\"description\":\"Gardez vos boissons froides aussi rafra\u00eechissantes que possible gr\u00e2ce \u00e0 cette unit\u00e9 de fabrication de glace attrayante et moderne. Ce mod\u00e8le s'int\u00e8gre sans effort au d\u00e9cor existant de votre pi\u00e8ce. Il est dot\u00e9 d'une fen\u00eatre transparente, d'un ext\u00e9rieur en acier inoxydable rouge pomme d'amour et d'un couvercle noir. Il peut produire jusqu'\u00e0 25 lb (12 kg) de glace par jour en un tailles de gla\u00e7ons. De plus, l'appareil peut stocker jusqu'\u00e0 1 kg (2 lb) de glace \u00e0 tout moment. Ce mod\u00e8le chic est livr\u00e9 avec une pelle \u00e0 glace blanche et les commandes \u00e9lectroniques \u00e0 DEL permettent de le programmer facilement. Vous n'aurez jamais \u00e0 deviner quand le bac \u00e0 glace est plein, car il est dot\u00e9 d'un syst\u00e8me d'alarme de pointe pour vous en avertir. De plus, il n'est pas n\u00e9cessaire de s'occuper de la machine \u00e0 gla\u00e7ons car elle est \u00e9quip\u00e9e d'une fonction d'autonettoyage. Cet appareil b\u00e9n\u00e9ficie \u00e9galement d'une garantie de 12 mois sur les pi\u00e8ces et la main-d'\u0153uvre.\",\"breadcrumb\":[],\"inLanguage\":\"fr-CA\",\"potentialAction\":[{\"@type\":\"ReadAction\",\"target\":[\"https:\/\/www.danby.com\/fr\/products\/machines-a-glacons\/dim2500rdb\/\"]}]},{\"@type\":\"ImageObject\",\"inLanguage\":\"fr-CA\",\"url\":\"https:\/\/www.danby.com\/fr\/wp-content\/uploads\/sites\/2\/2025\/09\/dim2500rdb-thumbnail.jpg\",\"contentUrl\":\"https:\/\/www.danby.com\/fr\/wp-content\/uploads\/sites\/2\/2025\/09\/dim2500rdb-thumbnail.jpg\",\"width\":768,\"height\":1024},{\"@type\":\"BreadcrumbList\",\"itemListElement\":[{\"@type\":\"ListItem\",\"position\":1,\"name\":\"Home\",\"item\":\"https:\/\/www.danby.com\/fr\/\"},{\"@type\":\"ListItem\",\"position\":2,\"name\":\"Boutique\",\"item\":\"https:\/\/www.danby.com\/fr\/boutique\/\"},{\"@type\":\"ListItem\",\"position\":3,\"name\":\"Danby 2 lbs. Machine \u00e0 gla\u00e7ons de comptoir en Rouge\"}]},{\"@type\":\"WebSite\",\"url\":\"https:\/\/www.danby.com\/fr\/\",\"name\":\"Danby - Canada - French\",\"description\":\"Leader dans le domaine de la r\u00e9frig\u00e9ration et des appareils sp\u00e9cialis\u00e9s\",\"publisher\":[],\"potentialAction\":[{\"@type\":\"SearchAction\",\"target\":{\"@type\":\"EntryPoint\",\"urlTemplate\":\"https:\/\/www.danby.com\/fr\/?s={search_term_string}\"},\"query-input\":{\"@type\":\"PropertyValueSpecification\",\"valueRequired\":true,\"valueName\":\"search_term_string\"}}],\"inLanguage\":\"fr-CA\"},{\"@type\":\"Organization\",\"name\":\"Danby Appliances\",\"url\":\"https:\/\/www.danby.com\/fr\/\",\"logo\":{\"@type\":\"ImageObject\",\"inLanguage\":\"fr-CA\",\"url\":\"https:\/\/cdnweb.danby.com\/wp-content\/uploads\/sites\/2\/2022\/02\/10141906\/Danby75Ans_Blue.png\",\"contentUrl\":\"https:\/\/cdnweb.danby.com\/wp-content\/uploads\/sites\/2\/2022\/02\/10141906\/Danby75Ans_Blue.png\",\"width\":470,\"height\":110,\"caption\":\"Danby Appliances\"},\"image\":[],\"sameAs\":[\"https:\/\/www.facebook.com\/DanbyAppliances\",\"https:\/\/x.com\/DanbyAppliance\",\"https:\/\/instagram.com\/danbyappliances\/\",\"https:\/\/www.linkedin.com\/company\/danbyappliances\",\"https:\/\/www.pinterest.ca\/danbyappliances\/\",\"https:\/\/www.youtube.com\/user\/DanbyProducts\",\"https:\/\/en.wikipedia.org\/wiki\/Danby_(appliances)\"]}]}<\/script>\n<!-- \/ Yoast SEO plugin. -->","yoast_head_json":{"title":"Danby 2 lbs. Machine \u00e0 gla\u00e7ons de comptoir en Rouge - DIM2500RDB | Danby Canada","description":"Gardez vos boissons froides aussi rafra\u00eechissantes que possible gr\u00e2ce \u00e0 cette unit\u00e9 de fabrication de glace attrayante et moderne. Ce mod\u00e8le s'int\u00e8gre sans effort au d\u00e9cor existant de votre pi\u00e8ce. Il est dot\u00e9 d'une fen\u00eatre transparente, d'un ext\u00e9rieur en acier inoxydable rouge pomme d'amour et d'un couvercle noir. Il peut produire jusqu'\u00e0 25 lb (12 kg) de glace par jour en un tailles de gla\u00e7ons. De plus, l'appareil peut stocker jusqu'\u00e0 1 kg (2 lb) de glace \u00e0 tout moment. Ce mod\u00e8le chic est livr\u00e9 avec une pelle \u00e0 glace blanche et les commandes \u00e9lectroniques \u00e0 DEL permettent de le programmer facilement. Vous n'aurez jamais \u00e0 deviner quand le bac \u00e0 glace est plein, car il est dot\u00e9 d'un syst\u00e8me d'alarme de pointe pour vous en avertir. De plus, il n'est pas n\u00e9cessaire de s'occuper de la machine \u00e0 gla\u00e7ons car elle est \u00e9quip\u00e9e d'une fonction d'autonettoyage. Cet appareil b\u00e9n\u00e9ficie \u00e9galement d'une garantie de 12 mois sur les pi\u00e8ces et la main-d'\u0153uvre.","robots":{"index":"index","follow":"follow","max-snippet":"max-snippet:-1","max-image-preview":"max-image-preview:large","max-video-preview":"max-video-preview:-1"},"canonical":"https:\/\/www.danby.com\/fr\/products\/machines-a-glacons\/dim2500rdb\/","og_locale":"fr_CA","og_type":"article","og_title":"Danby 2 lbs. Machine \u00e0 gla\u00e7ons de comptoir en Rouge - DIM2500RDB | Danby Canada","og_description":"Gardez vos boissons froides aussi rafra\u00eechissantes que possible gr\u00e2ce \u00e0 cette unit\u00e9 de fabrication de glace attrayante et moderne. Ce mod\u00e8le s'int\u00e8gre sans effort au d\u00e9cor existant de votre pi\u00e8ce. Il est dot\u00e9 d'une fen\u00eatre transparente, d'un ext\u00e9rieur en acier inoxydable rouge pomme d'amour et d'un couvercle noir. Il peut produire jusqu'\u00e0 25 lb (12 kg) de glace par jour en un tailles de gla\u00e7ons. De plus, l'appareil peut stocker jusqu'\u00e0 1 kg (2 lb) de glace \u00e0 tout moment. Ce mod\u00e8le chic est livr\u00e9 avec une pelle \u00e0 glace blanche et les commandes \u00e9lectroniques \u00e0 DEL permettent de le programmer facilement. Vous n'aurez jamais \u00e0 deviner quand le bac \u00e0 glace est plein, car il est dot\u00e9 d'un syst\u00e8me d'alarme de pointe pour vous en avertir. De plus, il n'est pas n\u00e9cessaire de s'occuper de la machine \u00e0 gla\u00e7ons car elle est \u00e9quip\u00e9e d'une fonction d'autonettoyage. Cet appareil b\u00e9n\u00e9ficie \u00e9galement d'une garantie de 12 mois sur les pi\u00e8ces et la main-d'\u0153uvre.","og_url":"https:\/\/www.danby.com\/fr\/products\/machines-a-glacons\/dim2500rdb\/","og_site_name":"Danby - Canada - French","article_publisher":"https:\/\/www.facebook.com\/DanbyAppliances","article_modified_time":"2026-04-09T10:07:20+00:00","og_image":[{"width":768,"height":1024,"url":"https:\/\/www.danby.com\/fr\/wp-content\/uploads\/sites\/2\/2025\/09\/dim2500rdb-thumbnail.jpg","type":"image\/jpeg"}],"twitter_card":"summary_large_image","twitter_site":"@DanbyAppliance","twitter_misc":{"Estimation du temps de lecture":"1 minute"},"schema":{"@context":"https:\/\/schema.org","@graph":[{"@type":["WebPage","ItemPage"],"url":"https:\/\/www.danby.com\/fr\/products\/machines-a-glacons\/dim2500rdb\/","name":"Danby 2 lbs. Machine \u00e0 gla\u00e7ons de comptoir en Rouge - DIM2500RDB | Danby Canada","isPartOf":[],"primaryImageOfPage":[],"image":[],"thumbnailUrl":"https:\/\/www.danby.com\/fr\/wp-content\/uploads\/sites\/2\/2025\/09\/dim2500rdb-thumbnail.jpg","datePublished":"2022-02-03T19:18:14+00:00","dateModified":"2026-04-09T10:07:20+00:00","description":"Gardez vos boissons froides aussi rafra\u00eechissantes que possible gr\u00e2ce \u00e0 cette unit\u00e9 de fabrication de glace attrayante et moderne. Ce mod\u00e8le s'int\u00e8gre sans effort au d\u00e9cor existant de votre pi\u00e8ce. Il est dot\u00e9 d'une fen\u00eatre transparente, d'un ext\u00e9rieur en acier inoxydable rouge pomme d'amour et d'un couvercle noir. Il peut produire jusqu'\u00e0 25 lb (12 kg) de glace par jour en un tailles de gla\u00e7ons. De plus, l'appareil peut stocker jusqu'\u00e0 1 kg (2 lb) de glace \u00e0 tout moment. Ce mod\u00e8le chic est livr\u00e9 avec une pelle \u00e0 glace blanche et les commandes \u00e9lectroniques \u00e0 DEL permettent de le programmer facilement. Vous n'aurez jamais \u00e0 deviner quand le bac \u00e0 glace est plein, car il est dot\u00e9 d'un syst\u00e8me d'alarme de pointe pour vous en avertir. De plus, il n'est pas n\u00e9cessaire de s'occuper de la machine \u00e0 gla\u00e7ons car elle est \u00e9quip\u00e9e d'une fonction d'autonettoyage. Cet appareil b\u00e9n\u00e9ficie \u00e9galement d'une garantie de 12 mois sur les pi\u00e8ces et la main-d'\u0153uvre.","breadcrumb":[],"inLanguage":"fr-CA","potentialAction":[{"@type":"ReadAction","target":["https:\/\/www.danby.com\/fr\/products\/machines-a-glacons\/dim2500rdb\/"]}]},{"@type":"ImageObject","inLanguage":"fr-CA","url":"https:\/\/www.danby.com\/fr\/wp-content\/uploads\/sites\/2\/2025\/09\/dim2500rdb-thumbnail.jpg","contentUrl":"https:\/\/www.danby.com\/fr\/wp-content\/uploads\/sites\/2\/2025\/09\/dim2500rdb-thumbnail.jpg","width":768,"height":1024},{"@type":"BreadcrumbList","itemListElement":[{"@type":"ListItem","position":1,"name":"Home","item":"https:\/\/www.danby.com\/fr\/"},{"@type":"ListItem","position":2,"name":"Boutique","item":"https:\/\/www.danby.com\/fr\/boutique\/"},{"@type":"ListItem","position":3,"name":"Danby 2 lbs. Machine \u00e0 gla\u00e7ons de comptoir en Rouge"}]},{"@type":"WebSite","url":"https:\/\/www.danby.com\/fr\/","name":"Danby - Canada - French","description":"Leader dans le domaine de la r\u00e9frig\u00e9ration et des appareils sp\u00e9cialis\u00e9s","publisher":[],"potentialAction":[{"@type":"SearchAction","target":{"@type":"EntryPoint","urlTemplate":"https:\/\/www.danby.com\/fr\/?s={search_term_string}"},"query-input":{"@type":"PropertyValueSpecification","valueRequired":true,"valueName":"search_term_string"}}],"inLanguage":"fr-CA"},{"@type":"Organization","name":"Danby Appliances","url":"https:\/\/www.danby.com\/fr\/","logo":{"@type":"ImageObject","inLanguage":"fr-CA","url":"https:\/\/cdnweb.danby.com\/wp-content\/uploads\/sites\/2\/2022\/02\/10141906\/Danby75Ans_Blue.png","contentUrl":"https:\/\/cdnweb.danby.com\/wp-content\/uploads\/sites\/2\/2022\/02\/10141906\/Danby75Ans_Blue.png","width":470,"height":110,"caption":"Danby Appliances"},"image":[],"sameAs":["https:\/\/www.facebook.com\/DanbyAppliances","https:\/\/x.com\/DanbyAppliance","https:\/\/instagram.com\/danbyappliances\/","https:\/\/www.linkedin.com\/company\/danbyappliances","https:\/\/www.pinterest.ca\/danbyappliances\/","https:\/\/www.youtube.com\/user\/DanbyProducts","https:\/\/en.wikipedia.org\/wiki\/Danby_(appliances)"]}]}},"post_mailing_queue_ids":[],"_links":{"self":[{"href":"https:\/\/www.danby.com\/fr\/wp-json\/wp\/v2\/product\/4997","targetHints":{"allow":["GET"]}}],"collection":[{"href":"https:\/\/www.danby.com\/fr\/wp-json\/wp\/v2\/product"}],"about":[{"href":"https:\/\/www.danby.com\/fr\/wp-json\/wp\/v2\/types\/product"}],"replies":[{"embeddable":true,"href":"https:\/\/www.danby.com\/fr\/wp-json\/wp\/v2\/comments?post=4997"}],"wp:featuredmedia":[{"embeddable":true,"href":"https:\/\/www.danby.com\/fr\/wp-json\/wp\/v2\/media\/35266"}],"wp:attachment":[{"href":"https:\/\/www.danby.com\/fr\/wp-json\/wp\/v2\/media?parent=4997"}],"wp:term":[{"taxonomy":"product_brand","embeddable":true,"href":"https:\/\/www.danby.com\/fr\/wp-json\/wp\/v2\/product_brand?post=4997"},{"taxonomy":"product_cat","embeddable":true,"href":"https:\/\/www.danby.com\/fr\/wp-json\/wp\/v2\/product_cat?post=4997"},{"taxonomy":"product_tag","embeddable":true,"href":"https:\/\/www.danby.com\/fr\/wp-json\/wp\/v2\/product_tag?post=4997"}],"curies":[{"name":"wp","href":"https:\/\/api.w.org\/{rel}","templated":true}]}}