{"id":4991,"date":"2022-02-03T19:18:14","date_gmt":"2022-02-03T19:18:14","guid":{"rendered":"https:\/\/www.danby.com\/fr\/product\/dh016a1w-d\/"},"modified":"2023-11-15T20:45:47","modified_gmt":"2023-11-15T20:45:47","slug":"dh016a1w-d","status":"publish","type":"product","link":"https:\/\/www.danby.com\/fr\/products\/medical-fridges\/dh016a1w-d\/","title":{"rendered":"Danby Sant\u00e9 DH016A1W 1,6 cu. R\u00e9frig\u00e9rateur m\u00e9dical de 5,5 pi3 en blanc"},"content":{"rendered":"","protected":false},"excerpt":{"rendered":"<ul>\n<li>Comprend un certificat s\u00e9par\u00e9 tra\u00e7able NIST provenant de notre laboratoire d&#8217;\u00e9talonnage accr\u00e9dit\u00e9 A2LA (1750.01)<\/li>\n<li>Thermom\u00e8tre num\u00e9rique tra\u00e7able Excursion-Trac\u2122 \u00e0 enregistrement de donn\u00e9es avec \u00e9talonnage : Sonde 1 bouteille<\/li>\n<li>Con\u00e7u sp\u00e9cialement pour r\u00e9pondre aux recommandations du CDC et du VFC pour un stockage fiable des vaccins<\/li>\n<li>Stabilit\u00e9 de la temp\u00e9rature : Con\u00e7u pour maintenir une plage de temp\u00e9rature stable (2oC &#8211; 8oC) (36oF &#8211; 46oF)<\/li>\n<li>Ventilateur interne \u00e0 air forc\u00e9 : assure un refroidissement uniforme de haut en bas<\/li>\n<li>Enregistreur de temp\u00e9rature int\u00e9gr\u00e9 : Enregistre les relev\u00e9s du r\u00e9frig\u00e9rateur, une solution simple et d\u00e9finitive pour un contr\u00f4le pr\u00e9cis de la temp\u00e9rature de l&#8217;air<\/li>\n<li>Alarme haute\/basse : L&#8217;alarme se d\u00e9clenche lorsque la temp\u00e9rature de l&#8217;air du r\u00e9frig\u00e9rateur s&#8217;\u00e9l\u00e8ve ou descend en dehors de la plage d\u00e9finie<\/li>\n<li>Serrure de porte \u00e0 cl\u00e9 : Assure un contr\u00f4le optimal de la temp\u00e9rature et la s\u00e9curit\u00e9 du produit<\/li>\n<li>Cordon d&#8217;alimentation de qualit\u00e9 hospitali\u00e8re : Cet appareil est \u00e9quip\u00e9 d&#8217;un cordon d&#8217;alimentation durable de qualit\u00e9 hospitali\u00e8re \u00e0 point vert<\/li>\n<li>Conception compacte : Danby Health est fait pour s&#8217;int\u00e9grer, cette unit\u00e9 a la taille parfaite pour les pharmacies, les laboratoires, les cliniques, les centres de recherche, les salons de beaut\u00e9, les maisons de retraite et les cabinets m\u00e9dicaux<\/li>\n<li>Conforme \u00e0 la norme UL 471<\/li>\n<li>Comprend une poign\u00e9e \u00e0 rev\u00eatement argent\u00e9<\/li>\n<\/ul>\n","protected":false},"featured_media":21886,"comment_status":"closed","ping_status":"closed","template":"","meta":{"_acf_changed":false},"product_brand":[],"product_cat":[66],"product_tag":[],"class_list":{"0":"post-4991","1":"product","2":"type-product","3":"status-publish","4":"has-post-thumbnail","6":"product_cat-medical-fridges","7":"pa_capacite-pi3-1-1-9","8":"pa_couleur-blanc","9":"pa_duree-de-la-garantie-en-mois-24-months","11":"first","12":"instock","13":"taxable","14":"shipping-taxable","15":"product-type-simple"},"acf":[],"yoast_head":"<!-- This site is optimized with the Yoast SEO plugin v26.7 - https:\/\/yoast.com\/wordpress\/plugins\/seo\/ -->\n<title>Danby Sant\u00e9 DH016A1W 1,6 cu. R\u00e9frig\u00e9rateur m\u00e9dical de 5,5 pi3 en blanc - DH016A1W-D | Danby Canada<\/title>\n<meta name=\"description\" content=\"Le r\u00e9frig\u00e9rateur pharmaceutique Danby Health associe une technologie innovante et une fiabilit\u00e9 \u00e9prouv\u00e9e exig\u00e9e par les \u00e9tablissements m\u00e9dicaux et cliniques. Ce r\u00e9frig\u00e9rateur m\u00e9dical est l&#039;option id\u00e9ale pour stocker des produits sensibles \u00e0 la temp\u00e9rature. L&#039;air frais est distribu\u00e9 uniform\u00e9ment et reste constant, gr\u00e2ce \u00e0 un ventilateur interne \u00e0 air puls\u00e9 et \u00e0 des \u00e9tag\u00e8res en fil m\u00e9tallique. En outre, l&#039;enregistreur de temp\u00e9rature int\u00e9gr\u00e9 mesure la temp\u00e9rature interne toutes les 10 minutes et enregistre les relev\u00e9s. Ces donn\u00e9es sont enregistr\u00e9es dans un fichier .csv et peuvent \u00eatre extraites via USB \u00e0 votre convenance. La s\u00e9curit\u00e9 du produit est facilement r\u00e9gul\u00e9e gr\u00e2ce \u00e0 son alarme haute\/basse, qui se d\u00e9clenche lorsque la temp\u00e9rature s&#039;\u00e9l\u00e8ve ou descend en dehors de la plage d\u00e9finie, et \u00e0 la serrure de porte \u00e0 cl\u00e9. Enfin, cette unit\u00e9 offre un aspect et des performances professionnels avec un \u00e9clairage LED et un cordon d&#039;alimentation de qualit\u00e9 hospitali\u00e8re\" \/>\n<meta name=\"robots\" content=\"index, follow, max-snippet:-1, max-image-preview:large, max-video-preview:-1\" \/>\n<link rel=\"canonical\" href=\"https:\/\/www.danby.com\/fr\/products\/medical-fridges\/dh016a1w-d\/\" \/>\n<meta property=\"og:locale\" content=\"fr_CA\" \/>\n<meta property=\"og:type\" content=\"article\" \/>\n<meta property=\"og:title\" content=\"Danby Sant\u00e9 DH016A1W 1,6 cu. R\u00e9frig\u00e9rateur m\u00e9dical de 5,5 pi3 en blanc - DH016A1W-D | Danby Canada\" \/>\n<meta property=\"og:description\" content=\"Le r\u00e9frig\u00e9rateur pharmaceutique Danby Health associe une technologie innovante et une fiabilit\u00e9 \u00e9prouv\u00e9e exig\u00e9e par les \u00e9tablissements m\u00e9dicaux et cliniques. Ce r\u00e9frig\u00e9rateur m\u00e9dical est l&#039;option id\u00e9ale pour stocker des produits sensibles \u00e0 la temp\u00e9rature. L&#039;air frais est distribu\u00e9 uniform\u00e9ment et reste constant, gr\u00e2ce \u00e0 un ventilateur interne \u00e0 air puls\u00e9 et \u00e0 des \u00e9tag\u00e8res en fil m\u00e9tallique. En outre, l&#039;enregistreur de temp\u00e9rature int\u00e9gr\u00e9 mesure la temp\u00e9rature interne toutes les 10 minutes et enregistre les relev\u00e9s. Ces donn\u00e9es sont enregistr\u00e9es dans un fichier .csv et peuvent \u00eatre extraites via USB \u00e0 votre convenance. La s\u00e9curit\u00e9 du produit est facilement r\u00e9gul\u00e9e gr\u00e2ce \u00e0 son alarme haute\/basse, qui se d\u00e9clenche lorsque la temp\u00e9rature s&#039;\u00e9l\u00e8ve ou descend en dehors de la plage d\u00e9finie, et \u00e0 la serrure de porte \u00e0 cl\u00e9. Enfin, cette unit\u00e9 offre un aspect et des performances professionnels avec un \u00e9clairage LED et un cordon d&#039;alimentation de qualit\u00e9 hospitali\u00e8re\" \/>\n<meta property=\"og:url\" content=\"https:\/\/www.danby.com\/fr\/products\/medical-fridges\/dh016a1w-d\/\" \/>\n<meta property=\"og:site_name\" content=\"Danby - Canada - French\" \/>\n<meta property=\"article:publisher\" content=\"https:\/\/www.facebook.com\/DanbyAppliances\" \/>\n<meta property=\"article:modified_time\" content=\"2023-11-15T20:45:47+00:00\" \/>\n<meta property=\"og:image\" content=\"https:\/\/cdnweb.danby.com\/wp-content\/uploads\/sites\/2\/2023\/04\/28200148\/DH016A1W_Front_Handle-909x1024.jpg\" \/>\n\t<meta property=\"og:image:width\" content=\"909\" \/>\n\t<meta property=\"og:image:height\" content=\"1024\" \/>\n\t<meta property=\"og:image:type\" content=\"image\/jpeg\" \/>\n<meta name=\"twitter:card\" content=\"summary_large_image\" \/>\n<meta name=\"twitter:site\" content=\"@DanbyAppliance\" \/>\n<script type=\"application\/ld+json\" class=\"yoast-schema-graph\">{\"@context\":\"https:\/\/schema.org\",\"@graph\":[{\"@type\":[\"WebPage\",\"ItemPage\"],\"url\":\"https:\/\/www.danby.com\/fr\/products\/medical-fridges\/dh016a1w-d\/\",\"name\":\"Danby Sant\u00e9 DH016A1W 1,6 cu. R\u00e9frig\u00e9rateur m\u00e9dical de 5,5 pi3 en blanc - DH016A1W-D | Danby Canada\",\"isPartOf\":[],\"primaryImageOfPage\":[],\"image\":[],\"thumbnailUrl\":\"https:\/\/cdnweb.danby.com\/wp-content\/uploads\/sites\/2\/2023\/04\/28200148\/DH016A1W_Front_Handle-909x1024.jpg\",\"datePublished\":\"2022-02-03T19:18:14+00:00\",\"dateModified\":\"2023-11-15T20:45:47+00:00\",\"description\":\"Le r\u00e9frig\u00e9rateur pharmaceutique Danby Health associe une technologie innovante et une fiabilit\u00e9 \u00e9prouv\u00e9e exig\u00e9e par les \u00e9tablissements m\u00e9dicaux et cliniques. Ce r\u00e9frig\u00e9rateur m\u00e9dical est l'option id\u00e9ale pour stocker des produits sensibles \u00e0 la temp\u00e9rature. L'air frais est distribu\u00e9 uniform\u00e9ment et reste constant, gr\u00e2ce \u00e0 un ventilateur interne \u00e0 air puls\u00e9 et \u00e0 des \u00e9tag\u00e8res en fil m\u00e9tallique. En outre, l'enregistreur de temp\u00e9rature int\u00e9gr\u00e9 mesure la temp\u00e9rature interne toutes les 10 minutes et enregistre les relev\u00e9s. Ces donn\u00e9es sont enregistr\u00e9es dans un fichier .csv et peuvent \u00eatre extraites via USB \u00e0 votre convenance. La s\u00e9curit\u00e9 du produit est facilement r\u00e9gul\u00e9e gr\u00e2ce \u00e0 son alarme haute\/basse, qui se d\u00e9clenche lorsque la temp\u00e9rature s'\u00e9l\u00e8ve ou descend en dehors de la plage d\u00e9finie, et \u00e0 la serrure de porte \u00e0 cl\u00e9. Enfin, cette unit\u00e9 offre un aspect et des performances professionnels avec un \u00e9clairage LED et un cordon d'alimentation de qualit\u00e9 hospitali\u00e8re\",\"breadcrumb\":[],\"inLanguage\":\"fr-CA\",\"potentialAction\":[{\"@type\":\"ReadAction\",\"target\":[\"https:\/\/www.danby.com\/fr\/products\/medical-fridges\/dh016a1w-d\/\"]}]},{\"@type\":\"ImageObject\",\"inLanguage\":\"fr-CA\",\"url\":\"https:\/\/cdnweb.danby.com\/wp-content\/uploads\/sites\/2\/2023\/04\/28200148\/DH016A1W_Front_Handle-909x1024.jpg\",\"contentUrl\":\"https:\/\/cdnweb.danby.com\/wp-content\/uploads\/sites\/2\/2023\/04\/28200148\/DH016A1W_Front_Handle-909x1024.jpg\",\"width\":909,\"height\":1024},{\"@type\":\"BreadcrumbList\",\"itemListElement\":[{\"@type\":\"ListItem\",\"position\":1,\"name\":\"Home\",\"item\":\"https:\/\/www.danby.com\/fr\/\"},{\"@type\":\"ListItem\",\"position\":2,\"name\":\"Boutique\",\"item\":\"https:\/\/www.danby.com\/fr\/boutique\/\"},{\"@type\":\"ListItem\",\"position\":3,\"name\":\"Danby Sant\u00e9 DH016A1W 1,6 cu. R\u00e9frig\u00e9rateur m\u00e9dical de 5,5 pi3 en blanc\"}]},{\"@type\":\"WebSite\",\"url\":\"https:\/\/www.danby.com\/fr\/\",\"name\":\"Danby - Canada - French\",\"description\":\"Leader dans le domaine de la r\u00e9frig\u00e9ration et des appareils sp\u00e9cialis\u00e9s\",\"publisher\":[],\"potentialAction\":[{\"@type\":\"SearchAction\",\"target\":{\"@type\":\"EntryPoint\",\"urlTemplate\":\"https:\/\/www.danby.com\/fr\/?s={search_term_string}\"},\"query-input\":{\"@type\":\"PropertyValueSpecification\",\"valueRequired\":true,\"valueName\":\"search_term_string\"}}],\"inLanguage\":\"fr-CA\"},{\"@type\":\"Organization\",\"name\":\"Danby Appliances\",\"url\":\"https:\/\/www.danby.com\/fr\/\",\"logo\":{\"@type\":\"ImageObject\",\"inLanguage\":\"fr-CA\",\"url\":\"https:\/\/cdnweb.danby.com\/wp-content\/uploads\/sites\/2\/2022\/02\/10141906\/Danby75Ans_Blue.png\",\"contentUrl\":\"https:\/\/cdnweb.danby.com\/wp-content\/uploads\/sites\/2\/2022\/02\/10141906\/Danby75Ans_Blue.png\",\"width\":470,\"height\":110,\"caption\":\"Danby Appliances\"},\"image\":[],\"sameAs\":[\"https:\/\/www.facebook.com\/DanbyAppliances\",\"https:\/\/x.com\/DanbyAppliance\",\"https:\/\/instagram.com\/danbyappliances\/\",\"https:\/\/www.linkedin.com\/company\/danbyappliances\",\"https:\/\/www.pinterest.ca\/danbyappliances\/\",\"https:\/\/www.youtube.com\/user\/DanbyProducts\",\"https:\/\/en.wikipedia.org\/wiki\/Danby_(appliances)\"]}]}<\/script>\n<!-- \/ Yoast SEO plugin. -->","yoast_head_json":{"title":"Danby Sant\u00e9 DH016A1W 1,6 cu. R\u00e9frig\u00e9rateur m\u00e9dical de 5,5 pi3 en blanc - DH016A1W-D | Danby Canada","description":"Le r\u00e9frig\u00e9rateur pharmaceutique Danby Health associe une technologie innovante et une fiabilit\u00e9 \u00e9prouv\u00e9e exig\u00e9e par les \u00e9tablissements m\u00e9dicaux et cliniques. Ce r\u00e9frig\u00e9rateur m\u00e9dical est l'option id\u00e9ale pour stocker des produits sensibles \u00e0 la temp\u00e9rature. L'air frais est distribu\u00e9 uniform\u00e9ment et reste constant, gr\u00e2ce \u00e0 un ventilateur interne \u00e0 air puls\u00e9 et \u00e0 des \u00e9tag\u00e8res en fil m\u00e9tallique. En outre, l'enregistreur de temp\u00e9rature int\u00e9gr\u00e9 mesure la temp\u00e9rature interne toutes les 10 minutes et enregistre les relev\u00e9s. Ces donn\u00e9es sont enregistr\u00e9es dans un fichier .csv et peuvent \u00eatre extraites via USB \u00e0 votre convenance. La s\u00e9curit\u00e9 du produit est facilement r\u00e9gul\u00e9e gr\u00e2ce \u00e0 son alarme haute\/basse, qui se d\u00e9clenche lorsque la temp\u00e9rature s'\u00e9l\u00e8ve ou descend en dehors de la plage d\u00e9finie, et \u00e0 la serrure de porte \u00e0 cl\u00e9. Enfin, cette unit\u00e9 offre un aspect et des performances professionnels avec un \u00e9clairage LED et un cordon d'alimentation de qualit\u00e9 hospitali\u00e8re","robots":{"index":"index","follow":"follow","max-snippet":"max-snippet:-1","max-image-preview":"max-image-preview:large","max-video-preview":"max-video-preview:-1"},"canonical":"https:\/\/www.danby.com\/fr\/products\/medical-fridges\/dh016a1w-d\/","og_locale":"fr_CA","og_type":"article","og_title":"Danby Sant\u00e9 DH016A1W 1,6 cu. R\u00e9frig\u00e9rateur m\u00e9dical de 5,5 pi3 en blanc - DH016A1W-D | Danby Canada","og_description":"Le r\u00e9frig\u00e9rateur pharmaceutique Danby Health associe une technologie innovante et une fiabilit\u00e9 \u00e9prouv\u00e9e exig\u00e9e par les \u00e9tablissements m\u00e9dicaux et cliniques. Ce r\u00e9frig\u00e9rateur m\u00e9dical est l'option id\u00e9ale pour stocker des produits sensibles \u00e0 la temp\u00e9rature. L'air frais est distribu\u00e9 uniform\u00e9ment et reste constant, gr\u00e2ce \u00e0 un ventilateur interne \u00e0 air puls\u00e9 et \u00e0 des \u00e9tag\u00e8res en fil m\u00e9tallique. En outre, l'enregistreur de temp\u00e9rature int\u00e9gr\u00e9 mesure la temp\u00e9rature interne toutes les 10 minutes et enregistre les relev\u00e9s. Ces donn\u00e9es sont enregistr\u00e9es dans un fichier .csv et peuvent \u00eatre extraites via USB \u00e0 votre convenance. La s\u00e9curit\u00e9 du produit est facilement r\u00e9gul\u00e9e gr\u00e2ce \u00e0 son alarme haute\/basse, qui se d\u00e9clenche lorsque la temp\u00e9rature s'\u00e9l\u00e8ve ou descend en dehors de la plage d\u00e9finie, et \u00e0 la serrure de porte \u00e0 cl\u00e9. Enfin, cette unit\u00e9 offre un aspect et des performances professionnels avec un \u00e9clairage LED et un cordon d'alimentation de qualit\u00e9 hospitali\u00e8re","og_url":"https:\/\/www.danby.com\/fr\/products\/medical-fridges\/dh016a1w-d\/","og_site_name":"Danby - Canada - French","article_publisher":"https:\/\/www.facebook.com\/DanbyAppliances","article_modified_time":"2023-11-15T20:45:47+00:00","og_image":[{"width":909,"height":1024,"url":"https:\/\/cdnweb.danby.com\/wp-content\/uploads\/sites\/2\/2023\/04\/28200148\/DH016A1W_Front_Handle-909x1024.jpg","type":"image\/jpeg"}],"twitter_card":"summary_large_image","twitter_site":"@DanbyAppliance","schema":{"@context":"https:\/\/schema.org","@graph":[{"@type":["WebPage","ItemPage"],"url":"https:\/\/www.danby.com\/fr\/products\/medical-fridges\/dh016a1w-d\/","name":"Danby Sant\u00e9 DH016A1W 1,6 cu. R\u00e9frig\u00e9rateur m\u00e9dical de 5,5 pi3 en blanc - DH016A1W-D | Danby Canada","isPartOf":[],"primaryImageOfPage":[],"image":[],"thumbnailUrl":"https:\/\/cdnweb.danby.com\/wp-content\/uploads\/sites\/2\/2023\/04\/28200148\/DH016A1W_Front_Handle-909x1024.jpg","datePublished":"2022-02-03T19:18:14+00:00","dateModified":"2023-11-15T20:45:47+00:00","description":"Le r\u00e9frig\u00e9rateur pharmaceutique Danby Health associe une technologie innovante et une fiabilit\u00e9 \u00e9prouv\u00e9e exig\u00e9e par les \u00e9tablissements m\u00e9dicaux et cliniques. Ce r\u00e9frig\u00e9rateur m\u00e9dical est l'option id\u00e9ale pour stocker des produits sensibles \u00e0 la temp\u00e9rature. L'air frais est distribu\u00e9 uniform\u00e9ment et reste constant, gr\u00e2ce \u00e0 un ventilateur interne \u00e0 air puls\u00e9 et \u00e0 des \u00e9tag\u00e8res en fil m\u00e9tallique. En outre, l'enregistreur de temp\u00e9rature int\u00e9gr\u00e9 mesure la temp\u00e9rature interne toutes les 10 minutes et enregistre les relev\u00e9s. Ces donn\u00e9es sont enregistr\u00e9es dans un fichier .csv et peuvent \u00eatre extraites via USB \u00e0 votre convenance. La s\u00e9curit\u00e9 du produit est facilement r\u00e9gul\u00e9e gr\u00e2ce \u00e0 son alarme haute\/basse, qui se d\u00e9clenche lorsque la temp\u00e9rature s'\u00e9l\u00e8ve ou descend en dehors de la plage d\u00e9finie, et \u00e0 la serrure de porte \u00e0 cl\u00e9. Enfin, cette unit\u00e9 offre un aspect et des performances professionnels avec un \u00e9clairage LED et un cordon d'alimentation de qualit\u00e9 hospitali\u00e8re","breadcrumb":[],"inLanguage":"fr-CA","potentialAction":[{"@type":"ReadAction","target":["https:\/\/www.danby.com\/fr\/products\/medical-fridges\/dh016a1w-d\/"]}]},{"@type":"ImageObject","inLanguage":"fr-CA","url":"https:\/\/cdnweb.danby.com\/wp-content\/uploads\/sites\/2\/2023\/04\/28200148\/DH016A1W_Front_Handle-909x1024.jpg","contentUrl":"https:\/\/cdnweb.danby.com\/wp-content\/uploads\/sites\/2\/2023\/04\/28200148\/DH016A1W_Front_Handle-909x1024.jpg","width":909,"height":1024},{"@type":"BreadcrumbList","itemListElement":[{"@type":"ListItem","position":1,"name":"Home","item":"https:\/\/www.danby.com\/fr\/"},{"@type":"ListItem","position":2,"name":"Boutique","item":"https:\/\/www.danby.com\/fr\/boutique\/"},{"@type":"ListItem","position":3,"name":"Danby Sant\u00e9 DH016A1W 1,6 cu. R\u00e9frig\u00e9rateur m\u00e9dical de 5,5 pi3 en blanc"}]},{"@type":"WebSite","url":"https:\/\/www.danby.com\/fr\/","name":"Danby - Canada - French","description":"Leader dans le domaine de la r\u00e9frig\u00e9ration et des appareils sp\u00e9cialis\u00e9s","publisher":[],"potentialAction":[{"@type":"SearchAction","target":{"@type":"EntryPoint","urlTemplate":"https:\/\/www.danby.com\/fr\/?s={search_term_string}"},"query-input":{"@type":"PropertyValueSpecification","valueRequired":true,"valueName":"search_term_string"}}],"inLanguage":"fr-CA"},{"@type":"Organization","name":"Danby Appliances","url":"https:\/\/www.danby.com\/fr\/","logo":{"@type":"ImageObject","inLanguage":"fr-CA","url":"https:\/\/cdnweb.danby.com\/wp-content\/uploads\/sites\/2\/2022\/02\/10141906\/Danby75Ans_Blue.png","contentUrl":"https:\/\/cdnweb.danby.com\/wp-content\/uploads\/sites\/2\/2022\/02\/10141906\/Danby75Ans_Blue.png","width":470,"height":110,"caption":"Danby Appliances"},"image":[],"sameAs":["https:\/\/www.facebook.com\/DanbyAppliances","https:\/\/x.com\/DanbyAppliance","https:\/\/instagram.com\/danbyappliances\/","https:\/\/www.linkedin.com\/company\/danbyappliances","https:\/\/www.pinterest.ca\/danbyappliances\/","https:\/\/www.youtube.com\/user\/DanbyProducts","https:\/\/en.wikipedia.org\/wiki\/Danby_(appliances)"]}]}},"post_mailing_queue_ids":[],"_links":{"self":[{"href":"https:\/\/www.danby.com\/fr\/wp-json\/wp\/v2\/product\/4991","targetHints":{"allow":["GET"]}}],"collection":[{"href":"https:\/\/www.danby.com\/fr\/wp-json\/wp\/v2\/product"}],"about":[{"href":"https:\/\/www.danby.com\/fr\/wp-json\/wp\/v2\/types\/product"}],"replies":[{"embeddable":true,"href":"https:\/\/www.danby.com\/fr\/wp-json\/wp\/v2\/comments?post=4991"}],"wp:featuredmedia":[{"embeddable":true,"href":"https:\/\/www.danby.com\/fr\/wp-json\/wp\/v2\/media\/21886"}],"wp:attachment":[{"href":"https:\/\/www.danby.com\/fr\/wp-json\/wp\/v2\/media?parent=4991"}],"wp:term":[{"taxonomy":"product_brand","embeddable":true,"href":"https:\/\/www.danby.com\/fr\/wp-json\/wp\/v2\/product_brand?post=4991"},{"taxonomy":"product_cat","embeddable":true,"href":"https:\/\/www.danby.com\/fr\/wp-json\/wp\/v2\/product_cat?post=4991"},{"taxonomy":"product_tag","embeddable":true,"href":"https:\/\/www.danby.com\/fr\/wp-json\/wp\/v2\/product_tag?post=4991"}],"curies":[{"name":"wp","href":"https:\/\/api.w.org\/{rel}","templated":true}]}}